{"id":1080,"date":"2020-03-07T11:28:33","date_gmt":"2020-03-07T11:28:33","guid":{"rendered":"https:\/\/www.centsys.co.za\/fr\/?page_id=1080"},"modified":"2024-05-23T14:38:01","modified_gmt":"2024-05-23T12:38:01","slug":"smartguardair","status":"publish","type":"page","link":"https:\/\/www.centsys.com\/demo002\/smartguardair\/","title":{"rendered":"SMARTGUARDair"},"content":{"rendered":"<p>[et_pb_section fb_built=&#8221;1&#8243; fullwidth=&#8221;on&#8221; _builder_version=&#8221;4.16&#8243; background_enable_image=&#8221;off&#8221; locked=&#8221;off&#8221; global_colors_info=&#8221;{}&#8221;][et_pb_fullwidth_header title=&#8221;S\u00c9CURIT\u00c9 SANS CL\u00c9, SANS FIL ET SANS EFFORT&#8221; _builder_version=&#8221;4.16&#8243; title_font=&#8221;Verdana|700||on|||||&#8221; title_text_align=&#8221;right&#8221; title_text_color=&#8221;#81c341&#8243; title_font_size=&#8221;46px&#8221; content_font=&#8221;Verdana||||||||&#8221; content_text_align=&#8221;right&#8221; content_text_color=&#8221;#6d6e71&#8243; content_font_size=&#8221;18px&#8221; background_enable_color=&#8221;off&#8221; background_image=&#8221;https:\/\/www.centsys.com\/demo002\/wp-content\/uploads\/2020\/03\/SMARTGUARDair.jpg&#8221; background_layout=&#8221;light&#8221; width=&#8221;100{b9f1a820be3d81834e54a7fd91d7ea557d10675802c96376b4de0df52dd4704d}&#8221; max_width=&#8221;100{b9f1a820be3d81834e54a7fd91d7ea557d10675802c96376b4de0df52dd4704d}&#8221; custom_margin=&#8221;||||false|false&#8221; custom_padding=&#8221;9{b275702fb50eb40ce127199ba0c14ed5c48ee57d6f0451ec33debc284b28b4f4}||9{b275702fb50eb40ce127199ba0c14ed5c48ee57d6f0451ec33debc284b28b4f4}|20{b275702fb50eb40ce127199ba0c14ed5c48ee57d6f0451ec33debc284b28b4f4}|true|false&#8221; custom_padding_tablet=&#8221;|||10{b275702fb50eb40ce127199ba0c14ed5c48ee57d6f0451ec33debc284b28b4f4}|true|false&#8221; custom_padding_phone=&#8221;9{b275702fb50eb40ce127199ba0c14ed5c48ee57d6f0451ec33debc284b28b4f4}||9{b275702fb50eb40ce127199ba0c14ed5c48ee57d6f0451ec33debc284b28b4f4}|0{b275702fb50eb40ce127199ba0c14ed5c48ee57d6f0451ec33debc284b28b4f4}|true|false&#8221; custom_padding_last_edited=&#8221;on|tablet&#8221; title_font_size_tablet=&#8221;&#8221; title_font_size_phone=&#8221;36px&#8221; title_font_size_last_edited=&#8221;on|phone&#8221; content_font_size_tablet=&#8221;&#8221; content_font_size_phone=&#8221;14px&#8221; content_font_size_last_edited=&#8221;on|phone&#8221; global_colors_info=&#8221;{}&#8221;]<\/p>\n<p>Syst\u00e8me de contr\u00f4le d\u2019access au clavier sans fil SMARTGUARDair<\/p>\n<p>[\/et_pb_fullwidth_header][\/et_pb_section][et_pb_section fb_built=&#8221;1&#8243; fullwidth=&#8221;on&#8221; _builder_version=&#8221;4.20.4&#8243; background_color=&#8221;#e5e5e5&#8243; use_background_color_gradient=&#8221;on&#8221; background_color_gradient_stops=&#8221;#e5e5e5 0%|#e5e5e5 100%&#8221; background_color_gradient_start=&#8221;#e5e5e5&#8243; background_color_gradient_end=&#8221;#e5e5e5&#8243; transform_translate=&#8221;-13px|269px&#8221; background_color_gradient_stops_tablet=&#8221;#e5e5e5 0%|#e5e5e5 100%&#8221; background_color_gradient_stops_phone=&#8221;#e5e5e5 0%|#e5e5e5 100%&#8221; global_module=&#8221;5513&#8243; global_colors_info=&#8221;{}&#8221;][et_pb_fullwidth_code _builder_version=&#8221;4.20.4&#8243; _module_preset=&#8221;default&#8221; global_colors_info=&#8221;{}&#8221;]<span><span><a href=\"https:\/\/www.centsys.com\/demo002\/\">ACCUEIL<\/a><\/span><\/span>[\/et_pb_fullwidth_code][\/et_pb_section][et_pb_section fb_built=&#8221;1&#8243; _builder_version=&#8221;4.16&#8243; locked=&#8221;off&#8221; global_colors_info=&#8221;{}&#8221;][et_pb_row _builder_version=&#8221;4.16&#8243; global_colors_info=&#8221;{}&#8221;][et_pb_column type=&#8221;4_4&#8243; _builder_version=&#8221;4.16&#8243; global_colors_info=&#8221;{}&#8221;][et_pb_text _builder_version=&#8221;4.16&#8243; global_colors_info=&#8221;{}&#8221;]<\/p>\n<h1 class=\"p1\" style=\"text-align: center;\">SMARTGUARDair &#8211; CLAVIER NUMERIQUE DE CONTR\u00d4LE D&#8217;ACC\u00c8S SANS FIL<\/h1>\n<p class=\"p1\" style=\"text-align: center;\">Pour le contr\u00f4le d\u2019acc\u00e8s autonome \u00e0 l\u2019entr\u00e9e d\u2019une propri\u00e9t\u00e9 ou \u00e0 l\u2019int\u00e9rieur d\u2019un b\u00e2timent, CENTURION propose le clavier de contr\u00f4le d\u2019acc\u00e8s sans fil <strong>SMARTGUARDair<\/strong> qui offre une fonctionnalit\u00e9 et une fiabilit\u00e9 in\u00e9gal\u00e9es. Le clavier <strong>SMARTGUARDair<\/strong> prend en charge jusqu&#8217;\u00e0 1 000 codes PIN uniques avec une longueur d\u00e9finie par l&#8217;utilisateur de un \u00e0 dix chiffres. Il y a 15 canaux s\u00e9par\u00e9s, chacun pouvant \u00eatre programm\u00e9 avec n&#8217;importe quel r\u00e9cepteur NOVA de CENTURION. Cette fonctionnalit\u00e9 s\u2019adapte \u00e0 de nombreux sc\u00e9narios diff\u00e9rents, par exemple: un portail d\u2019entr\u00e9e motoris\u00e9, ou activer l\u2019ouverture pi\u00e9tonne, et activer l\u2019alarme. Le clavier dispose \u00e9galement d\u2019un \u201ccompteur d\u00e9gressif\u201d qui permet de s\u00e9lectionner des codes pour un nombre limit\u00e9 d\u2019utilisations. Ceci est id\u00e9al pour accorder un acc\u00e8s ad hoc, par exemple \u00e0 une soci\u00e9t\u00e9 d\u2019intervention arm\u00e9e dont le code s\u2019efface apr\u00e8s utilisation. Le m\u00eame module de m\u00e9moire que celui utilis\u00e9 sur le moteur de portail coulissant industriel D10 peut \u00e9galement \u00eatre utilis\u00e9 sur le <strong>SMARTGUARDair<\/strong>, ce qui permet de sauvegarder et de restaurer tous les r\u00e9glages et codes en quelques secondes.<\/p>\n<p>[\/et_pb_text][\/et_pb_column][\/et_pb_row][et_pb_row _builder_version=&#8221;4.16&#8243; custom_padding=&#8221;||0px|||&#8221; global_colors_info=&#8221;{}&#8221;][et_pb_column type=&#8221;4_4&#8243; _builder_version=&#8221;4.16&#8243; global_colors_info=&#8221;{}&#8221;][et_pb_image src=&#8221;https:\/\/www.centsys.com\/demo002\/img\/SmartGuard%20Air\/Clavier%20numerique%20de%20contr%C3%B4le%20d&#8217;acc%C3%A8s%20CENTURION%20SmartGuard.jpg&#8221; align=&#8221;center&#8221; _builder_version=&#8221;4.16&#8243; global_colors_info=&#8221;{}&#8221;][\/et_pb_image][\/et_pb_column][\/et_pb_row][et_pb_row column_structure=&#8221;2_3,1_3&#8243; _builder_version=&#8221;4.16&#8243; locked=&#8221;off&#8221; global_colors_info=&#8221;{}&#8221;][et_pb_column type=&#8221;2_3&#8243; _builder_version=&#8221;4.16&#8243; global_colors_info=&#8221;{}&#8221;][et_pb_text _builder_version=&#8221;4.16&#8243; global_colors_info=&#8221;{}&#8221;]<\/p>\n<h5 class=\"p1\">CARACT\u00c9RISTIQUES PRINCIPALES:<\/h5>\n<ul>\n<li class=\"p1\">SMARTGUARDair pour les installations sans fil<\/li>\n<li class=\"p1\">1000 codes uniques pouvant aller jusqu\u2019 \u00e0 dix num\u00e9ro par code<\/li>\n<li class=\"p1\">15 sorties auxiliaires<\/li>\n<li class=\"p1\">Ajouter et supprimer s\u00e9lectivement les codes utilisateurs<\/li>\n<li class=\"p1\">Sauvegarde de la m\u00e9moire fiable<\/li>\n<li class=\"p1\">R\u00e9sistant aux intemp\u00e9ries avec un clavier r\u00e9tro\u00e9clair\u00e9<\/li>\n<li class=\"p1\">Ecran de protection anti-coup facultatif pour le clavier<\/li>\n<li class=\"p1\">Deux pille AA (Alcaline) qui ont une dur\u00e9e de deux ans avec 300 op\u00e9rations la journ\u00e9e ou une alimentation 12V s\u00e9par\u00e9e\u00a0<\/li>\n<li class=\"p1\">Distance d\u2019op\u00e9ration de 30 m\u00e8tres\u00a0<\/li>\n<li class=\"p1\">Compatible avec le r\u00e9cepteur CENTURION<\/li>\n<\/ul>\n<p>[\/et_pb_text][\/et_pb_column][et_pb_column type=&#8221;1_3&#8243; _builder_version=&#8221;4.16&#8243; global_colors_info=&#8221;{}&#8221;][et_pb_image src=&#8221;https:\/\/www.centsys.com\/demo002\/img\/SmartGuard Air\/Logo &#8211; Clavier numerique de contr\u00f4le d&#8217;acc\u00e8s sans fil CENTURION SmartGuard Air.png&#8221; _builder_version=&#8221;4.16&#8243; min_height=&#8221;276px&#8221; custom_margin=&#8221;-28px||-80px|||&#8221; custom_padding=&#8221;0px||0px||false|false&#8221; global_colors_info=&#8221;{}&#8221;][\/et_pb_image][et_pb_button button_url=&#8221;https:\/\/www.centsys.com\/demo002\/pdf\/Centurion%20Systems%20SMARTGUARD%20brochure%20FR.pdf&#8221; url_new_window=&#8221;on&#8221; button_text=&#8221;BROCHURE&#8221; button_alignment=&#8221;center&#8221; _builder_version=&#8221;4.23.1&#8243; custom_padding=&#8221;0px|||||&#8221; global_colors_info=&#8221;{}&#8221;][\/et_pb_button][et_pb_button button_url=&#8221;https:\/\/www.centsys.com\/demo002\/pdf\/smartguard\/1029.D.01.0003-SMARTGUARD%20air%20user%20manual%20FRENCH%2001082017BM.pdf&#8221; url_new_window=&#8221;on&#8221; button_text=&#8221;INSTRUCTIONS DE FONCTIONNEMENT&#8221; button_alignment=&#8221;center&#8221; _builder_version=&#8221;4.23.1&#8243; custom_padding=&#8221;0px|||||&#8221; global_colors_info=&#8221;{}&#8221;][\/et_pb_button][\/et_pb_column][\/et_pb_row][et_pb_row column_structure=&#8221;1_3,1_3,1_3&#8243; _builder_version=&#8221;4.16&#8243; global_colors_info=&#8221;{}&#8221;][et_pb_column type=&#8221;1_3&#8243; _builder_version=&#8221;4.16&#8243; global_colors_info=&#8221;{}&#8221;][et_pb_image src=&#8221;https:\/\/www.centsys.com\/demo002\/img\/SmartGuard%20Air\/Clavier%20numerique%20de%20contr%C3%B4le%20d&#8217;acc%C3%A8s%20sans%20fil%20CENTURION%20SmartGuard%20Air%20en%20moteur%20portail%20coulissant%20CENTURION%20D5-Evo.png&#8221; show_in_lightbox=&#8221;on&#8221; align=&#8221;center&#8221; _builder_version=&#8221;4.16&#8243; width=&#8221;100{b9f1a820be3d81834e54a7fd91d7ea557d10675802c96376b4de0df52dd4704d}&#8221; global_colors_info=&#8221;{}&#8221;][\/et_pb_image][\/et_pb_column][et_pb_column type=&#8221;1_3&#8243; _builder_version=&#8221;4.16&#8243; global_colors_info=&#8221;{}&#8221;][et_pb_image src=&#8221;https:\/\/www.centsys.com\/demo002\/img\/SmartGuard%20Air\/Clavier%20numerique%20de%20contr%C3%B4le%20d&#8217;acc%C3%A8s%20sans%20fil%20CENTURION%20SmartGuard%20Air.png&#8221; show_in_lightbox=&#8221;on&#8221; align=&#8221;center&#8221; _builder_version=&#8221;4.16&#8243; width=&#8221;100{b9f1a820be3d81834e54a7fd91d7ea557d10675802c96376b4de0df52dd4704d}&#8221; global_colors_info=&#8221;{}&#8221;][\/et_pb_image][\/et_pb_column][et_pb_column type=&#8221;1_3&#8243; _builder_version=&#8221;4.16&#8243; global_colors_info=&#8221;{}&#8221;][et_pb_image src=&#8221;https:\/\/www.centsys.com\/demo002\/img\/SmartGuard%20Air\/Clavier%20numerique%20de%20contr%C3%B4le%20d&#8217;acc%C3%A8s%20sans%20fil%20CENTURION%20SmartGuard%20Air..png&#8221; show_in_lightbox=&#8221;on&#8221; align=&#8221;center&#8221; _builder_version=&#8221;4.16&#8243; width=&#8221;100{b9f1a820be3d81834e54a7fd91d7ea557d10675802c96376b4de0df52dd4704d}&#8221; global_colors_info=&#8221;{}&#8221;][\/et_pb_image][\/et_pb_column][\/et_pb_row][\/et_pb_section][et_pb_section fb_built=&#8221;1&#8243; fullwidth=&#8221;on&#8221; admin_label=&#8221;THIS IS THE MID SECTION BANNER SITE WIDE&#8221; _builder_version=&#8221;4.24.0&#8243; _module_preset=&#8221;default&#8221; global_colors_info=&#8221;{}&#8221; global_module=&#8221;25449&#8243; theme_builder_area=&#8221;post_content&#8221;][et_pb_fullwidth_image src=&#8221;https:\/\/www.centsys.com\/demo002\/img\/Home%20Page\/Motorisations%20pour%20portails%20CENTURION%20SMART%20S%C3%A9rie%20D_Mid.jpg&#8221; url=&#8221;https:\/\/www.centsys.com\/demo002&#8243; url_new_window=&#8221;on&#8221; admin_label=&#8221;FOOTER_SITE WIDE&#8221; _builder_version=&#8221;4.25.0&#8243; _module_preset=&#8221;default&#8221; global_colors_info=&#8221;{}&#8221; theme_builder_area=&#8221;post_content&#8221;][\/et_pb_fullwidth_image][et_pb_fullwidth_header button_one_text=&#8221;Contactez-nous&#8221; button_one_url=&#8221;https:\/\/www.centsys.com\/demo002\/coordonnees\/&#8221; button_two_text=&#8221;Support Technique&#8221; button_two_url=&#8221;https:\/\/www.centsys.com\/demo002\/support-technique\/&#8221; _builder_version=&#8221;4.25.0&#8243; _module_preset=&#8221;default&#8221; background_color=&#8221;#c1c1c1&#8243; custom_button_one=&#8221;on&#8221; button_one_text_color=&#8221;#FFFFFF&#8221; button_one_bg_color=&#8221;#999999&#8243; button_one_border_color=&#8221;#999999&#8243; custom_button_two=&#8221;on&#8221; button_two_text_color=&#8221;#FFFFFF&#8221; button_two_bg_color=&#8221;#999999&#8243; button_two_border_color=&#8221;#999999&#8243; custom_margin=&#8221;||-4px|||&#8221; custom_padding=&#8221;6px||17px|||&#8221; button_two_bg_color_tablet=&#8221;#999999&#8243; button_two_bg_color_phone=&#8221;#999999&#8243; button_two_bg_color_last_edited=&#8221;on|desktop&#8221; global_colors_info=&#8221;{}&#8221; button_one_bg_color__hover_enabled=&#8221;on|desktop&#8221; button_one_bg_color__hover=&#8221;#81c341&#8243; button_one_bg_enable_color__hover=&#8221;on&#8221; button_one_border_color__hover_enabled=&#8221;on|hover&#8221; button_one_border_color__hover=&#8221;#81c341&#8243; button_two_bg_color__hover_enabled=&#8221;on|hover&#8221; button_two_bg_color__hover=&#8221;#81c341&#8243; button_two_bg_enable_color__hover=&#8221;on&#8221; button_two_border_color__hover_enabled=&#8221;on|hover&#8221; button_two_border_color__hover=&#8221;#81c341&#8243; theme_builder_area=&#8221;post_content&#8221;][\/et_pb_fullwidth_header][\/et_pb_section]<\/p>\n","protected":false},"excerpt":{"rendered":"<p>Syst\u00e8me de contr\u00f4le d\u2019access au clavier sans fil SMARTGUARDair<span><span><a href=\"https:\/\/www.centsys.com\/demo002\/\">ACCUEIL<\/a><\/span><\/span>SMARTGUARDair &#8211; CLAVIER NUMERIQUE DE CONTR\u00d4LE D&#8217;ACC\u00c8S SANS FIL Pour le contr\u00f4le d\u2019acc\u00e8s autonome \u00e0 l\u2019entr\u00e9e d\u2019une propri\u00e9t\u00e9 ou \u00e0 l\u2019int\u00e9rieur d\u2019un b\u00e2timent, CENTURION propose le clavier de contr\u00f4le d\u2019acc\u00e8s sans fil SMARTGUARDair qui offre une fonctionnalit\u00e9 et une fiabilit\u00e9 in\u00e9gal\u00e9es. Le clavier SMARTGUARDair prend en charge [&hellip;]<\/p>\n","protected":false},"author":1,"featured_media":0,"parent":0,"menu_order":0,"comment_status":"closed","ping_status":"closed","template":"","meta":{"_et_pb_use_builder":"on","_et_pb_old_content":"","_et_gb_content_width":"","_joinchat":[],"footnotes":""},"class_list":["post-1080","page","type-page","status-publish","hentry"],"yoast_head":"<!-- This site is optimized with the Yoast SEO Premium plugin v27.3 (Yoast SEO v27.4) - https:\/\/yoast.com\/product\/yoast-seo-premium-wordpress\/ -->\r\n<title>Clavier de contr\u00f4le d&#039;acc\u00e8s sans fil - SMARTGUARDair de CENTURION<\/title>\r\n<meta name=\"description\" content=\"La gamme de claviers de contr\u00f4le d&#039;acc\u00e8s SMARTGUARDair est disponible dans un mod\u00e8le c\u00e2bl\u00e9 et enti\u00e8rement sans fil et offre une haute s\u00e9curit\u00e9.\" \/>\r\n<meta name=\"robots\" content=\"index, follow, max-snippet:-1, max-image-preview:large, max-video-preview:-1\" \/>\r\n<link rel=\"canonical\" href=\"https:\/\/www.centsys.com\/demo002\/smartguardair\/\" \/>\r\n<meta property=\"og:locale\" content=\"en_US\" \/>\r\n<meta property=\"og:type\" content=\"article\" \/>\r\n<meta property=\"og:title\" content=\"SMARTGUARDair\" \/>\r\n<meta property=\"og:description\" content=\"La gamme de claviers de contr\u00f4le d&#039;acc\u00e8s SMARTGUARDair est disponible dans un mod\u00e8le c\u00e2bl\u00e9 et enti\u00e8rement sans fil et offre une haute s\u00e9curit\u00e9.\" \/>\r\n<meta property=\"og:url\" content=\"https:\/\/www.centsys.com\/demo002\/smartguardair\/\" \/>\r\n<meta property=\"og:site_name\" content=\"Centurion Systems French\" \/>\r\n<meta property=\"article:modified_time\" content=\"2024-05-23T12:38:01+00:00\" \/>\r\n<meta name=\"twitter:card\" content=\"summary_large_image\" \/>\r\n<meta name=\"twitter:label1\" content=\"Est. reading time\" \/>\n\t<meta name=\"twitter:data1\" content=\"3 minutes\" \/>\r\n<script type=\"application\/ld+json\" class=\"yoast-schema-graph\">{\"@context\":\"https:\\\/\\\/schema.org\",\"@graph\":[{\"@type\":\"WebPage\",\"@id\":\"https:\\\/\\\/www.centsys.com\\\/demo002\\\/smartguardair\\\/\",\"url\":\"https:\\\/\\\/www.centsys.com\\\/demo002\\\/smartguardair\\\/\",\"name\":\"Clavier de contr\u00f4le d'acc\u00e8s sans fil - SMARTGUARDair de CENTURION\",\"isPartOf\":{\"@id\":\"https:\\\/\\\/www.centsys.com\\\/demo002\\\/#website\"},\"datePublished\":\"2020-03-07T11:28:33+00:00\",\"dateModified\":\"2024-05-23T12:38:01+00:00\",\"description\":\"La gamme de claviers de contr\u00f4le d'acc\u00e8s SMARTGUARDair est disponible dans un mod\u00e8le c\u00e2bl\u00e9 et enti\u00e8rement sans fil et offre une haute s\u00e9curit\u00e9.\",\"breadcrumb\":{\"@id\":\"https:\\\/\\\/www.centsys.com\\\/demo002\\\/smartguardair\\\/#breadcrumb\"},\"inLanguage\":\"en-ZA\",\"potentialAction\":[{\"@type\":\"ReadAction\",\"target\":[\"https:\\\/\\\/www.centsys.com\\\/demo002\\\/smartguardair\\\/\"]}]},{\"@type\":\"BreadcrumbList\",\"@id\":\"https:\\\/\\\/www.centsys.com\\\/demo002\\\/smartguardair\\\/#breadcrumb\",\"itemListElement\":[{\"@type\":\"ListItem\",\"position\":1,\"name\":\"ACCUEIL\",\"item\":\"https:\\\/\\\/www.centsys.com\\\/demo002\\\/\"},{\"@type\":\"ListItem\",\"position\":2,\"name\":\"SMARTGUARDair\"}]},{\"@type\":\"WebSite\",\"@id\":\"https:\\\/\\\/www.centsys.com\\\/demo002\\\/#website\",\"url\":\"https:\\\/\\\/www.centsys.com\\\/demo002\\\/\",\"name\":\"Centurion Systems French\",\"description\":\"Produits D\u2019automatisation D\u2019acc\u00e8s\",\"potentialAction\":[{\"@type\":\"SearchAction\",\"target\":{\"@type\":\"EntryPoint\",\"urlTemplate\":\"https:\\\/\\\/www.centsys.com\\\/demo002\\\/?s={search_term_string}\"},\"query-input\":{\"@type\":\"PropertyValueSpecification\",\"valueRequired\":true,\"valueName\":\"search_term_string\"}}],\"inLanguage\":\"en-ZA\"}]}<\/script>\r\n<!-- \/ Yoast SEO Premium plugin. -->","yoast_head_json":{"title":"Clavier de contr\u00f4le d'acc\u00e8s sans fil - SMARTGUARDair de CENTURION","description":"La gamme de claviers de contr\u00f4le d'acc\u00e8s SMARTGUARDair est disponible dans un mod\u00e8le c\u00e2bl\u00e9 et enti\u00e8rement sans fil et offre une haute s\u00e9curit\u00e9.","robots":{"index":"index","follow":"follow","max-snippet":"max-snippet:-1","max-image-preview":"max-image-preview:large","max-video-preview":"max-video-preview:-1"},"canonical":"https:\/\/www.centsys.com\/demo002\/smartguardair\/","og_locale":"en_US","og_type":"article","og_title":"SMARTGUARDair","og_description":"La gamme de claviers de contr\u00f4le d'acc\u00e8s SMARTGUARDair est disponible dans un mod\u00e8le c\u00e2bl\u00e9 et enti\u00e8rement sans fil et offre une haute s\u00e9curit\u00e9.","og_url":"https:\/\/www.centsys.com\/demo002\/smartguardair\/","og_site_name":"Centurion Systems French","article_modified_time":"2024-05-23T12:38:01+00:00","twitter_card":"summary_large_image","twitter_misc":{"Est. reading time":"3 minutes"},"schema":{"@context":"https:\/\/schema.org","@graph":[{"@type":"WebPage","@id":"https:\/\/www.centsys.com\/demo002\/smartguardair\/","url":"https:\/\/www.centsys.com\/demo002\/smartguardair\/","name":"Clavier de contr\u00f4le d'acc\u00e8s sans fil - SMARTGUARDair de CENTURION","isPartOf":{"@id":"https:\/\/www.centsys.com\/demo002\/#website"},"datePublished":"2020-03-07T11:28:33+00:00","dateModified":"2024-05-23T12:38:01+00:00","description":"La gamme de claviers de contr\u00f4le d'acc\u00e8s SMARTGUARDair est disponible dans un mod\u00e8le c\u00e2bl\u00e9 et enti\u00e8rement sans fil et offre une haute s\u00e9curit\u00e9.","breadcrumb":{"@id":"https:\/\/www.centsys.com\/demo002\/smartguardair\/#breadcrumb"},"inLanguage":"en-ZA","potentialAction":[{"@type":"ReadAction","target":["https:\/\/www.centsys.com\/demo002\/smartguardair\/"]}]},{"@type":"BreadcrumbList","@id":"https:\/\/www.centsys.com\/demo002\/smartguardair\/#breadcrumb","itemListElement":[{"@type":"ListItem","position":1,"name":"ACCUEIL","item":"https:\/\/www.centsys.com\/demo002\/"},{"@type":"ListItem","position":2,"name":"SMARTGUARDair"}]},{"@type":"WebSite","@id":"https:\/\/www.centsys.com\/demo002\/#website","url":"https:\/\/www.centsys.com\/demo002\/","name":"Centurion Systems French","description":"Produits D\u2019automatisation D\u2019acc\u00e8s","potentialAction":[{"@type":"SearchAction","target":{"@type":"EntryPoint","urlTemplate":"https:\/\/www.centsys.com\/demo002\/?s={search_term_string}"},"query-input":{"@type":"PropertyValueSpecification","valueRequired":true,"valueName":"search_term_string"}}],"inLanguage":"en-ZA"}]}},"_links":{"self":[{"href":"https:\/\/www.centsys.com\/demo002\/wp-json\/wp\/v2\/pages\/1080","targetHints":{"allow":["GET"]}}],"collection":[{"href":"https:\/\/www.centsys.com\/demo002\/wp-json\/wp\/v2\/pages"}],"about":[{"href":"https:\/\/www.centsys.com\/demo002\/wp-json\/wp\/v2\/types\/page"}],"author":[{"embeddable":true,"href":"https:\/\/www.centsys.com\/demo002\/wp-json\/wp\/v2\/users\/1"}],"replies":[{"embeddable":true,"href":"https:\/\/www.centsys.com\/demo002\/wp-json\/wp\/v2\/comments?post=1080"}],"version-history":[{"count":0,"href":"https:\/\/www.centsys.com\/demo002\/wp-json\/wp\/v2\/pages\/1080\/revisions"}],"wp:attachment":[{"href":"https:\/\/www.centsys.com\/demo002\/wp-json\/wp\/v2\/media?parent=1080"}],"curies":[{"name":"wp","href":"https:\/\/api.w.org\/{rel}","templated":true}]}}