{"id":1123,"date":"2020-03-09T10:08:56","date_gmt":"2020-03-09T10:08:56","guid":{"rendered":"https:\/\/www.centsys.co.za\/fr\/?page_id=1123"},"modified":"2024-08-15T11:35:03","modified_gmt":"2024-08-15T09:35:03","slug":"moteurs-pour-portail-coulissant","status":"publish","type":"page","link":"https:\/\/www.centsys.com\/demo002\/moteurs-pour-portail-coulissant\/","title":{"rendered":"Moteurs pour portail coulissant"},"content":{"rendered":"<p>[et_pb_section fb_built=&#8221;1&#8243; fullwidth=&#8221;on&#8221; _builder_version=&#8221;4.16&#8243; background_enable_image=&#8221;off&#8221; locked=&#8221;off&#8221; global_colors_info=&#8221;{}&#8221;][et_pb_fullwidth_image src=&#8221;https:\/\/www.centsys.com\/demo002\/img\/Moteurs%20pour%20portail%20coulissant%20CENTURION.jpg&#8221; _builder_version=&#8221;4.25.2&#8243; _module_preset=&#8221;default&#8221; global_colors_info=&#8221;{}&#8221;][\/et_pb_fullwidth_image][\/et_pb_section][et_pb_section fb_built=&#8221;1&#8243; fullwidth=&#8221;on&#8221; _builder_version=&#8221;4.20.4&#8243; background_color=&#8221;#e5e5e5&#8243; use_background_color_gradient=&#8221;on&#8221; background_color_gradient_stops=&#8221;#e5e5e5 0%|#e5e5e5 100%&#8221; background_color_gradient_start=&#8221;#e5e5e5&#8243; background_color_gradient_end=&#8221;#e5e5e5&#8243; transform_translate=&#8221;-13px|269px&#8221; background_color_gradient_stops_tablet=&#8221;#e5e5e5 0%|#e5e5e5 100%&#8221; background_color_gradient_stops_phone=&#8221;#e5e5e5 0%|#e5e5e5 100%&#8221; global_module=&#8221;5513&#8243; global_colors_info=&#8221;{}&#8221;][et_pb_fullwidth_code _builder_version=&#8221;4.20.4&#8243; _module_preset=&#8221;default&#8221; global_colors_info=&#8221;{}&#8221;]<span><span><a href=\"https:\/\/www.centsys.com\/demo002\/\">ACCUEIL<\/a><\/span><\/span>[\/et_pb_fullwidth_code][\/et_pb_section][et_pb_section fb_built=&#8221;1&#8243; _builder_version=&#8221;4.16&#8243; global_colors_info=&#8221;{}&#8221;][et_pb_row _builder_version=&#8221;4.16&#8243; global_colors_info=&#8221;{}&#8221;][et_pb_column type=&#8221;4_4&#8243; _builder_version=&#8221;4.16&#8243; global_colors_info=&#8221;{}&#8221;][et_pb_text _builder_version=&#8221;4.27.0&#8243; global_colors_info=&#8221;{}&#8221;]<\/p>\n<h1 style=\"text-align: center;\">Une Entr\u00e9e sans Effort avec les Moteurs de Portails Coulissants de <a href=\"https:\/\/www.centsys.com\/demo002\">CENTURION<\/a><\/h1>\n<p style=\"text-align: center;\">Transformez votre all\u00e9e en un havre de paix s\u00e9curis\u00e9 et pratique gr\u00e2ce aux moteurs de portails coulissants innovants <a href=\"https:\/\/www.centsys.com\/demo002\">de CENTURION<\/a>. D\u00e9couvrez le luxe d&#8217;une entr\u00e9e sans effort lorsque votre portail s&#8217;ouvre en douceur \u00e0 l&#8217;aide d&#8217;une simple t\u00e9l\u00e9commande ou de l&#8217;application pour smartphone <a href=\"https:\/\/www.centsys.com\/demo002\/application-mobile-mycentsys-remote\/\">MyCentsys Remote<\/a>.<\/p>\n<p style=\"text-align: center;\">Nos puissants moteurs de portails coulissants sont con\u00e7us pour fonctionner sans probl\u00e8me. Soyez assur\u00e9 que votre <a href=\"https:\/\/www.centsys.com\/demo002\/moteur-pour-portail-coulissant-residentiel\/\">maison<\/a>, votre <a href=\"https:\/\/www.centsys.com\/demo002\/moteurs-pour-portail-coulissant-industriel\/\">lieu de travail<\/a> ou votre <a href=\"https:\/\/www.centsys.com\/demo002\/moteurs-pour-portail-coulissant-industriel\/\">entreprise <\/a>est prot\u00e9g\u00e9 gr\u00e2ce aux fonctionnalit\u00e9s avanc\u00e9es <a href=\"https:\/\/www.centsys.com\/demo002\">de CENTURION<\/a>, telles que la d\u00e9tection d&#8217;obstacles et l&#8217;int\u00e9gration s\u00e9curis\u00e9e avec les syst\u00e8mes de s\u00e9curit\u00e9 existants.<\/p>\n<p style=\"text-align: center;\">Am\u00e9liorez la s\u00e9curit\u00e9 de votre <a href=\"https:\/\/www.centsys.com\/demo002\/moteur-pour-portail-coulissant-residentiel\/\">maison<\/a>, de votre <a href=\"https:\/\/www.centsys.com\/demo002\/moteurs-pour-portail-coulissant-industriel\/\">lieu de travail<\/a> ou de votre <a href=\"https:\/\/www.centsys.com\/demo002\/moteurs-pour-portail-coulissant-industriel\/\">entreprise <\/a>et profitez de la facilit\u00e9 d&#8217;utilisation quotidienne d&#8217;un moteur de portails coulissants de Centurion Systems.<\/p>\n<p>Votre portail d&#8217;entr\u00e9e coulissant est ce qui vous s\u00e9pare du monde ext\u00e9rieur. C&#8217;est votre premi\u00e8re ligne de d\u00e9fense contre les criminels. Assurez-vous qu&#8217;il est \u00e9quip\u00e9 de ce qu&#8217;il y a de mieux. La gamme de moteurs pour portails coulissants <a href=\"https:\/\/www.centsys.com\/demo002\">CENTURION <\/a>a \u00e9t\u00e9 con\u00e7ue pour offrir le summum de la s\u00e9curit\u00e9 et du confort.<\/p>\n<p>[\/et_pb_text][\/et_pb_column][\/et_pb_row][et_pb_row _builder_version=&#8221;4.27.0&#8243; _module_preset=&#8221;default&#8221; global_colors_info=&#8221;{}&#8221;][et_pb_column type=&#8221;4_4&#8243; _builder_version=&#8221;4.27.0&#8243; _module_preset=&#8221;default&#8221; global_colors_info=&#8221;{}&#8221;][et_pb_text _builder_version=&#8221;4.27.0&#8243; _module_preset=&#8221;default&#8221; global_colors_info=&#8221;{}&#8221;]<\/p>\n<blockquote>\n<h3><a href=\"https:\/\/www.centsys.com\/demo002\/moteur-pour-portail-coulissant-residentiel\/\">Portails coulissants r\u00e9sidentiels et commerciaux l\u00e9gers de CENTURION<\/a><\/h3>\n<\/blockquote>\n<p>[\/et_pb_text][\/et_pb_column][\/et_pb_row][et_pb_row column_structure=&#8221;1_3,1_3,1_3&#8243; _builder_version=&#8221;4.27.0&#8243; _module_preset=&#8221;default&#8221; global_colors_info=&#8221;{}&#8221;][et_pb_column type=&#8221;1_3&#8243; _builder_version=&#8221;4.27.0&#8243; _module_preset=&#8221;default&#8221; global_colors_info=&#8221;{}&#8221;][et_pb_image src=&#8221;https:\/\/www.centsys.com\/demo002\/img\/D3%20SMART\/Centurion-Systems-D3%20SMART_Avant.jpg&#8221; url=&#8221;https:\/\/www.centsys.com\/demo002\/pdf\/smartseries\/1401.D.02.0011%20D-SERIES%20Smart%20Selection%20Guide%20FRENCH_27052024_MT_Web.pdf%20&#8243; url_new_window=&#8221;on&#8221; admin_label=&#8221;D3 SMART&#8221; _builder_version=&#8221;4.27.0&#8243; _module_preset=&#8221;default&#8221; global_colors_info=&#8221;{}&#8221;][\/et_pb_image][et_pb_text _builder_version=&#8221;4.27.0&#8243; _module_preset=&#8221;default&#8221; global_colors_info=&#8221;{}&#8221;]<\/p>\n<h4 style=\"text-align: center;\"><a href=\"https:\/\/www.centsys.com\/fr#\">Le moteur de portail D3 SMART<\/a><\/h4>\n<p style=\"text-align: center;\">SMART s\u00e9curit\u00e9 pour les maisons modernes.<\/p>\n<p>[\/et_pb_text][et_pb_button button_url=&#8221;https:\/\/www.centsys.com\/demo002\/d3-smart-moteur-de-portail-intelligent-pour-les-maisons\/&#8221; button_text=&#8221;VOIR LE PRODUIT&#8221; button_alignment=&#8221;center&#8221; _builder_version=&#8221;4.27.0&#8243; _module_preset=&#8221;default&#8221; transform_translate=&#8221;0px|17px&#8221; transform_translate_linked=&#8221;off&#8221; global_colors_info=&#8221;{}&#8221;][\/et_pb_button][\/et_pb_column][et_pb_column type=&#8221;1_3&#8243; _builder_version=&#8221;4.27.0&#8243; _module_preset=&#8221;default&#8221; global_colors_info=&#8221;{}&#8221;][et_pb_image src=&#8221;https:\/\/www.centsys.com\/demo002\/img\/D5-EVO%20SMART\/Centurion-Systems-D5-EVO-%20SMART_Avant.jpg.jpg&#8221; url=&#8221;https:\/\/www.centsys.com\/demo002\/pdf\/smartseries\/1401.D.02.0011%20D-SERIES%20Smart%20Selection%20Guide%20FRENCH_27052024_MT_Web.pdf%20&#8243; url_new_window=&#8221;on&#8221; admin_label=&#8221;D5-Evo SMART&#8221; _builder_version=&#8221;4.27.0&#8243; _module_preset=&#8221;default&#8221; global_colors_info=&#8221;{}&#8221;][\/et_pb_image][et_pb_text _builder_version=&#8221;4.27.0&#8243; _module_preset=&#8221;default&#8221; global_colors_info=&#8221;{}&#8221;]<\/p>\n<h4 style=\"text-align: center;\"><a href=\"https:\/\/www.centsys.com\/fr#\">Le moteur de portail D5-EVO SMART<\/a><\/h4>\n<p style=\"text-align: center;\">O\u00f9 l\u2019h\u00e9ritage rencontre l\u2019innovation.<\/p>\n<p>[\/et_pb_text][et_pb_button button_url=&#8221;https:\/\/www.centsys.com\/demo002\/d5-evo-smart-moteur-de-portail-domestique-et-industriel-leger\/&#8221; button_text=&#8221;VOIR LE PRODUIT&#8221; button_alignment=&#8221;center&#8221; _builder_version=&#8221;4.27.0&#8243; _module_preset=&#8221;default&#8221; global_colors_info=&#8221;{}&#8221;][\/et_pb_button][\/et_pb_column][et_pb_column type=&#8221;1_3&#8243; _builder_version=&#8221;4.27.0&#8243; _module_preset=&#8221;default&#8221; global_colors_info=&#8221;{}&#8221;][et_pb_image src=&#8221;https:\/\/www.centsys.com\/demo002\/img\/D6%20SMART\/Centurion-Systems-D6%20SMART_Avant.jpg&#8221; url=&#8221;https:\/\/www.centsys.com\/demo002\/pdf\/smartseries\/1401.D.02.0011%20D-SERIES%20Smart%20Selection%20Guide%20FRENCH_27052024_MT_Web.pdf%20&#8243; url_new_window=&#8221;on&#8221; admin_label=&#8221;D6 SMART&#8221; _builder_version=&#8221;4.27.0&#8243; _module_preset=&#8221;default&#8221; global_colors_info=&#8221;{}&#8221;][\/et_pb_image][et_pb_text _builder_version=&#8221;4.27.0&#8243; _module_preset=&#8221;default&#8221; global_colors_info=&#8221;{}&#8221;]<\/p>\n<h4 style=\"text-align: center;\"><a href=\"https:\/\/www.centsys.com\/fr#\">Le moteur de portail D6 SMART<\/a><\/h4>\n<p style=\"text-align: center;\">Le choix intelligent<\/p>\n<p>[\/et_pb_text][et_pb_button button_url=&#8221;https:\/\/www.centsys.com\/demo002\/d6-smart-le-choix-intelligent\/&#8221; button_text=&#8221;VOIR LE PRODUIT&#8221; button_alignment=&#8221;center&#8221; _builder_version=&#8221;4.27.0&#8243; _module_preset=&#8221;default&#8221; transform_translate=&#8221;0px|18px&#8221; transform_translate_linked=&#8221;off&#8221; global_colors_info=&#8221;{}&#8221;][\/et_pb_button][\/et_pb_column][\/et_pb_row][et_pb_row _builder_version=&#8221;4.27.0&#8243; _module_preset=&#8221;default&#8221; global_colors_info=&#8221;{}&#8221;][et_pb_column type=&#8221;4_4&#8243; _builder_version=&#8221;4.27.0&#8243; _module_preset=&#8221;default&#8221; global_colors_info=&#8221;{}&#8221;][et_pb_text _builder_version=&#8221;4.27.0&#8243; _module_preset=&#8221;default&#8221; global_colors_info=&#8221;{}&#8221;]<\/p>\n<blockquote>\n<h3><a href=\"https:\/\/www.centsys.com\/demo002\/moteurs-pour-portail-coulissant-industriel\/\">Portails coulissants commerciaux et industriels l\u00e9gers de CENTURION<\/a><\/h3>\n<\/blockquote>\n<p>[\/et_pb_text][\/et_pb_column][\/et_pb_row][et_pb_row column_structure=&#8221;1_3,1_3,1_3&#8243; _builder_version=&#8221;4.27.0&#8243; _module_preset=&#8221;default&#8221; global_colors_info=&#8221;{}&#8221;][et_pb_column type=&#8221;1_3&#8243; _builder_version=&#8221;4.27.0&#8243; _module_preset=&#8221;default&#8221; global_colors_info=&#8221;{}&#8221;][et_pb_image src=&#8221;https:\/\/www.centsys.co.za\/img\/smart\/Centurion-Systems-D10T-SMART.jpg&#8221; url=&#8221;https:\/\/www.centsys.com\/demo002\/pdf\/smartseries\/1401.D.02.0011%20D-SERIES%20Smart%20Selection%20Guide%20FRENCH_27052024_MT_Web.pdf%20&#8243; url_new_window=&#8221;on&#8221; admin_label=&#8221;D10 Turbo SMART&#8221; _builder_version=&#8221;4.27.0&#8243; _module_preset=&#8221;default&#8221; global_colors_info=&#8221;{}&#8221;][\/et_pb_image][et_pb_text _builder_version=&#8221;4.27.0&#8243; _module_preset=&#8221;default&#8221; global_colors_info=&#8221;{}&#8221;]<\/p>\n<h4 style=\"text-align: center;\"><a href=\"https:\/\/www.centsys.com\/fr#\">Le moteur de portail D10 Turbo SMART<\/a><\/h4>\n<p style=\"text-align: center;\">La machine \u00e0 vitesse ultime est devenue plus SMART.<\/p>\n<p>[\/et_pb_text][et_pb_button button_url=&#8221;https:\/\/www.centsys.com\/demo002\/moteur-pour-portail-coulissant-industriel-d10-turbo-smart\/&#8221; button_text=&#8221;VOIR LE PRODUIT&#8221; button_alignment=&#8221;center&#8221; _builder_version=&#8221;4.27.0&#8243; _module_preset=&#8221;default&#8221; transform_translate=&#8221;0px|17px&#8221; transform_translate_linked=&#8221;off&#8221; global_colors_info=&#8221;{}&#8221;][\/et_pb_button][\/et_pb_column][et_pb_column type=&#8221;1_3&#8243; _builder_version=&#8221;4.27.0&#8243; _module_preset=&#8221;default&#8221; global_colors_info=&#8221;{}&#8221;][et_pb_image src=&#8221;https:\/\/www.centsys.co.za\/img\/smart\/Centurion-Systems-D10-SMART.jpg&#8221; url=&#8221;https:\/\/www.centsys.com\/demo002\/pdf\/smartseries\/1401.D.02.0011%20D-SERIES%20Smart%20Selection%20Guide%20FRENCH_27052024_MT_Web.pdf%20&#8243; url_new_window=&#8221;on&#8221; admin_label=&#8221;D10 SMART&#8221; _builder_version=&#8221;4.27.0&#8243; _module_preset=&#8221;default&#8221; global_colors_info=&#8221;{}&#8221;][\/et_pb_image][et_pb_text _builder_version=&#8221;4.27.0&#8243; _module_preset=&#8221;default&#8221; global_colors_info=&#8221;{}&#8221;]<\/p>\n<h4 style=\"text-align: center;\"><a href=\"https:\/\/www.centsys.com\/fr#\">Le moteur de portail D10 SMART<\/a><\/h4>\n<p style=\"text-align: center;\">Moteur de portail coulissant industriel et commercial.<\/p>\n<p>[\/et_pb_text][et_pb_button button_url=&#8221;https:\/\/www.centsys.com\/demo002\/moteur-pour-portail-coulissant-industriel-d10-smart\/&#8221; button_text=&#8221;VOIR LE PRODUIT&#8221; button_alignment=&#8221;center&#8221; _builder_version=&#8221;4.27.0&#8243; _module_preset=&#8221;default&#8221; transform_translate=&#8221;0px|35px&#8221; transform_translate_linked=&#8221;off&#8221; global_colors_info=&#8221;{}&#8221;][\/et_pb_button][\/et_pb_column][et_pb_column type=&#8221;1_3&#8243; _builder_version=&#8221;4.27.0&#8243; _module_preset=&#8221;default&#8221; global_colors_info=&#8221;{}&#8221;][et_pb_image src=&#8221;https:\/\/www.centsys.co.za\/img\/smart\/Centurion-Systems-D20-SMART.jpg&#8221; url=&#8221;https:\/\/www.centsys.com\/demo002\/pdf\/smartseries\/1401.D.02.0011%20D-SERIES%20Smart%20Selection%20Guide%20FRENCH_27052024_MT_Web.pdf%20&#8243; url_new_window=&#8221;on&#8221; admin_label=&#8221;D20 SMART&#8221; _builder_version=&#8221;4.27.0&#8243; _module_preset=&#8221;default&#8221; global_colors_info=&#8221;{}&#8221;][\/et_pb_image][et_pb_text _builder_version=&#8221;4.27.0&#8243; _module_preset=&#8221;default&#8221; global_colors_info=&#8221;{}&#8221;]<\/p>\n<h4 style=\"text-align: center;\"><a href=\"https:\/\/www.centsys.com\/fr#\">Le moteur de portail D20 SMART<\/a><\/h4>\n<p style=\"text-align: center;\">Moteur de portail coulissant pour portails lourds<\/p>\n<p>[\/et_pb_text][et_pb_button button_url=&#8221;https:\/\/www.centsys.com\/demo002\/moteur-pour-portail-coulissant-industriel-d20-smart\/&#8221; button_text=&#8221;VOIR LE PRODUIT&#8221; button_alignment=&#8221;center&#8221; _builder_version=&#8221;4.27.0&#8243; _module_preset=&#8221;default&#8221; transform_translate=&#8221;0px|58px&#8221; transform_translate_linked=&#8221;off&#8221; global_colors_info=&#8221;{}&#8221;][\/et_pb_button][\/et_pb_column][\/et_pb_row][et_pb_row _builder_version=&#8221;4.27.0&#8243; _module_preset=&#8221;default&#8221; global_colors_info=&#8221;{}&#8221;][et_pb_column type=&#8221;4_4&#8243; _builder_version=&#8221;4.27.0&#8243; _module_preset=&#8221;default&#8221; global_colors_info=&#8221;{}&#8221;][et_pb_text _builder_version=&#8221;4.27.0&#8243; _module_preset=&#8221;default&#8221; global_colors_info=&#8221;{}&#8221;][\/et_pb_text][et_pb_image src=&#8221;https:\/\/www.centsys.com\/demo002\/img\/smart\/CENTURION_GUIDE%20DE%20S%C3%89LECTION%20SMART%20DE%20LA%20S%C3%89RIE%20D.jpg&#8221; url=&#8221;https:\/\/www.centsys.com\/demo002\/pdf\/smartseries\/1401.D.02.0011%20D-SERIES%20Smart%20Selection%20Guide%20FRENCH_27052024_MT_Web.pdf&#8221; url_new_window=&#8221;on&#8221; _builder_version=&#8221;4.27.0&#8243; _module_preset=&#8221;default&#8221; global_colors_info=&#8221;{}&#8221;][\/et_pb_image][\/et_pb_column][\/et_pb_row][\/et_pb_section][et_pb_section fb_built=&#8221;1&#8243; fullwidth=&#8221;on&#8221; admin_label=&#8221;THIS IS THE MID SECTION BANNER SITE WIDE&#8221; _builder_version=&#8221;4.24.0&#8243; _module_preset=&#8221;default&#8221; global_module=&#8221;25449&#8243; global_colors_info=&#8221;{}&#8221;][et_pb_fullwidth_image src=&#8221;https:\/\/www.centsys.com\/demo002\/img\/main\/FR-CLEAN-EOL-G-REMOTE.jpg&#8221; url=&#8221;https:\/\/www.centsys.com\/demo002\/g-remote-ne-fonctionnera-plus-apres-le-31-aout\/&#8221; url_new_window=&#8221;on&#8221; admin_label=&#8221;FOOTER_SITE WIDE&#8221; _builder_version=&#8221;4.27.0&#8243; _module_preset=&#8221;default&#8221; global_colors_info=&#8221;{}&#8221;][\/et_pb_fullwidth_image][et_pb_fullwidth_header button_one_text=&#8221;Contactez-nous&#8221; button_one_url=&#8221;https:\/\/www.centsys.com\/demo002\/coordonnees\/&#8221; button_two_text=&#8221;Support Technique&#8221; button_two_url=&#8221;https:\/\/www.centsys.com\/demo002\/support-technique\/&#8221; _builder_version=&#8221;4.27.0&#8243; _module_preset=&#8221;default&#8221; background_color=&#8221;#c1c1c1&#8243; custom_button_one=&#8221;on&#8221; button_one_text_color=&#8221;#FFFFFF&#8221; button_one_bg_color=&#8221;#999999&#8243; button_one_border_color=&#8221;#999999&#8243; custom_button_two=&#8221;on&#8221; button_two_text_color=&#8221;#FFFFFF&#8221; button_two_bg_color=&#8221;#999999&#8243; button_two_border_color=&#8221;#999999&#8243; custom_margin=&#8221;||-4px|||&#8221; custom_padding=&#8221;6px||17px|||&#8221; button_two_bg_color_tablet=&#8221;#999999&#8243; button_two_bg_color_phone=&#8221;#999999&#8243; button_two_bg_color_last_edited=&#8221;on|desktop&#8221; global_colors_info=&#8221;{}&#8221; button_one_bg_color__hover_enabled=&#8221;on|desktop&#8221; button_one_bg_color__hover=&#8221;#81c341&#8243; button_one_bg_enable_color__hover=&#8221;on&#8221; button_one_border_color__hover_enabled=&#8221;on|hover&#8221; button_one_border_color__hover=&#8221;#81c341&#8243; button_two_bg_color__hover_enabled=&#8221;on|hover&#8221; button_two_bg_color__hover=&#8221;#81c341&#8243; button_two_bg_enable_color__hover=&#8221;on&#8221; button_two_border_color__hover_enabled=&#8221;on|hover&#8221; button_two_border_color__hover=&#8221;#81c341&#8243;][\/et_pb_fullwidth_header][\/et_pb_section]<\/p>\n","protected":false},"excerpt":{"rendered":"<p><span><span><a href=\"https:\/\/www.centsys.com\/demo002\/\">ACCUEIL<\/a><\/span><\/span>Une Entr\u00e9e sans Effort avec les Moteurs de Portails Coulissants de CENTURION Transformez votre all\u00e9e en un havre de paix s\u00e9curis\u00e9 et pratique gr\u00e2ce aux moteurs de portails coulissants innovants de CENTURION. D\u00e9couvrez le luxe d&#8217;une entr\u00e9e sans effort lorsque votre portail s&#8217;ouvre en douceur \u00e0 l&#8217;aide d&#8217;une simple t\u00e9l\u00e9commande ou de l&#8217;application pour smartphone [&hellip;]<\/p>\n","protected":false},"author":1,"featured_media":0,"parent":0,"menu_order":0,"comment_status":"closed","ping_status":"closed","template":"","meta":{"_et_pb_use_builder":"on","_et_pb_old_content":"","_et_gb_content_width":"","_joinchat":[],"footnotes":""},"class_list":["post-1123","page","type-page","status-publish","hentry"],"yoast_head":"<!-- This site is optimized with the Yoast SEO Premium plugin v27.3 (Yoast SEO v27.4) - https:\/\/yoast.com\/product\/yoast-seo-premium-wordpress\/ -->\r\n<title>Moteurs pour Portail Coulissant - Centurion Systems<\/title>\r\n<meta name=\"description\" content=\"Votre portail est le premier point d&#039;entr\u00e9e de votre maison ou votre entreprise; alors assurezvous qu&#039;il soit s\u00e9curis\u00e9. Les moteurs coulissants de CENTURION vous donneront la s\u00e9curit\u00e9 et la commodit\u00e9.\" \/>\r\n<meta name=\"robots\" content=\"index, follow, max-snippet:-1, max-image-preview:large, max-video-preview:-1\" \/>\r\n<link rel=\"canonical\" href=\"https:\/\/www.centsys.com\/demo002\/moteurs-pour-portail-coulissant\/\" \/>\r\n<meta property=\"og:locale\" content=\"en_US\" \/>\r\n<meta property=\"og:type\" content=\"article\" \/>\r\n<meta property=\"og:title\" content=\"Moteurs pour portail coulissant\" \/>\r\n<meta property=\"og:description\" content=\"Votre portail est le premier point d&#039;entr\u00e9e de votre maison ou votre entreprise; alors assurezvous qu&#039;il soit s\u00e9curis\u00e9. Les moteurs coulissants de CENTURION vous donneront la s\u00e9curit\u00e9 et la commodit\u00e9.\" \/>\r\n<meta property=\"og:url\" content=\"https:\/\/www.centsys.com\/demo002\/moteurs-pour-portail-coulissant\/\" \/>\r\n<meta property=\"og:site_name\" content=\"Centurion Systems French\" \/>\r\n<meta property=\"article:modified_time\" content=\"2024-08-15T09:35:03+00:00\" \/>\r\n<meta name=\"twitter:card\" content=\"summary_large_image\" \/>\r\n<meta name=\"twitter:label1\" content=\"Est. reading time\" \/>\n\t<meta name=\"twitter:data1\" content=\"4 minutes\" \/>\r\n<script type=\"application\/ld+json\" class=\"yoast-schema-graph\">{\"@context\":\"https:\\\/\\\/schema.org\",\"@graph\":[{\"@type\":\"WebPage\",\"@id\":\"https:\\\/\\\/www.centsys.com\\\/demo002\\\/moteurs-pour-portail-coulissant\\\/\",\"url\":\"https:\\\/\\\/www.centsys.com\\\/demo002\\\/moteurs-pour-portail-coulissant\\\/\",\"name\":\"Moteurs pour Portail Coulissant - Centurion Systems\",\"isPartOf\":{\"@id\":\"https:\\\/\\\/www.centsys.com\\\/demo002\\\/#website\"},\"datePublished\":\"2020-03-09T10:08:56+00:00\",\"dateModified\":\"2024-08-15T09:35:03+00:00\",\"description\":\"Votre portail est le premier point d'entr\u00e9e de votre maison ou votre entreprise; alors assurezvous qu'il soit s\u00e9curis\u00e9. Les moteurs coulissants de CENTURION vous donneront la s\u00e9curit\u00e9 et la commodit\u00e9.\",\"breadcrumb\":{\"@id\":\"https:\\\/\\\/www.centsys.com\\\/demo002\\\/moteurs-pour-portail-coulissant\\\/#breadcrumb\"},\"inLanguage\":\"en-ZA\",\"potentialAction\":[{\"@type\":\"ReadAction\",\"target\":[\"https:\\\/\\\/www.centsys.com\\\/demo002\\\/moteurs-pour-portail-coulissant\\\/\"]}]},{\"@type\":\"BreadcrumbList\",\"@id\":\"https:\\\/\\\/www.centsys.com\\\/demo002\\\/moteurs-pour-portail-coulissant\\\/#breadcrumb\",\"itemListElement\":[{\"@type\":\"ListItem\",\"position\":1,\"name\":\"ACCUEIL\",\"item\":\"https:\\\/\\\/www.centsys.com\\\/demo002\\\/\"},{\"@type\":\"ListItem\",\"position\":2,\"name\":\"Moteurs pour portail coulissant\"}]},{\"@type\":\"WebSite\",\"@id\":\"https:\\\/\\\/www.centsys.com\\\/demo002\\\/#website\",\"url\":\"https:\\\/\\\/www.centsys.com\\\/demo002\\\/\",\"name\":\"Centurion Systems French\",\"description\":\"Produits D\u2019automatisation D\u2019acc\u00e8s\",\"potentialAction\":[{\"@type\":\"SearchAction\",\"target\":{\"@type\":\"EntryPoint\",\"urlTemplate\":\"https:\\\/\\\/www.centsys.com\\\/demo002\\\/?s={search_term_string}\"},\"query-input\":{\"@type\":\"PropertyValueSpecification\",\"valueRequired\":true,\"valueName\":\"search_term_string\"}}],\"inLanguage\":\"en-ZA\"}]}<\/script>\r\n<!-- \/ Yoast SEO Premium plugin. -->","yoast_head_json":{"title":"Moteurs pour Portail Coulissant - Centurion Systems","description":"Votre portail est le premier point d'entr\u00e9e de votre maison ou votre entreprise; alors assurezvous qu'il soit s\u00e9curis\u00e9. Les moteurs coulissants de CENTURION vous donneront la s\u00e9curit\u00e9 et la commodit\u00e9.","robots":{"index":"index","follow":"follow","max-snippet":"max-snippet:-1","max-image-preview":"max-image-preview:large","max-video-preview":"max-video-preview:-1"},"canonical":"https:\/\/www.centsys.com\/demo002\/moteurs-pour-portail-coulissant\/","og_locale":"en_US","og_type":"article","og_title":"Moteurs pour portail coulissant","og_description":"Votre portail est le premier point d'entr\u00e9e de votre maison ou votre entreprise; alors assurezvous qu'il soit s\u00e9curis\u00e9. Les moteurs coulissants de CENTURION vous donneront la s\u00e9curit\u00e9 et la commodit\u00e9.","og_url":"https:\/\/www.centsys.com\/demo002\/moteurs-pour-portail-coulissant\/","og_site_name":"Centurion Systems French","article_modified_time":"2024-08-15T09:35:03+00:00","twitter_card":"summary_large_image","twitter_misc":{"Est. reading time":"4 minutes"},"schema":{"@context":"https:\/\/schema.org","@graph":[{"@type":"WebPage","@id":"https:\/\/www.centsys.com\/demo002\/moteurs-pour-portail-coulissant\/","url":"https:\/\/www.centsys.com\/demo002\/moteurs-pour-portail-coulissant\/","name":"Moteurs pour Portail Coulissant - Centurion Systems","isPartOf":{"@id":"https:\/\/www.centsys.com\/demo002\/#website"},"datePublished":"2020-03-09T10:08:56+00:00","dateModified":"2024-08-15T09:35:03+00:00","description":"Votre portail est le premier point d'entr\u00e9e de votre maison ou votre entreprise; alors assurezvous qu'il soit s\u00e9curis\u00e9. Les moteurs coulissants de CENTURION vous donneront la s\u00e9curit\u00e9 et la commodit\u00e9.","breadcrumb":{"@id":"https:\/\/www.centsys.com\/demo002\/moteurs-pour-portail-coulissant\/#breadcrumb"},"inLanguage":"en-ZA","potentialAction":[{"@type":"ReadAction","target":["https:\/\/www.centsys.com\/demo002\/moteurs-pour-portail-coulissant\/"]}]},{"@type":"BreadcrumbList","@id":"https:\/\/www.centsys.com\/demo002\/moteurs-pour-portail-coulissant\/#breadcrumb","itemListElement":[{"@type":"ListItem","position":1,"name":"ACCUEIL","item":"https:\/\/www.centsys.com\/demo002\/"},{"@type":"ListItem","position":2,"name":"Moteurs pour portail coulissant"}]},{"@type":"WebSite","@id":"https:\/\/www.centsys.com\/demo002\/#website","url":"https:\/\/www.centsys.com\/demo002\/","name":"Centurion Systems French","description":"Produits D\u2019automatisation D\u2019acc\u00e8s","potentialAction":[{"@type":"SearchAction","target":{"@type":"EntryPoint","urlTemplate":"https:\/\/www.centsys.com\/demo002\/?s={search_term_string}"},"query-input":{"@type":"PropertyValueSpecification","valueRequired":true,"valueName":"search_term_string"}}],"inLanguage":"en-ZA"}]}},"_links":{"self":[{"href":"https:\/\/www.centsys.com\/demo002\/wp-json\/wp\/v2\/pages\/1123","targetHints":{"allow":["GET"]}}],"collection":[{"href":"https:\/\/www.centsys.com\/demo002\/wp-json\/wp\/v2\/pages"}],"about":[{"href":"https:\/\/www.centsys.com\/demo002\/wp-json\/wp\/v2\/types\/page"}],"author":[{"embeddable":true,"href":"https:\/\/www.centsys.com\/demo002\/wp-json\/wp\/v2\/users\/1"}],"replies":[{"embeddable":true,"href":"https:\/\/www.centsys.com\/demo002\/wp-json\/wp\/v2\/comments?post=1123"}],"version-history":[{"count":0,"href":"https:\/\/www.centsys.com\/demo002\/wp-json\/wp\/v2\/pages\/1123\/revisions"}],"wp:attachment":[{"href":"https:\/\/www.centsys.com\/demo002\/wp-json\/wp\/v2\/media?parent=1123"}],"curies":[{"name":"wp","href":"https:\/\/api.w.org\/{rel}","templated":true}]}}