{"id":1171,"date":"2020-03-09T10:44:06","date_gmt":"2020-03-09T10:44:06","guid":{"rendered":"https:\/\/www.centsys.co.za\/fr\/?page_id=1171"},"modified":"2024-05-09T11:22:37","modified_gmt":"2024-05-09T09:22:37","slug":"moteurs-pour-les-volets-roulants","status":"publish","type":"page","link":"https:\/\/www.centsys.com\/demo002\/moteurs-pour-les-volets-roulants\/","title":{"rendered":"Moteurs pour les volets roulants"},"content":{"rendered":"<p>[et_pb_section fb_built=&#8221;1&#8243; fullwidth=&#8221;on&#8221; _builder_version=&#8221;4.16&#8243; background_enable_image=&#8221;off&#8221; locked=&#8221;off&#8221; global_colors_info=&#8221;{}&#8221;][et_pb_fullwidth_header title=&#8221;LE DYNAMOPHILE DE L\u2019AUTOMATISATION INDUSTRIELLE&#8221; header_fullscreen=&#8221;on&#8221; _builder_version=&#8221;4.25.0&#8243; title_font=&#8221;Verdana|700||on|||||&#8221; title_text_align=&#8221;right&#8221; title_text_color=&#8221;#81c341&#8243; title_font_size=&#8221;46px&#8221; content_font=&#8221;Verdana||||||||&#8221; content_text_align=&#8221;right&#8221; content_text_color=&#8221;#6d6e71&#8243; content_font_size=&#8221;18px&#8221; background_enable_color=&#8221;off&#8221; background_image=&#8221;https:\/\/www.centsys.com\/demo002\/wp-content\/uploads\/2020\/03\/RSO.jpg&#8221; background_layout=&#8221;light&#8221; width=&#8221;100{b9f1a820be3d81834e54a7fd91d7ea557d10675802c96376b4de0df52dd4704d}&#8221; max_width=&#8221;100{b9f1a820be3d81834e54a7fd91d7ea557d10675802c96376b4de0df52dd4704d}&#8221; custom_margin=&#8221;||||false|false&#8221; custom_padding=&#8221;9{b275702fb50eb40ce127199ba0c14ed5c48ee57d6f0451ec33debc284b28b4f4}||9{b275702fb50eb40ce127199ba0c14ed5c48ee57d6f0451ec33debc284b28b4f4}|20{b275702fb50eb40ce127199ba0c14ed5c48ee57d6f0451ec33debc284b28b4f4}|true|false&#8221; custom_padding_tablet=&#8221;|||10{b275702fb50eb40ce127199ba0c14ed5c48ee57d6f0451ec33debc284b28b4f4}|true|false&#8221; custom_padding_phone=&#8221;9{b275702fb50eb40ce127199ba0c14ed5c48ee57d6f0451ec33debc284b28b4f4}||9{b275702fb50eb40ce127199ba0c14ed5c48ee57d6f0451ec33debc284b28b4f4}|0{b275702fb50eb40ce127199ba0c14ed5c48ee57d6f0451ec33debc284b28b4f4}|true|false&#8221; custom_padding_last_edited=&#8221;on|tablet&#8221; hover_enabled=&#8221;0&#8243; title_font_size_tablet=&#8221;&#8221; title_font_size_phone=&#8221;25px&#8221; title_font_size_last_edited=&#8221;on|phone&#8221; content_font_size_tablet=&#8221;&#8221; content_font_size_phone=&#8221;14px&#8221; content_font_size_last_edited=&#8221;on|phone&#8221; global_colors_info=&#8221;{}&#8221; alt=&#8221;CENTURION_Moteurs pour les volets roulants RSO&#8221; title_text=&#8221;CENTURION_Moteurs pour les volets roulants RSO&#8221; sticky_enabled=&#8221;0&#8243;]<\/p>\n<p>Moteurs pour les volets roulants RSO<\/p>\n<p>[\/et_pb_fullwidth_header][\/et_pb_section][et_pb_section fb_built=&#8221;1&#8243; fullwidth=&#8221;on&#8221; _builder_version=&#8221;4.20.4&#8243; background_color=&#8221;#e5e5e5&#8243; use_background_color_gradient=&#8221;on&#8221; background_color_gradient_stops=&#8221;#e5e5e5 0%|#e5e5e5 100%&#8221; background_color_gradient_start=&#8221;#e5e5e5&#8243; background_color_gradient_end=&#8221;#e5e5e5&#8243; transform_translate=&#8221;-13px|269px&#8221; background_color_gradient_stops_tablet=&#8221;#e5e5e5 0%|#e5e5e5 100%&#8221; background_color_gradient_stops_phone=&#8221;#e5e5e5 0%|#e5e5e5 100%&#8221; global_module=&#8221;5513&#8243; global_colors_info=&#8221;{}&#8221;][et_pb_fullwidth_code _builder_version=&#8221;4.20.4&#8243; _module_preset=&#8221;default&#8221; global_colors_info=&#8221;{}&#8221;]<span><span><a href=\"https:\/\/www.centsys.com\/demo002\/\">ACCUEIL<\/a><\/span><\/span>[\/et_pb_fullwidth_code][\/et_pb_section][et_pb_section fb_built=&#8221;1&#8243; _builder_version=&#8221;4.16&#8243; global_colors_info=&#8221;{}&#8221;][et_pb_row _builder_version=&#8221;4.16&#8243; global_colors_info=&#8221;{}&#8221;][et_pb_column type=&#8221;4_4&#8243; _builder_version=&#8221;4.16&#8243; global_colors_info=&#8221;{}&#8221;][et_pb_text _builder_version=&#8221;4.16&#8243; global_colors_info=&#8221;{}&#8221;]<\/p>\n<h1 class=\"p1\" style=\"text-align: center;\">OP\u00c9RATEURS INDUSTRIELS DE VOLETS ROULANT<\/h1>\n<p class=\"p1\" style=\"text-align: center;\">\u00a0 Il est vraiment impressionnant de voir un RSO CENTURION soulever d\u00e9licatement un volet roulant qui ferait trembler la plupart des hommes dans leurs bottes. Avec une bo\u00eete de vitesses en aluminium robuste associ\u00e9 \u00e0 son puissant moteur \u00e0 courant alternatif &#8211; tout sur le RSO crie la puissance.<\/p>\n<p>[\/et_pb_text][\/et_pb_column][\/et_pb_row][et_pb_row _builder_version=&#8221;4.16&#8243; global_colors_info=&#8221;{}&#8221;][et_pb_column type=&#8221;4_4&#8243; _builder_version=&#8221;4.16&#8243; global_colors_info=&#8221;{}&#8221;][et_pb_blurb title=&#8221;RSO&#8221; image=&#8221;https:\/\/www.centsys.com\/demo002\/img\/Roulants\/Volets roulants industriels CENTURION RSO.png&#8221; image_icon_width=&#8221;86{b9f1a820be3d81834e54a7fd91d7ea557d10675802c96376b4de0df52dd4704d}&#8221; _builder_version=&#8221;4.16&#8243; header_text_align=&#8221;center&#8221; header_font_size=&#8221;25px&#8221; image_max_width=&#8221;86{b9f1a820be3d81834e54a7fd91d7ea557d10675802c96376b4de0df52dd4704d}&#8221; global_colors_info=&#8221;{}&#8221;][\/et_pb_blurb][et_pb_button button_url=&#8221;@ET-DC@eyJkeW5hbWljIjp0cnVlLCJjb250ZW50IjoicG9zdF9saW5rX3VybF9wYWdlIiwic2V0dGluZ3MiOnsicG9zdF9pZCI6IjExOTgifX0=@&#8221; button_text=&#8221;VOIR LE PRODUIT&#8221; button_alignment=&#8221;center&#8221; _builder_version=&#8221;4.16&#8243; _dynamic_attributes=&#8221;button_url&#8221; global_colors_info=&#8221;{}&#8221;][\/et_pb_button][\/et_pb_column][\/et_pb_row][\/et_pb_section][et_pb_section fb_built=&#8221;1&#8243; fullwidth=&#8221;on&#8221; admin_label=&#8221;THIS IS THE MID SECTION BANNER SITE WIDE&#8221; _builder_version=&#8221;4.24.0&#8243; _module_preset=&#8221;default&#8221; global_colors_info=&#8221;{}&#8221; global_module=&#8221;25449&#8243; theme_builder_area=&#8221;post_content&#8221;][et_pb_fullwidth_image src=&#8221;https:\/\/www.centsys.com\/demo002\/img\/blog\/D%C3%A9couvrez%20le%20SMART%20ECOSYSTEM%20avec%20MyCentsys%20Remote.jpg&#8221; url=&#8221;https:\/\/www.centsys.com\/demo002\/application-mobile-mycentsys-remote\/&#8221; url_new_window=&#8221;on&#8221; admin_label=&#8221;FOOTER_SITE WIDE&#8221; _builder_version=&#8221;4.25.0&#8243; _module_preset=&#8221;default&#8221; global_colors_info=&#8221;{}&#8221; theme_builder_area=&#8221;post_content&#8221;][\/et_pb_fullwidth_image][et_pb_fullwidth_header button_one_text=&#8221;Contactez-nous&#8221; button_one_url=&#8221;https:\/\/www.centsys.com\/demo002\/coordonnees\/&#8221; button_two_text=&#8221;Support Technique&#8221; button_two_url=&#8221;https:\/\/www.centsys.com\/demo002\/support-technique\/&#8221; _builder_version=&#8221;4.25.0&#8243; _module_preset=&#8221;default&#8221; background_color=&#8221;#c1c1c1&#8243; custom_button_one=&#8221;on&#8221; button_one_text_color=&#8221;#FFFFFF&#8221; button_one_bg_color=&#8221;#999999&#8243; button_one_border_color=&#8221;#999999&#8243; custom_button_two=&#8221;on&#8221; button_two_text_color=&#8221;#FFFFFF&#8221; button_two_bg_color=&#8221;#999999&#8243; button_two_border_color=&#8221;#999999&#8243; custom_margin=&#8221;||-4px|||&#8221; custom_padding=&#8221;6px||17px|||&#8221; button_two_bg_color_tablet=&#8221;#999999&#8243; button_two_bg_color_phone=&#8221;#999999&#8243; button_two_bg_color_last_edited=&#8221;on|desktop&#8221; global_colors_info=&#8221;{}&#8221; button_one_bg_color__hover_enabled=&#8221;on|desktop&#8221; button_one_bg_color__hover=&#8221;#81c341&#8243; button_one_bg_enable_color__hover=&#8221;on&#8221; button_one_border_color__hover_enabled=&#8221;on|hover&#8221; button_one_border_color__hover=&#8221;#81c341&#8243; button_two_bg_color__hover_enabled=&#8221;on|hover&#8221; button_two_bg_color__hover=&#8221;#81c341&#8243; button_two_bg_enable_color__hover=&#8221;on&#8221; button_two_border_color__hover_enabled=&#8221;on|hover&#8221; button_two_border_color__hover=&#8221;#81c341&#8243; theme_builder_area=&#8221;post_content&#8221;][\/et_pb_fullwidth_header][\/et_pb_section]<\/p>\n","protected":false},"excerpt":{"rendered":"<p>Moteurs pour les volets roulants RSO<span><span><a href=\"https:\/\/www.centsys.com\/demo002\/\">ACCUEIL<\/a><\/span><\/span>OP\u00c9RATEURS INDUSTRIELS DE VOLETS ROULANT \u00a0 Il est vraiment impressionnant de voir un RSO CENTURION soulever d\u00e9licatement un volet roulant qui ferait trembler la plupart des hommes dans leurs bottes. Avec une bo\u00eete de vitesses en aluminium robuste associ\u00e9 \u00e0 son puissant moteur \u00e0 courant alternatif &#8211; tout sur le [&hellip;]<\/p>\n","protected":false},"author":1,"featured_media":0,"parent":0,"menu_order":0,"comment_status":"closed","ping_status":"closed","template":"","meta":{"_et_pb_use_builder":"on","_et_pb_old_content":"","_et_gb_content_width":"","_joinchat":[],"footnotes":""},"class_list":["post-1171","page","type-page","status-publish","hentry"],"yoast_head":"<!-- This site is optimized with the Yoast SEO Premium plugin v27.3 (Yoast SEO v27.4) - https:\/\/yoast.com\/product\/yoast-seo-premium-wordpress\/ -->\r\n<title>RSO - Moteurs pour les volets roulants - Centurion Systems<\/title>\r\n<meta name=\"description\" content=\"Moteurs \u00e9lectriques de service con\u00e7us pour automatiser en toute s\u00e9curit\u00e9 les portails lourds \u00e0 volets roulants; tels que les entr\u00e9es d\u2019usines et de quais de chargement.\" \/>\r\n<meta name=\"robots\" content=\"index, follow, max-snippet:-1, max-image-preview:large, max-video-preview:-1\" \/>\r\n<link rel=\"canonical\" href=\"https:\/\/www.centsys.com\/demo002\/moteurs-pour-les-volets-roulants\/\" \/>\r\n<meta property=\"og:locale\" content=\"en_US\" \/>\r\n<meta property=\"og:type\" content=\"article\" \/>\r\n<meta property=\"og:title\" content=\"Moteurs pour les volets roulants\" \/>\r\n<meta property=\"og:description\" content=\"Moteurs \u00e9lectriques de service con\u00e7us pour automatiser en toute s\u00e9curit\u00e9 les portails lourds \u00e0 volets roulants; tels que les entr\u00e9es d\u2019usines et de quais de chargement.\" \/>\r\n<meta property=\"og:url\" content=\"https:\/\/www.centsys.com\/demo002\/moteurs-pour-les-volets-roulants\/\" \/>\r\n<meta property=\"og:site_name\" content=\"Centurion Systems French\" \/>\r\n<meta property=\"article:modified_time\" content=\"2024-05-09T09:22:37+00:00\" \/>\r\n<meta name=\"twitter:card\" content=\"summary_large_image\" \/>\r\n<meta name=\"twitter:label1\" content=\"Est. reading time\" \/>\n\t<meta name=\"twitter:data1\" content=\"1 minute\" \/>\r\n<script type=\"application\/ld+json\" class=\"yoast-schema-graph\">{\"@context\":\"https:\\\/\\\/schema.org\",\"@graph\":[{\"@type\":\"WebPage\",\"@id\":\"https:\\\/\\\/www.centsys.com\\\/demo002\\\/moteurs-pour-les-volets-roulants\\\/\",\"url\":\"https:\\\/\\\/www.centsys.com\\\/demo002\\\/moteurs-pour-les-volets-roulants\\\/\",\"name\":\"RSO - Moteurs pour les volets roulants - Centurion Systems\",\"isPartOf\":{\"@id\":\"https:\\\/\\\/www.centsys.com\\\/demo002\\\/#website\"},\"datePublished\":\"2020-03-09T10:44:06+00:00\",\"dateModified\":\"2024-05-09T09:22:37+00:00\",\"description\":\"Moteurs \u00e9lectriques de service con\u00e7us pour automatiser en toute s\u00e9curit\u00e9 les portails lourds \u00e0 volets roulants; tels que les entr\u00e9es d\u2019usines et de quais de chargement.\",\"breadcrumb\":{\"@id\":\"https:\\\/\\\/www.centsys.com\\\/demo002\\\/moteurs-pour-les-volets-roulants\\\/#breadcrumb\"},\"inLanguage\":\"en-ZA\",\"potentialAction\":[{\"@type\":\"ReadAction\",\"target\":[\"https:\\\/\\\/www.centsys.com\\\/demo002\\\/moteurs-pour-les-volets-roulants\\\/\"]}]},{\"@type\":\"BreadcrumbList\",\"@id\":\"https:\\\/\\\/www.centsys.com\\\/demo002\\\/moteurs-pour-les-volets-roulants\\\/#breadcrumb\",\"itemListElement\":[{\"@type\":\"ListItem\",\"position\":1,\"name\":\"ACCUEIL\",\"item\":\"https:\\\/\\\/www.centsys.com\\\/demo002\\\/\"},{\"@type\":\"ListItem\",\"position\":2,\"name\":\"Moteurs pour les volets roulants\"}]},{\"@type\":\"WebSite\",\"@id\":\"https:\\\/\\\/www.centsys.com\\\/demo002\\\/#website\",\"url\":\"https:\\\/\\\/www.centsys.com\\\/demo002\\\/\",\"name\":\"Centurion Systems French\",\"description\":\"Produits D\u2019automatisation D\u2019acc\u00e8s\",\"potentialAction\":[{\"@type\":\"SearchAction\",\"target\":{\"@type\":\"EntryPoint\",\"urlTemplate\":\"https:\\\/\\\/www.centsys.com\\\/demo002\\\/?s={search_term_string}\"},\"query-input\":{\"@type\":\"PropertyValueSpecification\",\"valueRequired\":true,\"valueName\":\"search_term_string\"}}],\"inLanguage\":\"en-ZA\"}]}<\/script>\r\n<!-- \/ Yoast SEO Premium plugin. -->","yoast_head_json":{"title":"RSO - Moteurs pour les volets roulants - Centurion Systems","description":"Moteurs \u00e9lectriques de service con\u00e7us pour automatiser en toute s\u00e9curit\u00e9 les portails lourds \u00e0 volets roulants; tels que les entr\u00e9es d\u2019usines et de quais de chargement.","robots":{"index":"index","follow":"follow","max-snippet":"max-snippet:-1","max-image-preview":"max-image-preview:large","max-video-preview":"max-video-preview:-1"},"canonical":"https:\/\/www.centsys.com\/demo002\/moteurs-pour-les-volets-roulants\/","og_locale":"en_US","og_type":"article","og_title":"Moteurs pour les volets roulants","og_description":"Moteurs \u00e9lectriques de service con\u00e7us pour automatiser en toute s\u00e9curit\u00e9 les portails lourds \u00e0 volets roulants; tels que les entr\u00e9es d\u2019usines et de quais de chargement.","og_url":"https:\/\/www.centsys.com\/demo002\/moteurs-pour-les-volets-roulants\/","og_site_name":"Centurion Systems French","article_modified_time":"2024-05-09T09:22:37+00:00","twitter_card":"summary_large_image","twitter_misc":{"Est. reading time":"1 minute"},"schema":{"@context":"https:\/\/schema.org","@graph":[{"@type":"WebPage","@id":"https:\/\/www.centsys.com\/demo002\/moteurs-pour-les-volets-roulants\/","url":"https:\/\/www.centsys.com\/demo002\/moteurs-pour-les-volets-roulants\/","name":"RSO - Moteurs pour les volets roulants - Centurion Systems","isPartOf":{"@id":"https:\/\/www.centsys.com\/demo002\/#website"},"datePublished":"2020-03-09T10:44:06+00:00","dateModified":"2024-05-09T09:22:37+00:00","description":"Moteurs \u00e9lectriques de service con\u00e7us pour automatiser en toute s\u00e9curit\u00e9 les portails lourds \u00e0 volets roulants; tels que les entr\u00e9es d\u2019usines et de quais de chargement.","breadcrumb":{"@id":"https:\/\/www.centsys.com\/demo002\/moteurs-pour-les-volets-roulants\/#breadcrumb"},"inLanguage":"en-ZA","potentialAction":[{"@type":"ReadAction","target":["https:\/\/www.centsys.com\/demo002\/moteurs-pour-les-volets-roulants\/"]}]},{"@type":"BreadcrumbList","@id":"https:\/\/www.centsys.com\/demo002\/moteurs-pour-les-volets-roulants\/#breadcrumb","itemListElement":[{"@type":"ListItem","position":1,"name":"ACCUEIL","item":"https:\/\/www.centsys.com\/demo002\/"},{"@type":"ListItem","position":2,"name":"Moteurs pour les volets roulants"}]},{"@type":"WebSite","@id":"https:\/\/www.centsys.com\/demo002\/#website","url":"https:\/\/www.centsys.com\/demo002\/","name":"Centurion Systems French","description":"Produits D\u2019automatisation D\u2019acc\u00e8s","potentialAction":[{"@type":"SearchAction","target":{"@type":"EntryPoint","urlTemplate":"https:\/\/www.centsys.com\/demo002\/?s={search_term_string}"},"query-input":{"@type":"PropertyValueSpecification","valueRequired":true,"valueName":"search_term_string"}}],"inLanguage":"en-ZA"}]}},"_links":{"self":[{"href":"https:\/\/www.centsys.com\/demo002\/wp-json\/wp\/v2\/pages\/1171","targetHints":{"allow":["GET"]}}],"collection":[{"href":"https:\/\/www.centsys.com\/demo002\/wp-json\/wp\/v2\/pages"}],"about":[{"href":"https:\/\/www.centsys.com\/demo002\/wp-json\/wp\/v2\/types\/page"}],"author":[{"embeddable":true,"href":"https:\/\/www.centsys.com\/demo002\/wp-json\/wp\/v2\/users\/1"}],"replies":[{"embeddable":true,"href":"https:\/\/www.centsys.com\/demo002\/wp-json\/wp\/v2\/comments?post=1171"}],"version-history":[{"count":0,"href":"https:\/\/www.centsys.com\/demo002\/wp-json\/wp\/v2\/pages\/1171\/revisions"}],"wp:attachment":[{"href":"https:\/\/www.centsys.com\/demo002\/wp-json\/wp\/v2\/media?parent=1171"}],"curies":[{"name":"wp","href":"https:\/\/api.w.org\/{rel}","templated":true}]}}