{"id":1248,"date":"2020-03-09T11:48:02","date_gmt":"2020-03-09T11:48:02","guid":{"rendered":"https:\/\/www.centsys.co.za\/fr\/?page_id=1248"},"modified":"2025-12-18T08:13:57","modified_gmt":"2025-12-18T06:13:57","slug":"barriere-levante-sector-ii","status":"publish","type":"page","link":"https:\/\/www.centsys.com\/demo002\/barriere-levante-sector-ii\/","title":{"rendered":"SECTOR II"},"content":{"rendered":"<p>[et_pb_section fb_built=&#8221;1&#8243; fullwidth=&#8221;on&#8221; _builder_version=&#8221;4.20.4&#8243; _module_preset=&#8221;default&#8221; global_colors_info=&#8221;{}&#8221;][et_pb_fullwidth_image src=&#8221;https:\/\/www.centsys.com\/demo002\/img\/Barri%C3%A8re%20levante%20automatique%20CENTURION%20SECTOR%20II_Main.jpg&#8221; _builder_version=&#8221;4.20.4&#8243; _module_preset=&#8221;default&#8221; global_colors_info=&#8221;{}&#8221;][\/et_pb_fullwidth_image][\/et_pb_section][et_pb_section fb_built=&#8221;1&#8243; fullwidth=&#8221;on&#8221; _builder_version=&#8221;4.20.4&#8243; _module_preset=&#8221;default&#8221; global_colors_info=&#8221;{}&#8221;][et_pb_fullwidth_code _builder_version=&#8221;4.20.4&#8243; _module_preset=&#8221;default&#8221; global_colors_info=&#8221;{}&#8221;]<span><span><a href=\"https:\/\/www.centsys.com\/demo002\/\">ACCUEIL<\/a><\/span><\/span>[\/et_pb_fullwidth_code][\/et_pb_section][et_pb_section fb_built=&#8221;1&#8243; _builder_version=&#8221;4.16&#8243; global_colors_info=&#8221;{}&#8221;][et_pb_row _builder_version=&#8221;4.16&#8243; global_colors_info=&#8221;{}&#8221;][et_pb_column type=&#8221;4_4&#8243; _builder_version=&#8221;4.16&#8243; global_colors_info=&#8221;{}&#8221;][et_pb_text _builder_version=&#8221;4.20.4&#8243; global_colors_info=&#8221;{}&#8221;]<\/p>\n<h1 style=\"text-align: center;\">SECTOR II \u2013 BARRI\u00c8RES LEVANTS \u00c0 GRAND VOLUME<\/h1>\n<div data-canvas-width=\"825.4812130592156\">\n<div id=\"pageContainer1\" class=\"page\" data-page-number=\"1\" data-loaded=\"true\">\n<div class=\"textLayer\">\n<div data-canvas-width=\"524.4232367747579\">\n<div data-canvas-width=\"524.4232367747579\">\n<p style=\"text-align: center;\">La barri\u00e8re levante \u00e0 grand volume SECTOR II offre la meilleure s\u00e9curit\u00e9 pour les sites commerciaux, r\u00e9sidentiels et industriels, tout en facilitant la vie des installateurs gr\u00e2ce \u00e0 sa conception m\u00e9canique et \u00e9lectronique. Il y a aussi une mise en service rapide et facile via une interface graphique intuitive avec des fonctionnalit\u00e9s.<\/p>\n<p style=\"text-align: center;\">Cette barri\u00e8re levante aide \u00e0 se pr\u00e9munir contre les acc\u00e8s non autoris\u00e9s, le talonnage, le vol de v\u00e9hicules et le contournement des syst\u00e8mes de stationnement payant gr\u00e2ce \u00e0 son abaissement rapide de la perche, ce qui augmente consid\u00e9rablement la s\u00e9curit\u00e9. Lorsque nous avons d\u00e9velopp\u00e9 la barri\u00e8re levante \u00e0 grand volume SECTOR II, nous n&#8217;avons fait aucun compromis pour nous assurer qu&#8217;il s&#8217;agit d&#8217;une solution in\u00e9branlable de la plus haute qualit\u00e9 et durabilit\u00e9.<\/p>\n<\/div>\n<\/div>\n<\/div>\n<\/div>\n<\/div>\n<p>[\/et_pb_text][\/et_pb_column][\/et_pb_row][et_pb_row _builder_version=&#8221;4.16&#8243; custom_padding=&#8221;||0px|||&#8221; global_colors_info=&#8221;{}&#8221;][et_pb_column type=&#8221;4_4&#8243; _builder_version=&#8221;4.16&#8243; global_colors_info=&#8221;{}&#8221;][et_pb_image src=&#8221;https:\/\/www.centsys.com\/demo002\/img\/Barri\u00e8re levante automatique CENTURION SECTOR II.jpg&#8221; align=&#8221;center&#8221; _builder_version=&#8221;4.20.4&#8243; border_radii=&#8221;on|15px|15px|15px|15px&#8221; global_colors_info=&#8221;{}&#8221;][\/et_pb_image][et_pb_text _builder_version=&#8221;4.20.4&#8243; _module_preset=&#8221;default&#8221; global_colors_info=&#8221;{}&#8221;]<\/p>\n<h3>* NOUVEAU *<\/h3>\n<p>Notre refonte de la lisse \u00e0 un profil rectangulaire am\u00e9liore non seulement l&#8217;attrait visuel de la barri\u00e8re, mais am\u00e9liore \u00e9galement sa r\u00e9sistance et sa durabilit\u00e9. Le ruban LED facile \u00e0 fixer s&#8217;int\u00e8gre parfaitement \u00e0 la logique de la barri\u00e8re, fournissant une indication claire aux conducteurs lorsqu&#8217;il est s\u00fbr de continuer. La lisse mis \u00e0 jour ajoute aux performances \u00e0 long terme de la barri\u00e8re et rend l&#8217;op\u00e9rateur, tandis que le ruban LED offre une gestion du trafic beaucoup plus s\u00fbre et une plus grande tranquillit\u00e9 d&#8217;esprit.<\/p>\n<p>Une bo\u00eete de vitesses et un bo\u00eetier robustes et puissants offrent des performances \u00e0 long terme, pla\u00e7ant la barri\u00e8re levante SECTOR II dans une classe \u00e0 part.<\/p>\n<p>[\/et_pb_text][\/et_pb_column][\/et_pb_row][et_pb_row _builder_version=&#8221;4.20.4&#8243; _module_preset=&#8221;default&#8221; global_colors_info=&#8221;{}&#8221;][et_pb_column type=&#8221;4_4&#8243; _builder_version=&#8221;4.20.4&#8243; _module_preset=&#8221;default&#8221; global_colors_info=&#8221;{}&#8221;][et_pb_image src=&#8221;https:\/\/www.centsys.com\/demo002\/img\/Barri\u00e8re levante automatique CENTURION SECTOR II_2.jpg&#8221; _builder_version=&#8221;4.20.4&#8243; _module_preset=&#8221;default&#8221; border_radii=&#8221;on|15px|15px|15px|15px&#8221; global_colors_info=&#8221;{}&#8221;][\/et_pb_image][\/et_pb_column][\/et_pb_row][et_pb_row column_structure=&#8221;2_3,1_3&#8243; _builder_version=&#8221;4.16&#8243; locked=&#8221;off&#8221; global_colors_info=&#8221;{}&#8221;][et_pb_column type=&#8221;2_3&#8243; _builder_version=&#8221;4.16&#8243; global_colors_info=&#8221;{}&#8221;][et_pb_text _builder_version=&#8221;4.20.4&#8243; global_colors_info=&#8221;{}&#8221;]<\/p>\n<div class=\"et_pb_module et_pb_text et_pb_text_1 et_pb_text_align_left et_pb_bg_layout_light\">\n<div class=\"et_pb_text_inner\">\n<h5 class=\"p1\">CARACT\u00c9RISTIQUES PRINCIPALES:<\/h5>\n<ul>\n<li class=\"p1\">La capacit\u00e9 \u00e0 volume \u00e9lev\u00e9<\/li>\n<li class=\"p1\">Batterie de secours<\/li>\n<li class=\"p1\">El\u00e9vation rapide de la lisse (version 3 M\u00e8tres &lt;1,2 sec)<\/li>\n<li class=\"p1\">L&#8217;acheminement des c\u00e2bles am\u00e9lior\u00e9 et la s\u00e9curisation, fait pour une installation propre et bien rang\u00e9e<\/li>\n<li class=\"p1\">Electronique r\u00e9sident dans la partie sup\u00e9rieure de l&#8217;enceinte pour un acc\u00e8s facile<\/li>\n<li class=\"p1\">Couvercle en aluminium enduit de poudre donne \u00e0 l&#8217;unit\u00e9 uneapparence mise \u00e0 jour<\/li>\n<li class=\"p1\">Interface utilisateur LCD pour une configuration simple<\/li>\n<li class=\"p1\">R\u00e9cepteur de plusieurs canaux et de codes internes CENTURION,avec s\u00e9lection de l\u2019ajout et de la suppression<\/li>\n<li class=\"p1\">Syst\u00e8me de minuterie ChronoGuard int\u00e9gr\u00e9 (une invention unique \u00e0 Centurion Systems)<\/li>\n<li>Le bo\u00eetier pr\u00e9-galvanis\u00e9 am\u00e9liore la r\u00e9sistance \u00e0 la corrosion (de la variante en acier doux).<\/li>\n<li>L&#8217;\u00e9lectronique r\u00e9side en haut du bo\u00eetier pour un acc\u00e8s facile.<\/li>\n<li>Le couvercle en aluminium thermolaqu\u00e9 \u2013 avec pare-condensation \u2013 donne \u00e0 l&#8217;appareil une apparence moderne et prot\u00e8ge les composants \u00e9lectroniques des dommages caus\u00e9s par l&#8217;humidit\u00e9.<\/li>\n<li>L&#8217;acheminement et la fixation am\u00e9lior\u00e9s des c\u00e2bles permettent une installation propre.<\/li>\n<li>Isolation CA et CC facile \u00e0 activer.<\/li>\n<li>Disponible en trois couleurs. Veuillez noter qu&#8217;il y a un co\u00fbt suppl\u00e9mentaire pour la variante gris m\u00e9tallis\u00e9.<\/li>\n<\/ul>\n<p>&nbsp;<\/p>\n<h5 class=\"p1\">NOUVEAU Profil rectangulaire et ruban lumineux LED<\/h5>\n<ul>\n<li>Le profil rectangulaire am\u00e9liore la rigidit\u00e9 et am\u00e9liore l&#8217;attrait visuel<\/li>\n<li>Car\u00e9nage esth\u00e9tiquement am\u00e9lior\u00e9<\/li>\n<li>Pare-chocs en polym\u00e8re d&#8217;impact<\/li>\n<li>Adaptable \u00e0 la barri\u00e8re levante SECTOR II<\/li>\n<li>Accessoires disponibles<\/li>\n<li>Le degondable<\/li>\n<li>Jack-Knife &#8211; La lisse articul\u00e9e<\/li>\n<li>Cl\u00f4ture Trapex<\/li>\n<\/ul>\n<p>&nbsp;<\/p>\n<h5 class=\"p1\">MOD\u00c8LES:<\/h5>\n<\/div>\n<\/div>\n<div class=\"et_pb_module et_pb_text et_pb_text_2 et_pb_text_align_left et_pb_bg_layout_light\">\n<div class=\"et_pb_text_inner\">\n<ul>\n<li class=\"p1\">SECTOR 3 \u2013 Barri\u00e8re a grand volume de circulation avec une lisse de 3m<\/li>\n<li class=\"p1\">SECTOR 4.5 \u2013 Barri\u00e8re a grand volume de circulation avec une lisse de 4,5m<\/li>\n<li class=\"p1\">SECTOR 6 \u2013 Barri\u00e8re a grand volume de circulation avec une lisse de 6m<\/li>\n<\/ul>\n<\/div>\n<\/div>\n<p>[\/et_pb_text][\/et_pb_column][et_pb_column type=&#8221;1_3&#8243; _builder_version=&#8221;4.16&#8243; global_colors_info=&#8221;{}&#8221;][et_pb_image src=&#8221;https:\/\/www.centsys.com\/demo002\/img\/SECTOR II\/Logo &#8211; Barri\u00e8re levante automatique CENTURION SECTOR II..jpg&#8221; _builder_version=&#8221;4.16&#8243; custom_padding=&#8221;||||false|false&#8221; global_colors_info=&#8221;{}&#8221;][\/et_pb_image][et_pb_toggle title=&#8221;SECTOR II (Nouveau lisse rectangulaire led)&#8221; admin_label=&#8221;SECTOR II (LED BOOM POLE) Toggle&#8221; _builder_version=&#8221;4.27.4&#8243; _module_preset=&#8221;default&#8221; hover_enabled=&#8221;0&#8243; global_colors_info=&#8221;{}&#8221; sticky_enabled=&#8221;0&#8243;]<\/p>\n<ul>\n<li><a href=\"https:\/\/www.centsys.com\/demo002\/pdf\/sectorii\/1246.D.02.0012%20SECTOR%20II%20Rec%20Boom%20Pole%20Brochure%20CENTURION%20FRENCH_09052023_MT_Web.pdf\">SECTOR II Brochure (Nouveau lisse rectangulaire led) (1.77MB)<\/a><\/li>\n<li><a href=\"https:\/\/www.centsys.com\/demo002\/pdf\/sectorii\/1246.D.01.0027%20Sector%20II%20Rec%20Boom%20Pole%20LED%20Installation%20Manual%20CENTURION%20FRENCH_15122025_MT_Web.pdf\" target=\"_blank\" rel=\"noopener\">SECTOR II Manuel d&#8217;installation (Nouveau lisse rectangulaire led) (1.46MB)<\/a><\/li>\n<li><a href=\"https:\/\/www.centsys.com\/demo002\/pdf\/sectorii\/1314.D.01.0009%20Sector%20II%20Rec%20Boom%20Pole%20TRAPEX%20Installation%20Manual%20CENTURION%20FRENCH_17042023_MT_Web.pdf\">Manuel d\u2019installation de la TRAPEX de la lisse rectangulaire du SECTOR II (1.29MB)<\/a><\/li>\n<li><a href=\"https:\/\/www.centsys.com\/demo002\/pdf\/sectorii\/1314.D.01.0010%20Sector%20II%20Round%20Boom%20Pole%20TRAPEX%20Installation%20Manual%20CENTURION%20FRENCH_17042023_MT_Web.pdf\">Manuel d\u2019installation de la TRAPEX de la lisse ronde du SECTOR II (1.27MB)<\/a><\/li>\n<li><a href=\"https:\/\/www.centsys.com\/demo002\/pdf\/sectorii\/1246.D.01.0029%20Sector%20II%20Rec%20Boom%20Pole%20Joiner%20Installation%20Manual%20CENTURION%20FRENCH_14042023_MT_Web.pdf\">Manuel d\u2019installation du connecteur de la lisse rectangulaire du SECTOR II (1.21MB)<\/a><\/li>\n<li><a href=\"https:\/\/www.centsys.com\/demo002\/pdf\/sectorii\/1246.D.01.0030%20Sector%20II%20Rec%20Boom%20Pole%20Shroud%20Installation%20Manual%20CENTURION%20FRENCH_14042023_MT_Web.pdf\">Manuel d\u2019installation du capot de la lisse rectangulaire du SECTOR II (1.20MB)<\/a><\/li>\n<li><a href=\"https:\/\/www.centsys.com\/demo002\/pdf\/sectorii\/1246.D.01.0025%20Sector%20II%20Rec%20Boom%20Breakaway%20Coupling%20Installation%20Manual%20CENTURION%20FRENCH_09052023_MT_Web.pdf\">Manuel d\u2019installation du couplage degondable de la lisse rectangulaire du SECTOR II (1.27MB)<\/a><\/li>\n<li><a href=\"https:\/\/www.centsys.com\/demo002\/pdf\/sectorii\/1246.D.01.0028%20Sector%20II%20Rec%20Boom%20Pole%20Jack-knife%20LED%20Installation%20Manual%20CENTURION%20FRENCH_18042023_MT_Web.pdf\">Manuel d&#8217;installation de la led de la barri\u00e8re articul\u00e9e de la lisse rectangulaire du SECTOR II (1.68MB)<\/a><\/li>\n<li><a href=\"https:\/\/www.centsys.com\/demo002\/pdf\/sectorii\/1246.D.01.0026%20Sector%20II%20Rec%20Boom%20Pole%20Jack-knife%20Installation%20Manual%20CENTURION%20FRENCH_04042023_MT_Web.pdf\">Manuel d\u2019installation de la barri\u00e8re articul\u00e9e de la lisse rectangulaire du SECTOR II (1.66MB)<\/a><\/li>\n<li><a href=\"https:\/\/www.centsys.com\/demo002\/pdf\/sectorii\/1246.D.01.0024%20Sector%20II%20Rec%20Boom%20Coupling%20Installation%20Manual%20CENTURION%20FRENCH_15122025_MT_Web.pdf\" target=\"_blank\" rel=\"noopener\">Manuel d\u2019installation du coupleur de la lisse rectangulaire du SECTOR II (1.21MB)<\/a><\/li>\n<\/ul>\n<p>[\/et_pb_toggle][et_pb_toggle title=&#8221;SECTOR II&#8221; admin_label=&#8221;SECTOR II Toggle&#8221; _builder_version=&#8221;4.23.1&#8243; _module_preset=&#8221;default&#8221; global_colors_info=&#8221;{}&#8221;]<\/p>\n<ul>\n<li><a href=\"https:\/\/www.centsys.com\/demo002\/pdf\/Centurion%20Systems%20SECTOR%20II%20Brochure%20FR.PDF\">SECTOR II Brochure (2.24MB)<\/a><\/li>\n<li><a href=\"https:\/\/www.centsys.com\/demo002\/pdf\/sectorii\/1246.D.01.0005 - SECTOR II Installation Manual FRENCH_26012024_MT_Web.pdf\" data-wplink-url-error=\"true\">SECTOR II Manuel d&#8217;installation (8.38MB)<\/a><\/li>\n<li><a href=\"https:\/\/www.centsys.com\/demo002\/pdf\/CENTURION%20SECTOR%20II%20%20Pre-installation%20guide%20FR.pdf\">SECTOR II Guide de pr\u00e9-installation de l\u2019acheteur (1.29MB)<\/a><\/li>\n<li><a href=\"https:\/\/www.centsys.com\/demo002\/pdf\/CENTUION%20SECTOR%20II%20%20Installation%20Manual%20FR.pdf\">SECTOR II Guide d\u2019achat avant l\u2019installation (1.45MB)<\/a><\/li>\n<\/ul>\n<p>[\/et_pb_toggle][\/et_pb_column][\/et_pb_row][et_pb_row _builder_version=&#8221;4.16&#8243; global_colors_info=&#8221;{}&#8221;][et_pb_column type=&#8221;4_4&#8243; _builder_version=&#8221;4.16&#8243; global_colors_info=&#8221;{}&#8221;][et_pb_text _builder_version=&#8221;4.16&#8243; global_colors_info=&#8221;{}&#8221;]<\/p>\n<h5 class=\"p1\">CARACT\u00c9RISTIQUES TECHNIQUES DE SECTOR II:<\/h5>\n<div id=\"footable_parent_3020\"\n         class=\" footable_parent ninja_table_wrapper loading_ninja_table wp_table_data_press_parent semantic_ui \">\n                <table data-ninja_table_instance=\"ninja_table_instance_0\" data-footable_id=\"3020\" data-filter-delay=\"1000\" aria-label=\"SECTOR II\"            id=\"footable_3020\"\n           data-unique_identifier=\"ninja_table_unique_id_2713558707_3020\"\n           class=\" foo-table ninja_footable foo_table_3020 ninja_table_unique_id_2713558707_3020 ui table  nt_type_ajax_table selectable striped vertical_centered  footable-paging-right ninja_table_search_disabled\">\n                <colgroup>\n                            <col class=\"ninja_column_0 \">\n                            <col class=\"ninja_column_1 \">\n                            <col class=\"ninja_column_2 \">\n                            <col class=\"ninja_column_3 \">\n                    <\/colgroup>\n            <\/table>\n    \n    \n    \n<\/div>\n\n<p class=\"p1\">[1] Peut fonctionner \u00e0 partir d\u2019une alimentation solaire, consultez Centurion Systems pour plus d&#8217;assistance.<br \/>[2] Peut augmenter la duree de la batterie<br \/>[3] Operateur base excluant le detcteur de fermeure<br \/>[4] Limite par un maximum d&#8217;usage par jour<\/p>\n<p>&nbsp;<\/p>\n<p>[\/et_pb_text][\/et_pb_column][\/et_pb_row][et_pb_row column_structure=&#8221;1_3,1_3,1_3&#8243; _builder_version=&#8221;4.16&#8243; global_colors_info=&#8221;{}&#8221;][et_pb_column type=&#8221;1_3&#8243; _builder_version=&#8221;4.16&#8243; global_colors_info=&#8221;{}&#8221;][et_pb_image src=&#8221;https:\/\/www.centsys.com\/demo002\/img\/Barri\u00e8re levante automatique CENTURION SECTOR II &#8211; Gris.jpg&#8221; show_in_lightbox=&#8221;on&#8221; align=&#8221;center&#8221; _builder_version=&#8221;4.20.4&#8243; global_colors_info=&#8221;{}&#8221;][\/et_pb_image][\/et_pb_column][et_pb_column type=&#8221;1_3&#8243; _builder_version=&#8221;4.16&#8243; global_colors_info=&#8221;{}&#8221;][et_pb_image src=&#8221;https:\/\/www.centsys.com\/demo002\/img\/Barri\u00e8re levante automatique CENTURION SECTOR II &#8211; Jaune.jpg&#8221; show_in_lightbox=&#8221;on&#8221; align=&#8221;center&#8221; _builder_version=&#8221;4.20.4&#8243; global_colors_info=&#8221;{}&#8221;][\/et_pb_image][\/et_pb_column][et_pb_column type=&#8221;1_3&#8243; _builder_version=&#8221;4.16&#8243; global_colors_info=&#8221;{}&#8221;][et_pb_image src=&#8221;https:\/\/www.centsys.com\/demo002\/img\/Barri\u00e8re levante automatique CENTURION SECTOR II &#8211; Blanc.jpg&#8221; show_in_lightbox=&#8221;on&#8221; align=&#8221;center&#8221; _builder_version=&#8221;4.20.4&#8243; global_colors_info=&#8221;{}&#8221;][\/et_pb_image][\/et_pb_column][\/et_pb_row][et_pb_row _builder_version=&#8221;4.16&#8243; global_colors_info=&#8221;{}&#8221;][et_pb_column type=&#8221;4_4&#8243; _builder_version=&#8221;4.16&#8243; global_colors_info=&#8221;{}&#8221;][et_pb_image src=&#8221;https:\/\/www.centsys.com\/demo002\/img\/admin\/Abonnez-vous %C3%A0 notre bulletin CENTURION.jpg&#8221; url=&#8221;@ET-DC@eyJkeW5hbWljIjp0cnVlLCJjb250ZW50IjoicG9zdF9saW5rX3VybF9wYWdlIiwic2V0dGluZ3MiOnsicG9zdF9pZCI6IjM1MiJ9fQ==@&#8221; align=&#8221;center&#8221; _builder_version=&#8221;4.23.1&#8243; _dynamic_attributes=&#8221;url&#8221; saved_tabs=&#8221;all&#8221; global_colors_info=&#8221;{}&#8221;][\/et_pb_image][\/et_pb_column][\/et_pb_row][\/et_pb_section][et_pb_section fb_built=&#8221;1&#8243; fullwidth=&#8221;on&#8221; admin_label=&#8221;THIS IS THE MID SECTION BANNER SITE WIDE&#8221; _builder_version=&#8221;4.27.4&#8243; _module_preset=&#8221;default&#8221; global_module=&#8221;25449&#8243; global_colors_info=&#8221;{}&#8221;][et_pb_fullwidth_image src=&#8221;https:\/\/www.centsys.com\/demo002\/img\/blog\/Centurion_Assistance%20technique%20WhatsApp_Pied%20de%20page%20Web.jpg&#8221; url=&#8221;https:\/\/www.centsys.com\/demo002\/ecrivez-bonjour-avec-notre-ligne-dassistance-technique-whatsapp\/&#8221; url_new_window=&#8221;on&#8221; admin_label=&#8221;FOOTER_SITE WIDE&#8221; _builder_version=&#8221;4.27.4&#8243; _module_preset=&#8221;default&#8221; global_colors_info=&#8221;{}&#8221;][\/et_pb_fullwidth_image][et_pb_fullwidth_header button_one_text=&#8221;Contactez-nous&#8221; button_one_url=&#8221;https:\/\/www.centsys.com\/demo002\/coordonnees\/&#8221; button_two_text=&#8221;Support Technique&#8221; button_two_url=&#8221;https:\/\/www.centsys.com\/demo002\/support-technique\/&#8221; disabled_on=&#8221;on|on|on&#8221; _builder_version=&#8221;4.27.0&#8243; _module_preset=&#8221;default&#8221; background_color=&#8221;#c1c1c1&#8243; custom_button_one=&#8221;on&#8221; button_one_text_color=&#8221;#FFFFFF&#8221; button_one_bg_color=&#8221;#999999&#8243; button_one_border_color=&#8221;#999999&#8243; custom_button_two=&#8221;on&#8221; button_two_text_color=&#8221;#FFFFFF&#8221; button_two_bg_color=&#8221;#999999&#8243; button_two_border_color=&#8221;#999999&#8243; custom_margin=&#8221;||-4px|||&#8221; custom_padding=&#8221;6px||17px|||&#8221; button_two_bg_color_tablet=&#8221;#999999&#8243; button_two_bg_color_phone=&#8221;#999999&#8243; button_two_bg_color_last_edited=&#8221;on|desktop&#8221; disabled=&#8221;on&#8221; global_colors_info=&#8221;{}&#8221; button_one_bg_color__hover_enabled=&#8221;on|desktop&#8221; button_one_bg_color__hover=&#8221;#81c341&#8243; button_one_bg_enable_color__hover=&#8221;on&#8221; button_one_border_color__hover_enabled=&#8221;on|hover&#8221; button_one_border_color__hover=&#8221;#81c341&#8243; button_two_bg_color__hover_enabled=&#8221;on|hover&#8221; button_two_bg_color__hover=&#8221;#81c341&#8243; button_two_bg_enable_color__hover=&#8221;on&#8221; button_two_border_color__hover_enabled=&#8221;on|hover&#8221; button_two_border_color__hover=&#8221;#81c341&#8243;][\/et_pb_fullwidth_header][\/et_pb_section]<\/p>\n","protected":false},"excerpt":{"rendered":"<p><span><span><a href=\"https:\/\/www.centsys.com\/demo002\/\">ACCUEIL<\/a><\/span><\/span>SECTOR II \u2013 BARRI\u00c8RES LEVANTS \u00c0 GRAND VOLUME La barri\u00e8re levante \u00e0 grand volume SECTOR II offre la meilleure s\u00e9curit\u00e9 pour les sites commerciaux, r\u00e9sidentiels et industriels, tout en facilitant la vie des installateurs gr\u00e2ce \u00e0 sa conception m\u00e9canique et \u00e9lectronique. Il y a aussi une mise en service rapide et facile via une interface [&hellip;]<\/p>\n","protected":false},"author":1,"featured_media":0,"parent":0,"menu_order":0,"comment_status":"closed","ping_status":"closed","template":"","meta":{"_et_pb_use_builder":"on","_et_pb_old_content":"","_et_gb_content_width":"","_joinchat":[],"footnotes":""},"class_list":["post-1248","page","type-page","status-publish","hentry"],"yoast_head":"<!-- This site is optimized with the Yoast SEO Premium plugin v27.3 (Yoast SEO v27.4) - https:\/\/yoast.com\/product\/yoast-seo-premium-wordpress\/ -->\r\n<title>SECTOR II - Barri\u00e8re Levante de Grand Volume - Centurion Systems<\/title>\r\n<meta name=\"description\" content=\"C&#039;est une barri\u00e8re levante avec \u00e9l\u00e9gance, pr\u00e9cision et tr\u00e8s intelligent. Barri\u00e8re a grand volume de circulation avec une lisse de 3m,4,5m et 6m.\" \/>\r\n<meta name=\"robots\" content=\"index, follow, max-snippet:-1, max-image-preview:large, max-video-preview:-1\" \/>\r\n<link rel=\"canonical\" href=\"https:\/\/www.centsys.com\/demo002\/barriere-levante-sector-ii\/\" \/>\r\n<meta property=\"og:locale\" content=\"en_US\" \/>\r\n<meta property=\"og:type\" content=\"article\" \/>\r\n<meta property=\"og:title\" content=\"SECTOR II\" \/>\r\n<meta property=\"og:description\" content=\"C&#039;est une barri\u00e8re levante avec \u00e9l\u00e9gance, pr\u00e9cision et tr\u00e8s intelligent. Barri\u00e8re a grand volume de circulation avec une lisse de 3m,4,5m et 6m.\" \/>\r\n<meta property=\"og:url\" content=\"https:\/\/www.centsys.com\/demo002\/barriere-levante-sector-ii\/\" \/>\r\n<meta property=\"og:site_name\" content=\"Centurion Systems French\" \/>\r\n<meta property=\"article:modified_time\" content=\"2025-12-18T06:13:57+00:00\" \/>\r\n<meta name=\"twitter:card\" content=\"summary_large_image\" \/>\r\n<meta name=\"twitter:label1\" content=\"Est. reading time\" \/>\n\t<meta name=\"twitter:data1\" content=\"5 minutes\" \/>\r\n<script type=\"application\/ld+json\" class=\"yoast-schema-graph\">{\"@context\":\"https:\\\/\\\/schema.org\",\"@graph\":[{\"@type\":\"WebPage\",\"@id\":\"https:\\\/\\\/www.centsys.com\\\/demo002\\\/barriere-levante-sector-ii\\\/\",\"url\":\"https:\\\/\\\/www.centsys.com\\\/demo002\\\/barriere-levante-sector-ii\\\/\",\"name\":\"SECTOR II - Barri\u00e8re Levante de Grand Volume - Centurion Systems\",\"isPartOf\":{\"@id\":\"https:\\\/\\\/www.centsys.com\\\/demo002\\\/#website\"},\"datePublished\":\"2020-03-09T11:48:02+00:00\",\"dateModified\":\"2025-12-18T06:13:57+00:00\",\"description\":\"C'est une barri\u00e8re levante avec \u00e9l\u00e9gance, pr\u00e9cision et tr\u00e8s intelligent. Barri\u00e8re a grand volume de circulation avec une lisse de 3m,4,5m et 6m.\",\"breadcrumb\":{\"@id\":\"https:\\\/\\\/www.centsys.com\\\/demo002\\\/barriere-levante-sector-ii\\\/#breadcrumb\"},\"inLanguage\":\"en-ZA\",\"potentialAction\":[{\"@type\":\"ReadAction\",\"target\":[\"https:\\\/\\\/www.centsys.com\\\/demo002\\\/barriere-levante-sector-ii\\\/\"]}]},{\"@type\":\"BreadcrumbList\",\"@id\":\"https:\\\/\\\/www.centsys.com\\\/demo002\\\/barriere-levante-sector-ii\\\/#breadcrumb\",\"itemListElement\":[{\"@type\":\"ListItem\",\"position\":1,\"name\":\"ACCUEIL\",\"item\":\"https:\\\/\\\/www.centsys.com\\\/demo002\\\/\"},{\"@type\":\"ListItem\",\"position\":2,\"name\":\"SECTOR II\"}]},{\"@type\":\"WebSite\",\"@id\":\"https:\\\/\\\/www.centsys.com\\\/demo002\\\/#website\",\"url\":\"https:\\\/\\\/www.centsys.com\\\/demo002\\\/\",\"name\":\"Centurion Systems French\",\"description\":\"Produits D\u2019automatisation D\u2019acc\u00e8s\",\"potentialAction\":[{\"@type\":\"SearchAction\",\"target\":{\"@type\":\"EntryPoint\",\"urlTemplate\":\"https:\\\/\\\/www.centsys.com\\\/demo002\\\/?s={search_term_string}\"},\"query-input\":{\"@type\":\"PropertyValueSpecification\",\"valueRequired\":true,\"valueName\":\"search_term_string\"}}],\"inLanguage\":\"en-ZA\"}]}<\/script>\r\n<!-- \/ Yoast SEO Premium plugin. -->","yoast_head_json":{"title":"SECTOR II - Barri\u00e8re Levante de Grand Volume - Centurion Systems","description":"C'est une barri\u00e8re levante avec \u00e9l\u00e9gance, pr\u00e9cision et tr\u00e8s intelligent. Barri\u00e8re a grand volume de circulation avec une lisse de 3m,4,5m et 6m.","robots":{"index":"index","follow":"follow","max-snippet":"max-snippet:-1","max-image-preview":"max-image-preview:large","max-video-preview":"max-video-preview:-1"},"canonical":"https:\/\/www.centsys.com\/demo002\/barriere-levante-sector-ii\/","og_locale":"en_US","og_type":"article","og_title":"SECTOR II","og_description":"C'est une barri\u00e8re levante avec \u00e9l\u00e9gance, pr\u00e9cision et tr\u00e8s intelligent. Barri\u00e8re a grand volume de circulation avec une lisse de 3m,4,5m et 6m.","og_url":"https:\/\/www.centsys.com\/demo002\/barriere-levante-sector-ii\/","og_site_name":"Centurion Systems French","article_modified_time":"2025-12-18T06:13:57+00:00","twitter_card":"summary_large_image","twitter_misc":{"Est. reading time":"5 minutes"},"schema":{"@context":"https:\/\/schema.org","@graph":[{"@type":"WebPage","@id":"https:\/\/www.centsys.com\/demo002\/barriere-levante-sector-ii\/","url":"https:\/\/www.centsys.com\/demo002\/barriere-levante-sector-ii\/","name":"SECTOR II - Barri\u00e8re Levante de Grand Volume - Centurion Systems","isPartOf":{"@id":"https:\/\/www.centsys.com\/demo002\/#website"},"datePublished":"2020-03-09T11:48:02+00:00","dateModified":"2025-12-18T06:13:57+00:00","description":"C'est une barri\u00e8re levante avec \u00e9l\u00e9gance, pr\u00e9cision et tr\u00e8s intelligent. Barri\u00e8re a grand volume de circulation avec une lisse de 3m,4,5m et 6m.","breadcrumb":{"@id":"https:\/\/www.centsys.com\/demo002\/barriere-levante-sector-ii\/#breadcrumb"},"inLanguage":"en-ZA","potentialAction":[{"@type":"ReadAction","target":["https:\/\/www.centsys.com\/demo002\/barriere-levante-sector-ii\/"]}]},{"@type":"BreadcrumbList","@id":"https:\/\/www.centsys.com\/demo002\/barriere-levante-sector-ii\/#breadcrumb","itemListElement":[{"@type":"ListItem","position":1,"name":"ACCUEIL","item":"https:\/\/www.centsys.com\/demo002\/"},{"@type":"ListItem","position":2,"name":"SECTOR II"}]},{"@type":"WebSite","@id":"https:\/\/www.centsys.com\/demo002\/#website","url":"https:\/\/www.centsys.com\/demo002\/","name":"Centurion Systems French","description":"Produits D\u2019automatisation D\u2019acc\u00e8s","potentialAction":[{"@type":"SearchAction","target":{"@type":"EntryPoint","urlTemplate":"https:\/\/www.centsys.com\/demo002\/?s={search_term_string}"},"query-input":{"@type":"PropertyValueSpecification","valueRequired":true,"valueName":"search_term_string"}}],"inLanguage":"en-ZA"}]}},"_links":{"self":[{"href":"https:\/\/www.centsys.com\/demo002\/wp-json\/wp\/v2\/pages\/1248","targetHints":{"allow":["GET"]}}],"collection":[{"href":"https:\/\/www.centsys.com\/demo002\/wp-json\/wp\/v2\/pages"}],"about":[{"href":"https:\/\/www.centsys.com\/demo002\/wp-json\/wp\/v2\/types\/page"}],"author":[{"embeddable":true,"href":"https:\/\/www.centsys.com\/demo002\/wp-json\/wp\/v2\/users\/1"}],"replies":[{"embeddable":true,"href":"https:\/\/www.centsys.com\/demo002\/wp-json\/wp\/v2\/comments?post=1248"}],"version-history":[{"count":0,"href":"https:\/\/www.centsys.com\/demo002\/wp-json\/wp\/v2\/pages\/1248\/revisions"}],"wp:attachment":[{"href":"https:\/\/www.centsys.com\/demo002\/wp-json\/wp\/v2\/media?parent=1248"}],"curies":[{"name":"wp","href":"https:\/\/api.w.org\/{rel}","templated":true}]}}