{"id":125,"date":"2020-03-03T10:24:32","date_gmt":"2020-03-03T10:24:32","guid":{"rendered":"https:\/\/www.centsys.co.za\/fr\/?page_id=125"},"modified":"2024-02-15T12:21:45","modified_gmt":"2024-02-15T10:21:45","slug":"questions-frequemment-posees-sur-les-produits-centurion","status":"publish","type":"page","link":"https:\/\/www.centsys.com\/demo002\/questions-frequemment-posees-sur-les-produits-centurion\/","title":{"rendered":"Questions fr\u00e9quemment pos\u00e9es sur les produits CENTURION"},"content":{"rendered":"<p>[et_pb_section fb_built=&#8221;1&#8243; fullwidth=&#8221;on&#8221; _builder_version=&#8221;4.16&#8243; global_colors_info=&#8221;{}&#8221;][et_pb_fullwidth_image src=&#8221;https:\/\/www.centsys.com\/demo002\/img\/Questions%20fr%C3%A9quemment%20pos%C3%A9es\/Questions%20fr%C3%A9quemment%20pos%C3%A9es%20Centurion%20Systems.jpg&#8221; _builder_version=&#8221;4.16&#8243; global_colors_info=&#8221;{}&#8221;][\/et_pb_fullwidth_image][\/et_pb_section][et_pb_section fb_built=&#8221;1&#8243; fullwidth=&#8221;on&#8221; _builder_version=&#8221;4.20.4&#8243; background_color=&#8221;#e5e5e5&#8243; use_background_color_gradient=&#8221;on&#8221; background_color_gradient_stops=&#8221;#e5e5e5 0%|#e5e5e5 100%&#8221; background_color_gradient_start=&#8221;#e5e5e5&#8243; background_color_gradient_end=&#8221;#e5e5e5&#8243; transform_translate=&#8221;-13px|269px&#8221; background_color_gradient_stops_tablet=&#8221;#e5e5e5 0%|#e5e5e5 100%&#8221; background_color_gradient_stops_phone=&#8221;#e5e5e5 0%|#e5e5e5 100%&#8221; global_module=&#8221;5513&#8243; global_colors_info=&#8221;{}&#8221;][et_pb_fullwidth_code _builder_version=&#8221;4.20.4&#8243; _module_preset=&#8221;default&#8221; global_colors_info=&#8221;{}&#8221;]<span><span><a href=\"https:\/\/www.centsys.com\/demo002\/\">ACCUEIL<\/a><\/span><\/span>[\/et_pb_fullwidth_code][\/et_pb_section][et_pb_section fb_built=&#8221;1&#8243; _builder_version=&#8221;4.16&#8243; custom_padding=&#8221;||1px|||&#8221; global_colors_info=&#8221;{}&#8221;][et_pb_row _builder_version=&#8221;4.16&#8243; global_colors_info=&#8221;{}&#8221;][et_pb_column type=&#8221;4_4&#8243; _builder_version=&#8221;4.16&#8243; global_colors_info=&#8221;{}&#8221;][et_pb_text _builder_version=&#8221;4.16&#8243; global_colors_info=&#8221;{}&#8221;]<\/p>\n<h1 class=\"p1\" style=\"text-align: center;\">QUESTIONS FR\u00c9QUEMMENT POS\u00c9ES SUR LES PRODUITS CENTURION<\/h1>\n<div data-canvas-width=\"825.4812130592156\">\n<div id=\"pageContainer1\" class=\"page\" data-page-number=\"1\" data-loaded=\"true\">\n<div class=\"textLayer\">\n<div data-canvas-width=\"524.4232367747579\">\n<div data-canvas-width=\"524.4232367747579\">\n<div data-canvas-width=\"193.25561975808\">\n<p class=\"p1\">\n<\/div>\n<\/div>\n<\/div>\n<\/div>\n<\/div>\n<\/div>\n<p>[\/et_pb_text][\/et_pb_column][\/et_pb_row][et_pb_row column_structure=&#8221;1_2,1_2&#8243; _builder_version=&#8221;4.16&#8243; global_colors_info=&#8221;{}&#8221;][et_pb_column type=&#8221;1_2&#8243; _builder_version=&#8221;4.16&#8243; global_colors_info=&#8221;{}&#8221;][et_pb_toggle title=&#8221;Pourquoi utiliser un moteur CC ou un moteur fonctionnant sur batterie  pour un portail?&#8221; open_toggle_text_color=&#8221;#6d6e71&#8243; open_toggle_background_color=&#8221;#f9f9f9&#8243; closed_toggle_background_color=&#8221;#f9f9f9&#8243; icon_color=&#8221;#6d6e71&#8243; open_icon_color=&#8221;#6d6e71&#8243; _builder_version=&#8221;4.16&#8243; title_text_color=&#8221;#6d6e71&#8243; global_colors_info=&#8221;{}&#8221;]<\/p>\n<p>Un moteur \u00e0 courant continu a un excellent couple de d\u00e9marrage (bien sup\u00e9rieur \u00e0 celui d\u2019un moteur \u00e0 courant alternatif). Ce couple de d\u00e9marrage \u00e9lev\u00e9 est id\u00e9al pour surmonter le frottement initial qui consiste \u00e0 faire avancer le portail et \u00e0 l\u2019acc\u00e9l\u00e9rer jusqu\u2019\u00e0 sa vitesse de croisi\u00e8re.<\/p>\n<p>La vitesse d\u2019un moteur \u00e0 courant continu est facile \u00e0 contr\u00f4ler, ce qui permet \u00a0d\u2019acc\u00e9l\u00e9rer et de ralentir doucement \u00a0le portail \u00a0selon le besoin (voir le moteur D5).<\/p>\n<p>Le moteur \u00e0 courant continu est plus efficace que les moteurs \u00e0 courant alternatif comparables, ce qui \u00e9limine pratiquement tout arr\u00eat d\u00fb \u00e0 une surchauffe.<\/p>\n<p>Avec une batterie, le portail peut \u00eatre \u00a0actionn\u00e9 un nombre limit\u00e9 de fois \u00a0\u00a0en cas de panne de courant totale. (Le nombre \u00a0r\u00e9el d\u2019op\u00e9rations d\u00e9pend de la capacit\u00e9 de la batterie.)<\/p>\n<p>Dans les zones o\u00f9 il n\u2019y a pas d\u2019alimentation secteur, un panneau solaire peut \u00eatre utilis\u00e9 pour charger une batterie. Les applications typiques sont les communaut\u00e9s agricoles, les sites de haute s\u00e9curit\u00e9 situ\u00e9s dans les zones montagneuses, etc\u2026<\/p>\n<p>[\/et_pb_toggle][et_pb_toggle title=&#8221;Qu\u2019est-ce que le mode CONDOMINIUM?&#8221; open_toggle_text_color=&#8221;#6d6e71&#8243; open_toggle_background_color=&#8221;#f9f9f9&#8243; closed_toggle_background_color=&#8221;#f9f9f9&#8243; icon_color=&#8221;#6d6e71&#8243; open_icon_color=&#8221;#6d6e71&#8243; _builder_version=&#8221;4.16&#8243; title_text_color=&#8221;#6d6e71&#8243; global_colors_info=&#8221;{}&#8221;]<\/p>\n<p class=\"p1\">Il s\u2019agit d\u2019un mode de fonctionnement qui est g\u00e9n\u00e9ralement utilis\u00e9 dans les condominiums (complexes de maisons en rang\u00e9e)ou les sites \u00a0commerciaux o\u00f9 \u00a0de nombreuses personnes peuvent essayer\u00a0 \u00a0de contr\u00f4ler le fonctionnement d\u2019une barri\u00e8re en m\u00eame temps. Lorsque le mode Condominium est s\u00e9lectionn\u00e9, toutes les entr\u00e9es de d\u00e9clenchement \u00a0auront pour effet d\u2019ouvrir un portail ferm\u00e9 ou de le fermer, mais \u00a0ignoreront si le portail \u00a0est d\u00e9j\u00e0 ouverte\u00a0 . Cela implique qu\u2019il n\u2019est pas possible de donner un signal de d\u00e9clencheur pour fermer un portail qui est ouvert. L r\u00e9gulateur installe automatiquement la fonction \u201cfermeture automatique\u201d et c\u2019est le \u00a0minuteur de fermeture automatique qui provoque la fermeture du portail. Le temps de fermeture automatique peut \u00eatre r\u00e9gl\u00e9 de 1 \u00e0 255 secondes. (Dans ce mode, il n\u2019est pas possible d\u2019utiliser la fonction d\u2019annulation de la fermeture automatique des \u00a0automates Centurion). Tout signal de d\u00e9clenchement donn\u00e9 pendant la p\u00e9riode o\u00f9 le portail est en position \u00a0d\u2019ouverture compl\u00e8te a pour effet de \u00a0relancer le compte \u00e0 rebours de fermeture automatique.<\/p>\n<p>[\/et_pb_toggle][et_pb_toggle title=&#8221;Qu\u2019est-ce que le mode PIRAC ?&#8221; open_toggle_text_color=&#8221;#6d6e71&#8243; open_toggle_background_color=&#8221;#f9f9f9&#8243; closed_toggle_background_color=&#8221;#f9f9f9&#8243; icon_color=&#8221;#6d6e71&#8243; open_icon_color=&#8221;#6d6e71&#8243; _builder_version=&#8221;4.16&#8243; title_text_color=&#8221;#6d6e71&#8243; global_colors_info=&#8221;{}&#8221;]<\/p>\n<p>PIRAC est l\u2019abr\u00e9viation de&#8221; Passive Infra Red Auto Close&#8221;. Il s\u2019agit d\u2019un mode de fonctionnement qui provoque la fermeture \u00a0du portail imm\u00e9diatement apr\u00e8s \u00a0que le faisceau infrarouge ait \u00e9t\u00e9 lib\u00e9r\u00e9 par un objet. Tout d\u00e9clencheur de la carte de \u00a0commande entra\u00eenera l\u2019ouverture d\u2019un portail d\u00e9j\u00e0 ferm\u00e9 ou en cours de fermeture. S\u2019il est d\u00e9j\u00e0 ouvert, le signal de d\u00e9clenchement est ignor\u00e9. Si le portail est ouvert, mais que le faisceau n\u2019est pas \u00a0int\u00e9rrompu, le portail commencera imm\u00e9diatement \u00e0 se fermer lorsqu\u2019il atteint son point final programm\u00e9 et compl\u00e8tement ouvert. Il s\u2019agit donc d\u2019un mode de haute s\u00e9curit\u00e9.<\/p>\n<p>[\/et_pb_toggle][et_pb_toggle title=&#8221;Comment fixer  la cr\u00e9maill\u00e8re pour des installations en acier?&#8221; open_toggle_text_color=&#8221;#6d6e71&#8243; open_toggle_background_color=&#8221;#f9f9f9&#8243; closed_toggle_background_color=&#8221;#f9f9f9&#8243; icon_color=&#8221;#6d6e71&#8243; open_icon_color=&#8221;#6d6e71&#8243; _builder_version=&#8221;4.16&#8243; title_text_color=&#8221;#6d6e71&#8243; global_colors_info=&#8221;{}&#8221;]<\/p>\n<p>Il est recommand\u00e9 d\u2019utiliser quatre points de soudure \u00a0distincts lors du montage de la cr\u00e9maill\u00e8re sur le support.<\/p>\n<p>[\/et_pb_toggle][\/et_pb_column][et_pb_column type=&#8221;1_2&#8243; _builder_version=&#8221;4.16&#8243; global_colors_info=&#8221;{}&#8221;][et_pb_toggle title=&#8221;Combien de fois puis-je ouvrir mon portail D5-Evo en cas de panne de courant ?&#8221; open_toggle_text_color=&#8221;#6d6e71&#8243; open_toggle_background_color=&#8221;#f9f9f9&#8243; closed_toggle_background_color=&#8221;#f9f9f9&#8243; icon_color=&#8221;#6d6e71&#8243; open_icon_color=&#8221;#6d6e71&#8243; _builder_version=&#8221;4.16&#8243; title_text_color=&#8221;#6d6e71&#8243; global_colors_info=&#8221;{}&#8221;]<\/p>\n<p>Cela d\u00e9pend du poids du portail, de la friction de roulement (ou de la force de traction appliqu\u00e9e), de la longueur du portail et de la taille de la batterie. \u00c0 titre indicatif, un portail typique d\u2019environ 4 \u00e0 5 m\u00e8tres, sur rail rond avec des roulements \u00a0\u00a0\u00e0 billes de bonne qualit\u00e9, utilisant une batterie de 7 A\/H, s\u2019ouvrira et se fermera environ 15 fois.<\/p>\n<p>Quand le portail se ferme, \u00a0il semble heurter un obstacle et se r\u00e9ouvrir. Cela peut arriver \u00a03 fois de suite.<\/p>\n<p>Quelque chose limite le portail lorsqu\u2019 il atteint la position ferm\u00e9e, activant le m\u00e9canisme de sensibilit\u00e9 pour r\u00e9ouvrir la porte, ou bien la sensibilit\u00e9 est simplement trop \u00e9lev\u00e9e.<\/p>\n<p>Mettre le portail en mode manuel et pousser le portail ferm\u00e9 mais pousser le portail tr\u00e8s lentement. Veuillez essayer de d\u00e9tecter tout changement dans la r\u00e9sistance au mouvement du portail lorsqu\u2019il atteint la position ferm\u00e9e. Si vous remarquez que vous devez pousser plus fort \u00e0 la fin ou que quelque chose coince le portail, essayez d\u2019identifier ce que c\u2019est et de r\u00e9soudre ce probl\u00e8me.<\/p>\n<p>V\u00e9rifiez que lorsque le \u00a0portail se ferme, \u00a0ilse d\u00e9place doucement dans son support de verrouillage ferm\u00e9 \u2013 assurez-vous que m\u00eame si le \u00a0portail oscille l\u00e9g\u00e8rement d\u2019un c\u00f4t\u00e9 \u00e0 l\u2019autre, \u00a0il ne va pas toucher ce qui la coince. Encore une fois, si c\u2019est le cas, essayez d\u2019\u00e9loigner ce qui le coince.<\/p>\n<p>Enfin, r\u00e9duisez la sensibilit\u00e9 \u00a0du moteur. Visitez notre site Web pour en savoir plus.<\/p>\n<p>[\/et_pb_toggle][et_pb_toggle title=&#8221;Qu\u2019est-ce que le PCM?&#8221; open_toggle_text_color=&#8221;#6d6e71&#8243; open_toggle_background_color=&#8221;#f9f9f9&#8243; closed_toggle_background_color=&#8221;#f9f9f9&#8243; icon_color=&#8221;#6d6e71&#8243; open_icon_color=&#8221;#6d6e71&#8243; _builder_version=&#8221;4.16&#8243; title_text_color=&#8221;#6d6e71&#8243; global_colors_info=&#8221;{}&#8221;]<\/p>\n<p>P.C.M. est l\u2019abr\u00e9viation de &#8221; Positive Close Mode&#8221;. C\u2019est un mode qui peut \u00eatre s\u00e9lectionn\u00e9 pour fermer un portail contre une but\u00e9e de fin de course. Dans ce mode, le portail ralentira normalement, puis continuera de fonctionner jusqu\u2019\u00e0 ce qu\u2019il \u00a0heurte une but\u00e9e physique. S\u2019il n\u2019y a pas de but\u00e9e d\u2019arr\u00eat, le portail continuera \u00e0 rouler pendant environ 350mm, puis s\u2019arr\u00eatera. Sa principale utilit\u00e9 est de garantir que le portail est toujours ferm\u00e9 \u00a0dans une position exacte de sorte que, par exemple, un interrupteur de fin de course magn\u00e9tique puisse \u00e9tablir un contact fiable.<\/p>\n<p><strong>MISE EN GARDE:<\/strong>\u00a0La prudence est de mise dans ce mode car le portail n\u2019ira pas en arri\u00e8re \u00e0 partir du moment o\u00f9 le portail \u00a0commence sa rampe de ralentissement jusqu\u2019\u00e0 ce qu\u2019il soit compl\u00e8tement ferm\u00e9. Ainsi, tout objet se trouvant dans cette \u00a0zone du trajet du \u00a0portail sera pi\u00e9g\u00e9. Il est fortement recommand\u00e9 d\u2019installer des faisceaux infrarouges si ce mode est s\u00e9lectionn\u00e9. Les \u00a0faisceaux infrarouges sont efficaces jusqu\u2019\u00e0 l\u2019arr\u00eat du portail.<\/p>\n<p>[\/et_pb_toggle][et_pb_toggle title=&#8221;Une batterie sup\u00e9rieure \u00e0 7 A\/H peut-elle \u00eatre utilis\u00e9e sur les portails Centurion fonctionnant sur  batterie?&#8221; open_toggle_text_color=&#8221;#6d6e71&#8243; open_toggle_background_color=&#8221;#f9f9f9&#8243; closed_toggle_background_color=&#8221;#f9f9f9&#8243; icon_color=&#8221;#6d6e71&#8243; open_icon_color=&#8221;#6d6e71&#8243; _builder_version=&#8221;4.16&#8243; title_text_color=&#8221;#6d6e71&#8243; global_colors_info=&#8221;{}&#8221;]<\/p>\n<p>Oui. plus la batterie est grande, plus le portail peut fonctionner plusieurs fois en cas de panne de courant. Pour les applications \u00e0 volume \u00e9lev\u00e9, il peut \u00eatre n\u00e9cessaire de changer le chargeur de batterie pour s\u2019assurer que l\u2019\u00e9nergie totale dans la batterie d\u00e9passe l\u2019\u00e9nergie totale retir\u00e9e de la batterie sur une longue dur\u00e9e.<\/p>\n<p>[\/et_pb_toggle][\/et_pb_column][\/et_pb_row][\/et_pb_section][et_pb_section fb_built=&#8221;1&#8243; _builder_version=&#8221;4.16&#8243; custom_padding=&#8221;2px|||||&#8221; global_colors_info=&#8221;{}&#8221;][et_pb_row _builder_version=&#8221;4.16&#8243; global_colors_info=&#8221;{}&#8221;][et_pb_column type=&#8221;4_4&#8243; _builder_version=&#8221;4.16&#8243; global_colors_info=&#8221;{}&#8221;][et_pb_image src=&#8221;https:\/\/www.centsys.com\/demo002\/img\/Questions%20fr%C3%A9quemment%20pos%C3%A9es\/Assistance%20Technique%20Centurion%20Systems%20-%20Nous%20vous%20assisterons.jpg&#8221; url=&#8221;https:\/\/www.centsys.com\/demo002\/centre-dappels\/&#8221; align=&#8221;center&#8221; _builder_version=&#8221;4.16&#8243; global_colors_info=&#8221;{}&#8221;][\/et_pb_image][et_pb_image src=&#8221;https:\/\/www.centsys.com\/demo002\/img\/Questions fr\u00e9quemment pos\u00e9es\/Rejoignez Centurion Systems sur les r\u00e9seaux sociaux.jpg&#8221; align=&#8221;center&#8221; _builder_version=&#8221;4.16&#8243; global_colors_info=&#8221;{}&#8221;][\/et_pb_image][\/et_pb_column][\/et_pb_row][\/et_pb_section][et_pb_section fb_built=&#8221;1&#8243; fullwidth=&#8221;on&#8221; admin_label=&#8221;THIS IS THE MID SECTION BANNER SITE WIDE&#8221; _builder_version=&#8221;4.24.0&#8243; _module_preset=&#8221;default&#8221; hover_enabled=&#8221;0&#8243; global_module=&#8221;25449&#8243; global_colors_info=&#8221;{}&#8221; sticky_enabled=&#8221;0&#8243;][et_pb_fullwidth_image src=&#8221;https:\/\/www.centsys.com\/mx\/img\/MY%20CENTSYS%20PRO%20Banners\/la%20aplicaci%C3%B3n%20m%C3%B3vil%20MyCentsys%20Pro_Web%20Footer.jpg&#8221; url=&#8221;https:\/\/www.centsys.com\/lat\/la-aplicacion-centurion-mycentsys-pro\/&#8221; admin_label=&#8221;FOOTER_SITE WIDE&#8221; _builder_version=&#8221;4.24.0&#8243; _module_preset=&#8221;default&#8221; global_colors_info=&#8221;{}&#8221;][\/et_pb_fullwidth_image][et_pb_fullwidth_header button_one_text=&#8221;Cont\u00e1ctenos&#8221; button_one_url=&#8221;https:\/\/www.centsys.com\/lat\/detalles-de-contacto\/&#8221; button_two_text=&#8221;Soporte t\u00e9cnico&#8221; button_two_url=&#8221;https:\/\/www.centsys.com\/lat\/centro-de-llamadas\/&#8221; _builder_version=&#8221;4.23.1&#8243; _module_preset=&#8221;default&#8221; background_color=&#8221;#c1c1c1&#8243; custom_button_one=&#8221;on&#8221; button_one_text_color=&#8221;#FFFFFF&#8221; button_one_bg_color=&#8221;#999999&#8243; button_one_border_color=&#8221;#8e8e8e&#8221; custom_button_two=&#8221;on&#8221; button_two_text_color=&#8221;#FFFFFF&#8221; button_two_bg_color=&#8221;#999999&#8243; button_two_border_color=&#8221;#8e8e8e&#8221; custom_padding=&#8221;6px||17px|||&#8221; global_colors_info=&#8221;{}&#8221;][\/et_pb_fullwidth_header][\/et_pb_section]<\/p>\n","protected":false},"excerpt":{"rendered":"<p><span><span><a href=\"https:\/\/www.centsys.com\/demo002\/\">ACCUEIL<\/a><\/span><\/span>QUESTIONS FR\u00c9QUEMMENT POS\u00c9ES SUR LES PRODUITS CENTURION Un moteur \u00e0 courant continu a un excellent couple de d\u00e9marrage (bien sup\u00e9rieur \u00e0 celui d\u2019un moteur \u00e0 courant alternatif). Ce couple de d\u00e9marrage \u00e9lev\u00e9 est id\u00e9al pour surmonter le frottement initial qui consiste \u00e0 faire avancer le portail et \u00e0 l\u2019acc\u00e9l\u00e9rer jusqu\u2019\u00e0 sa vitesse de croisi\u00e8re. La [&hellip;]<\/p>\n","protected":false},"author":1,"featured_media":0,"parent":0,"menu_order":0,"comment_status":"closed","ping_status":"closed","template":"","meta":{"_et_pb_use_builder":"on","_et_pb_old_content":"","_et_gb_content_width":"","_joinchat":[],"footnotes":""},"class_list":["post-125","page","type-page","status-publish","hentry"],"yoast_head":"<!-- This site is optimized with the Yoast SEO Premium plugin v27.3 (Yoast SEO v27.4) - https:\/\/yoast.com\/product\/yoast-seo-premium-wordpress\/ -->\r\n<title>Questions Fr\u00e9quemment Pos\u00e9es sur les produits CENTURION<\/title>\r\n<meta name=\"description\" content=\"Nos techniciens r\u00e9pondront \u00e0 toutes vos questions sur les moteurs de portail CENTURION. Appelez aujourd&#039;hui: +27 11 699 2400 \/ exports@centsys.co.za.\" \/>\r\n<meta name=\"robots\" content=\"index, follow, max-snippet:-1, max-image-preview:large, max-video-preview:-1\" \/>\r\n<link rel=\"canonical\" href=\"https:\/\/www.centsys.com\/demo002\/questions-frequemment-posees-sur-les-produits-centurion\/\" \/>\r\n<meta property=\"og:locale\" content=\"en_US\" \/>\r\n<meta property=\"og:type\" content=\"article\" \/>\r\n<meta property=\"og:title\" content=\"Questions fr\u00e9quemment pos\u00e9es sur les produits CENTURION\" \/>\r\n<meta property=\"og:description\" content=\"Nos techniciens r\u00e9pondront \u00e0 toutes vos questions sur les moteurs de portail CENTURION. Appelez aujourd&#039;hui: +27 11 699 2400 \/ exports@centsys.co.za.\" \/>\r\n<meta property=\"og:url\" content=\"https:\/\/www.centsys.com\/demo002\/questions-frequemment-posees-sur-les-produits-centurion\/\" \/>\r\n<meta property=\"og:site_name\" content=\"Centurion Systems French\" \/>\r\n<meta property=\"article:modified_time\" content=\"2024-02-15T10:21:45+00:00\" \/>\r\n<meta name=\"twitter:card\" content=\"summary_large_image\" \/>\r\n<meta name=\"twitter:label1\" content=\"Est. reading time\" \/>\n\t<meta name=\"twitter:data1\" content=\"6 minutes\" \/>\r\n<script type=\"application\/ld+json\" class=\"yoast-schema-graph\">{\"@context\":\"https:\\\/\\\/schema.org\",\"@graph\":[{\"@type\":\"WebPage\",\"@id\":\"https:\\\/\\\/www.centsys.com\\\/demo002\\\/questions-frequemment-posees-sur-les-produits-centurion\\\/\",\"url\":\"https:\\\/\\\/www.centsys.com\\\/demo002\\\/questions-frequemment-posees-sur-les-produits-centurion\\\/\",\"name\":\"Questions Fr\u00e9quemment Pos\u00e9es sur les produits CENTURION\",\"isPartOf\":{\"@id\":\"https:\\\/\\\/www.centsys.com\\\/demo002\\\/#website\"},\"datePublished\":\"2020-03-03T10:24:32+00:00\",\"dateModified\":\"2024-02-15T10:21:45+00:00\",\"description\":\"Nos techniciens r\u00e9pondront \u00e0 toutes vos questions sur les moteurs de portail CENTURION. Appelez aujourd'hui: +27 11 699 2400 \\\/ exports@centsys.co.za.\",\"breadcrumb\":{\"@id\":\"https:\\\/\\\/www.centsys.com\\\/demo002\\\/questions-frequemment-posees-sur-les-produits-centurion\\\/#breadcrumb\"},\"inLanguage\":\"en-ZA\",\"potentialAction\":[{\"@type\":\"ReadAction\",\"target\":[\"https:\\\/\\\/www.centsys.com\\\/demo002\\\/questions-frequemment-posees-sur-les-produits-centurion\\\/\"]}]},{\"@type\":\"BreadcrumbList\",\"@id\":\"https:\\\/\\\/www.centsys.com\\\/demo002\\\/questions-frequemment-posees-sur-les-produits-centurion\\\/#breadcrumb\",\"itemListElement\":[{\"@type\":\"ListItem\",\"position\":1,\"name\":\"ACCUEIL\",\"item\":\"https:\\\/\\\/www.centsys.com\\\/demo002\\\/\"},{\"@type\":\"ListItem\",\"position\":2,\"name\":\"Questions fr\u00e9quemment pos\u00e9es sur les produits CENTURION\"}]},{\"@type\":\"WebSite\",\"@id\":\"https:\\\/\\\/www.centsys.com\\\/demo002\\\/#website\",\"url\":\"https:\\\/\\\/www.centsys.com\\\/demo002\\\/\",\"name\":\"Centurion Systems French\",\"description\":\"Produits D\u2019automatisation D\u2019acc\u00e8s\",\"potentialAction\":[{\"@type\":\"SearchAction\",\"target\":{\"@type\":\"EntryPoint\",\"urlTemplate\":\"https:\\\/\\\/www.centsys.com\\\/demo002\\\/?s={search_term_string}\"},\"query-input\":{\"@type\":\"PropertyValueSpecification\",\"valueRequired\":true,\"valueName\":\"search_term_string\"}}],\"inLanguage\":\"en-ZA\"}]}<\/script>\r\n<!-- \/ Yoast SEO Premium plugin. -->","yoast_head_json":{"title":"Questions Fr\u00e9quemment Pos\u00e9es sur les produits CENTURION","description":"Nos techniciens r\u00e9pondront \u00e0 toutes vos questions sur les moteurs de portail CENTURION. Appelez aujourd'hui: +27 11 699 2400 \/ exports@centsys.co.za.","robots":{"index":"index","follow":"follow","max-snippet":"max-snippet:-1","max-image-preview":"max-image-preview:large","max-video-preview":"max-video-preview:-1"},"canonical":"https:\/\/www.centsys.com\/demo002\/questions-frequemment-posees-sur-les-produits-centurion\/","og_locale":"en_US","og_type":"article","og_title":"Questions fr\u00e9quemment pos\u00e9es sur les produits CENTURION","og_description":"Nos techniciens r\u00e9pondront \u00e0 toutes vos questions sur les moteurs de portail CENTURION. Appelez aujourd'hui: +27 11 699 2400 \/ exports@centsys.co.za.","og_url":"https:\/\/www.centsys.com\/demo002\/questions-frequemment-posees-sur-les-produits-centurion\/","og_site_name":"Centurion Systems French","article_modified_time":"2024-02-15T10:21:45+00:00","twitter_card":"summary_large_image","twitter_misc":{"Est. reading time":"6 minutes"},"schema":{"@context":"https:\/\/schema.org","@graph":[{"@type":"WebPage","@id":"https:\/\/www.centsys.com\/demo002\/questions-frequemment-posees-sur-les-produits-centurion\/","url":"https:\/\/www.centsys.com\/demo002\/questions-frequemment-posees-sur-les-produits-centurion\/","name":"Questions Fr\u00e9quemment Pos\u00e9es sur les produits CENTURION","isPartOf":{"@id":"https:\/\/www.centsys.com\/demo002\/#website"},"datePublished":"2020-03-03T10:24:32+00:00","dateModified":"2024-02-15T10:21:45+00:00","description":"Nos techniciens r\u00e9pondront \u00e0 toutes vos questions sur les moteurs de portail CENTURION. Appelez aujourd'hui: +27 11 699 2400 \/ exports@centsys.co.za.","breadcrumb":{"@id":"https:\/\/www.centsys.com\/demo002\/questions-frequemment-posees-sur-les-produits-centurion\/#breadcrumb"},"inLanguage":"en-ZA","potentialAction":[{"@type":"ReadAction","target":["https:\/\/www.centsys.com\/demo002\/questions-frequemment-posees-sur-les-produits-centurion\/"]}]},{"@type":"BreadcrumbList","@id":"https:\/\/www.centsys.com\/demo002\/questions-frequemment-posees-sur-les-produits-centurion\/#breadcrumb","itemListElement":[{"@type":"ListItem","position":1,"name":"ACCUEIL","item":"https:\/\/www.centsys.com\/demo002\/"},{"@type":"ListItem","position":2,"name":"Questions fr\u00e9quemment pos\u00e9es sur les produits CENTURION"}]},{"@type":"WebSite","@id":"https:\/\/www.centsys.com\/demo002\/#website","url":"https:\/\/www.centsys.com\/demo002\/","name":"Centurion Systems French","description":"Produits D\u2019automatisation D\u2019acc\u00e8s","potentialAction":[{"@type":"SearchAction","target":{"@type":"EntryPoint","urlTemplate":"https:\/\/www.centsys.com\/demo002\/?s={search_term_string}"},"query-input":{"@type":"PropertyValueSpecification","valueRequired":true,"valueName":"search_term_string"}}],"inLanguage":"en-ZA"}]}},"_links":{"self":[{"href":"https:\/\/www.centsys.com\/demo002\/wp-json\/wp\/v2\/pages\/125","targetHints":{"allow":["GET"]}}],"collection":[{"href":"https:\/\/www.centsys.com\/demo002\/wp-json\/wp\/v2\/pages"}],"about":[{"href":"https:\/\/www.centsys.com\/demo002\/wp-json\/wp\/v2\/types\/page"}],"author":[{"embeddable":true,"href":"https:\/\/www.centsys.com\/demo002\/wp-json\/wp\/v2\/users\/1"}],"replies":[{"embeddable":true,"href":"https:\/\/www.centsys.com\/demo002\/wp-json\/wp\/v2\/comments?post=125"}],"version-history":[{"count":0,"href":"https:\/\/www.centsys.com\/demo002\/wp-json\/wp\/v2\/pages\/125\/revisions"}],"wp:attachment":[{"href":"https:\/\/www.centsys.com\/demo002\/wp-json\/wp\/v2\/media?parent=125"}],"curies":[{"name":"wp","href":"https:\/\/api.w.org\/{rel}","templated":true}]}}