{"id":1262,"date":"2020-03-09T12:05:58","date_gmt":"2020-03-09T12:05:58","guid":{"rendered":"https:\/\/www.centsys.co.za\/fr\/?page_id=1262"},"modified":"2024-05-23T14:32:09","modified_gmt":"2024-05-23T12:32:09","slug":"barriere-levante-manuelle-centinel","status":"publish","type":"page","link":"https:\/\/www.centsys.com\/demo002\/barriere-levante-manuelle-centinel\/","title":{"rendered":"CENTINEL"},"content":{"rendered":"<p>[et_pb_section fb_built=&#8221;1&#8243; fullwidth=&#8221;on&#8221; _builder_version=&#8221;4.16&#8243; height=&#8221;400px&#8221; max_height=&#8221;400px&#8221; global_colors_info=&#8221;{}&#8221;][et_pb_fullwidth_image src=&#8221;https:\/\/www.centsys.com\/demo002\/img\/CENTINEL\/La barri\u00e8re de levante manuelle CENTURION CENTINEL.jpg&#8221; _builder_version=&#8221;4.16&#8243; min_height=&#8221;480px&#8221; global_colors_info=&#8221;{}&#8221;][\/et_pb_fullwidth_image][\/et_pb_section][et_pb_section fb_built=&#8221;1&#8243; fullwidth=&#8221;on&#8221; _builder_version=&#8221;4.20.4&#8243; background_color=&#8221;#e5e5e5&#8243; use_background_color_gradient=&#8221;on&#8221; background_color_gradient_stops=&#8221;#e5e5e5 0%|#e5e5e5 100%&#8221; background_color_gradient_start=&#8221;#e5e5e5&#8243; background_color_gradient_end=&#8221;#e5e5e5&#8243; transform_translate=&#8221;-13px|269px&#8221; background_color_gradient_stops_tablet=&#8221;#e5e5e5 0%|#e5e5e5 100%&#8221; background_color_gradient_stops_phone=&#8221;#e5e5e5 0%|#e5e5e5 100%&#8221; global_module=&#8221;5513&#8243; global_colors_info=&#8221;{}&#8221;][et_pb_fullwidth_code _builder_version=&#8221;4.20.4&#8243; _module_preset=&#8221;default&#8221; global_colors_info=&#8221;{}&#8221;]<span><span><a href=\"https:\/\/www.centsys.com\/demo002\/\">ACCUEIL<\/a><\/span><\/span>[\/et_pb_fullwidth_code][\/et_pb_section][et_pb_section fb_built=&#8221;1&#8243; _builder_version=&#8221;4.16&#8243; custom_margin=&#8221;75px|||||&#8221; global_colors_info=&#8221;{}&#8221;][et_pb_row _builder_version=&#8221;4.16&#8243; custom_padding=&#8221;||0px|||&#8221; global_colors_info=&#8221;{}&#8221;][et_pb_column type=&#8221;4_4&#8243; _builder_version=&#8221;4.16&#8243; global_colors_info=&#8221;{}&#8221;][et_pb_image src=&#8221;https:\/\/www.centsys.com\/demo002\/img\/CENTINEL\/La barri\u00e8re de levante manuelle CENTURION CENTINEL (1079 x 370).jpg&#8221; align=&#8221;center&#8221; _builder_version=&#8221;4.16&#8243; global_colors_info=&#8221;{}&#8221;][\/et_pb_image][\/et_pb_column][\/et_pb_row][et_pb_row column_structure=&#8221;2_3,1_3&#8243; _builder_version=&#8221;4.16&#8243; locked=&#8221;off&#8221; global_colors_info=&#8221;{}&#8221;][et_pb_column type=&#8221;2_3&#8243; _builder_version=&#8221;4.16&#8243; global_colors_info=&#8221;{}&#8221;][et_pb_text _builder_version=&#8221;4.16&#8243; global_colors_info=&#8221;{}&#8221;]<\/p>\n<h1 class=\"p1\">CENTINEL \u2013 LA BARRIERE LEVANTE MANUELLE<\/h1>\n<p class=\"p1\">Lorsque nous avons con\u00e7u la barri\u00e8re levante manuelle <strong>CENTINEL<\/strong>, nous avions l\u2019 utilisateur en t\u00eate. Apr\u00e8s tout, juste parce que c\u2019est une barri\u00e8re manuelle ne signifie pas que vous avez \u00e0 faire tout le travail! Nous avons equip\u00e9 le <strong>CENTINEL<\/strong> avec un m\u00e9canisme interne innovant d\u2019\u00e9quilibre du ressort, qui donne non seulement \u00e0 la barri\u00e8re une apparence de ligne mince compact, mais signifie aussi qu\u2019une touche aussi l\u00e9g\u00e8re qu\u2019une plume peut la mettre en mouvement &#8230; parce que vous n\u2019avez pas besoin d\u2019\u00e9paules solides pour manoeuvrer la barri\u00e8re.<\/p>\n<h5 class=\"p1\">\u00a0<\/h5>\n<h5 class=\"p1\">CARACT\u00c9RISTIQUES PRINCIPALES:<\/h5>\n<p class=\"p1\"><strong>Contrepoids Interne du Ressort\u00a0 \u00a0 \u00a0 \u00a0 \u00a0 \u00a0 \u00a0 \u00a0 \u00a0 \u00a0 \u00a0 \u00a0 \u00a0 \u00a0 \u00a0 \u00a0 \u00a0 \u00a0 \u00a0 \u00a0 \u00a0 \u00a0 \u00a0 \u00a0 \u00a0 \u00a0 \u00a0 \u00a0 \u00a0 \u00a0 \u00a0 \u00a0 \u00a0 \u00a0 \u00a0 \u00a0 \u00a0 \u00a0 \u00a0 \u00a0 \u00a0 \u00a0 \u00a0 \u00a0 \u00a0 \u00a0 \u00a0 \u00a0 \u00a0 \u00a0 \u00a0 \u00a0 \u00a0 \u00a0 \u00a0 \u00a0 \u00a0 \u00a0 \u00a0 \u00a0 \u00a0 \u00a0 \u00a0 <\/strong><\/p>\n<p class=\"p1\">Ce syst\u00e8me innovant contribue \u00e0 la fois \u00e0 un aspect ind\u00e9niablement attrayant du <strong>CENTINEL<\/strong> et surtout rend la\u00a0mont\u00e9e et la descente \u00e0 une action presque automatis\u00e9e.<\/p>\n<p class=\"p1\"><strong>Professionnelle, Apparence Compacte\u00a0 \u00a0 \u00a0 \u00a0 \u00a0 \u00a0 \u00a0 \u00a0 \u00a0 \u00a0 \u00a0 \u00a0 \u00a0 \u00a0 \u00a0 \u00a0 \u00a0 \u00a0 \u00a0 \u00a0 \u00a0 \u00a0 \u00a0 \u00a0 \u00a0 \u00a0 \u00a0 \u00a0 \u00a0 \u00a0 \u00a0 \u00a0 \u00a0 \u00a0 \u00a0 \u00a0 \u00a0 \u00a0 \u00a0 \u00a0 \u00a0 \u00a0 \u00a0 \u00a0 \u00a0 \u00a0 \u00a0 \u00a0 \u00a0 \u00a0 <\/strong><\/p>\n<p class=\"p1\">\u00c9l\u00e9gant et mince, le <strong>CENTINEL<\/strong> est un observateur et va s\u2019int\u00e9grer parfaitement \u00e0 l\u2019esth\u00e9tique de tout parc d\u2019affaires moderne. Il pourrait m\u00eame recevoir quelques sifflotements amoureux de tout autre \u00e9quipement de stationnement!<\/p>\n<p class=\"p1\"><strong>Poign\u00e9e de Manoeuvre Confortable\u00a0 \u00a0 \u00a0 \u00a0 \u00a0 \u00a0 \u00a0 \u00a0 \u00a0 \u00a0 \u00a0 \u00a0 \u00a0 \u00a0 \u00a0 \u00a0 \u00a0 \u00a0 \u00a0 \u00a0 \u00a0 \u00a0 \u00a0 \u00a0 \u00a0 \u00a0 \u00a0 \u00a0 \u00a0 \u00a0 \u00a0 \u00a0 \u00a0 \u00a0 \u00a0 \u00a0 \u00a0 \u00a0 \u00a0 \u00a0 \u00a0 \u00a0 \u00a0 \u00a0 \u00a0 \u00a0 \u00a0 \u00a0 \u00a0 \u00a0 \u00a0 \u00a0 \u00a0 \u00a0 \u00a0 <\/strong><\/p>\n<p class=\"p1\">Vous n\u2019avez pas besoin d\u2019une peau d\u2019alligator sur vos mains pour faire fonctionner facilement et confortablement le <strong>CENTINEL<\/strong> la poign\u00e9e d\u2019actionnement est con\u00e7ue pour une manipulation confortable et facile de la lisse.<\/p>\n<p class=\"p1\"><strong>Syst\u00e8me de Verrouillage Simple\u00a0 \u00a0 \u00a0 \u00a0 \u00a0 \u00a0 \u00a0 \u00a0 \u00a0 \u00a0 \u00a0 \u00a0 \u00a0 \u00a0 \u00a0 \u00a0 \u00a0 \u00a0 \u00a0 \u00a0 \u00a0 \u00a0 \u00a0 \u00a0 \u00a0 \u00a0 \u00a0 \u00a0 \u00a0 \u00a0 \u00a0 \u00a0 \u00a0 \u00a0 \u00a0 \u00a0 \u00a0 \u00a0 \u00a0 \u00a0 \u00a0 \u00a0 \u00a0 \u00a0 \u00a0 \u00a0 \u00a0 \u00a0 \u00a0 \u00a0 \u00a0 \u00a0 \u00a0 \u00a0 \u00a0 \u00a0 \u00a0 \u00a0 <\/strong><\/p>\n<p class=\"p1\">Mais que faire si il y a un volume \u00e9lev\u00e9 de circulation? Estce que le malheureux garde aura besoin de rester l\u00e0, en gardant la lisse lev\u00e9e jusqu\u2019\u00e0 avoir des douleurs musculaires et de tendons? Pas avec un <strong>CENTINEL<\/strong> install\u00e9! pour garantir la lisse en position lev\u00e9e ou abaiss\u00e9e, il suffit de tourner simplement la molette facile \u00e0 utiliser.<\/p>\n<p class=\"p1\"><strong>Solide et Durable\u00a0 \u00a0 \u00a0 \u00a0 \u00a0 \u00a0 \u00a0 \u00a0 \u00a0 \u00a0 \u00a0 \u00a0 \u00a0 \u00a0 \u00a0 \u00a0 \u00a0 \u00a0 \u00a0 \u00a0 \u00a0 \u00a0 \u00a0 \u00a0 \u00a0 \u00a0 \u00a0 \u00a0 \u00a0 \u00a0 \u00a0 \u00a0 \u00a0 \u00a0 \u00a0 \u00a0 \u00a0 \u00a0 \u00a0 \u00a0 \u00a0 \u00a0 \u00a0 \u00a0 \u00a0 \u00a0 \u00a0 \u00a0 \u00a0 \u00a0 \u00a0 \u00a0 \u00a0 \u00a0 \u00a0 \u00a0 \u00a0 \u00a0 \u00a0 \u00a0 \u00a0 \u00a0 \u00a0 \u00a0 \u00a0 \u00a0 \u00a0 \u00a0 \u00a0 \u00a0 \u00a0 \u00a0 \u00a0<\/strong><\/p>\n<p class=\"p1\">Le <strong>CENTINEL<\/strong> se soumettra volontier \u00e0 la touche de l\u2019op\u00e9rateur, mais sa construction incroyablement robuste\u00a0assure qu\u2019il sera bien \u00e0 l\u2019\u00e9preuve des intemp\u00e9ries.<\/p>\n<p>[\/et_pb_text][\/et_pb_column][et_pb_column type=&#8221;1_3&#8243; _builder_version=&#8221;4.16&#8243; global_colors_info=&#8221;{}&#8221;][et_pb_image src=&#8221;https:\/\/www.centsys.com\/demo002\/img\/CENTINEL\/La barri\u00e8re de levante manuelle CENTURION CENTINEL..jpg&#8221; _builder_version=&#8221;4.16&#8243; custom_padding=&#8221;||||false|false&#8221; global_colors_info=&#8221;{}&#8221;][\/et_pb_image][et_pb_button button_url=&#8221;\/fr\/pdf\/Centurion%20Systems%20CENTINEL%20Brochure%20FR.pdf&#8221; url_new_window=&#8221;on&#8221; button_text=&#8221;CENTINEL BROCHURE&#8221; button_alignment=&#8221;center&#8221; _builder_version=&#8221;4.16&#8243; global_colors_info=&#8221;{}&#8221;][\/et_pb_button][et_pb_button button_url=&#8221;https:\/\/www.centsys.com\/demo002\/pdf\/centinel\/1094.D.01.0002%20Centinel%20Barrier%20Internal%20Spring%20Assembly%20Guide%20FRENCH_14032023_MT_Web.pdf&#8221; url_new_window=&#8221;on&#8221; button_text=&#8221;ASSEMBLAGE DU RESSORT INTERNE DE LA BARRI\u00c8RE&#8221; button_alignment=&#8221;center&#8221; _builder_version=&#8221;4.20.4&#8243; global_colors_info=&#8221;{}&#8221;][\/et_pb_button][\/et_pb_column][\/et_pb_row][et_pb_row _builder_version=&#8221;4.16&#8243; global_colors_info=&#8221;{}&#8221;][et_pb_column type=&#8221;4_4&#8243; _builder_version=&#8221;4.16&#8243; global_colors_info=&#8221;{}&#8221;][et_pb_text _builder_version=&#8221;4.16&#8243; global_colors_info=&#8221;{}&#8221;]<\/p>\n<h5 class=\"p1\">CARACT\u00c9RISTIQUES TECHNIQUES DE CENTINEL:<\/h5>\n<div id=\"footable_parent_2610\"\n         class=\" footable_parent ninja_table_wrapper loading_ninja_table wp_table_data_press_parent semantic_ui \">\n                <table data-ninja_table_instance=\"ninja_table_instance_0\" data-footable_id=\"2610\" data-filter-delay=\"1000\" aria-label=\"CENTINEL\"            id=\"footable_2610\"\n           data-unique_identifier=\"ninja_table_unique_id_1976763928_2610\"\n           class=\" foo-table ninja_footable foo_table_2610 ninja_table_unique_id_1976763928_2610 ui table  nt_type_ajax_table selectable striped vertical_centered  footable-paging-right ninja_table_search_disabled\">\n                <colgroup>\n                            <col class=\"ninja_column_0 \">\n                            <col class=\"ninja_column_1 \">\n                            <col class=\"ninja_column_2 \">\n                            <col class=\"ninja_column_3 \">\n                    <\/colgroup>\n            <\/table>\n    \n    \n    \n<\/div>\n\n<p>[\/et_pb_text][et_pb_image src=&#8221;https:\/\/www.centsys.com\/demo002\/img\/admin\/Abonnez-vous %C3%A0 notre bulletin CENTURION.jpg&#8221; url=&#8221;@ET-DC@eyJkeW5hbWljIjp0cnVlLCJjb250ZW50IjoicG9zdF9saW5rX3VybF9wYWdlIiwic2V0dGluZ3MiOnsicG9zdF9pZCI6IjM1MiJ9fQ==@&#8221; align=&#8221;center&#8221; _builder_version=&#8221;4.20.4&#8243; _dynamic_attributes=&#8221;url&#8221; saved_tabs=&#8221;all&#8221; global_colors_info=&#8221;{}&#8221;][\/et_pb_image][\/et_pb_column][\/et_pb_row][\/et_pb_section][et_pb_section fb_built=&#8221;1&#8243; fullwidth=&#8221;on&#8221; admin_label=&#8221;THIS IS THE MID SECTION BANNER SITE WIDE&#8221; _builder_version=&#8221;4.24.0&#8243; _module_preset=&#8221;default&#8221; global_colors_info=&#8221;{}&#8221; global_module=&#8221;25449&#8243; theme_builder_area=&#8221;post_content&#8221;][et_pb_fullwidth_image src=&#8221;https:\/\/www.centsys.com\/demo002\/img\/Home%20Page\/Motorisations%20pour%20portails%20CENTURION%20SMART%20S%C3%A9rie%20D_Mid.jpg&#8221; url=&#8221;https:\/\/www.centsys.com\/demo002&#8243; url_new_window=&#8221;on&#8221; admin_label=&#8221;FOOTER_SITE WIDE&#8221; _builder_version=&#8221;4.25.0&#8243; _module_preset=&#8221;default&#8221; global_colors_info=&#8221;{}&#8221; theme_builder_area=&#8221;post_content&#8221;][\/et_pb_fullwidth_image][et_pb_fullwidth_header button_one_text=&#8221;Contactez-nous&#8221; button_one_url=&#8221;https:\/\/www.centsys.com\/demo002\/coordonnees\/&#8221; button_two_text=&#8221;Support Technique&#8221; button_two_url=&#8221;https:\/\/www.centsys.com\/demo002\/support-technique\/&#8221; _builder_version=&#8221;4.25.0&#8243; _module_preset=&#8221;default&#8221; background_color=&#8221;#c1c1c1&#8243; custom_button_one=&#8221;on&#8221; button_one_text_color=&#8221;#FFFFFF&#8221; button_one_bg_color=&#8221;#999999&#8243; button_one_border_color=&#8221;#999999&#8243; custom_button_two=&#8221;on&#8221; button_two_text_color=&#8221;#FFFFFF&#8221; button_two_bg_color=&#8221;#999999&#8243; button_two_border_color=&#8221;#999999&#8243; custom_margin=&#8221;||-4px|||&#8221; custom_padding=&#8221;6px||17px|||&#8221; button_two_bg_color_tablet=&#8221;#999999&#8243; button_two_bg_color_phone=&#8221;#999999&#8243; button_two_bg_color_last_edited=&#8221;on|desktop&#8221; global_colors_info=&#8221;{}&#8221; button_one_bg_color__hover_enabled=&#8221;on|desktop&#8221; button_one_bg_color__hover=&#8221;#81c341&#8243; button_one_bg_enable_color__hover=&#8221;on&#8221; button_one_border_color__hover_enabled=&#8221;on|hover&#8221; button_one_border_color__hover=&#8221;#81c341&#8243; button_two_bg_color__hover_enabled=&#8221;on|hover&#8221; button_two_bg_color__hover=&#8221;#81c341&#8243; button_two_bg_enable_color__hover=&#8221;on&#8221; button_two_border_color__hover_enabled=&#8221;on|hover&#8221; button_two_border_color__hover=&#8221;#81c341&#8243; theme_builder_area=&#8221;post_content&#8221;][\/et_pb_fullwidth_header][\/et_pb_section]<\/p>\n","protected":false},"excerpt":{"rendered":"<p><span><span><a href=\"https:\/\/www.centsys.com\/demo002\/\">ACCUEIL<\/a><\/span><\/span>CENTINEL \u2013 LA BARRIERE LEVANTE MANUELLE Lorsque nous avons con\u00e7u la barri\u00e8re levante manuelle CENTINEL, nous avions l\u2019 utilisateur en t\u00eate. Apr\u00e8s tout, juste parce que c\u2019est une barri\u00e8re manuelle ne signifie pas que vous avez \u00e0 faire tout le travail! Nous avons equip\u00e9 le CENTINEL avec un m\u00e9canisme interne innovant d\u2019\u00e9quilibre du ressort, qui [&hellip;]<\/p>\n","protected":false},"author":1,"featured_media":0,"parent":0,"menu_order":0,"comment_status":"closed","ping_status":"closed","template":"","meta":{"_et_pb_use_builder":"on","_et_pb_old_content":"","_et_gb_content_width":"","_joinchat":[],"footnotes":""},"class_list":["post-1262","page","type-page","status-publish","hentry"],"yoast_head":"<!-- This site is optimized with the Yoast SEO Premium plugin v27.3 (Yoast SEO v27.4) - https:\/\/yoast.com\/product\/yoast-seo-premium-wordpress\/ -->\r\n<title>CENTINEL - Barri\u00e8re levante manuelle - Centurion Systems<\/title>\r\n<meta name=\"description\" content=\"La plus automatique des barri\u00e8res levante. Barri\u00e8re manuelle avec une lisse de 3m, 4,5m et 6m. Appelez aujourd&#039;hui: +27 11 699 2400 \/ exports@centsys.com\" \/>\r\n<meta name=\"robots\" content=\"index, follow, max-snippet:-1, max-image-preview:large, max-video-preview:-1\" \/>\r\n<link rel=\"canonical\" href=\"https:\/\/www.centsys.com\/demo002\/barriere-levante-manuelle-centinel\/\" \/>\r\n<meta property=\"og:locale\" content=\"en_US\" \/>\r\n<meta property=\"og:type\" content=\"article\" \/>\r\n<meta property=\"og:title\" content=\"CENTINEL\" \/>\r\n<meta property=\"og:description\" content=\"La plus automatique des barri\u00e8res levante. Barri\u00e8re manuelle avec une lisse de 3m, 4,5m et 6m. Appelez aujourd&#039;hui: +27 11 699 2400 \/ exports@centsys.com\" \/>\r\n<meta property=\"og:url\" content=\"https:\/\/www.centsys.com\/demo002\/barriere-levante-manuelle-centinel\/\" \/>\r\n<meta property=\"og:site_name\" content=\"Centurion Systems French\" \/>\r\n<meta property=\"article:modified_time\" content=\"2024-05-23T12:32:09+00:00\" \/>\r\n<meta name=\"twitter:card\" content=\"summary_large_image\" \/>\r\n<meta name=\"twitter:label1\" content=\"Est. reading time\" \/>\n\t<meta name=\"twitter:data1\" content=\"3 minutes\" \/>\r\n<script type=\"application\/ld+json\" class=\"yoast-schema-graph\">{\"@context\":\"https:\\\/\\\/schema.org\",\"@graph\":[{\"@type\":\"WebPage\",\"@id\":\"https:\\\/\\\/www.centsys.com\\\/demo002\\\/barriere-levante-manuelle-centinel\\\/\",\"url\":\"https:\\\/\\\/www.centsys.com\\\/demo002\\\/barriere-levante-manuelle-centinel\\\/\",\"name\":\"CENTINEL - Barri\u00e8re levante manuelle - Centurion Systems\",\"isPartOf\":{\"@id\":\"https:\\\/\\\/www.centsys.com\\\/demo002\\\/#website\"},\"datePublished\":\"2020-03-09T12:05:58+00:00\",\"dateModified\":\"2024-05-23T12:32:09+00:00\",\"description\":\"La plus automatique des barri\u00e8res levante. Barri\u00e8re manuelle avec une lisse de 3m, 4,5m et 6m. Appelez aujourd'hui: +27 11 699 2400 \\\/ exports@centsys.com\",\"breadcrumb\":{\"@id\":\"https:\\\/\\\/www.centsys.com\\\/demo002\\\/barriere-levante-manuelle-centinel\\\/#breadcrumb\"},\"inLanguage\":\"en-ZA\",\"potentialAction\":[{\"@type\":\"ReadAction\",\"target\":[\"https:\\\/\\\/www.centsys.com\\\/demo002\\\/barriere-levante-manuelle-centinel\\\/\"]}]},{\"@type\":\"BreadcrumbList\",\"@id\":\"https:\\\/\\\/www.centsys.com\\\/demo002\\\/barriere-levante-manuelle-centinel\\\/#breadcrumb\",\"itemListElement\":[{\"@type\":\"ListItem\",\"position\":1,\"name\":\"ACCUEIL\",\"item\":\"https:\\\/\\\/www.centsys.com\\\/demo002\\\/\"},{\"@type\":\"ListItem\",\"position\":2,\"name\":\"CENTINEL\"}]},{\"@type\":\"WebSite\",\"@id\":\"https:\\\/\\\/www.centsys.com\\\/demo002\\\/#website\",\"url\":\"https:\\\/\\\/www.centsys.com\\\/demo002\\\/\",\"name\":\"Centurion Systems French\",\"description\":\"Produits D\u2019automatisation D\u2019acc\u00e8s\",\"potentialAction\":[{\"@type\":\"SearchAction\",\"target\":{\"@type\":\"EntryPoint\",\"urlTemplate\":\"https:\\\/\\\/www.centsys.com\\\/demo002\\\/?s={search_term_string}\"},\"query-input\":{\"@type\":\"PropertyValueSpecification\",\"valueRequired\":true,\"valueName\":\"search_term_string\"}}],\"inLanguage\":\"en-ZA\"}]}<\/script>\r\n<!-- \/ Yoast SEO Premium plugin. -->","yoast_head_json":{"title":"CENTINEL - Barri\u00e8re levante manuelle - Centurion Systems","description":"La plus automatique des barri\u00e8res levante. Barri\u00e8re manuelle avec une lisse de 3m, 4,5m et 6m. Appelez aujourd'hui: +27 11 699 2400 \/ exports@centsys.com","robots":{"index":"index","follow":"follow","max-snippet":"max-snippet:-1","max-image-preview":"max-image-preview:large","max-video-preview":"max-video-preview:-1"},"canonical":"https:\/\/www.centsys.com\/demo002\/barriere-levante-manuelle-centinel\/","og_locale":"en_US","og_type":"article","og_title":"CENTINEL","og_description":"La plus automatique des barri\u00e8res levante. Barri\u00e8re manuelle avec une lisse de 3m, 4,5m et 6m. Appelez aujourd'hui: +27 11 699 2400 \/ exports@centsys.com","og_url":"https:\/\/www.centsys.com\/demo002\/barriere-levante-manuelle-centinel\/","og_site_name":"Centurion Systems French","article_modified_time":"2024-05-23T12:32:09+00:00","twitter_card":"summary_large_image","twitter_misc":{"Est. reading time":"3 minutes"},"schema":{"@context":"https:\/\/schema.org","@graph":[{"@type":"WebPage","@id":"https:\/\/www.centsys.com\/demo002\/barriere-levante-manuelle-centinel\/","url":"https:\/\/www.centsys.com\/demo002\/barriere-levante-manuelle-centinel\/","name":"CENTINEL - Barri\u00e8re levante manuelle - Centurion Systems","isPartOf":{"@id":"https:\/\/www.centsys.com\/demo002\/#website"},"datePublished":"2020-03-09T12:05:58+00:00","dateModified":"2024-05-23T12:32:09+00:00","description":"La plus automatique des barri\u00e8res levante. Barri\u00e8re manuelle avec une lisse de 3m, 4,5m et 6m. Appelez aujourd'hui: +27 11 699 2400 \/ exports@centsys.com","breadcrumb":{"@id":"https:\/\/www.centsys.com\/demo002\/barriere-levante-manuelle-centinel\/#breadcrumb"},"inLanguage":"en-ZA","potentialAction":[{"@type":"ReadAction","target":["https:\/\/www.centsys.com\/demo002\/barriere-levante-manuelle-centinel\/"]}]},{"@type":"BreadcrumbList","@id":"https:\/\/www.centsys.com\/demo002\/barriere-levante-manuelle-centinel\/#breadcrumb","itemListElement":[{"@type":"ListItem","position":1,"name":"ACCUEIL","item":"https:\/\/www.centsys.com\/demo002\/"},{"@type":"ListItem","position":2,"name":"CENTINEL"}]},{"@type":"WebSite","@id":"https:\/\/www.centsys.com\/demo002\/#website","url":"https:\/\/www.centsys.com\/demo002\/","name":"Centurion Systems French","description":"Produits D\u2019automatisation D\u2019acc\u00e8s","potentialAction":[{"@type":"SearchAction","target":{"@type":"EntryPoint","urlTemplate":"https:\/\/www.centsys.com\/demo002\/?s={search_term_string}"},"query-input":{"@type":"PropertyValueSpecification","valueRequired":true,"valueName":"search_term_string"}}],"inLanguage":"en-ZA"}]}},"_links":{"self":[{"href":"https:\/\/www.centsys.com\/demo002\/wp-json\/wp\/v2\/pages\/1262","targetHints":{"allow":["GET"]}}],"collection":[{"href":"https:\/\/www.centsys.com\/demo002\/wp-json\/wp\/v2\/pages"}],"about":[{"href":"https:\/\/www.centsys.com\/demo002\/wp-json\/wp\/v2\/types\/page"}],"author":[{"embeddable":true,"href":"https:\/\/www.centsys.com\/demo002\/wp-json\/wp\/v2\/users\/1"}],"replies":[{"embeddable":true,"href":"https:\/\/www.centsys.com\/demo002\/wp-json\/wp\/v2\/comments?post=1262"}],"version-history":[{"count":0,"href":"https:\/\/www.centsys.com\/demo002\/wp-json\/wp\/v2\/pages\/1262\/revisions"}],"wp:attachment":[{"href":"https:\/\/www.centsys.com\/demo002\/wp-json\/wp\/v2\/media?parent=1262"}],"curies":[{"name":"wp","href":"https:\/\/api.w.org\/{rel}","templated":true}]}}