{"id":1298,"date":"2020-03-09T12:25:18","date_gmt":"2020-03-09T12:25:18","guid":{"rendered":"https:\/\/www.centsys.co.za\/fr\/?page_id=1298"},"modified":"2024-05-23T14:33:46","modified_gmt":"2024-05-23T12:33:46","slug":"feu-de-circulation-midi-du-centurion","status":"publish","type":"page","link":"https:\/\/www.centsys.com\/demo002\/feu-de-circulation-midi-du-centurion\/","title":{"rendered":"Feu de Circulation Midi"},"content":{"rendered":"<p>[et_pb_section fb_built=&#8221;1&#8243; fullwidth=&#8221;on&#8221; _builder_version=&#8221;4.16&#8243; global_colors_info=&#8221;{}&#8221;][et_pb_fullwidth_image src=&#8221;https:\/\/www.centsys.com\/demo002\/wp-content\/uploads\/2020\/03\/CENTURION-SYSTEMS-MIDI-banner.jpg&#8221; _builder_version=&#8221;4.16&#8243; global_colors_info=&#8221;{}&#8221;][\/et_pb_fullwidth_image][\/et_pb_section][et_pb_section fb_built=&#8221;1&#8243; fullwidth=&#8221;on&#8221; _builder_version=&#8221;4.20.4&#8243; background_color=&#8221;#e5e5e5&#8243; use_background_color_gradient=&#8221;on&#8221; background_color_gradient_stops=&#8221;#e5e5e5 0%|#e5e5e5 100%&#8221; background_color_gradient_start=&#8221;#e5e5e5&#8243; background_color_gradient_end=&#8221;#e5e5e5&#8243; transform_translate=&#8221;-13px|269px&#8221; background_color_gradient_stops_tablet=&#8221;#e5e5e5 0%|#e5e5e5 100%&#8221; background_color_gradient_stops_phone=&#8221;#e5e5e5 0%|#e5e5e5 100%&#8221; global_module=&#8221;5513&#8243; global_colors_info=&#8221;{}&#8221;][et_pb_fullwidth_code _builder_version=&#8221;4.20.4&#8243; _module_preset=&#8221;default&#8221; global_colors_info=&#8221;{}&#8221;]<span><span><a href=\"https:\/\/www.centsys.com\/demo002\/\">ACCUEIL<\/a><\/span><\/span>[\/et_pb_fullwidth_code][\/et_pb_section][et_pb_section fb_built=&#8221;1&#8243; _builder_version=&#8221;4.16&#8243; global_colors_info=&#8221;{}&#8221;][et_pb_row _builder_version=&#8221;4.16&#8243; custom_padding=&#8221;||0px|||&#8221; global_colors_info=&#8221;{}&#8221;][et_pb_column type=&#8221;4_4&#8243; _builder_version=&#8221;4.16&#8243; global_colors_info=&#8221;{}&#8221;][et_pb_image src=&#8221;https:\/\/www.centsys.com\/demo002\/wp-content\/uploads\/2020\/03\/CENTURION-Midi-traffic-light.jpg&#8221; align=&#8221;center&#8221; _builder_version=&#8221;4.16&#8243; global_colors_info=&#8221;{}&#8221;][\/et_pb_image][\/et_pb_column][\/et_pb_row][et_pb_row column_structure=&#8221;2_3,1_3&#8243; _builder_version=&#8221;4.16&#8243; locked=&#8221;off&#8221; global_colors_info=&#8221;{}&#8221;][et_pb_column type=&#8221;2_3&#8243; _builder_version=&#8221;4.16&#8243; global_colors_info=&#8221;{}&#8221;][et_pb_text _builder_version=&#8221;4.16&#8243; global_colors_info=&#8221;{}&#8221;]<\/p>\n<h1 class=\"p1\">FEU DE CIRCULATION MIDI<\/h1>\n<p>Les feux de circulation midi est un accessoire de contr\u00f4le d\u2019acc\u00e8s des v\u00e9hicules qui permet \u00e0 l\u2019utilisateur d\u2019indiquer visuellement quand il est sans danger pour un v\u00e9hicule \u00e0 proc\u00e9der dans ou hors d\u2019une zone d\u2019acc\u00e8s contr\u00f4l\u00e9e.<\/p>\n<p>Des LED de haute qualit\u00e9 garantissent que la sortie (rouge ou verte) est clairement visible dans toutes les conditions climatiques et nous avons pr\u00e9c\u00e2bl\u00e9 un relais d&#8217;interface pour une installation facile.<\/p>\n<p>Il est facile d&#8217;installer le feu de circulation Midi de CENTURION que nous ne serions pas surpris &#8211; si vous l&#8217;installiez chez vous!<\/p>\n<p>Le feu de circulation Midi de CENTURION est disponible en deux configurations: montage sur poteau pour les barri\u00e8res levants ou montage mural.<\/p>\n<h5 class=\"p1\">\u00a0<\/h5>\n<h5 class=\"p1\">\u00a0<\/h5>\n<h5>CARACT\u00c9RISTIQUES PRINCIPALES:<\/h5>\n<ul>\n<li class=\"p1\">Assemblage facile<\/li>\n<li class=\"p1\">Dur\u00e9e de vie &#8211; environ 50 000 heures<\/li>\n<li class=\"p1\">Plage de tension d&#8217;entr\u00e9e modulaire<\/li>\n<li class=\"p1\">Construction en aluminium<\/li>\n<li class=\"p1\">Design compact<\/li>\n<li class=\"p1\">LED de haute qualit\u00e9<\/li>\n<li class=\"p1\">Faible consommation d&#8217;\u00e9nergie &#8211; &lt;6 watts<\/li>\n<li class=\"p1\">Supports lat\u00e9raux (gauche et droite)<\/li>\n<\/ul>\n<p>[\/et_pb_text][\/et_pb_column][et_pb_column type=&#8221;1_3&#8243; _builder_version=&#8221;4.16&#8243; global_colors_info=&#8221;{}&#8221;][et_pb_image src=&#8221;https:\/\/www.centsys.com\/demo002\/wp-content\/uploads\/2020\/03\/CENTURION-SYSTEMS-TRAFFIC-LIGHT.jpg&#8221; _builder_version=&#8221;4.16&#8243; custom_padding=&#8221;||||false|false&#8221; global_colors_info=&#8221;{}&#8221;][\/et_pb_image][et_pb_button button_url=&#8221;https:\/\/www.centsys.co.za\/pdf\/french\/1148.D.01.0004%20Midi%20Traffic%20light%20manual%20FRENCH_19112018.pdf&#8221; url_new_window=&#8221;on&#8221; button_text=&#8221;MANUEL D\u2019INSTALLATION&#8221; _builder_version=&#8221;4.16&#8243; global_colors_info=&#8221;{}&#8221;][\/et_pb_button][\/et_pb_column][\/et_pb_row][\/et_pb_section][et_pb_section fb_built=&#8221;1&#8243; fullwidth=&#8221;on&#8221; admin_label=&#8221;THIS IS THE MID SECTION BANNER SITE WIDE&#8221; _builder_version=&#8221;4.24.0&#8243; _module_preset=&#8221;default&#8221; global_colors_info=&#8221;{}&#8221; global_module=&#8221;25449&#8243; theme_builder_area=&#8221;post_content&#8221;][et_pb_fullwidth_image src=&#8221;https:\/\/www.centsys.com\/demo002\/img\/Home%20Page\/Motorisations%20pour%20portails%20CENTURION%20SMART%20S%C3%A9rie%20D_Mid.jpg&#8221; url=&#8221;https:\/\/www.centsys.com\/demo002&#8243; url_new_window=&#8221;on&#8221; admin_label=&#8221;FOOTER_SITE WIDE&#8221; _builder_version=&#8221;4.25.0&#8243; _module_preset=&#8221;default&#8221; global_colors_info=&#8221;{}&#8221; theme_builder_area=&#8221;post_content&#8221;][\/et_pb_fullwidth_image][et_pb_fullwidth_header button_one_text=&#8221;Contactez-nous&#8221; button_one_url=&#8221;https:\/\/www.centsys.com\/demo002\/coordonnees\/&#8221; button_two_text=&#8221;Support Technique&#8221; button_two_url=&#8221;https:\/\/www.centsys.com\/demo002\/support-technique\/&#8221; _builder_version=&#8221;4.25.0&#8243; _module_preset=&#8221;default&#8221; background_color=&#8221;#c1c1c1&#8243; custom_button_one=&#8221;on&#8221; button_one_text_color=&#8221;#FFFFFF&#8221; button_one_bg_color=&#8221;#999999&#8243; button_one_border_color=&#8221;#999999&#8243; custom_button_two=&#8221;on&#8221; button_two_text_color=&#8221;#FFFFFF&#8221; button_two_bg_color=&#8221;#999999&#8243; button_two_border_color=&#8221;#999999&#8243; custom_margin=&#8221;||-4px|||&#8221; custom_padding=&#8221;6px||17px|||&#8221; button_two_bg_color_tablet=&#8221;#999999&#8243; button_two_bg_color_phone=&#8221;#999999&#8243; button_two_bg_color_last_edited=&#8221;on|desktop&#8221; global_colors_info=&#8221;{}&#8221; button_one_bg_color__hover_enabled=&#8221;on|desktop&#8221; button_one_bg_color__hover=&#8221;#81c341&#8243; button_one_bg_enable_color__hover=&#8221;on&#8221; button_one_border_color__hover_enabled=&#8221;on|hover&#8221; button_one_border_color__hover=&#8221;#81c341&#8243; button_two_bg_color__hover_enabled=&#8221;on|hover&#8221; button_two_bg_color__hover=&#8221;#81c341&#8243; button_two_bg_enable_color__hover=&#8221;on&#8221; button_two_border_color__hover_enabled=&#8221;on|hover&#8221; button_two_border_color__hover=&#8221;#81c341&#8243; theme_builder_area=&#8221;post_content&#8221;][\/et_pb_fullwidth_header][\/et_pb_section]<\/p>\n","protected":false},"excerpt":{"rendered":"<p><span><span><a href=\"https:\/\/www.centsys.com\/demo002\/\">ACCUEIL<\/a><\/span><\/span>FEU DE CIRCULATION MIDI Les feux de circulation midi est un accessoire de contr\u00f4le d\u2019acc\u00e8s des v\u00e9hicules qui permet \u00e0 l\u2019utilisateur d\u2019indiquer visuellement quand il est sans danger pour un v\u00e9hicule \u00e0 proc\u00e9der dans ou hors d\u2019une zone d\u2019acc\u00e8s contr\u00f4l\u00e9e. Des LED de haute qualit\u00e9 garantissent que la sortie (rouge ou verte) est clairement visible [&hellip;]<\/p>\n","protected":false},"author":1,"featured_media":0,"parent":0,"menu_order":0,"comment_status":"closed","ping_status":"closed","template":"","meta":{"_et_pb_use_builder":"on","_et_pb_old_content":"","_et_gb_content_width":"","_joinchat":[],"footnotes":""},"class_list":["post-1298","page","type-page","status-publish","hentry"],"yoast_head":"<!-- This site is optimized with the Yoast SEO Premium plugin v27.3 (Yoast SEO v27.4) - https:\/\/yoast.com\/product\/yoast-seo-premium-wordpress\/ -->\r\n<title>Feu de Circulation Midi - Centurion Systems<\/title>\r\n<meta name=\"description\" content=\"Un accessoire de contr\u00f4le d\u2019acc\u00e8s desv\u00e9hicules qui permet \u00e0 l\u2019utilisateur d\u2019indiquer visuellement quand ilest sans danger pour un v\u00e9hicule \u00e0 proc\u00e9der dans ou hors d\u2019une zoned\u2019acc\u00e8s contr\u00f4l\u00e9e.\" \/>\r\n<meta name=\"robots\" content=\"index, follow, max-snippet:-1, max-image-preview:large, max-video-preview:-1\" \/>\r\n<link rel=\"canonical\" href=\"https:\/\/www.centsys.com\/demo002\/feu-de-circulation-midi-du-centurion\/\" \/>\r\n<meta property=\"og:locale\" content=\"en_US\" \/>\r\n<meta property=\"og:type\" content=\"article\" \/>\r\n<meta property=\"og:title\" content=\"Feu de Circulation Midi\" \/>\r\n<meta property=\"og:description\" content=\"Un accessoire de contr\u00f4le d\u2019acc\u00e8s desv\u00e9hicules qui permet \u00e0 l\u2019utilisateur d\u2019indiquer visuellement quand ilest sans danger pour un v\u00e9hicule \u00e0 proc\u00e9der dans ou hors d\u2019une zoned\u2019acc\u00e8s contr\u00f4l\u00e9e.\" \/>\r\n<meta property=\"og:url\" content=\"https:\/\/www.centsys.com\/demo002\/feu-de-circulation-midi-du-centurion\/\" \/>\r\n<meta property=\"og:site_name\" content=\"Centurion Systems French\" \/>\r\n<meta property=\"article:modified_time\" content=\"2024-05-23T12:33:46+00:00\" \/>\r\n<meta name=\"twitter:card\" content=\"summary_large_image\" \/>\r\n<meta name=\"twitter:label1\" content=\"Est. reading time\" \/>\n\t<meta name=\"twitter:data1\" content=\"2 minutes\" \/>\r\n<script type=\"application\/ld+json\" class=\"yoast-schema-graph\">{\"@context\":\"https:\\\/\\\/schema.org\",\"@graph\":[{\"@type\":\"WebPage\",\"@id\":\"https:\\\/\\\/www.centsys.com\\\/demo002\\\/feu-de-circulation-midi-du-centurion\\\/\",\"url\":\"https:\\\/\\\/www.centsys.com\\\/demo002\\\/feu-de-circulation-midi-du-centurion\\\/\",\"name\":\"Feu de Circulation Midi - Centurion Systems\",\"isPartOf\":{\"@id\":\"https:\\\/\\\/www.centsys.com\\\/demo002\\\/#website\"},\"datePublished\":\"2020-03-09T12:25:18+00:00\",\"dateModified\":\"2024-05-23T12:33:46+00:00\",\"description\":\"Un accessoire de contr\u00f4le d\u2019acc\u00e8s desv\u00e9hicules qui permet \u00e0 l\u2019utilisateur d\u2019indiquer visuellement quand ilest sans danger pour un v\u00e9hicule \u00e0 proc\u00e9der dans ou hors d\u2019une zoned\u2019acc\u00e8s contr\u00f4l\u00e9e.\",\"breadcrumb\":{\"@id\":\"https:\\\/\\\/www.centsys.com\\\/demo002\\\/feu-de-circulation-midi-du-centurion\\\/#breadcrumb\"},\"inLanguage\":\"en-ZA\",\"potentialAction\":[{\"@type\":\"ReadAction\",\"target\":[\"https:\\\/\\\/www.centsys.com\\\/demo002\\\/feu-de-circulation-midi-du-centurion\\\/\"]}]},{\"@type\":\"BreadcrumbList\",\"@id\":\"https:\\\/\\\/www.centsys.com\\\/demo002\\\/feu-de-circulation-midi-du-centurion\\\/#breadcrumb\",\"itemListElement\":[{\"@type\":\"ListItem\",\"position\":1,\"name\":\"ACCUEIL\",\"item\":\"https:\\\/\\\/www.centsys.com\\\/demo002\\\/\"},{\"@type\":\"ListItem\",\"position\":2,\"name\":\"Feu de Circulation Midi\"}]},{\"@type\":\"WebSite\",\"@id\":\"https:\\\/\\\/www.centsys.com\\\/demo002\\\/#website\",\"url\":\"https:\\\/\\\/www.centsys.com\\\/demo002\\\/\",\"name\":\"Centurion Systems French\",\"description\":\"Produits D\u2019automatisation D\u2019acc\u00e8s\",\"potentialAction\":[{\"@type\":\"SearchAction\",\"target\":{\"@type\":\"EntryPoint\",\"urlTemplate\":\"https:\\\/\\\/www.centsys.com\\\/demo002\\\/?s={search_term_string}\"},\"query-input\":{\"@type\":\"PropertyValueSpecification\",\"valueRequired\":true,\"valueName\":\"search_term_string\"}}],\"inLanguage\":\"en-ZA\"}]}<\/script>\r\n<!-- \/ Yoast SEO Premium plugin. -->","yoast_head_json":{"title":"Feu de Circulation Midi - Centurion Systems","description":"Un accessoire de contr\u00f4le d\u2019acc\u00e8s desv\u00e9hicules qui permet \u00e0 l\u2019utilisateur d\u2019indiquer visuellement quand ilest sans danger pour un v\u00e9hicule \u00e0 proc\u00e9der dans ou hors d\u2019une zoned\u2019acc\u00e8s contr\u00f4l\u00e9e.","robots":{"index":"index","follow":"follow","max-snippet":"max-snippet:-1","max-image-preview":"max-image-preview:large","max-video-preview":"max-video-preview:-1"},"canonical":"https:\/\/www.centsys.com\/demo002\/feu-de-circulation-midi-du-centurion\/","og_locale":"en_US","og_type":"article","og_title":"Feu de Circulation Midi","og_description":"Un accessoire de contr\u00f4le d\u2019acc\u00e8s desv\u00e9hicules qui permet \u00e0 l\u2019utilisateur d\u2019indiquer visuellement quand ilest sans danger pour un v\u00e9hicule \u00e0 proc\u00e9der dans ou hors d\u2019une zoned\u2019acc\u00e8s contr\u00f4l\u00e9e.","og_url":"https:\/\/www.centsys.com\/demo002\/feu-de-circulation-midi-du-centurion\/","og_site_name":"Centurion Systems French","article_modified_time":"2024-05-23T12:33:46+00:00","twitter_card":"summary_large_image","twitter_misc":{"Est. reading time":"2 minutes"},"schema":{"@context":"https:\/\/schema.org","@graph":[{"@type":"WebPage","@id":"https:\/\/www.centsys.com\/demo002\/feu-de-circulation-midi-du-centurion\/","url":"https:\/\/www.centsys.com\/demo002\/feu-de-circulation-midi-du-centurion\/","name":"Feu de Circulation Midi - Centurion Systems","isPartOf":{"@id":"https:\/\/www.centsys.com\/demo002\/#website"},"datePublished":"2020-03-09T12:25:18+00:00","dateModified":"2024-05-23T12:33:46+00:00","description":"Un accessoire de contr\u00f4le d\u2019acc\u00e8s desv\u00e9hicules qui permet \u00e0 l\u2019utilisateur d\u2019indiquer visuellement quand ilest sans danger pour un v\u00e9hicule \u00e0 proc\u00e9der dans ou hors d\u2019une zoned\u2019acc\u00e8s contr\u00f4l\u00e9e.","breadcrumb":{"@id":"https:\/\/www.centsys.com\/demo002\/feu-de-circulation-midi-du-centurion\/#breadcrumb"},"inLanguage":"en-ZA","potentialAction":[{"@type":"ReadAction","target":["https:\/\/www.centsys.com\/demo002\/feu-de-circulation-midi-du-centurion\/"]}]},{"@type":"BreadcrumbList","@id":"https:\/\/www.centsys.com\/demo002\/feu-de-circulation-midi-du-centurion\/#breadcrumb","itemListElement":[{"@type":"ListItem","position":1,"name":"ACCUEIL","item":"https:\/\/www.centsys.com\/demo002\/"},{"@type":"ListItem","position":2,"name":"Feu de Circulation Midi"}]},{"@type":"WebSite","@id":"https:\/\/www.centsys.com\/demo002\/#website","url":"https:\/\/www.centsys.com\/demo002\/","name":"Centurion Systems French","description":"Produits D\u2019automatisation D\u2019acc\u00e8s","potentialAction":[{"@type":"SearchAction","target":{"@type":"EntryPoint","urlTemplate":"https:\/\/www.centsys.com\/demo002\/?s={search_term_string}"},"query-input":{"@type":"PropertyValueSpecification","valueRequired":true,"valueName":"search_term_string"}}],"inLanguage":"en-ZA"}]}},"_links":{"self":[{"href":"https:\/\/www.centsys.com\/demo002\/wp-json\/wp\/v2\/pages\/1298","targetHints":{"allow":["GET"]}}],"collection":[{"href":"https:\/\/www.centsys.com\/demo002\/wp-json\/wp\/v2\/pages"}],"about":[{"href":"https:\/\/www.centsys.com\/demo002\/wp-json\/wp\/v2\/types\/page"}],"author":[{"embeddable":true,"href":"https:\/\/www.centsys.com\/demo002\/wp-json\/wp\/v2\/users\/1"}],"replies":[{"embeddable":true,"href":"https:\/\/www.centsys.com\/demo002\/wp-json\/wp\/v2\/comments?post=1298"}],"version-history":[{"count":0,"href":"https:\/\/www.centsys.com\/demo002\/wp-json\/wp\/v2\/pages\/1298\/revisions"}],"wp:attachment":[{"href":"https:\/\/www.centsys.com\/demo002\/wp-json\/wp\/v2\/media?parent=1298"}],"curies":[{"name":"wp","href":"https:\/\/api.w.org\/{rel}","templated":true}]}}