{"id":1308,"date":"2020-03-09T12:33:48","date_gmt":"2020-03-09T12:33:48","guid":{"rendered":"https:\/\/www.centsys.co.za\/fr\/?page_id=1308"},"modified":"2024-05-23T14:30:33","modified_gmt":"2024-05-23T12:30:33","slug":"moteurs-pour-portail-battant-vantage","status":"publish","type":"page","link":"https:\/\/www.centsys.com\/demo002\/moteurs-pour-portail-battant-vantage\/","title":{"rendered":"VANTAGE"},"content":{"rendered":"<p>[et_pb_section fb_built=&#8221;1&#8243; fullwidth=&#8221;on&#8221; _builder_version=&#8221;4.16&#8243; background_enable_image=&#8221;off&#8221; locked=&#8221;off&#8221; global_colors_info=&#8221;{}&#8221;][et_pb_fullwidth_header title=&#8221;PLUS R\u00c9SISTANTS, SUP\u00c9RIEURS, S\u00c9CURIS\u00c9S&#8221; _builder_version=&#8221;4.16&#8243; title_font=&#8221;Verdana|700||on|||||&#8221; title_text_align=&#8221;right&#8221; title_text_color=&#8221;#81c341&#8243; title_font_size=&#8221;46px&#8221; content_font=&#8221;Verdana||||||||&#8221; content_text_align=&#8221;right&#8221; content_text_color=&#8221;#6d6e71&#8243; content_font_size=&#8221;18px&#8221; background_enable_color=&#8221;off&#8221; background_image=&#8221;https:\/\/www.centsys.com\/demo002\/img\/VANTAGE\/Moteur%20pour%20portail%20battant%20CENTURION%20VANTAGE.jpg&#8221; background_layout=&#8221;light&#8221; width=&#8221;100{b9f1a820be3d81834e54a7fd91d7ea557d10675802c96376b4de0df52dd4704d}&#8221; max_width=&#8221;100{b9f1a820be3d81834e54a7fd91d7ea557d10675802c96376b4de0df52dd4704d}&#8221; custom_margin=&#8221;||||false|false&#8221; custom_padding=&#8221;9{b275702fb50eb40ce127199ba0c14ed5c48ee57d6f0451ec33debc284b28b4f4}||9{b275702fb50eb40ce127199ba0c14ed5c48ee57d6f0451ec33debc284b28b4f4}|20{b275702fb50eb40ce127199ba0c14ed5c48ee57d6f0451ec33debc284b28b4f4}|true|false&#8221; custom_padding_tablet=&#8221;|||10{b275702fb50eb40ce127199ba0c14ed5c48ee57d6f0451ec33debc284b28b4f4}|true|false&#8221; custom_padding_phone=&#8221;|||0{b275702fb50eb40ce127199ba0c14ed5c48ee57d6f0451ec33debc284b28b4f4}|true|false&#8221; custom_padding_last_edited=&#8221;on|phone&#8221; title_font_size_tablet=&#8221;&#8221; title_font_size_phone=&#8221;36px&#8221; title_font_size_last_edited=&#8221;on|phone&#8221; content_font_size_tablet=&#8221;&#8221; content_font_size_phone=&#8221;14px&#8221; content_font_size_last_edited=&#8221;on|phone&#8221; global_colors_info=&#8221;{}&#8221;]<\/p>\n<p>Le moteur pour portail battant VANTAGE<\/p>\n<p>[\/et_pb_fullwidth_header][\/et_pb_section][et_pb_section fb_built=&#8221;1&#8243; fullwidth=&#8221;on&#8221; _builder_version=&#8221;4.20.4&#8243; background_color=&#8221;#e5e5e5&#8243; use_background_color_gradient=&#8221;on&#8221; background_color_gradient_stops=&#8221;#e5e5e5 0%|#e5e5e5 100%&#8221; background_color_gradient_start=&#8221;#e5e5e5&#8243; background_color_gradient_end=&#8221;#e5e5e5&#8243; transform_translate=&#8221;-13px|269px&#8221; background_color_gradient_stops_tablet=&#8221;#e5e5e5 0%|#e5e5e5 100%&#8221; background_color_gradient_stops_phone=&#8221;#e5e5e5 0%|#e5e5e5 100%&#8221; global_module=&#8221;5513&#8243; global_colors_info=&#8221;{}&#8221;][et_pb_fullwidth_code _builder_version=&#8221;4.20.4&#8243; _module_preset=&#8221;default&#8221; global_colors_info=&#8221;{}&#8221;]<span><span><a href=\"https:\/\/www.centsys.com\/demo002\/\">ACCUEIL<\/a><\/span><\/span>[\/et_pb_fullwidth_code][\/et_pb_section][et_pb_section fb_built=&#8221;1&#8243; _builder_version=&#8221;4.16&#8243; global_colors_info=&#8221;{}&#8221;][et_pb_row _builder_version=&#8221;4.16&#8243; global_colors_info=&#8221;{}&#8221;][et_pb_column type=&#8221;4_4&#8243; _builder_version=&#8221;4.16&#8243; global_colors_info=&#8221;{}&#8221;][et_pb_text _builder_version=&#8221;4.16&#8243; global_colors_info=&#8221;{}&#8221;]<\/p>\n<h1 class=\"p1\" style=\"text-align: center;\">VANTAGE \u2013 MOTEUR POUR PORTAIL BATTANT\u00a0<\/h1>\n<div data-canvas-width=\"825.4812130592156\">\n<div id=\"pageContainer1\" class=\"page\" data-page-number=\"1\" data-loaded=\"true\">\n<div class=\"textLayer\">\n<div data-canvas-width=\"524.4232367747579\">\n<div data-canvas-width=\"524.4232367747579\">\n<div data-canvas-width=\"270.6447265994838\">\n<p class=\"p1\" style=\"text-align: center;\">Mince, \u00e9l\u00e9gant, s\u00fbr et solide: ce sont quelques-uns des mots qui d\u00e9crivent le VANTAGE, v\u00e9rin pour portail battant r\u00e9sidentiel et industriels. Le VANTAGE est fourni avec une batterie de secours et permet une installation rapide et facile. Il s\u2019agit d\u2019un ensemble exceptionnellement r\u00e9sistant de motorisations pour portails allant jusqu\u2019\u00e0 4m de largeur, par vantail (consultez les sp\u00e9cifications pour en savoir plus).<\/p>\n<p style=\"text-align: center;\">\n<\/div>\n<p style=\"text-align: center;\">V\u00e9loce et robuste construction en aluminium moul\u00e9 sous pression tout au long, un arbre \u00e0 came en acier inoxydable 304 pour une ultime fiabilit\u00e9 et durabilit\u00e9 avec une sophistication \u00e9lectronique pour le bon fonctionnement. Fonctionnement s\u00fbr, VANTAGE vous donne tout ce dont vous avez besoin pour battre le futur de votre fa\u00e7on.<\/p>\n<\/div>\n<\/div>\n<\/div>\n<\/div>\n<\/div>\n<p>[\/et_pb_text][\/et_pb_column][\/et_pb_row][et_pb_row _builder_version=&#8221;4.16&#8243; custom_padding=&#8221;||0px|||&#8221; global_colors_info=&#8221;{}&#8221;][et_pb_column type=&#8221;4_4&#8243; _builder_version=&#8221;4.16&#8243; global_colors_info=&#8221;{}&#8221;][et_pb_image src=&#8221;https:\/\/www.centsys.com\/demo002\/img\/VANTAGE\/Motorisation%20Pour%20Portail%20Battant%20CENTURION%20VANTAGE%20(1079%20x%20370).jpg&#8221; align=&#8221;center&#8221; _builder_version=&#8221;4.25.0&#8243; hover_enabled=&#8221;0&#8243; global_colors_info=&#8221;{}&#8221; sticky_enabled=&#8221;0&#8243;][\/et_pb_image][\/et_pb_column][\/et_pb_row][et_pb_row column_structure=&#8221;2_3,1_3&#8243; _builder_version=&#8221;4.16&#8243; locked=&#8221;off&#8221; global_colors_info=&#8221;{}&#8221;][et_pb_column type=&#8221;2_3&#8243; _builder_version=&#8221;4.16&#8243; global_colors_info=&#8221;{}&#8221;][et_pb_text _builder_version=&#8221;4.16&#8243; global_colors_info=&#8221;{}&#8221;]<\/p>\n<div class=\"et_pb_module et_pb_text et_pb_text_1 et_pb_text_align_left et_pb_bg_layout_light\">\n<div class=\"et_pb_text_inner\">\n<h5 class=\"p1\">CARACT\u00c9RISTIQUES PRINCIPALES:<\/h5>\n<div data-canvas-width=\"825.4812130592156\">\n<div id=\"pageContainer1\" data-page-number=\"1\" data-loaded=\"true\">\n<div data-canvas-width=\"524.4232367747579\">\n<div data-page-number=\"1\" data-loaded=\"true\">\n<ul>\n<li class=\"p1\">La configuration du syst\u00e8me est exceptionnellement facile via l&#8217;interface utilisateur<\/li>\n<li class=\"p1\">Prise en charge de l\u2019ouverture vers l&#8217;int\u00e9rieur et vers l&#8217;ext\u00e9rieur sans le besoin des but\u00e9es m\u00e9caniques<\/li>\n<li class=\"p1\">Force de pouss\u00e9e \u00e9lev\u00e9e<\/li>\n<li class=\"p1\">Grande force de pouss\u00e9e<\/li>\n<li class=\"p1\">Contr\u00f4le total de position<\/li>\n<li>Vitesse d\u2019op\u00e9ration rapide avec une acc\u00e9l\u00e9ration et d\u00e9c\u00e9l\u00e9ration en douceur Protection anti-\u00e9crasement<br \/>sensible<\/li>\n<li class=\"p1\">Caract\u00e9ristique de fonctionnement multiple y compris les modes d\u2019alarme de d\u00e9tection d\u2019intrusion (une invention unique a CENTURION)<\/li>\n<li class=\"p1\">R\u00e9cepteur de plusieurs canaux et de codes internes CENTURION, avec s\u00e9lection de l\u2019ajout et de la<br \/>suppression<\/li>\n<li class=\"p1\">Sauvegarde de batterie pour un fonctionnement sans interruption pendant les pannes de courant.<\/li>\n<\/ul>\n<\/div>\n<\/div>\n<\/div>\n<\/div>\n<\/div>\n<\/div>\n<div class=\"et_pb_module et_pb_text et_pb_text_2 et_pb_text_align_left et_pb_bg_layout_light\">\n<div class=\"et_pb_text_inner\">\n<h5 class=\"p1\">MOD\u00c8LES:<\/h5>\n<div data-canvas-width=\"825.4812130592156\">\n<div id=\"pageContainer1\" data-page-number=\"1\" data-loaded=\"true\">\n<div data-canvas-width=\"524.4232367747579\">\n<div data-page-number=\"1\" data-loaded=\"true\">\n<ul>\n<li class=\"p1\">VANTAGE 400 \u2013 Moteur oscillant pour des portes robustes durs comme des ongles, pour les constructions tout au long en aluminium, ultime en mati\u00e8re de fiabilit\u00e9 et de durabilit\u00e9.<\/li>\n<li class=\"p1\">VANTAGE 500 \u2013 Course prolong\u00e9e pour les grandes portails r\u00e9sidentielles et industrielles \u00e0 battant.<\/li>\n<\/ul>\n<\/div>\n<\/div>\n<\/div>\n<\/div>\n<\/div>\n<\/div>\n<p>[\/et_pb_text][\/et_pb_column][et_pb_column type=&#8221;1_3&#8243; _builder_version=&#8221;4.16&#8243; global_colors_info=&#8221;{}&#8221;][et_pb_image src=&#8221;https:\/\/www.centsys.com\/demo002\/img\/VANTAGE\/Logo &#8211; Motorisation Portail Battant CENTURION VANTAGE.jpg&#8221; _builder_version=&#8221;4.16&#8243; custom_margin=&#8221;||-79px|||&#8221; custom_padding=&#8221;||||false|false&#8221; global_colors_info=&#8221;{}&#8221;][\/et_pb_image][et_pb_button button_url=&#8221;https:\/\/www.centsys.com\/demo002\/pdf\/Centurion%20Systems%20VANTAGE%20Swing%20Gate%20Motor%20Brochure%20FR.pdf&#8221; url_new_window=&#8221;on&#8221; button_text=&#8221;VANTAGE BROCHURE&#8221; button_alignment=&#8221;center&#8221; _builder_version=&#8221;4.16&#8243; global_colors_info=&#8221;{}&#8221;][\/et_pb_button][et_pb_button button_url=&#8221;https:\/\/www.centsys.com\/demo002\/pdf\/vseries\/Configuration%20%C3%89lectrique%20&#038;%20Guide%20de%20Mise%20en%20Service%20S%C3%A9ries%20V.pdf&#8221; url_new_window=&#8221;on&#8221; button_text=&#8221;CONFIGURATION \u00c9LECTRIQUE &#038; GUIDE DE MISE EN SERVICE&#8221; button_alignment=&#8221;center&#8221; _builder_version=&#8221;4.18.0&#8243; global_colors_info=&#8221;{}&#8221;][\/et_pb_button][et_pb_image src=&#8221;https:\/\/www.centsys.com\/demo002\/img\/Les charges alaires pour portails battants CENTURION..png&#8221; url=&#8221;https:\/\/www.centsys.com\/demo002\/pdf\/Les%20charges%20alaires%20pour%20portails%20battants%20CENTURION.pdf&#8221; _builder_version=&#8221;4.16&#8243; _module_preset=&#8221;default&#8221; global_colors_info=&#8221;{}&#8221;][\/et_pb_image][\/et_pb_column][\/et_pb_row][et_pb_row _builder_version=&#8221;4.16&#8243; global_colors_info=&#8221;{}&#8221;][et_pb_column type=&#8221;4_4&#8243; _builder_version=&#8221;4.16&#8243; global_colors_info=&#8221;{}&#8221;][et_pb_text _builder_version=&#8221;4.16&#8243; global_colors_info=&#8221;{}&#8221;]<\/p>\n<h5 class=\"p1\">CARACT\u00c9RISTIQUES TECHNIQUES:<\/h5>\n<div id=\"footable_parent_3293\"\n         class=\" footable_parent ninja_table_wrapper loading_ninja_table wp_table_data_press_parent semantic_ui \">\n                <table data-ninja_table_instance=\"ninja_table_instance_0\" data-footable_id=\"3293\" data-filter-delay=\"1000\" aria-label=\"VANTAGE\"            id=\"footable_3293\"\n           data-unique_identifier=\"ninja_table_unique_id_3755502359_3293\"\n           class=\" foo-table ninja_footable foo_table_3293 ninja_table_unique_id_3755502359_3293 ui table  nt_type_ajax_table selectable striped vertical_centered  footable-paging-right\">\n                <colgroup>\n                            <col class=\"ninja_column_0 \">\n                            <col class=\"ninja_column_1 \">\n                            <col class=\"ninja_column_2 \">\n                    <\/colgroup>\n            <\/table>\n    \n    \n    \n<\/div>\n\n<p>[1] Capables de fonctionner sur une alimentation solaire, consultez Centurion Systems pour assistance<br \/>[2] Batteries 7Ah (L&#8217;autonomie est capable d&#8217;\u00eatre am\u00e9lior\u00e9e pour des pannes de courant plus longues)<br \/>[3] Prend un portail ouvrant de 90\u00b0 et monture sur pied\u00a0 \u00a0 \u00a0 \u00a0 \u00a0 \u00a0 \u00a0 \u00a0 \u00a0 \u00a0 \u00a0 \u00a0 \u00a0 \u00a0 \u00a0 \u00a0 \u00a0 \u00a0 \u00a0 \u00a0 \u00a0 \u00a0 \u00a0 \u00a0 \u00a0 \u00a0 \u00a0 \u00a0 \u00a0 \u00a0 \u00a0 \u00a0 \u00a0 \u00a0 \u00a0 \u00a0 \u00a0 \u00a0 \u00a0 \u00a0 \u00a0 \u00a0 \u00a0 \u00a0 \u00a0 \u00a0 \u00a0 \u00a0 \u00a0 \u00a0 \u00a0 \u00a0 \u00a0 \u00a0 \u00a0 \u00a0 \u00a0 \u00a0 \u00a0 \u00a0 \u00a0 \u00a0 \u00a0 \u00a0 \u00a0 \u00a0 \u00a0 \u00a0 \u00a0 \u00a0 \u00a0 \u00a0 \u00a0 \u00a0 \u00a0 \u00a0 \u00a0 \u00a0 \u00a0 \u00a0 \u00a0 \u00a0 \u00a0 \u00a0 \u00a0 \u00a0 \u00a0 \u00a0 \u00a0 \u00a0 \u00a0 \u00a0 \u00a0 \u00a0 \u00a0 \u00a0 \u00a0 [4] Bas\u00e9 sur une temp\u00e9rature ambiante de 25\u00b0C hors exposition des rayons solaires<\/p>\n<p>[\/et_pb_text][\/et_pb_column][\/et_pb_row][et_pb_row column_structure=&#8221;1_3,1_3,1_3&#8243; _builder_version=&#8221;4.16&#8243; global_colors_info=&#8221;{}&#8221;][et_pb_column type=&#8221;1_3&#8243; _builder_version=&#8221;4.16&#8243; global_colors_info=&#8221;{}&#8221;][et_pb_image src=&#8221;https:\/\/www.centsys.com\/demo002\/img\/VANTAGE\/Cellules%20de%20securite%20infrarouges%20sans%20fil%20CENTURION%20PHOTON%20II.jpg&#8221; url=&#8221;@ET-DC@eyJkeW5hbWljIjp0cnVlLCJjb250ZW50IjoicG9zdF9saW5rX3VybF9wYWdlIiwic2V0dGluZ3MiOnsicG9zdF9pZCI6IjcyNiJ9fQ==@&#8221; align=&#8221;center&#8221; _builder_version=&#8221;4.16&#8243; _dynamic_attributes=&#8221;url&#8221; global_colors_info=&#8221;{}&#8221;][\/et_pb_image][\/et_pb_column][et_pb_column type=&#8221;1_3&#8243; _builder_version=&#8221;4.16&#8243; global_colors_info=&#8221;{}&#8221;][et_pb_image src=&#8221;https:\/\/www.centsys.com\/demo002\/img\/VANTAGE\/Clavier%20de%20contr%C3%B4le%20d%E2%80%99acc%C3%A8s%20CENTURION%20SMARTGuard.jpg&#8221; url=&#8221;@ET-DC@eyJkeW5hbWljIjp0cnVlLCJjb250ZW50IjoicG9zdF9saW5rX3VybF9wYWdlIiwic2V0dGluZ3MiOnsicG9zdF9pZCI6IjEwNjkifX0=@&#8221; align=&#8221;center&#8221; _builder_version=&#8221;4.16&#8243; _dynamic_attributes=&#8221;url&#8221; global_colors_info=&#8221;{}&#8221;][\/et_pb_image][\/et_pb_column][et_pb_column type=&#8221;1_3&#8243; _builder_version=&#8221;4.16&#8243; global_colors_info=&#8221;{}&#8221;][et_pb_image src=&#8221;https:\/\/www.centsys.com\/demo002\/img\/VANTAGE\/Le%20module%20d&#8217;entr%C3%A9e-sortie%20sans%20fil%20CENTURION%20WIZO-Link.jpg&#8221; url=&#8221;@ET-DC@eyJkeW5hbWljIjp0cnVlLCJjb250ZW50IjoicG9zdF9saW5rX3VybF9wYWdlIiwic2V0dGluZ3MiOnsicG9zdF9pZCI6IjExODEifX0=@&#8221; align=&#8221;center&#8221; _builder_version=&#8221;4.16&#8243; _dynamic_attributes=&#8221;url&#8221; global_colors_info=&#8221;{}&#8221;][\/et_pb_image][\/et_pb_column][\/et_pb_row][et_pb_row column_structure=&#8221;1_3,1_3,1_3&#8243; _builder_version=&#8221;4.16&#8243; global_colors_info=&#8221;{}&#8221;][et_pb_column type=&#8221;1_3&#8243; _builder_version=&#8221;4.16&#8243; global_colors_info=&#8221;{}&#8221;][et_pb_image src=&#8221;https:\/\/www.centsys.com\/demo002\/img\/VANTAGE\/Motorisation portail battant CENTURION VANTAGE &#8211; Gauche.jpg&#8221; show_in_lightbox=&#8221;on&#8221; align=&#8221;center&#8221; _builder_version=&#8221;4.16&#8243; global_colors_info=&#8221;{}&#8221;][\/et_pb_image][\/et_pb_column][et_pb_column type=&#8221;1_3&#8243; _builder_version=&#8221;4.16&#8243; global_colors_info=&#8221;{}&#8221;][et_pb_image src=&#8221;https:\/\/www.centsys.com\/demo002\/img\/VANTAGE\/Contr%C3%B4leur%20pour%20moteur%20pour%20portail%20battant%20CENTURION%20VANTAGE.jpg&#8221; show_in_lightbox=&#8221;on&#8221; align=&#8221;center&#8221; _builder_version=&#8221;4.16&#8243; global_colors_info=&#8221;{}&#8221;][\/et_pb_image][\/et_pb_column][et_pb_column type=&#8221;1_3&#8243; _builder_version=&#8221;4.16&#8243; global_colors_info=&#8221;{}&#8221;][et_pb_image src=&#8221;https:\/\/www.centsys.com\/demo002\/img\/VANTAGE\/Motorisation%20portail%20battant%20CENTURION%20VANTAGE%20-%20Droit.png&#8221; show_in_lightbox=&#8221;on&#8221; align=&#8221;center&#8221; _builder_version=&#8221;4.16&#8243; global_colors_info=&#8221;{}&#8221;][\/et_pb_image][\/et_pb_column][\/et_pb_row][et_pb_row _builder_version=&#8221;4.16&#8243; global_colors_info=&#8221;{}&#8221;][et_pb_column type=&#8221;4_4&#8243; _builder_version=&#8221;4.16&#8243; global_colors_info=&#8221;{}&#8221;][et_pb_image src=&#8221;https:\/\/www.centsys.com\/demo002\/img\/admin\/Abonnez-vous %C3%A0 notre bulletin CENTURION.jpg&#8221; url=&#8221;@ET-DC@eyJkeW5hbWljIjp0cnVlLCJjb250ZW50IjoicG9zdF9saW5rX3VybF9wYWdlIiwic2V0dGluZ3MiOnsicG9zdF9pZCI6IjM1MiJ9fQ==@&#8221; align=&#8221;center&#8221; _builder_version=&#8221;4.16&#8243; _dynamic_attributes=&#8221;url&#8221; global_colors_info=&#8221;{}&#8221;][\/et_pb_image][\/et_pb_column][\/et_pb_row][\/et_pb_section][et_pb_section fb_built=&#8221;1&#8243; fullwidth=&#8221;on&#8221; admin_label=&#8221;THIS IS THE MID SECTION BANNER SITE WIDE&#8221; _builder_version=&#8221;4.24.0&#8243; _module_preset=&#8221;default&#8221; global_module=&#8221;25449&#8243; global_colors_info=&#8221;{}&#8221;][et_pb_fullwidth_image src=&#8221;https:\/\/www.centsys.com\/demo002\/img\/Home%20Page\/Motorisations%20pour%20portails%20CENTURION%20SMART%20S%C3%A9rie%20D_Mid.jpg&#8221; url=&#8221;https:\/\/www.centsys.com\/demo002&#8243; url_new_window=&#8221;on&#8221; admin_label=&#8221;FOOTER_SITE WIDE&#8221; _builder_version=&#8221;4.25.0&#8243; _module_preset=&#8221;default&#8221; global_colors_info=&#8221;{}&#8221;][\/et_pb_fullwidth_image][et_pb_fullwidth_header button_one_text=&#8221;Contactez-nous&#8221; button_one_url=&#8221;https:\/\/www.centsys.com\/demo002\/coordonnees\/&#8221; button_two_text=&#8221;Support Technique&#8221; button_two_url=&#8221;https:\/\/www.centsys.com\/demo002\/support-technique\/&#8221; _builder_version=&#8221;4.25.0&#8243; _module_preset=&#8221;default&#8221; background_color=&#8221;#c1c1c1&#8243; custom_button_one=&#8221;on&#8221; button_one_text_color=&#8221;#FFFFFF&#8221; button_one_bg_color=&#8221;#999999&#8243; button_one_border_color=&#8221;#999999&#8243; custom_button_two=&#8221;on&#8221; button_two_text_color=&#8221;#FFFFFF&#8221; button_two_bg_color=&#8221;#999999&#8243; button_two_border_color=&#8221;#999999&#8243; custom_margin=&#8221;||-4px|||&#8221; custom_padding=&#8221;6px||17px|||&#8221; button_two_bg_color_tablet=&#8221;#999999&#8243; button_two_bg_color_phone=&#8221;#999999&#8243; button_two_bg_color_last_edited=&#8221;on|desktop&#8221; global_colors_info=&#8221;{}&#8221; button_one_bg_color__hover_enabled=&#8221;on|desktop&#8221; button_one_bg_color__hover=&#8221;#81c341&#8243; button_one_bg_enable_color__hover=&#8221;on&#8221; button_one_border_color__hover_enabled=&#8221;on|hover&#8221; button_one_border_color__hover=&#8221;#81c341&#8243; button_two_bg_color__hover_enabled=&#8221;on|hover&#8221; button_two_bg_color__hover=&#8221;#81c341&#8243; button_two_bg_enable_color__hover=&#8221;on&#8221; button_two_border_color__hover_enabled=&#8221;on|hover&#8221; button_two_border_color__hover=&#8221;#81c341&#8243;][\/et_pb_fullwidth_header][\/et_pb_section]<\/p>\n","protected":false},"excerpt":{"rendered":"<p>Le moteur pour portail battant VANTAGE<span><span><a href=\"https:\/\/www.centsys.com\/demo002\/\">ACCUEIL<\/a><\/span><\/span>VANTAGE \u2013 MOTEUR POUR PORTAIL BATTANT\u00a0 Mince, \u00e9l\u00e9gant, s\u00fbr et solide: ce sont quelques-uns des mots qui d\u00e9crivent le VANTAGE, v\u00e9rin pour portail battant r\u00e9sidentiel et industriels. Le VANTAGE est fourni avec une batterie de secours et permet une installation rapide et facile. Il s\u2019agit d\u2019un ensemble exceptionnellement r\u00e9sistant de [&hellip;]<\/p>\n","protected":false},"author":1,"featured_media":0,"parent":0,"menu_order":0,"comment_status":"closed","ping_status":"closed","template":"","meta":{"_et_pb_use_builder":"on","_et_pb_old_content":"","_et_gb_content_width":"","_joinchat":[],"footnotes":""},"class_list":["post-1308","page","type-page","status-publish","hentry"],"yoast_head":"<!-- This site is optimized with the Yoast SEO Premium plugin v27.3 (Yoast SEO v27.4) - https:\/\/yoast.com\/product\/yoast-seo-premium-wordpress\/ -->\r\n<title>Moteurs pour portail battant VANTAGE - Centurion Systems<\/title>\r\n<meta name=\"description\" content=\"\u00c9l\u00e9gant, s\u00e9curis\u00e9 et solide : tels sont les mots qui d\u00e9crivent le moteur de portail \u00e0 battant lin\u00e9aire VANTAGE pour les portails r\u00e9sidentiels et industriels.\" \/>\r\n<meta name=\"robots\" content=\"index, follow, max-snippet:-1, max-image-preview:large, max-video-preview:-1\" \/>\r\n<link rel=\"canonical\" href=\"https:\/\/www.centsys.com\/demo002\/moteurs-pour-portail-battant-vantage\/\" \/>\r\n<meta property=\"og:locale\" content=\"en_US\" \/>\r\n<meta property=\"og:type\" content=\"article\" \/>\r\n<meta property=\"og:title\" content=\"VANTAGE\" \/>\r\n<meta property=\"og:description\" content=\"\u00c9l\u00e9gant, s\u00e9curis\u00e9 et solide : tels sont les mots qui d\u00e9crivent le moteur de portail \u00e0 battant lin\u00e9aire VANTAGE pour les portails r\u00e9sidentiels et industriels.\" \/>\r\n<meta property=\"og:url\" content=\"https:\/\/www.centsys.com\/demo002\/moteurs-pour-portail-battant-vantage\/\" \/>\r\n<meta property=\"og:site_name\" content=\"Centurion Systems French\" \/>\r\n<meta property=\"article:modified_time\" content=\"2024-05-23T12:30:33+00:00\" \/>\r\n<meta name=\"twitter:card\" content=\"summary_large_image\" \/>\r\n<meta name=\"twitter:label1\" content=\"Est. reading time\" \/>\n\t<meta name=\"twitter:data1\" content=\"4 minutes\" \/>\r\n<script type=\"application\/ld+json\" class=\"yoast-schema-graph\">{\"@context\":\"https:\\\/\\\/schema.org\",\"@graph\":[{\"@type\":\"WebPage\",\"@id\":\"https:\\\/\\\/www.centsys.com\\\/demo002\\\/moteurs-pour-portail-battant-vantage\\\/\",\"url\":\"https:\\\/\\\/www.centsys.com\\\/demo002\\\/moteurs-pour-portail-battant-vantage\\\/\",\"name\":\"Moteurs pour portail battant VANTAGE - Centurion Systems\",\"isPartOf\":{\"@id\":\"https:\\\/\\\/www.centsys.com\\\/demo002\\\/#website\"},\"datePublished\":\"2020-03-09T12:33:48+00:00\",\"dateModified\":\"2024-05-23T12:30:33+00:00\",\"description\":\"\u00c9l\u00e9gant, s\u00e9curis\u00e9 et solide : tels sont les mots qui d\u00e9crivent le moteur de portail \u00e0 battant lin\u00e9aire VANTAGE pour les portails r\u00e9sidentiels et industriels.\",\"breadcrumb\":{\"@id\":\"https:\\\/\\\/www.centsys.com\\\/demo002\\\/moteurs-pour-portail-battant-vantage\\\/#breadcrumb\"},\"inLanguage\":\"en-ZA\",\"potentialAction\":[{\"@type\":\"ReadAction\",\"target\":[\"https:\\\/\\\/www.centsys.com\\\/demo002\\\/moteurs-pour-portail-battant-vantage\\\/\"]}]},{\"@type\":\"BreadcrumbList\",\"@id\":\"https:\\\/\\\/www.centsys.com\\\/demo002\\\/moteurs-pour-portail-battant-vantage\\\/#breadcrumb\",\"itemListElement\":[{\"@type\":\"ListItem\",\"position\":1,\"name\":\"ACCUEIL\",\"item\":\"https:\\\/\\\/www.centsys.com\\\/demo002\\\/\"},{\"@type\":\"ListItem\",\"position\":2,\"name\":\"VANTAGE\"}]},{\"@type\":\"WebSite\",\"@id\":\"https:\\\/\\\/www.centsys.com\\\/demo002\\\/#website\",\"url\":\"https:\\\/\\\/www.centsys.com\\\/demo002\\\/\",\"name\":\"Centurion Systems French\",\"description\":\"Produits D\u2019automatisation D\u2019acc\u00e8s\",\"potentialAction\":[{\"@type\":\"SearchAction\",\"target\":{\"@type\":\"EntryPoint\",\"urlTemplate\":\"https:\\\/\\\/www.centsys.com\\\/demo002\\\/?s={search_term_string}\"},\"query-input\":{\"@type\":\"PropertyValueSpecification\",\"valueRequired\":true,\"valueName\":\"search_term_string\"}}],\"inLanguage\":\"en-ZA\"}]}<\/script>\r\n<!-- \/ Yoast SEO Premium plugin. -->","yoast_head_json":{"title":"Moteurs pour portail battant VANTAGE - Centurion Systems","description":"\u00c9l\u00e9gant, s\u00e9curis\u00e9 et solide : tels sont les mots qui d\u00e9crivent le moteur de portail \u00e0 battant lin\u00e9aire VANTAGE pour les portails r\u00e9sidentiels et industriels.","robots":{"index":"index","follow":"follow","max-snippet":"max-snippet:-1","max-image-preview":"max-image-preview:large","max-video-preview":"max-video-preview:-1"},"canonical":"https:\/\/www.centsys.com\/demo002\/moteurs-pour-portail-battant-vantage\/","og_locale":"en_US","og_type":"article","og_title":"VANTAGE","og_description":"\u00c9l\u00e9gant, s\u00e9curis\u00e9 et solide : tels sont les mots qui d\u00e9crivent le moteur de portail \u00e0 battant lin\u00e9aire VANTAGE pour les portails r\u00e9sidentiels et industriels.","og_url":"https:\/\/www.centsys.com\/demo002\/moteurs-pour-portail-battant-vantage\/","og_site_name":"Centurion Systems French","article_modified_time":"2024-05-23T12:30:33+00:00","twitter_card":"summary_large_image","twitter_misc":{"Est. reading time":"4 minutes"},"schema":{"@context":"https:\/\/schema.org","@graph":[{"@type":"WebPage","@id":"https:\/\/www.centsys.com\/demo002\/moteurs-pour-portail-battant-vantage\/","url":"https:\/\/www.centsys.com\/demo002\/moteurs-pour-portail-battant-vantage\/","name":"Moteurs pour portail battant VANTAGE - Centurion Systems","isPartOf":{"@id":"https:\/\/www.centsys.com\/demo002\/#website"},"datePublished":"2020-03-09T12:33:48+00:00","dateModified":"2024-05-23T12:30:33+00:00","description":"\u00c9l\u00e9gant, s\u00e9curis\u00e9 et solide : tels sont les mots qui d\u00e9crivent le moteur de portail \u00e0 battant lin\u00e9aire VANTAGE pour les portails r\u00e9sidentiels et industriels.","breadcrumb":{"@id":"https:\/\/www.centsys.com\/demo002\/moteurs-pour-portail-battant-vantage\/#breadcrumb"},"inLanguage":"en-ZA","potentialAction":[{"@type":"ReadAction","target":["https:\/\/www.centsys.com\/demo002\/moteurs-pour-portail-battant-vantage\/"]}]},{"@type":"BreadcrumbList","@id":"https:\/\/www.centsys.com\/demo002\/moteurs-pour-portail-battant-vantage\/#breadcrumb","itemListElement":[{"@type":"ListItem","position":1,"name":"ACCUEIL","item":"https:\/\/www.centsys.com\/demo002\/"},{"@type":"ListItem","position":2,"name":"VANTAGE"}]},{"@type":"WebSite","@id":"https:\/\/www.centsys.com\/demo002\/#website","url":"https:\/\/www.centsys.com\/demo002\/","name":"Centurion Systems French","description":"Produits D\u2019automatisation D\u2019acc\u00e8s","potentialAction":[{"@type":"SearchAction","target":{"@type":"EntryPoint","urlTemplate":"https:\/\/www.centsys.com\/demo002\/?s={search_term_string}"},"query-input":{"@type":"PropertyValueSpecification","valueRequired":true,"valueName":"search_term_string"}}],"inLanguage":"en-ZA"}]}},"_links":{"self":[{"href":"https:\/\/www.centsys.com\/demo002\/wp-json\/wp\/v2\/pages\/1308","targetHints":{"allow":["GET"]}}],"collection":[{"href":"https:\/\/www.centsys.com\/demo002\/wp-json\/wp\/v2\/pages"}],"about":[{"href":"https:\/\/www.centsys.com\/demo002\/wp-json\/wp\/v2\/types\/page"}],"author":[{"embeddable":true,"href":"https:\/\/www.centsys.com\/demo002\/wp-json\/wp\/v2\/users\/1"}],"replies":[{"embeddable":true,"href":"https:\/\/www.centsys.com\/demo002\/wp-json\/wp\/v2\/comments?post=1308"}],"version-history":[{"count":0,"href":"https:\/\/www.centsys.com\/demo002\/wp-json\/wp\/v2\/pages\/1308\/revisions"}],"wp:attachment":[{"href":"https:\/\/www.centsys.com\/demo002\/wp-json\/wp\/v2\/media?parent=1308"}],"curies":[{"name":"wp","href":"https:\/\/api.w.org\/{rel}","templated":true}]}}