{"id":1406,"date":"2020-03-09T13:55:43","date_gmt":"2020-03-09T13:55:43","guid":{"rendered":"https:\/\/www.centsys.co.za\/fr\/?page_id=1406"},"modified":"2024-08-04T09:45:25","modified_gmt":"2024-08-04T07:45:25","slug":"moteur-pour-portail-coulissant-residentiel","status":"publish","type":"page","link":"https:\/\/www.centsys.com\/demo002\/moteur-pour-portail-coulissant-residentiel\/","title":{"rendered":"Moteurs pour portail coulissant r\u00e9sidentiel"},"content":{"rendered":"<p>[et_pb_section fb_built=&#8221;1&#8243; fullwidth=&#8221;on&#8221; _builder_version=&#8221;4.16&#8243; background_enable_image=&#8221;off&#8221; locked=&#8221;off&#8221; global_colors_info=&#8221;{}&#8221;][et_pb_fullwidth_header title=&#8221;AUTOMATISATION POUR PORTAILS COULISSANTS &#8211; R\u00c9SIDENTIEL, INDUSTRIEL ET COMMERCIAL&#8221; _builder_version=&#8221;4.16&#8243; title_font=&#8221;Verdana|700||on|||||&#8221; title_text_align=&#8221;left&#8221; title_text_color=&#8221;#81c341&#8243; title_font_size=&#8221;46px&#8221; content_font=&#8221;Verdana||||||||&#8221; content_text_align=&#8221;left&#8221; content_text_color=&#8221;#6d6e71&#8243; content_font_size=&#8221;18px&#8221; background_enable_color=&#8221;off&#8221; background_image=&#8221;https:\/\/www.centsys.com\/demo002\/wp-content\/uploads\/2020\/03\/Sliding-Gates.jpg&#8221; background_position=&#8221;center_right&#8221; background_layout=&#8221;light&#8221; width=&#8221;100{b9f1a820be3d81834e54a7fd91d7ea557d10675802c96376b4de0df52dd4704d}&#8221; max_width=&#8221;100{b9f1a820be3d81834e54a7fd91d7ea557d10675802c96376b4de0df52dd4704d}&#8221; custom_margin=&#8221;||||false|false&#8221; custom_padding=&#8221;8{b275702fb50eb40ce127199ba0c14ed5c48ee57d6f0451ec33debc284b28b4f4}|20{b275702fb50eb40ce127199ba0c14ed5c48ee57d6f0451ec33debc284b28b4f4}|8{b275702fb50eb40ce127199ba0c14ed5c48ee57d6f0451ec33debc284b28b4f4}||true|false&#8221; global_colors_info=&#8221;{}&#8221;]<\/p>\n<p>Automatisation d\u2019acc\u00e8s | Interphones | Contr\u00f4le d\u2019acc\u00e8s | Dispositifs de S\u00e9curit\u00e9 | Accessoires<\/p>\n<p>[\/et_pb_fullwidth_header][\/et_pb_section][et_pb_section fb_built=&#8221;1&#8243; fullwidth=&#8221;on&#8221; _builder_version=&#8221;4.20.4&#8243; background_color=&#8221;#e5e5e5&#8243; use_background_color_gradient=&#8221;on&#8221; background_color_gradient_stops=&#8221;#e5e5e5 0%|#e5e5e5 100%&#8221; background_color_gradient_start=&#8221;#e5e5e5&#8243; background_color_gradient_end=&#8221;#e5e5e5&#8243; transform_translate=&#8221;-13px|269px&#8221; background_color_gradient_stops_tablet=&#8221;#e5e5e5 0%|#e5e5e5 100%&#8221; background_color_gradient_stops_phone=&#8221;#e5e5e5 0%|#e5e5e5 100%&#8221; global_module=&#8221;5513&#8243; global_colors_info=&#8221;{}&#8221;][et_pb_fullwidth_code _builder_version=&#8221;4.20.4&#8243; _module_preset=&#8221;default&#8221; global_colors_info=&#8221;{}&#8221;]<span><span><a href=\"https:\/\/www.centsys.com\/demo002\/\">ACCUEIL<\/a><\/span><\/span>[\/et_pb_fullwidth_code][\/et_pb_section][et_pb_section fb_built=&#8221;1&#8243; _builder_version=&#8221;4.16&#8243; global_colors_info=&#8221;{}&#8221;][et_pb_row _builder_version=&#8221;4.27.0&#8243; _module_preset=&#8221;default&#8221; global_colors_info=&#8221;{}&#8221;][et_pb_column type=&#8221;4_4&#8243; _builder_version=&#8221;4.27.0&#8243; _module_preset=&#8221;default&#8221; global_colors_info=&#8221;{}&#8221;][et_pb_text _builder_version=&#8221;4.27.0&#8243; _module_preset=&#8221;default&#8221; global_colors_info=&#8221;{}&#8221;]<\/p>\n<h1><strong>Am\u00e9liorez la s\u00e9curit\u00e9 et le confort de votre maison avec les moteurs de portails de <\/strong><a href=\"https:\/\/www.centsys.com\/demo002\"><strong>CENTURION<\/strong><\/a><\/h1>\n<p>Imaginez une entr\u00e9e sans effort et une touche de luxe au quotidien. Les moteurs de portails r\u00e9sidentiels de <a href=\"https:\/\/www.centsys.com\/demo002\">CENTURION<\/a> transforment votre entr\u00e9e en une exp\u00e9rience s\u00e9curis\u00e9e et simplifi\u00e9e. Notre technologie prim\u00e9e assure une s\u00e9curit\u00e9 in\u00e9gal\u00e9e, mettant le pouvoir de contr\u00f4le au bout de vos doigts.<\/p>\n<p>[\/et_pb_text][\/et_pb_column][\/et_pb_row][et_pb_row column_structure=&#8221;1_3,1_3,1_3&#8243; _builder_version=&#8221;4.16&#8243; global_colors_info=&#8221;{}&#8221;][et_pb_column type=&#8221;1_3&#8243; _builder_version=&#8221;4.16&#8243; global_colors_info=&#8221;{}&#8221;][et_pb_blurb title=&#8221;D3 SMART&#8221; image=&#8221;https:\/\/www.centsys.com\/demo002\/img\/D3%20SMART\/Centurion-Systems-D3%20SMART_Avant.jpg&#8221; _builder_version=&#8221;4.25.0&#8243; header_text_align=&#8221;center&#8221; header_font_size=&#8221;25px&#8221; global_colors_info=&#8221;{}&#8221;][\/et_pb_blurb][et_pb_button button_url=&#8221;@ET-DC@eyJkeW5hbWljIjp0cnVlLCJjb250ZW50IjoicG9zdF9saW5rX3VybF9wYWdlIiwic2V0dGluZ3MiOnsicG9zdF9pZCI6IjI1NDc4In19@&#8221; button_text=&#8221;VOIR LE PRODUIT&#8221; button_alignment=&#8221;center&#8221; _builder_version=&#8221;4.25.0&#8243; _dynamic_attributes=&#8221;button_url&#8221; global_colors_info=&#8221;{}&#8221;][\/et_pb_button][\/et_pb_column][et_pb_column type=&#8221;1_3&#8243; _builder_version=&#8221;4.16&#8243; global_colors_info=&#8221;{}&#8221;][et_pb_blurb title=&#8221;D5-Evo SMART&#8221; image=&#8221;https:\/\/www.centsys.com\/demo002\/img\/D5-EVO%20SMART\/Centurion-Systems-D5-EVO-%20SMART_Avant.jpg.jpg&#8221; _builder_version=&#8221;4.25.0&#8243; header_text_align=&#8221;center&#8221; header_font_size=&#8221;25px&#8221; global_colors_info=&#8221;{}&#8221;][\/et_pb_blurb][et_pb_button button_url=&#8221;@ET-DC@eyJkeW5hbWljIjp0cnVlLCJjb250ZW50IjoicG9zdF9saW5rX3VybF9wYWdlIiwic2V0dGluZ3MiOnsicG9zdF9pZCI6IjI1MzgwIn19@&#8221; button_text=&#8221;VOIR LE PRODUIT&#8221; button_alignment=&#8221;center&#8221; _builder_version=&#8221;4.25.0&#8243; _dynamic_attributes=&#8221;button_url&#8221; global_colors_info=&#8221;{}&#8221;][\/et_pb_button][\/et_pb_column][et_pb_column type=&#8221;1_3&#8243; _builder_version=&#8221;4.16&#8243; global_colors_info=&#8221;{}&#8221;][et_pb_blurb title=&#8221;D6 SMART&#8221; image=&#8221;https:\/\/www.centsys.com\/demo002\/img\/D6%20SMART\/Centurion-Systems-D6%20SMART_Avant.jpg&#8221; _builder_version=&#8221;4.25.0&#8243; header_text_align=&#8221;center&#8221; header_font_size=&#8221;25px&#8221; global_colors_info=&#8221;{}&#8221;][\/et_pb_blurb][et_pb_button button_url=&#8221;@ET-DC@eyJkeW5hbWljIjp0cnVlLCJjb250ZW50IjoicG9zdF9saW5rX3VybF9wYWdlIiwic2V0dGluZ3MiOnsicG9zdF9pZCI6IjI1NTM0In19@&#8221; button_text=&#8221;VOIR LE PRODUIT&#8221; button_alignment=&#8221;center&#8221; _builder_version=&#8221;4.25.0&#8243; _dynamic_attributes=&#8221;button_url&#8221; global_colors_info=&#8221;{}&#8221;][\/et_pb_button][\/et_pb_column][\/et_pb_row][\/et_pb_section][et_pb_section fb_built=&#8221;1&#8243; _builder_version=&#8221;4.27.0&#8243; _module_preset=&#8221;default&#8221; global_colors_info=&#8221;{}&#8221;][et_pb_row column_structure=&#8221;1_2,1_2&#8243; _builder_version=&#8221;4.27.0&#8243; _module_preset=&#8221;default&#8221; global_colors_info=&#8221;{}&#8221;][et_pb_column type=&#8221;1_2&#8243; _builder_version=&#8221;4.27.0&#8243; _module_preset=&#8221;default&#8221; global_colors_info=&#8221;{}&#8221;][et_pb_text _builder_version=&#8221;4.27.0&#8243; _module_preset=&#8221;default&#8221; global_colors_info=&#8221;{}&#8221;]<\/p>\n<h2><strong>S\u00e9curit\u00e9 in\u00e9gal\u00e9e:<\/strong><\/h2>\n<ul>\n<li><strong>Tranquillit\u00e9 d&#8217;esprit:<\/strong> Les moteurs de portails de <a href=\"https:\/\/www.centsys.com\/demo002\">CENTURION<\/a> constituent la premi\u00e8re ligne de d\u00e9fense de votre maison. Soyez tranquille en sachant que votre famille et vos biens sont prot\u00e9g\u00e9s par un syst\u00e8me automatis\u00e9 fiable et <a href=\"https:\/\/www.centsys.com\/demo002\/smart\">SMART<\/a>.<\/li>\n<li><strong>Dissuasion \u00e0 l&#8217;\u00e9gard des intrus:<\/strong>Le fonctionnement fluide et la conception robuste de nos moteurs de portails <a href=\"https:\/\/www.centsys.com\/demo002\/smart\">SMART<\/a> envoient un message clair: votre propri\u00e9t\u00e9 est bien s\u00e9curis\u00e9e.<\/li>\n<li><strong>Int\u00e9gration parfaite:<\/strong>Les syst\u00e8mes de Centurion s&#8217;int\u00e8grent sans effort aux mesures de s\u00e9curit\u00e9 existantes, cr\u00e9ant ainsi un bouclier unifi\u00e9 autour de votre maison.<\/li>\n<\/ul>\n<p>[\/et_pb_text][\/et_pb_column][et_pb_column type=&#8221;1_2&#8243; _builder_version=&#8221;4.27.0&#8243; _module_preset=&#8221;default&#8221; global_colors_info=&#8221;{}&#8221;][et_pb_text _builder_version=&#8221;4.27.0&#8243; _module_preset=&#8221;default&#8221; global_colors_info=&#8221;{}&#8221;]<\/p>\n<h2><strong>Facilit\u00e9 d&#8217;utilisation sans effort:<\/strong><\/h2>\n<ul>\n<li><strong>Fini la fatigue li\u00e9e aux portails:<\/strong>Plus besoin de se battre avec des portails lourds. Ouvrez et fermez votre entr\u00e9e \u00e0 l&#8217;aide d&#8217;une simple <a href=\"https:\/\/www.centsys.com\/demo002\/telecommandes-nova-de-centurion\/\">t\u00e9l\u00e9commande<\/a> ou d&#8217;une <a href=\"https:\/\/www.centsys.com\/demo002\/application-mobile-mycentsys-remote\/\">application pour smartphone<\/a>.<\/li>\n<li><strong>Contr\u00f4le d&#8217;acc\u00e8s simplifi\u00e9:<\/strong>Accordez l&#8217;acc\u00e8s aux personnes autoris\u00e9es sans avoir \u00e0 ouvrir physiquement le portail.<\/li>\n<li><strong>Con\u00e7u pour une utilisation quotidienne:<\/strong> Les moteurs de <a href=\"https:\/\/www.centsys.com\/demo002\">CENTURION<\/a> sont con\u00e7us pour durer, offrant un fonctionnement fluide et des performances fiables, peu importe le climat.<\/li>\n<\/ul>\n<p>[\/et_pb_text][\/et_pb_column][\/et_pb_row][\/et_pb_section][et_pb_section fb_built=&#8221;1&#8243; _builder_version=&#8221;4.27.0&#8243; _module_preset=&#8221;default&#8221; global_colors_info=&#8221;{}&#8221;][et_pb_row column_structure=&#8221;1_3,1_3,1_3&#8243; _builder_version=&#8221;4.27.0&#8243; _module_preset=&#8221;default&#8221; global_colors_info=&#8221;{}&#8221;][et_pb_column type=&#8221;1_3&#8243; _builder_version=&#8221;4.27.0&#8243; _module_preset=&#8221;default&#8221; global_colors_info=&#8221;{}&#8221;][et_pb_video src=&#8221;https:\/\/www.youtube.com\/watch?v=VyCTHKHk6NQ&#8221; _builder_version=&#8221;4.27.0&#8243; _module_preset=&#8221;default&#8221; global_colors_info=&#8221;{}&#8221;][\/et_pb_video][\/et_pb_column][et_pb_column type=&#8221;1_3&#8243; _builder_version=&#8221;4.27.0&#8243; _module_preset=&#8221;default&#8221; global_colors_info=&#8221;{}&#8221;][et_pb_video src=&#8221;https:\/\/www.youtube.com\/watch?v=74rado4bGaU&#8221; _builder_version=&#8221;4.27.0&#8243; _module_preset=&#8221;default&#8221; global_colors_info=&#8221;{}&#8221;][\/et_pb_video][\/et_pb_column][et_pb_column type=&#8221;1_3&#8243; _builder_version=&#8221;4.27.0&#8243; _module_preset=&#8221;default&#8221; global_colors_info=&#8221;{}&#8221;][et_pb_video src=&#8221;https:\/\/www.youtube.com\/watch?v=utlgp6m0_G4&#8243; _builder_version=&#8221;4.27.0&#8243; _module_preset=&#8221;default&#8221; global_colors_info=&#8221;{}&#8221;][\/et_pb_video][\/et_pb_column][\/et_pb_row][\/et_pb_section][et_pb_section fb_built=&#8221;1&#8243; fullwidth=&#8221;on&#8221; admin_label=&#8221;THIS IS THE MID SECTION BANNER SITE WIDE&#8221; _builder_version=&#8221;4.24.0&#8243; _module_preset=&#8221;default&#8221; global_module=&#8221;25449&#8243; global_colors_info=&#8221;{}&#8221;][et_pb_fullwidth_image src=&#8221;https:\/\/www.centsys.com\/demo002\/img\/home%20page\/CENTURION)Passez%20%C3%A0%20MyCentsys%20Remote%20pour%20un%20acc%C3%A8s%20continu_BANNER.jpg&#8221; url=&#8221;https:\/\/www.centsys.com\/demo002\/g-remote-ne-fonctionnera-plus-apres-le-31-aout\/&#8221; url_new_window=&#8221;on&#8221; admin_label=&#8221;FOOTER_SITE WIDE&#8221; _builder_version=&#8221;4.27.0&#8243; _module_preset=&#8221;default&#8221; hover_enabled=&#8221;0&#8243; global_colors_info=&#8221;{}&#8221; sticky_enabled=&#8221;0&#8243;][\/et_pb_fullwidth_image][et_pb_fullwidth_header button_one_text=&#8221;Contactez-nous&#8221; button_one_url=&#8221;https:\/\/www.centsys.com\/demo002\/coordonnees\/&#8221; button_two_text=&#8221;Support Technique&#8221; button_two_url=&#8221;https:\/\/www.centsys.com\/demo002\/support-technique\/&#8221; _builder_version=&#8221;4.27.0&#8243; _module_preset=&#8221;default&#8221; background_color=&#8221;#c1c1c1&#8243; custom_button_one=&#8221;on&#8221; button_one_text_color=&#8221;#FFFFFF&#8221; button_one_bg_color=&#8221;#999999&#8243; button_one_border_color=&#8221;#999999&#8243; custom_button_two=&#8221;on&#8221; button_two_text_color=&#8221;#FFFFFF&#8221; button_two_bg_color=&#8221;#999999&#8243; button_two_border_color=&#8221;#999999&#8243; custom_margin=&#8221;||-4px|||&#8221; custom_padding=&#8221;6px||17px|||&#8221; hover_enabled=&#8221;0&#8243; button_two_bg_color_tablet=&#8221;#999999&#8243; button_two_bg_color_phone=&#8221;#999999&#8243; button_two_bg_color_last_edited=&#8221;on|desktop&#8221; global_colors_info=&#8221;{}&#8221; button_one_bg_color__hover_enabled=&#8221;on|desktop&#8221; button_one_bg_color__hover=&#8221;#81c341&#8243; button_one_bg_enable_color__hover=&#8221;on&#8221; button_one_border_color__hover_enabled=&#8221;on|hover&#8221; button_one_border_color__hover=&#8221;#81c341&#8243; button_two_bg_color__hover_enabled=&#8221;on|hover&#8221; button_two_bg_color__hover=&#8221;#81c341&#8243; button_two_bg_enable_color__hover=&#8221;on&#8221; button_two_border_color__hover_enabled=&#8221;on|hover&#8221; button_two_border_color__hover=&#8221;#81c341&#8243; sticky_enabled=&#8221;0&#8243;][\/et_pb_fullwidth_header][\/et_pb_section]<\/p>\n","protected":false},"excerpt":{"rendered":"<p>Automatisation d\u2019acc\u00e8s | Interphones | Contr\u00f4le d\u2019acc\u00e8s | Dispositifs de S\u00e9curit\u00e9 | Accessoires<span><span><a href=\"https:\/\/www.centsys.com\/demo002\/\">ACCUEIL<\/a><\/span><\/span>Am\u00e9liorez la s\u00e9curit\u00e9 et le confort de votre maison avec les moteurs de portails de CENTURION Imaginez une entr\u00e9e sans effort et une touche de luxe au quotidien. Les moteurs de portails r\u00e9sidentiels de CENTURION transforment votre entr\u00e9e en une exp\u00e9rience s\u00e9curis\u00e9e et [&hellip;]<\/p>\n","protected":false},"author":1,"featured_media":0,"parent":0,"menu_order":0,"comment_status":"closed","ping_status":"closed","template":"","meta":{"_et_pb_use_builder":"on","_et_pb_old_content":"","_et_gb_content_width":"","_joinchat":[],"footnotes":""},"class_list":["post-1406","page","type-page","status-publish","hentry"],"yoast_head":"<!-- This site is optimized with the Yoast SEO Premium plugin v27.3 (Yoast SEO v27.4) - https:\/\/yoast.com\/product\/yoast-seo-premium-wordpress\/ -->\r\n<title>Moteur pour portail coulissant r\u00e9sidentiel - Centurion Systems<\/title>\r\n<meta name=\"description\" content=\"Votre portail est le premier point d&#039;entr\u00e9e de votremaison ou votre entreprise; alors assurezvous qu&#039;il soits\u00e9curis\u00e9. Les moteurs coulissants de CENTURION vousdonneront la s\u00e9curit\u00e9 et la commodit\u00e9\" \/>\r\n<meta name=\"robots\" content=\"index, follow, max-snippet:-1, max-image-preview:large, max-video-preview:-1\" \/>\r\n<link rel=\"canonical\" href=\"https:\/\/www.centsys.com\/demo002\/moteur-pour-portail-coulissant-residentiel\/\" \/>\r\n<meta property=\"og:locale\" content=\"en_US\" \/>\r\n<meta property=\"og:type\" content=\"article\" \/>\r\n<meta property=\"og:title\" content=\"Moteurs pour portail coulissant r\u00e9sidentiel\" \/>\r\n<meta property=\"og:description\" content=\"Votre portail est le premier point d&#039;entr\u00e9e de votremaison ou votre entreprise; alors assurezvous qu&#039;il soits\u00e9curis\u00e9. Les moteurs coulissants de CENTURION vousdonneront la s\u00e9curit\u00e9 et la commodit\u00e9\" \/>\r\n<meta property=\"og:url\" content=\"https:\/\/www.centsys.com\/demo002\/moteur-pour-portail-coulissant-residentiel\/\" \/>\r\n<meta property=\"og:site_name\" content=\"Centurion Systems French\" \/>\r\n<meta property=\"article:modified_time\" content=\"2024-08-04T07:45:25+00:00\" \/>\r\n<meta name=\"twitter:card\" content=\"summary_large_image\" \/>\r\n<meta name=\"twitter:label1\" content=\"Est. reading time\" \/>\n\t<meta name=\"twitter:data1\" content=\"2 minutes\" \/>\r\n<script type=\"application\/ld+json\" class=\"yoast-schema-graph\">{\"@context\":\"https:\\\/\\\/schema.org\",\"@graph\":[{\"@type\":\"WebPage\",\"@id\":\"https:\\\/\\\/www.centsys.com\\\/demo002\\\/moteur-pour-portail-coulissant-residentiel\\\/\",\"url\":\"https:\\\/\\\/www.centsys.com\\\/demo002\\\/moteur-pour-portail-coulissant-residentiel\\\/\",\"name\":\"Moteur pour portail coulissant r\u00e9sidentiel - Centurion Systems\",\"isPartOf\":{\"@id\":\"https:\\\/\\\/www.centsys.com\\\/demo002\\\/#website\"},\"datePublished\":\"2020-03-09T13:55:43+00:00\",\"dateModified\":\"2024-08-04T07:45:25+00:00\",\"description\":\"Votre portail est le premier point d'entr\u00e9e de votremaison ou votre entreprise; alors assurezvous qu'il soits\u00e9curis\u00e9. Les moteurs coulissants de CENTURION vousdonneront la s\u00e9curit\u00e9 et la commodit\u00e9\",\"breadcrumb\":{\"@id\":\"https:\\\/\\\/www.centsys.com\\\/demo002\\\/moteur-pour-portail-coulissant-residentiel\\\/#breadcrumb\"},\"inLanguage\":\"en-ZA\",\"potentialAction\":[{\"@type\":\"ReadAction\",\"target\":[\"https:\\\/\\\/www.centsys.com\\\/demo002\\\/moteur-pour-portail-coulissant-residentiel\\\/\"]}]},{\"@type\":\"BreadcrumbList\",\"@id\":\"https:\\\/\\\/www.centsys.com\\\/demo002\\\/moteur-pour-portail-coulissant-residentiel\\\/#breadcrumb\",\"itemListElement\":[{\"@type\":\"ListItem\",\"position\":1,\"name\":\"ACCUEIL\",\"item\":\"https:\\\/\\\/www.centsys.com\\\/demo002\\\/\"},{\"@type\":\"ListItem\",\"position\":2,\"name\":\"Moteurs pour portail coulissant r\u00e9sidentiel\"}]},{\"@type\":\"WebSite\",\"@id\":\"https:\\\/\\\/www.centsys.com\\\/demo002\\\/#website\",\"url\":\"https:\\\/\\\/www.centsys.com\\\/demo002\\\/\",\"name\":\"Centurion Systems French\",\"description\":\"Produits D\u2019automatisation D\u2019acc\u00e8s\",\"potentialAction\":[{\"@type\":\"SearchAction\",\"target\":{\"@type\":\"EntryPoint\",\"urlTemplate\":\"https:\\\/\\\/www.centsys.com\\\/demo002\\\/?s={search_term_string}\"},\"query-input\":{\"@type\":\"PropertyValueSpecification\",\"valueRequired\":true,\"valueName\":\"search_term_string\"}}],\"inLanguage\":\"en-ZA\"}]}<\/script>\r\n<!-- \/ Yoast SEO Premium plugin. -->","yoast_head_json":{"title":"Moteur pour portail coulissant r\u00e9sidentiel - Centurion Systems","description":"Votre portail est le premier point d'entr\u00e9e de votremaison ou votre entreprise; alors assurezvous qu'il soits\u00e9curis\u00e9. Les moteurs coulissants de CENTURION vousdonneront la s\u00e9curit\u00e9 et la commodit\u00e9","robots":{"index":"index","follow":"follow","max-snippet":"max-snippet:-1","max-image-preview":"max-image-preview:large","max-video-preview":"max-video-preview:-1"},"canonical":"https:\/\/www.centsys.com\/demo002\/moteur-pour-portail-coulissant-residentiel\/","og_locale":"en_US","og_type":"article","og_title":"Moteurs pour portail coulissant r\u00e9sidentiel","og_description":"Votre portail est le premier point d'entr\u00e9e de votremaison ou votre entreprise; alors assurezvous qu'il soits\u00e9curis\u00e9. Les moteurs coulissants de CENTURION vousdonneront la s\u00e9curit\u00e9 et la commodit\u00e9","og_url":"https:\/\/www.centsys.com\/demo002\/moteur-pour-portail-coulissant-residentiel\/","og_site_name":"Centurion Systems French","article_modified_time":"2024-08-04T07:45:25+00:00","twitter_card":"summary_large_image","twitter_misc":{"Est. reading time":"2 minutes"},"schema":{"@context":"https:\/\/schema.org","@graph":[{"@type":"WebPage","@id":"https:\/\/www.centsys.com\/demo002\/moteur-pour-portail-coulissant-residentiel\/","url":"https:\/\/www.centsys.com\/demo002\/moteur-pour-portail-coulissant-residentiel\/","name":"Moteur pour portail coulissant r\u00e9sidentiel - Centurion Systems","isPartOf":{"@id":"https:\/\/www.centsys.com\/demo002\/#website"},"datePublished":"2020-03-09T13:55:43+00:00","dateModified":"2024-08-04T07:45:25+00:00","description":"Votre portail est le premier point d'entr\u00e9e de votremaison ou votre entreprise; alors assurezvous qu'il soits\u00e9curis\u00e9. Les moteurs coulissants de CENTURION vousdonneront la s\u00e9curit\u00e9 et la commodit\u00e9","breadcrumb":{"@id":"https:\/\/www.centsys.com\/demo002\/moteur-pour-portail-coulissant-residentiel\/#breadcrumb"},"inLanguage":"en-ZA","potentialAction":[{"@type":"ReadAction","target":["https:\/\/www.centsys.com\/demo002\/moteur-pour-portail-coulissant-residentiel\/"]}]},{"@type":"BreadcrumbList","@id":"https:\/\/www.centsys.com\/demo002\/moteur-pour-portail-coulissant-residentiel\/#breadcrumb","itemListElement":[{"@type":"ListItem","position":1,"name":"ACCUEIL","item":"https:\/\/www.centsys.com\/demo002\/"},{"@type":"ListItem","position":2,"name":"Moteurs pour portail coulissant r\u00e9sidentiel"}]},{"@type":"WebSite","@id":"https:\/\/www.centsys.com\/demo002\/#website","url":"https:\/\/www.centsys.com\/demo002\/","name":"Centurion Systems French","description":"Produits D\u2019automatisation D\u2019acc\u00e8s","potentialAction":[{"@type":"SearchAction","target":{"@type":"EntryPoint","urlTemplate":"https:\/\/www.centsys.com\/demo002\/?s={search_term_string}"},"query-input":{"@type":"PropertyValueSpecification","valueRequired":true,"valueName":"search_term_string"}}],"inLanguage":"en-ZA"}]}},"_links":{"self":[{"href":"https:\/\/www.centsys.com\/demo002\/wp-json\/wp\/v2\/pages\/1406","targetHints":{"allow":["GET"]}}],"collection":[{"href":"https:\/\/www.centsys.com\/demo002\/wp-json\/wp\/v2\/pages"}],"about":[{"href":"https:\/\/www.centsys.com\/demo002\/wp-json\/wp\/v2\/types\/page"}],"author":[{"embeddable":true,"href":"https:\/\/www.centsys.com\/demo002\/wp-json\/wp\/v2\/users\/1"}],"replies":[{"embeddable":true,"href":"https:\/\/www.centsys.com\/demo002\/wp-json\/wp\/v2\/comments?post=1406"}],"version-history":[{"count":0,"href":"https:\/\/www.centsys.com\/demo002\/wp-json\/wp\/v2\/pages\/1406\/revisions"}],"wp:attachment":[{"href":"https:\/\/www.centsys.com\/demo002\/wp-json\/wp\/v2\/media?parent=1406"}],"curies":[{"name":"wp","href":"https:\/\/api.w.org\/{rel}","templated":true}]}}