{"id":20799,"date":"2020-10-30T10:25:28","date_gmt":"2020-10-30T08:25:28","guid":{"rendered":"https:\/\/www.centsys.co.za\/?page_id=20799"},"modified":"2025-01-10T09:12:51","modified_gmt":"2025-01-10T07:12:51","slug":"faisceaux-de-securite-infrarouge-sans-fil-photon-smart","status":"publish","type":"page","link":"https:\/\/www.centsys.com\/demo002\/faisceaux-de-securite-infrarouge-sans-fil-photon-smart\/","title":{"rendered":"PHOTON SMART"},"content":{"rendered":"<p>[et_pb_section fb_built=&#8221;1&#8243; fullwidth=&#8221;on&#8221; _builder_version=&#8221;4.16&#8243; _module_preset=&#8221;default&#8221; global_colors_info=&#8221;{}&#8221;][et_pb_fullwidth_image src=&#8221;https:\/\/www.centsys.co.za\/img\/smart\/Photon-SMART-Main-Banner.jpg&#8221; _builder_version=&#8221;4.17.4&#8243; _module_preset=&#8221;default&#8221; global_colors_info=&#8221;{}&#8221;][\/et_pb_fullwidth_image][\/et_pb_section][et_pb_section fb_built=&#8221;1&#8243; _builder_version=&#8221;4.16&#8243; _module_preset=&#8221;default&#8221; custom_padding=&#8221;||4px|||&#8221; global_colors_info=&#8221;{}&#8221;][et_pb_row _builder_version=&#8221;4.16&#8243; _module_preset=&#8221;default&#8221; global_colors_info=&#8221;{}&#8221;][et_pb_column type=&#8221;4_4&#8243; _builder_version=&#8221;4.16&#8243; _module_preset=&#8221;default&#8221; global_colors_info=&#8221;{}&#8221;][et_pb_text admin_label=&#8221;Text&#8221; _builder_version=&#8221;4.17.4&#8243; _module_preset=&#8221;default&#8221; global_colors_info=&#8221;{}&#8221;]<\/p>\n<h1 style=\"text-align: center;\">Faisceaux de s\u00e9curit\u00e9 infrarouge sans fil Photon SMART<\/h1>\n<p>Ayez l&#8217;esprit tranquille en un rien de temps gr\u00e2ce \u00e0 notre technologie SMART prim\u00e9e. Se connectant sans fil \u00e0 votre solution CENTURION SMART, les faisceaux de s\u00e9curit\u00e9 infrarouge sans fil Photon SMART vous offrent un syst\u00e8me de moteur de portail ou de porte de garage automatis\u00e9 qui n&#8217;est pas seulement s\u00fbr, il est intelligemment s\u00fbr.<br \/>\n[\/et_pb_text][et_pb_divider _builder_version=&#8221;4.16&#8243; _module_preset=&#8221;default&#8221; global_colors_info=&#8221;{}&#8221;][\/et_pb_divider][\/et_pb_column][\/et_pb_row][\/et_pb_section][et_pb_section fb_built=&#8221;1&#8243; _builder_version=&#8221;4.16&#8243; _module_preset=&#8221;default&#8221; custom_padding=&#8221;8px|||||&#8221; global_colors_info=&#8221;{}&#8221;][et_pb_row column_structure=&#8221;3_5,2_5&#8243; _builder_version=&#8221;4.16&#8243; _module_preset=&#8221;default&#8221; global_colors_info=&#8221;{}&#8221;][et_pb_column type=&#8221;3_5&#8243; _builder_version=&#8221;4.16&#8243; _module_preset=&#8221;default&#8221; global_colors_info=&#8221;{}&#8221;][et_pb_text _builder_version=&#8221;4.17.4&#8243; _module_preset=&#8221;default&#8221; global_colors_info=&#8221;{}&#8221;]<\/p>\n<h2><strong>Caract\u00e9ristiques principales :<\/strong><\/h2>\n<ul>\n<li>Se connecte sans fil \u00e0 votre solution SMART &#8211; \u00e9conomise du temps et de l&#8217;argent.<\/li>\n<li>Alignement en quelques secondes<\/li>\n<li>Un style \u00e9l\u00e9gant &#8211; ajoute un air de sophistication \u00e0 votre portail battant ou coulissant.<\/li>\n<li>Fiabilit\u00e9 exceptionnelle offrant jusqu&#8217;\u00e0 2 ans d&#8217;autonomie de la batterie<\/li>\n<li>Longue port\u00e9e &#8211; apporte la s\u00e9curit\u00e9 m\u00eame aux portails d&#8217;entr\u00e9e les plus larges.<\/li>\n<li>Unit\u00e9 enti\u00e8rement scell\u00e9e &#8211; emp\u00eache la p\u00e9n\u00e9tration des insectes.<\/li>\n<li>Peut \u00eatre facilement ajout\u00e9 aux sites disposant d\u00e9j\u00e0 de faisceaux c\u00e2bl\u00e9s.<\/li>\n<\/ul>\n<p>[\/et_pb_text][et_pb_text _builder_version=&#8221;4.17.4&#8243; _module_preset=&#8221;default&#8221; global_colors_info=&#8221;{}&#8221;]<\/p>\n<h3>Sp\u00e9cifications techniques :<\/h3>\n<div id=\"footable_parent_22353\"\n         class=\" footable_parent ninja_table_wrapper loading_ninja_table wp_table_data_press_parent semantic_ui \">\n                <table data-ninja_table_instance=\"ninja_table_instance_0\" data-footable_id=\"22353\" data-filter-delay=\"1000\" aria-label=\"PHOTON SMART\"            id=\"footable_22353\"\n           data-unique_identifier=\"ninja_table_unique_id_3837961739_22353\"\n           class=\" foo-table ninja_footable foo_table_22353 ninja_table_unique_id_3837961739_22353 ui table  nt_type_ajax_table selectable striped vertical_centered  footable-paging-right\">\n                <colgroup>\n                            <col class=\"ninja_column_0 \">\n                            <col class=\"ninja_column_1 \">\n                    <\/colgroup>\n            <\/table>\n    \n    \n    \n<\/div>\n\n<p>1. Remplacer uniquement par des piles alcalines AA ; ne pas utiliser de piles rechargeables avec ce produit.<br \/>\n2. Zone circulaire &#8211; en supposant des surfaces parall\u00e8les<br \/>\n[\/et_pb_text][\/et_pb_column][et_pb_column type=&#8221;2_5&#8243; _builder_version=&#8221;4.16&#8243; _module_preset=&#8221;default&#8221; global_colors_info=&#8221;{}&#8221;][et_pb_image src=&#8221;https:\/\/www.centsys.co.za\/img\/smart\/PHOTON-SMART-LOGO.jpg&#8221; _builder_version=&#8221;4.17.4&#8243; _module_preset=&#8221;default&#8221; global_colors_info=&#8221;{}&#8221;][\/et_pb_image][et_pb_image src=&#8221;https:\/\/www.centsys.com\/demo002\/img\/D5SMART\/L%E2%80%99application%20mobile%20MyCentsys%20Pro%20-%20T%C3%A9l%C3%A9charger.jpg&#8221; url=&#8221;https:\/\/www.centsys.com\/demo002\/application-mobile-mycentsys-pro\/&#8221; _builder_version=&#8221;4.17.4&#8243; _module_preset=&#8221;default&#8221; global_colors_info=&#8221;{}&#8221;][\/et_pb_image][et_pb_code _builder_version=&#8221;4.27.4&#8243; _module_preset=&#8221;default&#8221; hover_enabled=&#8221;0&#8243; global_colors_info=&#8221;{}&#8221; sticky_enabled=&#8221;0&#8243;]<\/p>\n<table border=\"0\" width=\"330\"><!-- [et_pb_line_break_holder] --><!-- [et_pb_line_break_holder] --><\/p>\n<tbody><!-- [et_pb_line_break_holder] --><!-- [et_pb_line_break_holder] --><\/p>\n<tr><!-- [et_pb_line_break_holder] --><!-- [et_pb_line_break_holder] --><\/p>\n<td><img decoding=\"async\" src=\"https:\/\/www.centsys.com\/demo002\/img\/PHOTON SMART\/PhotonSMART_FranceFlagPDF_img.jpg\" \/><\/td>\n<p><!-- [et_pb_line_break_holder] --><!-- [et_pb_line_break_holder] --><!-- [et_pb_line_break_holder] --><\/p>\n<td><a href=\"https:\/\/www.centsys.com\/demo002\/pdf\/photonii\/1227.D.02.0010%20Photon%20SMART%20brochure%20FRENCH_21102022_MT_Web.pdf\">PHOTON-SMART Brochure (1.44MB)<\/a><\/td>\n<p><!-- [et_pb_line_break_holder] --><!-- [et_pb_line_break_holder] --><\/tr>\n<p><!-- [et_pb_line_break_holder] --><!-- [et_pb_line_break_holder] --><!-- [et_pb_line_break_holder] --><\/p>\n<tr><!-- [et_pb_line_break_holder] --><!-- [et_pb_line_break_holder] --><\/p>\n<td><img decoding=\"async\" src=\"https:\/\/www.centsys.com\/demo002\/img\/PHOTON SMART\/PhotonSMART_FranceFlagPDF_img.jpg\" \/><\/td>\n<p><!-- [et_pb_line_break_holder] --><!-- [et_pb_line_break_holder] --><!-- [et_pb_line_break_holder] --><\/p>\n<td><a href=\"https:\/\/www.centsys.com\/demo002\/pdf\/photonsmart\/1227.D.01.0006%20Photon%20SMART%20IRB%20Quick%20Guide%20FRENCH_19122024_AP_Web.pdf\">PHOTON-SMART Manuel d&#8217;installation (544KB)<\/a><\/td>\n<p><!-- [et_pb_line_break_holder] --><!-- [et_pb_line_break_holder] --><\/tr>\n<p><!-- [et_pb_line_break_holder] --><!-- [et_pb_line_break_holder] --> <!-- [et_pb_line_break_holder] --><\/tbody>\n<p><!-- [et_pb_line_break_holder] --><!-- [et_pb_line_break_holder] --><\/table>\n<p><!-- [et_pb_line_break_holder] -->[\/et_pb_code][\/et_pb_column][\/et_pb_row][\/et_pb_section][et_pb_section fb_built=&#8221;1&#8243; fullwidth=&#8221;on&#8221; admin_label=&#8221;THIS IS THE MID SECTION BANNER SITE WIDE&#8221; _builder_version=&#8221;4.24.0&#8243; _module_preset=&#8221;default&#8221; global_module=&#8221;25449&#8243; global_colors_info=&#8221;{}&#8221;][et_pb_fullwidth_image src=&#8221;https:\/\/www.centsys.com\/demo002\/img\/blog\/Centurion_Assistance%20technique%20WhatsApp_Pied%20de%20page%20Web.jpg&#8221; url=&#8221;https:\/\/www.centsys.com\/demo002\/ecrivez-bonjour-avec-notre-ligne-dassistance-technique-whatsapp\/&#8221; url_new_window=&#8221;on&#8221; admin_label=&#8221;FOOTER_SITE WIDE&#8221; _builder_version=&#8221;4.27.2&#8243; _module_preset=&#8221;default&#8221; global_colors_info=&#8221;{}&#8221;][\/et_pb_fullwidth_image][et_pb_fullwidth_header button_one_text=&#8221;Contactez-nous&#8221; button_one_url=&#8221;https:\/\/www.centsys.com\/demo002\/coordonnees\/&#8221; button_two_text=&#8221;Support Technique&#8221; button_two_url=&#8221;https:\/\/www.centsys.com\/demo002\/support-technique\/&#8221; disabled_on=&#8221;on|on|on&#8221; _builder_version=&#8221;4.27.0&#8243; _module_preset=&#8221;default&#8221; background_color=&#8221;#c1c1c1&#8243; custom_button_one=&#8221;on&#8221; button_one_text_color=&#8221;#FFFFFF&#8221; button_one_bg_color=&#8221;#999999&#8243; button_one_border_color=&#8221;#999999&#8243; custom_button_two=&#8221;on&#8221; button_two_text_color=&#8221;#FFFFFF&#8221; button_two_bg_color=&#8221;#999999&#8243; button_two_border_color=&#8221;#999999&#8243; custom_margin=&#8221;||-4px|||&#8221; custom_padding=&#8221;6px||17px|||&#8221; button_two_bg_color_tablet=&#8221;#999999&#8243; button_two_bg_color_phone=&#8221;#999999&#8243; button_two_bg_color_last_edited=&#8221;on|desktop&#8221; disabled=&#8221;on&#8221; global_colors_info=&#8221;{}&#8221; button_one_bg_color__hover_enabled=&#8221;on|desktop&#8221; button_one_bg_color__hover=&#8221;#81c341&#8243; button_one_bg_enable_color__hover=&#8221;on&#8221; button_one_border_color__hover_enabled=&#8221;on|hover&#8221; button_one_border_color__hover=&#8221;#81c341&#8243; button_two_bg_color__hover_enabled=&#8221;on|hover&#8221; button_two_bg_color__hover=&#8221;#81c341&#8243; button_two_bg_enable_color__hover=&#8221;on&#8221; button_two_border_color__hover_enabled=&#8221;on|hover&#8221; button_two_border_color__hover=&#8221;#81c341&#8243;][\/et_pb_fullwidth_header][\/et_pb_section]<\/p>\n","protected":false},"excerpt":{"rendered":"<p>Faisceaux de s\u00e9curit\u00e9 infrarouge sans fil Photon SMART Ayez l&#8217;esprit tranquille en un rien de temps gr\u00e2ce \u00e0 notre technologie SMART prim\u00e9e. Se connectant sans fil \u00e0 votre solution CENTURION SMART, les faisceaux de s\u00e9curit\u00e9 infrarouge sans fil Photon SMART vous offrent un syst\u00e8me de moteur de portail ou de porte de garage automatis\u00e9 qui [&hellip;]<\/p>\n","protected":false},"author":2,"featured_media":0,"parent":0,"menu_order":0,"comment_status":"closed","ping_status":"closed","template":"","meta":{"_et_pb_use_builder":"on","_et_pb_old_content":"","_et_gb_content_width":"","_joinchat":[],"footnotes":""},"class_list":["post-20799","page","type-page","status-publish","hentry"],"yoast_head":"<!-- This site is optimized with the Yoast SEO Premium plugin v27.3 (Yoast SEO v27.4) - https:\/\/yoast.com\/product\/yoast-seo-premium-wordpress\/ -->\r\n<title>Faisceaux de securite infrarouge sans fil Photon SMART - Centurion Systems<\/title>\r\n<meta name=\"description\" content=\"Faisceaux de s\u00e9curit\u00e9 infrarouge sans fil Photon SMART. Ayez l&#039;esprit tranquille en un rien de temps gr\u00e2ce \u00e0 notre technologie SMART prim\u00e9e.\" \/>\r\n<meta name=\"robots\" content=\"index, follow, max-snippet:-1, max-image-preview:large, max-video-preview:-1\" \/>\r\n<link rel=\"canonical\" href=\"https:\/\/www.centsys.com\/demo002\/faisceaux-de-securite-infrarouge-sans-fil-photon-smart\/\" \/>\r\n<meta property=\"og:locale\" content=\"en_US\" \/>\r\n<meta property=\"og:type\" content=\"article\" \/>\r\n<meta property=\"og:title\" content=\"PHOTON SMART\" \/>\r\n<meta property=\"og:description\" content=\"Faisceaux de s\u00e9curit\u00e9 infrarouge sans fil Photon SMART. Ayez l&#039;esprit tranquille en un rien de temps gr\u00e2ce \u00e0 notre technologie SMART prim\u00e9e.\" \/>\r\n<meta property=\"og:url\" content=\"https:\/\/www.centsys.com\/demo002\/faisceaux-de-securite-infrarouge-sans-fil-photon-smart\/\" \/>\r\n<meta property=\"og:site_name\" content=\"Centurion Systems French\" \/>\r\n<meta property=\"article:modified_time\" content=\"2025-01-10T07:12:51+00:00\" \/>\r\n<meta name=\"twitter:card\" content=\"summary_large_image\" \/>\r\n<meta name=\"twitter:label1\" content=\"Est. reading time\" \/>\n\t<meta name=\"twitter:data1\" content=\"2 minutes\" \/>\r\n<script type=\"application\/ld+json\" class=\"yoast-schema-graph\">{\"@context\":\"https:\\\/\\\/schema.org\",\"@graph\":[{\"@type\":\"WebPage\",\"@id\":\"https:\\\/\\\/www.centsys.com\\\/demo002\\\/faisceaux-de-securite-infrarouge-sans-fil-photon-smart\\\/\",\"url\":\"https:\\\/\\\/www.centsys.com\\\/demo002\\\/faisceaux-de-securite-infrarouge-sans-fil-photon-smart\\\/\",\"name\":\"Faisceaux de securite infrarouge sans fil Photon SMART - Centurion Systems\",\"isPartOf\":{\"@id\":\"https:\\\/\\\/www.centsys.com\\\/demo002\\\/#website\"},\"datePublished\":\"2020-10-30T08:25:28+00:00\",\"dateModified\":\"2025-01-10T07:12:51+00:00\",\"description\":\"Faisceaux de s\u00e9curit\u00e9 infrarouge sans fil Photon SMART. Ayez l'esprit tranquille en un rien de temps gr\u00e2ce \u00e0 notre technologie SMART prim\u00e9e.\",\"breadcrumb\":{\"@id\":\"https:\\\/\\\/www.centsys.com\\\/demo002\\\/faisceaux-de-securite-infrarouge-sans-fil-photon-smart\\\/#breadcrumb\"},\"inLanguage\":\"en-ZA\",\"potentialAction\":[{\"@type\":\"ReadAction\",\"target\":[\"https:\\\/\\\/www.centsys.com\\\/demo002\\\/faisceaux-de-securite-infrarouge-sans-fil-photon-smart\\\/\"]}]},{\"@type\":\"BreadcrumbList\",\"@id\":\"https:\\\/\\\/www.centsys.com\\\/demo002\\\/faisceaux-de-securite-infrarouge-sans-fil-photon-smart\\\/#breadcrumb\",\"itemListElement\":[{\"@type\":\"ListItem\",\"position\":1,\"name\":\"ACCUEIL\",\"item\":\"https:\\\/\\\/www.centsys.com\\\/demo002\\\/\"},{\"@type\":\"ListItem\",\"position\":2,\"name\":\"PHOTON SMART\"}]},{\"@type\":\"WebSite\",\"@id\":\"https:\\\/\\\/www.centsys.com\\\/demo002\\\/#website\",\"url\":\"https:\\\/\\\/www.centsys.com\\\/demo002\\\/\",\"name\":\"Centurion Systems French\",\"description\":\"Produits D\u2019automatisation D\u2019acc\u00e8s\",\"potentialAction\":[{\"@type\":\"SearchAction\",\"target\":{\"@type\":\"EntryPoint\",\"urlTemplate\":\"https:\\\/\\\/www.centsys.com\\\/demo002\\\/?s={search_term_string}\"},\"query-input\":{\"@type\":\"PropertyValueSpecification\",\"valueRequired\":true,\"valueName\":\"search_term_string\"}}],\"inLanguage\":\"en-ZA\"}]}<\/script>\r\n<!-- \/ Yoast SEO Premium plugin. -->","yoast_head_json":{"title":"Faisceaux de securite infrarouge sans fil Photon SMART - Centurion Systems","description":"Faisceaux de s\u00e9curit\u00e9 infrarouge sans fil Photon SMART. Ayez l'esprit tranquille en un rien de temps gr\u00e2ce \u00e0 notre technologie SMART prim\u00e9e.","robots":{"index":"index","follow":"follow","max-snippet":"max-snippet:-1","max-image-preview":"max-image-preview:large","max-video-preview":"max-video-preview:-1"},"canonical":"https:\/\/www.centsys.com\/demo002\/faisceaux-de-securite-infrarouge-sans-fil-photon-smart\/","og_locale":"en_US","og_type":"article","og_title":"PHOTON SMART","og_description":"Faisceaux de s\u00e9curit\u00e9 infrarouge sans fil Photon SMART. Ayez l'esprit tranquille en un rien de temps gr\u00e2ce \u00e0 notre technologie SMART prim\u00e9e.","og_url":"https:\/\/www.centsys.com\/demo002\/faisceaux-de-securite-infrarouge-sans-fil-photon-smart\/","og_site_name":"Centurion Systems French","article_modified_time":"2025-01-10T07:12:51+00:00","twitter_card":"summary_large_image","twitter_misc":{"Est. reading time":"2 minutes"},"schema":{"@context":"https:\/\/schema.org","@graph":[{"@type":"WebPage","@id":"https:\/\/www.centsys.com\/demo002\/faisceaux-de-securite-infrarouge-sans-fil-photon-smart\/","url":"https:\/\/www.centsys.com\/demo002\/faisceaux-de-securite-infrarouge-sans-fil-photon-smart\/","name":"Faisceaux de securite infrarouge sans fil Photon SMART - Centurion Systems","isPartOf":{"@id":"https:\/\/www.centsys.com\/demo002\/#website"},"datePublished":"2020-10-30T08:25:28+00:00","dateModified":"2025-01-10T07:12:51+00:00","description":"Faisceaux de s\u00e9curit\u00e9 infrarouge sans fil Photon SMART. Ayez l'esprit tranquille en un rien de temps gr\u00e2ce \u00e0 notre technologie SMART prim\u00e9e.","breadcrumb":{"@id":"https:\/\/www.centsys.com\/demo002\/faisceaux-de-securite-infrarouge-sans-fil-photon-smart\/#breadcrumb"},"inLanguage":"en-ZA","potentialAction":[{"@type":"ReadAction","target":["https:\/\/www.centsys.com\/demo002\/faisceaux-de-securite-infrarouge-sans-fil-photon-smart\/"]}]},{"@type":"BreadcrumbList","@id":"https:\/\/www.centsys.com\/demo002\/faisceaux-de-securite-infrarouge-sans-fil-photon-smart\/#breadcrumb","itemListElement":[{"@type":"ListItem","position":1,"name":"ACCUEIL","item":"https:\/\/www.centsys.com\/demo002\/"},{"@type":"ListItem","position":2,"name":"PHOTON SMART"}]},{"@type":"WebSite","@id":"https:\/\/www.centsys.com\/demo002\/#website","url":"https:\/\/www.centsys.com\/demo002\/","name":"Centurion Systems French","description":"Produits D\u2019automatisation D\u2019acc\u00e8s","potentialAction":[{"@type":"SearchAction","target":{"@type":"EntryPoint","urlTemplate":"https:\/\/www.centsys.com\/demo002\/?s={search_term_string}"},"query-input":{"@type":"PropertyValueSpecification","valueRequired":true,"valueName":"search_term_string"}}],"inLanguage":"en-ZA"}]}},"_links":{"self":[{"href":"https:\/\/www.centsys.com\/demo002\/wp-json\/wp\/v2\/pages\/20799","targetHints":{"allow":["GET"]}}],"collection":[{"href":"https:\/\/www.centsys.com\/demo002\/wp-json\/wp\/v2\/pages"}],"about":[{"href":"https:\/\/www.centsys.com\/demo002\/wp-json\/wp\/v2\/types\/page"}],"author":[{"embeddable":true,"href":"https:\/\/www.centsys.com\/demo002\/wp-json\/wp\/v2\/users\/2"}],"replies":[{"embeddable":true,"href":"https:\/\/www.centsys.com\/demo002\/wp-json\/wp\/v2\/comments?post=20799"}],"version-history":[{"count":0,"href":"https:\/\/www.centsys.com\/demo002\/wp-json\/wp\/v2\/pages\/20799\/revisions"}],"wp:attachment":[{"href":"https:\/\/www.centsys.com\/demo002\/wp-json\/wp\/v2\/media?parent=20799"}],"curies":[{"name":"wp","href":"https:\/\/api.w.org\/{rel}","templated":true}]}}