{"id":22280,"date":"2021-10-20T16:23:08","date_gmt":"2021-10-20T14:23:08","guid":{"rendered":"https:\/\/www.centsys.co.za\/?page_id=22280"},"modified":"2025-09-15T23:45:18","modified_gmt":"2025-09-15T21:45:18","slug":"moteur-pour-portail-coulissant-industriel-d10-smart","status":"publish","type":"page","link":"https:\/\/www.centsys.com\/demo002\/moteur-pour-portail-coulissant-industriel-d10-smart\/","title":{"rendered":"D10 SMART"},"content":{"rendered":"<p>[et_pb_section fb_built=&#8221;1&#8243; fullwidth=&#8221;on&#8221; _builder_version=&#8221;4.16&#8243; _module_preset=&#8221;default&#8221; global_colors_info=&#8221;{}&#8221;][et_pb_fullwidth_image src=&#8221;https:\/\/www.centsys.com\/demo002\/img\/D10 SMART\/Moteur pour portail coulissant industriel CENTURION D10 SMART.jpg&#8221; _builder_version=&#8221;4.17.4&#8243; _module_preset=&#8221;default&#8221; global_colors_info=&#8221;{}&#8221;][\/et_pb_fullwidth_image][\/et_pb_section][et_pb_section fb_built=&#8221;1&#8243; _builder_version=&#8221;4.16&#8243; _module_preset=&#8221;default&#8221; custom_padding=&#8221;||1px|||&#8221; global_colors_info=&#8221;{}&#8221;][et_pb_row _builder_version=&#8221;4.16&#8243; _module_preset=&#8221;default&#8221; global_colors_info=&#8221;{}&#8221;][et_pb_column type=&#8221;4_4&#8243; _builder_version=&#8221;4.16&#8243; _module_preset=&#8221;default&#8221; global_colors_info=&#8221;{}&#8221;][et_pb_text _builder_version=&#8221;4.17.4&#8243; _module_preset=&#8221;default&#8221; global_colors_info=&#8221;{}&#8221;]<\/p>\n<h1 style=\"text-align: center;\">Moteur de portail coulissant industriel et commercial D10 SMART<\/h1>\n<p>Le moteur de portail coulissant commercial et industriel lourd D10 SMART \u2013 convient aux portails pesant jusqu\u2019\u00e0 1000 kg. Jusqu\u2019\u00e0 750 cycles par jour. Batterie de secours de 24V.<\/p>\n<p>[\/et_pb_text][\/et_pb_column][\/et_pb_row][\/et_pb_section][et_pb_section fb_built=&#8221;1&#8243; _builder_version=&#8221;4.16&#8243; _module_preset=&#8221;default&#8221; custom_padding=&#8221;9px|||||&#8221; global_colors_info=&#8221;{}&#8221;][et_pb_row column_structure=&#8221;3_5,2_5&#8243; _builder_version=&#8221;4.16&#8243; _module_preset=&#8221;default&#8221; global_colors_info=&#8221;{}&#8221;][et_pb_column type=&#8221;3_5&#8243; _builder_version=&#8221;4.16&#8243; _module_preset=&#8221;default&#8221; global_colors_info=&#8221;{}&#8221;][et_pb_text _builder_version=&#8221;4.17.4&#8243; _module_preset=&#8221;default&#8221; global_colors_info=&#8221;{}&#8221;]<\/p>\n<p>Le moteur l\u00e9gendaire pour les grands volumes. La puissance du contr\u00f4le d\u2019acc\u00e8s robuste. Le choix intelligent dans l\u2019automatisation des portails commerciaux et industriels. Maintenant avec une SMART technologie prim\u00e9e.<\/p>\n<p>[\/et_pb_text][et_pb_text _builder_version=&#8221;4.17.4&#8243; _module_preset=&#8221;default&#8221; global_colors_info=&#8221;{}&#8221;]<\/p>\n<div class=\"et_pb_module et_pb_text et_pb_text_2  et_pb_text_align_left et_pb_bg_layout_light\">\n<div class=\"et_pb_text_inner\">\n<h2><strong>Caract\u00e9ristiques principales:<\/strong><\/h2>\n<ul>\n<li>Faisant passer l\u2019intelligence au niveau sup\u00e9rieur. une machine con\u00e7ue pour l\u2019excellence et perfectionn\u00e9e par l\u2019innovation<\/li>\n<li>Repoussant les limites de la technologie pour vous apporter le summum de la force, la s\u00e9curit\u00e9 et l&#8217;endurance \u2013 convenable aux portes pesant jusqu\u2019\u00e0 1T avec 750 cycles par jour.<\/li>\n<li>Un SMART mat\u00e9riel et une SMART connectivit\u00e9 offrent la meilleure exp\u00e9rience aux installateurs<\/li>\n<li>Protection intelligente contre le vol et l\u2019effraction avec un capteur de vibration int\u00e9gr\u00e9 et une cage brevet\u00e9e de dissuasion contre le vol<\/li>\n<li>Plus d\u2019espace et un plateau d\u2019accessoires pour des solutions compl\u00e9mentaires telles que les appareils GSM<\/li>\n<li>Fiabilit\u00e9 de classe mondiale avec une bo\u00eete de vitesses scell\u00e9e et un m\u00e9canisme de lib\u00e9ration manuelle am\u00e9lior\u00e9 et plus s\u00fbr<\/li>\n<li>Bo\u00eete de vitesses en aluminium moul\u00e9 sous pression coupl\u00e9e \u00e0 un moteur \u00e0 courant continu \u00e0 couple \u00e9lev\u00e9 con\u00e7u pour la vitesse et la performance<\/li>\n<li>S\u00e9curit\u00e9 sans compromis, convenance ininterrompue avec batterie de secours de 24V<\/li>\n<li>Acc\u00e8s instantan\u00e9 \u00e0 des diagnostics avanc\u00e9s d&#8217;applications et de journalisations, surveillance de l\u2019int\u00e9grit\u00e9 du syst\u00e8me en temps r\u00e9el<\/li>\n<li>Contr\u00f4le de position pr\u00e9cis et s\u00fbr int\u00e9grant une technologie fiable \u00e0 effet Hall<\/li>\n<li>Am\u00e9lioration du routage des fils<\/li>\n<li>Automate SMART Universel \u2013 compatible avec toutes les solutions CENTURION SMART<\/li>\n<\/ul>\n<\/div>\n<\/div>\n<p>[\/et_pb_text][et_pb_image src=&#8221;https:\/\/www.centsys.co.za\/img\/smart\/D10T-and-SMART-Images.jpg&#8221; _builder_version=&#8221;4.16&#8243; _module_preset=&#8221;default&#8221; global_colors_info=&#8221;{}&#8221;][\/et_pb_image][\/et_pb_column][et_pb_column type=&#8221;2_5&#8243; _builder_version=&#8221;4.16&#8243; _module_preset=&#8221;default&#8221; global_colors_info=&#8221;{}&#8221;][et_pb_image src=&#8221;https:\/\/www.centsys.co.za\/img\/smart\/D10-SMART-logo.jpg&#8221; _builder_version=&#8221;4.17.4&#8243; _module_preset=&#8221;default&#8221; global_colors_info=&#8221;{}&#8221;][\/et_pb_image][et_pb_image src=&#8221;https:\/\/www.centsys.com\/demo002\/img\/D5SMART\/L%E2%80%99application%20mobile%20MyCentsys%20Pro%20-%20T%C3%A9l%C3%A9charger.jpg&#8221; url=&#8221;https:\/\/www.centsys.com\/demo002\/application-mobile-mycentsys-pro\/&#8221; _builder_version=&#8221;4.17.4&#8243; _module_preset=&#8221;default&#8221; global_colors_info=&#8221;{}&#8221;][\/et_pb_image][et_pb_code _builder_version=&#8221;4.27.4&#8243; _module_preset=&#8221;default&#8221; hover_enabled=&#8221;0&#8243; global_colors_info=&#8221;{}&#8221; sticky_enabled=&#8221;0&#8243;]<\/p>\n<table border=\"0\" width=\"330\"><!-- [et_pb_line_break_holder] --><\/p>\n<tbody><!-- [et_pb_line_break_holder] --><\/p>\n<tr><!-- [et_pb_line_break_holder] --><\/p>\n<td><img decoding=\"async\" src=\"https:\/\/www.centsys.com\/demo002\/img\/D-SERIES SMART\/DSERIES_FranceFlagPDF_img.jpg\" \/><\/td>\n<p><!-- [et_pb_line_break_holder] --><\/p>\n<td><a href=\"https:\/\/www.centsys.com\/demo002\/pdf\/d10smart\/1271.D.02.0005%20D10S%20D10TS%20CENTURION%20Brochure%20FRENCH_14102024_MT_Web.pdf\">D10 SMART\/D10T SMART Brochure (995KB)<\/a><\/td>\n<p><!-- [et_pb_line_break_holder] --><\/tr>\n<p><!-- [et_pb_line_break_holder] --><!-- [et_pb_line_break_holder] --><\/p>\n<tr><!-- [et_pb_line_break_holder] --><\/p>\n<td><img decoding=\"async\" src=\"https:\/\/www.centsys.com\/demo002\/img\/D-SERIES SMART\/DSERIES_FranceFlagPDF_img.jpg\" \/><\/td>\n<p><!-- [et_pb_line_break_holder] --><\/p>\n<td><a href=\"https:\/\/www.centsys.com\/demo002\/pdf\/d20smart\/1271.D.01.0006%20D10S%20D10TS%20D20%20Installation%20Manual%20FR_10032025_AP_Web.pdf\">D10 SMART\/D10T SMART Manuel d\u2019installation (5.90MB)<\/a><\/td>\n<p><!-- [et_pb_line_break_holder] --><\/tr>\n<p><!-- [et_pb_line_break_holder] --><!-- [et_pb_line_break_holder] --> <\/p>\n<tr><!-- [et_pb_line_break_holder] --><\/p>\n<td><img decoding=\"async\" src=\"https:\/\/www.centsys.com\/demo002\/img\/D-SERIES SMART\/DSERIES_FranceFlagPDF_img.jpg\" \/><\/td>\n<p><!-- [et_pb_line_break_holder] --><\/p>\n<td><a href=\"https:\/\/www.centsys.com\/demo002\/pdf\/d10smart\/1271.D.01.0007%20D10S%20D10TS%20D20%20Quick%20Guide%20FRENCH_21102022_MT_Web.pdf\">D10 SMART\/D10T SMART Guide rapide (3.18MB)<\/a><\/td>\n<p><!-- [et_pb_line_break_holder] --><\/tr>\n<p><!-- [et_pb_line_break_holder] -->  <!-- [et_pb_line_break_holder] --><\/p>\n<tr><!-- [et_pb_line_break_holder] --><\/p>\n<td><img decoding=\"async\" src=\"https:\/\/www.centsys.com\/demo002\/img\/D-SERIES SMART\/DSERIES_FranceFlagPDF_img.jpg\" \/><\/td>\n<p><!-- [et_pb_line_break_holder] --><\/p>\n<td><a href=\"https:\/\/www.centsys.com\/demo002\/pdf\/theftcage\/1271.D.01.0008%20D10S%20D10TS%20D20S%20Theft-deterrent%20manual%20FR_07032025_AP_Web.pdf\">Manuel d\u2019installation de la cage de dissuasion du D10 SMART\/D10T SMART (2.95MB)<\/a><\/td>\n<p><!-- [et_pb_line_break_holder] --><\/tr>\n<p><!-- [et_pb_line_break_holder] -->  <!-- [et_pb_line_break_holder] -->  <\/p>\n<tr><!-- [et_pb_line_break_holder] --><\/p>\n<td><img decoding=\"async\" src=\"https:\/\/www.centsys.com\/demo002\/img\/D-SERIES SMART\/DSERIES_FranceFlagPDF_img.jpg\" \/><\/td>\n<p><!-- [et_pb_line_break_holder] --><\/p>\n<td><a href=\"https:\/\/www.centsys.com\/demo002\/pdf\/rdod\/1401.D.01.0024%20SMART%20Origin%20Marker%20Pamphlet%20FRENCH_13112024_MT_Web.pdf\">Guide pratique du capteur d\u2019origine et du marqueur d\u2019origine SMART (613KB)<\/a><\/td>\n<p><!-- [et_pb_line_break_holder] --><\/tr>\n<p><!-- [et_pb_line_break_holder] --><!-- [et_pb_line_break_holder] -->    <\/p>\n<tr><!-- [et_pb_line_break_holder] --><\/p>\n<td><img decoding=\"async\" src=\"https:\/\/www.centsys.com\/demo002\/img\/D-SERIES SMART\/DSERIES_FranceFlagPDF_img.jpg\" \/><\/td>\n<p><!-- [et_pb_line_break_holder] --><\/p>\n<td><a href=\"https:\/\/www.centsys.com\/demo002\/pdf\/antilift\/0000.D.02.0009%20Anti-lift%20Brackets%20Brochure%20FR%2019082025_AP_Web.pdf\">CENTURION supports anti-soul\u00e8vement \u2013 Brochure (199KB)<\/a><\/td>\n<p><!-- [et_pb_line_break_holder] --><\/tr>\n<p> <!-- [et_pb_line_break_holder] -->  <\/p>\n<tr><!-- [et_pb_line_break_holder] --><\/p>\n<td><img decoding=\"async\" src=\"https:\/\/www.centsys.com\/demo002\/img\/D-SERIES SMART\/DSERIES_FranceFlagPDF_img.jpg\" \/><\/td>\n<p><!-- [et_pb_line_break_holder] --><\/p>\n<td><a href=\"https:\/\/www.centsys.com\/demo002\/pdf\/antilift\/0000.D.01.0015%20Anti-lift%20Brackets%20Installation%20Manual%20FR%2019082025_AP_Web_App.pdf\">CENTURION supports anti-soul\u00e8vement \u2013 Manuel d&#8217;installation (4.00MB)<\/a><\/td>\n<p><!-- [et_pb_line_break_holder] --><\/tr>\n<p><!-- [et_pb_line_break_holder] --><!-- [et_pb_line_break_holder] --><\/tbody>\n<p><!-- [et_pb_line_break_holder] --><\/table>\n<p> [\/et_pb_code][\/et_pb_column][\/et_pb_row][\/et_pb_section][et_pb_section fb_built=&#8221;1&#8243; _builder_version=&#8221;4.16&#8243; _module_preset=&#8221;default&#8221; custom_padding=&#8221;3px|||||&#8221; global_colors_info=&#8221;{}&#8221;][et_pb_row _builder_version=&#8221;4.16&#8243; _module_preset=&#8221;default&#8221; global_colors_info=&#8221;{}&#8221;][et_pb_column type=&#8221;4_4&#8243; _builder_version=&#8221;4.16&#8243; _module_preset=&#8221;default&#8221; global_colors_info=&#8221;{}&#8221;][et_pb_text _builder_version=&#8221;4.21.2&#8243; _module_preset=&#8221;default&#8221; global_colors_info=&#8221;{}&#8221;]<\/p>\n<h3>Sp\u00e9cifications techniques:<\/h3>\n<div id=\"footable_parent_22331\"\n         class=\" footable_parent ninja_table_wrapper loading_ninja_table wp_table_data_press_parent semantic_ui \">\n                <table data-ninja_table_instance=\"ninja_table_instance_0\" data-footable_id=\"22331\" data-filter-delay=\"1000\" aria-label=\"D10 SMART | D10 TURBO SMART\"            id=\"footable_22331\"\n           data-unique_identifier=\"ninja_table_unique_id_4206035735_22331\"\n           class=\" foo-table ninja_footable foo_table_22331 ninja_table_unique_id_4206035735_22331 ui table  nt_type_ajax_table vertical_centered  footable-paging-right ninja_table_search_disabled\">\n                <colgroup>\n                            <col class=\"ninja_column_0 \">\n                            <col class=\"ninja_column_1 \">\n                            <col class=\"ninja_column_2 \">\n                    <\/colgroup>\n            <\/table>\n    \n    \n    \n<\/div>\n\n<ol>\n<li>Capable de fonctionner \u00e0 partir d\u2019une alimentation solaire<\/li>\n<li>Bas\u00e9 sur une temp\u00e9rature ambiante de 25 \u00b0 C et une unit\u00e9 (D10 SMART) non expos\u00e9e \u00e0 la lumi\u00e8re directe du soleil<\/li>\n<li>Bas\u00e9 sur une force de pouss\u00e9e de moteur inf\u00e9rieure \u00e0 50% des forces nominales (forces de d\u00e9marrage et de fonctionnement)<\/li>\n<li>Les vitesses d\u2019ouverture et de fermeture des portes peuvent \u00eatre configur\u00e9es pour fonctionner plus lentement en fonction des exigences de chaque installation<\/li>\n<li>Peut augmenter la capacit\u00e9 de la batterie pour des temps de veille plus longs<\/li>\n<li>Bas\u00e9 sur un portail de 4m, sans tous les accessoires<\/li>\n<li>Plusieurs boutons par t\u00e9l\u00e9commande peuvent \u00eatre utilis\u00e9s<\/li>\n<li>R\u00e9f\u00e9rez-vous au tableau ci-dessous pour conna\u00eetre la vitesse de portail recommand\u00e9e du D10 TURBO SM\u0394RT pour des masses de portail sp\u00e9cifi\u00e9es<\/li>\n<\/ol>\n<p>[\/et_pb_text][\/et_pb_column][\/et_pb_row][\/et_pb_section][et_pb_section fb_built=&#8221;1&#8243; fullwidth=&#8221;on&#8221; admin_label=&#8221;THIS IS THE MID SECTION BANNER SITE WIDE&#8221; _builder_version=&#8221;4.27.4&#8243; _module_preset=&#8221;default&#8221; global_module=&#8221;25449&#8243; global_colors_info=&#8221;{}&#8221;][et_pb_fullwidth_image src=&#8221;https:\/\/www.centsys.com\/demo002\/img\/blog\/Centurion_Assistance%20technique%20WhatsApp_Pied%20de%20page%20Web.jpg&#8221; url=&#8221;https:\/\/www.centsys.com\/demo002\/ecrivez-bonjour-avec-notre-ligne-dassistance-technique-whatsapp\/&#8221; url_new_window=&#8221;on&#8221; admin_label=&#8221;FOOTER_SITE WIDE&#8221; _builder_version=&#8221;4.27.4&#8243; _module_preset=&#8221;default&#8221; global_colors_info=&#8221;{}&#8221;][\/et_pb_fullwidth_image][et_pb_fullwidth_header button_one_text=&#8221;Contactez-nous&#8221; button_one_url=&#8221;https:\/\/www.centsys.com\/demo002\/coordonnees\/&#8221; button_two_text=&#8221;Support Technique&#8221; button_two_url=&#8221;https:\/\/www.centsys.com\/demo002\/support-technique\/&#8221; disabled_on=&#8221;on|on|on&#8221; _builder_version=&#8221;4.27.0&#8243; _module_preset=&#8221;default&#8221; background_color=&#8221;#c1c1c1&#8243; custom_button_one=&#8221;on&#8221; button_one_text_color=&#8221;#FFFFFF&#8221; button_one_bg_color=&#8221;#999999&#8243; button_one_border_color=&#8221;#999999&#8243; custom_button_two=&#8221;on&#8221; button_two_text_color=&#8221;#FFFFFF&#8221; button_two_bg_color=&#8221;#999999&#8243; button_two_border_color=&#8221;#999999&#8243; custom_margin=&#8221;||-4px|||&#8221; custom_padding=&#8221;6px||17px|||&#8221; button_two_bg_color_tablet=&#8221;#999999&#8243; button_two_bg_color_phone=&#8221;#999999&#8243; button_two_bg_color_last_edited=&#8221;on|desktop&#8221; disabled=&#8221;on&#8221; global_colors_info=&#8221;{}&#8221; button_one_bg_color__hover_enabled=&#8221;on|desktop&#8221; button_one_bg_color__hover=&#8221;#81c341&#8243; button_one_bg_enable_color__hover=&#8221;on&#8221; button_one_border_color__hover_enabled=&#8221;on|hover&#8221; button_one_border_color__hover=&#8221;#81c341&#8243; button_two_bg_color__hover_enabled=&#8221;on|hover&#8221; button_two_bg_color__hover=&#8221;#81c341&#8243; button_two_bg_enable_color__hover=&#8221;on&#8221; button_two_border_color__hover_enabled=&#8221;on|hover&#8221; button_two_border_color__hover=&#8221;#81c341&#8243;][\/et_pb_fullwidth_header][\/et_pb_section]<\/p>\n","protected":false},"excerpt":{"rendered":"<p>Moteur de portail coulissant industriel et commercial D10 SMART Le moteur de portail coulissant commercial et industriel lourd D10 SMART \u2013 convient aux portails pesant jusqu\u2019\u00e0 1000 kg. Jusqu\u2019\u00e0 750 cycles par jour. Batterie de secours de 24V.Le moteur l\u00e9gendaire pour les grands volumes. La puissance du contr\u00f4le d\u2019acc\u00e8s robuste. Le choix intelligent dans l\u2019automatisation [&hellip;]<\/p>\n","protected":false},"author":2,"featured_media":0,"parent":0,"menu_order":0,"comment_status":"closed","ping_status":"closed","template":"","meta":{"_et_pb_use_builder":"on","_et_pb_old_content":"","_et_gb_content_width":"","_joinchat":[],"footnotes":""},"class_list":["post-22280","page","type-page","status-publish","hentry"],"yoast_head":"<!-- This site is optimized with the Yoast SEO Premium plugin v27.3 (Yoast SEO v27.4) - https:\/\/yoast.com\/product\/yoast-seo-premium-wordpress\/ -->\r\n<title>D10 SMART - Moteur portail coulissant industriel - Centurion Systems<\/title>\r\n<meta name=\"description\" content=\"Le moteur de portail coulissant commercial et industriel lourd D10 SMART \u2013 convient aux portails pesant jusqu\u2019\u00e0 1000 kg.\" \/>\r\n<meta name=\"robots\" content=\"index, follow, max-snippet:-1, max-image-preview:large, max-video-preview:-1\" \/>\r\n<link rel=\"canonical\" href=\"https:\/\/www.centsys.com\/demo002\/moteur-pour-portail-coulissant-industriel-d10-smart\/\" \/>\r\n<meta property=\"og:locale\" content=\"en_US\" \/>\r\n<meta property=\"og:type\" content=\"article\" \/>\r\n<meta property=\"og:title\" content=\"D10 SMART\" \/>\r\n<meta property=\"og:description\" content=\"Le moteur de portail coulissant commercial et industriel lourd D10 SMART \u2013 convient aux portails pesant jusqu\u2019\u00e0 1000 kg.\" \/>\r\n<meta property=\"og:url\" content=\"https:\/\/www.centsys.com\/demo002\/moteur-pour-portail-coulissant-industriel-d10-smart\/\" \/>\r\n<meta property=\"og:site_name\" content=\"Centurion Systems French\" \/>\r\n<meta property=\"article:modified_time\" content=\"2025-09-15T21:45:18+00:00\" \/>\r\n<meta name=\"twitter:card\" content=\"summary_large_image\" \/>\r\n<meta name=\"twitter:label1\" content=\"Est. reading time\" \/>\n\t<meta name=\"twitter:data1\" content=\"5 minutes\" \/>\r\n<script type=\"application\/ld+json\" class=\"yoast-schema-graph\">{\"@context\":\"https:\\\/\\\/schema.org\",\"@graph\":[{\"@type\":\"WebPage\",\"@id\":\"https:\\\/\\\/www.centsys.com\\\/demo002\\\/moteur-pour-portail-coulissant-industriel-d10-smart\\\/\",\"url\":\"https:\\\/\\\/www.centsys.com\\\/demo002\\\/moteur-pour-portail-coulissant-industriel-d10-smart\\\/\",\"name\":\"D10 SMART - Moteur portail coulissant industriel - Centurion Systems\",\"isPartOf\":{\"@id\":\"https:\\\/\\\/www.centsys.com\\\/demo002\\\/#website\"},\"datePublished\":\"2021-10-20T14:23:08+00:00\",\"dateModified\":\"2025-09-15T21:45:18+00:00\",\"description\":\"Le moteur de portail coulissant commercial et industriel lourd D10 SMART \u2013 convient aux portails pesant jusqu\u2019\u00e0 1000 kg.\",\"breadcrumb\":{\"@id\":\"https:\\\/\\\/www.centsys.com\\\/demo002\\\/moteur-pour-portail-coulissant-industriel-d10-smart\\\/#breadcrumb\"},\"inLanguage\":\"en-ZA\",\"potentialAction\":[{\"@type\":\"ReadAction\",\"target\":[\"https:\\\/\\\/www.centsys.com\\\/demo002\\\/moteur-pour-portail-coulissant-industriel-d10-smart\\\/\"]}]},{\"@type\":\"BreadcrumbList\",\"@id\":\"https:\\\/\\\/www.centsys.com\\\/demo002\\\/moteur-pour-portail-coulissant-industriel-d10-smart\\\/#breadcrumb\",\"itemListElement\":[{\"@type\":\"ListItem\",\"position\":1,\"name\":\"ACCUEIL\",\"item\":\"https:\\\/\\\/www.centsys.com\\\/demo002\\\/\"},{\"@type\":\"ListItem\",\"position\":2,\"name\":\"D10 SMART\"}]},{\"@type\":\"WebSite\",\"@id\":\"https:\\\/\\\/www.centsys.com\\\/demo002\\\/#website\",\"url\":\"https:\\\/\\\/www.centsys.com\\\/demo002\\\/\",\"name\":\"Centurion Systems French\",\"description\":\"Produits D\u2019automatisation D\u2019acc\u00e8s\",\"potentialAction\":[{\"@type\":\"SearchAction\",\"target\":{\"@type\":\"EntryPoint\",\"urlTemplate\":\"https:\\\/\\\/www.centsys.com\\\/demo002\\\/?s={search_term_string}\"},\"query-input\":{\"@type\":\"PropertyValueSpecification\",\"valueRequired\":true,\"valueName\":\"search_term_string\"}}],\"inLanguage\":\"en-ZA\"}]}<\/script>\r\n<!-- \/ Yoast SEO Premium plugin. -->","yoast_head_json":{"title":"D10 SMART - Moteur portail coulissant industriel - Centurion Systems","description":"Le moteur de portail coulissant commercial et industriel lourd D10 SMART \u2013 convient aux portails pesant jusqu\u2019\u00e0 1000 kg.","robots":{"index":"index","follow":"follow","max-snippet":"max-snippet:-1","max-image-preview":"max-image-preview:large","max-video-preview":"max-video-preview:-1"},"canonical":"https:\/\/www.centsys.com\/demo002\/moteur-pour-portail-coulissant-industriel-d10-smart\/","og_locale":"en_US","og_type":"article","og_title":"D10 SMART","og_description":"Le moteur de portail coulissant commercial et industriel lourd D10 SMART \u2013 convient aux portails pesant jusqu\u2019\u00e0 1000 kg.","og_url":"https:\/\/www.centsys.com\/demo002\/moteur-pour-portail-coulissant-industriel-d10-smart\/","og_site_name":"Centurion Systems French","article_modified_time":"2025-09-15T21:45:18+00:00","twitter_card":"summary_large_image","twitter_misc":{"Est. reading time":"5 minutes"},"schema":{"@context":"https:\/\/schema.org","@graph":[{"@type":"WebPage","@id":"https:\/\/www.centsys.com\/demo002\/moteur-pour-portail-coulissant-industriel-d10-smart\/","url":"https:\/\/www.centsys.com\/demo002\/moteur-pour-portail-coulissant-industriel-d10-smart\/","name":"D10 SMART - Moteur portail coulissant industriel - Centurion Systems","isPartOf":{"@id":"https:\/\/www.centsys.com\/demo002\/#website"},"datePublished":"2021-10-20T14:23:08+00:00","dateModified":"2025-09-15T21:45:18+00:00","description":"Le moteur de portail coulissant commercial et industriel lourd D10 SMART \u2013 convient aux portails pesant jusqu\u2019\u00e0 1000 kg.","breadcrumb":{"@id":"https:\/\/www.centsys.com\/demo002\/moteur-pour-portail-coulissant-industriel-d10-smart\/#breadcrumb"},"inLanguage":"en-ZA","potentialAction":[{"@type":"ReadAction","target":["https:\/\/www.centsys.com\/demo002\/moteur-pour-portail-coulissant-industriel-d10-smart\/"]}]},{"@type":"BreadcrumbList","@id":"https:\/\/www.centsys.com\/demo002\/moteur-pour-portail-coulissant-industriel-d10-smart\/#breadcrumb","itemListElement":[{"@type":"ListItem","position":1,"name":"ACCUEIL","item":"https:\/\/www.centsys.com\/demo002\/"},{"@type":"ListItem","position":2,"name":"D10 SMART"}]},{"@type":"WebSite","@id":"https:\/\/www.centsys.com\/demo002\/#website","url":"https:\/\/www.centsys.com\/demo002\/","name":"Centurion Systems French","description":"Produits D\u2019automatisation D\u2019acc\u00e8s","potentialAction":[{"@type":"SearchAction","target":{"@type":"EntryPoint","urlTemplate":"https:\/\/www.centsys.com\/demo002\/?s={search_term_string}"},"query-input":{"@type":"PropertyValueSpecification","valueRequired":true,"valueName":"search_term_string"}}],"inLanguage":"en-ZA"}]}},"_links":{"self":[{"href":"https:\/\/www.centsys.com\/demo002\/wp-json\/wp\/v2\/pages\/22280","targetHints":{"allow":["GET"]}}],"collection":[{"href":"https:\/\/www.centsys.com\/demo002\/wp-json\/wp\/v2\/pages"}],"about":[{"href":"https:\/\/www.centsys.com\/demo002\/wp-json\/wp\/v2\/types\/page"}],"author":[{"embeddable":true,"href":"https:\/\/www.centsys.com\/demo002\/wp-json\/wp\/v2\/users\/2"}],"replies":[{"embeddable":true,"href":"https:\/\/www.centsys.com\/demo002\/wp-json\/wp\/v2\/comments?post=22280"}],"version-history":[{"count":0,"href":"https:\/\/www.centsys.com\/demo002\/wp-json\/wp\/v2\/pages\/22280\/revisions"}],"wp:attachment":[{"href":"https:\/\/www.centsys.com\/demo002\/wp-json\/wp\/v2\/media?parent=22280"}],"curies":[{"name":"wp","href":"https:\/\/api.w.org\/{rel}","templated":true}]}}