{"id":23317,"date":"2022-09-22T15:49:57","date_gmt":"2022-09-22T13:49:57","guid":{"rendered":"https:\/\/www.centsys.co.za\/?page_id=23317"},"modified":"2026-01-27T11:23:01","modified_gmt":"2026-01-27T09:23:01","slug":"sirene-24v","status":"publish","type":"page","link":"https:\/\/www.centsys.com\/demo002\/sirene-24v\/","title":{"rendered":"Sir\u00e8ne 24V"},"content":{"rendered":"<p>[et_pb_section fb_built=&#8221;1&#8243; fullwidth=&#8221;on&#8221; _builder_version=&#8221;4.18.0&#8243; _module_preset=&#8221;default&#8221; global_colors_info=&#8221;{}&#8221;][et_pb_fullwidth_image src=&#8221;https:\/\/www.centsys.com\/demo002\/img\/siren\/CENTURION%20_La%20SMART%20Siren_Principal.jpg&#8221; _builder_version=&#8221;4.25.0&#8243; _module_preset=&#8221;default&#8221; global_colors_info=&#8221;{}&#8221;][\/et_pb_fullwidth_image][\/et_pb_section][et_pb_section fb_built=&#8221;1&#8243; fullwidth=&#8221;on&#8221; _builder_version=&#8221;4.16&#8243; inner_width_tablet=&#8221;50px&#8221; inner_max_width_tablet=&#8221;100px&#8221; inner_max_width_phone=&#8221;50px&#8221; custom_margin=&#8221;-3px|||||&#8221; z_index_tablet=&#8221;500&#8243; box_shadow_horizontal_tablet=&#8221;0px&#8221; box_shadow_vertical_tablet=&#8221;0px&#8221; box_shadow_blur_tablet=&#8221;40px&#8221; box_shadow_spread_tablet=&#8221;0px&#8221; global_colors_info=&#8221;{}&#8221;][et_pb_fullwidth_code admin_label=&#8221;BREAD CRUMB&#8221; _builder_version=&#8221;4.16&#8243; background_color=&#8221;#e5e5e5&#8243; text_orientation=&#8221;left&#8221; custom_padding=&#8221;0px|||15%||&#8221; z_index_tablet=&#8221;500&#8243; global_colors_info=&#8221;{}&#8221;]<span><span><a href=\"https:\/\/www.centsys.com\/demo002\/\">ACCUEIL<\/a><\/span><\/span>[\/et_pb_fullwidth_code][\/et_pb_section][et_pb_section fb_built=&#8221;1&#8243; _builder_version=&#8221;4.18.0&#8243; _module_preset=&#8221;default&#8221; global_colors_info=&#8221;{}&#8221;][et_pb_row column_structure=&#8221;3_5,2_5&#8243; _builder_version=&#8221;4.18.0&#8243; _module_preset=&#8221;default&#8221; global_colors_info=&#8221;{}&#8221;][et_pb_column type=&#8221;3_5&#8243; _builder_version=&#8221;4.18.0&#8243; _module_preset=&#8221;default&#8221; global_colors_info=&#8221;{}&#8221;][et_pb_text _builder_version=&#8221;4.24.0&#8243; _module_preset=&#8221;default&#8221; global_colors_info=&#8221;{}&#8221;]Nous vous pr\u00e9sentons l&#8217;ultime compagnon de s\u00e9curit\u00e9 pour <strong>votre portail et votre porte de garage<\/strong>: <strong>la SMART Siren<\/strong>, con\u00e7ue pour\u00a0s&#8217;int\u00e9grer parfaitement \u00e0 vos\u00a0<strong><a href=\"https:\/\/www.centsys.com\/FR\/smart\/\">moteurs de portail et de porte de garage SMART<\/a><\/strong>\u00a0existants. Cette sir\u00e8ne compacte est tr\u00e8s puissante et offre\u00a0une grande tranquillit\u00e9 d&#8217;esprit\u00a0gr\u00e2ce \u00e0 ses\u00a0fonctions de s\u00e9curit\u00e9 de haute technologie.<\/p>\n<p><strong>D\u00e9clenchez l&#8217;Alarme, Prot\u00e9gez-vous des Intrus:<\/strong><\/p>\n<ul>\n<li><strong>Alertes Instantan\u00e9es:\u00a0<\/strong>Vous \u00eates alert\u00e9 d\u00e8s qu&#8217;une manipulation est d\u00e9tect\u00e9e, afin d&#8217;\u00e9viter tout vol de moteur ou toute tentative d&#8217;effraction<\/li>\n<li><strong>Fort &amp; Clair:\u00a0<\/strong>Ne vous fiez pas \u00e0 sa taille compacte! <strong>La SMART Siren<\/strong> \u00e9met un son puissant, effrayant ainsi les intrus avant m\u00eame qu&#8217;ils ne p\u00e9n\u00e8trent dans la maison<\/li>\n<li><strong>D\u00e9fense discr\u00e8te:<\/strong>\u00a0Cach\u00e9e \u00e0 l&#8217;int\u00e9rieur du poteau de votre portail, elle reste invisible pour les voleurs potentiels et constitue une surprise inattendue<\/li>\n<li><strong>Construite pour Durer:<\/strong> Sous la pluie ou le soleil, de jour comme de nuit, la conception anti-\u00e9claboussures de <strong>la SMART Siren<\/strong> garantit une protection fiable quelles que soient les conditions m\u00e9t\u00e9orologiques<\/li>\n<li><strong>Compatibilit\u00e9 Universelle:<\/strong> Elle fonctionne parfaitement avec les moteurs <a href=\"https:\/\/www.centsys.com\/demo002\/smart\"><strong>CENTURION SMART<\/strong><\/a> de 12V et 24V, offrant une flexibilit\u00e9 in\u00e9gal\u00e9e<\/li>\n<\/ul>\n<p><strong>Plus Qu&#8217;une Simple Alarme:<\/strong><\/p>\n<p>La\u00a0<strong>SMART Siren<\/strong>\u00a0ajoute une\u00a0<strong>couche suppl\u00e9mentaire de s\u00e9curit\u00e9<\/strong>, fonctionnant conjointement avec votre syst\u00e8me <a href=\"https:\/\/www.centsys.com\/demo002\/smart\"><strong>CENTURION SMART<\/strong><\/a> existant. Profitez d&#8217;une <strong>int\u00e9gration parfaite<\/strong>\u00a0et d&#8217;une\u00a0<strong>protection compl\u00e8te<\/strong>\u00a0que seule une marque de confiance peut vous offrir.<\/p>\n<p><strong>Am\u00e9liorez votre s\u00e9curit\u00e9.<\/strong>\u00a0Am\u00e9liorez votre tranquillit\u00e9 d&#8217;esprit. <a href=\"https:\/\/www.centsys.com\/demo002\/coordonnees\/\"><strong>Procurez-vous la\u00a0SMART Siren\u00a0de Centurion Systems d\u00e8s aujourd&#8217;hui!<\/strong><\/a><br \/>\n[\/et_pb_text][\/et_pb_column][et_pb_column type=&#8221;2_5&#8243; _builder_version=&#8221;4.18.0&#8243; _module_preset=&#8221;default&#8221; global_colors_info=&#8221;{}&#8221;][et_pb_image src=&#8221;https:\/\/www.centsys.co.za\/img\/siren\/Centurion%20Siren.png&#8221; _builder_version=&#8221;4.24.0&#8243; _module_preset=&#8221;default&#8221; global_colors_info=&#8221;{}&#8221;][\/et_pb_image][et_pb_button button_url=&#8221;https:\/\/www.centsys.com\/demo002\/pdf\/siren\/0.07.A.0355%20CENTURION%20SMART%20Siren%20Insert%20FRENCH_20082024_MT_Web.pdf&#8221; button_text=&#8221;SIR\u00c8NE SMART PRINCIPALES CARACT\u00c9RISTIQUES ET PARAM\u00c8TRES&#8221; button_alignment=&#8221;center&#8221; _builder_version=&#8221;4.27.5&#8243; _module_preset=&#8221;default&#8221; hover_enabled=&#8221;0&#8243; global_colors_info=&#8221;{}&#8221; sticky_enabled=&#8221;0&#8243;][\/et_pb_button][\/et_pb_column][\/et_pb_row][\/et_pb_section][et_pb_section fb_built=&#8221;1&#8243; fullwidth=&#8221;on&#8221; admin_label=&#8221;THIS IS THE MID SECTION BANNER SITE WIDE&#8221; _builder_version=&#8221;4.27.4&#8243; _module_preset=&#8221;default&#8221; global_module=&#8221;25449&#8243; global_colors_info=&#8221;{}&#8221;][et_pb_fullwidth_image src=&#8221;https:\/\/www.centsys.com\/demo002\/img\/blog\/Centurion_Assistance%20technique%20WhatsApp_Pied%20de%20page%20Web.jpg&#8221; url=&#8221;https:\/\/www.centsys.com\/demo002\/ecrivez-bonjour-avec-notre-ligne-dassistance-technique-whatsapp\/&#8221; url_new_window=&#8221;on&#8221; admin_label=&#8221;FOOTER_SITE WIDE&#8221; _builder_version=&#8221;4.27.4&#8243; _module_preset=&#8221;default&#8221; global_colors_info=&#8221;{}&#8221;][\/et_pb_fullwidth_image][et_pb_fullwidth_header button_one_text=&#8221;Contactez-nous&#8221; button_one_url=&#8221;https:\/\/www.centsys.com\/demo002\/coordonnees\/&#8221; button_two_text=&#8221;Support Technique&#8221; button_two_url=&#8221;https:\/\/www.centsys.com\/demo002\/support-technique\/&#8221; disabled_on=&#8221;on|on|on&#8221; _builder_version=&#8221;4.27.0&#8243; _module_preset=&#8221;default&#8221; background_color=&#8221;#c1c1c1&#8243; custom_button_one=&#8221;on&#8221; button_one_text_color=&#8221;#FFFFFF&#8221; button_one_bg_color=&#8221;#999999&#8243; button_one_border_color=&#8221;#999999&#8243; custom_button_two=&#8221;on&#8221; button_two_text_color=&#8221;#FFFFFF&#8221; button_two_bg_color=&#8221;#999999&#8243; button_two_border_color=&#8221;#999999&#8243; custom_margin=&#8221;||-4px|||&#8221; custom_padding=&#8221;6px||17px|||&#8221; button_two_bg_color_tablet=&#8221;#999999&#8243; button_two_bg_color_phone=&#8221;#999999&#8243; button_two_bg_color_last_edited=&#8221;on|desktop&#8221; disabled=&#8221;on&#8221; global_colors_info=&#8221;{}&#8221; button_one_bg_color__hover_enabled=&#8221;on|desktop&#8221; button_one_bg_color__hover=&#8221;#81c341&#8243; button_one_bg_enable_color__hover=&#8221;on&#8221; button_one_border_color__hover_enabled=&#8221;on|hover&#8221; button_one_border_color__hover=&#8221;#81c341&#8243; button_two_bg_color__hover_enabled=&#8221;on|hover&#8221; button_two_bg_color__hover=&#8221;#81c341&#8243; button_two_bg_enable_color__hover=&#8221;on&#8221; button_two_border_color__hover_enabled=&#8221;on|hover&#8221; button_two_border_color__hover=&#8221;#81c341&#8243;][\/et_pb_fullwidth_header][\/et_pb_section]<\/p>\n","protected":false},"excerpt":{"rendered":"<p><span><span><a href=\"https:\/\/www.centsys.com\/demo002\/\">ACCUEIL<\/a><\/span><\/span>Nous vous pr\u00e9sentons l&#8217;ultime compagnon de s\u00e9curit\u00e9 pour votre portail et votre porte de garage: la SMART Siren, con\u00e7ue pour\u00a0s&#8217;int\u00e9grer parfaitement \u00e0 vos\u00a0moteurs de portail et de porte de garage SMART\u00a0existants. Cette sir\u00e8ne compacte est tr\u00e8s puissante et offre\u00a0une grande tranquillit\u00e9 d&#8217;esprit\u00a0gr\u00e2ce \u00e0 ses\u00a0fonctions de s\u00e9curit\u00e9 de haute technologie. D\u00e9clenchez l&#8217;Alarme, Prot\u00e9gez-vous des Intrus: Alertes [&hellip;]<\/p>\n","protected":false},"author":2,"featured_media":0,"parent":0,"menu_order":0,"comment_status":"closed","ping_status":"closed","template":"","meta":{"_et_pb_use_builder":"on","_et_pb_old_content":"","_et_gb_content_width":"","_joinchat":[],"footnotes":""},"class_list":["post-23317","page","type-page","status-publish","hentry"],"yoast_head":"<!-- This site is optimized with the Yoast SEO Premium plugin v27.3 (Yoast SEO v27.4) - https:\/\/yoast.com\/product\/yoast-seo-premium-wordpress\/ -->\r\n<title>Sir\u00e8ne 24V - Centurion Systems<\/title>\r\n<meta name=\"description\" content=\"Nous vous pr\u00e9sentons l\u2019ultime compagnon de s\u00e9curit\u00e9 pour votre portail et votre porte de garage: la SMART Siren.\" \/>\r\n<meta name=\"robots\" content=\"index, follow, max-snippet:-1, max-image-preview:large, max-video-preview:-1\" \/>\r\n<link rel=\"canonical\" href=\"https:\/\/www.centsys.com\/demo002\/sirene-24v\/\" \/>\r\n<meta property=\"og:locale\" content=\"en_US\" \/>\r\n<meta property=\"og:type\" content=\"article\" \/>\r\n<meta property=\"og:title\" content=\"Sir\u00e8ne 24V\" \/>\r\n<meta property=\"og:description\" content=\"Nous vous pr\u00e9sentons l\u2019ultime compagnon de s\u00e9curit\u00e9 pour votre portail et votre porte de garage: la SMART Siren.\" \/>\r\n<meta property=\"og:url\" content=\"https:\/\/www.centsys.com\/demo002\/sirene-24v\/\" \/>\r\n<meta property=\"og:site_name\" content=\"Centurion Systems French\" \/>\r\n<meta property=\"article:modified_time\" content=\"2026-01-27T09:23:01+00:00\" \/>\r\n<meta name=\"twitter:card\" content=\"summary_large_image\" \/>\r\n<meta name=\"twitter:label1\" content=\"Est. reading time\" \/>\n\t<meta name=\"twitter:data1\" content=\"2 minutes\" \/>\r\n<script type=\"application\/ld+json\" class=\"yoast-schema-graph\">{\"@context\":\"https:\\\/\\\/schema.org\",\"@graph\":[{\"@type\":\"WebPage\",\"@id\":\"https:\\\/\\\/www.centsys.com\\\/demo002\\\/sirene-24v\\\/\",\"url\":\"https:\\\/\\\/www.centsys.com\\\/demo002\\\/sirene-24v\\\/\",\"name\":\"Sir\u00e8ne 24V - Centurion Systems\",\"isPartOf\":{\"@id\":\"https:\\\/\\\/www.centsys.com\\\/demo002\\\/#website\"},\"datePublished\":\"2022-09-22T13:49:57+00:00\",\"dateModified\":\"2026-01-27T09:23:01+00:00\",\"description\":\"Nous vous pr\u00e9sentons l\u2019ultime compagnon de s\u00e9curit\u00e9 pour votre portail et votre porte de garage: la SMART Siren.\",\"breadcrumb\":{\"@id\":\"https:\\\/\\\/www.centsys.com\\\/demo002\\\/sirene-24v\\\/#breadcrumb\"},\"inLanguage\":\"en-ZA\",\"potentialAction\":[{\"@type\":\"ReadAction\",\"target\":[\"https:\\\/\\\/www.centsys.com\\\/demo002\\\/sirene-24v\\\/\"]}]},{\"@type\":\"BreadcrumbList\",\"@id\":\"https:\\\/\\\/www.centsys.com\\\/demo002\\\/sirene-24v\\\/#breadcrumb\",\"itemListElement\":[{\"@type\":\"ListItem\",\"position\":1,\"name\":\"ACCUEIL\",\"item\":\"https:\\\/\\\/www.centsys.com\\\/demo002\\\/\"},{\"@type\":\"ListItem\",\"position\":2,\"name\":\"Sir\u00e8ne 24V\"}]},{\"@type\":\"WebSite\",\"@id\":\"https:\\\/\\\/www.centsys.com\\\/demo002\\\/#website\",\"url\":\"https:\\\/\\\/www.centsys.com\\\/demo002\\\/\",\"name\":\"Centurion Systems French\",\"description\":\"Produits D\u2019automatisation D\u2019acc\u00e8s\",\"potentialAction\":[{\"@type\":\"SearchAction\",\"target\":{\"@type\":\"EntryPoint\",\"urlTemplate\":\"https:\\\/\\\/www.centsys.com\\\/demo002\\\/?s={search_term_string}\"},\"query-input\":{\"@type\":\"PropertyValueSpecification\",\"valueRequired\":true,\"valueName\":\"search_term_string\"}}],\"inLanguage\":\"en-ZA\"}]}<\/script>\r\n<!-- \/ Yoast SEO Premium plugin. -->","yoast_head_json":{"title":"Sir\u00e8ne 24V - Centurion Systems","description":"Nous vous pr\u00e9sentons l\u2019ultime compagnon de s\u00e9curit\u00e9 pour votre portail et votre porte de garage: la SMART Siren.","robots":{"index":"index","follow":"follow","max-snippet":"max-snippet:-1","max-image-preview":"max-image-preview:large","max-video-preview":"max-video-preview:-1"},"canonical":"https:\/\/www.centsys.com\/demo002\/sirene-24v\/","og_locale":"en_US","og_type":"article","og_title":"Sir\u00e8ne 24V","og_description":"Nous vous pr\u00e9sentons l\u2019ultime compagnon de s\u00e9curit\u00e9 pour votre portail et votre porte de garage: la SMART Siren.","og_url":"https:\/\/www.centsys.com\/demo002\/sirene-24v\/","og_site_name":"Centurion Systems French","article_modified_time":"2026-01-27T09:23:01+00:00","twitter_card":"summary_large_image","twitter_misc":{"Est. reading time":"2 minutes"},"schema":{"@context":"https:\/\/schema.org","@graph":[{"@type":"WebPage","@id":"https:\/\/www.centsys.com\/demo002\/sirene-24v\/","url":"https:\/\/www.centsys.com\/demo002\/sirene-24v\/","name":"Sir\u00e8ne 24V - Centurion Systems","isPartOf":{"@id":"https:\/\/www.centsys.com\/demo002\/#website"},"datePublished":"2022-09-22T13:49:57+00:00","dateModified":"2026-01-27T09:23:01+00:00","description":"Nous vous pr\u00e9sentons l\u2019ultime compagnon de s\u00e9curit\u00e9 pour votre portail et votre porte de garage: la SMART Siren.","breadcrumb":{"@id":"https:\/\/www.centsys.com\/demo002\/sirene-24v\/#breadcrumb"},"inLanguage":"en-ZA","potentialAction":[{"@type":"ReadAction","target":["https:\/\/www.centsys.com\/demo002\/sirene-24v\/"]}]},{"@type":"BreadcrumbList","@id":"https:\/\/www.centsys.com\/demo002\/sirene-24v\/#breadcrumb","itemListElement":[{"@type":"ListItem","position":1,"name":"ACCUEIL","item":"https:\/\/www.centsys.com\/demo002\/"},{"@type":"ListItem","position":2,"name":"Sir\u00e8ne 24V"}]},{"@type":"WebSite","@id":"https:\/\/www.centsys.com\/demo002\/#website","url":"https:\/\/www.centsys.com\/demo002\/","name":"Centurion Systems French","description":"Produits D\u2019automatisation D\u2019acc\u00e8s","potentialAction":[{"@type":"SearchAction","target":{"@type":"EntryPoint","urlTemplate":"https:\/\/www.centsys.com\/demo002\/?s={search_term_string}"},"query-input":{"@type":"PropertyValueSpecification","valueRequired":true,"valueName":"search_term_string"}}],"inLanguage":"en-ZA"}]}},"_links":{"self":[{"href":"https:\/\/www.centsys.com\/demo002\/wp-json\/wp\/v2\/pages\/23317","targetHints":{"allow":["GET"]}}],"collection":[{"href":"https:\/\/www.centsys.com\/demo002\/wp-json\/wp\/v2\/pages"}],"about":[{"href":"https:\/\/www.centsys.com\/demo002\/wp-json\/wp\/v2\/types\/page"}],"author":[{"embeddable":true,"href":"https:\/\/www.centsys.com\/demo002\/wp-json\/wp\/v2\/users\/2"}],"replies":[{"embeddable":true,"href":"https:\/\/www.centsys.com\/demo002\/wp-json\/wp\/v2\/comments?post=23317"}],"version-history":[{"count":0,"href":"https:\/\/www.centsys.com\/demo002\/wp-json\/wp\/v2\/pages\/23317\/revisions"}],"wp:attachment":[{"href":"https:\/\/www.centsys.com\/demo002\/wp-json\/wp\/v2\/media?parent=23317"}],"curies":[{"name":"wp","href":"https:\/\/api.w.org\/{rel}","templated":true}]}}