{"id":23374,"date":"2022-10-11T08:54:12","date_gmt":"2022-10-11T06:54:12","guid":{"rendered":"https:\/\/www.centsys.co.za\/?page_id=23374"},"modified":"2025-11-11T15:58:57","modified_gmt":"2025-11-11T13:58:57","slug":"serrure-electronique-glx900","status":"publish","type":"page","link":"https:\/\/www.centsys.com\/demo002\/serrure-electronique-glx900\/","title":{"rendered":"Serrure \u00e9lectronique GLX900"},"content":{"rendered":"<p>[et_pb_section fb_built=&#8221;1&#8243; fullwidth=&#8221;on&#8221; _builder_version=&#8221;4.18.0&#8243; _module_preset=&#8221;default&#8221; global_colors_info=&#8221;{}&#8221;][et_pb_fullwidth_image src=&#8221;https:\/\/www.centsys.com\/demo002\/img\/locks\/Serrure%20de%20portail%20%C3%A9lectrique%20GLX900_Main%20Banner.jpg&#8221; _builder_version=&#8221;4.20.4&#8243; _module_preset=&#8221;default&#8221; global_colors_info=&#8221;{}&#8221;][\/et_pb_fullwidth_image][\/et_pb_section][et_pb_section fb_built=&#8221;1&#8243; fullwidth=&#8221;on&#8221; _builder_version=&#8221;4.16&#8243; inner_width_tablet=&#8221;50px&#8221; inner_max_width_tablet=&#8221;100px&#8221; inner_max_width_phone=&#8221;50px&#8221; custom_margin=&#8221;-3px|||||&#8221; z_index_tablet=&#8221;500&#8243; box_shadow_horizontal_tablet=&#8221;0px&#8221; box_shadow_vertical_tablet=&#8221;0px&#8221; box_shadow_blur_tablet=&#8221;40px&#8221; box_shadow_spread_tablet=&#8221;0px&#8221; global_colors_info=&#8221;{}&#8221;][et_pb_fullwidth_code admin_label=&#8221;BREAD CRUMB&#8221; _builder_version=&#8221;4.16&#8243; background_color=&#8221;#e5e5e5&#8243; text_orientation=&#8221;left&#8221; custom_padding=&#8221;0px|||15%||&#8221; z_index_tablet=&#8221;500&#8243; global_colors_info=&#8221;{}&#8221;]<span><span><a href=\"https:\/\/www.centsys.com\/demo002\/\">ACCUEIL<\/a><\/span><\/span>[\/et_pb_fullwidth_code][\/et_pb_section][et_pb_section fb_built=&#8221;1&#8243; _builder_version=&#8221;4.18.0&#8243; _module_preset=&#8221;default&#8221; global_colors_info=&#8221;{}&#8221;][et_pb_row _builder_version=&#8221;4.18.0&#8243; _module_preset=&#8221;default&#8221; global_colors_info=&#8221;{}&#8221;][et_pb_column type=&#8221;4_4&#8243; _builder_version=&#8221;4.18.0&#8243; _module_preset=&#8221;default&#8221; global_colors_info=&#8221;{}&#8221;][et_pb_text _builder_version=&#8221;4.20.2&#8243; _module_preset=&#8221;default&#8221; global_colors_info=&#8221;{}&#8221;]<\/p>\n<h1 style=\"text-align: center;\">Serrure de portail \u00e9lectrique GLX900 pour portails battants et coulissants<\/h1>\n<p>[\/et_pb_text][\/et_pb_column][\/et_pb_row][et_pb_row _builder_version=&#8221;4.18.0&#8243; _module_preset=&#8221;default&#8221; global_colors_info=&#8221;{}&#8221;][et_pb_column type=&#8221;4_4&#8243; _builder_version=&#8221;4.18.0&#8243; _module_preset=&#8221;default&#8221; global_colors_info=&#8221;{}&#8221;][et_pb_image src=&#8221;https:\/\/www.centsys.com\/demo002\/img\/serrure-electronique-CENTURION-glx900.jpg&#8221; _builder_version=&#8221;4.20.4&#8243; _module_preset=&#8221;default&#8221; global_colors_info=&#8221;{}&#8221;][\/et_pb_image][\/et_pb_column][\/et_pb_row][\/et_pb_section][et_pb_section fb_built=&#8221;1&#8243; _builder_version=&#8221;4.18.0&#8243; _module_preset=&#8221;default&#8221; global_colors_info=&#8221;{}&#8221;][et_pb_row column_structure=&#8221;3_5,2_5&#8243; _builder_version=&#8221;4.18.0&#8243; _module_preset=&#8221;default&#8221; global_colors_info=&#8221;{}&#8221;][et_pb_column type=&#8221;3_5&#8243; _builder_version=&#8221;4.18.0&#8243; _module_preset=&#8221;default&#8221; global_colors_info=&#8221;{}&#8221;][et_pb_text _builder_version=&#8221;4.20.4&#8243; _module_preset=&#8221;default&#8221; global_colors_info=&#8221;{}&#8221;]Vous avez investi dans votre tranquillit\u00e9 d\u2019esprit \u2013 ajoutez maintenant un niveau de s\u00e9curit\u00e9 suppl\u00e9mentaire avec la nouvelle serrure \u00e9lectrique GLX900. S\u2019int\u00e9grant parfaitement aux portails <a href=\"https:\/\/www.centsys.com\/demo002\/moteurs-pour-portail-battant\/\">battants<\/a> et <a href=\"https:\/\/www.centsys.com\/demo002\/moteurs-pour-portail-coulissant\/\">coulissants<\/a>, la GLX900 met votre s\u00e9curit\u00e9 au premier plan en prot\u00e9geant l\u2019un des points d\u2019acc\u00e8s les plus importants de votre r\u00e9sidence contre l\u2019ouverture forc\u00e9e.<\/p>\n<p>Avec un design innovant et sophistiqu\u00e9, et avec un m\u00e9canisme de verrouillage de pointe qui offre \u00e0 la fois force et fiabilit\u00e9, vous vous reposerez beaucoup plus facilement avec la GLX900 install\u00e9e.<\/p>\n<p>Au-del\u00e0 de cela, la GLX900 vous facilite la vie avec un d\u00e9verrouillage intuitif qui vous permettra de sortir et de rentrer, offrant le confort dont vous avez besoin, quand vous en avez besoin. Obtenez la solution de s\u00e9curit\u00e9 de portail qui prot\u00e8ge et verrouille de fa\u00e7on s\u00fbre. Procurez-vous le GLX, uniquement aupr\u00e8s du <a href=\"https:\/\/www.centsys.com\/demo002\">leader de l\u2019industrie de la s\u00e9curit\u00e9 des portails<\/a>.<br \/>\n[\/et_pb_text][et_pb_text _builder_version=&#8221;4.20.4&#8243; _module_preset=&#8221;default&#8221; global_colors_info=&#8221;{}&#8221;]<strong>Caract\u00e9ristiques:<\/strong><br \/>\n\u2022 Le summum de la s\u00e9curit\u00e9 dot\u00e9e d\u2019une force de 900 kg<br \/>\n\u2022 Incroyablement compact \u2013 Utilise un minimum d\u2019espace pour offrir un maximum d\u2019avantages<br \/>\n\u2022 Versatile \u2013 Convient \u00e0 la fois au <a href=\"https:\/\/www.centsys.com\/demo002\/moteurs-pour-portail-battant\/\">portail battant<\/a> et au <a href=\"https:\/\/www.centsys.com\/demo002\/moteurs-pour-portail-coulissant\/\">portail coulissant<\/a><br \/>\n\u2022 Rendement exceptionnel \u00e0 long terme \u2013 Dur\u00e9e de vie de 150 000 cycles<br \/>\n\u2022 Excellente efficacit\u00e9 &#8211; Utilise le courant d&#8217;impulsion pour activer le m\u00e9canisme, ce qui en fait une solution adapt\u00e9e \u00e0 la batterie.<br \/>\n\u2022 La configuration du GLX900 est rapide, facile et intuitive gr\u00e2ce aux solutions <a href=\"https:\/\/www.centsys.com\/demo002\/smart\">CENTURION SMART<\/a> et \u00e0 l&#8217;application mobile <a href=\"https:\/\/www.centsys.com\/demo002\/application-mobile-mycentsys-pro\/\">MyCentsys Pro<\/a>.<br \/>\n[\/et_pb_text][\/et_pb_column][et_pb_column type=&#8221;2_5&#8243; _builder_version=&#8221;4.18.0&#8243; _module_preset=&#8221;default&#8221; global_colors_info=&#8221;{}&#8221;][et_pb_image src=&#8221;https:\/\/www.centsys.com\/demo002\/img\/serrure-electronique-glx900_LOGO.jpg&#8221; _builder_version=&#8221;4.20.4&#8243; _module_preset=&#8221;default&#8221; global_colors_info=&#8221;{}&#8221;][\/et_pb_image][et_pb_image src=&#8221;https:\/\/www.centsys.com\/demo002\/img\/serrure-electronique-glx900_PRODUIT.jpg&#8221; _builder_version=&#8221;4.20.4&#8243; _module_preset=&#8221;default&#8221; global_colors_info=&#8221;{}&#8221;][\/et_pb_image][et_pb_code _builder_version=&#8221;4.27.4&#8243; _module_preset=&#8221;default&#8221; hover_enabled=&#8221;0&#8243; global_colors_info=&#8221;{}&#8221; sticky_enabled=&#8221;0&#8243;]<\/p>\n<table border=\"0\" width=\"330\"><!-- [et_pb_line_break_holder] --><!-- [et_pb_line_break_holder] --><!-- [et_pb_line_break_holder] --><\/p>\n<tbody><!-- [et_pb_line_break_holder] --><!-- [et_pb_line_break_holder] --><!-- [et_pb_line_break_holder] --><\/p>\n<tr><!-- [et_pb_line_break_holder] --><!-- [et_pb_line_break_holder] --><!-- [et_pb_line_break_holder] --><\/p>\n<td><img decoding=\"async\" src=\"https:\/\/www.centsys.com\/demo002\/img\/locks\/Serrure%20de%20portail%20%C3%A9lectrique%20GLX900_PDF.jpg \" \/><\/td>\n<p><!-- [et_pb_line_break_holder] --><!-- [et_pb_line_break_holder] --><!-- [et_pb_line_break_holder] --><!-- [et_pb_line_break_holder] --><!-- [et_pb_line_break_holder] --><\/p>\n<td><a href=\"https:\/\/www.centsys.com\/demo002\/pdf\/glx900\/1403.D.02.0002 GLX900 Brochure CENTURION FR_02062025_AP_Web_App.pdf\">GLX900 Brochure (323KB)<\/a><\/td>\n<p><!-- [et_pb_line_break_holder] --><!-- [et_pb_line_break_holder] --><!-- [et_pb_line_break_holder] --><\/tr>\n<p><!-- [et_pb_line_break_holder] --><!-- [et_pb_line_break_holder] --><!-- [et_pb_line_break_holder] --><!-- [et_pb_line_break_holder] --><!-- [et_pb_line_break_holder] --><\/p>\n<tr><!-- [et_pb_line_break_holder] --><!-- [et_pb_line_break_holder] --><!-- [et_pb_line_break_holder] --><\/p>\n<td><img decoding=\"async\" src=\"https:\/\/www.centsys.com\/demo002\/img\/locks\/Serrure%20de%20portail%20%C3%A9lectrique%20GLX900_PDF.jpg \" \/><\/td>\n<p><!-- [et_pb_line_break_holder] --><!-- [et_pb_line_break_holder] --><!-- [et_pb_line_break_holder] --><!-- [et_pb_line_break_holder] --><!-- [et_pb_line_break_holder] --><\/p>\n<td><a href=\"https:\/\/www.centsys.com\/demo002\/pdf\/glx900\/1403.D.01.0007%20GLX900%20Installation%20Manual%20FR_24062025_AP_Web.pdf\">GLX900 Manuel d&#8217;installation (947KB)<\/a><\/td>\n<p><!-- [et_pb_line_break_holder] --><!-- [et_pb_line_break_holder] --><!-- [et_pb_line_break_holder] --><\/tr>\n<p><!-- [et_pb_line_break_holder] --><!-- [et_pb_line_break_holder] --><\/p>\n<tr><!-- [et_pb_line_break_holder] --><!-- [et_pb_line_break_holder] --><!-- [et_pb_line_break_holder] --><\/p>\n<td><img decoding=\"async\" src=\"https:\/\/www.centsys.com\/demo002\/img\/locks\/Serrure%20de%20portail%20%C3%A9lectrique%20GLX900_PDF.jpg \" \/><\/td>\n<p><!-- [et_pb_line_break_holder] --><!-- [et_pb_line_break_holder] --><!-- [et_pb_line_break_holder] --><!-- [et_pb_line_break_holder] --><!-- [et_pb_line_break_holder] --><\/p>\n<td><a href=\"https:\/\/www.centsys.com\/demo002\/pdf\/glx900\/1403.D.01.0008%20GLX900%20Cutout%20Templates%20(T1%20and%20T2)%20FR_22102025_AP_Web.pdf\">GLX900 Gabarits de d\u00e9coupe (93KB)<\/a><\/td>\n<p><!-- [et_pb_line_break_holder] --><!-- [et_pb_line_break_holder] --><!-- [et_pb_line_break_holder] --><\/tr>\n<p><!-- [et_pb_line_break_holder] --><!-- [et_pb_line_break_holder] --><!-- [et_pb_line_break_holder] --><\/tbody>\n<p><!-- [et_pb_line_break_holder] --><!-- [et_pb_line_break_holder] --><!-- [et_pb_line_break_holder] --><\/table>\n<p><!-- [et_pb_line_break_holder] --><!-- [et_pb_line_break_holder] -->[\/et_pb_code][\/et_pb_column][\/et_pb_row][\/et_pb_section][et_pb_section fb_built=&#8221;1&#8243; fullwidth=&#8221;on&#8221; admin_label=&#8221;THIS IS THE MID SECTION BANNER SITE WIDE&#8221; _builder_version=&#8221;4.27.4&#8243; _module_preset=&#8221;default&#8221; global_module=&#8221;25449&#8243; global_colors_info=&#8221;{}&#8221;][et_pb_fullwidth_image src=&#8221;https:\/\/www.centsys.com\/demo002\/img\/blog\/Centurion_Assistance%20technique%20WhatsApp_Pied%20de%20page%20Web.jpg&#8221; url=&#8221;https:\/\/www.centsys.com\/demo002\/ecrivez-bonjour-avec-notre-ligne-dassistance-technique-whatsapp\/&#8221; url_new_window=&#8221;on&#8221; admin_label=&#8221;FOOTER_SITE WIDE&#8221; _builder_version=&#8221;4.27.4&#8243; _module_preset=&#8221;default&#8221; global_colors_info=&#8221;{}&#8221;][\/et_pb_fullwidth_image][et_pb_fullwidth_header button_one_text=&#8221;Contactez-nous&#8221; button_one_url=&#8221;https:\/\/www.centsys.com\/demo002\/coordonnees\/&#8221; button_two_text=&#8221;Support Technique&#8221; button_two_url=&#8221;https:\/\/www.centsys.com\/demo002\/support-technique\/&#8221; disabled_on=&#8221;on|on|on&#8221; _builder_version=&#8221;4.27.0&#8243; _module_preset=&#8221;default&#8221; background_color=&#8221;#c1c1c1&#8243; custom_button_one=&#8221;on&#8221; button_one_text_color=&#8221;#FFFFFF&#8221; button_one_bg_color=&#8221;#999999&#8243; button_one_border_color=&#8221;#999999&#8243; custom_button_two=&#8221;on&#8221; button_two_text_color=&#8221;#FFFFFF&#8221; button_two_bg_color=&#8221;#999999&#8243; button_two_border_color=&#8221;#999999&#8243; custom_margin=&#8221;||-4px|||&#8221; custom_padding=&#8221;6px||17px|||&#8221; button_two_bg_color_tablet=&#8221;#999999&#8243; button_two_bg_color_phone=&#8221;#999999&#8243; button_two_bg_color_last_edited=&#8221;on|desktop&#8221; disabled=&#8221;on&#8221; global_colors_info=&#8221;{}&#8221; button_one_bg_color__hover_enabled=&#8221;on|desktop&#8221; button_one_bg_color__hover=&#8221;#81c341&#8243; button_one_bg_enable_color__hover=&#8221;on&#8221; button_one_border_color__hover_enabled=&#8221;on|hover&#8221; button_one_border_color__hover=&#8221;#81c341&#8243; button_two_bg_color__hover_enabled=&#8221;on|hover&#8221; button_two_bg_color__hover=&#8221;#81c341&#8243; button_two_bg_enable_color__hover=&#8221;on&#8221; button_two_border_color__hover_enabled=&#8221;on|hover&#8221; button_two_border_color__hover=&#8221;#81c341&#8243;][\/et_pb_fullwidth_header][\/et_pb_section]<\/p>\n","protected":false},"excerpt":{"rendered":"<p><span><span><a href=\"https:\/\/www.centsys.com\/demo002\/\">ACCUEIL<\/a><\/span><\/span>Serrure de portail \u00e9lectrique GLX900 pour portails battants et coulissants Vous avez investi dans votre tranquillit\u00e9 d\u2019esprit \u2013 ajoutez maintenant un niveau de s\u00e9curit\u00e9 suppl\u00e9mentaire avec la nouvelle serrure \u00e9lectrique GLX900. S\u2019int\u00e9grant parfaitement aux portails battants et coulissants, la GLX900 met votre s\u00e9curit\u00e9 au premier plan en prot\u00e9geant l\u2019un des points d\u2019acc\u00e8s les plus importants [&hellip;]<\/p>\n","protected":false},"author":2,"featured_media":0,"parent":0,"menu_order":0,"comment_status":"closed","ping_status":"closed","template":"","meta":{"_et_pb_use_builder":"on","_et_pb_old_content":"","_et_gb_content_width":"","_joinchat":[],"footnotes":""},"class_list":["post-23374","page","type-page","status-publish","hentry"],"yoast_head":"<!-- This site is optimized with the Yoast SEO Premium plugin v27.3 (Yoast SEO v27.4) - https:\/\/yoast.com\/product\/yoast-seo-premium-wordpress\/ -->\r\n<title>Serrure \u00e9lectronique GLX900 - Centurion Systems<\/title>\r\n<meta name=\"description\" content=\"S\u2019int\u00e9grant parfaitement aux portails battants et coulissants, la serrure electronique GLX900 met votre s\u00e9curit\u00e9 au premier plan.\" \/>\r\n<meta name=\"robots\" content=\"index, follow, max-snippet:-1, max-image-preview:large, max-video-preview:-1\" \/>\r\n<link rel=\"canonical\" href=\"https:\/\/www.centsys.com\/demo002\/serrure-electronique-glx900\/\" \/>\r\n<meta property=\"og:locale\" content=\"en_US\" \/>\r\n<meta property=\"og:type\" content=\"article\" \/>\r\n<meta property=\"og:title\" content=\"Serrure \u00e9lectronique GLX900\" \/>\r\n<meta property=\"og:description\" content=\"S\u2019int\u00e9grant parfaitement aux portails battants et coulissants, la serrure electronique GLX900 met votre s\u00e9curit\u00e9 au premier plan.\" \/>\r\n<meta property=\"og:url\" content=\"https:\/\/www.centsys.com\/demo002\/serrure-electronique-glx900\/\" \/>\r\n<meta property=\"og:site_name\" content=\"Centurion Systems French\" \/>\r\n<meta property=\"article:modified_time\" content=\"2025-11-11T13:58:57+00:00\" \/>\r\n<meta name=\"twitter:card\" content=\"summary_large_image\" \/>\r\n<meta name=\"twitter:label1\" content=\"Est. reading time\" \/>\n\t<meta name=\"twitter:data1\" content=\"3 minutes\" \/>\r\n<script type=\"application\/ld+json\" class=\"yoast-schema-graph\">{\"@context\":\"https:\\\/\\\/schema.org\",\"@graph\":[{\"@type\":\"WebPage\",\"@id\":\"https:\\\/\\\/www.centsys.com\\\/demo002\\\/serrure-electronique-glx900\\\/\",\"url\":\"https:\\\/\\\/www.centsys.com\\\/demo002\\\/serrure-electronique-glx900\\\/\",\"name\":\"Serrure \u00e9lectronique GLX900 - Centurion Systems\",\"isPartOf\":{\"@id\":\"https:\\\/\\\/www.centsys.com\\\/demo002\\\/#website\"},\"datePublished\":\"2022-10-11T06:54:12+00:00\",\"dateModified\":\"2025-11-11T13:58:57+00:00\",\"description\":\"S\u2019int\u00e9grant parfaitement aux portails battants et coulissants, la serrure electronique GLX900 met votre s\u00e9curit\u00e9 au premier plan.\",\"breadcrumb\":{\"@id\":\"https:\\\/\\\/www.centsys.com\\\/demo002\\\/serrure-electronique-glx900\\\/#breadcrumb\"},\"inLanguage\":\"en-ZA\",\"potentialAction\":[{\"@type\":\"ReadAction\",\"target\":[\"https:\\\/\\\/www.centsys.com\\\/demo002\\\/serrure-electronique-glx900\\\/\"]}]},{\"@type\":\"BreadcrumbList\",\"@id\":\"https:\\\/\\\/www.centsys.com\\\/demo002\\\/serrure-electronique-glx900\\\/#breadcrumb\",\"itemListElement\":[{\"@type\":\"ListItem\",\"position\":1,\"name\":\"ACCUEIL\",\"item\":\"https:\\\/\\\/www.centsys.com\\\/demo002\\\/\"},{\"@type\":\"ListItem\",\"position\":2,\"name\":\"Serrure \u00e9lectronique GLX900\"}]},{\"@type\":\"WebSite\",\"@id\":\"https:\\\/\\\/www.centsys.com\\\/demo002\\\/#website\",\"url\":\"https:\\\/\\\/www.centsys.com\\\/demo002\\\/\",\"name\":\"Centurion Systems French\",\"description\":\"Produits D\u2019automatisation D\u2019acc\u00e8s\",\"potentialAction\":[{\"@type\":\"SearchAction\",\"target\":{\"@type\":\"EntryPoint\",\"urlTemplate\":\"https:\\\/\\\/www.centsys.com\\\/demo002\\\/?s={search_term_string}\"},\"query-input\":{\"@type\":\"PropertyValueSpecification\",\"valueRequired\":true,\"valueName\":\"search_term_string\"}}],\"inLanguage\":\"en-ZA\"}]}<\/script>\r\n<!-- \/ Yoast SEO Premium plugin. -->","yoast_head_json":{"title":"Serrure \u00e9lectronique GLX900 - Centurion Systems","description":"S\u2019int\u00e9grant parfaitement aux portails battants et coulissants, la serrure electronique GLX900 met votre s\u00e9curit\u00e9 au premier plan.","robots":{"index":"index","follow":"follow","max-snippet":"max-snippet:-1","max-image-preview":"max-image-preview:large","max-video-preview":"max-video-preview:-1"},"canonical":"https:\/\/www.centsys.com\/demo002\/serrure-electronique-glx900\/","og_locale":"en_US","og_type":"article","og_title":"Serrure \u00e9lectronique GLX900","og_description":"S\u2019int\u00e9grant parfaitement aux portails battants et coulissants, la serrure electronique GLX900 met votre s\u00e9curit\u00e9 au premier plan.","og_url":"https:\/\/www.centsys.com\/demo002\/serrure-electronique-glx900\/","og_site_name":"Centurion Systems French","article_modified_time":"2025-11-11T13:58:57+00:00","twitter_card":"summary_large_image","twitter_misc":{"Est. reading time":"3 minutes"},"schema":{"@context":"https:\/\/schema.org","@graph":[{"@type":"WebPage","@id":"https:\/\/www.centsys.com\/demo002\/serrure-electronique-glx900\/","url":"https:\/\/www.centsys.com\/demo002\/serrure-electronique-glx900\/","name":"Serrure \u00e9lectronique GLX900 - Centurion Systems","isPartOf":{"@id":"https:\/\/www.centsys.com\/demo002\/#website"},"datePublished":"2022-10-11T06:54:12+00:00","dateModified":"2025-11-11T13:58:57+00:00","description":"S\u2019int\u00e9grant parfaitement aux portails battants et coulissants, la serrure electronique GLX900 met votre s\u00e9curit\u00e9 au premier plan.","breadcrumb":{"@id":"https:\/\/www.centsys.com\/demo002\/serrure-electronique-glx900\/#breadcrumb"},"inLanguage":"en-ZA","potentialAction":[{"@type":"ReadAction","target":["https:\/\/www.centsys.com\/demo002\/serrure-electronique-glx900\/"]}]},{"@type":"BreadcrumbList","@id":"https:\/\/www.centsys.com\/demo002\/serrure-electronique-glx900\/#breadcrumb","itemListElement":[{"@type":"ListItem","position":1,"name":"ACCUEIL","item":"https:\/\/www.centsys.com\/demo002\/"},{"@type":"ListItem","position":2,"name":"Serrure \u00e9lectronique GLX900"}]},{"@type":"WebSite","@id":"https:\/\/www.centsys.com\/demo002\/#website","url":"https:\/\/www.centsys.com\/demo002\/","name":"Centurion Systems French","description":"Produits D\u2019automatisation D\u2019acc\u00e8s","potentialAction":[{"@type":"SearchAction","target":{"@type":"EntryPoint","urlTemplate":"https:\/\/www.centsys.com\/demo002\/?s={search_term_string}"},"query-input":{"@type":"PropertyValueSpecification","valueRequired":true,"valueName":"search_term_string"}}],"inLanguage":"en-ZA"}]}},"_links":{"self":[{"href":"https:\/\/www.centsys.com\/demo002\/wp-json\/wp\/v2\/pages\/23374","targetHints":{"allow":["GET"]}}],"collection":[{"href":"https:\/\/www.centsys.com\/demo002\/wp-json\/wp\/v2\/pages"}],"about":[{"href":"https:\/\/www.centsys.com\/demo002\/wp-json\/wp\/v2\/types\/page"}],"author":[{"embeddable":true,"href":"https:\/\/www.centsys.com\/demo002\/wp-json\/wp\/v2\/users\/2"}],"replies":[{"embeddable":true,"href":"https:\/\/www.centsys.com\/demo002\/wp-json\/wp\/v2\/comments?post=23374"}],"version-history":[{"count":0,"href":"https:\/\/www.centsys.com\/demo002\/wp-json\/wp\/v2\/pages\/23374\/revisions"}],"wp:attachment":[{"href":"https:\/\/www.centsys.com\/demo002\/wp-json\/wp\/v2\/media?parent=23374"}],"curies":[{"name":"wp","href":"https:\/\/api.w.org\/{rel}","templated":true}]}}