{"id":24146,"date":"2023-05-03T09:29:57","date_gmt":"2023-05-03T07:29:57","guid":{"rendered":"https:\/\/www.centsys.co.za\/?page_id=24146"},"modified":"2025-04-02T08:49:11","modified_gmt":"2025-04-02T06:49:11","slug":"application-mobile-mycentsys-remote","status":"publish","type":"page","link":"https:\/\/www.centsys.com\/demo002\/application-mobile-mycentsys-remote\/","title":{"rendered":"Application mobile MyCentsys Remote"},"content":{"rendered":"<p>[et_pb_section fb_built=&#8221;1&#8243; fullwidth=&#8221;on&#8221; _builder_version=&#8221;4.20.4&#8243; _module_preset=&#8221;default&#8221; global_colors_info=&#8221;{}&#8221;][et_pb_fullwidth_image src=&#8221;https:\/\/www.centsys.com\/demo002\/img\/mycentsysremote\/FRENCH&#8212;Remote-landing-Banner2.jpg&#8221; admin_label=&#8221;Fullwidth Image&#8221; _builder_version=&#8221;4.20.4&#8243; _module_preset=&#8221;default&#8221; global_colors_info=&#8221;{}&#8221;][\/et_pb_fullwidth_image][\/et_pb_section][et_pb_section fb_built=&#8221;1&#8243; fullwidth=&#8221;on&#8221; _builder_version=&#8221;4.16&#8243; inner_width_tablet=&#8221;50px&#8221; inner_max_width_tablet=&#8221;100px&#8221; inner_max_width_phone=&#8221;50px&#8221; custom_margin=&#8221;-3px|||||&#8221; z_index_tablet=&#8221;500&#8243; box_shadow_horizontal_tablet=&#8221;0px&#8221; box_shadow_vertical_tablet=&#8221;0px&#8221; box_shadow_blur_tablet=&#8221;40px&#8221; box_shadow_spread_tablet=&#8221;0px&#8221; global_colors_info=&#8221;{}&#8221;][et_pb_fullwidth_code admin_label=&#8221;BREAD CRUMB&#8221; _builder_version=&#8221;4.16&#8243; background_color=&#8221;#e5e5e5&#8243; text_orientation=&#8221;left&#8221; custom_padding=&#8221;0px|||15%||&#8221; z_index_tablet=&#8221;500&#8243; global_colors_info=&#8221;{}&#8221;]<span><span><a href=\"https:\/\/www.centsys.com\/demo002\/\">ACCUEIL<\/a><\/span><\/span>[\/et_pb_fullwidth_code][\/et_pb_section][et_pb_section fb_built=&#8221;1&#8243; _builder_version=&#8221;4.20.4&#8243; _module_preset=&#8221;default&#8221; global_colors_info=&#8221;{}&#8221;][et_pb_row column_structure=&#8221;3_5,2_5&#8243; _builder_version=&#8221;4.20.4&#8243; _module_preset=&#8221;default&#8221; global_colors_info=&#8221;{}&#8221;][et_pb_column type=&#8221;3_5&#8243; _builder_version=&#8221;4.20.4&#8243; _module_preset=&#8221;default&#8221; global_colors_info=&#8221;{}&#8221;][et_pb_text _builder_version=&#8221;4.20.4&#8243; _module_preset=&#8221;default&#8221; global_colors_info=&#8221;{}&#8221;]<\/p>\n<h1><strong>My Centsys Remote \u2013 Enrichissez Votre Exp\u00e9rience d\u2019Acc\u00e8s pour Portails et Garages<\/strong><\/h1>\n<p>&nbsp;<\/p>\n<p>Prenez le contr\u00f4le de votre acc\u00e8s au portail et\/ou au garage avec MyCentsys Remote: l\u2019application mobile configur\u00e9e de mani\u00e8re experte qui s\u2019int\u00e8gre parfaitement \u00e0 toutes nos <a href=\"https:\/\/www.centsys.com\/demo002\/smart\">solutions SMART<\/a> et ULTRA. Notre application met toute la puissance \u00e0 la port\u00e9e de vos mains, vous permettant d\u2019ouvrir et de fermer facilement votre moteur de portail et\/ou de porte de garage depuis votre t\u00e9l\u00e9phone, et de stocker vos pr\u00e9f\u00e9rences pour une navigation facile. Que vous soyez \u00e0 la maison ou en d\u00e9placement, MyCentsys Remote est la solution fiable et pratique pour r\u00e9pondre \u00e0 vos besoins d\u2019acc\u00e8s \u00e0 votre portail et votre garage.<\/p>\n<p>Non seulement vous pouvez facilement contr\u00f4ler votre portail et\/ou votre porte de garage, mais vous pouvez \u00e9galement garder un \u0153il sur la sant\u00e9 de l\u2019appareil, l\u2019\u00e9tat de la batterie et la pr\u00e9sence du courant, le tout depuis l\u2019application. Notre application comprend \u00e9galement une fonction de chat pour assistance technique, garantissant que vous avez acc\u00e8s \u00e0 une assistance d\u2019experts chaque fois que vous en avez besoin.<\/p>\n<p>En plus de sa simplicit\u00e9 et de sa fiabilit\u00e9, MyCentsys Remote donne \u00e9galement la priorit\u00e9 \u00e0 votre s\u00e9curit\u00e9, avec des options biom\u00e9triques et PIN disponibles pour une protection accrue. Notre application vous permet \u00e9galement de configurer vos actions pr\u00e9f\u00e9r\u00e9es, de personnaliser les ic\u00f4nes de l&#8217;appareil et de recevoir des notifications d\u2019erreurs et d\u2019alarmes dans l\u2019application.<\/p>\n<p>MyCentsys Remote dispose \u00e9galement d\u2019une interface unique et riche en fonctionnalit\u00e9s pour tous vos besoins d\u2019acc\u00e8s et d\u2019automatisation, qui peuvent \u00eatre li\u00e9s \u00e0 la fois aux appareils <a href=\"https:\/\/www.centsys.com\/demo002\/smart\">SMART<\/a> et ULTRA GSM. Vous aurez acc\u00e8s \u00e0 l\u2019\u00e9tat de l\u2019appareil et aux informations sur la sant\u00e9 en direct, aux notifications pouss\u00e9es et \u00e0 la possibilit\u00e9 de d\u00e9clencher des actions, le tout dans une application pratique.<\/p>\n<p>D\u00e9couvrez le prochain niveau de confort et de capacit\u00e9 avec MyCentsys Remote: la solution ultime pour le contr\u00f4le d\u2019acc\u00e8s aux portails et aux garages.<br \/>\n[\/et_pb_text][\/et_pb_column][et_pb_column type=&#8221;2_5&#8243; _builder_version=&#8221;4.20.4&#8243; _module_preset=&#8221;default&#8221; global_colors_info=&#8221;{}&#8221;][et_pb_image src=&#8221;https:\/\/www.centsys.com\/demo002\/img\/D5SMART\/T%C3%A9l%C3%A9chargez%20sur%20l%E2%80%99Apple%20App%20Store.png&#8221; url=&#8221;https:\/\/apps.apple.com\/za\/app\/mycentsys-pro\/id1469869202&#8243; url_new_window=&#8221;on&#8221; _builder_version=&#8221;4.20.4&#8243; z_index_tablet=&#8221;500&#8243; box_shadow_horizontal_tablet=&#8221;0px&#8221; box_shadow_vertical_tablet=&#8221;0px&#8221; box_shadow_blur_tablet=&#8221;40px&#8221; box_shadow_spread_tablet=&#8221;0px&#8221; global_colors_info=&#8221;{}&#8221;][\/et_pb_image][et_pb_text _builder_version=&#8221;4.20.4&#8243; _module_preset=&#8221;default&#8221; global_colors_info=&#8221;{}&#8221;]<strong>Exigences Minimales:<\/strong><\/p>\n<p>&#8211; BLE-portable compatible<br \/>\n&#8211; iPhone 6S et s\u00e9ries au-dessus<br \/>\n&#8211; iOS13<br \/>\n[\/et_pb_text][et_pb_image src=&#8221;https:\/\/www.centsys.com\/demo002\/img\/D5SMART\/Pre%C3%B1ez-le%20sur%20Google%20Play.png&#8221; url=&#8221;https:\/\/play.google.com\/store\/apps\/details?id=com.centurionsystems.mycentsysremote&#8221; url_new_window=&#8221;on&#8221; _builder_version=&#8221;4.21.0&#8243; z_index_tablet=&#8221;500&#8243; box_shadow_horizontal_tablet=&#8221;0px&#8221; box_shadow_vertical_tablet=&#8221;0px&#8221; box_shadow_blur_tablet=&#8221;40px&#8221; box_shadow_spread_tablet=&#8221;0px&#8221; global_colors_info=&#8221;{}&#8221;][\/et_pb_image][et_pb_image src=&#8221;https:\/\/www.centsys.com\/demo002\/img\/AppGallery%20Button\/Disponible%20avec%20Huwawei%20AppGallery.png&#8221; url=&#8221;https:\/\/appgallery.huawei.com\/app\/C101812247&#8243; url_new_window=&#8221;on&#8221; _builder_version=&#8221;4.21.0&#8243; transform_scale=&#8221;91%|91%&#8221; z_index_tablet=&#8221;500&#8243; box_shadow_horizontal_tablet=&#8221;0px&#8221; box_shadow_vertical_tablet=&#8221;0px&#8221; box_shadow_blur_tablet=&#8221;40px&#8221; box_shadow_spread_tablet=&#8221;0px&#8221; global_colors_info=&#8221;{}&#8221;][\/et_pb_image][et_pb_text _builder_version=&#8221;4.27.4&#8243; _module_preset=&#8221;default&#8221; hover_enabled=&#8221;0&#8243; global_colors_info=&#8221;{}&#8221; sticky_enabled=&#8221;0&#8243;]<\/p>\n<p><strong>Exigences Minimales:<\/strong><\/p>\n<p>\u2013 BLE-portable compatible<br \/>\u2013 Android 8.0 (Oreo)<\/p>\n<p>[\/et_pb_text][\/et_pb_column][\/et_pb_row][\/et_pb_section][et_pb_section fb_built=&#8221;1&#8243; fullwidth=&#8221;on&#8221; admin_label=&#8221;THIS IS THE MID SECTION BANNER SITE WIDE&#8221; _builder_version=&#8221;4.27.4&#8243; _module_preset=&#8221;default&#8221; global_module=&#8221;25449&#8243; global_colors_info=&#8221;{}&#8221;][et_pb_fullwidth_image src=&#8221;https:\/\/www.centsys.com\/demo002\/img\/blog\/Centurion_Assistance%20technique%20WhatsApp_Pied%20de%20page%20Web.jpg&#8221; url=&#8221;https:\/\/www.centsys.com\/demo002\/ecrivez-bonjour-avec-notre-ligne-dassistance-technique-whatsapp\/&#8221; url_new_window=&#8221;on&#8221; admin_label=&#8221;FOOTER_SITE WIDE&#8221; _builder_version=&#8221;4.27.2&#8243; _module_preset=&#8221;default&#8221; global_colors_info=&#8221;{}&#8221;][\/et_pb_fullwidth_image][et_pb_fullwidth_header button_one_text=&#8221;Contactez-nous&#8221; button_one_url=&#8221;https:\/\/www.centsys.com\/demo002\/coordonnees\/&#8221; button_two_text=&#8221;Support Technique&#8221; button_two_url=&#8221;https:\/\/www.centsys.com\/demo002\/support-technique\/&#8221; disabled_on=&#8221;on|on|on&#8221; _builder_version=&#8221;4.27.0&#8243; _module_preset=&#8221;default&#8221; background_color=&#8221;#c1c1c1&#8243; custom_button_one=&#8221;on&#8221; button_one_text_color=&#8221;#FFFFFF&#8221; button_one_bg_color=&#8221;#999999&#8243; button_one_border_color=&#8221;#999999&#8243; custom_button_two=&#8221;on&#8221; button_two_text_color=&#8221;#FFFFFF&#8221; button_two_bg_color=&#8221;#999999&#8243; button_two_border_color=&#8221;#999999&#8243; custom_margin=&#8221;||-4px|||&#8221; custom_padding=&#8221;6px||17px|||&#8221; button_two_bg_color_tablet=&#8221;#999999&#8243; button_two_bg_color_phone=&#8221;#999999&#8243; button_two_bg_color_last_edited=&#8221;on|desktop&#8221; disabled=&#8221;on&#8221; global_colors_info=&#8221;{}&#8221; button_one_bg_color__hover_enabled=&#8221;on|desktop&#8221; button_one_bg_color__hover=&#8221;#81c341&#8243; button_one_bg_enable_color__hover=&#8221;on&#8221; button_one_border_color__hover_enabled=&#8221;on|hover&#8221; button_one_border_color__hover=&#8221;#81c341&#8243; button_two_bg_color__hover_enabled=&#8221;on|hover&#8221; button_two_bg_color__hover=&#8221;#81c341&#8243; button_two_bg_enable_color__hover=&#8221;on&#8221; button_two_border_color__hover_enabled=&#8221;on|hover&#8221; button_two_border_color__hover=&#8221;#81c341&#8243;][\/et_pb_fullwidth_header][\/et_pb_section]<\/p>\n","protected":false},"excerpt":{"rendered":"<p><span><span><a href=\"https:\/\/www.centsys.com\/demo002\/\">ACCUEIL<\/a><\/span><\/span>My Centsys Remote \u2013 Enrichissez Votre Exp\u00e9rience d\u2019Acc\u00e8s pour Portails et Garages &nbsp; Prenez le contr\u00f4le de votre acc\u00e8s au portail et\/ou au garage avec MyCentsys Remote: l\u2019application mobile configur\u00e9e de mani\u00e8re experte qui s\u2019int\u00e8gre parfaitement \u00e0 toutes nos solutions SMART et ULTRA. Notre application met toute la puissance \u00e0 la port\u00e9e de vos mains, [&hellip;]<\/p>\n","protected":false},"author":2,"featured_media":0,"parent":0,"menu_order":0,"comment_status":"closed","ping_status":"closed","template":"","meta":{"_et_pb_use_builder":"on","_et_pb_old_content":"","_et_gb_content_width":"","_joinchat":[],"footnotes":""},"class_list":["post-24146","page","type-page","status-publish","hentry"],"yoast_head":"<!-- This site is optimized with the Yoast SEO Premium plugin v27.3 (Yoast SEO v27.4) - https:\/\/yoast.com\/product\/yoast-seo-premium-wordpress\/ -->\r\n<title>Application mobile MyCentsys Remote - Centurion Systems<\/title>\r\n<meta name=\"description\" content=\"D\u00e9couvrez le prochain niveau de confort et de capacit\u00e9 avec MyCentsys Remote: la solution ultime pour le contr\u00f4le d\u2019acc\u00e8s aux portails et aux garages.\" \/>\r\n<meta name=\"robots\" content=\"index, follow, max-snippet:-1, max-image-preview:large, max-video-preview:-1\" \/>\r\n<link rel=\"canonical\" href=\"https:\/\/www.centsys.com\/demo002\/application-mobile-mycentsys-remote\/\" \/>\r\n<meta property=\"og:locale\" content=\"en_US\" \/>\r\n<meta property=\"og:type\" content=\"article\" \/>\r\n<meta property=\"og:title\" content=\"Application mobile MyCentsys Remote\" \/>\r\n<meta property=\"og:description\" content=\"D\u00e9couvrez le prochain niveau de confort et de capacit\u00e9 avec MyCentsys Remote: la solution ultime pour le contr\u00f4le d\u2019acc\u00e8s aux portails et aux garages.\" \/>\r\n<meta property=\"og:url\" content=\"https:\/\/www.centsys.com\/demo002\/application-mobile-mycentsys-remote\/\" \/>\r\n<meta property=\"og:site_name\" content=\"Centurion Systems French\" \/>\r\n<meta property=\"article:modified_time\" content=\"2025-04-02T06:49:11+00:00\" \/>\r\n<meta name=\"twitter:card\" content=\"summary_large_image\" \/>\r\n<meta name=\"twitter:label1\" content=\"Est. reading time\" \/>\n\t<meta name=\"twitter:data1\" content=\"3 minutes\" \/>\r\n<script type=\"application\/ld+json\" class=\"yoast-schema-graph\">{\"@context\":\"https:\\\/\\\/schema.org\",\"@graph\":[{\"@type\":\"WebPage\",\"@id\":\"https:\\\/\\\/www.centsys.com\\\/demo002\\\/application-mobile-mycentsys-remote\\\/\",\"url\":\"https:\\\/\\\/www.centsys.com\\\/demo002\\\/application-mobile-mycentsys-remote\\\/\",\"name\":\"Application mobile MyCentsys Remote - Centurion Systems\",\"isPartOf\":{\"@id\":\"https:\\\/\\\/www.centsys.com\\\/demo002\\\/#website\"},\"datePublished\":\"2023-05-03T07:29:57+00:00\",\"dateModified\":\"2025-04-02T06:49:11+00:00\",\"description\":\"D\u00e9couvrez le prochain niveau de confort et de capacit\u00e9 avec MyCentsys Remote: la solution ultime pour le contr\u00f4le d\u2019acc\u00e8s aux portails et aux garages.\",\"breadcrumb\":{\"@id\":\"https:\\\/\\\/www.centsys.com\\\/demo002\\\/application-mobile-mycentsys-remote\\\/#breadcrumb\"},\"inLanguage\":\"en-ZA\",\"potentialAction\":[{\"@type\":\"ReadAction\",\"target\":[\"https:\\\/\\\/www.centsys.com\\\/demo002\\\/application-mobile-mycentsys-remote\\\/\"]}]},{\"@type\":\"BreadcrumbList\",\"@id\":\"https:\\\/\\\/www.centsys.com\\\/demo002\\\/application-mobile-mycentsys-remote\\\/#breadcrumb\",\"itemListElement\":[{\"@type\":\"ListItem\",\"position\":1,\"name\":\"ACCUEIL\",\"item\":\"https:\\\/\\\/www.centsys.com\\\/demo002\\\/\"},{\"@type\":\"ListItem\",\"position\":2,\"name\":\"Application mobile MyCentsys Remote\"}]},{\"@type\":\"WebSite\",\"@id\":\"https:\\\/\\\/www.centsys.com\\\/demo002\\\/#website\",\"url\":\"https:\\\/\\\/www.centsys.com\\\/demo002\\\/\",\"name\":\"Centurion Systems French\",\"description\":\"Produits D\u2019automatisation D\u2019acc\u00e8s\",\"potentialAction\":[{\"@type\":\"SearchAction\",\"target\":{\"@type\":\"EntryPoint\",\"urlTemplate\":\"https:\\\/\\\/www.centsys.com\\\/demo002\\\/?s={search_term_string}\"},\"query-input\":{\"@type\":\"PropertyValueSpecification\",\"valueRequired\":true,\"valueName\":\"search_term_string\"}}],\"inLanguage\":\"en-ZA\"}]}<\/script>\r\n<!-- \/ Yoast SEO Premium plugin. -->","yoast_head_json":{"title":"Application mobile MyCentsys Remote - Centurion Systems","description":"D\u00e9couvrez le prochain niveau de confort et de capacit\u00e9 avec MyCentsys Remote: la solution ultime pour le contr\u00f4le d\u2019acc\u00e8s aux portails et aux garages.","robots":{"index":"index","follow":"follow","max-snippet":"max-snippet:-1","max-image-preview":"max-image-preview:large","max-video-preview":"max-video-preview:-1"},"canonical":"https:\/\/www.centsys.com\/demo002\/application-mobile-mycentsys-remote\/","og_locale":"en_US","og_type":"article","og_title":"Application mobile MyCentsys Remote","og_description":"D\u00e9couvrez le prochain niveau de confort et de capacit\u00e9 avec MyCentsys Remote: la solution ultime pour le contr\u00f4le d\u2019acc\u00e8s aux portails et aux garages.","og_url":"https:\/\/www.centsys.com\/demo002\/application-mobile-mycentsys-remote\/","og_site_name":"Centurion Systems French","article_modified_time":"2025-04-02T06:49:11+00:00","twitter_card":"summary_large_image","twitter_misc":{"Est. reading time":"3 minutes"},"schema":{"@context":"https:\/\/schema.org","@graph":[{"@type":"WebPage","@id":"https:\/\/www.centsys.com\/demo002\/application-mobile-mycentsys-remote\/","url":"https:\/\/www.centsys.com\/demo002\/application-mobile-mycentsys-remote\/","name":"Application mobile MyCentsys Remote - Centurion Systems","isPartOf":{"@id":"https:\/\/www.centsys.com\/demo002\/#website"},"datePublished":"2023-05-03T07:29:57+00:00","dateModified":"2025-04-02T06:49:11+00:00","description":"D\u00e9couvrez le prochain niveau de confort et de capacit\u00e9 avec MyCentsys Remote: la solution ultime pour le contr\u00f4le d\u2019acc\u00e8s aux portails et aux garages.","breadcrumb":{"@id":"https:\/\/www.centsys.com\/demo002\/application-mobile-mycentsys-remote\/#breadcrumb"},"inLanguage":"en-ZA","potentialAction":[{"@type":"ReadAction","target":["https:\/\/www.centsys.com\/demo002\/application-mobile-mycentsys-remote\/"]}]},{"@type":"BreadcrumbList","@id":"https:\/\/www.centsys.com\/demo002\/application-mobile-mycentsys-remote\/#breadcrumb","itemListElement":[{"@type":"ListItem","position":1,"name":"ACCUEIL","item":"https:\/\/www.centsys.com\/demo002\/"},{"@type":"ListItem","position":2,"name":"Application mobile MyCentsys Remote"}]},{"@type":"WebSite","@id":"https:\/\/www.centsys.com\/demo002\/#website","url":"https:\/\/www.centsys.com\/demo002\/","name":"Centurion Systems French","description":"Produits D\u2019automatisation D\u2019acc\u00e8s","potentialAction":[{"@type":"SearchAction","target":{"@type":"EntryPoint","urlTemplate":"https:\/\/www.centsys.com\/demo002\/?s={search_term_string}"},"query-input":{"@type":"PropertyValueSpecification","valueRequired":true,"valueName":"search_term_string"}}],"inLanguage":"en-ZA"}]}},"_links":{"self":[{"href":"https:\/\/www.centsys.com\/demo002\/wp-json\/wp\/v2\/pages\/24146","targetHints":{"allow":["GET"]}}],"collection":[{"href":"https:\/\/www.centsys.com\/demo002\/wp-json\/wp\/v2\/pages"}],"about":[{"href":"https:\/\/www.centsys.com\/demo002\/wp-json\/wp\/v2\/types\/page"}],"author":[{"embeddable":true,"href":"https:\/\/www.centsys.com\/demo002\/wp-json\/wp\/v2\/users\/2"}],"replies":[{"embeddable":true,"href":"https:\/\/www.centsys.com\/demo002\/wp-json\/wp\/v2\/comments?post=24146"}],"version-history":[{"count":0,"href":"https:\/\/www.centsys.com\/demo002\/wp-json\/wp\/v2\/pages\/24146\/revisions"}],"wp:attachment":[{"href":"https:\/\/www.centsys.com\/demo002\/wp-json\/wp\/v2\/media?parent=24146"}],"curies":[{"name":"wp","href":"https:\/\/api.w.org\/{rel}","templated":true}]}}