{"id":24201,"date":"2023-05-11T08:47:08","date_gmt":"2023-05-11T06:47:08","guid":{"rendered":"https:\/\/www.centsys.co.za\/?page_id=24201"},"modified":"2025-06-03T07:10:37","modified_gmt":"2025-06-03T05:10:37","slug":"serie-v-smart","status":"publish","type":"page","link":"https:\/\/www.centsys.com\/demo002\/serie-v-smart\/","title":{"rendered":"S\u00c9RIE V SMART"},"content":{"rendered":"<p>[et_pb_section fb_built=&#8221;1&#8243; fullwidth=&#8221;on&#8221; _builder_version=&#8221;4.20.4&#8243; _module_preset=&#8221;default&#8221; global_colors_info=&#8221;{}&#8221;][et_pb_fullwidth_image src=&#8221;https:\/\/www.centsys.com\/demo002\/img\/v-seriessmart\/Centurion-Systems-V-Series-SMART-Landing-Page-Banner-FRECH.jpg&#8221; _builder_version=&#8221;4.20.4&#8243; _module_preset=&#8221;default&#8221; global_colors_info=&#8221;{}&#8221;][\/et_pb_fullwidth_image][\/et_pb_section][et_pb_section fb_built=&#8221;1&#8243; fullwidth=&#8221;on&#8221; _builder_version=&#8221;4.16&#8243; inner_width_tablet=&#8221;50px&#8221; inner_max_width_tablet=&#8221;100px&#8221; inner_max_width_phone=&#8221;50px&#8221; custom_margin=&#8221;-3px|||||&#8221; z_index_tablet=&#8221;500&#8243; box_shadow_horizontal_tablet=&#8221;0px&#8221; box_shadow_vertical_tablet=&#8221;0px&#8221; box_shadow_blur_tablet=&#8221;40px&#8221; box_shadow_spread_tablet=&#8221;0px&#8221; global_colors_info=&#8221;{}&#8221;][et_pb_fullwidth_code admin_label=&#8221;BREAD CRUMB&#8221; _builder_version=&#8221;4.20.4&#8243; background_color=&#8221;#e5e5e5&#8243; text_orientation=&#8221;left&#8221; custom_padding=&#8221;0px|||15%||&#8221; z_index_tablet=&#8221;500&#8243; global_colors_info=&#8221;{}&#8221;]<span><span><a href=\"https:\/\/www.centsys.com\/demo002\/\">ACCUEIL<\/a><\/span><\/span>[\/et_pb_fullwidth_code][\/et_pb_section][et_pb_section fb_built=&#8221;1&#8243; _builder_version=&#8221;4.20.4&#8243; _module_preset=&#8221;default&#8221; global_colors_info=&#8221;{}&#8221;][et_pb_row _builder_version=&#8221;4.20.4&#8243; _module_preset=&#8221;default&#8221; global_colors_info=&#8221;{}&#8221;][et_pb_column type=&#8221;4_4&#8243; _builder_version=&#8221;4.20.4&#8243; _module_preset=&#8221;default&#8221; global_colors_info=&#8221;{}&#8221;][et_pb_text _builder_version=&#8221;4.20.4&#8243; _module_preset=&#8221;default&#8221; global_colors_info=&#8221;{}&#8221;]<\/p>\n<h1><strong>La Premi\u00e8re SMART solution pour PORTAILS BATTANTS <\/strong><\/h1>\n<p>Polyvalente. Virtuose. Visionnaire \u2013 la S\u00e9rie V SMART est l\u00e0 pour r\u00e9volutionner l\u2019automatisation des portails battants. La conception \u00e9l\u00e9gante et robuste de ces moteurs ajoute un aspect \u00e9pur\u00e9 attrayant \u00e0 votre propri\u00e9t\u00e9, tandis que la mise en service rapide et facile \u00e0 l\u2019aide d\u2019une application mobile intuitive facilite la configuration pour les installateurs. La S\u00e9rie V SMART offre un large \u00e9ventail de fonctionnalit\u00e9s innovantes, vous permettant de contr\u00f4ler le fonctionnement de votre portail comme jamais auparavant.<br \/>\n[\/et_pb_text][\/et_pb_column][\/et_pb_row][et_pb_row column_structure=&#8221;3_5,2_5&#8243; _builder_version=&#8221;4.20.4&#8243; _module_preset=&#8221;default&#8221; global_colors_info=&#8221;{}&#8221;][et_pb_column type=&#8221;3_5&#8243; _builder_version=&#8221;4.20.4&#8243; _module_preset=&#8221;default&#8221; global_colors_info=&#8221;{}&#8221;][et_pb_text _builder_version=&#8221;4.20.4&#8243; _module_preset=&#8221;default&#8221; global_colors_info=&#8221;{}&#8221;]<\/p>\n<h3><strong>Caract\u00e9ristiques principales:<\/strong><\/h3>\n<ul>\n<li>Un contr\u00f4le sans effort et automatisation intelligente \u00e0 port\u00e9e de main gr\u00e2ce \u00e0 la technologie prim\u00e9e SMART<\/li>\n<li>Une technologie \u00e0 batterie \u00e9prouv\u00e9e \u2013 pr\u00eate pour toute panne de courant<\/li>\n<li>Le m\u00e9lange parfait de style et de substance<\/li>\n<li>Une s\u00e9curit\u00e9 robuste \u2013 un blindage solide en aluminium moul\u00e9 sous pression et un fonctionnement puissant avec piston<\/li>\n<li>Une gamme compl\u00e8te de fonctionnalit\u00e9s vous permet de configurer votre portail en fonction de vos besoins<\/li>\n<li>Un design sobre qui rehausse l\u2019attrait esth\u00e9tique<\/li>\n<li>Une force de pouss\u00e9e \u00e9lev\u00e9e pour une fiabilit\u00e9 et des performances exceptionnelles<\/li>\n<li>Un syst\u00e8me de freinage r\u00e9volutionnaire pour un verrouillage s\u00e9curis\u00e9<\/li>\n<li>Une ouverture et une fermeture rapides et contr\u00f4l\u00e9es avec precision<\/li>\n<li>Contr\u00f4lez votre portail \u00e0 partir de votre t\u00e9l\u00e9phone avec l\u2019application MyCentsys Remote &#8211; stockez vos pr\u00e9f\u00e9rences et contr\u00f4lez facilement le fonctionnement de votre portail, en profitant d\u2019une flexibilit\u00e9 et d\u2019une facilit\u00e9 incomparables<\/li>\n<li>Une construction adapt\u00e9e \u00e0 tous les types de conditions m\u00e9t\u00e9orologiques<\/li>\n<li>Une d\u00e9tection sensible des obstructions pour votre tranquillit\u00e9 d\u2019esprit<\/li>\n<\/ul>\n<p>[\/et_pb_text][\/et_pb_column][et_pb_column type=&#8221;2_5&#8243; _builder_version=&#8221;4.20.4&#8243; _module_preset=&#8221;default&#8221; global_colors_info=&#8221;{}&#8221;][et_pb_image src=&#8221;https:\/\/www.centsys.co.za\/img\/products\/vseries\/Centurion-Systems-V-Series-SMART-Logo.jpg&#8221; _builder_version=&#8221;4.20.4&#8243; _module_preset=&#8221;default&#8221; global_colors_info=&#8221;{}&#8221;][\/et_pb_image][et_pb_image src=&#8221;https:\/\/www.centsys.com\/demo002\/img\/Contr\u00f4leur S\u00e9rie V SMART.jpg&#8221; _builder_version=&#8221;4.20.4&#8243; _module_preset=&#8221;default&#8221; global_colors_info=&#8221;{}&#8221;][\/et_pb_image][et_pb_code _builder_version=&#8221;4.27.4&#8243; _module_preset=&#8221;default&#8221; hover_enabled=&#8221;0&#8243; global_colors_info=&#8221;{}&#8221; sticky_enabled=&#8221;0&#8243;]<\/p>\n<table border=\"0\" width=\"330\"><!-- [et_pb_line_break_holder] --><!-- [et_pb_line_break_holder] --><!-- [et_pb_line_break_holder] --><\/p>\n<tbody><!-- [et_pb_line_break_holder] --><!-- [et_pb_line_break_holder] --><!-- [et_pb_line_break_holder] --><\/p>\n<tr><!-- [et_pb_line_break_holder] --><!-- [et_pb_line_break_holder] --><!-- [et_pb_line_break_holder] --><\/p>\n<td><img decoding=\"async\" src=\"https:\/\/www.centsys.com\/demo002\/img\/moteurs-pour-portail-battant-SERIE-V-SMART_PDF_FR.jpg\" \/><\/td>\n<p><!-- [et_pb_line_break_holder] --><\/p>\n<td><a href=\"https:\/\/www.centsys.com\/demo002\/pdf\/vseries\/1408.D.02.0002%20Vantage%20SMART%20Brochure%20CENTURION%20FRENCH_16052024_MT_Web.pdf\">VANTAGE SMART Brochure (2.21MB)<\/a><\/td>\n<p><!-- [et_pb_line_break_holder] --><!-- [et_pb_line_break_holder] --><!-- [et_pb_line_break_holder] --><\/tr>\n<p><!-- [et_pb_line_break_holder] --><!-- [et_pb_line_break_holder] --><!-- [et_pb_line_break_holder] --><!-- [et_pb_line_break_holder] --><!-- [et_pb_line_break_holder] --><\/p>\n<tr><!-- [et_pb_line_break_holder] --><!-- [et_pb_line_break_holder] --><!-- [et_pb_line_break_holder] --><\/p>\n<td><img decoding=\"async\" src=\"https:\/\/www.centsys.com\/demo002\/img\/moteurs-pour-portail-battant-SERIE-V-SMART_PDF_FR.jpg\" \/><\/td>\n<p><!-- [et_pb_line_break_holder] --><!-- [et_pb_line_break_holder] --><!-- [et_pb_line_break_holder] --><!-- [et_pb_line_break_holder] --><!-- [et_pb_line_break_holder] --><\/p>\n<td><a href=\"https:\/\/www.centsys.com\/demo002\/pdf\/vseries\/1408.D.01.0003%20Vantage%20Smart%20Installation%20Manual%20FR_19052025_MT_Web.pdf\">VANTAGE SMART Manuel d&#8217;installation (3.10MB)<\/a><\/td>\n<p><!-- [et_pb_line_break_holder] --><!-- [et_pb_line_break_holder] --><!-- [et_pb_line_break_holder] --><\/tr>\n<p><!-- [et_pb_line_break_holder] --><!-- [et_pb_line_break_holder] --><!-- [et_pb_line_break_holder] --><!-- [et_pb_line_break_holder] --><\/tbody>\n<p><!-- [et_pb_line_break_holder] --><!-- [et_pb_line_break_holder] --><!-- [et_pb_line_break_holder] --><\/table>\n<p><!-- [et_pb_line_break_holder] --><!-- [et_pb_line_break_holder] -->[\/et_pb_code][\/et_pb_column][\/et_pb_row][\/et_pb_section][et_pb_section fb_built=&#8221;1&#8243; fullwidth=&#8221;on&#8221; admin_label=&#8221;THIS IS THE MID SECTION BANNER SITE WIDE&#8221; _builder_version=&#8221;4.27.4&#8243; _module_preset=&#8221;default&#8221; global_module=&#8221;25449&#8243; global_colors_info=&#8221;{}&#8221;][et_pb_fullwidth_image src=&#8221;https:\/\/www.centsys.com\/demo002\/img\/blog\/Centurion_Assistance%20technique%20WhatsApp_Pied%20de%20page%20Web.jpg&#8221; url=&#8221;https:\/\/www.centsys.com\/demo002\/ecrivez-bonjour-avec-notre-ligne-dassistance-technique-whatsapp\/&#8221; url_new_window=&#8221;on&#8221; admin_label=&#8221;FOOTER_SITE WIDE&#8221; _builder_version=&#8221;4.27.4&#8243; _module_preset=&#8221;default&#8221; global_colors_info=&#8221;{}&#8221;][\/et_pb_fullwidth_image][et_pb_fullwidth_header button_one_text=&#8221;Contactez-nous&#8221; button_one_url=&#8221;https:\/\/www.centsys.com\/demo002\/coordonnees\/&#8221; button_two_text=&#8221;Support Technique&#8221; button_two_url=&#8221;https:\/\/www.centsys.com\/demo002\/support-technique\/&#8221; disabled_on=&#8221;on|on|on&#8221; _builder_version=&#8221;4.27.0&#8243; _module_preset=&#8221;default&#8221; background_color=&#8221;#c1c1c1&#8243; custom_button_one=&#8221;on&#8221; button_one_text_color=&#8221;#FFFFFF&#8221; button_one_bg_color=&#8221;#999999&#8243; button_one_border_color=&#8221;#999999&#8243; custom_button_two=&#8221;on&#8221; button_two_text_color=&#8221;#FFFFFF&#8221; button_two_bg_color=&#8221;#999999&#8243; button_two_border_color=&#8221;#999999&#8243; custom_margin=&#8221;||-4px|||&#8221; custom_padding=&#8221;6px||17px|||&#8221; button_two_bg_color_tablet=&#8221;#999999&#8243; button_two_bg_color_phone=&#8221;#999999&#8243; button_two_bg_color_last_edited=&#8221;on|desktop&#8221; disabled=&#8221;on&#8221; global_colors_info=&#8221;{}&#8221; button_one_bg_color__hover_enabled=&#8221;on|desktop&#8221; button_one_bg_color__hover=&#8221;#81c341&#8243; button_one_bg_enable_color__hover=&#8221;on&#8221; button_one_border_color__hover_enabled=&#8221;on|hover&#8221; button_one_border_color__hover=&#8221;#81c341&#8243; button_two_bg_color__hover_enabled=&#8221;on|hover&#8221; button_two_bg_color__hover=&#8221;#81c341&#8243; button_two_bg_enable_color__hover=&#8221;on&#8221; button_two_border_color__hover_enabled=&#8221;on|hover&#8221; button_two_border_color__hover=&#8221;#81c341&#8243;][\/et_pb_fullwidth_header][\/et_pb_section]<\/p>\n","protected":false},"excerpt":{"rendered":"<p><span><span><a href=\"https:\/\/www.centsys.com\/demo002\/\">ACCUEIL<\/a><\/span><\/span>La Premi\u00e8re SMART solution pour PORTAILS BATTANTS Polyvalente. Virtuose. Visionnaire \u2013 la S\u00e9rie V SMART est l\u00e0 pour r\u00e9volutionner l\u2019automatisation des portails battants. La conception \u00e9l\u00e9gante et robuste de ces moteurs ajoute un aspect \u00e9pur\u00e9 attrayant \u00e0 votre propri\u00e9t\u00e9, tandis que la mise en service rapide et facile \u00e0 l\u2019aide d\u2019une application mobile intuitive facilite [&hellip;]<\/p>\n","protected":false},"author":2,"featured_media":0,"parent":0,"menu_order":0,"comment_status":"closed","ping_status":"closed","template":"","meta":{"_et_pb_use_builder":"on","_et_pb_old_content":"","_et_gb_content_width":"","_joinchat":[],"footnotes":""},"class_list":["post-24201","page","type-page","status-publish","hentry"],"yoast_head":"<!-- This site is optimized with the Yoast SEO Premium plugin v27.3 (Yoast SEO v27.4) - https:\/\/yoast.com\/product\/yoast-seo-premium-wordpress\/ -->\r\n<title>S\u00e9rie V SMART - Centurion Systems<\/title>\r\n<meta name=\"description\" content=\"Polyvalent. Virtuose. Visionnaire \u2013 la V-Series SMART est l\u00e0 pour r\u00e9volutionner l&#039;automatisation des portails battants.\" \/>\r\n<meta name=\"robots\" content=\"index, follow, max-snippet:-1, max-image-preview:large, max-video-preview:-1\" \/>\r\n<link rel=\"canonical\" href=\"https:\/\/www.centsys.com\/demo002\/serie-v-smart\/\" \/>\r\n<meta property=\"og:locale\" content=\"en_US\" \/>\r\n<meta property=\"og:type\" content=\"article\" \/>\r\n<meta property=\"og:title\" content=\"S\u00c9RIE V SMART\" \/>\r\n<meta property=\"og:description\" content=\"Polyvalent. Virtuose. Visionnaire \u2013 la V-Series SMART est l\u00e0 pour r\u00e9volutionner l&#039;automatisation des portails battants.\" \/>\r\n<meta property=\"og:url\" content=\"https:\/\/www.centsys.com\/demo002\/serie-v-smart\/\" \/>\r\n<meta property=\"og:site_name\" content=\"Centurion Systems French\" \/>\r\n<meta property=\"article:modified_time\" content=\"2025-06-03T05:10:37+00:00\" \/>\r\n<meta property=\"og:image\" content=\"https:\/\/www.centsys.com\/demo002\/img\/moteurs-pour-portail-battant-SERIE-V-SMART_PDF_FR.jpg\" \/>\r\n<meta name=\"twitter:card\" content=\"summary_large_image\" \/>\r\n<meta name=\"twitter:label1\" content=\"Est. reading time\" \/>\n\t<meta name=\"twitter:data1\" content=\"3 minutes\" \/>\r\n<script type=\"application\/ld+json\" class=\"yoast-schema-graph\">{\"@context\":\"https:\\\/\\\/schema.org\",\"@graph\":[{\"@type\":\"WebPage\",\"@id\":\"https:\\\/\\\/www.centsys.com\\\/demo002\\\/serie-v-smart\\\/\",\"url\":\"https:\\\/\\\/www.centsys.com\\\/demo002\\\/serie-v-smart\\\/\",\"name\":\"S\u00e9rie V SMART - Centurion Systems\",\"isPartOf\":{\"@id\":\"https:\\\/\\\/www.centsys.com\\\/demo002\\\/#website\"},\"primaryImageOfPage\":{\"@id\":\"https:\\\/\\\/www.centsys.com\\\/demo002\\\/serie-v-smart\\\/#primaryimage\"},\"image\":{\"@id\":\"https:\\\/\\\/www.centsys.com\\\/demo002\\\/serie-v-smart\\\/#primaryimage\"},\"thumbnailUrl\":\"https:\\\/\\\/www.centsys.com\\\/demo002\\\/img\\\/moteurs-pour-portail-battant-SERIE-V-SMART_PDF_FR.jpg\",\"datePublished\":\"2023-05-11T06:47:08+00:00\",\"dateModified\":\"2025-06-03T05:10:37+00:00\",\"description\":\"Polyvalent. Virtuose. Visionnaire \u2013 la V-Series SMART est l\u00e0 pour r\u00e9volutionner l'automatisation des portails battants.\",\"breadcrumb\":{\"@id\":\"https:\\\/\\\/www.centsys.com\\\/demo002\\\/serie-v-smart\\\/#breadcrumb\"},\"inLanguage\":\"en-ZA\",\"potentialAction\":[{\"@type\":\"ReadAction\",\"target\":[\"https:\\\/\\\/www.centsys.com\\\/demo002\\\/serie-v-smart\\\/\"]}]},{\"@type\":\"ImageObject\",\"inLanguage\":\"en-ZA\",\"@id\":\"https:\\\/\\\/www.centsys.com\\\/demo002\\\/serie-v-smart\\\/#primaryimage\",\"url\":\"https:\\\/\\\/www.centsys.com\\\/demo002\\\/img\\\/moteurs-pour-portail-battant-SERIE-V-SMART_PDF_FR.jpg\",\"contentUrl\":\"https:\\\/\\\/www.centsys.com\\\/demo002\\\/img\\\/moteurs-pour-portail-battant-SERIE-V-SMART_PDF_FR.jpg\"},{\"@type\":\"BreadcrumbList\",\"@id\":\"https:\\\/\\\/www.centsys.com\\\/demo002\\\/serie-v-smart\\\/#breadcrumb\",\"itemListElement\":[{\"@type\":\"ListItem\",\"position\":1,\"name\":\"ACCUEIL\",\"item\":\"https:\\\/\\\/www.centsys.com\\\/demo002\\\/\"},{\"@type\":\"ListItem\",\"position\":2,\"name\":\"S\u00c9RIE V SMART\"}]},{\"@type\":\"WebSite\",\"@id\":\"https:\\\/\\\/www.centsys.com\\\/demo002\\\/#website\",\"url\":\"https:\\\/\\\/www.centsys.com\\\/demo002\\\/\",\"name\":\"Centurion Systems French\",\"description\":\"Produits D\u2019automatisation D\u2019acc\u00e8s\",\"potentialAction\":[{\"@type\":\"SearchAction\",\"target\":{\"@type\":\"EntryPoint\",\"urlTemplate\":\"https:\\\/\\\/www.centsys.com\\\/demo002\\\/?s={search_term_string}\"},\"query-input\":{\"@type\":\"PropertyValueSpecification\",\"valueRequired\":true,\"valueName\":\"search_term_string\"}}],\"inLanguage\":\"en-ZA\"}]}<\/script>\r\n<!-- \/ Yoast SEO Premium plugin. -->","yoast_head_json":{"title":"S\u00e9rie V SMART - Centurion Systems","description":"Polyvalent. Virtuose. Visionnaire \u2013 la V-Series SMART est l\u00e0 pour r\u00e9volutionner l'automatisation des portails battants.","robots":{"index":"index","follow":"follow","max-snippet":"max-snippet:-1","max-image-preview":"max-image-preview:large","max-video-preview":"max-video-preview:-1"},"canonical":"https:\/\/www.centsys.com\/demo002\/serie-v-smart\/","og_locale":"en_US","og_type":"article","og_title":"S\u00c9RIE V SMART","og_description":"Polyvalent. Virtuose. Visionnaire \u2013 la V-Series SMART est l\u00e0 pour r\u00e9volutionner l'automatisation des portails battants.","og_url":"https:\/\/www.centsys.com\/demo002\/serie-v-smart\/","og_site_name":"Centurion Systems French","article_modified_time":"2025-06-03T05:10:37+00:00","og_image":[{"url":"https:\/\/www.centsys.com\/demo002\/img\/moteurs-pour-portail-battant-SERIE-V-SMART_PDF_FR.jpg","type":"","width":"","height":""}],"twitter_card":"summary_large_image","twitter_misc":{"Est. reading time":"3 minutes"},"schema":{"@context":"https:\/\/schema.org","@graph":[{"@type":"WebPage","@id":"https:\/\/www.centsys.com\/demo002\/serie-v-smart\/","url":"https:\/\/www.centsys.com\/demo002\/serie-v-smart\/","name":"S\u00e9rie V SMART - Centurion Systems","isPartOf":{"@id":"https:\/\/www.centsys.com\/demo002\/#website"},"primaryImageOfPage":{"@id":"https:\/\/www.centsys.com\/demo002\/serie-v-smart\/#primaryimage"},"image":{"@id":"https:\/\/www.centsys.com\/demo002\/serie-v-smart\/#primaryimage"},"thumbnailUrl":"https:\/\/www.centsys.com\/demo002\/img\/moteurs-pour-portail-battant-SERIE-V-SMART_PDF_FR.jpg","datePublished":"2023-05-11T06:47:08+00:00","dateModified":"2025-06-03T05:10:37+00:00","description":"Polyvalent. Virtuose. Visionnaire \u2013 la V-Series SMART est l\u00e0 pour r\u00e9volutionner l'automatisation des portails battants.","breadcrumb":{"@id":"https:\/\/www.centsys.com\/demo002\/serie-v-smart\/#breadcrumb"},"inLanguage":"en-ZA","potentialAction":[{"@type":"ReadAction","target":["https:\/\/www.centsys.com\/demo002\/serie-v-smart\/"]}]},{"@type":"ImageObject","inLanguage":"en-ZA","@id":"https:\/\/www.centsys.com\/demo002\/serie-v-smart\/#primaryimage","url":"https:\/\/www.centsys.com\/demo002\/img\/moteurs-pour-portail-battant-SERIE-V-SMART_PDF_FR.jpg","contentUrl":"https:\/\/www.centsys.com\/demo002\/img\/moteurs-pour-portail-battant-SERIE-V-SMART_PDF_FR.jpg"},{"@type":"BreadcrumbList","@id":"https:\/\/www.centsys.com\/demo002\/serie-v-smart\/#breadcrumb","itemListElement":[{"@type":"ListItem","position":1,"name":"ACCUEIL","item":"https:\/\/www.centsys.com\/demo002\/"},{"@type":"ListItem","position":2,"name":"S\u00c9RIE V SMART"}]},{"@type":"WebSite","@id":"https:\/\/www.centsys.com\/demo002\/#website","url":"https:\/\/www.centsys.com\/demo002\/","name":"Centurion Systems French","description":"Produits D\u2019automatisation D\u2019acc\u00e8s","potentialAction":[{"@type":"SearchAction","target":{"@type":"EntryPoint","urlTemplate":"https:\/\/www.centsys.com\/demo002\/?s={search_term_string}"},"query-input":{"@type":"PropertyValueSpecification","valueRequired":true,"valueName":"search_term_string"}}],"inLanguage":"en-ZA"}]}},"_links":{"self":[{"href":"https:\/\/www.centsys.com\/demo002\/wp-json\/wp\/v2\/pages\/24201","targetHints":{"allow":["GET"]}}],"collection":[{"href":"https:\/\/www.centsys.com\/demo002\/wp-json\/wp\/v2\/pages"}],"about":[{"href":"https:\/\/www.centsys.com\/demo002\/wp-json\/wp\/v2\/types\/page"}],"author":[{"embeddable":true,"href":"https:\/\/www.centsys.com\/demo002\/wp-json\/wp\/v2\/users\/2"}],"replies":[{"embeddable":true,"href":"https:\/\/www.centsys.com\/demo002\/wp-json\/wp\/v2\/comments?post=24201"}],"version-history":[{"count":0,"href":"https:\/\/www.centsys.com\/demo002\/wp-json\/wp\/v2\/pages\/24201\/revisions"}],"wp:attachment":[{"href":"https:\/\/www.centsys.com\/demo002\/wp-json\/wp\/v2\/media?parent=24201"}],"curies":[{"name":"wp","href":"https:\/\/api.w.org\/{rel}","templated":true}]}}