{"id":251,"date":"2020-03-04T08:58:44","date_gmt":"2020-03-04T08:58:44","guid":{"rendered":"https:\/\/www.centsys.co.za\/fr\/?page_id=251"},"modified":"2024-02-08T13:04:27","modified_gmt":"2024-02-08T11:04:27","slug":"faites-notre-connaissance","status":"publish","type":"page","link":"https:\/\/www.centsys.com\/demo002\/faites-notre-connaissance\/","title":{"rendered":"Faites Notre Connaissance"},"content":{"rendered":"<p>[et_pb_section fb_built=&#8221;1&#8243; fullwidth=&#8221;on&#8221; _builder_version=&#8221;4.16&#8243; height=&#8221;400px&#8221; max_height=&#8221;400px&#8221; global_colors_info=&#8221;{}&#8221;][et_pb_fullwidth_image src=&#8221;https:\/\/www.centsys.com\/demo002\/img\/Faites notre connaissance\/Centurion Systems &#8211; Faites Notre Connaissance.jpg&#8221; _builder_version=&#8221;4.16&#8243; global_colors_info=&#8221;{}&#8221;][\/et_pb_fullwidth_image][\/et_pb_section][et_pb_section fb_built=&#8221;1&#8243; fullwidth=&#8221;on&#8221; _builder_version=&#8221;4.20.4&#8243; background_color=&#8221;#e5e5e5&#8243; use_background_color_gradient=&#8221;on&#8221; background_color_gradient_stops=&#8221;#e5e5e5 0%|#e5e5e5 100%&#8221; background_color_gradient_start=&#8221;#e5e5e5&#8243; background_color_gradient_end=&#8221;#e5e5e5&#8243; transform_translate=&#8221;-13px|269px&#8221; background_color_gradient_stops_tablet=&#8221;#e5e5e5 0%|#e5e5e5 100%&#8221; background_color_gradient_stops_phone=&#8221;#e5e5e5 0%|#e5e5e5 100%&#8221; global_module=&#8221;5513&#8243; global_colors_info=&#8221;{}&#8221;][et_pb_fullwidth_code _builder_version=&#8221;4.20.4&#8243; _module_preset=&#8221;default&#8221; global_colors_info=&#8221;{}&#8221;]<span><span><a href=\"https:\/\/www.centsys.com\/demo002\/\">ACCUEIL<\/a><\/span><\/span>[\/et_pb_fullwidth_code][\/et_pb_section][et_pb_section fb_built=&#8221;1&#8243; _builder_version=&#8221;4.16&#8243; global_colors_info=&#8221;{}&#8221;][et_pb_row _builder_version=&#8221;4.16&#8243; global_colors_info=&#8221;{}&#8221;][et_pb_column type=&#8221;4_4&#8243; _builder_version=&#8221;4.16&#8243; global_colors_info=&#8221;{}&#8221;][et_pb_text _builder_version=&#8221;4.16&#8243; header_5_font=&#8221;|||on|||||&#8221; global_colors_info=&#8221;{}&#8221;]<\/p>\n<h1 style=\"text-align: center;\">FAITES NOTRE CONNAISSANCE<\/h1>\n<p>&nbsp;<\/p>\n<p>Centurion Systems est un fabricant bas\u00e9 en Afrique du Sud, qui fournit des produits\u00a0<strong>d\u2019automatisation d\u2019acc\u00e8s<\/strong>\u00a0de de niveau international. Nous fabriquons une vaste gamme de produits d\u2019automatisation d\u2019acc\u00e8s pratiques et fiables visant \u00e0 am\u00e9liorer<strong>\u00a0l\u2019automatisation des acc\u00e8s domestiques et industriels<\/strong>. Nos employ\u00e9s partagent notre vision \u2013 et les profits \u2013 en travaillant en \u00e9quipe pour r\u00e9pondre aux besoins de nos clients.<\/p>\n<p>Centurion Systems s\u2019engage \u00e0 fournir une\u00a0<strong>valeur r\u00e9elle<\/strong>\u00a0et travaille constamment \u00e0 fournir des solutions innovantes pour r\u00eaver nos d\u00e9fis. Dans tout ce que nous faisons, nous adh\u00e9rons aux normes les plus \u00e9lev\u00e9es en mati\u00e8re de\u00a0<strong>respect, d\u2019int\u00e9grit\u00e9, de qualit\u00e9, de s\u00e9curit\u00e9<\/strong>\u00a0et de\u00a0<strong>sensibilisation environnementale.<\/strong><\/p>\n<p>&nbsp;<\/p>\n<p><strong>\u00a0<\/strong><strong>NOTRE VISION:<\/strong><\/p>\n<ul>\n<li>\u00catre une soci\u00e9t\u00e9 d\u2019automatisation durable,<strong>de premier plan au niveau international<\/strong><\/li>\n<\/ul>\n<p><strong>\u00a0<\/strong><\/p>\n<p><strong>NOTRE MISSION:<\/strong><\/p>\n<ul>\n<li>La satisfaction de notre client\u00e8le en leur offrant des\u00a0 <strong>\u00a0\u00a0<\/strong> produits et services de niveau \u00e0 l\u2019\u00e9chelle internationale<\/li>\n<li>L\u2019accroissement gr\u00e2ce \u00e0 une <strong>am\u00e9lioration continue de nos produits et services<\/strong><\/li>\n<li>Continuer \u00e0 pr\u00e9server <strong>l\u2019environnement<\/strong><\/li>\n<li>Devenir <strong>l\u2019employeur et l\u2019employ\u00e9 de choix<\/strong><\/li>\n<\/ul>\n<p><strong>\u00a0<\/strong><\/p>\n<p><strong>NOS VALEURS:<\/strong><\/p>\n<ul>\n<li><strong>Int\u00e9grit\u00e9<\/strong>\u00a0\u2013 Honn\u00eatet\u00e9, responsabilit\u00e9 et ponctualit\u00e9<\/li>\n<li><strong>Respect<\/strong>\u2013 Pour les personnes, notre environnement, les r\u00e8gles de sant\u00e9<\/li>\n<li><strong>Excellence<\/strong>\u2013 En mati\u00e8re de qualit\u00e9, communication, comp\u00e9tences, esprit d&#8217;initiative, travail d\u2019\u00e9quipe, \u00e9nergie, leadership et passion<\/li>\n<\/ul>\n<p>[\/et_pb_text][\/et_pb_column][\/et_pb_row][\/et_pb_section][et_pb_section fb_built=&#8221;1&#8243; fullwidth=&#8221;on&#8221; custom_padding_last_edited=&#8221;on|desktop&#8221; admin_label=&#8221;THIS IS THE MID SECTION BANNER SITE WIDE&#8221; _builder_version=&#8221;4.21.2&#8243; background_color=&#8221;RGBA(255,255,255,0)&#8221; background_image=&#8221;\/img\/home\/Centurion-System-Next-Level-SMART.jpg&#8221; background_enable_image=&#8221;off&#8221; transform_translate=&#8221;0px|-45px&#8221; transform_translate_linked=&#8221;off&#8221; min_height=&#8221;450px&#8221; height=&#8221;450px&#8221; max_height=&#8221;450px&#8221; custom_margin=&#8221;22px|||||&#8221; custom_padding=&#8221;0px|0px|0px|0px|false|false&#8221; custom_padding_tablet=&#8221;50px|0|198px|0|false|false&#8221; custom_padding_phone=&#8221;&#8221; link_option_url=&#8221;https:\/\/www.centsys.co.za\/d5-smart-training\/?utm_source=Website&#038;utm_medium=WEB%20BANNERS&#038;utm_campaign=SMART%20TRAINING&#8221; z_index_tablet=&#8221;500&#8243; custom_css_main_element=&#8221;height:250px; &#8221; box_shadow_horizontal_tablet=&#8221;0px&#8221; box_shadow_vertical_tablet=&#8221;0px&#8221; box_shadow_blur_tablet=&#8221;40px&#8221; box_shadow_spread_tablet=&#8221;0px&#8221; saved_tabs=&#8221;all&#8221; global_colors_info=&#8221;{}&#8221; global_module=&#8221;24554&#8243; theme_builder_area=&#8221;post_content&#8221;][et_pb_fullwidth_image src=&#8221;https:\/\/www.centsys.com\/demo002\/img\/blog\/D%C3%A9couvrez%20le%20SMART%20ECOSYSTEM%20avec%20MyCentsys%20Remote.jpg&#8221; url=&#8221;https:\/\/www.centsys.com\/demo002\/application-mobile-mycentsys-remote\/&#8221; url_new_window=&#8221;on&#8221; _builder_version=&#8221;4.23.1&#8243; _module_preset=&#8221;default&#8221; global_colors_info=&#8221;{}&#8221; theme_builder_area=&#8221;post_content&#8221;][\/et_pb_fullwidth_image][et_pb_fullwidth_header button_one_text=&#8221;Contactez-nous&#8221; button_one_url=&#8221;https:\/\/www.centsys.com\/demo002\/coordonnees\/&#8221; button_two_text=&#8221;Centre d\u2019appels&#8221; button_two_url=&#8221;https:\/\/www.centsys.com\/demo002\/centre-dappels\/&#8221; _builder_version=&#8221;4.23.1&#8243; _module_preset=&#8221;default&#8221; background_color=&#8221;#c1c1c1&#8243; custom_button_one=&#8221;on&#8221; button_one_text_color=&#8221;#FFFFFF&#8221; button_one_bg_color=&#8221;#999999&#8243; button_one_border_color=&#8221;#999999&#8243; custom_button_two=&#8221;on&#8221; button_two_text_color=&#8221;#FFFFFF&#8221; button_two_bg_color=&#8221;#999999&#8243; button_two_border_color=&#8221;#999999&#8243; custom_padding=&#8221;2px||18px|||&#8221; global_colors_info=&#8221;{}&#8221; theme_builder_area=&#8221;post_content&#8221;][\/et_pb_fullwidth_header][\/et_pb_section]<\/p>\n","protected":false},"excerpt":{"rendered":"<p><span><span><a href=\"https:\/\/www.centsys.com\/demo002\/\">ACCUEIL<\/a><\/span><\/span>FAITES NOTRE CONNAISSANCE &nbsp; Centurion Systems est un fabricant bas\u00e9 en Afrique du Sud, qui fournit des produits\u00a0d\u2019automatisation d\u2019acc\u00e8s\u00a0de de niveau international. Nous fabriquons une vaste gamme de produits d\u2019automatisation d\u2019acc\u00e8s pratiques et fiables visant \u00e0 am\u00e9liorer\u00a0l\u2019automatisation des acc\u00e8s domestiques et industriels. Nos employ\u00e9s partagent notre vision \u2013 et les profits \u2013 en travaillant en [&hellip;]<\/p>\n","protected":false},"author":1,"featured_media":0,"parent":0,"menu_order":0,"comment_status":"closed","ping_status":"closed","template":"","meta":{"_et_pb_use_builder":"on","_et_pb_old_content":"","_et_gb_content_width":"","_joinchat":[],"footnotes":""},"class_list":["post-251","page","type-page","status-publish","hentry"],"yoast_head":"<!-- This site is optimized with the Yoast SEO Premium plugin v27.3 (Yoast SEO v27.4) - https:\/\/yoast.com\/product\/yoast-seo-premium-wordpress\/ -->\r\n<title>Faites Notre Connaissance - Centurion Systems<\/title>\r\n<meta name=\"description\" content=\"Centurion Systems est un fabricant bas\u00e9 en Afrique du Sud, qui fournit des produits d\u2019automatisation d\u2019acc\u00e8s de de niveau international.\" \/>\r\n<meta name=\"robots\" content=\"index, follow, max-snippet:-1, max-image-preview:large, max-video-preview:-1\" \/>\r\n<link rel=\"canonical\" href=\"https:\/\/www.centsys.com\/demo002\/faites-notre-connaissance\/\" \/>\r\n<meta property=\"og:locale\" content=\"en_US\" \/>\r\n<meta property=\"og:type\" content=\"article\" \/>\r\n<meta property=\"og:title\" content=\"Faites Notre Connaissance\" \/>\r\n<meta property=\"og:description\" content=\"Centurion Systems est un fabricant bas\u00e9 en Afrique du Sud, qui fournit des produits d\u2019automatisation d\u2019acc\u00e8s de de niveau international.\" \/>\r\n<meta property=\"og:url\" content=\"https:\/\/www.centsys.com\/demo002\/faites-notre-connaissance\/\" \/>\r\n<meta property=\"og:site_name\" content=\"Centurion Systems French\" \/>\r\n<meta property=\"article:modified_time\" content=\"2024-02-08T11:04:27+00:00\" \/>\r\n<meta name=\"twitter:card\" content=\"summary_large_image\" \/>\r\n<meta name=\"twitter:label1\" content=\"Est. reading time\" \/>\n\t<meta name=\"twitter:data1\" content=\"2 minutes\" \/>\r\n<script type=\"application\/ld+json\" class=\"yoast-schema-graph\">{\"@context\":\"https:\\\/\\\/schema.org\",\"@graph\":[{\"@type\":\"WebPage\",\"@id\":\"https:\\\/\\\/www.centsys.com\\\/demo002\\\/faites-notre-connaissance\\\/\",\"url\":\"https:\\\/\\\/www.centsys.com\\\/demo002\\\/faites-notre-connaissance\\\/\",\"name\":\"Faites Notre Connaissance - Centurion Systems\",\"isPartOf\":{\"@id\":\"https:\\\/\\\/www.centsys.com\\\/demo002\\\/#website\"},\"datePublished\":\"2020-03-04T08:58:44+00:00\",\"dateModified\":\"2024-02-08T11:04:27+00:00\",\"description\":\"Centurion Systems est un fabricant bas\u00e9 en Afrique du Sud, qui fournit des produits d\u2019automatisation d\u2019acc\u00e8s de de niveau international.\",\"breadcrumb\":{\"@id\":\"https:\\\/\\\/www.centsys.com\\\/demo002\\\/faites-notre-connaissance\\\/#breadcrumb\"},\"inLanguage\":\"en-ZA\",\"potentialAction\":[{\"@type\":\"ReadAction\",\"target\":[\"https:\\\/\\\/www.centsys.com\\\/demo002\\\/faites-notre-connaissance\\\/\"]}]},{\"@type\":\"BreadcrumbList\",\"@id\":\"https:\\\/\\\/www.centsys.com\\\/demo002\\\/faites-notre-connaissance\\\/#breadcrumb\",\"itemListElement\":[{\"@type\":\"ListItem\",\"position\":1,\"name\":\"ACCUEIL\",\"item\":\"https:\\\/\\\/www.centsys.com\\\/demo002\\\/\"},{\"@type\":\"ListItem\",\"position\":2,\"name\":\"Faites Notre Connaissance\"}]},{\"@type\":\"WebSite\",\"@id\":\"https:\\\/\\\/www.centsys.com\\\/demo002\\\/#website\",\"url\":\"https:\\\/\\\/www.centsys.com\\\/demo002\\\/\",\"name\":\"Centurion Systems French\",\"description\":\"Produits D\u2019automatisation D\u2019acc\u00e8s\",\"potentialAction\":[{\"@type\":\"SearchAction\",\"target\":{\"@type\":\"EntryPoint\",\"urlTemplate\":\"https:\\\/\\\/www.centsys.com\\\/demo002\\\/?s={search_term_string}\"},\"query-input\":{\"@type\":\"PropertyValueSpecification\",\"valueRequired\":true,\"valueName\":\"search_term_string\"}}],\"inLanguage\":\"en-ZA\"}]}<\/script>\r\n<!-- \/ Yoast SEO Premium plugin. -->","yoast_head_json":{"title":"Faites Notre Connaissance - Centurion Systems","description":"Centurion Systems est un fabricant bas\u00e9 en Afrique du Sud, qui fournit des produits d\u2019automatisation d\u2019acc\u00e8s de de niveau international.","robots":{"index":"index","follow":"follow","max-snippet":"max-snippet:-1","max-image-preview":"max-image-preview:large","max-video-preview":"max-video-preview:-1"},"canonical":"https:\/\/www.centsys.com\/demo002\/faites-notre-connaissance\/","og_locale":"en_US","og_type":"article","og_title":"Faites Notre Connaissance","og_description":"Centurion Systems est un fabricant bas\u00e9 en Afrique du Sud, qui fournit des produits d\u2019automatisation d\u2019acc\u00e8s de de niveau international.","og_url":"https:\/\/www.centsys.com\/demo002\/faites-notre-connaissance\/","og_site_name":"Centurion Systems French","article_modified_time":"2024-02-08T11:04:27+00:00","twitter_card":"summary_large_image","twitter_misc":{"Est. reading time":"2 minutes"},"schema":{"@context":"https:\/\/schema.org","@graph":[{"@type":"WebPage","@id":"https:\/\/www.centsys.com\/demo002\/faites-notre-connaissance\/","url":"https:\/\/www.centsys.com\/demo002\/faites-notre-connaissance\/","name":"Faites Notre Connaissance - Centurion Systems","isPartOf":{"@id":"https:\/\/www.centsys.com\/demo002\/#website"},"datePublished":"2020-03-04T08:58:44+00:00","dateModified":"2024-02-08T11:04:27+00:00","description":"Centurion Systems est un fabricant bas\u00e9 en Afrique du Sud, qui fournit des produits d\u2019automatisation d\u2019acc\u00e8s de de niveau international.","breadcrumb":{"@id":"https:\/\/www.centsys.com\/demo002\/faites-notre-connaissance\/#breadcrumb"},"inLanguage":"en-ZA","potentialAction":[{"@type":"ReadAction","target":["https:\/\/www.centsys.com\/demo002\/faites-notre-connaissance\/"]}]},{"@type":"BreadcrumbList","@id":"https:\/\/www.centsys.com\/demo002\/faites-notre-connaissance\/#breadcrumb","itemListElement":[{"@type":"ListItem","position":1,"name":"ACCUEIL","item":"https:\/\/www.centsys.com\/demo002\/"},{"@type":"ListItem","position":2,"name":"Faites Notre Connaissance"}]},{"@type":"WebSite","@id":"https:\/\/www.centsys.com\/demo002\/#website","url":"https:\/\/www.centsys.com\/demo002\/","name":"Centurion Systems French","description":"Produits D\u2019automatisation D\u2019acc\u00e8s","potentialAction":[{"@type":"SearchAction","target":{"@type":"EntryPoint","urlTemplate":"https:\/\/www.centsys.com\/demo002\/?s={search_term_string}"},"query-input":{"@type":"PropertyValueSpecification","valueRequired":true,"valueName":"search_term_string"}}],"inLanguage":"en-ZA"}]}},"_links":{"self":[{"href":"https:\/\/www.centsys.com\/demo002\/wp-json\/wp\/v2\/pages\/251","targetHints":{"allow":["GET"]}}],"collection":[{"href":"https:\/\/www.centsys.com\/demo002\/wp-json\/wp\/v2\/pages"}],"about":[{"href":"https:\/\/www.centsys.com\/demo002\/wp-json\/wp\/v2\/types\/page"}],"author":[{"embeddable":true,"href":"https:\/\/www.centsys.com\/demo002\/wp-json\/wp\/v2\/users\/1"}],"replies":[{"embeddable":true,"href":"https:\/\/www.centsys.com\/demo002\/wp-json\/wp\/v2\/comments?post=251"}],"version-history":[{"count":0,"href":"https:\/\/www.centsys.com\/demo002\/wp-json\/wp\/v2\/pages\/251\/revisions"}],"wp:attachment":[{"href":"https:\/\/www.centsys.com\/demo002\/wp-json\/wp\/v2\/media?parent=251"}],"curies":[{"name":"wp","href":"https:\/\/api.w.org\/{rel}","templated":true}]}}