{"id":25380,"date":"2024-04-16T16:24:58","date_gmt":"2024-04-16T14:24:58","guid":{"rendered":"https:\/\/www.centsys.co.za\/?page_id=25380"},"modified":"2025-09-15T23:43:38","modified_gmt":"2025-09-15T21:43:38","slug":"d5-evo-smart-moteur-de-portail-domestique-et-industriel-leger","status":"publish","type":"page","link":"https:\/\/www.centsys.com\/demo002\/d5-evo-smart-moteur-de-portail-domestique-et-industriel-leger\/","title":{"rendered":"D5-Evo SMART \u2013 moteur de portail domestique et industriel l\u00e9ger"},"content":{"rendered":"<p>[et_pb_section fb_built=&#8221;1&#8243; fullwidth=&#8221;on&#8221; _builder_version=&#8221;4.24.3&#8243; _module_preset=&#8221;default&#8221; global_colors_info=&#8221;{}&#8221;][et_pb_fullwidth_image src=&#8221;https:\/\/www.centsys.com\/demo002\/img\/D5-EVO SMART\/Moteur de portail coulissant CENTURION D5-EVO SMART_Principal.jpg&#8221; _builder_version=&#8221;4.25.0&#8243; _module_preset=&#8221;default&#8221; global_colors_info=&#8221;{}&#8221;][\/et_pb_fullwidth_image][\/et_pb_section][et_pb_section fb_built=&#8221;1&#8243; _builder_version=&#8221;4.24.3&#8243; _module_preset=&#8221;default&#8221; global_colors_info=&#8221;{}&#8221;][et_pb_row _builder_version=&#8221;4.24.3&#8243; _module_preset=&#8221;default&#8221; global_colors_info=&#8221;{}&#8221;][et_pb_column type=&#8221;4_4&#8243; _builder_version=&#8221;4.24.3&#8243; _module_preset=&#8221;default&#8221; global_colors_info=&#8221;{}&#8221;][et_pb_text _builder_version=&#8221;4.24.0&#8243; _module_preset=&#8221;default&#8221; global_colors_info=&#8221;{}&#8221;]<\/p>\n<h1><strong>Le moteur de portail D5-EVO SMART : O\u00f9 l&#8217;h\u00e9ritage rencontre l&#8217;innovation.<\/strong><\/h1>\n<p>[\/et_pb_text][et_pb_image src=&#8221;https:\/\/www.centsys.com\/demo002\/img\/D5-EVO SMART\/Moteur de portail coulissant CENTURION D5-EVO SMART_IMG.jpg&#8221; _builder_version=&#8221;4.25.0&#8243; _module_preset=&#8221;default&#8221; global_colors_info=&#8221;{}&#8221;][\/et_pb_image][\/et_pb_column][\/et_pb_row][\/et_pb_section][et_pb_section fb_built=&#8221;1&#8243; _builder_version=&#8221;4.24.3&#8243; _module_preset=&#8221;default&#8221; global_colors_info=&#8221;{}&#8221;][et_pb_row column_structure=&#8221;3_5,2_5&#8243; _builder_version=&#8221;4.24.3&#8243; _module_preset=&#8221;default&#8221; global_colors_info=&#8221;{}&#8221;][et_pb_column type=&#8221;3_5&#8243; _builder_version=&#8221;4.24.3&#8243; _module_preset=&#8221;default&#8221; global_colors_info=&#8221;{}&#8221;][et_pb_text _builder_version=&#8221;4.24.0&#8243; _module_preset=&#8221;default&#8221; global_colors_info=&#8221;{}&#8221;]<\/p>\n<h2>D5-Evo SMART \u2013 moteur de portail domestique et industriel l\u00e9ger<\/h2>\n<p><strong>L&#8217;embl\u00e9matique D5-EVO, r\u00e9imagin\u00e9<\/strong>.\u00a0Le moteur de portails synonyme de fiabilit\u00e9 et de performance vient de devenir encore plus SM\u0394RT. D\u00e9couvrez le <strong>D5-EVO SM<\/strong><strong>A<\/strong><strong>RT<\/strong>, dot\u00e9 d&#8217;une technologie prim\u00e9e et con\u00e7u pour am\u00e9liorer votre exp\u00e9rience en mati\u00e8re de s\u00e9curit\u00e9.<\/p>\n<p><strong>Plus qu&#8217;une simple mise \u00e0 jour, il s&#8217;agit d&#8217;une \u00e9volution.\u00a0<\/strong>Le <strong>D5-EVO SM<\/strong><strong>\u0394<\/strong><strong>RT<\/strong> conserve la force et la fiabilit\u00e9 l\u00e9gendaires de son pr\u00e9d\u00e9cesseur, tout en \u00e9tant dot\u00e9 de fonctionnalit\u00e9s intelligentes qui vous permettent de garder le contr\u00f4le total de la situation. Profitez d&#8217;un contr\u00f4le sans effort par smartphone, de diagnostics avanc\u00e9s pour une tranquillit\u00e9 d&#8217;esprit ultime et d&#8217;une technologie fiable aliment\u00e9e par la batterie qui vous prot\u00e8ge m\u00eame en cas de coupure de courant.<\/p>\n<p><strong>Lib\u00e9rez la puissance SM\u0394RT :<\/strong><\/p>\n<ul>\n<li><strong>Contr\u00f4le efficace: <\/strong>G\u00e9rez votre portail avec un maximum de facilit\u00e9, de contr\u00f4le et de flexibilit\u00e9 gr\u00e2ce \u00e0 l&#8217;application conviviale pour smartphone<\/li>\n<li><strong>Informations intelligentes: <\/strong>Gr\u00e2ce aux notifications avanc\u00e9es, aux alarmes, \u00e0 la surveillance et aux rapports, vous restez inform\u00e9 et vous gardez le contr\u00f4le de la situation<\/li>\n<li><strong>S\u00e9curit\u00e9 et facilit\u00e9 sans interruption: <\/strong>La technologie fiable aliment\u00e9e par batterie garantit un fonctionnement sans faille, m\u00eame en cas de coupure de courant<\/li>\n<li><strong>Configuration sans effort: <\/strong>La configuration sans fil et le contr\u00f4le par smartphone facilitent l&#8217;installation<\/li>\n<li><strong>S\u00e9curit\u00e9 am\u00e9lior\u00e9e: <\/strong>La cage antivol am\u00e9lior\u00e9e et le syst\u00e8me avanc\u00e9 de contr\u00f4le de la position offrent une tranquillit\u00e9 d&#8217;esprit in\u00e9gal\u00e9e<\/li>\n<li><strong>Polyvalence ultime: <\/strong>Les entr\u00e9es et sorties configurables individuellement permettent une int\u00e9gration harmonieuse dans votre \u00e9cosyst\u00e8me SMART<\/li>\n<\/ul>\n<p>Le <strong>D5-EVO SMART<\/strong> est sp\u00e9cial. C&#8217;est un monument d&#8217;innovation, un engagement envers la s\u00e9curit\u00e9 et une assurance de tranquillit\u00e9 d&#8217;esprit.\u00a0D\u00e9couvrez l&#8217;avenir de la gestion des portails, avec l&#8217;h\u00e9ritage du D5-EVO.<br \/>\n[\/et_pb_text][et_pb_video src=&#8221;https:\/\/www.youtube.com\/watch?v=74rado4bGaU&#8221; _builder_version=&#8221;4.25.0&#8243; _module_preset=&#8221;default&#8221; global_colors_info=&#8221;{}&#8221;][\/et_pb_video][\/et_pb_column][et_pb_column type=&#8221;2_5&#8243; _builder_version=&#8221;4.24.3&#8243; _module_preset=&#8221;default&#8221; global_colors_info=&#8221;{}&#8221;][et_pb_image src=&#8221;https:\/\/www.centsys.com\/demo002\/img\/D5-EVO SMART\/Centurion-Systems-D5-EVO-SMART-Logo.jpg&#8221; _builder_version=&#8221;4.25.0&#8243; _module_preset=&#8221;default&#8221; global_colors_info=&#8221;{}&#8221;][\/et_pb_image][et_pb_image src=&#8221;https:\/\/www.centsys.com\/demo002\/img\/D5-EVO%20SMART\/Centurion-Systems-D5-EVO-%20SMART_Avant.jpg.jpg&#8221; _builder_version=&#8221;4.25.0&#8243; _module_preset=&#8221;default&#8221; global_colors_info=&#8221;{}&#8221;][\/et_pb_image][et_pb_code disabled_on=&#8221;off|off|off&#8221; _builder_version=&#8221;4.27.4&#8243; _module_preset=&#8221;default&#8221; hover_enabled=&#8221;0&#8243; global_colors_info=&#8221;{}&#8221; sticky_enabled=&#8221;0&#8243;]<\/p>\n<table border=\"0\" width=\"330\"><!-- [et_pb_line_break_holder] --><\/p>\n<tbody><!-- [et_pb_line_break_holder] --><\/p>\n<tr><!-- [et_pb_line_break_holder] --><\/p>\n<td><img decoding=\"async\" src=\"https:\/\/www.centsys.com\/demo002\/img\/D-SERIES SMART\/DSERIES_FranceFlagPDF_img.jpg\" \/><\/td>\n<p><!-- [et_pb_line_break_holder] --><\/p>\n<td><a href=\"https:\/\/www.centsys.com\/demo002\/pdf\/d3smart\/1410.D.02.0002%20D3S%20D5ES%20Brochure%20FRENCH_15052024_MT_Web.pdf\">D5-Evo SMART Brochure (848KB)<\/a><\/td>\n<p><!-- [et_pb_line_break_holder] --><\/tr>\n<p><!-- [et_pb_line_break_holder] --><!-- [et_pb_line_break_holder] --><\/p>\n<tr><!-- [et_pb_line_break_holder] --><\/p>\n<td><img decoding=\"async\" src=\"https:\/\/www.centsys.com\/demo002\/img\/D-SERIES SMART\/DSERIES_FranceFlagPDF_img.jpg\" \/><\/td>\n<p><!-- [et_pb_line_break_holder] --><\/p>\n<td><a href=\"https:\/\/www.centsys.com\/demo002\/pdf\/d5evosmart\/1410.D.01.0002_D5E%20Smart%20Installation%20Manual%20FR_10032025_AP_Web.pdf\">D5-Evo SMART Manuel d&#8217;installation (5.87MB)<\/a><\/td>\n<p><!-- [et_pb_line_break_holder] --><\/tr>\n<p><!-- [et_pb_line_break_holder] --><!-- [et_pb_line_break_holder] --><\/p>\n<tr><!-- [et_pb_line_break_holder] --><\/p>\n<td><img decoding=\"async\" src=\"https:\/\/www.centsys.com\/demo002\/img\/D-SERIES SMART\/DSERIES_FranceFlagPDF_img.jpg\" \/><\/td>\n<p><!-- [et_pb_line_break_holder] --><\/p>\n<td><a href=\"https:\/\/www.centsys.com\/demo002\/pdf\/theftcage\/1401.D.01.0016%20D3S%20D5ES%20D6S%20Theft-Deterrent%20Cage%20FRENCH_17072024_MT_Web.pdf\">Manuel d\u2019installation de la cage de dissuasion du D5-Evo SMART (1.12MB)<\/a><\/td>\n<p><!-- [et_pb_line_break_holder] --><\/tr>\n<p><!-- [et_pb_line_break_holder] -->  <!-- [et_pb_line_break_holder] --><\/p>\n<tr><!-- [et_pb_line_break_holder] --><\/p>\n<td><img decoding=\"async\" src=\"https:\/\/www.centsys.com\/demo002\/img\/D-SERIES SMART\/DSERIES_FranceFlagPDF_img.jpg\" \/><\/td>\n<p><!-- [et_pb_line_break_holder] --><\/p>\n<td><a href=\"https:\/\/www.centsys.com\/demo002\/pdf\/rdod\/1401.D.01.0024%20SMART%20Origin%20Marker%20Pamphlet%20FRENCH_13112024_MT_Web.pdf\">Guide pratique du capteur d\u2019origine et du marqueur d\u2019origine SMART (613KB)<\/a><\/td>\n<p><!-- [et_pb_line_break_holder] --><\/tr>\n<p><!-- [et_pb_line_break_holder] --><!-- [et_pb_line_break_holder] -->    <\/p>\n<tr><!-- [et_pb_line_break_holder] --><\/p>\n<td><img decoding=\"async\" src=\"https:\/\/www.centsys.com\/demo002\/img\/D-SERIES SMART\/DSERIES_FranceFlagPDF_img.jpg\" \/><\/td>\n<p><!-- [et_pb_line_break_holder] --><\/p>\n<td><a href=\"https:\/\/www.centsys.com\/demo002\/pdf\/antilift\/0000.D.02.0009%20Anti-lift%20Brackets%20Brochure%20FR%2019082025_AP_Web.pdf\">CENTURION supports anti-soul\u00e8vement \u2013 Brochure (199KB)<\/a><\/td>\n<p><!-- [et_pb_line_break_holder] --><\/tr>\n<p> <!-- [et_pb_line_break_holder] -->  <\/p>\n<tr><!-- [et_pb_line_break_holder] --><\/p>\n<td><img decoding=\"async\" src=\"https:\/\/www.centsys.com\/demo002\/img\/D-SERIES SMART\/DSERIES_FranceFlagPDF_img.jpg\" \/><\/td>\n<p><!-- [et_pb_line_break_holder] --><\/p>\n<td><a href=\"https:\/\/www.centsys.com\/demo002\/pdf\/antilift\/0000.D.01.0015%20Anti-lift%20Brackets%20Installation%20Manual%20FR%2019082025_AP_Web_App.pdf\">CENTURION supports anti-soul\u00e8vement \u2013 Manuel d&#8217;installation (4.00MB)<\/a><\/td>\n<p><!-- [et_pb_line_break_holder] --><\/tr>\n<p><!-- [et_pb_line_break_holder] --><!-- [et_pb_line_break_holder] --><\/tbody>\n<p><!-- [et_pb_line_break_holder] --><\/table>\n<p>[\/et_pb_code][\/et_pb_column][\/et_pb_row][et_pb_row _builder_version=&#8221;4.24.3&#8243; _module_preset=&#8221;default&#8221; global_colors_info=&#8221;{}&#8221;][et_pb_column type=&#8221;4_4&#8243; _builder_version=&#8221;4.24.3&#8243; _module_preset=&#8221;default&#8221; global_colors_info=&#8221;{}&#8221;][et_pb_text _builder_version=&#8221;4.24.0&#8243; _module_preset=&#8221;default&#8221; global_colors_info=&#8221;{}&#8221;]<div id=\"footable_parent_25499\"\n         class=\" footable_parent ninja_table_wrapper loading_ninja_table wp_table_data_press_parent semantic_ui \">\n                <table data-ninja_table_instance=\"ninja_table_instance_0\" data-footable_id=\"25499\" data-filter-delay=\"1000\" aria-label=\"D5-Evo SMART\"            id=\"footable_25499\"\n           data-unique_identifier=\"ninja_table_unique_id_3817858822_25499\"\n           class=\" foo-table ninja_footable foo_table_25499 ninja_table_unique_id_3817858822_25499 ui table  nt_type_ajax_table selectable striped vertical_centered  footable-paging-right ninja_table_search_disabled\">\n                <colgroup>\n                            <col class=\"ninja_column_0 \">\n                            <col class=\"ninja_column_1 \">\n                    <\/colgroup>\n            <\/table>\n    \n    \n    \n<\/div>\n<\/p>\n<p>Cet \u00e9quipement est conforme aux exigences en mati\u00e8re d&#8217;\u00e9missions rayonn\u00e9es de la norme EN 55032 \/ CISPR 32 pour les appareils de classe B, qui vise \u00e0 offrir une protection ad\u00e9quate aux services de radiodiffusion dans l&#8217;environnement r\u00e9sidentiel.<\/p>\n<p>1. Peut fonctionner avec une alimentation solaire, consultez votre revendeur local pour obtenir de l&#8217;aid<br \/>\n2. Bas\u00e9 sur une temp\u00e9rature ambiante de 25\u00b0C et un appareil non expos\u00e9 \u00e0 la lumi\u00e8re directe du soleil<br \/>\n3. Bas\u00e9 sur une force de pouss\u00e9e du moteur inf\u00e9rieure \u00e0 50% de la valeur nominale (forces de d\u00e9marrage et de fonctionnement)<br \/>\n4. Vitesses d&#8217;ouverture et de fermeture du portail pouvant \u00eatre configur\u00e9es pour fonctionner plus lentement en fonction des exigences de chaque installation<br \/>\n5. Peut augmenter la capacit\u00e9 de la batterie pour des temps de veille plus longs<br \/>\n6. Bas\u00e9 sur un portail de 4m, sans tous les accessoires<br \/>\n7. Possibilit\u00e9 d&#8217;utiliser plusieurs boutons par t\u00e9l\u00e9commande<br \/>\n8. D\u00e9pend du type et de l&#8217;\u00e9tat de la batterie<br \/>\n[\/et_pb_text][\/et_pb_column][\/et_pb_row][\/et_pb_section][et_pb_section fb_built=&#8221;1&#8243; fullwidth=&#8221;on&#8221; admin_label=&#8221;THIS IS THE MID SECTION BANNER SITE WIDE&#8221; _builder_version=&#8221;4.27.4&#8243; _module_preset=&#8221;default&#8221; global_module=&#8221;25449&#8243; global_colors_info=&#8221;{}&#8221;][et_pb_fullwidth_image src=&#8221;https:\/\/www.centsys.com\/demo002\/img\/blog\/Centurion_Assistance%20technique%20WhatsApp_Pied%20de%20page%20Web.jpg&#8221; url=&#8221;https:\/\/www.centsys.com\/demo002\/ecrivez-bonjour-avec-notre-ligne-dassistance-technique-whatsapp\/&#8221; url_new_window=&#8221;on&#8221; admin_label=&#8221;FOOTER_SITE WIDE&#8221; _builder_version=&#8221;4.27.4&#8243; _module_preset=&#8221;default&#8221; global_colors_info=&#8221;{}&#8221;][\/et_pb_fullwidth_image][et_pb_fullwidth_header button_one_text=&#8221;Contactez-nous&#8221; button_one_url=&#8221;https:\/\/www.centsys.com\/demo002\/coordonnees\/&#8221; button_two_text=&#8221;Support Technique&#8221; button_two_url=&#8221;https:\/\/www.centsys.com\/demo002\/support-technique\/&#8221; disabled_on=&#8221;on|on|on&#8221; _builder_version=&#8221;4.27.0&#8243; _module_preset=&#8221;default&#8221; background_color=&#8221;#c1c1c1&#8243; custom_button_one=&#8221;on&#8221; button_one_text_color=&#8221;#FFFFFF&#8221; button_one_bg_color=&#8221;#999999&#8243; button_one_border_color=&#8221;#999999&#8243; custom_button_two=&#8221;on&#8221; button_two_text_color=&#8221;#FFFFFF&#8221; button_two_bg_color=&#8221;#999999&#8243; button_two_border_color=&#8221;#999999&#8243; custom_margin=&#8221;||-4px|||&#8221; custom_padding=&#8221;6px||17px|||&#8221; button_two_bg_color_tablet=&#8221;#999999&#8243; button_two_bg_color_phone=&#8221;#999999&#8243; button_two_bg_color_last_edited=&#8221;on|desktop&#8221; disabled=&#8221;on&#8221; global_colors_info=&#8221;{}&#8221; button_one_bg_color__hover_enabled=&#8221;on|desktop&#8221; button_one_bg_color__hover=&#8221;#81c341&#8243; button_one_bg_enable_color__hover=&#8221;on&#8221; button_one_border_color__hover_enabled=&#8221;on|hover&#8221; button_one_border_color__hover=&#8221;#81c341&#8243; button_two_bg_color__hover_enabled=&#8221;on|hover&#8221; button_two_bg_color__hover=&#8221;#81c341&#8243; button_two_bg_enable_color__hover=&#8221;on&#8221; button_two_border_color__hover_enabled=&#8221;on|hover&#8221; button_two_border_color__hover=&#8221;#81c341&#8243;][\/et_pb_fullwidth_header][\/et_pb_section]<\/p>\n","protected":false},"excerpt":{"rendered":"<p>Le moteur de portail D5-EVO SMART : O\u00f9 l&#8217;h\u00e9ritage rencontre l&#8217;innovation.D5-Evo SMART \u2013 moteur de portail domestique et industriel l\u00e9ger L&#8217;embl\u00e9matique D5-EVO, r\u00e9imagin\u00e9.\u00a0Le moteur de portails synonyme de fiabilit\u00e9 et de performance vient de devenir encore plus SM\u0394RT. D\u00e9couvrez le D5-EVO SMART, dot\u00e9 d&#8217;une technologie prim\u00e9e et con\u00e7u pour am\u00e9liorer votre exp\u00e9rience en mati\u00e8re de [&hellip;]<\/p>\n","protected":false},"author":2,"featured_media":0,"parent":0,"menu_order":0,"comment_status":"closed","ping_status":"closed","template":"","meta":{"_et_pb_use_builder":"on","_et_pb_old_content":"","_et_gb_content_width":"","_joinchat":[],"footnotes":""},"class_list":["post-25380","page","type-page","status-publish","hentry"],"yoast_head":"<!-- This site is optimized with the Yoast SEO Premium plugin v27.3 (Yoast SEO v27.4) - https:\/\/yoast.com\/product\/yoast-seo-premium-wordpress\/ -->\r\n<title>D5-Evo SMART - moteur de portail domestique - Centurion Systems<\/title>\r\n<meta name=\"description\" content=\"D\u00e9couvrez le D5-EVO SMART, dot\u00e9 d\u2019une technologie prim\u00e9e et con\u00e7u pour am\u00e9liorer votre exp\u00e9rience en mati\u00e8re de s\u00e9curit\u00e9.\" \/>\r\n<meta name=\"robots\" content=\"index, follow, max-snippet:-1, max-image-preview:large, max-video-preview:-1\" \/>\r\n<link rel=\"canonical\" href=\"https:\/\/www.centsys.com\/demo002\/d5-evo-smart-moteur-de-portail-domestique-et-industriel-leger\/\" \/>\r\n<meta property=\"og:locale\" content=\"en_US\" \/>\r\n<meta property=\"og:type\" content=\"article\" \/>\r\n<meta property=\"og:title\" content=\"D5-Evo SMART \u2013 moteur de portail domestique et industriel l\u00e9ger\" \/>\r\n<meta property=\"og:description\" content=\"D\u00e9couvrez le D5-EVO SMART, dot\u00e9 d\u2019une technologie prim\u00e9e et con\u00e7u pour am\u00e9liorer votre exp\u00e9rience en mati\u00e8re de s\u00e9curit\u00e9.\" \/>\r\n<meta property=\"og:url\" content=\"https:\/\/www.centsys.com\/demo002\/d5-evo-smart-moteur-de-portail-domestique-et-industriel-leger\/\" \/>\r\n<meta property=\"og:site_name\" content=\"Centurion Systems French\" \/>\r\n<meta property=\"article:modified_time\" content=\"2025-09-15T21:43:38+00:00\" \/>\r\n<meta name=\"twitter:card\" content=\"summary_large_image\" \/>\r\n<meta name=\"twitter:label1\" content=\"Est. reading time\" \/>\n\t<meta name=\"twitter:data1\" content=\"5 minutes\" \/>\r\n<script type=\"application\/ld+json\" class=\"yoast-schema-graph\">{\"@context\":\"https:\\\/\\\/schema.org\",\"@graph\":[{\"@type\":\"WebPage\",\"@id\":\"https:\\\/\\\/www.centsys.com\\\/demo002\\\/d5-evo-smart-moteur-de-portail-domestique-et-industriel-leger\\\/\",\"url\":\"https:\\\/\\\/www.centsys.com\\\/demo002\\\/d5-evo-smart-moteur-de-portail-domestique-et-industriel-leger\\\/\",\"name\":\"D5-Evo SMART - moteur de portail domestique - Centurion Systems\",\"isPartOf\":{\"@id\":\"https:\\\/\\\/www.centsys.com\\\/demo002\\\/#website\"},\"datePublished\":\"2024-04-16T14:24:58+00:00\",\"dateModified\":\"2025-09-15T21:43:38+00:00\",\"description\":\"D\u00e9couvrez le D5-EVO SMART, dot\u00e9 d\u2019une technologie prim\u00e9e et con\u00e7u pour am\u00e9liorer votre exp\u00e9rience en mati\u00e8re de s\u00e9curit\u00e9.\",\"breadcrumb\":{\"@id\":\"https:\\\/\\\/www.centsys.com\\\/demo002\\\/d5-evo-smart-moteur-de-portail-domestique-et-industriel-leger\\\/#breadcrumb\"},\"inLanguage\":\"en-ZA\",\"potentialAction\":[{\"@type\":\"ReadAction\",\"target\":[\"https:\\\/\\\/www.centsys.com\\\/demo002\\\/d5-evo-smart-moteur-de-portail-domestique-et-industriel-leger\\\/\"]}]},{\"@type\":\"BreadcrumbList\",\"@id\":\"https:\\\/\\\/www.centsys.com\\\/demo002\\\/d5-evo-smart-moteur-de-portail-domestique-et-industriel-leger\\\/#breadcrumb\",\"itemListElement\":[{\"@type\":\"ListItem\",\"position\":1,\"name\":\"ACCUEIL\",\"item\":\"https:\\\/\\\/www.centsys.com\\\/demo002\\\/\"},{\"@type\":\"ListItem\",\"position\":2,\"name\":\"D5-Evo SMART \u2013 moteur de portail domestique et industriel l\u00e9ger\"}]},{\"@type\":\"WebSite\",\"@id\":\"https:\\\/\\\/www.centsys.com\\\/demo002\\\/#website\",\"url\":\"https:\\\/\\\/www.centsys.com\\\/demo002\\\/\",\"name\":\"Centurion Systems French\",\"description\":\"Produits D\u2019automatisation D\u2019acc\u00e8s\",\"potentialAction\":[{\"@type\":\"SearchAction\",\"target\":{\"@type\":\"EntryPoint\",\"urlTemplate\":\"https:\\\/\\\/www.centsys.com\\\/demo002\\\/?s={search_term_string}\"},\"query-input\":{\"@type\":\"PropertyValueSpecification\",\"valueRequired\":true,\"valueName\":\"search_term_string\"}}],\"inLanguage\":\"en-ZA\"}]}<\/script>\r\n<!-- \/ Yoast SEO Premium plugin. -->","yoast_head_json":{"title":"D5-Evo SMART - moteur de portail domestique - Centurion Systems","description":"D\u00e9couvrez le D5-EVO SMART, dot\u00e9 d\u2019une technologie prim\u00e9e et con\u00e7u pour am\u00e9liorer votre exp\u00e9rience en mati\u00e8re de s\u00e9curit\u00e9.","robots":{"index":"index","follow":"follow","max-snippet":"max-snippet:-1","max-image-preview":"max-image-preview:large","max-video-preview":"max-video-preview:-1"},"canonical":"https:\/\/www.centsys.com\/demo002\/d5-evo-smart-moteur-de-portail-domestique-et-industriel-leger\/","og_locale":"en_US","og_type":"article","og_title":"D5-Evo SMART \u2013 moteur de portail domestique et industriel l\u00e9ger","og_description":"D\u00e9couvrez le D5-EVO SMART, dot\u00e9 d\u2019une technologie prim\u00e9e et con\u00e7u pour am\u00e9liorer votre exp\u00e9rience en mati\u00e8re de s\u00e9curit\u00e9.","og_url":"https:\/\/www.centsys.com\/demo002\/d5-evo-smart-moteur-de-portail-domestique-et-industriel-leger\/","og_site_name":"Centurion Systems French","article_modified_time":"2025-09-15T21:43:38+00:00","twitter_card":"summary_large_image","twitter_misc":{"Est. reading time":"5 minutes"},"schema":{"@context":"https:\/\/schema.org","@graph":[{"@type":"WebPage","@id":"https:\/\/www.centsys.com\/demo002\/d5-evo-smart-moteur-de-portail-domestique-et-industriel-leger\/","url":"https:\/\/www.centsys.com\/demo002\/d5-evo-smart-moteur-de-portail-domestique-et-industriel-leger\/","name":"D5-Evo SMART - moteur de portail domestique - Centurion Systems","isPartOf":{"@id":"https:\/\/www.centsys.com\/demo002\/#website"},"datePublished":"2024-04-16T14:24:58+00:00","dateModified":"2025-09-15T21:43:38+00:00","description":"D\u00e9couvrez le D5-EVO SMART, dot\u00e9 d\u2019une technologie prim\u00e9e et con\u00e7u pour am\u00e9liorer votre exp\u00e9rience en mati\u00e8re de s\u00e9curit\u00e9.","breadcrumb":{"@id":"https:\/\/www.centsys.com\/demo002\/d5-evo-smart-moteur-de-portail-domestique-et-industriel-leger\/#breadcrumb"},"inLanguage":"en-ZA","potentialAction":[{"@type":"ReadAction","target":["https:\/\/www.centsys.com\/demo002\/d5-evo-smart-moteur-de-portail-domestique-et-industriel-leger\/"]}]},{"@type":"BreadcrumbList","@id":"https:\/\/www.centsys.com\/demo002\/d5-evo-smart-moteur-de-portail-domestique-et-industriel-leger\/#breadcrumb","itemListElement":[{"@type":"ListItem","position":1,"name":"ACCUEIL","item":"https:\/\/www.centsys.com\/demo002\/"},{"@type":"ListItem","position":2,"name":"D5-Evo SMART \u2013 moteur de portail domestique et industriel l\u00e9ger"}]},{"@type":"WebSite","@id":"https:\/\/www.centsys.com\/demo002\/#website","url":"https:\/\/www.centsys.com\/demo002\/","name":"Centurion Systems French","description":"Produits D\u2019automatisation D\u2019acc\u00e8s","potentialAction":[{"@type":"SearchAction","target":{"@type":"EntryPoint","urlTemplate":"https:\/\/www.centsys.com\/demo002\/?s={search_term_string}"},"query-input":{"@type":"PropertyValueSpecification","valueRequired":true,"valueName":"search_term_string"}}],"inLanguage":"en-ZA"}]}},"_links":{"self":[{"href":"https:\/\/www.centsys.com\/demo002\/wp-json\/wp\/v2\/pages\/25380","targetHints":{"allow":["GET"]}}],"collection":[{"href":"https:\/\/www.centsys.com\/demo002\/wp-json\/wp\/v2\/pages"}],"about":[{"href":"https:\/\/www.centsys.com\/demo002\/wp-json\/wp\/v2\/types\/page"}],"author":[{"embeddable":true,"href":"https:\/\/www.centsys.com\/demo002\/wp-json\/wp\/v2\/users\/2"}],"replies":[{"embeddable":true,"href":"https:\/\/www.centsys.com\/demo002\/wp-json\/wp\/v2\/comments?post=25380"}],"version-history":[{"count":0,"href":"https:\/\/www.centsys.com\/demo002\/wp-json\/wp\/v2\/pages\/25380\/revisions"}],"wp:attachment":[{"href":"https:\/\/www.centsys.com\/demo002\/wp-json\/wp\/v2\/media?parent=25380"}],"curies":[{"name":"wp","href":"https:\/\/api.w.org\/{rel}","templated":true}]}}