{"id":25437,"date":"2024-04-16T13:55:34","date_gmt":"2024-04-16T11:55:34","guid":{"rendered":"https:\/\/www.centsys.co.za\/?page_id=25437"},"modified":"2025-06-30T09:17:58","modified_gmt":"2025-06-30T07:17:58","slug":"le-bloc-dalimentation-smart","status":"publish","type":"page","link":"https:\/\/www.centsys.com\/demo002\/le-bloc-dalimentation-smart\/","title":{"rendered":"Le bloc d&#8217;alimentation SMART"},"content":{"rendered":"<p>[et_pb_section fb_built=&#8221;1&#8243; fullwidth=&#8221;on&#8221; _builder_version=&#8221;4.24.3&#8243; _module_preset=&#8221;default&#8221; global_colors_info=&#8221;{}&#8221;][et_pb_fullwidth_image src=&#8221;https:\/\/www.centsys.com\/demo002\/img\/Power Pack\/Le bloc d&#8217;alimentation CENTURION-SMART_Principal.jpg&#8221; alt=&#8221;Le bloc d&#8217;alimentation SMART_Header&#8221; title_text=&#8221;Le bloc d&#8217;alimentation SMART_Header&#8221; _builder_version=&#8221;4.25.0&#8243; _module_preset=&#8221;default&#8221; global_colors_info=&#8221;{}&#8221;][\/et_pb_fullwidth_image][\/et_pb_section][et_pb_section fb_built=&#8221;1&#8243; _builder_version=&#8221;4.24.3&#8243; _module_preset=&#8221;default&#8221; global_colors_info=&#8221;{}&#8221;][et_pb_row _builder_version=&#8221;4.24.3&#8243; _module_preset=&#8221;default&#8221; global_colors_info=&#8221;{}&#8221;][et_pb_column type=&#8221;4_4&#8243; _builder_version=&#8221;4.24.3&#8243; _module_preset=&#8221;default&#8221; global_colors_info=&#8221;{}&#8221;][et_pb_text _builder_version=&#8221;4.25.0&#8243; _module_preset=&#8221;default&#8221; global_colors_info=&#8221;{}&#8221;]<\/p>\n<h1><strong>Le bloc d\u2019alimentation SMART &#8211; Seulement l&#8217;\u00e9lectricit\u00e9 n\u00e9cessaire pour faire fonctionner le moteur SMART<\/strong><\/h1>\n<p>[\/et_pb_text][\/et_pb_column][\/et_pb_row][et_pb_row column_structure=&#8221;3_5,2_5&#8243; _builder_version=&#8221;4.24.3&#8243; _module_preset=&#8221;default&#8221; global_colors_info=&#8221;{}&#8221;][et_pb_column type=&#8221;3_5&#8243; _builder_version=&#8221;4.24.3&#8243; _module_preset=&#8221;default&#8221; global_colors_info=&#8221;{}&#8221;][et_pb_text _builder_version=&#8221;4.24.0&#8243; _module_preset=&#8221;default&#8221; global_colors_info=&#8221;{}&#8221;]<\/p>\n<p>Le <strong>bloc d&#8217;alimentation SMART<\/strong> de 24VCC a \u00e9t\u00e9 d\u00e9velopp\u00e9 pour compl\u00e9ter les moteurs de portails CENTURION de 24V. Il est id\u00e9al pour les sites tr\u00e8s fr\u00e9quent\u00e9s qui n\u00e9cessitent un cycle de fonctionnement plus \u00e9lev\u00e9 que celui des moteurs \u00e0 batterie, car le <strong>bloc d&#8217;alimentation SMART<\/strong> peut faire fonctionner un portail nominal directement \u00e0 partir du courant et, par cons\u00e9quent, il n&#8217;est pas n\u00e9cessaire de s&#8217;assurer que les batteries ont une capacit\u00e9 suffisante pour g\u00e9rer le cycle de fonctionnement plus \u00e9lev\u00e9 requis sur un site tr\u00e8s fr\u00e9quent\u00e9.<\/p>\n<p>Le <strong>bloc d&#8217;alimentation SMART<\/strong> est \u00e9galement parfaitement adapt\u00e9 aux sites o\u00f9 les batteries de secours sont peu importantes, soit parce que le courant est stable, soit parce que des solutions solaires ou des g\u00e9n\u00e9rateurs sont en place pour garantir une alimentation \u00e9lectrique ininterrompue au moteur.<\/p>\n<p>Pour plus de flexibilit\u00e9, le <strong>bloc d&#8217;alimentation SMART<\/strong> a l&#8217;option d&#8217;utiliser des batteries de secours dans les cas o\u00f9 l&#8217;alimentation \u00e9lectrique n&#8217;est pas stable. Cela permet un cycle de fonctionnement plus \u00e9lev\u00e9 lorsque l&#8217;alimentation \u00e9lectrique est pr\u00e9sente, mais \u00e9galement au portail de fonctionner en cas d&#8217;interruption de l&#8217;alimentation \u00e9lectrique.<\/p>\n<p>Le <strong>bloc d&#8217;alimentation SMART<\/strong> prend en charge des batteries de plus grande capacit\u00e9, dont le taux de charge peut \u00eatre configur\u00e9 sans effort \u00e0 l&#8217;aide de l&#8217;application mobile MyCentsys Pro.<\/p>\n<p>En plus de cela, le <strong>bloc d&#8217;alimentation SMART<\/strong> est dot\u00e9 d&#8217;un chargeur int\u00e9gr\u00e9, ce qui \u00e9vite l&#8217;achat d&#8217;une unit\u00e9 externe, r\u00e9duisant ainsi les co\u00fbts et augmentant la facilit\u00e9 et l&#8217;efficacit\u00e9 offertes par cette solution d&#8217;alimentation.<\/p>\n<p>[\/et_pb_text][et_pb_video src=&#8221;https:\/\/www.youtube.com\/watch?v=NWiPQ0JlSyY&#8221; _builder_version=&#8221;4.25.0&#8243; _module_preset=&#8221;default&#8221; global_colors_info=&#8221;{}&#8221;][\/et_pb_video][\/et_pb_column][et_pb_column type=&#8221;2_5&#8243; _builder_version=&#8221;4.24.3&#8243; _module_preset=&#8221;default&#8221; global_colors_info=&#8221;{}&#8221;][et_pb_image src=&#8221;https:\/\/www.centsys.com\/demo002\/img\/Power Pack\/Le bloc d&#8217;alimentation CENTURION-SMART_Logo.jpg&#8221; _builder_version=&#8221;4.25.0&#8243; _module_preset=&#8221;default&#8221; global_colors_info=&#8221;{}&#8221;][\/et_pb_image][et_pb_image src=&#8221;https:\/\/www.centsys.com\/demo002\/img\/Power Pack\/Le bloc d&#8217;alimentation CENTURION-SMART_Avant.jpg&#8221; _builder_version=&#8221;4.25.0&#8243; _module_preset=&#8221;default&#8221; global_colors_info=&#8221;{}&#8221;][\/et_pb_image][et_pb_button button_url=&#8221;https:\/\/www.centsys.com\/demo002\/pdf\/powerpack\/1401.D.01.0017%20PowerPack%20PSU%20Manual%20FR_25062025_AP_Web.pdf&#8221; url_new_window=&#8221;on&#8221; button_text=&#8221;MANUEL D&#8217;INSTALLATION&#8221; button_alignment=&#8221;center&#8221; _builder_version=&#8221;4.27.4&#8243; _module_preset=&#8221;default&#8221; hover_enabled=&#8221;0&#8243; global_colors_info=&#8221;{}&#8221; sticky_enabled=&#8221;0&#8243;][\/et_pb_button][\/et_pb_column][\/et_pb_row][\/et_pb_section][et_pb_section fb_built=&#8221;1&#8243; fullwidth=&#8221;on&#8221; admin_label=&#8221;THIS IS THE MID SECTION BANNER SITE WIDE&#8221; _builder_version=&#8221;4.27.4&#8243; _module_preset=&#8221;default&#8221; global_module=&#8221;25449&#8243; global_colors_info=&#8221;{}&#8221;][et_pb_fullwidth_image src=&#8221;https:\/\/www.centsys.com\/demo002\/img\/blog\/Centurion_Assistance%20technique%20WhatsApp_Pied%20de%20page%20Web.jpg&#8221; url=&#8221;https:\/\/www.centsys.com\/demo002\/ecrivez-bonjour-avec-notre-ligne-dassistance-technique-whatsapp\/&#8221; url_new_window=&#8221;on&#8221; admin_label=&#8221;FOOTER_SITE WIDE&#8221; _builder_version=&#8221;4.27.4&#8243; _module_preset=&#8221;default&#8221; global_colors_info=&#8221;{}&#8221;][\/et_pb_fullwidth_image][et_pb_fullwidth_header button_one_text=&#8221;Contactez-nous&#8221; button_one_url=&#8221;https:\/\/www.centsys.com\/demo002\/coordonnees\/&#8221; button_two_text=&#8221;Support Technique&#8221; button_two_url=&#8221;https:\/\/www.centsys.com\/demo002\/support-technique\/&#8221; disabled_on=&#8221;on|on|on&#8221; _builder_version=&#8221;4.27.0&#8243; _module_preset=&#8221;default&#8221; background_color=&#8221;#c1c1c1&#8243; custom_button_one=&#8221;on&#8221; button_one_text_color=&#8221;#FFFFFF&#8221; button_one_bg_color=&#8221;#999999&#8243; button_one_border_color=&#8221;#999999&#8243; custom_button_two=&#8221;on&#8221; button_two_text_color=&#8221;#FFFFFF&#8221; button_two_bg_color=&#8221;#999999&#8243; button_two_border_color=&#8221;#999999&#8243; custom_margin=&#8221;||-4px|||&#8221; custom_padding=&#8221;6px||17px|||&#8221; button_two_bg_color_tablet=&#8221;#999999&#8243; button_two_bg_color_phone=&#8221;#999999&#8243; button_two_bg_color_last_edited=&#8221;on|desktop&#8221; disabled=&#8221;on&#8221; global_colors_info=&#8221;{}&#8221; button_one_bg_color__hover_enabled=&#8221;on|desktop&#8221; button_one_bg_color__hover=&#8221;#81c341&#8243; button_one_bg_enable_color__hover=&#8221;on&#8221; button_one_border_color__hover_enabled=&#8221;on|hover&#8221; button_one_border_color__hover=&#8221;#81c341&#8243; button_two_bg_color__hover_enabled=&#8221;on|hover&#8221; button_two_bg_color__hover=&#8221;#81c341&#8243; button_two_bg_enable_color__hover=&#8221;on&#8221; button_two_border_color__hover_enabled=&#8221;on|hover&#8221; button_two_border_color__hover=&#8221;#81c341&#8243;][\/et_pb_fullwidth_header][\/et_pb_section]<\/p>\n","protected":false},"excerpt":{"rendered":"<p>Le bloc d\u2019alimentation SMART &#8211; Seulement l&#8217;\u00e9lectricit\u00e9 n\u00e9cessaire pour faire fonctionner le moteur SMARTLe bloc d&#8217;alimentation SMART de 24VCC a \u00e9t\u00e9 d\u00e9velopp\u00e9 pour compl\u00e9ter les moteurs de portails CENTURION de 24V. Il est id\u00e9al pour les sites tr\u00e8s fr\u00e9quent\u00e9s qui n\u00e9cessitent un cycle de fonctionnement plus \u00e9lev\u00e9 que celui des moteurs \u00e0 batterie, car le [&hellip;]<\/p>\n","protected":false},"author":2,"featured_media":0,"parent":0,"menu_order":0,"comment_status":"closed","ping_status":"closed","template":"","meta":{"_et_pb_use_builder":"on","_et_pb_old_content":"","_et_gb_content_width":"","_joinchat":[],"footnotes":""},"class_list":["post-25437","page","type-page","status-publish","hentry"],"yoast_head":"<!-- This site is optimized with the Yoast SEO Premium plugin v27.3 (Yoast SEO v27.4) - https:\/\/yoast.com\/product\/yoast-seo-premium-wordpress\/ -->\r\n<title>Le bloc d&#039;alimentation SMART - Centurion Systems<\/title>\r\n<meta name=\"description\" content=\"Le bloc d&#039;alimentation SMART est id\u00e9al pour les sites tr\u00e8s fr\u00e9quent\u00e9s qui n\u00e9cessitent un cycle de fonctionnement plus \u00e9lev\u00e9 que celui des moteurs \u00e0 batterie.\" \/>\r\n<meta name=\"robots\" content=\"index, follow, max-snippet:-1, max-image-preview:large, max-video-preview:-1\" \/>\r\n<link rel=\"canonical\" href=\"https:\/\/www.centsys.com\/demo002\/le-bloc-dalimentation-smart\/\" \/>\r\n<meta property=\"og:locale\" content=\"en_US\" \/>\r\n<meta property=\"og:type\" content=\"article\" \/>\r\n<meta property=\"og:title\" content=\"Le bloc d&#039;alimentation SMART\" \/>\r\n<meta property=\"og:description\" content=\"Le bloc d&#039;alimentation SMART est id\u00e9al pour les sites tr\u00e8s fr\u00e9quent\u00e9s qui n\u00e9cessitent un cycle de fonctionnement plus \u00e9lev\u00e9 que celui des moteurs \u00e0 batterie.\" \/>\r\n<meta property=\"og:url\" content=\"https:\/\/www.centsys.com\/demo002\/le-bloc-dalimentation-smart\/\" \/>\r\n<meta property=\"og:site_name\" content=\"Centurion Systems French\" \/>\r\n<meta property=\"article:modified_time\" content=\"2025-06-30T07:17:58+00:00\" \/>\r\n<meta name=\"twitter:card\" content=\"summary_large_image\" \/>\r\n<meta name=\"twitter:label1\" content=\"Est. reading time\" \/>\n\t<meta name=\"twitter:data1\" content=\"2 minutes\" \/>\r\n<script type=\"application\/ld+json\" class=\"yoast-schema-graph\">{\"@context\":\"https:\\\/\\\/schema.org\",\"@graph\":[{\"@type\":\"WebPage\",\"@id\":\"https:\\\/\\\/www.centsys.com\\\/demo002\\\/le-bloc-dalimentation-smart\\\/\",\"url\":\"https:\\\/\\\/www.centsys.com\\\/demo002\\\/le-bloc-dalimentation-smart\\\/\",\"name\":\"Le bloc d'alimentation SMART - Centurion Systems\",\"isPartOf\":{\"@id\":\"https:\\\/\\\/www.centsys.com\\\/demo002\\\/#website\"},\"datePublished\":\"2024-04-16T11:55:34+00:00\",\"dateModified\":\"2025-06-30T07:17:58+00:00\",\"description\":\"Le bloc d'alimentation SMART est id\u00e9al pour les sites tr\u00e8s fr\u00e9quent\u00e9s qui n\u00e9cessitent un cycle de fonctionnement plus \u00e9lev\u00e9 que celui des moteurs \u00e0 batterie.\",\"breadcrumb\":{\"@id\":\"https:\\\/\\\/www.centsys.com\\\/demo002\\\/le-bloc-dalimentation-smart\\\/#breadcrumb\"},\"inLanguage\":\"en-ZA\",\"potentialAction\":[{\"@type\":\"ReadAction\",\"target\":[\"https:\\\/\\\/www.centsys.com\\\/demo002\\\/le-bloc-dalimentation-smart\\\/\"]}]},{\"@type\":\"BreadcrumbList\",\"@id\":\"https:\\\/\\\/www.centsys.com\\\/demo002\\\/le-bloc-dalimentation-smart\\\/#breadcrumb\",\"itemListElement\":[{\"@type\":\"ListItem\",\"position\":1,\"name\":\"ACCUEIL\",\"item\":\"https:\\\/\\\/www.centsys.com\\\/demo002\\\/\"},{\"@type\":\"ListItem\",\"position\":2,\"name\":\"Le bloc d&#8217;alimentation SMART\"}]},{\"@type\":\"WebSite\",\"@id\":\"https:\\\/\\\/www.centsys.com\\\/demo002\\\/#website\",\"url\":\"https:\\\/\\\/www.centsys.com\\\/demo002\\\/\",\"name\":\"Centurion Systems French\",\"description\":\"Produits D\u2019automatisation D\u2019acc\u00e8s\",\"potentialAction\":[{\"@type\":\"SearchAction\",\"target\":{\"@type\":\"EntryPoint\",\"urlTemplate\":\"https:\\\/\\\/www.centsys.com\\\/demo002\\\/?s={search_term_string}\"},\"query-input\":{\"@type\":\"PropertyValueSpecification\",\"valueRequired\":true,\"valueName\":\"search_term_string\"}}],\"inLanguage\":\"en-ZA\"}]}<\/script>\r\n<!-- \/ Yoast SEO Premium plugin. -->","yoast_head_json":{"title":"Le bloc d'alimentation SMART - Centurion Systems","description":"Le bloc d'alimentation SMART est id\u00e9al pour les sites tr\u00e8s fr\u00e9quent\u00e9s qui n\u00e9cessitent un cycle de fonctionnement plus \u00e9lev\u00e9 que celui des moteurs \u00e0 batterie.","robots":{"index":"index","follow":"follow","max-snippet":"max-snippet:-1","max-image-preview":"max-image-preview:large","max-video-preview":"max-video-preview:-1"},"canonical":"https:\/\/www.centsys.com\/demo002\/le-bloc-dalimentation-smart\/","og_locale":"en_US","og_type":"article","og_title":"Le bloc d'alimentation SMART","og_description":"Le bloc d'alimentation SMART est id\u00e9al pour les sites tr\u00e8s fr\u00e9quent\u00e9s qui n\u00e9cessitent un cycle de fonctionnement plus \u00e9lev\u00e9 que celui des moteurs \u00e0 batterie.","og_url":"https:\/\/www.centsys.com\/demo002\/le-bloc-dalimentation-smart\/","og_site_name":"Centurion Systems French","article_modified_time":"2025-06-30T07:17:58+00:00","twitter_card":"summary_large_image","twitter_misc":{"Est. reading time":"2 minutes"},"schema":{"@context":"https:\/\/schema.org","@graph":[{"@type":"WebPage","@id":"https:\/\/www.centsys.com\/demo002\/le-bloc-dalimentation-smart\/","url":"https:\/\/www.centsys.com\/demo002\/le-bloc-dalimentation-smart\/","name":"Le bloc d'alimentation SMART - Centurion Systems","isPartOf":{"@id":"https:\/\/www.centsys.com\/demo002\/#website"},"datePublished":"2024-04-16T11:55:34+00:00","dateModified":"2025-06-30T07:17:58+00:00","description":"Le bloc d'alimentation SMART est id\u00e9al pour les sites tr\u00e8s fr\u00e9quent\u00e9s qui n\u00e9cessitent un cycle de fonctionnement plus \u00e9lev\u00e9 que celui des moteurs \u00e0 batterie.","breadcrumb":{"@id":"https:\/\/www.centsys.com\/demo002\/le-bloc-dalimentation-smart\/#breadcrumb"},"inLanguage":"en-ZA","potentialAction":[{"@type":"ReadAction","target":["https:\/\/www.centsys.com\/demo002\/le-bloc-dalimentation-smart\/"]}]},{"@type":"BreadcrumbList","@id":"https:\/\/www.centsys.com\/demo002\/le-bloc-dalimentation-smart\/#breadcrumb","itemListElement":[{"@type":"ListItem","position":1,"name":"ACCUEIL","item":"https:\/\/www.centsys.com\/demo002\/"},{"@type":"ListItem","position":2,"name":"Le bloc d&#8217;alimentation SMART"}]},{"@type":"WebSite","@id":"https:\/\/www.centsys.com\/demo002\/#website","url":"https:\/\/www.centsys.com\/demo002\/","name":"Centurion Systems French","description":"Produits D\u2019automatisation D\u2019acc\u00e8s","potentialAction":[{"@type":"SearchAction","target":{"@type":"EntryPoint","urlTemplate":"https:\/\/www.centsys.com\/demo002\/?s={search_term_string}"},"query-input":{"@type":"PropertyValueSpecification","valueRequired":true,"valueName":"search_term_string"}}],"inLanguage":"en-ZA"}]}},"_links":{"self":[{"href":"https:\/\/www.centsys.com\/demo002\/wp-json\/wp\/v2\/pages\/25437","targetHints":{"allow":["GET"]}}],"collection":[{"href":"https:\/\/www.centsys.com\/demo002\/wp-json\/wp\/v2\/pages"}],"about":[{"href":"https:\/\/www.centsys.com\/demo002\/wp-json\/wp\/v2\/types\/page"}],"author":[{"embeddable":true,"href":"https:\/\/www.centsys.com\/demo002\/wp-json\/wp\/v2\/users\/2"}],"replies":[{"embeddable":true,"href":"https:\/\/www.centsys.com\/demo002\/wp-json\/wp\/v2\/comments?post=25437"}],"version-history":[{"count":0,"href":"https:\/\/www.centsys.com\/demo002\/wp-json\/wp\/v2\/pages\/25437\/revisions"}],"wp:attachment":[{"href":"https:\/\/www.centsys.com\/demo002\/wp-json\/wp\/v2\/media?parent=25437"}],"curies":[{"name":"wp","href":"https:\/\/api.w.org\/{rel}","templated":true}]}}