{"id":25444,"date":"2024-04-16T14:52:40","date_gmt":"2024-04-16T12:52:40","guid":{"rendered":"https:\/\/www.centsys.co.za\/?page_id=25444"},"modified":"2025-03-05T16:20:03","modified_gmt":"2025-03-05T14:20:03","slug":"interphone-metallique-pour-portail","status":"publish","type":"page","link":"https:\/\/www.centsys.com\/demo002\/interphone-metallique-pour-portail\/","title":{"rendered":"Interphone m\u00e9tallique pour portail"},"content":{"rendered":"<p>[et_pb_section fb_built=&#8221;1&#8243; fullwidth=&#8221;on&#8221; _builder_version=&#8221;4.24.3&#8243; _module_preset=&#8221;default&#8221; global_colors_info=&#8221;{}&#8221;][et_pb_fullwidth_image src=&#8221;https:\/\/www.centsys.com\/demo002\/img\/Metal Gate Station\/l&#8217;interphone m\u00e9tallique pour portail CENTURION_Principal.jpg&#8221; _builder_version=&#8221;4.25.0&#8243; _module_preset=&#8221;default&#8221; global_colors_info=&#8221;{}&#8221;][\/et_pb_fullwidth_image][\/et_pb_section][et_pb_section fb_built=&#8221;1&#8243; _builder_version=&#8221;4.24.3&#8243; _module_preset=&#8221;default&#8221; global_colors_info=&#8221;{}&#8221;][et_pb_row column_structure=&#8221;3_5,2_5&#8243; _builder_version=&#8221;4.24.3&#8243; _module_preset=&#8221;default&#8221; global_colors_info=&#8221;{}&#8221;][et_pb_column type=&#8221;3_5&#8243; _builder_version=&#8221;4.24.3&#8243; _module_preset=&#8221;default&#8221; global_colors_info=&#8221;{}&#8221;][et_pb_text _builder_version=&#8221;4.27.4&#8243; _module_preset=&#8221;default&#8221; global_colors_info=&#8221;{}&#8221;]<\/p>\n<h1><strong>Dites &#8216;bonjour&#8217; au nouveau look de s\u00e9curit\u00e9 et de commodit\u00e9.<\/strong><\/h1>\n<p style=\"margin-bottom: 8.0pt; line-height: 150%;\"><span style=\"color: black;\">Il ne s\u2019agit pas que d\u2019un interphone m\u00e9tallique pour portail comme les autres &#8211; mais d\u2019un chef-d\u2019oeuvre con\u00e7u pour impressionner. Fabriqu\u00e9 en aluminium \u00e9pur\u00e9, aussi robuste que sophistiqu\u00e9, il r\u00e9siste \u00e0 toutes les conditions climatiques tout en apportant une touche d\u2019\u00e9l\u00e9gance moderne \u00e0 votre propri\u00e9t\u00e9. Oubliez les bo\u00eetiers en plastique &#8211; cet interphone m\u00e9tallique pour portail laisse une premi\u00e8re\u00a0impression inoubliable.<\/span><\/p>\n<p style=\"margin-bottom: 8.0pt; line-height: 150%;\"><span style=\"color: black;\">Mais la beaut\u00e9 ne se limite pas qu\u2019\u00e0 l\u2019apparence. Avec le G-SPEAK ULTRA, facilit\u00e9 et s\u00e9curit\u00e9 vont de pair. R\u00e9pondez aux appels de n\u2019importe o\u00f9 \u00e0 l\u2019aide de votre appareil cellulaire, autorisez l\u2019acc\u00e8s ou contr\u00f4lez les visiteurs \u00e0 distance. <\/span><\/p>\n<p style=\"margin-bottom: 8.0pt; line-height: 150%;\"><span style=\"color: black;\">Plus besoin d\u2019\u00eatre li\u00e9 \u00e0 un appareil physique. Pour une plus grande tranquillit\u00e9 d\u2019esprit, l\u2019interphone est dot\u00e9 de touches r\u00e9tro\u00e9clair\u00e9es pour une meilleure visibilit\u00e9 m\u00eame la nuit, assurant une utilisation ais\u00e9e dans toutes les conditions d\u2019\u00e9clairage.<\/span><\/p>\n<p style=\"margin-bottom: 8.0pt; line-height: 150%;\"><span style=\"color: black;\">Et pour une personnalisation ultime, l\u2019interphone m\u00e9tallique pour portail accompagne sans effort le potelet universel (vendu s\u00e9par\u00e9ment), apportant la touche finale parfaite au style unique de votre entr\u00e9e.<\/span><\/p>\n<p style=\"margin-bottom: 8.0pt; line-height: 150%;\"><span style=\"color: black;\">D\u00e9couvrez le prochain niveau de commodit\u00e9 et de s\u00e9curit\u00e9 de l\u2019interphone. Choisissez l\u2019interphone m\u00e9tallique d\u00e8s aujourd\u2019hui.<\/span><\/p>\n<p style=\"margin-bottom: 8.0pt; line-height: 150%;\"><span style=\"color: black;\"><strong>Veuillez noter que les mod\u00e8les \u00e0 un et deux boutons de l&#8217;interphone m\u00e9tallique sont compatibles avec les r\u00e9seaux 2G, 3G et 4G. L\u2019interphone m\u00e9tallique \u00e0 quatre boutons n\u2019est pour le moment compatible qu\u2019avec les r\u00e9seaux 4G.<\/strong>\u00a0<\/span><\/p>\n<p>&nbsp;<\/p>\n<p>[\/et_pb_text][et_pb_image src=&#8221;https:\/\/www.centsys.com\/demo002\/img\/Metal Gate Station\/l&#8217;interphone m\u00e9tallique pour portail CENTURION_img.jpg&#8221; _builder_version=&#8221;4.27.4&#8243; _module_preset=&#8221;default&#8221; global_colors_info=&#8221;{}&#8221;][\/et_pb_image][et_pb_video src=&#8221;https:\/\/www.youtube.com\/watch?v=zUR-E_vjrkQ&#8221; _builder_version=&#8221;4.25.0&#8243; _module_preset=&#8221;default&#8221; global_colors_info=&#8221;{}&#8221;][\/et_pb_video][\/et_pb_column][et_pb_column type=&#8221;2_5&#8243; _builder_version=&#8221;4.24.3&#8243; _module_preset=&#8221;default&#8221; global_colors_info=&#8221;{}&#8221;][et_pb_image src=&#8221;https:\/\/www.centsys.com\/demo002\/img\/Metal Gate Station\/l&#8217;interphone m\u00e9tallique pour portail CENTURION_Logo.jpg&#8221; _builder_version=&#8221;4.25.0&#8243; _module_preset=&#8221;default&#8221; global_colors_info=&#8221;{}&#8221;][\/et_pb_image][et_pb_image src=&#8221;https:\/\/www.centsys.com\/demo002\/img\/Metal Gate Station\/l&#8217;interphone m\u00e9tallique pour portail CENTURION_Avant.jpg&#8221; _builder_version=&#8221;4.25.0&#8243; _module_preset=&#8221;default&#8221; global_colors_info=&#8221;{}&#8221;][\/et_pb_image][et_pb_button button_url=&#8221;https:\/\/www.centsys.com\/demo002\/pdf\/metalgatestation\/1411.D.02.0004%20Metal%20Gate%20Station%20Brochure%20FR_03032025_AP_Web.pdf &#8221; url_new_window=&#8221;on&#8221; button_text=&#8221;BROCHURE&#8221; button_alignment=&#8221;center&#8221; _builder_version=&#8221;4.27.4&#8243; _module_preset=&#8221;default&#8221; hover_enabled=&#8221;0&#8243; global_colors_info=&#8221;{}&#8221; sticky_enabled=&#8221;0&#8243;][\/et_pb_button][et_pb_button button_url=&#8221;https:\/\/www.centsys.com\/demo002\/pdf\/metalgatestation\/1411.D.01.0003%20Metal%20Gate%20Station%20Installation%20Manual%20FR_25022025_AP_Web_App.pdf&#8221; url_new_window=&#8221;on&#8221; button_text=&#8221;MANUEL D&#8217;INSTALLATION&#8221; button_alignment=&#8221;center&#8221; _builder_version=&#8221;4.27.4&#8243; _module_preset=&#8221;default&#8221; global_colors_info=&#8221;{}&#8221;][\/et_pb_button][\/et_pb_column][\/et_pb_row][\/et_pb_section][et_pb_section fb_built=&#8221;1&#8243; fullwidth=&#8221;on&#8221; admin_label=&#8221;THIS IS THE MID SECTION BANNER SITE WIDE&#8221; _builder_version=&#8221;4.27.4&#8243; _module_preset=&#8221;default&#8221; global_module=&#8221;25449&#8243; global_colors_info=&#8221;{}&#8221;][et_pb_fullwidth_image src=&#8221;https:\/\/www.centsys.com\/demo002\/img\/blog\/Centurion_Assistance%20technique%20WhatsApp_Pied%20de%20page%20Web.jpg&#8221; url=&#8221;https:\/\/www.centsys.com\/demo002\/ecrivez-bonjour-avec-notre-ligne-dassistance-technique-whatsapp\/&#8221; url_new_window=&#8221;on&#8221; admin_label=&#8221;FOOTER_SITE WIDE&#8221; _builder_version=&#8221;4.27.2&#8243; _module_preset=&#8221;default&#8221; global_colors_info=&#8221;{}&#8221;][\/et_pb_fullwidth_image][et_pb_fullwidth_header button_one_text=&#8221;Contactez-nous&#8221; button_one_url=&#8221;https:\/\/www.centsys.com\/demo002\/coordonnees\/&#8221; button_two_text=&#8221;Support Technique&#8221; button_two_url=&#8221;https:\/\/www.centsys.com\/demo002\/support-technique\/&#8221; disabled_on=&#8221;on|on|on&#8221; _builder_version=&#8221;4.27.0&#8243; _module_preset=&#8221;default&#8221; background_color=&#8221;#c1c1c1&#8243; custom_button_one=&#8221;on&#8221; button_one_text_color=&#8221;#FFFFFF&#8221; button_one_bg_color=&#8221;#999999&#8243; button_one_border_color=&#8221;#999999&#8243; custom_button_two=&#8221;on&#8221; button_two_text_color=&#8221;#FFFFFF&#8221; button_two_bg_color=&#8221;#999999&#8243; button_two_border_color=&#8221;#999999&#8243; custom_margin=&#8221;||-4px|||&#8221; custom_padding=&#8221;6px||17px|||&#8221; button_two_bg_color_tablet=&#8221;#999999&#8243; button_two_bg_color_phone=&#8221;#999999&#8243; button_two_bg_color_last_edited=&#8221;on|desktop&#8221; disabled=&#8221;on&#8221; global_colors_info=&#8221;{}&#8221; button_one_bg_color__hover_enabled=&#8221;on|desktop&#8221; button_one_bg_color__hover=&#8221;#81c341&#8243; button_one_bg_enable_color__hover=&#8221;on&#8221; button_one_border_color__hover_enabled=&#8221;on|hover&#8221; button_one_border_color__hover=&#8221;#81c341&#8243; button_two_bg_color__hover_enabled=&#8221;on|hover&#8221; button_two_bg_color__hover=&#8221;#81c341&#8243; button_two_bg_enable_color__hover=&#8221;on&#8221; button_two_border_color__hover_enabled=&#8221;on|hover&#8221; button_two_border_color__hover=&#8221;#81c341&#8243;][\/et_pb_fullwidth_header][\/et_pb_section]<\/p>\n","protected":false},"excerpt":{"rendered":"<p>Dites &#8216;bonjour&#8217; au nouveau look de s\u00e9curit\u00e9 et de commodit\u00e9. Il ne s\u2019agit pas que d\u2019un interphone m\u00e9tallique pour portail comme les autres &#8211; mais d\u2019un chef-d\u2019oeuvre con\u00e7u pour impressionner. Fabriqu\u00e9 en aluminium \u00e9pur\u00e9, aussi robuste que sophistiqu\u00e9, il r\u00e9siste \u00e0 toutes les conditions climatiques tout en apportant une touche d\u2019\u00e9l\u00e9gance moderne \u00e0 votre propri\u00e9t\u00e9. [&hellip;]<\/p>\n","protected":false},"author":2,"featured_media":0,"parent":0,"menu_order":0,"comment_status":"closed","ping_status":"closed","template":"","meta":{"_et_pb_use_builder":"on","_et_pb_old_content":"","_et_gb_content_width":"","_joinchat":[],"footnotes":""},"class_list":["post-25444","page","type-page","status-publish","hentry"],"yoast_head":"<!-- This site is optimized with the Yoast SEO Premium plugin v27.3 (Yoast SEO v27.4) - https:\/\/yoast.com\/product\/yoast-seo-premium-wordpress\/ -->\r\n<title>Interphone m\u00e9tallique pour portail - Centurion Systems<\/title>\r\n<meta name=\"description\" content=\"Fabriqu\u00e9 en aluminium \u00e9pur\u00e9, aussi robuste que sophistiqu\u00e9, ilr\u00e9siste \u00e0 toutes les conditions climatiques tout en apportant unetouche d\u2019\u00e9l\u00e9gance moderne \u00e0 votre propri\u00e9t\u00e9.\" \/>\r\n<meta name=\"robots\" content=\"index, follow, max-snippet:-1, max-image-preview:large, max-video-preview:-1\" \/>\r\n<link rel=\"canonical\" href=\"https:\/\/www.centsys.com\/demo002\/interphone-metallique-pour-portail\/\" \/>\r\n<meta property=\"og:locale\" content=\"en_US\" \/>\r\n<meta property=\"og:type\" content=\"article\" \/>\r\n<meta property=\"og:title\" content=\"Interphone m\u00e9tallique pour portail\" \/>\r\n<meta property=\"og:description\" content=\"Fabriqu\u00e9 en aluminium \u00e9pur\u00e9, aussi robuste que sophistiqu\u00e9, ilr\u00e9siste \u00e0 toutes les conditions climatiques tout en apportant unetouche d\u2019\u00e9l\u00e9gance moderne \u00e0 votre propri\u00e9t\u00e9.\" \/>\r\n<meta property=\"og:url\" content=\"https:\/\/www.centsys.com\/demo002\/interphone-metallique-pour-portail\/\" \/>\r\n<meta property=\"og:site_name\" content=\"Centurion Systems French\" \/>\r\n<meta property=\"article:modified_time\" content=\"2025-03-05T14:20:03+00:00\" \/>\r\n<meta name=\"twitter:card\" content=\"summary_large_image\" \/>\r\n<meta name=\"twitter:label1\" content=\"Est. reading time\" \/>\n\t<meta name=\"twitter:data1\" content=\"2 minutes\" \/>\r\n<script type=\"application\/ld+json\" class=\"yoast-schema-graph\">{\"@context\":\"https:\\\/\\\/schema.org\",\"@graph\":[{\"@type\":\"WebPage\",\"@id\":\"https:\\\/\\\/www.centsys.com\\\/demo002\\\/interphone-metallique-pour-portail\\\/\",\"url\":\"https:\\\/\\\/www.centsys.com\\\/demo002\\\/interphone-metallique-pour-portail\\\/\",\"name\":\"Interphone m\u00e9tallique pour portail - Centurion Systems\",\"isPartOf\":{\"@id\":\"https:\\\/\\\/www.centsys.com\\\/demo002\\\/#website\"},\"datePublished\":\"2024-04-16T12:52:40+00:00\",\"dateModified\":\"2025-03-05T14:20:03+00:00\",\"description\":\"Fabriqu\u00e9 en aluminium \u00e9pur\u00e9, aussi robuste que sophistiqu\u00e9, ilr\u00e9siste \u00e0 toutes les conditions climatiques tout en apportant unetouche d\u2019\u00e9l\u00e9gance moderne \u00e0 votre propri\u00e9t\u00e9.\",\"breadcrumb\":{\"@id\":\"https:\\\/\\\/www.centsys.com\\\/demo002\\\/interphone-metallique-pour-portail\\\/#breadcrumb\"},\"inLanguage\":\"en-ZA\",\"potentialAction\":[{\"@type\":\"ReadAction\",\"target\":[\"https:\\\/\\\/www.centsys.com\\\/demo002\\\/interphone-metallique-pour-portail\\\/\"]}]},{\"@type\":\"BreadcrumbList\",\"@id\":\"https:\\\/\\\/www.centsys.com\\\/demo002\\\/interphone-metallique-pour-portail\\\/#breadcrumb\",\"itemListElement\":[{\"@type\":\"ListItem\",\"position\":1,\"name\":\"ACCUEIL\",\"item\":\"https:\\\/\\\/www.centsys.com\\\/demo002\\\/\"},{\"@type\":\"ListItem\",\"position\":2,\"name\":\"Interphone m\u00e9tallique pour portail\"}]},{\"@type\":\"WebSite\",\"@id\":\"https:\\\/\\\/www.centsys.com\\\/demo002\\\/#website\",\"url\":\"https:\\\/\\\/www.centsys.com\\\/demo002\\\/\",\"name\":\"Centurion Systems French\",\"description\":\"Produits D\u2019automatisation D\u2019acc\u00e8s\",\"potentialAction\":[{\"@type\":\"SearchAction\",\"target\":{\"@type\":\"EntryPoint\",\"urlTemplate\":\"https:\\\/\\\/www.centsys.com\\\/demo002\\\/?s={search_term_string}\"},\"query-input\":{\"@type\":\"PropertyValueSpecification\",\"valueRequired\":true,\"valueName\":\"search_term_string\"}}],\"inLanguage\":\"en-ZA\"}]}<\/script>\r\n<!-- \/ Yoast SEO Premium plugin. -->","yoast_head_json":{"title":"Interphone m\u00e9tallique pour portail - Centurion Systems","description":"Fabriqu\u00e9 en aluminium \u00e9pur\u00e9, aussi robuste que sophistiqu\u00e9, ilr\u00e9siste \u00e0 toutes les conditions climatiques tout en apportant unetouche d\u2019\u00e9l\u00e9gance moderne \u00e0 votre propri\u00e9t\u00e9.","robots":{"index":"index","follow":"follow","max-snippet":"max-snippet:-1","max-image-preview":"max-image-preview:large","max-video-preview":"max-video-preview:-1"},"canonical":"https:\/\/www.centsys.com\/demo002\/interphone-metallique-pour-portail\/","og_locale":"en_US","og_type":"article","og_title":"Interphone m\u00e9tallique pour portail","og_description":"Fabriqu\u00e9 en aluminium \u00e9pur\u00e9, aussi robuste que sophistiqu\u00e9, ilr\u00e9siste \u00e0 toutes les conditions climatiques tout en apportant unetouche d\u2019\u00e9l\u00e9gance moderne \u00e0 votre propri\u00e9t\u00e9.","og_url":"https:\/\/www.centsys.com\/demo002\/interphone-metallique-pour-portail\/","og_site_name":"Centurion Systems French","article_modified_time":"2025-03-05T14:20:03+00:00","twitter_card":"summary_large_image","twitter_misc":{"Est. reading time":"2 minutes"},"schema":{"@context":"https:\/\/schema.org","@graph":[{"@type":"WebPage","@id":"https:\/\/www.centsys.com\/demo002\/interphone-metallique-pour-portail\/","url":"https:\/\/www.centsys.com\/demo002\/interphone-metallique-pour-portail\/","name":"Interphone m\u00e9tallique pour portail - Centurion Systems","isPartOf":{"@id":"https:\/\/www.centsys.com\/demo002\/#website"},"datePublished":"2024-04-16T12:52:40+00:00","dateModified":"2025-03-05T14:20:03+00:00","description":"Fabriqu\u00e9 en aluminium \u00e9pur\u00e9, aussi robuste que sophistiqu\u00e9, ilr\u00e9siste \u00e0 toutes les conditions climatiques tout en apportant unetouche d\u2019\u00e9l\u00e9gance moderne \u00e0 votre propri\u00e9t\u00e9.","breadcrumb":{"@id":"https:\/\/www.centsys.com\/demo002\/interphone-metallique-pour-portail\/#breadcrumb"},"inLanguage":"en-ZA","potentialAction":[{"@type":"ReadAction","target":["https:\/\/www.centsys.com\/demo002\/interphone-metallique-pour-portail\/"]}]},{"@type":"BreadcrumbList","@id":"https:\/\/www.centsys.com\/demo002\/interphone-metallique-pour-portail\/#breadcrumb","itemListElement":[{"@type":"ListItem","position":1,"name":"ACCUEIL","item":"https:\/\/www.centsys.com\/demo002\/"},{"@type":"ListItem","position":2,"name":"Interphone m\u00e9tallique pour portail"}]},{"@type":"WebSite","@id":"https:\/\/www.centsys.com\/demo002\/#website","url":"https:\/\/www.centsys.com\/demo002\/","name":"Centurion Systems French","description":"Produits D\u2019automatisation D\u2019acc\u00e8s","potentialAction":[{"@type":"SearchAction","target":{"@type":"EntryPoint","urlTemplate":"https:\/\/www.centsys.com\/demo002\/?s={search_term_string}"},"query-input":{"@type":"PropertyValueSpecification","valueRequired":true,"valueName":"search_term_string"}}],"inLanguage":"en-ZA"}]}},"_links":{"self":[{"href":"https:\/\/www.centsys.com\/demo002\/wp-json\/wp\/v2\/pages\/25444","targetHints":{"allow":["GET"]}}],"collection":[{"href":"https:\/\/www.centsys.com\/demo002\/wp-json\/wp\/v2\/pages"}],"about":[{"href":"https:\/\/www.centsys.com\/demo002\/wp-json\/wp\/v2\/types\/page"}],"author":[{"embeddable":true,"href":"https:\/\/www.centsys.com\/demo002\/wp-json\/wp\/v2\/users\/2"}],"replies":[{"embeddable":true,"href":"https:\/\/www.centsys.com\/demo002\/wp-json\/wp\/v2\/comments?post=25444"}],"version-history":[{"count":0,"href":"https:\/\/www.centsys.com\/demo002\/wp-json\/wp\/v2\/pages\/25444\/revisions"}],"wp:attachment":[{"href":"https:\/\/www.centsys.com\/demo002\/wp-json\/wp\/v2\/media?parent=25444"}],"curies":[{"name":"wp","href":"https:\/\/api.w.org\/{rel}","templated":true}]}}