{"id":25478,"date":"2024-04-16T16:26:54","date_gmt":"2024-04-16T14:26:54","guid":{"rendered":"https:\/\/www.centsys.co.za\/?page_id=25373"},"modified":"2025-09-15T23:37:48","modified_gmt":"2025-09-15T21:37:48","slug":"d3-smart-moteur-de-portail-intelligent-pour-les-maisons","status":"publish","type":"page","link":"https:\/\/www.centsys.com\/demo002\/d3-smart-moteur-de-portail-intelligent-pour-les-maisons\/","title":{"rendered":"D3 SMART \u2013 Moteur de portail intelligent pour les maisons"},"content":{"rendered":"<p>[et_pb_section fb_built=&#8221;1&#8243; fullwidth=&#8221;on&#8221; _builder_version=&#8221;4.24.3&#8243; _module_preset=&#8221;default&#8221; global_colors_info=&#8221;{}&#8221;][et_pb_fullwidth_image src=&#8221;https:\/\/www.centsys.com\/demo002\/img\/D3%20SMART\/Moteur%20de%20portail%20coulissant%20CENTURION%20D3%20SMART_Principal.jpg&#8221; _builder_version=&#8221;4.25.0&#8243; _module_preset=&#8221;default&#8221; global_colors_info=&#8221;{}&#8221;][\/et_pb_fullwidth_image][\/et_pb_section][et_pb_section fb_built=&#8221;1&#8243; _builder_version=&#8221;4.24.3&#8243; _module_preset=&#8221;default&#8221; global_colors_info=&#8221;{}&#8221;][et_pb_row _builder_version=&#8221;4.24.3&#8243; _module_preset=&#8221;default&#8221; global_colors_info=&#8221;{}&#8221;][et_pb_column type=&#8221;4_4&#8243; _builder_version=&#8221;4.24.3&#8243; _module_preset=&#8221;default&#8221; global_colors_info=&#8221;{}&#8221;][et_pb_text _builder_version=&#8221;4.25.0&#8243; _module_preset=&#8221;default&#8221; global_colors_info=&#8221;{}&#8221;]<\/p>\n<h1><strong>Le moteur de portail D3 SMART : SMART s\u00e9curit\u00e9 pour les maisons modernes.<\/strong><\/h1>\n<p>[\/et_pb_text][et_pb_image src=&#8221;https:\/\/www.centsys.com\/demo002\/img\/D3 SMART\/Moteur de portail coulissant CENTURION D3 SMART_IMG.jpg&#8221; _builder_version=&#8221;4.25.0&#8243; _module_preset=&#8221;default&#8221; global_colors_info=&#8221;{}&#8221;][\/et_pb_image][\/et_pb_column][\/et_pb_row][et_pb_row column_structure=&#8221;3_5,2_5&#8243; _builder_version=&#8221;4.24.3&#8243; _module_preset=&#8221;default&#8221; global_colors_info=&#8221;{}&#8221;][et_pb_column type=&#8221;3_5&#8243; _builder_version=&#8221;4.24.3&#8243; _module_preset=&#8221;default&#8221; global_colors_info=&#8221;{}&#8221;][et_pb_text _builder_version=&#8221;4.25.0&#8243; _module_preset=&#8221;default&#8221; global_colors_info=&#8221;{}&#8221;]<\/p>\n<h3><strong>Au-del\u00e0 des bases &#8211; L&#8217;Innovation au Service de Chaque Entr\u00e9e<\/strong><\/h3>\n<p>D\u00e9couvrez le <strong>D3 SM<\/strong><strong>A<\/strong><strong>RT<\/strong>, un moteur de portails qui incarne la philosophie selon laquelle la <strong>simplicit\u00e9 est le summum de la sophistication<\/strong>. Cette solution offre des performances de premier ordre et des fonctionnalit\u00e9s intelligentes \u00e0 un prix accessible, rendant ainsi l&#8217;automatisation s\u00e9curis\u00e9e et fiable des portails accessible \u00e0 tous &#8211; le D3 SMART a \u00e9t\u00e9 con\u00e7u pour des portails pesant jusqu&#8217;\u00e0 300kg.\u00a0<\/p>\n<p>Le D3 SMART est dot\u00e9 de fonctionnalit\u00e9s avanc\u00e9es, mais intuitives et conviviales, pour vous faciliter la vie. Contr\u00f4lez sans effort votre portail avec l&#8217;application pour smartphone MyCentsys Remote, recevez un retour de diagnostic avanc\u00e9 pour une tranquillit\u00e9 d&#8217;esprit ultime et profitez d&#8217;une technologie fiable aliment\u00e9e par batterie qui r\u00e9siste aux pannes de courant.<\/p>\n<p><strong>Facile \u00e0 installer, riche en fonctionnalit\u00e9s et soucieux de votre budget, D3 SMART est le choix le plus intelligent pour votre maison.<\/strong><\/p>\n<p><strong>Voici pourquoi vous allez adorer le D3 SMART :<\/strong><\/p>\n<ul>\n<li><strong>Rapidit\u00e9 et S\u00e9curit\u00e9: <\/strong>Ouvrez votre portail en un clin d&#8217;\u0153il et tenez les visiteurs ind\u00e9sirables \u00e0 distance<\/li>\n<li><strong>Contr\u00f4le intelligent: <\/strong>G\u00e9rez votre portail avec un maximum de facilit\u00e9 et de flexibilit\u00e9 gr\u00e2ce \u00e0 l&#8217;application conviviale pour smartphone<\/li>\n<li><strong>Installation facile: <\/strong>Le design \u00e0 la pointe de l&#8217;industrie permet aux installateurs d&#8217;\u00e9conomiser du temps et des efforts<\/li>\n<li><strong>Performance fiable: <\/strong>Ne manquez jamais rien gr\u00e2ce \u00e0 une technologie fiable aliment\u00e9e par batterie<\/li>\n<li><strong>Fonctionnalit\u00e9s intelligentes: <\/strong>Des alertes, des notifications et des rapports avanc\u00e9s vous permettent d&#8217;\u00eatre inform\u00e9 et de contr\u00f4ler la situation<\/li>\n<li><strong>Tranquillit\u00e9 d&#8217;esprit: <\/strong>Profitez d&#8217;une s\u00e9curit\u00e9 exceptionnelle gr\u00e2ce \u00e0 la cage antivol am\u00e9lior\u00e9e<\/li>\n<li><strong>Mise en service et fonctionnement faciles: <\/strong>Configuration sans effort sur smartphone et d\u00e9clenchement manuel en une seule action<\/li>\n<li><strong>S\u00e9curit\u00e9 sans fil et sans effort: <\/strong>Compatible avec les faisceaux Photon SMART pour une exp\u00e9rience sans fil compl\u00e8te<\/li>\n<\/ul>\n<p>Am\u00e9liorez votre s\u00e9curit\u00e9 sans trop d&#8217;efforts. Choisissez le moteur de portails <strong>D3 SMART<\/strong>, le choix intelligent pour chaque maison.<\/p>\n<p>[\/et_pb_text][et_pb_video src=&#8221;https:\/\/www.youtube.com\/watch?v=VyCTHKHk6NQ&#8221; _builder_version=&#8221;4.25.0&#8243; _module_preset=&#8221;default&#8221; global_colors_info=&#8221;{}&#8221;][\/et_pb_video][\/et_pb_column][et_pb_column type=&#8221;2_5&#8243; _builder_version=&#8221;4.24.3&#8243; _module_preset=&#8221;default&#8221; global_colors_info=&#8221;{}&#8221;][et_pb_image src=&#8221;https:\/\/www.centsys.com\/demo002\/img\/D3 SMART\/Centurion-Systems-D3-SMART-Logo.jpg&#8221; _builder_version=&#8221;4.25.0&#8243; _module_preset=&#8221;default&#8221; global_colors_info=&#8221;{}&#8221;][\/et_pb_image][et_pb_image src=&#8221;https:\/\/www.centsys.com\/demo002\/img\/D3 SMART\/Centurion-Systems-D3 SMART_Avant.jpg&#8221; _builder_version=&#8221;4.25.0&#8243; _module_preset=&#8221;default&#8221; global_colors_info=&#8221;{}&#8221;][\/et_pb_image][et_pb_code disabled_on=&#8221;off|off|off&#8221; _builder_version=&#8221;4.27.4&#8243; _module_preset=&#8221;default&#8221; hover_enabled=&#8221;0&#8243; global_colors_info=&#8221;{}&#8221; sticky_enabled=&#8221;0&#8243;]<\/p>\n<table border=\"0\" width=\"330\"><!-- [et_pb_line_break_holder] --><\/p>\n<tbody><!-- [et_pb_line_break_holder] --><\/p>\n<tr><!-- [et_pb_line_break_holder] --><\/p>\n<td><img decoding=\"async\" src=\"https:\/\/www.centsys.com\/demo002\/img\/D-SERIES SMART\/DSERIES_FranceFlagPDF_img.jpg\" \/><\/td>\n<p><!-- [et_pb_line_break_holder] --><\/p>\n<td><a href=\"https:\/\/www.centsys.com\/demo002\/pdf\/d3smart\/1410.D.02.0002%20D3S%20D5ES%20Brochure%20FRENCH_15052024_MT_Web.pdf\">D3 SMART Brochure (848KB)<\/a><\/td>\n<p><!-- [et_pb_line_break_holder] --><\/tr>\n<p><!-- [et_pb_line_break_holder] --><!-- [et_pb_line_break_holder] --><\/p>\n<tr><!-- [et_pb_line_break_holder] --><\/p>\n<td><img decoding=\"async\" src=\"https:\/\/www.centsys.com\/demo002\/img\/D-SERIES SMART\/DSERIES_FranceFlagPDF_img.jpg\" \/><\/td>\n<p><!-- [et_pb_line_break_holder] --><\/p>\n<td><a href=\"https:\/\/www.centsys.com\/demo002\/pdf\/d3smart\/1402.D.01.0002_D3%20Smart%20Installation%20Manual%20FR_10032025_AP_Web.pdf\">D3 SMART Manuel d&#8217;installation (5.8MB)<\/a><\/td>\n<p><!-- [et_pb_line_break_holder] --><\/tr>\n<p><!-- [et_pb_line_break_holder] --> <!-- [et_pb_line_break_holder] --><\/p>\n<tr><!-- [et_pb_line_break_holder] --><\/p>\n<td><img decoding=\"async\" src=\"https:\/\/www.centsys.com\/demo002\/img\/D-SERIES SMART\/DSERIES_FranceFlagPDF_img.jpg\" \/><\/td>\n<p><!-- [et_pb_line_break_holder] --><\/p>\n<td><a href=\"https:\/\/www.centsys.com\/demo002\/pdf\/theftcage\/1401.D.01.0016%20D3S%20D5ES%20D6S%20Theft-Deterrent%20Cage%20FRENCH_17072024_MT_Web.pdf\">Manuel d\u2019installation de la cage de dissuasion du D3 SMART (1.12MB)<\/a><\/td>\n<p><!-- [et_pb_line_break_holder] --><\/tr>\n<p>  <!-- [et_pb_line_break_holder] -->  <!-- [et_pb_line_break_holder] --><\/p>\n<tr><!-- [et_pb_line_break_holder] --><\/p>\n<td><img decoding=\"async\" src=\"https:\/\/www.centsys.com\/demo002\/img\/D-SERIES SMART\/DSERIES_FranceFlagPDF_img.jpg\" \/><\/td>\n<p><!-- [et_pb_line_break_holder] --><\/p>\n<td><a href=\"https:\/\/www.centsys.com\/demo002\/pdf\/rdod\/1401.D.01.0024%20SMART%20Origin%20Marker%20Pamphlet%20FRENCH_13112024_MT_Web.pdf\">Guide pratique du capteur d\u2019origine et du marqueur d\u2019origine SMART (613KB)<\/a><\/td>\n<p><!-- [et_pb_line_break_holder] --><\/tr>\n<p>  <!-- [et_pb_line_break_holder] -->  <!-- [et_pb_line_break_holder] -->  <\/p>\n<tr><!-- [et_pb_line_break_holder] --><\/p>\n<td><img decoding=\"async\" src=\"https:\/\/www.centsys.com\/demo002\/img\/D-SERIES SMART\/DSERIES_FranceFlagPDF_img.jpg\" \/><\/td>\n<p><!-- [et_pb_line_break_holder] --><\/p>\n<td><a href=\"https:\/\/www.centsys.com\/demo002\/pdf\/antilift\/0000.D.02.0009%20Anti-lift%20Brackets%20Brochure%20FR%2019082025_AP_Web.pdf\">CENTURION supports anti-soul\u00e8vement \u2013 Brochure (199KB)<\/a><\/td>\n<p><!-- [et_pb_line_break_holder] --><\/tr>\n<p> <!-- [et_pb_line_break_holder] -->  <!-- [et_pb_line_break_holder] -->   <\/p>\n<tr><!-- [et_pb_line_break_holder] --><\/p>\n<td><img decoding=\"async\" src=\"https:\/\/www.centsys.com\/demo002\/img\/D-SERIES SMART\/DSERIES_FranceFlagPDF_img.jpg\" \/><\/td>\n<p><!-- [et_pb_line_break_holder] --><\/p>\n<td><a href=\"https:\/\/www.centsys.com\/demo002\/pdf\/antilift\/0000.D.01.0015%20Anti-lift%20Brackets%20Installation%20Manual%20FR%2019082025_AP_Web_App.pdf\">CENTURION supports anti-soul\u00e8vement \u2013 Manuel d&#8217;installation (4.00MB)<\/a><\/td>\n<p><!-- [et_pb_line_break_holder] --><\/tr>\n<p> <!-- [et_pb_line_break_holder] -->  <!-- [et_pb_line_break_holder] --><\/tbody>\n<p><!-- [et_pb_line_break_holder] --><\/table>\n<p>[\/et_pb_code][\/et_pb_column][\/et_pb_row][\/et_pb_section][et_pb_section fb_built=&#8221;1&#8243; _builder_version=&#8221;4.24.3&#8243; _module_preset=&#8221;default&#8221; global_colors_info=&#8221;{}&#8221;][et_pb_row _builder_version=&#8221;4.24.3&#8243; _module_preset=&#8221;default&#8221; global_colors_info=&#8221;{}&#8221;][et_pb_column type=&#8221;4_4&#8243; _builder_version=&#8221;4.24.3&#8243; _module_preset=&#8221;default&#8221; global_colors_info=&#8221;{}&#8221;][et_pb_text _builder_version=&#8221;4.24.0&#8243; _module_preset=&#8221;default&#8221; global_colors_info=&#8221;{}&#8221;]<\/p>\n<div id=\"footable_parent_25483\"\n         class=\" footable_parent ninja_table_wrapper loading_ninja_table wp_table_data_press_parent semantic_ui \">\n                <table data-ninja_table_instance=\"ninja_table_instance_0\" data-footable_id=\"25483\" data-filter-delay=\"1000\" aria-label=\"D3 SMART (Table 1)\"            id=\"footable_25483\"\n           data-unique_identifier=\"ninja_table_unique_id_1700275875_25483\"\n           class=\" foo-table ninja_footable foo_table_25483 ninja_table_unique_id_1700275875_25483 ui table  ninja_search_right nt_type_ajax_table selectable striped vertical_centered  footable-paging-right ninja_table_search_disabled\">\n                <colgroup>\n                            <col class=\"ninja_column_0 \">\n                            <col class=\"ninja_column_1 \">\n                    <\/colgroup>\n            <\/table>\n    \n    \n    \n<\/div>\n\n<p>Cet \u00e9quipement est conforme aux exigences en mati\u00e8re d&#8217;\u00e9missions rayonn\u00e9es de la norme EN 55032 \/ CISPR 32 pour les appareils de classe B, qui vise \u00e0 offrir une protection ad\u00e9quate aux services de radiodiffusion dans l&#8217;environnement r\u00e9sidentiel.<\/p>\n<p><strong><br \/><\/strong><\/p>\n<div id=\"footable_parent_25486\"\n         class=\" footable_parent ninja_table_wrapper loading_ninja_table wp_table_data_press_parent semantic_ui \">\n                <table data-ninja_table_instance=\"ninja_table_instance_1\" data-footable_id=\"25486\" data-filter-delay=\"1000\" aria-label=\"D3 SMART (Table 2)\"            id=\"footable_25486\"\n           data-unique_identifier=\"ninja_table_unique_id_203321923_25486\"\n           class=\" foo-table ninja_footable foo_table_25486 ninja_table_unique_id_203321923_25486 ui table  nt_type_ajax_table selectable striped vertical_centered  footable-paging-right ninja_table_search_disabled\">\n                <colgroup>\n                            <col class=\"ninja_column_0 \">\n                            <col class=\"ninja_column_1 \">\n                    <\/colgroup>\n            <\/table>\n    \n    \n    \n<\/div>\n\n<p>1. Peut fonctionner avec une alimentation solaire, consultez votre revendeur local pour obtenir de l&#8217;aid<br \/>2. Bas\u00e9 sur une temp\u00e9rature ambiante de 25\u00b0C et un appareil non expos\u00e9 \u00e0 la lumi\u00e8re directe du soleil<br \/>3. Bas\u00e9 sur une force de pouss\u00e9e du moteur inf\u00e9rieure \u00e0 50% de la valeur nominale (forces de d\u00e9marrage et de fonctionnement)<br \/>4. Vitesses d&#8217;ouverture et de fermeture du portail pouvant \u00eatre configur\u00e9es pour fonctionner plus lentement en fonction des exigences de chaque installation<br \/>5. Peut augmenter la capacit\u00e9 de la batterie pour des temps de veille plus longs<br \/>6. Bas\u00e9 sur un portail de 4m, sans tous les accessoires<br \/>7. Possibilit\u00e9 d&#8217;utiliser plusieurs boutons par t\u00e9l\u00e9commande<br \/>8. D\u00e9pend du type et de l&#8217;\u00e9tat de la batterie<\/p>\n<p>[\/et_pb_text][\/et_pb_column][\/et_pb_row][\/et_pb_section][et_pb_section fb_built=&#8221;1&#8243; fullwidth=&#8221;on&#8221; admin_label=&#8221;THIS IS THE MID SECTION BANNER SITE WIDE&#8221; _builder_version=&#8221;4.27.4&#8243; _module_preset=&#8221;default&#8221; global_module=&#8221;25449&#8243; global_colors_info=&#8221;{}&#8221;][et_pb_fullwidth_image src=&#8221;https:\/\/www.centsys.com\/demo002\/img\/blog\/Centurion_Assistance%20technique%20WhatsApp_Pied%20de%20page%20Web.jpg&#8221; url=&#8221;https:\/\/www.centsys.com\/demo002\/ecrivez-bonjour-avec-notre-ligne-dassistance-technique-whatsapp\/&#8221; url_new_window=&#8221;on&#8221; admin_label=&#8221;FOOTER_SITE WIDE&#8221; _builder_version=&#8221;4.27.4&#8243; _module_preset=&#8221;default&#8221; global_colors_info=&#8221;{}&#8221;][\/et_pb_fullwidth_image][et_pb_fullwidth_header button_one_text=&#8221;Contactez-nous&#8221; button_one_url=&#8221;https:\/\/www.centsys.com\/demo002\/coordonnees\/&#8221; button_two_text=&#8221;Support Technique&#8221; button_two_url=&#8221;https:\/\/www.centsys.com\/demo002\/support-technique\/&#8221; disabled_on=&#8221;on|on|on&#8221; _builder_version=&#8221;4.27.0&#8243; _module_preset=&#8221;default&#8221; background_color=&#8221;#c1c1c1&#8243; custom_button_one=&#8221;on&#8221; button_one_text_color=&#8221;#FFFFFF&#8221; button_one_bg_color=&#8221;#999999&#8243; button_one_border_color=&#8221;#999999&#8243; custom_button_two=&#8221;on&#8221; button_two_text_color=&#8221;#FFFFFF&#8221; button_two_bg_color=&#8221;#999999&#8243; button_two_border_color=&#8221;#999999&#8243; custom_margin=&#8221;||-4px|||&#8221; custom_padding=&#8221;6px||17px|||&#8221; button_two_bg_color_tablet=&#8221;#999999&#8243; button_two_bg_color_phone=&#8221;#999999&#8243; button_two_bg_color_last_edited=&#8221;on|desktop&#8221; disabled=&#8221;on&#8221; global_colors_info=&#8221;{}&#8221; button_one_bg_color__hover_enabled=&#8221;on|desktop&#8221; button_one_bg_color__hover=&#8221;#81c341&#8243; button_one_bg_enable_color__hover=&#8221;on&#8221; button_one_border_color__hover_enabled=&#8221;on|hover&#8221; button_one_border_color__hover=&#8221;#81c341&#8243; button_two_bg_color__hover_enabled=&#8221;on|hover&#8221; button_two_bg_color__hover=&#8221;#81c341&#8243; button_two_bg_enable_color__hover=&#8221;on&#8221; button_two_border_color__hover_enabled=&#8221;on|hover&#8221; button_two_border_color__hover=&#8221;#81c341&#8243;][\/et_pb_fullwidth_header][\/et_pb_section]<\/p>\n","protected":false},"excerpt":{"rendered":"<p>Le moteur de portail D3 SMART : SMART s\u00e9curit\u00e9 pour les maisons modernes.Au-del\u00e0 des bases &#8211; L&#8217;Innovation au Service de Chaque Entr\u00e9e D\u00e9couvrez le D3 SMART, un moteur de portails qui incarne la philosophie selon laquelle la simplicit\u00e9 est le summum de la sophistication. Cette solution offre des performances de premier ordre et des fonctionnalit\u00e9s [&hellip;]<\/p>\n","protected":false},"author":2,"featured_media":0,"parent":0,"menu_order":0,"comment_status":"closed","ping_status":"closed","template":"","meta":{"_et_pb_use_builder":"on","_et_pb_old_content":"","_et_gb_content_width":"","_joinchat":[],"footnotes":""},"class_list":["post-25478","page","type-page","status-publish","hentry"],"yoast_head":"<!-- This site is optimized with the Yoast SEO Premium plugin v27.3 (Yoast SEO v27.4) - https:\/\/yoast.com\/product\/yoast-seo-premium-wordpress\/ -->\r\n<title>D3 SMART \u2013 Moteur de portail intelligent pour les maisons - Centurion Systems<\/title>\r\n<meta name=\"description\" content=\"D\u00e9couvrez le D3 SMART. Cette solution offre des performances de premier ordre et des fonctionnalit\u00e9s intelligentes \u00e0 un prix accessible.\" \/>\r\n<meta name=\"robots\" content=\"index, follow, max-snippet:-1, max-image-preview:large, max-video-preview:-1\" \/>\r\n<link rel=\"canonical\" href=\"https:\/\/www.centsys.com\/demo002\/d3-smart-moteur-de-portail-intelligent-pour-les-maisons\/\" \/>\r\n<meta property=\"og:locale\" content=\"en_US\" \/>\r\n<meta property=\"og:type\" content=\"article\" \/>\r\n<meta property=\"og:title\" content=\"D3 SMART \u2013 Moteur de portail intelligent pour les maisons\" \/>\r\n<meta property=\"og:description\" content=\"D\u00e9couvrez le D3 SMART. Cette solution offre des performances de premier ordre et des fonctionnalit\u00e9s intelligentes \u00e0 un prix accessible.\" \/>\r\n<meta property=\"og:url\" content=\"https:\/\/www.centsys.com\/demo002\/d3-smart-moteur-de-portail-intelligent-pour-les-maisons\/\" \/>\r\n<meta property=\"og:site_name\" content=\"Centurion Systems French\" \/>\r\n<meta property=\"article:modified_time\" content=\"2025-09-15T21:37:48+00:00\" \/>\r\n<meta name=\"twitter:card\" content=\"summary_large_image\" \/>\r\n<meta name=\"twitter:label1\" content=\"Est. reading time\" \/>\n\t<meta name=\"twitter:data1\" content=\"5 minutes\" \/>\r\n<script type=\"application\/ld+json\" class=\"yoast-schema-graph\">{\"@context\":\"https:\\\/\\\/schema.org\",\"@graph\":[{\"@type\":\"WebPage\",\"@id\":\"https:\\\/\\\/www.centsys.com\\\/demo002\\\/d3-smart-moteur-de-portail-intelligent-pour-les-maisons\\\/\",\"url\":\"https:\\\/\\\/www.centsys.com\\\/demo002\\\/d3-smart-moteur-de-portail-intelligent-pour-les-maisons\\\/\",\"name\":\"D3 SMART \u2013 Moteur de portail intelligent pour les maisons - Centurion Systems\",\"isPartOf\":{\"@id\":\"https:\\\/\\\/www.centsys.com\\\/demo002\\\/#website\"},\"datePublished\":\"2024-04-16T14:26:54+00:00\",\"dateModified\":\"2025-09-15T21:37:48+00:00\",\"description\":\"D\u00e9couvrez le D3 SMART. Cette solution offre des performances de premier ordre et des fonctionnalit\u00e9s intelligentes \u00e0 un prix accessible.\",\"breadcrumb\":{\"@id\":\"https:\\\/\\\/www.centsys.com\\\/demo002\\\/d3-smart-moteur-de-portail-intelligent-pour-les-maisons\\\/#breadcrumb\"},\"inLanguage\":\"en-ZA\",\"potentialAction\":[{\"@type\":\"ReadAction\",\"target\":[\"https:\\\/\\\/www.centsys.com\\\/demo002\\\/d3-smart-moteur-de-portail-intelligent-pour-les-maisons\\\/\"]}]},{\"@type\":\"BreadcrumbList\",\"@id\":\"https:\\\/\\\/www.centsys.com\\\/demo002\\\/d3-smart-moteur-de-portail-intelligent-pour-les-maisons\\\/#breadcrumb\",\"itemListElement\":[{\"@type\":\"ListItem\",\"position\":1,\"name\":\"ACCUEIL\",\"item\":\"https:\\\/\\\/www.centsys.com\\\/demo002\\\/\"},{\"@type\":\"ListItem\",\"position\":2,\"name\":\"D3 SMART \u2013 Moteur de portail intelligent pour les maisons\"}]},{\"@type\":\"WebSite\",\"@id\":\"https:\\\/\\\/www.centsys.com\\\/demo002\\\/#website\",\"url\":\"https:\\\/\\\/www.centsys.com\\\/demo002\\\/\",\"name\":\"Centurion Systems French\",\"description\":\"Produits D\u2019automatisation D\u2019acc\u00e8s\",\"potentialAction\":[{\"@type\":\"SearchAction\",\"target\":{\"@type\":\"EntryPoint\",\"urlTemplate\":\"https:\\\/\\\/www.centsys.com\\\/demo002\\\/?s={search_term_string}\"},\"query-input\":{\"@type\":\"PropertyValueSpecification\",\"valueRequired\":true,\"valueName\":\"search_term_string\"}}],\"inLanguage\":\"en-ZA\"}]}<\/script>\r\n<!-- \/ Yoast SEO Premium plugin. -->","yoast_head_json":{"title":"D3 SMART \u2013 Moteur de portail intelligent pour les maisons - Centurion Systems","description":"D\u00e9couvrez le D3 SMART. Cette solution offre des performances de premier ordre et des fonctionnalit\u00e9s intelligentes \u00e0 un prix accessible.","robots":{"index":"index","follow":"follow","max-snippet":"max-snippet:-1","max-image-preview":"max-image-preview:large","max-video-preview":"max-video-preview:-1"},"canonical":"https:\/\/www.centsys.com\/demo002\/d3-smart-moteur-de-portail-intelligent-pour-les-maisons\/","og_locale":"en_US","og_type":"article","og_title":"D3 SMART \u2013 Moteur de portail intelligent pour les maisons","og_description":"D\u00e9couvrez le D3 SMART. Cette solution offre des performances de premier ordre et des fonctionnalit\u00e9s intelligentes \u00e0 un prix accessible.","og_url":"https:\/\/www.centsys.com\/demo002\/d3-smart-moteur-de-portail-intelligent-pour-les-maisons\/","og_site_name":"Centurion Systems French","article_modified_time":"2025-09-15T21:37:48+00:00","twitter_card":"summary_large_image","twitter_misc":{"Est. reading time":"5 minutes"},"schema":{"@context":"https:\/\/schema.org","@graph":[{"@type":"WebPage","@id":"https:\/\/www.centsys.com\/demo002\/d3-smart-moteur-de-portail-intelligent-pour-les-maisons\/","url":"https:\/\/www.centsys.com\/demo002\/d3-smart-moteur-de-portail-intelligent-pour-les-maisons\/","name":"D3 SMART \u2013 Moteur de portail intelligent pour les maisons - Centurion Systems","isPartOf":{"@id":"https:\/\/www.centsys.com\/demo002\/#website"},"datePublished":"2024-04-16T14:26:54+00:00","dateModified":"2025-09-15T21:37:48+00:00","description":"D\u00e9couvrez le D3 SMART. Cette solution offre des performances de premier ordre et des fonctionnalit\u00e9s intelligentes \u00e0 un prix accessible.","breadcrumb":{"@id":"https:\/\/www.centsys.com\/demo002\/d3-smart-moteur-de-portail-intelligent-pour-les-maisons\/#breadcrumb"},"inLanguage":"en-ZA","potentialAction":[{"@type":"ReadAction","target":["https:\/\/www.centsys.com\/demo002\/d3-smart-moteur-de-portail-intelligent-pour-les-maisons\/"]}]},{"@type":"BreadcrumbList","@id":"https:\/\/www.centsys.com\/demo002\/d3-smart-moteur-de-portail-intelligent-pour-les-maisons\/#breadcrumb","itemListElement":[{"@type":"ListItem","position":1,"name":"ACCUEIL","item":"https:\/\/www.centsys.com\/demo002\/"},{"@type":"ListItem","position":2,"name":"D3 SMART \u2013 Moteur de portail intelligent pour les maisons"}]},{"@type":"WebSite","@id":"https:\/\/www.centsys.com\/demo002\/#website","url":"https:\/\/www.centsys.com\/demo002\/","name":"Centurion Systems French","description":"Produits D\u2019automatisation D\u2019acc\u00e8s","potentialAction":[{"@type":"SearchAction","target":{"@type":"EntryPoint","urlTemplate":"https:\/\/www.centsys.com\/demo002\/?s={search_term_string}"},"query-input":{"@type":"PropertyValueSpecification","valueRequired":true,"valueName":"search_term_string"}}],"inLanguage":"en-ZA"}]}},"_links":{"self":[{"href":"https:\/\/www.centsys.com\/demo002\/wp-json\/wp\/v2\/pages\/25478","targetHints":{"allow":["GET"]}}],"collection":[{"href":"https:\/\/www.centsys.com\/demo002\/wp-json\/wp\/v2\/pages"}],"about":[{"href":"https:\/\/www.centsys.com\/demo002\/wp-json\/wp\/v2\/types\/page"}],"author":[{"embeddable":true,"href":"https:\/\/www.centsys.com\/demo002\/wp-json\/wp\/v2\/users\/2"}],"replies":[{"embeddable":true,"href":"https:\/\/www.centsys.com\/demo002\/wp-json\/wp\/v2\/comments?post=25478"}],"version-history":[{"count":0,"href":"https:\/\/www.centsys.com\/demo002\/wp-json\/wp\/v2\/pages\/25478\/revisions"}],"wp:attachment":[{"href":"https:\/\/www.centsys.com\/demo002\/wp-json\/wp\/v2\/media?parent=25478"}],"curies":[{"name":"wp","href":"https:\/\/api.w.org\/{rel}","templated":true}]}}