{"id":25534,"date":"2024-04-10T20:51:38","date_gmt":"2024-04-10T18:51:38","guid":{"rendered":"https:\/\/www.centsys.co.za\/?page_id=25388"},"modified":"2025-09-15T23:44:22","modified_gmt":"2025-09-15T21:44:22","slug":"d6-smart-le-choix-intelligent","status":"publish","type":"page","link":"https:\/\/www.centsys.com\/demo002\/d6-smart-le-choix-intelligent\/","title":{"rendered":"D6 SMART &#8211; Le choix intelligent"},"content":{"rendered":"<p>[et_pb_section fb_built=&#8221;1&#8243; fullwidth=&#8221;on&#8221; _builder_version=&#8221;4.24.3&#8243; _module_preset=&#8221;default&#8221; global_colors_info=&#8221;{}&#8221;][et_pb_fullwidth_image src=&#8221;https:\/\/www.centsys.com\/demo002\/img\/D6 SMART\/Moteur de portail coulissant CENTURION D6 SMART_Principal.jpg&#8221; _builder_version=&#8221;4.25.0&#8243; _module_preset=&#8221;default&#8221; global_colors_info=&#8221;{}&#8221;][\/et_pb_fullwidth_image][\/et_pb_section][et_pb_section fb_built=&#8221;1&#8243; _builder_version=&#8221;4.24.3&#8243; _module_preset=&#8221;default&#8221; global_colors_info=&#8221;{}&#8221;][et_pb_row _builder_version=&#8221;4.24.3&#8243; _module_preset=&#8221;default&#8221; global_colors_info=&#8221;{}&#8221;][et_pb_column type=&#8221;4_4&#8243; _builder_version=&#8221;4.24.3&#8243; _module_preset=&#8221;default&#8221; global_colors_info=&#8221;{}&#8221;][et_pb_text _builder_version=&#8221;4.24.0&#8243; _module_preset=&#8221;default&#8221; global_colors_info=&#8221;{}&#8221;]<\/p>\n<h1>Facilitez-vous la vie avec le nouveau moteur de portail D6 SMART<\/h1>\n<p>[\/et_pb_text][et_pb_image src=&#8221;https:\/\/www.centsys.com\/demo002\/img\/D6 SMART\/Moteur de portail coulissant CENTURION D6 SMART_IMG.jpg&#8221; _builder_version=&#8221;4.25.0&#8243; _module_preset=&#8221;default&#8221; global_colors_info=&#8221;{}&#8221;][\/et_pb_image][\/et_pb_column][\/et_pb_row][et_pb_row column_structure=&#8221;3_5,2_5&#8243; _builder_version=&#8221;4.24.3&#8243; _module_preset=&#8221;default&#8221; global_colors_info=&#8221;{}&#8221;][et_pb_column type=&#8221;3_5&#8243; _builder_version=&#8221;4.24.3&#8243; _module_preset=&#8221;default&#8221; global_colors_info=&#8221;{}&#8221;][et_pb_text _builder_version=&#8221;4.24.0&#8243; _module_preset=&#8221;default&#8221; global_colors_info=&#8221;{}&#8221;]Prenant ce que nous avons appris \u00e0 travers plus de 35 ans d\u2019existence en tant que leader du march\u00e9 en automatisation d\u2019acc\u00e8s, nous vous apportons une solution qui vous donne tout : de l\u2019\u00e9tablissement de rapports intelligents \u00e0 l\u2019utilisation ais\u00e9e de t\u00e9l\u00e9phones portables pour l\u2019installation et le fonctionnement.<\/p>\n<p>Avec un confort et un contr\u00f4le in\u00e9gal\u00e9s \u00e0 port\u00e9e de mains, <strong>vous allez adorer l\u2019utilisation du D6 SMART.<\/strong><br \/>\n[\/et_pb_text][et_pb_text _builder_version=&#8221;4.24.0&#8243; _module_preset=&#8221;default&#8221; global_colors_info=&#8221;{}&#8221;]<\/p>\n<h3 id=\"tw-target-text\" class=\"tw-data-text tw-text-large XcVN5d tw-ta\" dir=\"ltr\" data-placeholder=\"Translation\"><strong><span lang=\"fr\">Toutes les fonctionnalit\u00e9s technologiques les plus innovantes<\/span><\/strong><\/h3>\n<ul>\n<li>Une nouvelle cage antivol am\u00e9lior\u00e9e, avec une conception brevet\u00e9e, offrant une s\u00e9curit\u00e9 et une tranquillit\u00e9 d\u2019esprit exceptionnelles<\/li>\n<li>Un capteur de vibrations pouvant \u00eatre connect\u00e9 \u00e0 un dispositif tiers pour vous avertir si le moteur du portail est toujours intact ou non<\/li>\n<li>Un chargeur de batterie intelligent avec diagnostic int\u00e9gr\u00e9 et une communication SM\u0394RT entre le chargeur et l\u2019automate<\/li>\n<li>Un syst\u00e8me de contr\u00f4le de position am\u00e9lior\u00e9 int\u00e9grant la technologie \u00e0 effet Hall \u2013 tr\u00e8s r\u00e9sistant aux interf\u00e9rences<\/li>\n<li>Des entr\u00e9es et sorties configurables individuellement<\/li>\n<li>Un manuel pratique et intuitif \u00e0 action unique<\/li>\n<li>Une sauvegarde fiable de la batterie offrant plus d\u2019op\u00e9rations<\/li>\n<\/ul>\n<p>[\/et_pb_text][et_pb_video src=&#8221;https:\/\/www.youtube.com\/watch?v=utlgp6m0_G4&#8243; _builder_version=&#8221;4.25.0&#8243; _module_preset=&#8221;default&#8221; global_colors_info=&#8221;{}&#8221;][\/et_pb_video][\/et_pb_column][et_pb_column type=&#8221;2_5&#8243; _builder_version=&#8221;4.24.3&#8243; _module_preset=&#8221;default&#8221; global_colors_info=&#8221;{}&#8221;][et_pb_image src=&#8221;https:\/\/www.centsys.com\/demo002\/img\/D6 SMART\/Centurion-Systems-D6-SMART-Logo.jpg&#8221; _builder_version=&#8221;4.25.0&#8243; _module_preset=&#8221;default&#8221; global_colors_info=&#8221;{}&#8221;][\/et_pb_image][et_pb_image src=&#8221;https:\/\/www.centsys.com\/demo002\/img\/D6 SMART\/Centurion-Systems-D6 SMART_Avant.jpg&#8221; _builder_version=&#8221;4.25.0&#8243; _module_preset=&#8221;default&#8221; global_colors_info=&#8221;{}&#8221;][\/et_pb_image][et_pb_code disabled_on=&#8221;off|off|off&#8221; _builder_version=&#8221;4.27.4&#8243; _module_preset=&#8221;default&#8221; hover_enabled=&#8221;0&#8243; global_colors_info=&#8221;{}&#8221; sticky_enabled=&#8221;0&#8243;]<\/p>\n<table border=\"0\" width=\"330\"><!-- [et_pb_line_break_holder] --><\/p>\n<tbody><!-- [et_pb_line_break_holder] --><\/p>\n<tr><!-- [et_pb_line_break_holder] --><\/p>\n<td><img decoding=\"async\" src=\"https:\/\/www.centsys.com\/demo002\/img\/D-SERIES SMART\/DSERIES_FranceFlagPDF_img.jpg\" \/><\/td>\n<p><!-- [et_pb_line_break_holder] --><\/p>\n<td><a href=\"https:\/\/www.centsys.com\/demo002\/pdf\/d6smart\/1401.D.02.0010%20D6%20SMART%20Brochure%20FRENCH_14052024_MT_Web.pdf\">D6 SMART Brochure (943KB)<\/a><\/td>\n<p><!-- [et_pb_line_break_holder] --><\/tr>\n<p><!-- [et_pb_line_break_holder] --><!-- [et_pb_line_break_holder] --><\/p>\n<tr><!-- [et_pb_line_break_holder] --><\/p>\n<td><img decoding=\"async\" src=\"https:\/\/www.centsys.com\/demo002\/img\/D-SERIES SMART\/DSERIES_FranceFlagPDF_img.jpg\" \/><\/td>\n<p><!-- [et_pb_line_break_holder] --><\/p>\n<td><a href=\"https:\/\/www.centsys.com\/demo002\/pdf\/d6smart\/1401.D.01.0015%20D6%20Smart%20Installation%20Manual%20FR_10032025_AP_Web.pdf\">D6 SMART Manuel d&#8217;installation (5.91MB)<\/a><\/td>\n<p><!-- [et_pb_line_break_holder] --><\/tr>\n<p><!-- [et_pb_line_break_holder] --> <!-- [et_pb_line_break_holder] --><\/p>\n<tr><!-- [et_pb_line_break_holder] --><\/p>\n<td><img decoding=\"async\" src=\"https:\/\/www.centsys.com\/demo002\/img\/D-SERIES SMART\/DSERIES_FranceFlagPDF_img.jpg\" \/><\/td>\n<p><!-- [et_pb_line_break_holder] --><\/p>\n<td><a href=\"https:\/\/www.centsys.com\/demo002\/pdf\/theftcage\/1401.D.01.0016%20D3S%20D5ES%20D6S%20Theft-Deterrent%20Cage%20FRENCH_17072024_MT_Web.pdf\">Manuel d\u2019installation de la cage de dissuasion du D6 SMART (1.12MB)<\/a><\/td>\n<p><!-- [et_pb_line_break_holder] --><\/tr>\n<p>  <!-- [et_pb_line_break_holder] --><!-- [et_pb_line_break_holder] -->  <\/p>\n<tr><!-- [et_pb_line_break_holder] --><\/p>\n<td><img decoding=\"async\" src=\"https:\/\/www.centsys.com\/demo002\/img\/D-SERIES SMART\/DSERIES_FranceFlagPDF_img.jpg\" \/><\/td>\n<p><!-- [et_pb_line_break_holder] --><\/p>\n<td><a href=\"https:\/\/www.centsys.com\/demo002\/pdf\/rdod\/1401.D.01.0024%20SMART%20Origin%20Marker%20Pamphlet%20FRENCH_13112024_MT_Web.pdf\">Guide pratique du capteur d\u2019origine et du marqueur d\u2019origine SMART (613KB)<\/a><\/td>\n<p><!-- [et_pb_line_break_holder] --><\/tr>\n<p><!-- [et_pb_line_break_holder] --><\/p>\n<tr><!-- [et_pb_line_break_holder] --><\/p>\n<td><img decoding=\"async\" src=\"https:\/\/www.centsys.com\/demo002\/img\/D-SERIES SMART\/DSERIES_FranceFlagPDF_img.jpg\" \/><\/td>\n<p><!-- [et_pb_line_break_holder] --><\/p>\n<td><a href=\"https:\/\/www.centsys.com\/demo002\/pdf\/antilift\/0000.D.01.0015%20Anti-lift%20Brackets%20Installation%20Manual%20FR%2019082025_AP_Web_App.pdf\">CENTURION supports anti-soul\u00e8vement \u2013 Manuel d&#8217;installation (4.00MB)<\/a><\/td>\n<p><!-- [et_pb_line_break_holder] --><\/tr>\n<p><!-- [et_pb_line_break_holder] --><!-- [et_pb_line_break_holder] -->  <!-- [et_pb_line_break_holder] --><\/tbody>\n<p><!-- [et_pb_line_break_holder] --><\/table>\n<p>[\/et_pb_code][\/et_pb_column][\/et_pb_row][\/et_pb_section][et_pb_section fb_built=&#8221;1&#8243; _builder_version=&#8221;4.24.3&#8243; _module_preset=&#8221;default&#8221; global_colors_info=&#8221;{}&#8221;][et_pb_row _builder_version=&#8221;4.24.3&#8243; _module_preset=&#8221;default&#8221; global_colors_info=&#8221;{}&#8221;][et_pb_column type=&#8221;4_4&#8243; _builder_version=&#8221;4.24.3&#8243; _module_preset=&#8221;default&#8221; global_colors_info=&#8221;{}&#8221;][et_pb_text _builder_version=&#8221;4.24.0&#8243; _module_preset=&#8221;default&#8221; global_colors_info=&#8221;{}&#8221;]<div id=\"footable_parent_25544\"\n         class=\" footable_parent ninja_table_wrapper loading_ninja_table wp_table_data_press_parent semantic_ui \">\n                <table data-ninja_table_instance=\"ninja_table_instance_0\" data-footable_id=\"25544\" data-filter-delay=\"1000\" aria-label=\"D6 SMART (D5 SMART duplicate)\"            id=\"footable_25544\"\n           data-unique_identifier=\"ninja_table_unique_id_606371227_25544\"\n           class=\" foo-table ninja_footable foo_table_25544 ninja_table_unique_id_606371227_25544 ui table  nt_type_ajax_table selectable striped vertical_centered  footable-paging-right ninja_table_search_disabled\">\n                <colgroup>\n                            <col class=\"ninja_column_0 \">\n                            <col class=\"ninja_column_1 \">\n                    <\/colgroup>\n            <\/table>\n    \n    \n    \n<\/div>\n<\/p>\n<p>1. Peut fonctionner \u00e0 partir d\u2019une alimentation solaire, consultez votre revendeur local pour obtenir de plus amples informations<br \/>\n2. Sur la base d\u2019une temp\u00e9rature ambiante de 25\u00b0C et de l\u2019unit\u00e9 qui ne soit pas expos\u00e9e \u00e0 la lumi\u00e8re directe du soleil<br \/>\n3. Bas\u00e9 sur une force de pouss\u00e9e du moteur inf\u00e9rieure \u00e0 50% de la force nominale (forces de d\u00e9marrage et de course)<br \/>\n4. Les vitesses d\u2019ouverture et de fermeture du portail peuvent \u00eatre configur\u00e9es pour \u00eatre plus lentes en fonction des exigences individuelles des installations<br \/>\n5. Peut augmenter la capacit\u00e9 de la batterie pour une plus longue dur\u00e9e de veille<br \/>\n6. Sur la base d\u2019un portail de 4 m, \u00e0 l\u2019exclusion de tous les accessoires<br \/>\n7. Plusieurs boutons par t\u00e9l\u00e9commande peuvent \u00eatre utilis\u00e9s<br \/>\n[\/et_pb_text][\/et_pb_column][\/et_pb_row][\/et_pb_section][et_pb_section fb_built=&#8221;1&#8243; fullwidth=&#8221;on&#8221; admin_label=&#8221;THIS IS THE MID SECTION BANNER SITE WIDE&#8221; _builder_version=&#8221;4.27.4&#8243; _module_preset=&#8221;default&#8221; global_module=&#8221;25449&#8243; global_colors_info=&#8221;{}&#8221;][et_pb_fullwidth_image src=&#8221;https:\/\/www.centsys.com\/demo002\/img\/blog\/Centurion_Assistance%20technique%20WhatsApp_Pied%20de%20page%20Web.jpg&#8221; url=&#8221;https:\/\/www.centsys.com\/demo002\/ecrivez-bonjour-avec-notre-ligne-dassistance-technique-whatsapp\/&#8221; url_new_window=&#8221;on&#8221; admin_label=&#8221;FOOTER_SITE WIDE&#8221; _builder_version=&#8221;4.27.4&#8243; _module_preset=&#8221;default&#8221; global_colors_info=&#8221;{}&#8221;][\/et_pb_fullwidth_image][et_pb_fullwidth_header button_one_text=&#8221;Contactez-nous&#8221; button_one_url=&#8221;https:\/\/www.centsys.com\/demo002\/coordonnees\/&#8221; button_two_text=&#8221;Support Technique&#8221; button_two_url=&#8221;https:\/\/www.centsys.com\/demo002\/support-technique\/&#8221; disabled_on=&#8221;on|on|on&#8221; _builder_version=&#8221;4.27.0&#8243; _module_preset=&#8221;default&#8221; background_color=&#8221;#c1c1c1&#8243; custom_button_one=&#8221;on&#8221; button_one_text_color=&#8221;#FFFFFF&#8221; button_one_bg_color=&#8221;#999999&#8243; button_one_border_color=&#8221;#999999&#8243; custom_button_two=&#8221;on&#8221; button_two_text_color=&#8221;#FFFFFF&#8221; button_two_bg_color=&#8221;#999999&#8243; button_two_border_color=&#8221;#999999&#8243; custom_margin=&#8221;||-4px|||&#8221; custom_padding=&#8221;6px||17px|||&#8221; button_two_bg_color_tablet=&#8221;#999999&#8243; button_two_bg_color_phone=&#8221;#999999&#8243; button_two_bg_color_last_edited=&#8221;on|desktop&#8221; disabled=&#8221;on&#8221; global_colors_info=&#8221;{}&#8221; button_one_bg_color__hover_enabled=&#8221;on|desktop&#8221; button_one_bg_color__hover=&#8221;#81c341&#8243; button_one_bg_enable_color__hover=&#8221;on&#8221; button_one_border_color__hover_enabled=&#8221;on|hover&#8221; button_one_border_color__hover=&#8221;#81c341&#8243; button_two_bg_color__hover_enabled=&#8221;on|hover&#8221; button_two_bg_color__hover=&#8221;#81c341&#8243; button_two_bg_enable_color__hover=&#8221;on&#8221; button_two_border_color__hover_enabled=&#8221;on|hover&#8221; button_two_border_color__hover=&#8221;#81c341&#8243;][\/et_pb_fullwidth_header][\/et_pb_section]<\/p>\n","protected":false},"excerpt":{"rendered":"<p>Facilitez-vous la vie avec le nouveau moteur de portail D6 SMARTPrenant ce que nous avons appris \u00e0 travers plus de 35 ans d\u2019existence en tant que leader du march\u00e9 en automatisation d\u2019acc\u00e8s, nous vous apportons une solution qui vous donne tout : de l\u2019\u00e9tablissement de rapports intelligents \u00e0 l\u2019utilisation ais\u00e9e de t\u00e9l\u00e9phones portables pour l\u2019installation [&hellip;]<\/p>\n","protected":false},"author":2,"featured_media":0,"parent":0,"menu_order":0,"comment_status":"closed","ping_status":"closed","template":"","meta":{"_et_pb_use_builder":"on","_et_pb_old_content":"","_et_gb_content_width":"","_joinchat":[],"footnotes":""},"class_list":["post-25534","page","type-page","status-publish","hentry"],"yoast_head":"<!-- This site is optimized with the Yoast SEO Premium plugin v27.3 (Yoast SEO v27.4) - https:\/\/yoast.com\/product\/yoast-seo-premium-wordpress\/ -->\r\n<title>D6 SMART - Le choix intelligent - Centurion Systems<\/title>\r\n<meta name=\"description\" content=\"Avec un confort et un contr\u00f4le in\u00e9gal\u00e9s \u00e0 port\u00e9e de mains, vous allez adorer l\u2019utilisation du CENTURION D6 SMART.\" \/>\r\n<meta name=\"robots\" content=\"index, follow, max-snippet:-1, max-image-preview:large, max-video-preview:-1\" \/>\r\n<link rel=\"canonical\" href=\"https:\/\/www.centsys.com\/demo002\/d6-smart-le-choix-intelligent\/\" \/>\r\n<meta property=\"og:locale\" content=\"en_US\" \/>\r\n<meta property=\"og:type\" content=\"article\" \/>\r\n<meta property=\"og:title\" content=\"D6 SMART - Le choix intelligent\" \/>\r\n<meta property=\"og:description\" content=\"Avec un confort et un contr\u00f4le in\u00e9gal\u00e9s \u00e0 port\u00e9e de mains, vous allez adorer l\u2019utilisation du CENTURION D6 SMART.\" \/>\r\n<meta property=\"og:url\" content=\"https:\/\/www.centsys.com\/demo002\/d6-smart-le-choix-intelligent\/\" \/>\r\n<meta property=\"og:site_name\" content=\"Centurion Systems French\" \/>\r\n<meta property=\"article:modified_time\" content=\"2025-09-15T21:44:22+00:00\" \/>\r\n<meta name=\"twitter:card\" content=\"summary_large_image\" \/>\r\n<meta name=\"twitter:label1\" content=\"Est. reading time\" \/>\n\t<meta name=\"twitter:data1\" content=\"4 minutes\" \/>\r\n<script type=\"application\/ld+json\" class=\"yoast-schema-graph\">{\"@context\":\"https:\\\/\\\/schema.org\",\"@graph\":[{\"@type\":\"WebPage\",\"@id\":\"https:\\\/\\\/www.centsys.com\\\/demo002\\\/d6-smart-le-choix-intelligent\\\/\",\"url\":\"https:\\\/\\\/www.centsys.com\\\/demo002\\\/d6-smart-le-choix-intelligent\\\/\",\"name\":\"D6 SMART - Le choix intelligent - Centurion Systems\",\"isPartOf\":{\"@id\":\"https:\\\/\\\/www.centsys.com\\\/demo002\\\/#website\"},\"datePublished\":\"2024-04-10T18:51:38+00:00\",\"dateModified\":\"2025-09-15T21:44:22+00:00\",\"description\":\"Avec un confort et un contr\u00f4le in\u00e9gal\u00e9s \u00e0 port\u00e9e de mains, vous allez adorer l\u2019utilisation du CENTURION D6 SMART.\",\"breadcrumb\":{\"@id\":\"https:\\\/\\\/www.centsys.com\\\/demo002\\\/d6-smart-le-choix-intelligent\\\/#breadcrumb\"},\"inLanguage\":\"en-ZA\",\"potentialAction\":[{\"@type\":\"ReadAction\",\"target\":[\"https:\\\/\\\/www.centsys.com\\\/demo002\\\/d6-smart-le-choix-intelligent\\\/\"]}]},{\"@type\":\"BreadcrumbList\",\"@id\":\"https:\\\/\\\/www.centsys.com\\\/demo002\\\/d6-smart-le-choix-intelligent\\\/#breadcrumb\",\"itemListElement\":[{\"@type\":\"ListItem\",\"position\":1,\"name\":\"ACCUEIL\",\"item\":\"https:\\\/\\\/www.centsys.com\\\/demo002\\\/\"},{\"@type\":\"ListItem\",\"position\":2,\"name\":\"D6 SMART &#8211; Le choix intelligent\"}]},{\"@type\":\"WebSite\",\"@id\":\"https:\\\/\\\/www.centsys.com\\\/demo002\\\/#website\",\"url\":\"https:\\\/\\\/www.centsys.com\\\/demo002\\\/\",\"name\":\"Centurion Systems French\",\"description\":\"Produits D\u2019automatisation D\u2019acc\u00e8s\",\"potentialAction\":[{\"@type\":\"SearchAction\",\"target\":{\"@type\":\"EntryPoint\",\"urlTemplate\":\"https:\\\/\\\/www.centsys.com\\\/demo002\\\/?s={search_term_string}\"},\"query-input\":{\"@type\":\"PropertyValueSpecification\",\"valueRequired\":true,\"valueName\":\"search_term_string\"}}],\"inLanguage\":\"en-ZA\"}]}<\/script>\r\n<!-- \/ Yoast SEO Premium plugin. -->","yoast_head_json":{"title":"D6 SMART - Le choix intelligent - Centurion Systems","description":"Avec un confort et un contr\u00f4le in\u00e9gal\u00e9s \u00e0 port\u00e9e de mains, vous allez adorer l\u2019utilisation du CENTURION D6 SMART.","robots":{"index":"index","follow":"follow","max-snippet":"max-snippet:-1","max-image-preview":"max-image-preview:large","max-video-preview":"max-video-preview:-1"},"canonical":"https:\/\/www.centsys.com\/demo002\/d6-smart-le-choix-intelligent\/","og_locale":"en_US","og_type":"article","og_title":"D6 SMART - Le choix intelligent","og_description":"Avec un confort et un contr\u00f4le in\u00e9gal\u00e9s \u00e0 port\u00e9e de mains, vous allez adorer l\u2019utilisation du CENTURION D6 SMART.","og_url":"https:\/\/www.centsys.com\/demo002\/d6-smart-le-choix-intelligent\/","og_site_name":"Centurion Systems French","article_modified_time":"2025-09-15T21:44:22+00:00","twitter_card":"summary_large_image","twitter_misc":{"Est. reading time":"4 minutes"},"schema":{"@context":"https:\/\/schema.org","@graph":[{"@type":"WebPage","@id":"https:\/\/www.centsys.com\/demo002\/d6-smart-le-choix-intelligent\/","url":"https:\/\/www.centsys.com\/demo002\/d6-smart-le-choix-intelligent\/","name":"D6 SMART - Le choix intelligent - Centurion Systems","isPartOf":{"@id":"https:\/\/www.centsys.com\/demo002\/#website"},"datePublished":"2024-04-10T18:51:38+00:00","dateModified":"2025-09-15T21:44:22+00:00","description":"Avec un confort et un contr\u00f4le in\u00e9gal\u00e9s \u00e0 port\u00e9e de mains, vous allez adorer l\u2019utilisation du CENTURION D6 SMART.","breadcrumb":{"@id":"https:\/\/www.centsys.com\/demo002\/d6-smart-le-choix-intelligent\/#breadcrumb"},"inLanguage":"en-ZA","potentialAction":[{"@type":"ReadAction","target":["https:\/\/www.centsys.com\/demo002\/d6-smart-le-choix-intelligent\/"]}]},{"@type":"BreadcrumbList","@id":"https:\/\/www.centsys.com\/demo002\/d6-smart-le-choix-intelligent\/#breadcrumb","itemListElement":[{"@type":"ListItem","position":1,"name":"ACCUEIL","item":"https:\/\/www.centsys.com\/demo002\/"},{"@type":"ListItem","position":2,"name":"D6 SMART &#8211; Le choix intelligent"}]},{"@type":"WebSite","@id":"https:\/\/www.centsys.com\/demo002\/#website","url":"https:\/\/www.centsys.com\/demo002\/","name":"Centurion Systems French","description":"Produits D\u2019automatisation D\u2019acc\u00e8s","potentialAction":[{"@type":"SearchAction","target":{"@type":"EntryPoint","urlTemplate":"https:\/\/www.centsys.com\/demo002\/?s={search_term_string}"},"query-input":{"@type":"PropertyValueSpecification","valueRequired":true,"valueName":"search_term_string"}}],"inLanguage":"en-ZA"}]}},"_links":{"self":[{"href":"https:\/\/www.centsys.com\/demo002\/wp-json\/wp\/v2\/pages\/25534","targetHints":{"allow":["GET"]}}],"collection":[{"href":"https:\/\/www.centsys.com\/demo002\/wp-json\/wp\/v2\/pages"}],"about":[{"href":"https:\/\/www.centsys.com\/demo002\/wp-json\/wp\/v2\/types\/page"}],"author":[{"embeddable":true,"href":"https:\/\/www.centsys.com\/demo002\/wp-json\/wp\/v2\/users\/2"}],"replies":[{"embeddable":true,"href":"https:\/\/www.centsys.com\/demo002\/wp-json\/wp\/v2\/comments?post=25534"}],"version-history":[{"count":0,"href":"https:\/\/www.centsys.com\/demo002\/wp-json\/wp\/v2\/pages\/25534\/revisions"}],"wp:attachment":[{"href":"https:\/\/www.centsys.com\/demo002\/wp-json\/wp\/v2\/media?parent=25534"}],"curies":[{"name":"wp","href":"https:\/\/api.w.org\/{rel}","templated":true}]}}