{"id":26642,"date":"2025-01-22T15:17:45","date_gmt":"2025-01-22T13:17:45","guid":{"rendered":"https:\/\/www.centsys.com\/demo002\/?page_id=26642"},"modified":"2025-08-06T13:46:59","modified_gmt":"2025-08-06T11:46:59","slug":"moteur-porte-enroulable-rdo-digital","status":"publish","type":"page","link":"https:\/\/www.centsys.com\/demo002\/moteur-porte-enroulable-rdo-digital\/","title":{"rendered":"Centurion Systems RDO Digital"},"content":{"rendered":"<p>[et_pb_section fb_built=&#8221;1&#8243; fullwidth=&#8221;on&#8221; _builder_version=&#8221;4.27.2&#8243; _module_preset=&#8221;default&#8221; global_colors_info=&#8221;{}&#8221;][et_pb_fullwidth_image src=&#8221;https:\/\/www.centsys.com\/demo002\/img\/rdod\/Centurion%20Systems%20RDO%20Digital_Image%20principale.jpg&#8221; _builder_version=&#8221;4.27.4&#8243; _module_preset=&#8221;default&#8221; global_colors_info=&#8221;{}&#8221;][\/et_pb_fullwidth_image][\/et_pb_section][et_pb_section fb_built=&#8221;1&#8243; _builder_version=&#8221;4.27.2&#8243; _module_preset=&#8221;default&#8221; custom_padding=&#8221;5px||5px|||&#8221; global_colors_info=&#8221;{}&#8221;][et_pb_row _builder_version=&#8221;4.27.4&#8243; _module_preset=&#8221;default&#8221; global_colors_info=&#8221;{}&#8221;][et_pb_column type=&#8221;4_4&#8243; _builder_version=&#8221;4.27.4&#8243; _module_preset=&#8221;default&#8221; global_colors_info=&#8221;{}&#8221;][et_pb_video src=&#8221;https:\/\/youtu.be\/gwKw3VL9GX4&#8243; _builder_version=&#8221;4.27.4&#8243; _module_preset=&#8221;default&#8221; global_colors_info=&#8221;{}&#8221;][\/et_pb_video][\/et_pb_column][\/et_pb_row][et_pb_row _builder_version=&#8221;4.27.2&#8243; _module_preset=&#8221;default&#8221; global_colors_info=&#8221;{}&#8221;][et_pb_column type=&#8221;4_4&#8243; _builder_version=&#8221;4.27.2&#8243; _module_preset=&#8221;default&#8221; global_colors_info=&#8221;{}&#8221;][et_pb_text _builder_version=&#8221;4.27.4&#8243; _module_preset=&#8221;default&#8221; global_colors_info=&#8221;{}&#8221;]<\/p>\n<h1>Moteur de Portes de Garage RDO Digital de Centurion Systems<\/h1>\n<p>[\/et_pb_text][\/et_pb_column][\/et_pb_row][\/et_pb_section][et_pb_section fb_built=&#8221;1&#8243; _builder_version=&#8221;4.27.2&#8243; _module_preset=&#8221;default&#8221; custom_padding=&#8221;1px||1px|||&#8221; global_colors_info=&#8221;{}&#8221;][et_pb_row _builder_version=&#8221;4.27.2&#8243; _module_preset=&#8221;default&#8221; global_colors_info=&#8221;{}&#8221;][et_pb_column type=&#8221;4_4&#8243; _builder_version=&#8221;4.27.2&#8243; _module_preset=&#8221;default&#8221; global_colors_info=&#8221;{}&#8221;][et_pb_image src=&#8221;https:\/\/www.centsys.com\/demo002\/img\/rdod\/Centurion%20Systems%20RDO%20Digital_Image%20principale_2.jpg&#8221; _builder_version=&#8221;4.27.4&#8243; _module_preset=&#8221;default&#8221; global_colors_info=&#8221;{}&#8221;][\/et_pb_image][\/et_pb_column][\/et_pb_row][\/et_pb_section][et_pb_section fb_built=&#8221;1&#8243; _builder_version=&#8221;4.27.2&#8243; _module_preset=&#8221;default&#8221; custom_padding=&#8221;0px|||||&#8221; global_colors_info=&#8221;{}&#8221;][et_pb_row column_structure=&#8221;3_5,2_5&#8243; _builder_version=&#8221;4.27.2&#8243; _module_preset=&#8221;default&#8221; global_colors_info=&#8221;{}&#8221;][et_pb_column type=&#8221;3_5&#8243; _builder_version=&#8221;4.27.2&#8243; _module_preset=&#8221;default&#8221; global_colors_info=&#8221;{}&#8221;][et_pb_text _builder_version=&#8221;4.27.4&#8243; _module_preset=&#8221;default&#8221; global_colors_info=&#8221;{}&#8221;]<\/p>\n<p>Nous vous pr\u00e9sentons le RDO DIGITAL, dot\u00e9 d&#8217;une nouvelle conception am\u00e9lior\u00e9e avec des limites num\u00e9riques qui rendent la mise en service plus facile et plus pratique que jamais. Profitez d&#8217;une installation rapide et simple sans faire de compromis sur la fiabilit\u00e9 et les performances.<\/p>\n<h2>Finies les Difficult\u00e9s Li\u00e9es aux Limites M\u00e9caniques<\/h2>\n<p>Vous en avez assez de la t\u00e2che ext\u00e9nuante qui consiste \u00e0 r\u00e9gler manuellement les limites des moteurs de portes de garage? Le RDO DIGITAL offre une solution efficace et sans effort. Notre nouveau syst\u00e8me de limites num\u00e9riques vous permet de programmer le moteur directement \u00e0 partir de l\u2019automate.<\/p>\n<h2>\u00c9cran \u00e0 7 segments<\/h2>\n<p>L&#8217;\u00e9cran \u00e0 7 segments du RDO DIGITAL simplifie la mise en service et la configuration.<\/p>\n<h2>Quelles sont les nouveaut\u00e9s pour les utilisateurs de portes de garage?<\/h2>\n<p>Nous avons \u00e9quip\u00e9 le RDO DIGITAL d&#8217;une lumi\u00e8re de courtoisie \u00e0 LED int\u00e9gr\u00e9e qui \u00e9claire l&#8217;espace de votre garage pendant le fonctionnement. Profitez d&#8217;une meilleure visibilit\u00e9 et d&#8217;une plus grande tranquillit\u00e9 d&#8217;esprit, m\u00eame dans des conditions de faible luminosit\u00e9, en plus d&#8217;une technologie fiable aliment\u00e9e par batterie pour un acc\u00e8s ininterrompu en cas de coupure de courant.<\/p>\n<p>[\/et_pb_text][et_pb_text _builder_version=&#8221;4.27.4&#8243; _module_preset=&#8221;default&#8221; global_colors_info=&#8221;{}&#8221;]<\/p>\n<div id=\"footable_parent_26649\"\n         class=\" footable_parent ninja_table_wrapper loading_ninja_table wp_table_data_press_parent semantic_ui \">\n                <table data-ninja_table_instance=\"ninja_table_instance_0\" data-footable_id=\"26649\" data-filter-delay=\"1000\" aria-label=\"RDO Digital\"            id=\"footable_26649\"\n           data-unique_identifier=\"ninja_table_unique_id_254339848_26649\"\n           class=\" foo-table ninja_footable foo_table_26649 ninja_table_unique_id_254339848_26649 ui table  nt_type_ajax_table vertical_centered  footable-paging-right ninja_table_search_disabled\">\n                <colgroup>\n                            <col class=\"ninja_column_0 \">\n                            <col class=\"ninja_column_1 \">\n                    <\/colgroup>\n            <\/table>\n    \n    \n    \n<\/div>\n\n<p>1. Peut fonctionner avec une alimentation solaire, veuillez consulter Centurion Systems (Pty) Ltd pour obtenir une assistance.<br \/>2. Possibilit\u00e9 d\u2019utiliser plusieurs boutons par t\u00e9l\u00e9commande.<\/p>\n<p>[\/et_pb_text][\/et_pb_column][et_pb_column type=&#8221;2_5&#8243; _builder_version=&#8221;4.27.2&#8243; _module_preset=&#8221;default&#8221; global_colors_info=&#8221;{}&#8221;][et_pb_image src=&#8221;https:\/\/www.centsys.com\/demo002\/img\/rdod\/Centurion%20Systems%20RDO%20Digital_Logo.jpg&#8221; _builder_version=&#8221;4.27.4&#8243; _module_preset=&#8221;default&#8221; global_colors_info=&#8221;{}&#8221;][\/et_pb_image][et_pb_image src=&#8221;https:\/\/www.centsys.com\/demo002\/img\/rdod\/Centurion%20Systems%20RDO%20Digital_Image.jpg&#8221; _builder_version=&#8221;4.27.4&#8243; _module_preset=&#8221;default&#8221; global_colors_info=&#8221;{}&#8221;][\/et_pb_image][et_pb_code _builder_version=&#8221;4.27.4&#8243; _module_preset=&#8221;default&#8221; hover_enabled=&#8221;0&#8243; global_colors_info=&#8221;{}&#8221; sticky_enabled=&#8221;0&#8243;]<\/p>\n<table border=\"0\" width=\"330\"><!-- [et_pb_line_break_holder] --><\/p>\n<tbody><!-- [et_pb_line_break_holder] --><\/p>\n<tr><!-- [et_pb_line_break_holder] --><\/p>\n<td><img decoding=\"async\" src=\"https:\/\/www.centsys.com\/demo002\/img\/rdod\/Centurion%20Systems%20RDO%20Digital_T%C3%A9l%C3%A9charger%20la%20brochure.jpg\" \/><\/td>\n<p><!-- [et_pb_line_break_holder] --><\/p>\n<td><a href=\"https:\/\/www.centsys.com\/demo002\/pdf\/rdod\/1302.D.02.0005 RDO Digital Brochure FR_30072025_AP.pdf\">RDO Digital Brochure (426KB)<\/a><\/td>\n<p><!-- [et_pb_line_break_holder] --><\/tr>\n<p><!-- [et_pb_line_break_holder] --><\/p>\n<tr><!-- [et_pb_line_break_holder] --><\/p>\n<td><img decoding=\"async\" src=\"https:\/\/www.centsys.com\/demo002\/img\/rdod\/Centurion%20Systems%20RDO%20Digital_T%C3%A9l%C3%A9charger%20la%20brochure.jpg\" \/><\/td>\n<p><!-- [et_pb_line_break_holder] --><\/p>\n<td><a href=\"https:\/\/www.centsys.com\/demo002\/pdf\/rdod\/1302.D.01.0005%20RDO%20Digital%20Installation%20Manual%20FRENCH_17042025_MT_Web.pdf\">RDO Digital Manuel d&#8217;installation (1.79MB)<\/a><\/td>\n<p><!-- [et_pb_line_break_holder] --><\/tr>\n<p><!-- [et_pb_line_break_holder] --><\/tbody>\n<p><!-- [et_pb_line_break_holder] --><\/table>\n<p>[\/et_pb_code][\/et_pb_column][\/et_pb_row][\/et_pb_section][et_pb_section fb_built=&#8221;1&#8243; fullwidth=&#8221;on&#8221; admin_label=&#8221;THIS IS THE MID SECTION BANNER SITE WIDE&#8221; _builder_version=&#8221;4.27.4&#8243; _module_preset=&#8221;default&#8221; global_module=&#8221;25449&#8243; global_colors_info=&#8221;{}&#8221;][et_pb_fullwidth_image src=&#8221;https:\/\/www.centsys.com\/demo002\/img\/blog\/Centurion_Assistance%20technique%20WhatsApp_Pied%20de%20page%20Web.jpg&#8221; url=&#8221;https:\/\/www.centsys.com\/demo002\/ecrivez-bonjour-avec-notre-ligne-dassistance-technique-whatsapp\/&#8221; url_new_window=&#8221;on&#8221; admin_label=&#8221;FOOTER_SITE WIDE&#8221; _builder_version=&#8221;4.27.4&#8243; _module_preset=&#8221;default&#8221; global_colors_info=&#8221;{}&#8221;][\/et_pb_fullwidth_image][et_pb_fullwidth_header button_one_text=&#8221;Contactez-nous&#8221; button_one_url=&#8221;https:\/\/www.centsys.com\/demo002\/coordonnees\/&#8221; button_two_text=&#8221;Support Technique&#8221; button_two_url=&#8221;https:\/\/www.centsys.com\/demo002\/support-technique\/&#8221; disabled_on=&#8221;on|on|on&#8221; _builder_version=&#8221;4.27.0&#8243; _module_preset=&#8221;default&#8221; background_color=&#8221;#c1c1c1&#8243; custom_button_one=&#8221;on&#8221; button_one_text_color=&#8221;#FFFFFF&#8221; button_one_bg_color=&#8221;#999999&#8243; button_one_border_color=&#8221;#999999&#8243; custom_button_two=&#8221;on&#8221; button_two_text_color=&#8221;#FFFFFF&#8221; button_two_bg_color=&#8221;#999999&#8243; button_two_border_color=&#8221;#999999&#8243; custom_margin=&#8221;||-4px|||&#8221; custom_padding=&#8221;6px||17px|||&#8221; button_two_bg_color_tablet=&#8221;#999999&#8243; button_two_bg_color_phone=&#8221;#999999&#8243; button_two_bg_color_last_edited=&#8221;on|desktop&#8221; disabled=&#8221;on&#8221; global_colors_info=&#8221;{}&#8221; button_one_bg_color__hover_enabled=&#8221;on|desktop&#8221; button_one_bg_color__hover=&#8221;#81c341&#8243; button_one_bg_enable_color__hover=&#8221;on&#8221; button_one_border_color__hover_enabled=&#8221;on|hover&#8221; button_one_border_color__hover=&#8221;#81c341&#8243; button_two_bg_color__hover_enabled=&#8221;on|hover&#8221; button_two_bg_color__hover=&#8221;#81c341&#8243; button_two_bg_enable_color__hover=&#8221;on&#8221; button_two_border_color__hover_enabled=&#8221;on|hover&#8221; button_two_border_color__hover=&#8221;#81c341&#8243;][\/et_pb_fullwidth_header][\/et_pb_section]<\/p>\n","protected":false},"excerpt":{"rendered":"<p>Moteur de Portes de Garage RDO Digital de Centurion SystemsNous vous pr\u00e9sentons le RDO DIGITAL, dot\u00e9 d&#8217;une nouvelle conception am\u00e9lior\u00e9e avec des limites num\u00e9riques qui rendent la mise en service plus facile et plus pratique que jamais. Profitez d&#8217;une installation rapide et simple sans faire de compromis sur la fiabilit\u00e9 et les performances. Finies les [&hellip;]<\/p>\n","protected":false},"author":2,"featured_media":0,"parent":0,"menu_order":0,"comment_status":"closed","ping_status":"closed","template":"","meta":{"_et_pb_use_builder":"on","_et_pb_old_content":"","_et_gb_content_width":"","_joinchat":[],"footnotes":""},"class_list":["post-26642","page","type-page","status-publish","hentry"],"yoast_head":"<!-- This site is optimized with the Yoast SEO Premium plugin v27.3 (Yoast SEO v27.4) - https:\/\/yoast.com\/product\/yoast-seo-premium-wordpress\/ -->\r\n<title>Centurion Systems RDO Digital - Centurion Systems<\/title>\r\n<meta name=\"description\" content=\"Nous vous pr\u00e9sentons le RDO Digital, dot\u00e9 d\u2019une nouvelle conception am\u00e9lior\u00e9e avec des limites num\u00e9riques quirendent la mise en service plus facile et plus pratique que jamais.\" \/>\r\n<meta name=\"robots\" content=\"index, follow, max-snippet:-1, max-image-preview:large, max-video-preview:-1\" \/>\r\n<link rel=\"canonical\" href=\"https:\/\/www.centsys.com\/demo002\/moteur-porte-enroulable-rdo-digital\/\" \/>\r\n<meta property=\"og:locale\" content=\"en_US\" \/>\r\n<meta property=\"og:type\" content=\"article\" \/>\r\n<meta property=\"og:title\" content=\"Centurion Systems RDO Digital\" \/>\r\n<meta property=\"og:description\" content=\"Nous vous pr\u00e9sentons le RDO Digital, dot\u00e9 d\u2019une nouvelle conception am\u00e9lior\u00e9e avec des limites num\u00e9riques quirendent la mise en service plus facile et plus pratique que jamais.\" \/>\r\n<meta property=\"og:url\" content=\"https:\/\/www.centsys.com\/demo002\/moteur-porte-enroulable-rdo-digital\/\" \/>\r\n<meta property=\"og:site_name\" content=\"Centurion Systems French\" \/>\r\n<meta property=\"article:modified_time\" content=\"2025-08-06T11:46:59+00:00\" \/>\r\n<meta property=\"og:image\" content=\"https:\/\/www.centsys.com\/demo002\/img\/rdod\/Centurion%20Systems%20RDO%20Digital_T%C3%A9l%C3%A9charger%20la%20brochure.jpg\" \/>\r\n<meta name=\"twitter:card\" content=\"summary_large_image\" \/>\r\n<meta name=\"twitter:label1\" content=\"Est. reading time\" \/>\n\t<meta name=\"twitter:data1\" content=\"3 minutes\" \/>\r\n<script type=\"application\/ld+json\" class=\"yoast-schema-graph\">{\"@context\":\"https:\\\/\\\/schema.org\",\"@graph\":[{\"@type\":\"WebPage\",\"@id\":\"https:\\\/\\\/www.centsys.com\\\/demo002\\\/moteur-porte-enroulable-rdo-digital\\\/\",\"url\":\"https:\\\/\\\/www.centsys.com\\\/demo002\\\/moteur-porte-enroulable-rdo-digital\\\/\",\"name\":\"Centurion Systems RDO Digital - Centurion Systems\",\"isPartOf\":{\"@id\":\"https:\\\/\\\/www.centsys.com\\\/demo002\\\/#website\"},\"primaryImageOfPage\":{\"@id\":\"https:\\\/\\\/www.centsys.com\\\/demo002\\\/moteur-porte-enroulable-rdo-digital\\\/#primaryimage\"},\"image\":{\"@id\":\"https:\\\/\\\/www.centsys.com\\\/demo002\\\/moteur-porte-enroulable-rdo-digital\\\/#primaryimage\"},\"thumbnailUrl\":\"https:\\\/\\\/www.centsys.com\\\/demo002\\\/img\\\/rdod\\\/Centurion%20Systems%20RDO%20Digital_T%C3%A9l%C3%A9charger%20la%20brochure.jpg\",\"datePublished\":\"2025-01-22T13:17:45+00:00\",\"dateModified\":\"2025-08-06T11:46:59+00:00\",\"description\":\"Nous vous pr\u00e9sentons le RDO Digital, dot\u00e9 d\u2019une nouvelle conception am\u00e9lior\u00e9e avec des limites num\u00e9riques quirendent la mise en service plus facile et plus pratique que jamais.\",\"breadcrumb\":{\"@id\":\"https:\\\/\\\/www.centsys.com\\\/demo002\\\/moteur-porte-enroulable-rdo-digital\\\/#breadcrumb\"},\"inLanguage\":\"en-ZA\",\"potentialAction\":[{\"@type\":\"ReadAction\",\"target\":[\"https:\\\/\\\/www.centsys.com\\\/demo002\\\/moteur-porte-enroulable-rdo-digital\\\/\"]}]},{\"@type\":\"ImageObject\",\"inLanguage\":\"en-ZA\",\"@id\":\"https:\\\/\\\/www.centsys.com\\\/demo002\\\/moteur-porte-enroulable-rdo-digital\\\/#primaryimage\",\"url\":\"https:\\\/\\\/www.centsys.com\\\/demo002\\\/img\\\/rdod\\\/Centurion%20Systems%20RDO%20Digital_T%C3%A9l%C3%A9charger%20la%20brochure.jpg\",\"contentUrl\":\"https:\\\/\\\/www.centsys.com\\\/demo002\\\/img\\\/rdod\\\/Centurion%20Systems%20RDO%20Digital_T%C3%A9l%C3%A9charger%20la%20brochure.jpg\"},{\"@type\":\"BreadcrumbList\",\"@id\":\"https:\\\/\\\/www.centsys.com\\\/demo002\\\/moteur-porte-enroulable-rdo-digital\\\/#breadcrumb\",\"itemListElement\":[{\"@type\":\"ListItem\",\"position\":1,\"name\":\"ACCUEIL\",\"item\":\"https:\\\/\\\/www.centsys.com\\\/demo002\\\/\"},{\"@type\":\"ListItem\",\"position\":2,\"name\":\"Centurion Systems RDO Digital\"}]},{\"@type\":\"WebSite\",\"@id\":\"https:\\\/\\\/www.centsys.com\\\/demo002\\\/#website\",\"url\":\"https:\\\/\\\/www.centsys.com\\\/demo002\\\/\",\"name\":\"Centurion Systems French\",\"description\":\"Produits D\u2019automatisation D\u2019acc\u00e8s\",\"potentialAction\":[{\"@type\":\"SearchAction\",\"target\":{\"@type\":\"EntryPoint\",\"urlTemplate\":\"https:\\\/\\\/www.centsys.com\\\/demo002\\\/?s={search_term_string}\"},\"query-input\":{\"@type\":\"PropertyValueSpecification\",\"valueRequired\":true,\"valueName\":\"search_term_string\"}}],\"inLanguage\":\"en-ZA\"}]}<\/script>\r\n<!-- \/ Yoast SEO Premium plugin. -->","yoast_head_json":{"title":"Centurion Systems RDO Digital - Centurion Systems","description":"Nous vous pr\u00e9sentons le RDO Digital, dot\u00e9 d\u2019une nouvelle conception am\u00e9lior\u00e9e avec des limites num\u00e9riques quirendent la mise en service plus facile et plus pratique que jamais.","robots":{"index":"index","follow":"follow","max-snippet":"max-snippet:-1","max-image-preview":"max-image-preview:large","max-video-preview":"max-video-preview:-1"},"canonical":"https:\/\/www.centsys.com\/demo002\/moteur-porte-enroulable-rdo-digital\/","og_locale":"en_US","og_type":"article","og_title":"Centurion Systems RDO Digital","og_description":"Nous vous pr\u00e9sentons le RDO Digital, dot\u00e9 d\u2019une nouvelle conception am\u00e9lior\u00e9e avec des limites num\u00e9riques quirendent la mise en service plus facile et plus pratique que jamais.","og_url":"https:\/\/www.centsys.com\/demo002\/moteur-porte-enroulable-rdo-digital\/","og_site_name":"Centurion Systems French","article_modified_time":"2025-08-06T11:46:59+00:00","og_image":[{"url":"https:\/\/www.centsys.com\/demo002\/img\/rdod\/Centurion%20Systems%20RDO%20Digital_T%C3%A9l%C3%A9charger%20la%20brochure.jpg","type":"","width":"","height":""}],"twitter_card":"summary_large_image","twitter_misc":{"Est. reading time":"3 minutes"},"schema":{"@context":"https:\/\/schema.org","@graph":[{"@type":"WebPage","@id":"https:\/\/www.centsys.com\/demo002\/moteur-porte-enroulable-rdo-digital\/","url":"https:\/\/www.centsys.com\/demo002\/moteur-porte-enroulable-rdo-digital\/","name":"Centurion Systems RDO Digital - Centurion Systems","isPartOf":{"@id":"https:\/\/www.centsys.com\/demo002\/#website"},"primaryImageOfPage":{"@id":"https:\/\/www.centsys.com\/demo002\/moteur-porte-enroulable-rdo-digital\/#primaryimage"},"image":{"@id":"https:\/\/www.centsys.com\/demo002\/moteur-porte-enroulable-rdo-digital\/#primaryimage"},"thumbnailUrl":"https:\/\/www.centsys.com\/demo002\/img\/rdod\/Centurion%20Systems%20RDO%20Digital_T%C3%A9l%C3%A9charger%20la%20brochure.jpg","datePublished":"2025-01-22T13:17:45+00:00","dateModified":"2025-08-06T11:46:59+00:00","description":"Nous vous pr\u00e9sentons le RDO Digital, dot\u00e9 d\u2019une nouvelle conception am\u00e9lior\u00e9e avec des limites num\u00e9riques quirendent la mise en service plus facile et plus pratique que jamais.","breadcrumb":{"@id":"https:\/\/www.centsys.com\/demo002\/moteur-porte-enroulable-rdo-digital\/#breadcrumb"},"inLanguage":"en-ZA","potentialAction":[{"@type":"ReadAction","target":["https:\/\/www.centsys.com\/demo002\/moteur-porte-enroulable-rdo-digital\/"]}]},{"@type":"ImageObject","inLanguage":"en-ZA","@id":"https:\/\/www.centsys.com\/demo002\/moteur-porte-enroulable-rdo-digital\/#primaryimage","url":"https:\/\/www.centsys.com\/demo002\/img\/rdod\/Centurion%20Systems%20RDO%20Digital_T%C3%A9l%C3%A9charger%20la%20brochure.jpg","contentUrl":"https:\/\/www.centsys.com\/demo002\/img\/rdod\/Centurion%20Systems%20RDO%20Digital_T%C3%A9l%C3%A9charger%20la%20brochure.jpg"},{"@type":"BreadcrumbList","@id":"https:\/\/www.centsys.com\/demo002\/moteur-porte-enroulable-rdo-digital\/#breadcrumb","itemListElement":[{"@type":"ListItem","position":1,"name":"ACCUEIL","item":"https:\/\/www.centsys.com\/demo002\/"},{"@type":"ListItem","position":2,"name":"Centurion Systems RDO Digital"}]},{"@type":"WebSite","@id":"https:\/\/www.centsys.com\/demo002\/#website","url":"https:\/\/www.centsys.com\/demo002\/","name":"Centurion Systems French","description":"Produits D\u2019automatisation D\u2019acc\u00e8s","potentialAction":[{"@type":"SearchAction","target":{"@type":"EntryPoint","urlTemplate":"https:\/\/www.centsys.com\/demo002\/?s={search_term_string}"},"query-input":{"@type":"PropertyValueSpecification","valueRequired":true,"valueName":"search_term_string"}}],"inLanguage":"en-ZA"}]}},"_links":{"self":[{"href":"https:\/\/www.centsys.com\/demo002\/wp-json\/wp\/v2\/pages\/26642","targetHints":{"allow":["GET"]}}],"collection":[{"href":"https:\/\/www.centsys.com\/demo002\/wp-json\/wp\/v2\/pages"}],"about":[{"href":"https:\/\/www.centsys.com\/demo002\/wp-json\/wp\/v2\/types\/page"}],"author":[{"embeddable":true,"href":"https:\/\/www.centsys.com\/demo002\/wp-json\/wp\/v2\/users\/2"}],"replies":[{"embeddable":true,"href":"https:\/\/www.centsys.com\/demo002\/wp-json\/wp\/v2\/comments?post=26642"}],"version-history":[{"count":0,"href":"https:\/\/www.centsys.com\/demo002\/wp-json\/wp\/v2\/pages\/26642\/revisions"}],"wp:attachment":[{"href":"https:\/\/www.centsys.com\/demo002\/wp-json\/wp\/v2\/media?parent=26642"}],"curies":[{"name":"wp","href":"https:\/\/api.w.org\/{rel}","templated":true}]}}