{"id":278,"date":"2020-03-04T09:31:05","date_gmt":"2020-03-04T09:31:05","guid":{"rendered":"https:\/\/www.centsys.co.za\/fr\/?page_id=278"},"modified":"2024-02-08T13:04:53","modified_gmt":"2024-02-08T11:04:53","slug":"empreinte-mondiale","status":"publish","type":"page","link":"https:\/\/www.centsys.com\/demo002\/empreinte-mondiale\/","title":{"rendered":"Empreinte Mondiale"},"content":{"rendered":"<p>[et_pb_section fb_built=&#8221;1&#8243; fullwidth=&#8221;on&#8221; _builder_version=&#8221;4.16&#8243; global_colors_info=&#8221;{}&#8221;][et_pb_fullwidth_image src=&#8221;https:\/\/www.centsys.com\/demo002\/img\/Empreinte Mondiale\/Enpriente Mondiale de CENTURION.jpg&#8221; _builder_version=&#8221;4.16&#8243; global_colors_info=&#8221;{}&#8221;][\/et_pb_fullwidth_image][\/et_pb_section][et_pb_section fb_built=&#8221;1&#8243; fullwidth=&#8221;on&#8221; _builder_version=&#8221;4.20.4&#8243; background_color=&#8221;#e5e5e5&#8243; use_background_color_gradient=&#8221;on&#8221; background_color_gradient_stops=&#8221;#e5e5e5 0%|#e5e5e5 100%&#8221; background_color_gradient_start=&#8221;#e5e5e5&#8243; background_color_gradient_end=&#8221;#e5e5e5&#8243; transform_translate=&#8221;-13px|269px&#8221; background_color_gradient_stops_tablet=&#8221;#e5e5e5 0%|#e5e5e5 100%&#8221; background_color_gradient_stops_phone=&#8221;#e5e5e5 0%|#e5e5e5 100%&#8221; global_module=&#8221;5513&#8243; global_colors_info=&#8221;{}&#8221;][et_pb_fullwidth_code _builder_version=&#8221;4.20.4&#8243; _module_preset=&#8221;default&#8221; global_colors_info=&#8221;{}&#8221;]<span><span><a href=\"https:\/\/www.centsys.com\/demo002\/\">ACCUEIL<\/a><\/span><\/span>[\/et_pb_fullwidth_code][\/et_pb_section][et_pb_section fb_built=&#8221;1&#8243; _builder_version=&#8221;4.16&#8243; global_colors_info=&#8221;{}&#8221;][et_pb_row _builder_version=&#8221;4.16&#8243; global_colors_info=&#8221;{}&#8221;][et_pb_column type=&#8221;4_4&#8243; _builder_version=&#8221;4.16&#8243; global_colors_info=&#8221;{}&#8221;][et_pb_text _builder_version=&#8221;4.16&#8243; global_colors_info=&#8221;{}&#8221;]<\/p>\n<h1 class=\"p1\" style=\"text-align: center;\">EMPREINTE MONDIALE<\/h1>\n<p>Gr\u00e2ce \u00e0 notre r\u00e9seau de distributeurs agr\u00e9\u00e9s et d\u2019installateurs officiels, les moteurs de portail et les produits d\u2019automatisation d\u2019acc\u00e8s de\u00a0<strong>CENTURION sont disponibles dans plus de 70 pays \u00a0\u00e0 travers le monde.<\/strong>\u00a0Nous nous effor\u00e7ons de fournir nos produits, par l\u2019interm\u00e9diaire de nos partenaires de distribution, partout o\u00f9 le besoin \u00a0se fait sentir. Si vous ne parvenez pas \u00e0 trouver un distributeur dans votre r\u00e9gion, veuillez nous en informer et nous ferons de notre mieux pour vous aider.<\/p>\n<p>[\/et_pb_text][\/et_pb_column][\/et_pb_row][et_pb_row _builder_version=&#8221;4.16&#8243; global_colors_info=&#8221;{}&#8221;][et_pb_column type=&#8221;4_4&#8243; _builder_version=&#8221;4.16&#8243; global_colors_info=&#8221;{}&#8221;][et_pb_image src=&#8221;https:\/\/www.centsys.com\/demo002\/img\/Empreinte Mondiale\/Enpriente Mondiale de Centurion Systems.jpg&#8221; align=&#8221;center&#8221; _builder_version=&#8221;4.16&#8243; global_colors_info=&#8221;{}&#8221;][\/et_pb_image][\/et_pb_column][\/et_pb_row][et_pb_row column_structure=&#8221;1_6,1_6,1_6,1_6,1_6,1_6&#8243; _builder_version=&#8221;4.22.2&#8243; _module_preset=&#8221;default&#8221; global_colors_info=&#8221;{}&#8221;][et_pb_column type=&#8221;1_6&#8243; _builder_version=&#8221;4.22.2&#8243; _module_preset=&#8221;default&#8221; global_colors_info=&#8221;{}&#8221;][et_pb_text _builder_version=&#8221;4.22.2&#8243; _module_preset=&#8221;default&#8221; global_colors_info=&#8221;{}&#8221;]<\/p>\n<p>L\u2019Angola<br \/>l\u2019Australie<br \/>Le Bahre\u00efn<br \/>Barbade<br \/>Le B\u00e9nin<br \/>Le Botswana<br \/>Le Br\u00e9sil<br \/>Le Burkina<br \/>Le Burundi<br \/>Le Chili<br \/>La Colombie<br \/>Le Costa Rica<\/p>\n<p>[\/et_pb_text][\/et_pb_column][et_pb_column type=&#8221;1_6&#8243; _builder_version=&#8221;4.22.2&#8243; _module_preset=&#8221;default&#8221; global_colors_info=&#8221;{}&#8221;][et_pb_text _builder_version=&#8221;4.22.2&#8243; _module_preset=&#8221;default&#8221; global_colors_info=&#8221;{}&#8221;]<\/p>\n<p>R\u00e9publique D\u00e9mocratique du Congo<br \/>La R\u00e9publique Dominicaine<br \/>l&#8217;\u00c9quateur<br \/>l\u2019Egypte<br \/>La Guin\u00e9e \u00c9quatoriale<br \/>l\u2019Ethiopie<br \/>La France<br \/>Le Gabon<br \/>Le Ghana<br \/>La Guin\u00e9e<br \/>l\u2019Irlande<br \/>Isra\u00ebl<\/p>\n<p>[\/et_pb_text][\/et_pb_column][et_pb_column type=&#8221;1_6&#8243; _builder_version=&#8221;4.22.2&#8243; _module_preset=&#8221;default&#8221; global_colors_info=&#8221;{}&#8221;][et_pb_text _builder_version=&#8221;4.22.2&#8243; _module_preset=&#8221;default&#8221; global_colors_info=&#8221;{}&#8221;]<\/p>\n<p>La C\u00f4te d&#8217;Ivoire<br \/>La Jama\u00efque<br \/>Le Kenya<br \/>Le Kowe\u00eft<br \/>Le Lesotho<br \/>La Libye<br \/>Madagascar<br \/>Le Malawi<br \/>La Malaisie<br \/>Le Mali<br \/>\u00cele Maurice<br \/>Le Mexique<\/p>\n<p>[\/et_pb_text][\/et_pb_column][et_pb_column type=&#8221;1_6&#8243; _builder_version=&#8221;4.22.2&#8243; _module_preset=&#8221;default&#8221; global_colors_info=&#8221;{}&#8221;][et_pb_text _builder_version=&#8221;4.22.2&#8243; _module_preset=&#8221;default&#8221; global_colors_info=&#8221;{}&#8221;]<\/p>\n<p>Le Mozambique<br \/>La Myanmar<br \/>La Namibie<br \/>Nouvelle-Cal\u00e9donie<br \/>La Nouvelle-Z\u00e9lande<br \/>Le Nig\u00e9ria<br \/>Le Pakistan<br \/>Le Panama<br \/>Le P\u00e9rou<br \/>Les Philippines<br \/>Le Qatar<br \/>R\u00e9publique du Congo<\/p>\n<p>[\/et_pb_text][\/et_pb_column][et_pb_column type=&#8221;1_6&#8243; _builder_version=&#8221;4.22.2&#8243; _module_preset=&#8221;default&#8221; global_colors_info=&#8221;{}&#8221;][et_pb_text _builder_version=&#8221;4.22.2&#8243; _module_preset=&#8221;default&#8221; global_colors_info=&#8221;{}&#8221;]<\/p>\n<p>La R\u00e9union<br \/>Le Rwanda<br \/>Le S\u00e9n\u00e9gal<br \/>Les Seychelles<br \/>La Sierra Leone<br \/>Singapour<br \/>La Somalie<br \/>l\u2019Afrique du Sud<br \/>Soudan du Sud<br \/>l\u2019Espagne<br \/>Le Soudan<br \/>Le Eswatini<\/p>\n<p>[\/et_pb_text][\/et_pb_column][et_pb_column type=&#8221;1_6&#8243; _builder_version=&#8221;4.22.2&#8243; _module_preset=&#8221;default&#8221; global_colors_info=&#8221;{}&#8221;][et_pb_text _builder_version=&#8221;4.22.2&#8243; _module_preset=&#8221;default&#8221; global_colors_info=&#8221;{}&#8221;]<\/p>\n<p>La Tanzanie<br \/>La Tha\u00eflande<br \/>l\u2019Ouganda<br \/>Les \u00c9mirats Arabes Unis<br \/>Le Royaume-Uni<br \/>Le Vanuatu<br \/>Le Venezuela<br \/>Le Vi\u00eat-Nam<br \/>La Zambie<br \/>Le Zimbabwe<\/p>\n<p>[\/et_pb_text][\/et_pb_column][\/et_pb_row][\/et_pb_section][et_pb_section fb_built=&#8221;1&#8243; fullwidth=&#8221;on&#8221; custom_padding_last_edited=&#8221;on|desktop&#8221; admin_label=&#8221;THIS IS THE MID SECTION BANNER SITE WIDE&#8221; _builder_version=&#8221;4.21.2&#8243; background_color=&#8221;RGBA(255,255,255,0)&#8221; background_image=&#8221;\/img\/home\/Centurion-System-Next-Level-SMART.jpg&#8221; background_enable_image=&#8221;off&#8221; transform_translate=&#8221;0px|-45px&#8221; transform_translate_linked=&#8221;off&#8221; min_height=&#8221;450px&#8221; height=&#8221;450px&#8221; max_height=&#8221;450px&#8221; custom_margin=&#8221;22px|||||&#8221; custom_padding=&#8221;0px|0px|0px|0px|false|false&#8221; custom_padding_tablet=&#8221;50px|0|198px|0|false|false&#8221; custom_padding_phone=&#8221;&#8221; link_option_url=&#8221;https:\/\/www.centsys.co.za\/d5-smart-training\/?utm_source=Website&#038;utm_medium=WEB%20BANNERS&#038;utm_campaign=SMART%20TRAINING&#8221; z_index_tablet=&#8221;500&#8243; custom_css_main_element=&#8221;height:250px; &#8221; box_shadow_horizontal_tablet=&#8221;0px&#8221; box_shadow_vertical_tablet=&#8221;0px&#8221; box_shadow_blur_tablet=&#8221;40px&#8221; box_shadow_spread_tablet=&#8221;0px&#8221; saved_tabs=&#8221;all&#8221; global_colors_info=&#8221;{}&#8221; global_module=&#8221;24554&#8243; theme_builder_area=&#8221;post_content&#8221;][et_pb_fullwidth_image src=&#8221;https:\/\/www.centsys.com\/demo002\/img\/blog\/D%C3%A9couvrez%20le%20SMART%20ECOSYSTEM%20avec%20MyCentsys%20Remote.jpg&#8221; url=&#8221;https:\/\/www.centsys.com\/demo002\/application-mobile-mycentsys-remote\/&#8221; url_new_window=&#8221;on&#8221; _builder_version=&#8221;4.23.1&#8243; _module_preset=&#8221;default&#8221; global_colors_info=&#8221;{}&#8221; theme_builder_area=&#8221;post_content&#8221;][\/et_pb_fullwidth_image][et_pb_fullwidth_header button_one_text=&#8221;Contactez-nous&#8221; button_one_url=&#8221;https:\/\/www.centsys.com\/demo002\/coordonnees\/&#8221; button_two_text=&#8221;Centre d\u2019appels&#8221; button_two_url=&#8221;https:\/\/www.centsys.com\/demo002\/centre-dappels\/&#8221; _builder_version=&#8221;4.23.1&#8243; _module_preset=&#8221;default&#8221; background_color=&#8221;#c1c1c1&#8243; custom_button_one=&#8221;on&#8221; button_one_text_color=&#8221;#FFFFFF&#8221; button_one_bg_color=&#8221;#999999&#8243; button_one_border_color=&#8221;#999999&#8243; custom_button_two=&#8221;on&#8221; button_two_text_color=&#8221;#FFFFFF&#8221; button_two_bg_color=&#8221;#999999&#8243; button_two_border_color=&#8221;#999999&#8243; custom_padding=&#8221;2px||18px|||&#8221; global_colors_info=&#8221;{}&#8221; theme_builder_area=&#8221;post_content&#8221;][\/et_pb_fullwidth_header][\/et_pb_section]<\/p>\n","protected":false},"excerpt":{"rendered":"<p><span><span><a href=\"https:\/\/www.centsys.com\/demo002\/\">ACCUEIL<\/a><\/span><\/span>EMPREINTE MONDIALE Gr\u00e2ce \u00e0 notre r\u00e9seau de distributeurs agr\u00e9\u00e9s et d\u2019installateurs officiels, les moteurs de portail et les produits d\u2019automatisation d\u2019acc\u00e8s de\u00a0CENTURION sont disponibles dans plus de 70 pays \u00a0\u00e0 travers le monde.\u00a0Nous nous effor\u00e7ons de fournir nos produits, par l\u2019interm\u00e9diaire de nos partenaires de distribution, partout o\u00f9 le besoin \u00a0se fait sentir. Si vous [&hellip;]<\/p>\n","protected":false},"author":1,"featured_media":0,"parent":0,"menu_order":0,"comment_status":"closed","ping_status":"closed","template":"","meta":{"_et_pb_use_builder":"on","_et_pb_old_content":"","_et_gb_content_width":"","_joinchat":[],"footnotes":""},"class_list":["post-278","page","type-page","status-publish","hentry"],"yoast_head":"<!-- This site is optimized with the Yoast SEO Premium plugin v27.3 (Yoast SEO v27.4) - https:\/\/yoast.com\/product\/yoast-seo-premium-wordpress\/ -->\r\n<title>Empreinte Mondiale - Centurion Systems<\/title>\r\n<meta name=\"description\" content=\"Avec nos distributeurs autoris\u00e9s et nos installateurs officiels, les moteurs de portail CENTURION et les produits d&#039;automatisation d&#039;acc\u00e8s sont disponibles dans plus de 70 pays \u00e0 travers le monde.\" \/>\r\n<meta name=\"robots\" content=\"index, follow, max-snippet:-1, max-image-preview:large, max-video-preview:-1\" \/>\r\n<link rel=\"canonical\" href=\"https:\/\/www.centsys.com\/demo002\/empreinte-mondiale\/\" \/>\r\n<meta property=\"og:locale\" content=\"en_US\" \/>\r\n<meta property=\"og:type\" content=\"article\" \/>\r\n<meta property=\"og:title\" content=\"Empreinte Mondiale\" \/>\r\n<meta property=\"og:description\" content=\"Avec nos distributeurs autoris\u00e9s et nos installateurs officiels, les moteurs de portail CENTURION et les produits d&#039;automatisation d&#039;acc\u00e8s sont disponibles dans plus de 70 pays \u00e0 travers le monde.\" \/>\r\n<meta property=\"og:url\" content=\"https:\/\/www.centsys.com\/demo002\/empreinte-mondiale\/\" \/>\r\n<meta property=\"og:site_name\" content=\"Centurion Systems French\" \/>\r\n<meta property=\"article:modified_time\" content=\"2024-02-08T11:04:53+00:00\" \/>\r\n<meta name=\"twitter:card\" content=\"summary_large_image\" \/>\r\n<meta name=\"twitter:label1\" content=\"Est. reading time\" \/>\n\t<meta name=\"twitter:data1\" content=\"2 minutes\" \/>\r\n<script type=\"application\/ld+json\" class=\"yoast-schema-graph\">{\"@context\":\"https:\\\/\\\/schema.org\",\"@graph\":[{\"@type\":\"WebPage\",\"@id\":\"https:\\\/\\\/www.centsys.com\\\/demo002\\\/empreinte-mondiale\\\/\",\"url\":\"https:\\\/\\\/www.centsys.com\\\/demo002\\\/empreinte-mondiale\\\/\",\"name\":\"Empreinte Mondiale - Centurion Systems\",\"isPartOf\":{\"@id\":\"https:\\\/\\\/www.centsys.com\\\/demo002\\\/#website\"},\"datePublished\":\"2020-03-04T09:31:05+00:00\",\"dateModified\":\"2024-02-08T11:04:53+00:00\",\"description\":\"Avec nos distributeurs autoris\u00e9s et nos installateurs officiels, les moteurs de portail CENTURION et les produits d'automatisation d'acc\u00e8s sont disponibles dans plus de 70 pays \u00e0 travers le monde.\",\"breadcrumb\":{\"@id\":\"https:\\\/\\\/www.centsys.com\\\/demo002\\\/empreinte-mondiale\\\/#breadcrumb\"},\"inLanguage\":\"en-ZA\",\"potentialAction\":[{\"@type\":\"ReadAction\",\"target\":[\"https:\\\/\\\/www.centsys.com\\\/demo002\\\/empreinte-mondiale\\\/\"]}]},{\"@type\":\"BreadcrumbList\",\"@id\":\"https:\\\/\\\/www.centsys.com\\\/demo002\\\/empreinte-mondiale\\\/#breadcrumb\",\"itemListElement\":[{\"@type\":\"ListItem\",\"position\":1,\"name\":\"ACCUEIL\",\"item\":\"https:\\\/\\\/www.centsys.com\\\/demo002\\\/\"},{\"@type\":\"ListItem\",\"position\":2,\"name\":\"Empreinte Mondiale\"}]},{\"@type\":\"WebSite\",\"@id\":\"https:\\\/\\\/www.centsys.com\\\/demo002\\\/#website\",\"url\":\"https:\\\/\\\/www.centsys.com\\\/demo002\\\/\",\"name\":\"Centurion Systems French\",\"description\":\"Produits D\u2019automatisation D\u2019acc\u00e8s\",\"potentialAction\":[{\"@type\":\"SearchAction\",\"target\":{\"@type\":\"EntryPoint\",\"urlTemplate\":\"https:\\\/\\\/www.centsys.com\\\/demo002\\\/?s={search_term_string}\"},\"query-input\":{\"@type\":\"PropertyValueSpecification\",\"valueRequired\":true,\"valueName\":\"search_term_string\"}}],\"inLanguage\":\"en-ZA\"}]}<\/script>\r\n<!-- \/ Yoast SEO Premium plugin. -->","yoast_head_json":{"title":"Empreinte Mondiale - Centurion Systems","description":"Avec nos distributeurs autoris\u00e9s et nos installateurs officiels, les moteurs de portail CENTURION et les produits d'automatisation d'acc\u00e8s sont disponibles dans plus de 70 pays \u00e0 travers le monde.","robots":{"index":"index","follow":"follow","max-snippet":"max-snippet:-1","max-image-preview":"max-image-preview:large","max-video-preview":"max-video-preview:-1"},"canonical":"https:\/\/www.centsys.com\/demo002\/empreinte-mondiale\/","og_locale":"en_US","og_type":"article","og_title":"Empreinte Mondiale","og_description":"Avec nos distributeurs autoris\u00e9s et nos installateurs officiels, les moteurs de portail CENTURION et les produits d'automatisation d'acc\u00e8s sont disponibles dans plus de 70 pays \u00e0 travers le monde.","og_url":"https:\/\/www.centsys.com\/demo002\/empreinte-mondiale\/","og_site_name":"Centurion Systems French","article_modified_time":"2024-02-08T11:04:53+00:00","twitter_card":"summary_large_image","twitter_misc":{"Est. reading time":"2 minutes"},"schema":{"@context":"https:\/\/schema.org","@graph":[{"@type":"WebPage","@id":"https:\/\/www.centsys.com\/demo002\/empreinte-mondiale\/","url":"https:\/\/www.centsys.com\/demo002\/empreinte-mondiale\/","name":"Empreinte Mondiale - Centurion Systems","isPartOf":{"@id":"https:\/\/www.centsys.com\/demo002\/#website"},"datePublished":"2020-03-04T09:31:05+00:00","dateModified":"2024-02-08T11:04:53+00:00","description":"Avec nos distributeurs autoris\u00e9s et nos installateurs officiels, les moteurs de portail CENTURION et les produits d'automatisation d'acc\u00e8s sont disponibles dans plus de 70 pays \u00e0 travers le monde.","breadcrumb":{"@id":"https:\/\/www.centsys.com\/demo002\/empreinte-mondiale\/#breadcrumb"},"inLanguage":"en-ZA","potentialAction":[{"@type":"ReadAction","target":["https:\/\/www.centsys.com\/demo002\/empreinte-mondiale\/"]}]},{"@type":"BreadcrumbList","@id":"https:\/\/www.centsys.com\/demo002\/empreinte-mondiale\/#breadcrumb","itemListElement":[{"@type":"ListItem","position":1,"name":"ACCUEIL","item":"https:\/\/www.centsys.com\/demo002\/"},{"@type":"ListItem","position":2,"name":"Empreinte Mondiale"}]},{"@type":"WebSite","@id":"https:\/\/www.centsys.com\/demo002\/#website","url":"https:\/\/www.centsys.com\/demo002\/","name":"Centurion Systems French","description":"Produits D\u2019automatisation D\u2019acc\u00e8s","potentialAction":[{"@type":"SearchAction","target":{"@type":"EntryPoint","urlTemplate":"https:\/\/www.centsys.com\/demo002\/?s={search_term_string}"},"query-input":{"@type":"PropertyValueSpecification","valueRequired":true,"valueName":"search_term_string"}}],"inLanguage":"en-ZA"}]}},"_links":{"self":[{"href":"https:\/\/www.centsys.com\/demo002\/wp-json\/wp\/v2\/pages\/278","targetHints":{"allow":["GET"]}}],"collection":[{"href":"https:\/\/www.centsys.com\/demo002\/wp-json\/wp\/v2\/pages"}],"about":[{"href":"https:\/\/www.centsys.com\/demo002\/wp-json\/wp\/v2\/types\/page"}],"author":[{"embeddable":true,"href":"https:\/\/www.centsys.com\/demo002\/wp-json\/wp\/v2\/users\/1"}],"replies":[{"embeddable":true,"href":"https:\/\/www.centsys.com\/demo002\/wp-json\/wp\/v2\/comments?post=278"}],"version-history":[{"count":0,"href":"https:\/\/www.centsys.com\/demo002\/wp-json\/wp\/v2\/pages\/278\/revisions"}],"wp:attachment":[{"href":"https:\/\/www.centsys.com\/demo002\/wp-json\/wp\/v2\/media?parent=278"}],"curies":[{"name":"wp","href":"https:\/\/api.w.org\/{rel}","templated":true}]}}