{"id":290,"date":"2020-03-04T09:35:27","date_gmt":"2020-03-04T09:35:27","guid":{"rendered":"https:\/\/www.centsys.co.za\/fr\/?page_id=290"},"modified":"2024-02-08T13:05:43","modified_gmt":"2024-02-08T11:05:43","slug":"normes-et-sante-securite","status":"publish","type":"page","link":"https:\/\/www.centsys.com\/demo002\/normes-et-sante-securite\/","title":{"rendered":"Normes et sant\u00e9 s\u00e9curit\u00e9"},"content":{"rendered":"<p>[et_pb_section fb_built=&#8221;1&#8243; fullwidth=&#8221;on&#8221; _builder_version=&#8221;4.16&#8243; global_colors_info=&#8221;{}&#8221;][et_pb_fullwidth_image src=&#8221;https:\/\/www.centsys.com\/demo002\/img\/Normes\/Normes et sante s\u00e9curit\u00e9 du Centurion Systems.jpg&#8221; _builder_version=&#8221;4.16&#8243; global_colors_info=&#8221;{}&#8221;][\/et_pb_fullwidth_image][\/et_pb_section][et_pb_section fb_built=&#8221;1&#8243; fullwidth=&#8221;on&#8221; _builder_version=&#8221;4.20.4&#8243; background_color=&#8221;#e5e5e5&#8243; use_background_color_gradient=&#8221;on&#8221; background_color_gradient_stops=&#8221;#e5e5e5 0%|#e5e5e5 100%&#8221; background_color_gradient_start=&#8221;#e5e5e5&#8243; background_color_gradient_end=&#8221;#e5e5e5&#8243; transform_translate=&#8221;-13px|269px&#8221; background_color_gradient_stops_tablet=&#8221;#e5e5e5 0%|#e5e5e5 100%&#8221; background_color_gradient_stops_phone=&#8221;#e5e5e5 0%|#e5e5e5 100%&#8221; global_module=&#8221;5513&#8243; global_colors_info=&#8221;{}&#8221;][et_pb_fullwidth_code _builder_version=&#8221;4.20.4&#8243; _module_preset=&#8221;default&#8221; global_colors_info=&#8221;{}&#8221;]<span><span><a href=\"https:\/\/www.centsys.com\/demo002\/\">ACCUEIL<\/a><\/span><\/span>[\/et_pb_fullwidth_code][\/et_pb_section][et_pb_section fb_built=&#8221;1&#8243; _builder_version=&#8221;4.16&#8243; custom_padding=&#8221;||1px|||&#8221; global_colors_info=&#8221;{}&#8221;][et_pb_row _builder_version=&#8221;4.16&#8243; global_colors_info=&#8221;{}&#8221;][et_pb_column type=&#8221;4_4&#8243; _builder_version=&#8221;4.16&#8243; global_colors_info=&#8221;{}&#8221;][et_pb_text _builder_version=&#8221;4.16&#8243; global_colors_info=&#8221;{}&#8221;]<\/p>\n<h1 class=\"p1\" style=\"text-align: center;\">NORMES<\/h1>\n<p>Centurion Systems est un fabricant\u00a0<strong>d\u2019\u00e9quipements d\u2019automatisation d\u2019acc\u00e8s<\/strong>\u00a0bas\u00e9 en Afrique du Sud. La soci\u00e9t\u00e9 fonctionne selon les\u00a0<strong>normes de qualit\u00e9 les plus <\/strong>\u00a0<strong>rigoureuses,<\/strong> et tous les produits sont soumis \u00a0aux tests \u00e0 100% o\u00f9 rien ne sort de l\u2019usine \u00e0 moins \u00a0de \u00a0satisfaire \u00a0ou \u00a0\u00a0\u00a0\u00a0surpasser nos <strong>strictes<\/strong> <strong>normes \u00a0.<\/strong><\/p>\n<p>&nbsp;<\/p>\n<p>[\/et_pb_text][\/et_pb_column][\/et_pb_row][et_pb_row column_structure=&#8221;1_3,1_3,1_3&#8243; _builder_version=&#8221;4.16&#8243; global_colors_info=&#8221;{}&#8221;][et_pb_column type=&#8221;1_3&#8243; _builder_version=&#8221;4.16&#8243; global_colors_info=&#8221;{}&#8221;][et_pb_image src=&#8221;https:\/\/www.centsys.com\/demo002\/img\/Normes\/CS11_Standards_QAS-LOGO-9001-2000.jpg&#8221; align=&#8221;center&#8221; _builder_version=&#8221;4.16&#8243; global_colors_info=&#8221;{}&#8221;][\/et_pb_image][\/et_pb_column][et_pb_column type=&#8221;1_3&#8243; _builder_version=&#8221;4.16&#8243; global_colors_info=&#8221;{}&#8221;][et_pb_image src=&#8221;https:\/\/www.centsys.com\/demo002\/img\/Normes\/CS11_Standards_QAS-LOGO-9001-2008.jpg&#8221; align=&#8221;center&#8221; _builder_version=&#8221;4.16&#8243; global_colors_info=&#8221;{}&#8221;][\/et_pb_image][\/et_pb_column][et_pb_column type=&#8221;1_3&#8243; _builder_version=&#8221;4.16&#8243; global_colors_info=&#8221;{}&#8221;][et_pb_image src=&#8221;https:\/\/www.centsys.com\/demo002\/img\/Normes\/CS11_Standards_QAS-LOGO-9001-2015.jpg&#8221; align=&#8221;center&#8221; _builder_version=&#8221;4.16&#8243; global_colors_info=&#8221;{}&#8221;][\/et_pb_image][\/et_pb_column][\/et_pb_row][et_pb_row _builder_version=&#8221;4.16&#8243; global_colors_info=&#8221;{}&#8221;][et_pb_column type=&#8221;4_4&#8243; _builder_version=&#8221;4.16&#8243; global_colors_info=&#8221;{}&#8221;][et_pb_text _builder_version=&#8221;4.16&#8243; global_colors_info=&#8221;{}&#8221;]<\/p>\n<p>La soci\u00e9t\u00e9 a satisfait aux normes internationales\u00a0<strong>ISO 9001:2000<\/strong>\u00a0et a re\u00e7u la certification ISO 9001:2000, ISO 9001:2008 et plus r\u00e9cemment, conform\u00e9ment \u00e0 notre philosophie d\u2019am\u00e9lioration continue, elle a \u00e9t\u00e9 mise \u00e0 jour \u00e0 ISO 9001:2015.<\/p>\n<p>Centurion Systems est certifi\u00e9e et enregistr\u00e9e selon la norme ISO 9001\u00a0:2015 et \u00e0 ce titre,<\/p>\n<ul>\n<li>Toutes les installations des produits CENTURION doivent respecter les exigences des manuels d\u2019installation CENTURION (et de tout autre document connexe), y compris les exigences \u00e9lectriques, et que,<\/li>\n<li>Les syst\u00e8mes doivent \u00eatre install\u00e9s selon les normes de fabrication et de qualit\u00e9 les plus \u00e9lev\u00e9es, de sorte qu\u2019aucune plainte des clients ne soit re\u00e7ue ; et<\/li>\n<li>L\u2019installation du syst\u00e8me doit \u00eatre conforme \u00e0 toutes les exigences de la loi relative \u00e0 la sant\u00e9 et \u00e0 la s\u00e9curit\u00e9 au travail en termes de protection des clients et du personnel, \u00a0ainsi que de s\u00e9curit\u00e9 de l\u2019installation; et le syst\u00e8me doit \u00eatre conforme aux exigences du r\u00e8glement sur l\u2019installation \u00e9lectrique de la loi relative \u00e0 la Sant\u00e9 et la S\u00e9curit\u00e9 au travail afin que les clients puissent ult\u00e9rieurement obtenir un certificat de conformit\u00e9 \u00e9lectrique sans qu\u2019il \u00a0soit n\u00e9cessaires d\u2019entreprendre des actions suppl\u00e9mentaires .<\/li>\n<\/ul>\n<p>[\/et_pb_text][\/et_pb_column][\/et_pb_row][\/et_pb_section][et_pb_section fb_built=&#8221;1&#8243; _builder_version=&#8221;4.16&#8243; custom_padding=&#8221;0px|||||&#8221; global_colors_info=&#8221;{}&#8221;][et_pb_row _builder_version=&#8221;4.16&#8243; global_colors_info=&#8221;{}&#8221;][et_pb_column type=&#8221;4_4&#8243; _builder_version=&#8221;4.16&#8243; global_colors_info=&#8221;{}&#8221;][et_pb_text _builder_version=&#8221;4.16&#8243; header_5_font=&#8221;|||on|||||&#8221; global_colors_info=&#8221;{}&#8221;]<\/p>\n<h1 class=\"p1\" style=\"text-align: center;\">D\u00e9claration de la Politique de CENTURION en Mati\u00e8re de S\u00e8curit\u00e9, de Sant\u00e9, d\u2019environnement et de Qualit\u00e9<\/h1>\n<p class=\"p1\" style=\"text-align: center;\">Centurion Systems (Pty) Ltd s\u2019engage \u00e0 respecter les normes de s\u00e9curit\u00e9, de sant\u00e9, d\u2019environnement et de qualit\u00e9. Notre proc\u00e9d\u00e9 et notre m\u00e9thodologie de flux de travail se concentrent sur la pr\u00e9vention des blessures et de la mauvaise sant\u00e9 ainsi que sur la r\u00e9duction de l\u2019impact environnemental.<\/p>\n<h5 class=\"p1\">\u00a0<\/h5>\n<h5 class=\"p1\">Nos objectifs principaux:<\/h5>\n<ol>\n<li class=\"p1\">La philosophie de gestion de Centurion Systems vise\u00a0<strong>l\u2019am\u00e9lioration de tous les aspects de nos activit\u00e9s<\/strong>\u00a0afin d\u2019assurer un contr\u00f4le ad\u00e9quat des risques pour la sant\u00e9 et la s\u00e9curit\u00e9 d\u00e9coulant de nos activit\u00e9s professionnelles.<\/li>\n<li class=\"p1\">Consulter nos employ\u00e9s sur les questions touchant leur sant\u00e9 et leur s\u00e9curit\u00e9.<\/li>\n<li class=\"p1\"><strong>Informer, instruire et superviser<\/strong>\u00a0tous les employ\u00e9s.<\/li>\n<li class=\"p1\">Faciliter\u00a0<strong>l\u2019am\u00e9lioration continue<\/strong>\u00a0de tous les employ\u00e9s en fournissant des programmes de formation complets.<\/li>\n<li class=\"p1\">La mise en oeuvre, le maintien et l\u2019am\u00e9lioration des normes\u00a0<strong>ISO 9001.<\/strong><\/li>\n<li class=\"p1\">Assurer la conformit\u00e9 aux exigences<strong>\u00a0l\u00e9gislatives, statutaires et r\u00e9glementaires.<\/strong><\/li>\n<li class=\"p1\">Assurer la manipulation et l\u2019utilisation en toute s\u00e9curit\u00e9 des substances dangereuses dans notre organisation.<\/li>\n<li class=\"p1\">S\u2019assurer d\u2019une\u00a0<strong>compr\u00e9hension globale<\/strong>\u00a0de nos politiques afin que chaque employ\u00e9 comprenne comment il contribue \u00e0 l\u2019atteinte des objectifs et des cibles de la soci\u00e9t\u00e9.<\/li>\n<li class=\"p1\">Examiner et r\u00e9viser cette politique au besoin \u00e0 intervalles r\u00e9guliers et s\u2019assurer qu\u2019elle est approuv\u00e9e par la haute direction.<\/li>\n<\/ol>\n<h5 class=\"p1\">\u00a0<\/h5>\n<h5 class=\"p1\">\u00a0<\/h5>\n<h5 class=\"p1\">Vision:<\/h5>\n<p class=\"p1\"><strong>\u201c\u00catre une soci\u00e9t\u00e9 d\u2019automatisation d\u2019acc\u00e8s durable, internationale et de classe mondiale.\u201d<\/strong><\/p>\n<h5 class=\"p1\">\u00a0<\/h5>\n<h5 class=\"p1\">\u00a0<\/h5>\n<h5 class=\"p1\">Mission:<\/h5>\n<ol>\n<li class=\"p1\">Enchanter nos clients avec des produits et services de classe mondiale.<\/li>\n<li class=\"p1\">\u00catre l\u2019employeur et l\u2019employ\u00e9 de choix.<\/li>\n<li class=\"p1\">Cro\u00eetre par l\u2019am\u00e9lioration continue.<\/li>\n<li class=\"p1\">Pr\u00e9server l\u2019environnement.<\/li>\n<\/ol>\n<p class=\"p1\">Nous y parviendrons en affectant des<strong>\u00a0ressources ad\u00e9quates<\/strong>\u00a0\u00e0 nos syst\u00e8mes de gestion de la s\u00e9curit\u00e9, de la sant\u00e9, de l\u2019environnement et de la qualit\u00e9.<\/p>\n<p>[\/et_pb_text][\/et_pb_column][\/et_pb_row][\/et_pb_section][et_pb_section fb_built=&#8221;1&#8243; fullwidth=&#8221;on&#8221; custom_padding_last_edited=&#8221;on|desktop&#8221; admin_label=&#8221;THIS IS THE MID SECTION BANNER SITE WIDE&#8221; _builder_version=&#8221;4.21.2&#8243; background_color=&#8221;RGBA(255,255,255,0)&#8221; background_image=&#8221;\/img\/home\/Centurion-System-Next-Level-SMART.jpg&#8221; background_enable_image=&#8221;off&#8221; transform_translate=&#8221;0px|-45px&#8221; transform_translate_linked=&#8221;off&#8221; min_height=&#8221;450px&#8221; height=&#8221;450px&#8221; max_height=&#8221;450px&#8221; custom_margin=&#8221;22px|||||&#8221; custom_padding=&#8221;0px|0px|0px|0px|false|false&#8221; custom_padding_tablet=&#8221;50px|0|198px|0|false|false&#8221; custom_padding_phone=&#8221;&#8221; link_option_url=&#8221;https:\/\/www.centsys.co.za\/d5-smart-training\/?utm_source=Website&#038;utm_medium=WEB%20BANNERS&#038;utm_campaign=SMART%20TRAINING&#8221; z_index_tablet=&#8221;500&#8243; custom_css_main_element=&#8221;height:250px; &#8221; box_shadow_horizontal_tablet=&#8221;0px&#8221; box_shadow_vertical_tablet=&#8221;0px&#8221; box_shadow_blur_tablet=&#8221;40px&#8221; box_shadow_spread_tablet=&#8221;0px&#8221; saved_tabs=&#8221;all&#8221; global_colors_info=&#8221;{}&#8221; global_module=&#8221;24554&#8243; theme_builder_area=&#8221;post_content&#8221;][et_pb_fullwidth_image src=&#8221;https:\/\/www.centsys.com\/demo002\/img\/blog\/D%C3%A9couvrez%20le%20SMART%20ECOSYSTEM%20avec%20MyCentsys%20Remote.jpg&#8221; url=&#8221;https:\/\/www.centsys.com\/demo002\/application-mobile-mycentsys-remote\/&#8221; url_new_window=&#8221;on&#8221; _builder_version=&#8221;4.23.1&#8243; _module_preset=&#8221;default&#8221; global_colors_info=&#8221;{}&#8221; theme_builder_area=&#8221;post_content&#8221;][\/et_pb_fullwidth_image][et_pb_fullwidth_header button_one_text=&#8221;Contactez-nous&#8221; button_one_url=&#8221;https:\/\/www.centsys.com\/demo002\/coordonnees\/&#8221; button_two_text=&#8221;Centre d\u2019appels&#8221; button_two_url=&#8221;https:\/\/www.centsys.com\/demo002\/centre-dappels\/&#8221; _builder_version=&#8221;4.23.1&#8243; _module_preset=&#8221;default&#8221; background_color=&#8221;#c1c1c1&#8243; custom_button_one=&#8221;on&#8221; button_one_text_color=&#8221;#FFFFFF&#8221; button_one_bg_color=&#8221;#999999&#8243; button_one_border_color=&#8221;#999999&#8243; custom_button_two=&#8221;on&#8221; button_two_text_color=&#8221;#FFFFFF&#8221; button_two_bg_color=&#8221;#999999&#8243; button_two_border_color=&#8221;#999999&#8243; custom_padding=&#8221;2px||18px|||&#8221; global_colors_info=&#8221;{}&#8221; theme_builder_area=&#8221;post_content&#8221;][\/et_pb_fullwidth_header][\/et_pb_section]<\/p>\n","protected":false},"excerpt":{"rendered":"<p><span><span><a href=\"https:\/\/www.centsys.com\/demo002\/\">ACCUEIL<\/a><\/span><\/span>NORMES Centurion Systems est un fabricant\u00a0d\u2019\u00e9quipements d\u2019automatisation d\u2019acc\u00e8s\u00a0bas\u00e9 en Afrique du Sud. La soci\u00e9t\u00e9 fonctionne selon les\u00a0normes de qualit\u00e9 les plus \u00a0rigoureuses, et tous les produits sont soumis \u00a0aux tests \u00e0 100% o\u00f9 rien ne sort de l\u2019usine \u00e0 moins \u00a0de \u00a0satisfaire \u00a0ou \u00a0\u00a0\u00a0\u00a0surpasser nos strictes normes \u00a0. &nbsp;La soci\u00e9t\u00e9 a satisfait aux normes internationales\u00a0ISO [&hellip;]<\/p>\n","protected":false},"author":1,"featured_media":0,"parent":0,"menu_order":0,"comment_status":"closed","ping_status":"closed","template":"","meta":{"_et_pb_use_builder":"on","_et_pb_old_content":"","_et_gb_content_width":"","_joinchat":[],"footnotes":""},"class_list":["post-290","page","type-page","status-publish","hentry"],"yoast_head":"<!-- This site is optimized with the Yoast SEO Premium plugin v27.3 (Yoast SEO v27.4) - https:\/\/yoast.com\/product\/yoast-seo-premium-wordpress\/ -->\r\n<title>Normes et Sant\u00e9 S\u00e9curit\u00e9 - Centurion Systems<\/title>\r\n<meta name=\"description\" content=\"Certifi\u00e9 ISO 9001: 2000, 2008 correspond \u00e0 notre \u00e9thique d&#039;am\u00e9lioration, il a \u00e9t\u00e9 mis \u00e0 jour vers ISO 9001: 2015. Appelez aujourd&#039;hui: +27 11 699 2400.\" \/>\r\n<meta name=\"robots\" content=\"index, follow, max-snippet:-1, max-image-preview:large, max-video-preview:-1\" \/>\r\n<link rel=\"canonical\" href=\"https:\/\/www.centsys.com\/demo002\/normes-et-sante-securite\/\" \/>\r\n<meta property=\"og:locale\" content=\"en_US\" \/>\r\n<meta property=\"og:type\" content=\"article\" \/>\r\n<meta property=\"og:title\" content=\"Normes et sant\u00e9 s\u00e9curit\u00e9\" \/>\r\n<meta property=\"og:description\" content=\"Certifi\u00e9 ISO 9001: 2000, 2008 correspond \u00e0 notre \u00e9thique d&#039;am\u00e9lioration, il a \u00e9t\u00e9 mis \u00e0 jour vers ISO 9001: 2015. Appelez aujourd&#039;hui: +27 11 699 2400.\" \/>\r\n<meta property=\"og:url\" content=\"https:\/\/www.centsys.com\/demo002\/normes-et-sante-securite\/\" \/>\r\n<meta property=\"og:site_name\" content=\"Centurion Systems French\" \/>\r\n<meta property=\"article:modified_time\" content=\"2024-02-08T11:05:43+00:00\" \/>\r\n<meta name=\"twitter:card\" content=\"summary_large_image\" \/>\r\n<meta name=\"twitter:label1\" content=\"Est. reading time\" \/>\n\t<meta name=\"twitter:data1\" content=\"4 minutes\" \/>\r\n<script type=\"application\/ld+json\" class=\"yoast-schema-graph\">{\"@context\":\"https:\\\/\\\/schema.org\",\"@graph\":[{\"@type\":\"WebPage\",\"@id\":\"https:\\\/\\\/www.centsys.com\\\/demo002\\\/normes-et-sante-securite\\\/\",\"url\":\"https:\\\/\\\/www.centsys.com\\\/demo002\\\/normes-et-sante-securite\\\/\",\"name\":\"Normes et Sant\u00e9 S\u00e9curit\u00e9 - Centurion Systems\",\"isPartOf\":{\"@id\":\"https:\\\/\\\/www.centsys.com\\\/demo002\\\/#website\"},\"datePublished\":\"2020-03-04T09:35:27+00:00\",\"dateModified\":\"2024-02-08T11:05:43+00:00\",\"description\":\"Certifi\u00e9 ISO 9001: 2000, 2008 correspond \u00e0 notre \u00e9thique d'am\u00e9lioration, il a \u00e9t\u00e9 mis \u00e0 jour vers ISO 9001: 2015. Appelez aujourd'hui: +27 11 699 2400.\",\"breadcrumb\":{\"@id\":\"https:\\\/\\\/www.centsys.com\\\/demo002\\\/normes-et-sante-securite\\\/#breadcrumb\"},\"inLanguage\":\"en-ZA\",\"potentialAction\":[{\"@type\":\"ReadAction\",\"target\":[\"https:\\\/\\\/www.centsys.com\\\/demo002\\\/normes-et-sante-securite\\\/\"]}]},{\"@type\":\"BreadcrumbList\",\"@id\":\"https:\\\/\\\/www.centsys.com\\\/demo002\\\/normes-et-sante-securite\\\/#breadcrumb\",\"itemListElement\":[{\"@type\":\"ListItem\",\"position\":1,\"name\":\"ACCUEIL\",\"item\":\"https:\\\/\\\/www.centsys.com\\\/demo002\\\/\"},{\"@type\":\"ListItem\",\"position\":2,\"name\":\"Normes et sant\u00e9 s\u00e9curit\u00e9\"}]},{\"@type\":\"WebSite\",\"@id\":\"https:\\\/\\\/www.centsys.com\\\/demo002\\\/#website\",\"url\":\"https:\\\/\\\/www.centsys.com\\\/demo002\\\/\",\"name\":\"Centurion Systems French\",\"description\":\"Produits D\u2019automatisation D\u2019acc\u00e8s\",\"potentialAction\":[{\"@type\":\"SearchAction\",\"target\":{\"@type\":\"EntryPoint\",\"urlTemplate\":\"https:\\\/\\\/www.centsys.com\\\/demo002\\\/?s={search_term_string}\"},\"query-input\":{\"@type\":\"PropertyValueSpecification\",\"valueRequired\":true,\"valueName\":\"search_term_string\"}}],\"inLanguage\":\"en-ZA\"}]}<\/script>\r\n<!-- \/ Yoast SEO Premium plugin. -->","yoast_head_json":{"title":"Normes et Sant\u00e9 S\u00e9curit\u00e9 - Centurion Systems","description":"Certifi\u00e9 ISO 9001: 2000, 2008 correspond \u00e0 notre \u00e9thique d'am\u00e9lioration, il a \u00e9t\u00e9 mis \u00e0 jour vers ISO 9001: 2015. Appelez aujourd'hui: +27 11 699 2400.","robots":{"index":"index","follow":"follow","max-snippet":"max-snippet:-1","max-image-preview":"max-image-preview:large","max-video-preview":"max-video-preview:-1"},"canonical":"https:\/\/www.centsys.com\/demo002\/normes-et-sante-securite\/","og_locale":"en_US","og_type":"article","og_title":"Normes et sant\u00e9 s\u00e9curit\u00e9","og_description":"Certifi\u00e9 ISO 9001: 2000, 2008 correspond \u00e0 notre \u00e9thique d'am\u00e9lioration, il a \u00e9t\u00e9 mis \u00e0 jour vers ISO 9001: 2015. Appelez aujourd'hui: +27 11 699 2400.","og_url":"https:\/\/www.centsys.com\/demo002\/normes-et-sante-securite\/","og_site_name":"Centurion Systems French","article_modified_time":"2024-02-08T11:05:43+00:00","twitter_card":"summary_large_image","twitter_misc":{"Est. reading time":"4 minutes"},"schema":{"@context":"https:\/\/schema.org","@graph":[{"@type":"WebPage","@id":"https:\/\/www.centsys.com\/demo002\/normes-et-sante-securite\/","url":"https:\/\/www.centsys.com\/demo002\/normes-et-sante-securite\/","name":"Normes et Sant\u00e9 S\u00e9curit\u00e9 - Centurion Systems","isPartOf":{"@id":"https:\/\/www.centsys.com\/demo002\/#website"},"datePublished":"2020-03-04T09:35:27+00:00","dateModified":"2024-02-08T11:05:43+00:00","description":"Certifi\u00e9 ISO 9001: 2000, 2008 correspond \u00e0 notre \u00e9thique d'am\u00e9lioration, il a \u00e9t\u00e9 mis \u00e0 jour vers ISO 9001: 2015. Appelez aujourd'hui: +27 11 699 2400.","breadcrumb":{"@id":"https:\/\/www.centsys.com\/demo002\/normes-et-sante-securite\/#breadcrumb"},"inLanguage":"en-ZA","potentialAction":[{"@type":"ReadAction","target":["https:\/\/www.centsys.com\/demo002\/normes-et-sante-securite\/"]}]},{"@type":"BreadcrumbList","@id":"https:\/\/www.centsys.com\/demo002\/normes-et-sante-securite\/#breadcrumb","itemListElement":[{"@type":"ListItem","position":1,"name":"ACCUEIL","item":"https:\/\/www.centsys.com\/demo002\/"},{"@type":"ListItem","position":2,"name":"Normes et sant\u00e9 s\u00e9curit\u00e9"}]},{"@type":"WebSite","@id":"https:\/\/www.centsys.com\/demo002\/#website","url":"https:\/\/www.centsys.com\/demo002\/","name":"Centurion Systems French","description":"Produits D\u2019automatisation D\u2019acc\u00e8s","potentialAction":[{"@type":"SearchAction","target":{"@type":"EntryPoint","urlTemplate":"https:\/\/www.centsys.com\/demo002\/?s={search_term_string}"},"query-input":{"@type":"PropertyValueSpecification","valueRequired":true,"valueName":"search_term_string"}}],"inLanguage":"en-ZA"}]}},"_links":{"self":[{"href":"https:\/\/www.centsys.com\/demo002\/wp-json\/wp\/v2\/pages\/290","targetHints":{"allow":["GET"]}}],"collection":[{"href":"https:\/\/www.centsys.com\/demo002\/wp-json\/wp\/v2\/pages"}],"about":[{"href":"https:\/\/www.centsys.com\/demo002\/wp-json\/wp\/v2\/types\/page"}],"author":[{"embeddable":true,"href":"https:\/\/www.centsys.com\/demo002\/wp-json\/wp\/v2\/users\/1"}],"replies":[{"embeddable":true,"href":"https:\/\/www.centsys.com\/demo002\/wp-json\/wp\/v2\/comments?post=290"}],"version-history":[{"count":0,"href":"https:\/\/www.centsys.com\/demo002\/wp-json\/wp\/v2\/pages\/290\/revisions"}],"wp:attachment":[{"href":"https:\/\/www.centsys.com\/demo002\/wp-json\/wp\/v2\/media?parent=290"}],"curies":[{"name":"wp","href":"https:\/\/api.w.org\/{rel}","templated":true}]}}