{"id":315,"date":"2020-03-04T09:55:17","date_gmt":"2020-03-04T09:55:17","guid":{"rendered":"https:\/\/www.centsys.co.za\/fr\/?page_id=315"},"modified":"2024-02-08T13:07:04","modified_gmt":"2024-02-08T11:07:04","slug":"visite-de-lusine","status":"publish","type":"page","link":"https:\/\/www.centsys.com\/demo002\/visite-de-lusine\/","title":{"rendered":"Visite de l\u2019usine"},"content":{"rendered":"<p>[et_pb_section fb_built=&#8221;1&#8243; fullwidth=&#8221;on&#8221; _builder_version=&#8221;4.16&#8243; global_colors_info=&#8221;{}&#8221;][et_pb_fullwidth_image src=&#8221;https:\/\/www.centsys.com\/demo002\/img\/Visite de l&#8217;usine Centurion Systems\/Visite de l&#8217;usine Centurion Systems.jpg&#8221; _builder_version=&#8221;4.16&#8243; global_colors_info=&#8221;{}&#8221;][\/et_pb_fullwidth_image][\/et_pb_section][et_pb_section fb_built=&#8221;1&#8243; fullwidth=&#8221;on&#8221; _builder_version=&#8221;4.20.4&#8243; background_color=&#8221;#e5e5e5&#8243; use_background_color_gradient=&#8221;on&#8221; background_color_gradient_stops=&#8221;#e5e5e5 0%|#e5e5e5 100%&#8221; background_color_gradient_start=&#8221;#e5e5e5&#8243; background_color_gradient_end=&#8221;#e5e5e5&#8243; transform_translate=&#8221;-13px|269px&#8221; background_color_gradient_stops_tablet=&#8221;#e5e5e5 0%|#e5e5e5 100%&#8221; background_color_gradient_stops_phone=&#8221;#e5e5e5 0%|#e5e5e5 100%&#8221; global_module=&#8221;5513&#8243; global_colors_info=&#8221;{}&#8221;][et_pb_fullwidth_code _builder_version=&#8221;4.20.4&#8243; _module_preset=&#8221;default&#8221; global_colors_info=&#8221;{}&#8221;]<span><span><a href=\"https:\/\/www.centsys.com\/demo002\/\">ACCUEIL<\/a><\/span><\/span>[\/et_pb_fullwidth_code][\/et_pb_section][et_pb_section fb_built=&#8221;1&#8243; _builder_version=&#8221;4.16&#8243; global_colors_info=&#8221;{}&#8221;][et_pb_row _builder_version=&#8221;4.16&#8243; global_colors_info=&#8221;{}&#8221;][et_pb_column type=&#8221;4_4&#8243; _builder_version=&#8221;4.16&#8243; global_colors_info=&#8221;{}&#8221;][et_pb_text _builder_version=&#8221;4.16&#8243; header_5_font=&#8221;|||on|||||&#8221; global_colors_info=&#8221;{}&#8221;]<\/p>\n<h1 class=\"p1\" style=\"text-align: center;\">VISITE DE L\u2019USINE<\/h1>\n<p>&nbsp;<\/p>\n<h2 class=\"p1\">L\u2019usine de production de CENTURION<\/h2>\n<p>Actuellement, l\u2019usine de fabrication de CENTURION dispose de <strong>20 lignes de production<\/strong> qui peuvent \u00eatre regroup\u00e9es en quatre secteurs principaux ;<\/p>\n<ul>\n<li class=\"p2\">Commande num\u00e9rique par ordinateur (CNC)<\/li>\n<li class=\"p2\">Technologie de montage en surface (SMT)<\/li>\n<li class=\"p1\">Assemblage \u00e9lectronique et assemblage m\u00e9canique<\/li>\n<\/ul>\n<p>Collectivement, CENTURION fabrique plus de <strong>272,000 pi\u00e8ces d\u00e9tach\u00e9es par mois<\/strong>, qui sont n\u00e9cessaires \u00e0 l\u2019assemblage final. Cela se traduit par <strong>82000 produits<\/strong> <strong>finis par mois<\/strong>, et si l\u2019on consid\u00e8re que la plupart des produits sont <strong>assembl\u00e9s manuellement<\/strong> sur des lignes de production semi-automatiques, c\u2019est une r\u00e9alisation assez impressionnante.<\/p>\n<p>Presque tous les outils et calibres utilis\u00e9s pour l\u2019assemblage sont con\u00e7us, fabriqu\u00e9s et maintenus en interne par le d\u00e9partement d\u2019assistance \u00e0 la production de CENTURION. CENTURION b\u00e9n\u00e9ficie ainsi d\u2019un avantage comp\u00e9titif, car il y a tr\u00e8s peu de <strong>temps d\u2019arr\u00eat<\/strong> en attendant la r\u00e9paration des machines, et cela permet en outre de d\u00e9velopper des m\u00e9thodes tr\u00e8s <strong>innovantes<\/strong> d\u2019assemblage et d\u2019essai des produits finis.<\/p>\n<p>Il y a quelques ann\u00e9es, CENTURION s\u2019est lanc\u00e9 dans un programme d\u2019efficacit\u00e9 de la production, g\u00e9r\u00e9 \u00e0 travers le Minist\u00e8re sud-africain du Commerce et de l\u2019Industrie. Ce programme, appel\u00e9 &#8220;The Workplace Challenge&#8221;, permet \u00e0 nos employ\u00e9s de s\u2019impliquer davantage aux d\u00e9cisions prises dans la soci\u00e9t\u00e9, favorise <strong>l\u2019innovation et le leadership<\/strong>, et contribue au d\u00e9veloppement et \u00e0 l\u2019am\u00e9lioration des comp\u00e9tences relatifs \u00e0 la main-d\u2019\u0153uvre. Cela a donn\u00e9 \u00e0 CENTURION l\u2019avantage sur ses concurrents en termes de qualit\u00e9 et de livraison de ses produits aux utilisateurs finaux. Les employ\u00e9s font un effort suppl\u00e9mentaire pour am\u00e9liorer leur espace de travail et leur productivit\u00e9, et sont fiers de voir leur nom associ\u00e9 aux produits qu\u2019ils fabriquent.<\/p>\n<p>&nbsp;<\/p>\n<h2 class=\"p1\">Recherche et d\u00e9veloppement de CENTURION<strong><br \/><\/strong><\/h2>\n<p>Le d\u00e9partement R&amp;D de CENTURION est responsable \u00e0 la fois de la conception des nouveaux produits et des lignes de production sur lesquelles ils sont fabriqu\u00e9s. L\u2019\u00e9quipe est compos\u00e9 de nombreux ing\u00e9nieurs, dont l\u2019objectif principal est le d\u00e9veloppement de produits d\u2019automatisation d\u2019acc\u00e8s de niveau international. Nos comp\u00e9tences dans le domaine \u00e9lectronique comprennent :<\/p>\n<ul>\n<li class=\"p2\">Mat\u00e9riel int\u00e9gr\u00e9<\/li>\n<li class=\"p2\">Conception de micrologiciels et de logiciels<\/li>\n<li class=\"p2\">Conception de l\u2019alimentation \u00e9lectrique<\/li>\n<li class=\"p1\">Conception RF\/RFID<\/li>\n<\/ul>\n<p>Tandis que nos capacit\u00e9s en m\u00e9canique incluent la mod\u00e9lisation 3D, l\u2019analyse par \u00e9l\u00e9ments finis (FEA) et la conception d\u2019engrenages.<\/p>\n<p>En tant que fabricant, nous comprenons parfaitement les exigences du proc\u00e9d\u00e9 de fabrication en s\u00e9rie, et cela est pris en compte au moment de la conception, o\u00f9 une liaison continue entre les \u00e9quipes de conception et celles de la fabrication garantit que chaque produit peut \u00eatre assembl\u00e9 en un minimum de temps, ce qui nous permet de fournir <strong>des produits de pointe \u00e0 des prix comp\u00e9titifs.<\/strong><\/p>\n<p>Tous les produits <strong>CENTURION<\/strong> sont con\u00e7us en interne, ce qui nous permet d\u2019adapter nos conceptions aux conditions locales et nous donne une compr\u00e9hension profonde de leur fonctionnement interne. Cela se traduit par la capacit\u00e9 de fournir une sauvegarde de classe mondiale, ainsi que la possibilit\u00e9 d\u2019adapter nos produits aux applications sp\u00e9cifiques de nos clients.<\/p>\n<p>[\/et_pb_text][\/et_pb_column][\/et_pb_row][\/et_pb_section][et_pb_section fb_built=&#8221;1&#8243; fullwidth=&#8221;on&#8221; custom_padding_last_edited=&#8221;on|desktop&#8221; admin_label=&#8221;THIS IS THE MID SECTION BANNER SITE WIDE&#8221; _builder_version=&#8221;4.21.2&#8243; background_color=&#8221;RGBA(255,255,255,0)&#8221; background_image=&#8221;\/img\/home\/Centurion-System-Next-Level-SMART.jpg&#8221; background_enable_image=&#8221;off&#8221; transform_translate=&#8221;0px|-45px&#8221; transform_translate_linked=&#8221;off&#8221; min_height=&#8221;450px&#8221; height=&#8221;450px&#8221; max_height=&#8221;450px&#8221; custom_margin=&#8221;22px|||||&#8221; custom_padding=&#8221;0px|0px|0px|0px|false|false&#8221; custom_padding_tablet=&#8221;50px|0|198px|0|false|false&#8221; custom_padding_phone=&#8221;&#8221; link_option_url=&#8221;https:\/\/www.centsys.co.za\/d5-smart-training\/?utm_source=Website&#038;utm_medium=WEB%20BANNERS&#038;utm_campaign=SMART%20TRAINING&#8221; z_index_tablet=&#8221;500&#8243; custom_css_main_element=&#8221;height:250px; &#8221; box_shadow_horizontal_tablet=&#8221;0px&#8221; box_shadow_vertical_tablet=&#8221;0px&#8221; box_shadow_blur_tablet=&#8221;40px&#8221; box_shadow_spread_tablet=&#8221;0px&#8221; saved_tabs=&#8221;all&#8221; global_colors_info=&#8221;{}&#8221; global_module=&#8221;24554&#8243; theme_builder_area=&#8221;post_content&#8221;][et_pb_fullwidth_image src=&#8221;https:\/\/www.centsys.com\/demo002\/img\/blog\/D%C3%A9couvrez%20le%20SMART%20ECOSYSTEM%20avec%20MyCentsys%20Remote.jpg&#8221; url=&#8221;https:\/\/www.centsys.com\/demo002\/application-mobile-mycentsys-remote\/&#8221; url_new_window=&#8221;on&#8221; _builder_version=&#8221;4.23.1&#8243; _module_preset=&#8221;default&#8221; global_colors_info=&#8221;{}&#8221; theme_builder_area=&#8221;post_content&#8221;][\/et_pb_fullwidth_image][et_pb_fullwidth_header button_one_text=&#8221;Contactez-nous&#8221; button_one_url=&#8221;https:\/\/www.centsys.com\/demo002\/coordonnees\/&#8221; button_two_text=&#8221;Centre d\u2019appels&#8221; button_two_url=&#8221;https:\/\/www.centsys.com\/demo002\/centre-dappels\/&#8221; _builder_version=&#8221;4.23.1&#8243; _module_preset=&#8221;default&#8221; background_color=&#8221;#c1c1c1&#8243; custom_button_one=&#8221;on&#8221; button_one_text_color=&#8221;#FFFFFF&#8221; button_one_bg_color=&#8221;#999999&#8243; button_one_border_color=&#8221;#999999&#8243; custom_button_two=&#8221;on&#8221; button_two_text_color=&#8221;#FFFFFF&#8221; button_two_bg_color=&#8221;#999999&#8243; button_two_border_color=&#8221;#999999&#8243; custom_padding=&#8221;2px||18px|||&#8221; global_colors_info=&#8221;{}&#8221; theme_builder_area=&#8221;post_content&#8221;][\/et_pb_fullwidth_header][\/et_pb_section]<\/p>\n","protected":false},"excerpt":{"rendered":"<p><span><span><a href=\"https:\/\/www.centsys.com\/demo002\/\">ACCUEIL<\/a><\/span><\/span>VISITE DE L\u2019USINE &nbsp; L\u2019usine de production de CENTURION Actuellement, l\u2019usine de fabrication de CENTURION dispose de 20 lignes de production qui peuvent \u00eatre regroup\u00e9es en quatre secteurs principaux ; Commande num\u00e9rique par ordinateur (CNC) Technologie de montage en surface (SMT) Assemblage \u00e9lectronique et assemblage m\u00e9canique Collectivement, CENTURION fabrique plus de 272,000 pi\u00e8ces d\u00e9tach\u00e9es par [&hellip;]<\/p>\n","protected":false},"author":1,"featured_media":0,"parent":0,"menu_order":0,"comment_status":"closed","ping_status":"closed","template":"","meta":{"_et_pb_use_builder":"on","_et_pb_old_content":"","_et_gb_content_width":"","_joinchat":[],"footnotes":""},"class_list":["post-315","page","type-page","status-publish","hentry"],"yoast_head":"<!-- This site is optimized with the Yoast SEO Premium plugin v27.3 (Yoast SEO v27.4) - https:\/\/yoast.com\/product\/yoast-seo-premium-wordpress\/ -->\r\n<title>Visite de l\u2019usine - Centurion Systems<\/title>\r\n<meta name=\"description\" content=\"Les produits CENTURION sont con\u00e7us en interne pour s&#039;adapter aux conditions locales. Appelez aujourd&#039;hui: +27 11 699 2400 \/ exports@centsys.com.\" \/>\r\n<meta name=\"robots\" content=\"index, follow, max-snippet:-1, max-image-preview:large, max-video-preview:-1\" \/>\r\n<link rel=\"canonical\" href=\"https:\/\/www.centsys.com\/demo002\/visite-de-lusine\/\" \/>\r\n<meta property=\"og:locale\" content=\"en_US\" \/>\r\n<meta property=\"og:type\" content=\"article\" \/>\r\n<meta property=\"og:title\" content=\"Visite de l\u2019usine\" \/>\r\n<meta property=\"og:description\" content=\"Les produits CENTURION sont con\u00e7us en interne pour s&#039;adapter aux conditions locales. Appelez aujourd&#039;hui: +27 11 699 2400 \/ exports@centsys.com.\" \/>\r\n<meta property=\"og:url\" content=\"https:\/\/www.centsys.com\/demo002\/visite-de-lusine\/\" \/>\r\n<meta property=\"og:site_name\" content=\"Centurion Systems French\" \/>\r\n<meta property=\"article:modified_time\" content=\"2024-02-08T11:07:04+00:00\" \/>\r\n<meta name=\"twitter:card\" content=\"summary_large_image\" \/>\r\n<meta name=\"twitter:label1\" content=\"Est. reading time\" \/>\n\t<meta name=\"twitter:data1\" content=\"3 minutes\" \/>\r\n<script type=\"application\/ld+json\" class=\"yoast-schema-graph\">{\"@context\":\"https:\\\/\\\/schema.org\",\"@graph\":[{\"@type\":\"WebPage\",\"@id\":\"https:\\\/\\\/www.centsys.com\\\/demo002\\\/visite-de-lusine\\\/\",\"url\":\"https:\\\/\\\/www.centsys.com\\\/demo002\\\/visite-de-lusine\\\/\",\"name\":\"Visite de l\u2019usine - Centurion Systems\",\"isPartOf\":{\"@id\":\"https:\\\/\\\/www.centsys.com\\\/demo002\\\/#website\"},\"datePublished\":\"2020-03-04T09:55:17+00:00\",\"dateModified\":\"2024-02-08T11:07:04+00:00\",\"description\":\"Les produits CENTURION sont con\u00e7us en interne pour s'adapter aux conditions locales. Appelez aujourd'hui: +27 11 699 2400 \\\/ exports@centsys.com.\",\"breadcrumb\":{\"@id\":\"https:\\\/\\\/www.centsys.com\\\/demo002\\\/visite-de-lusine\\\/#breadcrumb\"},\"inLanguage\":\"en-ZA\",\"potentialAction\":[{\"@type\":\"ReadAction\",\"target\":[\"https:\\\/\\\/www.centsys.com\\\/demo002\\\/visite-de-lusine\\\/\"]}]},{\"@type\":\"BreadcrumbList\",\"@id\":\"https:\\\/\\\/www.centsys.com\\\/demo002\\\/visite-de-lusine\\\/#breadcrumb\",\"itemListElement\":[{\"@type\":\"ListItem\",\"position\":1,\"name\":\"ACCUEIL\",\"item\":\"https:\\\/\\\/www.centsys.com\\\/demo002\\\/\"},{\"@type\":\"ListItem\",\"position\":2,\"name\":\"Visite de l\u2019usine\"}]},{\"@type\":\"WebSite\",\"@id\":\"https:\\\/\\\/www.centsys.com\\\/demo002\\\/#website\",\"url\":\"https:\\\/\\\/www.centsys.com\\\/demo002\\\/\",\"name\":\"Centurion Systems French\",\"description\":\"Produits D\u2019automatisation D\u2019acc\u00e8s\",\"potentialAction\":[{\"@type\":\"SearchAction\",\"target\":{\"@type\":\"EntryPoint\",\"urlTemplate\":\"https:\\\/\\\/www.centsys.com\\\/demo002\\\/?s={search_term_string}\"},\"query-input\":{\"@type\":\"PropertyValueSpecification\",\"valueRequired\":true,\"valueName\":\"search_term_string\"}}],\"inLanguage\":\"en-ZA\"}]}<\/script>\r\n<!-- \/ Yoast SEO Premium plugin. -->","yoast_head_json":{"title":"Visite de l\u2019usine - Centurion Systems","description":"Les produits CENTURION sont con\u00e7us en interne pour s'adapter aux conditions locales. Appelez aujourd'hui: +27 11 699 2400 \/ exports@centsys.com.","robots":{"index":"index","follow":"follow","max-snippet":"max-snippet:-1","max-image-preview":"max-image-preview:large","max-video-preview":"max-video-preview:-1"},"canonical":"https:\/\/www.centsys.com\/demo002\/visite-de-lusine\/","og_locale":"en_US","og_type":"article","og_title":"Visite de l\u2019usine","og_description":"Les produits CENTURION sont con\u00e7us en interne pour s'adapter aux conditions locales. Appelez aujourd'hui: +27 11 699 2400 \/ exports@centsys.com.","og_url":"https:\/\/www.centsys.com\/demo002\/visite-de-lusine\/","og_site_name":"Centurion Systems French","article_modified_time":"2024-02-08T11:07:04+00:00","twitter_card":"summary_large_image","twitter_misc":{"Est. reading time":"3 minutes"},"schema":{"@context":"https:\/\/schema.org","@graph":[{"@type":"WebPage","@id":"https:\/\/www.centsys.com\/demo002\/visite-de-lusine\/","url":"https:\/\/www.centsys.com\/demo002\/visite-de-lusine\/","name":"Visite de l\u2019usine - Centurion Systems","isPartOf":{"@id":"https:\/\/www.centsys.com\/demo002\/#website"},"datePublished":"2020-03-04T09:55:17+00:00","dateModified":"2024-02-08T11:07:04+00:00","description":"Les produits CENTURION sont con\u00e7us en interne pour s'adapter aux conditions locales. Appelez aujourd'hui: +27 11 699 2400 \/ exports@centsys.com.","breadcrumb":{"@id":"https:\/\/www.centsys.com\/demo002\/visite-de-lusine\/#breadcrumb"},"inLanguage":"en-ZA","potentialAction":[{"@type":"ReadAction","target":["https:\/\/www.centsys.com\/demo002\/visite-de-lusine\/"]}]},{"@type":"BreadcrumbList","@id":"https:\/\/www.centsys.com\/demo002\/visite-de-lusine\/#breadcrumb","itemListElement":[{"@type":"ListItem","position":1,"name":"ACCUEIL","item":"https:\/\/www.centsys.com\/demo002\/"},{"@type":"ListItem","position":2,"name":"Visite de l\u2019usine"}]},{"@type":"WebSite","@id":"https:\/\/www.centsys.com\/demo002\/#website","url":"https:\/\/www.centsys.com\/demo002\/","name":"Centurion Systems French","description":"Produits D\u2019automatisation D\u2019acc\u00e8s","potentialAction":[{"@type":"SearchAction","target":{"@type":"EntryPoint","urlTemplate":"https:\/\/www.centsys.com\/demo002\/?s={search_term_string}"},"query-input":{"@type":"PropertyValueSpecification","valueRequired":true,"valueName":"search_term_string"}}],"inLanguage":"en-ZA"}]}},"_links":{"self":[{"href":"https:\/\/www.centsys.com\/demo002\/wp-json\/wp\/v2\/pages\/315","targetHints":{"allow":["GET"]}}],"collection":[{"href":"https:\/\/www.centsys.com\/demo002\/wp-json\/wp\/v2\/pages"}],"about":[{"href":"https:\/\/www.centsys.com\/demo002\/wp-json\/wp\/v2\/types\/page"}],"author":[{"embeddable":true,"href":"https:\/\/www.centsys.com\/demo002\/wp-json\/wp\/v2\/users\/1"}],"replies":[{"embeddable":true,"href":"https:\/\/www.centsys.com\/demo002\/wp-json\/wp\/v2\/comments?post=315"}],"version-history":[{"count":0,"href":"https:\/\/www.centsys.com\/demo002\/wp-json\/wp\/v2\/pages\/315\/revisions"}],"wp:attachment":[{"href":"https:\/\/www.centsys.com\/demo002\/wp-json\/wp\/v2\/media?parent=315"}],"curies":[{"name":"wp","href":"https:\/\/api.w.org\/{rel}","templated":true}]}}