{"id":343,"date":"2020-03-04T10:14:06","date_gmt":"2020-03-04T10:14:06","guid":{"rendered":"https:\/\/www.centsys.co.za\/fr\/?page_id=343"},"modified":"2024-07-14T16:43:19","modified_gmt":"2024-07-14T14:43:19","slug":"support-technique","status":"publish","type":"page","link":"https:\/\/www.centsys.com\/demo002\/support-technique\/","title":{"rendered":"Support Technique"},"content":{"rendered":"<p>[et_pb_section fb_built=&#8221;1&#8243; fullwidth=&#8221;on&#8221; _builder_version=&#8221;4.16&#8243; global_colors_info=&#8221;{}&#8221;][et_pb_fullwidth_image src=&#8221;https:\/\/www.centsys.com\/demo002\/img\/support\/CENTURION_Support%20Technique_FR.jpg&#8221; _builder_version=&#8221;4.25.2&#8243; global_colors_info=&#8221;{}&#8221;][\/et_pb_fullwidth_image][\/et_pb_section][et_pb_section fb_built=&#8221;1&#8243; fullwidth=&#8221;on&#8221; _builder_version=&#8221;4.20.4&#8243; background_color=&#8221;#e5e5e5&#8243; use_background_color_gradient=&#8221;on&#8221; background_color_gradient_stops=&#8221;#e5e5e5 0%|#e5e5e5 100%&#8221; background_color_gradient_start=&#8221;#e5e5e5&#8243; background_color_gradient_end=&#8221;#e5e5e5&#8243; transform_translate=&#8221;-13px|269px&#8221; background_color_gradient_stops_tablet=&#8221;#e5e5e5 0%|#e5e5e5 100%&#8221; background_color_gradient_stops_phone=&#8221;#e5e5e5 0%|#e5e5e5 100%&#8221; global_module=&#8221;5513&#8243; global_colors_info=&#8221;{}&#8221;][et_pb_fullwidth_code _builder_version=&#8221;4.20.4&#8243; _module_preset=&#8221;default&#8221; global_colors_info=&#8221;{}&#8221;]<span><span><a href=\"https:\/\/www.centsys.com\/demo002\/\">ACCUEIL<\/a><\/span><\/span>[\/et_pb_fullwidth_code][\/et_pb_section][et_pb_section fb_built=&#8221;1&#8243; _builder_version=&#8221;4.16&#8243; global_colors_info=&#8221;{}&#8221;][et_pb_row _builder_version=&#8221;4.16&#8243; global_colors_info=&#8221;{}&#8221;][et_pb_column type=&#8221;4_4&#8243; _builder_version=&#8221;4.16&#8243; global_colors_info=&#8221;{}&#8221;][et_pb_text _builder_version=&#8221;4.25.0&#8243; header_5_font=&#8221;|||on|||||&#8221; global_colors_info=&#8221;{}&#8221;]<\/p>\n<div class=\"et_pb_module et_pb_text et_pb_text_0 et_pb_text_align_left et_pb_bg_layout_light\">\n<div class=\"et_pb_text_inner\">\n<h1>SUPPORT TECHNIQUE<\/h1>\n<p>Notre \u00e9quipe d&#8217;assistance technique offre une assistance technique gratuite aux clients CENTURION, aux installateurs agr\u00e9\u00e9s et aux distributeurs officiels.<\/p>\n<p>Nous sommes ouverts de\u00a0<strong>08h00 \u00e0 16H30<\/strong>\u00a0(GMT +2, Heure \u00a0d\u2019Afrique du Sud) du lundi au vendredi, et le samedi de\u00a0<strong>08h00 \u00e0 14h00<\/strong>, sauf les jours f\u00e9ri\u00e9s.<\/p>\n<p>&nbsp;<\/p>\n<h3>ADRESSE PHYSIQUE:<\/h3>\n<p>Unit 13 Northlands Production Park<br \/>Intersection Epsom Avenue &amp; Newmarket Road<br \/>Northriding<br \/>Johannesburg<br \/>2162<br \/>Afrique du sud<\/p>\n<p>&nbsp;<\/p>\n<h3>HORAIRES:<\/h3>\n<p>De 08h00 \u00e0 16h30 (GMT +2, Heure d\u2019Afrique du Sud) \u2013 Du lundi au vendredi, sauf les jours f\u00e9ri\u00e9s; de 08h00 \u00e0 14h00 (GMT +2, Heure d\u2019Afrique du Sud) \u2013 Le samedi.<\/p>\n<p>&nbsp;<\/p>\n<h3>COORDONN\u00c9ES DU SUPPORT TECHNIQUE:<\/h3>\n<p>WhatsApp: <a href=\"https:\/\/wa.me\/270836504244\" target=\"_blank\" rel=\"noopener\">+27(0) 83 650 4244<\/a><br \/>Courriel:\u00a0<u><a href=\"mailto:Support@CentSys.co.za\">Support@CentSys.co.za<br \/><\/a><\/u>Vous pouvez \u00e9galement nous contacter via\u00a0<a href=\"https:\/\/www.facebook.com\/CenturionSystemsFr\">Facebook,<\/a> <a href=\"https:\/\/www.instagram.com\/centurionsystems_fr\/\">Instagram<\/a> et <a href=\"https:\/\/twitter.com\/askCenturion_Fr\">X (Twitter)<\/a><\/p>\n<\/div>\n<\/div>\n<p>[\/et_pb_text][\/et_pb_column][\/et_pb_row][\/et_pb_section][et_pb_section fb_built=&#8221;1&#8243; fullwidth=&#8221;on&#8221; admin_label=&#8221;THIS IS THE MID SECTION BANNER SITE WIDE&#8221; _builder_version=&#8221;4.24.0&#8243; _module_preset=&#8221;default&#8221; global_module=&#8221;25449&#8243; global_colors_info=&#8221;{}&#8221;][et_pb_fullwidth_image src=&#8221;https:\/\/www.centsys.com\/demo002\/img\/home%20page\/CENTURION)Passez%20%C3%A0%20MyCentsys%20Remote%20pour%20un%20acc%C3%A8s%20continu_BANNER.jpg&#8221; url=&#8221;https:\/\/www.centsys.com\/demo002\/g-remote-ne-fonctionnera-plus-apres-le-31-aout\/&#8221; url_new_window=&#8221;on&#8221; admin_label=&#8221;FOOTER_SITE WIDE&#8221; _builder_version=&#8221;4.25.2&#8243; _module_preset=&#8221;default&#8221; global_colors_info=&#8221;{}&#8221;][\/et_pb_fullwidth_image][et_pb_fullwidth_header button_one_text=&#8221;Contactez-nous&#8221; button_one_url=&#8221;https:\/\/www.centsys.com\/demo002\/coordonnees\/&#8221; button_two_text=&#8221;Support Technique&#8221; button_two_url=&#8221;https:\/\/www.centsys.com\/demo002\/support-technique\/&#8221; _builder_version=&#8221;4.25.0&#8243; _module_preset=&#8221;default&#8221; background_color=&#8221;#c1c1c1&#8243; custom_button_one=&#8221;on&#8221; button_one_text_color=&#8221;#FFFFFF&#8221; button_one_bg_color=&#8221;#999999&#8243; button_one_border_color=&#8221;#999999&#8243; custom_button_two=&#8221;on&#8221; button_two_text_color=&#8221;#FFFFFF&#8221; button_two_bg_color=&#8221;#999999&#8243; button_two_border_color=&#8221;#999999&#8243; custom_margin=&#8221;||-4px|||&#8221; custom_padding=&#8221;6px||17px|||&#8221; button_two_bg_color_tablet=&#8221;#999999&#8243; button_two_bg_color_phone=&#8221;#999999&#8243; button_two_bg_color_last_edited=&#8221;on|desktop&#8221; global_colors_info=&#8221;{}&#8221; button_one_bg_color__hover_enabled=&#8221;on|desktop&#8221; button_one_bg_color__hover=&#8221;#81c341&#8243; button_one_bg_enable_color__hover=&#8221;on&#8221; button_one_border_color__hover_enabled=&#8221;on|hover&#8221; button_one_border_color__hover=&#8221;#81c341&#8243; button_two_bg_color__hover_enabled=&#8221;on|hover&#8221; button_two_bg_color__hover=&#8221;#81c341&#8243; button_two_bg_enable_color__hover=&#8221;on&#8221; button_two_border_color__hover_enabled=&#8221;on|hover&#8221; button_two_border_color__hover=&#8221;#81c341&#8243;][\/et_pb_fullwidth_header][\/et_pb_section]<\/p>\n","protected":false},"excerpt":{"rendered":"<p><span><span><a href=\"https:\/\/www.centsys.com\/demo002\/\">ACCUEIL<\/a><\/span><\/span> SUPPORT TECHNIQUE Notre \u00e9quipe d&#8217;assistance technique offre une assistance technique gratuite aux clients CENTURION, aux installateurs agr\u00e9\u00e9s et aux distributeurs officiels. Nous sommes ouverts de\u00a008h00 \u00e0 16H30\u00a0(GMT +2, Heure \u00a0d\u2019Afrique du Sud) du lundi au vendredi, et le samedi de\u00a008h00 \u00e0 14h00, sauf les jours f\u00e9ri\u00e9s. &nbsp; ADRESSE PHYSIQUE: Unit 13 Northlands Production ParkIntersection [&hellip;]<\/p>\n","protected":false},"author":1,"featured_media":0,"parent":0,"menu_order":0,"comment_status":"closed","ping_status":"closed","template":"","meta":{"_et_pb_use_builder":"on","_et_pb_old_content":"","_et_gb_content_width":"","_joinchat":[],"footnotes":""},"class_list":["post-343","page","type-page","status-publish","hentry"],"yoast_head":"<!-- This site is optimized with the Yoast SEO Premium plugin v27.3 (Yoast SEO v27.4) - https:\/\/yoast.com\/product\/yoast-seo-premium-wordpress\/ -->\r\n<title>Support Technique - Centurion Systems<\/title>\r\n<meta name=\"description\" content=\"Fournir une assistance gratuite aux clients, installateurs agr\u00e9\u00e9s et distributeurs officiels CENTURION.\" \/>\r\n<meta name=\"robots\" content=\"index, follow, max-snippet:-1, max-image-preview:large, max-video-preview:-1\" \/>\r\n<link rel=\"canonical\" href=\"https:\/\/www.centsys.com\/demo002\/support-technique\/\" \/>\r\n<meta property=\"og:locale\" content=\"en_US\" \/>\r\n<meta property=\"og:type\" content=\"article\" \/>\r\n<meta property=\"og:title\" content=\"Support Technique\" \/>\r\n<meta property=\"og:description\" content=\"Fournir une assistance gratuite aux clients, installateurs agr\u00e9\u00e9s et distributeurs officiels CENTURION.\" \/>\r\n<meta property=\"og:url\" content=\"https:\/\/www.centsys.com\/demo002\/support-technique\/\" \/>\r\n<meta property=\"og:site_name\" content=\"Centurion Systems French\" \/>\r\n<meta property=\"article:modified_time\" content=\"2024-07-14T14:43:19+00:00\" \/>\r\n<meta name=\"twitter:card\" content=\"summary_large_image\" \/>\r\n<meta name=\"twitter:label1\" content=\"Est. reading time\" \/>\n\t<meta name=\"twitter:data1\" content=\"2 minutes\" \/>\r\n<script type=\"application\/ld+json\" class=\"yoast-schema-graph\">{\"@context\":\"https:\\\/\\\/schema.org\",\"@graph\":[{\"@type\":\"WebPage\",\"@id\":\"https:\\\/\\\/www.centsys.com\\\/demo002\\\/support-technique\\\/\",\"url\":\"https:\\\/\\\/www.centsys.com\\\/demo002\\\/support-technique\\\/\",\"name\":\"Support Technique - Centurion Systems\",\"isPartOf\":{\"@id\":\"https:\\\/\\\/www.centsys.com\\\/demo002\\\/#website\"},\"datePublished\":\"2020-03-04T10:14:06+00:00\",\"dateModified\":\"2024-07-14T14:43:19+00:00\",\"description\":\"Fournir une assistance gratuite aux clients, installateurs agr\u00e9\u00e9s et distributeurs officiels CENTURION.\",\"breadcrumb\":{\"@id\":\"https:\\\/\\\/www.centsys.com\\\/demo002\\\/support-technique\\\/#breadcrumb\"},\"inLanguage\":\"en-ZA\",\"potentialAction\":[{\"@type\":\"ReadAction\",\"target\":[\"https:\\\/\\\/www.centsys.com\\\/demo002\\\/support-technique\\\/\"]}]},{\"@type\":\"BreadcrumbList\",\"@id\":\"https:\\\/\\\/www.centsys.com\\\/demo002\\\/support-technique\\\/#breadcrumb\",\"itemListElement\":[{\"@type\":\"ListItem\",\"position\":1,\"name\":\"ACCUEIL\",\"item\":\"https:\\\/\\\/www.centsys.com\\\/demo002\\\/\"},{\"@type\":\"ListItem\",\"position\":2,\"name\":\"Support Technique\"}]},{\"@type\":\"WebSite\",\"@id\":\"https:\\\/\\\/www.centsys.com\\\/demo002\\\/#website\",\"url\":\"https:\\\/\\\/www.centsys.com\\\/demo002\\\/\",\"name\":\"Centurion Systems French\",\"description\":\"Produits D\u2019automatisation D\u2019acc\u00e8s\",\"potentialAction\":[{\"@type\":\"SearchAction\",\"target\":{\"@type\":\"EntryPoint\",\"urlTemplate\":\"https:\\\/\\\/www.centsys.com\\\/demo002\\\/?s={search_term_string}\"},\"query-input\":{\"@type\":\"PropertyValueSpecification\",\"valueRequired\":true,\"valueName\":\"search_term_string\"}}],\"inLanguage\":\"en-ZA\"}]}<\/script>\r\n<!-- \/ Yoast SEO Premium plugin. -->","yoast_head_json":{"title":"Support Technique - Centurion Systems","description":"Fournir une assistance gratuite aux clients, installateurs agr\u00e9\u00e9s et distributeurs officiels CENTURION.","robots":{"index":"index","follow":"follow","max-snippet":"max-snippet:-1","max-image-preview":"max-image-preview:large","max-video-preview":"max-video-preview:-1"},"canonical":"https:\/\/www.centsys.com\/demo002\/support-technique\/","og_locale":"en_US","og_type":"article","og_title":"Support Technique","og_description":"Fournir une assistance gratuite aux clients, installateurs agr\u00e9\u00e9s et distributeurs officiels CENTURION.","og_url":"https:\/\/www.centsys.com\/demo002\/support-technique\/","og_site_name":"Centurion Systems French","article_modified_time":"2024-07-14T14:43:19+00:00","twitter_card":"summary_large_image","twitter_misc":{"Est. reading time":"2 minutes"},"schema":{"@context":"https:\/\/schema.org","@graph":[{"@type":"WebPage","@id":"https:\/\/www.centsys.com\/demo002\/support-technique\/","url":"https:\/\/www.centsys.com\/demo002\/support-technique\/","name":"Support Technique - Centurion Systems","isPartOf":{"@id":"https:\/\/www.centsys.com\/demo002\/#website"},"datePublished":"2020-03-04T10:14:06+00:00","dateModified":"2024-07-14T14:43:19+00:00","description":"Fournir une assistance gratuite aux clients, installateurs agr\u00e9\u00e9s et distributeurs officiels CENTURION.","breadcrumb":{"@id":"https:\/\/www.centsys.com\/demo002\/support-technique\/#breadcrumb"},"inLanguage":"en-ZA","potentialAction":[{"@type":"ReadAction","target":["https:\/\/www.centsys.com\/demo002\/support-technique\/"]}]},{"@type":"BreadcrumbList","@id":"https:\/\/www.centsys.com\/demo002\/support-technique\/#breadcrumb","itemListElement":[{"@type":"ListItem","position":1,"name":"ACCUEIL","item":"https:\/\/www.centsys.com\/demo002\/"},{"@type":"ListItem","position":2,"name":"Support Technique"}]},{"@type":"WebSite","@id":"https:\/\/www.centsys.com\/demo002\/#website","url":"https:\/\/www.centsys.com\/demo002\/","name":"Centurion Systems French","description":"Produits D\u2019automatisation D\u2019acc\u00e8s","potentialAction":[{"@type":"SearchAction","target":{"@type":"EntryPoint","urlTemplate":"https:\/\/www.centsys.com\/demo002\/?s={search_term_string}"},"query-input":{"@type":"PropertyValueSpecification","valueRequired":true,"valueName":"search_term_string"}}],"inLanguage":"en-ZA"}]}},"_links":{"self":[{"href":"https:\/\/www.centsys.com\/demo002\/wp-json\/wp\/v2\/pages\/343","targetHints":{"allow":["GET"]}}],"collection":[{"href":"https:\/\/www.centsys.com\/demo002\/wp-json\/wp\/v2\/pages"}],"about":[{"href":"https:\/\/www.centsys.com\/demo002\/wp-json\/wp\/v2\/types\/page"}],"author":[{"embeddable":true,"href":"https:\/\/www.centsys.com\/demo002\/wp-json\/wp\/v2\/users\/1"}],"replies":[{"embeddable":true,"href":"https:\/\/www.centsys.com\/demo002\/wp-json\/wp\/v2\/comments?post=343"}],"version-history":[{"count":0,"href":"https:\/\/www.centsys.com\/demo002\/wp-json\/wp\/v2\/pages\/343\/revisions"}],"wp:attachment":[{"href":"https:\/\/www.centsys.com\/demo002\/wp-json\/wp\/v2\/media?parent=343"}],"curies":[{"name":"wp","href":"https:\/\/api.w.org\/{rel}","templated":true}]}}