{"id":362,"date":"2020-03-04T10:23:22","date_gmt":"2020-03-04T10:23:22","guid":{"rendered":"https:\/\/www.centsys.co.za\/fr\/?page_id=362"},"modified":"2025-10-06T13:07:10","modified_gmt":"2025-10-06T11:07:10","slug":"paia","status":"publish","type":"page","link":"https:\/\/www.centsys.com\/demo002\/paia\/","title":{"rendered":"PAIA"},"content":{"rendered":"<p>[et_pb_section fb_built=&#8221;1&#8243; fullwidth=&#8221;on&#8221; _builder_version=&#8221;4.16&#8243; global_colors_info=&#8221;{}&#8221;][et_pb_fullwidth_image src=&#8221;https:\/\/www.centsys.com\/demo002\/img\/PAIA\/Travailler chez CENTURION.jpg&#8221; _builder_version=&#8221;4.16&#8243; global_colors_info=&#8221;{}&#8221;][\/et_pb_fullwidth_image][\/et_pb_section][et_pb_section fb_built=&#8221;1&#8243; fullwidth=&#8221;on&#8221; _builder_version=&#8221;4.20.4&#8243; background_color=&#8221;#e5e5e5&#8243; use_background_color_gradient=&#8221;on&#8221; background_color_gradient_stops=&#8221;#e5e5e5 0%|#e5e5e5 100%&#8221; background_color_gradient_start=&#8221;#e5e5e5&#8243; background_color_gradient_end=&#8221;#e5e5e5&#8243; transform_translate=&#8221;-13px|269px&#8221; background_color_gradient_stops_tablet=&#8221;#e5e5e5 0%|#e5e5e5 100%&#8221; background_color_gradient_stops_phone=&#8221;#e5e5e5 0%|#e5e5e5 100%&#8221; global_module=&#8221;5513&#8243; global_colors_info=&#8221;{}&#8221;][et_pb_fullwidth_code _builder_version=&#8221;4.20.4&#8243; _module_preset=&#8221;default&#8221; global_colors_info=&#8221;{}&#8221;]<span><span><a href=\"https:\/\/www.centsys.com\/demo002\/\">ACCUEIL<\/a><\/span><\/span>[\/et_pb_fullwidth_code][\/et_pb_section][et_pb_section fb_built=&#8221;1&#8243; _builder_version=&#8221;4.16&#8243; global_colors_info=&#8221;{}&#8221;][et_pb_row _builder_version=&#8221;4.16&#8243; global_colors_info=&#8221;{}&#8221;][et_pb_column type=&#8221;4_4&#8243; _builder_version=&#8221;4.16&#8243; global_colors_info=&#8221;{}&#8221;][et_pb_text _builder_version=&#8221;4.16&#8243; global_colors_info=&#8221;{}&#8221;]<\/p>\n<h1>SECTION 51 DU MANUEL SUR LA LOI RELATIVE \u00c0 LA PROMOTION DE L\u2019ACC\u00c8S \u00c0 L\u2019INFORMATION<\/h1>\n<p>Le pr\u00e9sent manuel est publi\u00e9 conform\u00e9ment \u00e0 l\u2019article 51 de la Loi de 2000 relative \u00e0 la Promotion de l\u2019Acc\u00e8s \u00e0 l\u2019Information (Loi n\u00b0 2 de 2000) (\u201cla Loi\u201d). La Loi donne effet aux dispositions de l\u2019article 32 de la Constitution, qui pr\u00e9voit le droit d\u2019acc\u00e8s aux informations d\u00e9tenues par l\u2019\u00c9tat et aux informations d\u00e9tenues par une autre personne qui sont n\u00e9cessaires \u00a0\u00e0 l\u2019exercice et\/ou la protection de tout droit. La r\u00e9f\u00e9rence \u00e0 toute information autre que celle \u00a0\u00a0express\u00e9ment exig\u00e9 aux termes de l\u2019article 51 de la Loi ne cr\u00e9e aucun droit ou avantage (contractuel ou autre) \u00e0 recevoir \u00a0cette information, autre qu\u2019 en vertu de la loi.<\/p>\n<p>Ce document sert de manuel d\u2019information de la soci\u00e9t\u00e9 et fournit des r\u00e9f\u00e9rences aux dossiers d\u00e9tenus par la soci\u00e9t\u00e9 et \u00a0au processus de demande d\u2019acc\u00e8s \u00e0 ces dossiers.<\/p>\n<p>[\/et_pb_text][\/et_pb_column][\/et_pb_row][et_pb_row column_structure=&#8221;1_2,1_2&#8243; _builder_version=&#8221;4.16&#8243; global_colors_info=&#8221;{}&#8221;][et_pb_column type=&#8221;1_2&#8243; _builder_version=&#8221;4.16&#8243; global_colors_info=&#8221;{}&#8221;][et_pb_button button_url=&#8221;https:\/\/faac.fr\/privacy\/&#8221; url_new_window=&#8221;on&#8221; button_text=&#8221; Politique de confidentialit\u00e9&#8221; button_alignment=&#8221;center&#8221; _builder_version=&#8221;4.27.4&#8243; hover_enabled=&#8221;0&#8243; global_colors_info=&#8221;{}&#8221; sticky_enabled=&#8221;0&#8243;][\/et_pb_button][\/et_pb_column][et_pb_column type=&#8221;1_2&#8243; _builder_version=&#8221;4.16&#8243; global_colors_info=&#8221;{}&#8221;][et_pb_button button_url=&#8221;https:\/\/www.centsys.com\/demo002\/pdf\/admin\/0.07.A.0351 PAIA-Manual_French 30092025.pdf&#8221; url_new_window=&#8221;on&#8221; button_text=&#8221;T\u00c9L\u00c9CHARGER LE MANUEL PAIA&#8221; button_alignment=&#8221;center&#8221; _builder_version=&#8221;4.27.4&#8243; hover_enabled=&#8221;0&#8243; global_colors_info=&#8221;{}&#8221; sticky_enabled=&#8221;0&#8243;][\/et_pb_button][\/et_pb_column][\/et_pb_row][\/et_pb_section][et_pb_section fb_built=&#8221;1&#8243; fullwidth=&#8221;on&#8221; custom_padding_last_edited=&#8221;on|desktop&#8221; admin_label=&#8221;THIS IS THE MID SECTION BANNER SITE WIDE&#8221; _builder_version=&#8221;4.21.2&#8243; background_color=&#8221;RGBA(255,255,255,0)&#8221; background_image=&#8221;\/img\/home\/Centurion-System-Next-Level-SMART.jpg&#8221; background_enable_image=&#8221;off&#8221; transform_translate=&#8221;0px|-45px&#8221; transform_translate_linked=&#8221;off&#8221; min_height=&#8221;450px&#8221; height=&#8221;450px&#8221; max_height=&#8221;450px&#8221; custom_margin=&#8221;22px|||||&#8221; custom_padding=&#8221;0px|0px|0px|0px|false|false&#8221; custom_padding_tablet=&#8221;50px|0|198px|0|false|false&#8221; custom_padding_phone=&#8221;&#8221; link_option_url=&#8221;https:\/\/www.centsys.co.za\/d5-smart-training\/?utm_source=Website&#038;utm_medium=WEB%20BANNERS&#038;utm_campaign=SMART%20TRAINING&#8221; z_index_tablet=&#8221;500&#8243; custom_css_main_element=&#8221;height:250px; &#8221; box_shadow_horizontal_tablet=&#8221;0px&#8221; box_shadow_vertical_tablet=&#8221;0px&#8221; box_shadow_blur_tablet=&#8221;40px&#8221; box_shadow_spread_tablet=&#8221;0px&#8221; saved_tabs=&#8221;all&#8221; global_colors_info=&#8221;{}&#8221;][et_pb_fullwidth_image src=&#8221;https:\/\/www.centsys.com\/demo002\/img\/blog\/D%C3%A9couvrez%20le%20SMART%20ECOSYSTEM%20avec%20MyCentsys%20Remote.jpg&#8221; url=&#8221;https:\/\/www.centsys.com\/demo002\/application-mobile-mycentsys-remote\/&#8221; url_new_window=&#8221;on&#8221; _builder_version=&#8221;4.23.1&#8243; _module_preset=&#8221;default&#8221; global_colors_info=&#8221;{}&#8221;][\/et_pb_fullwidth_image][et_pb_fullwidth_header button_one_text=&#8221;Contactez-nous&#8221; button_one_url=&#8221;https:\/\/www.centsys.com\/demo002\/coordonnees\/&#8221; button_two_text=&#8221;Centre d\u2019appels&#8221; button_two_url=&#8221;https:\/\/www.centsys.com\/demo002\/centre-dappels\/&#8221; _builder_version=&#8221;4.23.1&#8243; _module_preset=&#8221;default&#8221; background_color=&#8221;#c1c1c1&#8243; custom_button_one=&#8221;on&#8221; button_one_text_color=&#8221;#FFFFFF&#8221; button_one_bg_color=&#8221;#999999&#8243; button_one_border_color=&#8221;#999999&#8243; custom_button_two=&#8221;on&#8221; button_two_text_color=&#8221;#FFFFFF&#8221; button_two_bg_color=&#8221;#999999&#8243; button_two_border_color=&#8221;#999999&#8243; custom_padding=&#8221;2px||18px|||&#8221; global_colors_info=&#8221;{}&#8221;][\/et_pb_fullwidth_header][\/et_pb_section]<\/p>\n","protected":false},"excerpt":{"rendered":"<p><span><span><a href=\"https:\/\/www.centsys.com\/demo002\/\">ACCUEIL<\/a><\/span><\/span>SECTION 51 DU MANUEL SUR LA LOI RELATIVE \u00c0 LA PROMOTION DE L\u2019ACC\u00c8S \u00c0 L\u2019INFORMATION Le pr\u00e9sent manuel est publi\u00e9 conform\u00e9ment \u00e0 l\u2019article 51 de la Loi de 2000 relative \u00e0 la Promotion de l\u2019Acc\u00e8s \u00e0 l\u2019Information (Loi n\u00b0 2 de 2000) (\u201cla Loi\u201d). La Loi donne effet aux dispositions de l\u2019article 32 de la [&hellip;]<\/p>\n","protected":false},"author":1,"featured_media":0,"parent":0,"menu_order":0,"comment_status":"closed","ping_status":"closed","template":"","meta":{"_et_pb_use_builder":"on","_et_pb_old_content":"","_et_gb_content_width":"","_joinchat":[],"footnotes":""},"class_list":["post-362","page","type-page","status-publish","hentry"],"yoast_head":"<!-- This site is optimized with the Yoast SEO Premium plugin v27.3 (Yoast SEO v27.4) - https:\/\/yoast.com\/product\/yoast-seo-premium-wordpress\/ -->\r\n<title>PAIA - Centurion Systems<\/title>\r\n<meta name=\"description\" content=\"Ce document sert de manuel d\u2019information de la soci\u00e9t\u00e9 et fournit des r\u00e9f\u00e9rences aux dossiers d\u00e9tenus par la soci\u00e9t\u00e9 et au processus de demande d\u2019acc\u00e8s \u00e0 ces dossiers.\" \/>\r\n<meta name=\"robots\" content=\"index, follow, max-snippet:-1, max-image-preview:large, max-video-preview:-1\" \/>\r\n<link rel=\"canonical\" href=\"https:\/\/www.centsys.com\/demo002\/paia\/\" \/>\r\n<meta property=\"og:locale\" content=\"en_US\" \/>\r\n<meta property=\"og:type\" content=\"article\" \/>\r\n<meta property=\"og:title\" content=\"PAIA\" \/>\r\n<meta property=\"og:description\" content=\"Ce document sert de manuel d\u2019information de la soci\u00e9t\u00e9 et fournit des r\u00e9f\u00e9rences aux dossiers d\u00e9tenus par la soci\u00e9t\u00e9 et au processus de demande d\u2019acc\u00e8s \u00e0 ces dossiers.\" \/>\r\n<meta property=\"og:url\" content=\"https:\/\/www.centsys.com\/demo002\/paia\/\" \/>\r\n<meta property=\"og:site_name\" content=\"Centurion Systems French\" \/>\r\n<meta property=\"article:modified_time\" content=\"2025-10-06T11:07:10+00:00\" \/>\r\n<meta name=\"twitter:card\" content=\"summary_large_image\" \/>\r\n<meta name=\"twitter:label1\" content=\"Est. reading time\" \/>\n\t<meta name=\"twitter:data1\" content=\"2 minutes\" \/>\r\n<script type=\"application\/ld+json\" class=\"yoast-schema-graph\">{\"@context\":\"https:\\\/\\\/schema.org\",\"@graph\":[{\"@type\":\"WebPage\",\"@id\":\"https:\\\/\\\/www.centsys.com\\\/demo002\\\/paia\\\/\",\"url\":\"https:\\\/\\\/www.centsys.com\\\/demo002\\\/paia\\\/\",\"name\":\"PAIA - Centurion Systems\",\"isPartOf\":{\"@id\":\"https:\\\/\\\/www.centsys.com\\\/demo002\\\/#website\"},\"datePublished\":\"2020-03-04T10:23:22+00:00\",\"dateModified\":\"2025-10-06T11:07:10+00:00\",\"description\":\"Ce document sert de manuel d\u2019information de la soci\u00e9t\u00e9 et fournit des r\u00e9f\u00e9rences aux dossiers d\u00e9tenus par la soci\u00e9t\u00e9 et au processus de demande d\u2019acc\u00e8s \u00e0 ces dossiers.\",\"breadcrumb\":{\"@id\":\"https:\\\/\\\/www.centsys.com\\\/demo002\\\/paia\\\/#breadcrumb\"},\"inLanguage\":\"en-ZA\",\"potentialAction\":[{\"@type\":\"ReadAction\",\"target\":[\"https:\\\/\\\/www.centsys.com\\\/demo002\\\/paia\\\/\"]}]},{\"@type\":\"BreadcrumbList\",\"@id\":\"https:\\\/\\\/www.centsys.com\\\/demo002\\\/paia\\\/#breadcrumb\",\"itemListElement\":[{\"@type\":\"ListItem\",\"position\":1,\"name\":\"ACCUEIL\",\"item\":\"https:\\\/\\\/www.centsys.com\\\/demo002\\\/\"},{\"@type\":\"ListItem\",\"position\":2,\"name\":\"PAIA\"}]},{\"@type\":\"WebSite\",\"@id\":\"https:\\\/\\\/www.centsys.com\\\/demo002\\\/#website\",\"url\":\"https:\\\/\\\/www.centsys.com\\\/demo002\\\/\",\"name\":\"Centurion Systems French\",\"description\":\"Produits D\u2019automatisation D\u2019acc\u00e8s\",\"potentialAction\":[{\"@type\":\"SearchAction\",\"target\":{\"@type\":\"EntryPoint\",\"urlTemplate\":\"https:\\\/\\\/www.centsys.com\\\/demo002\\\/?s={search_term_string}\"},\"query-input\":{\"@type\":\"PropertyValueSpecification\",\"valueRequired\":true,\"valueName\":\"search_term_string\"}}],\"inLanguage\":\"en-ZA\"}]}<\/script>\r\n<!-- \/ Yoast SEO Premium plugin. -->","yoast_head_json":{"title":"PAIA - Centurion Systems","description":"Ce document sert de manuel d\u2019information de la soci\u00e9t\u00e9 et fournit des r\u00e9f\u00e9rences aux dossiers d\u00e9tenus par la soci\u00e9t\u00e9 et au processus de demande d\u2019acc\u00e8s \u00e0 ces dossiers.","robots":{"index":"index","follow":"follow","max-snippet":"max-snippet:-1","max-image-preview":"max-image-preview:large","max-video-preview":"max-video-preview:-1"},"canonical":"https:\/\/www.centsys.com\/demo002\/paia\/","og_locale":"en_US","og_type":"article","og_title":"PAIA","og_description":"Ce document sert de manuel d\u2019information de la soci\u00e9t\u00e9 et fournit des r\u00e9f\u00e9rences aux dossiers d\u00e9tenus par la soci\u00e9t\u00e9 et au processus de demande d\u2019acc\u00e8s \u00e0 ces dossiers.","og_url":"https:\/\/www.centsys.com\/demo002\/paia\/","og_site_name":"Centurion Systems French","article_modified_time":"2025-10-06T11:07:10+00:00","twitter_card":"summary_large_image","twitter_misc":{"Est. reading time":"2 minutes"},"schema":{"@context":"https:\/\/schema.org","@graph":[{"@type":"WebPage","@id":"https:\/\/www.centsys.com\/demo002\/paia\/","url":"https:\/\/www.centsys.com\/demo002\/paia\/","name":"PAIA - Centurion Systems","isPartOf":{"@id":"https:\/\/www.centsys.com\/demo002\/#website"},"datePublished":"2020-03-04T10:23:22+00:00","dateModified":"2025-10-06T11:07:10+00:00","description":"Ce document sert de manuel d\u2019information de la soci\u00e9t\u00e9 et fournit des r\u00e9f\u00e9rences aux dossiers d\u00e9tenus par la soci\u00e9t\u00e9 et au processus de demande d\u2019acc\u00e8s \u00e0 ces dossiers.","breadcrumb":{"@id":"https:\/\/www.centsys.com\/demo002\/paia\/#breadcrumb"},"inLanguage":"en-ZA","potentialAction":[{"@type":"ReadAction","target":["https:\/\/www.centsys.com\/demo002\/paia\/"]}]},{"@type":"BreadcrumbList","@id":"https:\/\/www.centsys.com\/demo002\/paia\/#breadcrumb","itemListElement":[{"@type":"ListItem","position":1,"name":"ACCUEIL","item":"https:\/\/www.centsys.com\/demo002\/"},{"@type":"ListItem","position":2,"name":"PAIA"}]},{"@type":"WebSite","@id":"https:\/\/www.centsys.com\/demo002\/#website","url":"https:\/\/www.centsys.com\/demo002\/","name":"Centurion Systems French","description":"Produits D\u2019automatisation D\u2019acc\u00e8s","potentialAction":[{"@type":"SearchAction","target":{"@type":"EntryPoint","urlTemplate":"https:\/\/www.centsys.com\/demo002\/?s={search_term_string}"},"query-input":{"@type":"PropertyValueSpecification","valueRequired":true,"valueName":"search_term_string"}}],"inLanguage":"en-ZA"}]}},"_links":{"self":[{"href":"https:\/\/www.centsys.com\/demo002\/wp-json\/wp\/v2\/pages\/362","targetHints":{"allow":["GET"]}}],"collection":[{"href":"https:\/\/www.centsys.com\/demo002\/wp-json\/wp\/v2\/pages"}],"about":[{"href":"https:\/\/www.centsys.com\/demo002\/wp-json\/wp\/v2\/types\/page"}],"author":[{"embeddable":true,"href":"https:\/\/www.centsys.com\/demo002\/wp-json\/wp\/v2\/users\/1"}],"replies":[{"embeddable":true,"href":"https:\/\/www.centsys.com\/demo002\/wp-json\/wp\/v2\/comments?post=362"}],"version-history":[{"count":0,"href":"https:\/\/www.centsys.com\/demo002\/wp-json\/wp\/v2\/pages\/362\/revisions"}],"wp:attachment":[{"href":"https:\/\/www.centsys.com\/demo002\/wp-json\/wp\/v2\/media?parent=362"}],"curies":[{"name":"wp","href":"https:\/\/api.w.org\/{rel}","templated":true}]}}