{"id":583,"date":"2020-03-05T10:20:29","date_gmt":"2020-03-05T10:20:29","guid":{"rendered":"https:\/\/www.centsys.co.za\/fr\/?page_id=583"},"modified":"2024-07-18T13:41:08","modified_gmt":"2024-07-18T11:41:08","slug":"automatisation-dacces","status":"publish","type":"page","link":"https:\/\/www.centsys.com\/demo002\/automatisation-dacces\/","title":{"rendered":"Automatisation d\u2019acc\u00e8s"},"content":{"rendered":"<p>[et_pb_section fb_built=&#8221;1&#8243; fullwidth=&#8221;on&#8221; _builder_version=&#8221;4.16&#8243; background_enable_image=&#8221;off&#8221; height=&#8221;400px&#8221; max_height=&#8221;400px&#8221; locked=&#8221;off&#8221; global_colors_info=&#8221;{}&#8221;][et_pb_fullwidth_header title=&#8221;AUTOMATISEZ VOTRE MONDE&#8221; header_fullscreen=&#8221;on&#8221; _builder_version=&#8221;4.27.0&#8243; title_font=&#8221;Verdana|700||on|||||&#8221; title_text_align=&#8221;left&#8221; title_text_color=&#8221;#81c341&#8243; title_font_size=&#8221;46px&#8221; content_font=&#8221;Verdana||||||||&#8221; content_text_align=&#8221;left&#8221; content_text_color=&#8221;#6d6e71&#8243; content_font_size=&#8221;18px&#8221; background_enable_color=&#8221;off&#8221; background_image=&#8221;https:\/\/www.centsys.com\/demo002\/wp-content\/uploads\/2020\/03\/Innovation.png&#8221; background_size=&#8221;contain&#8221; background_position=&#8221;top_center&#8221; background_layout=&#8221;light&#8221; custom_margin=&#8221;||||false|false&#8221; custom_padding=&#8221;11{b275702fb50eb40ce127199ba0c14ed5c48ee57d6f0451ec33debc284b28b4f4}|20{b275702fb50eb40ce127199ba0c14ed5c48ee57d6f0451ec33debc284b28b4f4}|11{b275702fb50eb40ce127199ba0c14ed5c48ee57d6f0451ec33debc284b28b4f4}||true|false&#8221; custom_padding_tablet=&#8221;|10{b275702fb50eb40ce127199ba0c14ed5c48ee57d6f0451ec33debc284b28b4f4}|||true|false&#8221; custom_padding_phone=&#8221;||||true|false&#8221; custom_padding_last_edited=&#8221;on|phone&#8221; hover_enabled=&#8221;0&#8243; title_font_size_tablet=&#8221;&#8221; title_font_size_phone=&#8221;36px&#8221; title_font_size_last_edited=&#8221;on|phone&#8221; content_font_size_tablet=&#8221;&#8221; content_font_size_phone=&#8221;14px&#8221; content_font_size_last_edited=&#8221;on|phone&#8221; global_colors_info=&#8221;{}&#8221; sticky_enabled=&#8221;0&#8243;]<\/p>\n<p>Automatisation d&#8217;acc\u00e8s | Interphones | Contr\u00f4le d&#8217;acc\u00e8s | Dispositifs de S\u00e9curit\u00e9 |\u00a0Accessoires<\/p>\n<p>[\/et_pb_fullwidth_header][\/et_pb_section][et_pb_section fb_built=&#8221;1&#8243; fullwidth=&#8221;on&#8221; _builder_version=&#8221;4.20.4&#8243; background_color=&#8221;#e5e5e5&#8243; use_background_color_gradient=&#8221;on&#8221; background_color_gradient_stops=&#8221;#e5e5e5 0%|#e5e5e5 100%&#8221; background_color_gradient_start=&#8221;#e5e5e5&#8243; background_color_gradient_end=&#8221;#e5e5e5&#8243; transform_translate=&#8221;-13px|269px&#8221; background_color_gradient_stops_tablet=&#8221;#e5e5e5 0%|#e5e5e5 100%&#8221; background_color_gradient_stops_phone=&#8221;#e5e5e5 0%|#e5e5e5 100%&#8221; global_module=&#8221;5513&#8243; global_colors_info=&#8221;{}&#8221;][et_pb_fullwidth_code _builder_version=&#8221;4.20.4&#8243; _module_preset=&#8221;default&#8221; global_colors_info=&#8221;{}&#8221;]<span><span><a href=\"https:\/\/www.centsys.com\/demo002\/\">ACCUEIL<\/a><\/span><\/span>[\/et_pb_fullwidth_code][\/et_pb_section][et_pb_section fb_built=&#8221;1&#8243; _builder_version=&#8221;4.16&#8243; global_colors_info=&#8221;{}&#8221;][et_pb_row _builder_version=&#8221;4.16&#8243; global_colors_info=&#8221;{}&#8221;][et_pb_column type=&#8221;4_4&#8243; _builder_version=&#8221;4.16&#8243; global_colors_info=&#8221;{}&#8221;][et_pb_text _builder_version=&#8221;4.25.0&#8243; global_colors_info=&#8221;{}&#8221;]<\/p>\n<h1>Automatisation des Acc\u00e8s par Centurion Systems<\/h1>\n<h2>Leaders en Mati\u00e8re d&#8217;Automatisation des Acc\u00e8s Depuis 1986<\/h2>\n<p>Bienvenue \u00e0 la pointe de <strong>l&#8217;Automatisation des Acc\u00e8s<\/strong> avec <a href=\"https:\/\/www.centsys.com\/demo002\"><u>Centurion Systems<\/u><\/a> &#8211; pionniers de l&#8217;industrie depuis 1986. Avec plus de trois d\u00e9cennies d&#8217;expertise, nous continuons \u00e0 red\u00e9finir le contr\u00f4le des acc\u00e8s, en fournissant des solutions de pointe qui associent de mani\u00e8re transparente la s\u00e9curit\u00e9, la facilit\u00e9 et la tranquillit\u00e9 d&#8217;esprit.<\/p>\n<p>[\/et_pb_text][\/et_pb_column][\/et_pb_row][et_pb_row column_structure=&#8221;1_5,1_5,1_5,1_5,1_5&#8243; _builder_version=&#8221;4.16&#8243; global_colors_info=&#8221;{}&#8221;][et_pb_column type=&#8221;1_5&#8243; _builder_version=&#8221;4.16&#8243; global_colors_info=&#8221;{}&#8221;][et_pb_image src=&#8221;https:\/\/www.centsys.co.za\/img\/smart\/D10T-and-SMART-Images.jpg&#8221; _builder_version=&#8221;4.25.0&#8243; _module_preset=&#8221;default&#8221; global_colors_info=&#8221;{}&#8221;][\/et_pb_image][et_pb_blurb title=&#8221;PORTAILS COULISSANTS&#8221; admin_label=&#8221;SLIDING GATE MOTORS&#8221; _builder_version=&#8221;4.25.0&#8243; header_text_align=&#8221;center&#8221; header_font_size=&#8221;24px&#8221; transform_translate=&#8221;0px|33px&#8221; transform_translate_linked=&#8221;off&#8221; custom_margin=&#8221;||53px|||&#8221; global_colors_info=&#8221;{}&#8221;][\/et_pb_blurb][et_pb_button button_url=&#8221;@ET-DC@eyJkeW5hbWljIjp0cnVlLCJjb250ZW50IjoicG9zdF9saW5rX3VybF9wYWdlIiwic2V0dGluZ3MiOnsicG9zdF9pZCI6IjExMjMifX0=@&#8221; button_text=&#8221;VOIR LE PRODUITS&#8221; button_alignment=&#8221;center&#8221; _builder_version=&#8221;4.25.0&#8243; _dynamic_attributes=&#8221;button_url&#8221; transform_translate=&#8221;0px|50px&#8221; transform_translate_linked=&#8221;off&#8221; global_colors_info=&#8221;{}&#8221;][\/et_pb_button][\/et_pb_column][et_pb_column type=&#8221;1_5&#8243; _builder_version=&#8221;4.16&#8243; global_colors_info=&#8221;{}&#8221;][et_pb_image src=&#8221;https:\/\/www.centsys.com\/demo002\/wp-content\/uploads\/2020\/03\/Vantageimage.png&#8221; title_text=&#8221;Vantageimage&#8221; _builder_version=&#8221;4.25.0&#8243; _module_preset=&#8221;default&#8221; global_colors_info=&#8221;{}&#8221;][\/et_pb_image][et_pb_blurb title=&#8221;MOTEURS POUR PORTAILS BATTANTS&#8221; admin_label=&#8221;SWING GATE MOTORS&#8221; _builder_version=&#8221;4.25.0&#8243; header_text_align=&#8221;center&#8221; header_font_size=&#8221;25px&#8221; custom_margin=&#8221;||6px|||&#8221; custom_padding=&#8221;4px|||||&#8221; global_colors_info=&#8221;{}&#8221;][\/et_pb_blurb][et_pb_button button_url=&#8221;@ET-DC@eyJkeW5hbWljIjp0cnVlLCJjb250ZW50IjoicG9zdF9saW5rX3VybF9wYWdlIiwic2V0dGluZ3MiOnsicG9zdF9pZCI6IjExMzQifX0=@&#8221; button_text=&#8221;VOIR LE PRODUITS&#8221; button_alignment=&#8221;center&#8221; _builder_version=&#8221;4.25.0&#8243; _dynamic_attributes=&#8221;button_url&#8221; transform_translate=&#8221;0px|15px&#8221; transform_translate_linked=&#8221;off&#8221; global_colors_info=&#8221;{}&#8221;][\/et_pb_button][\/et_pb_column][et_pb_column type=&#8221;1_5&#8243; _builder_version=&#8221;4.16&#8243; global_colors_info=&#8221;{}&#8221;][et_pb_image src=&#8221;https:\/\/www.centsys.com\/demo002\/img\/Barri%C3%A8re%20levante%20automatique%20CENTURION%20SECTOR%20II%20-%20Jaune.jpg&#8221; title_text=&#8221;Vantageimage&#8221; _builder_version=&#8221;4.25.0&#8243; _module_preset=&#8221;default&#8221; global_colors_info=&#8221;{}&#8221;][\/et_pb_image][et_pb_blurb title=&#8221;BARRI\u00c8RES LEVANTE ET ACCESSOIRES&#8221; admin_label=&#8221;TRAFFIC BARRIERS &#038; ACCESSORIES&#8221; _builder_version=&#8221;4.25.0&#8243; header_text_align=&#8221;center&#8221; header_font_size=&#8221;25px&#8221; custom_margin=&#8221;||6px|||&#8221; custom_padding=&#8221;4px|||||&#8221; global_colors_info=&#8221;{}&#8221;][\/et_pb_blurb][et_pb_button button_url=&#8221;@ET-DC@eyJkeW5hbWljIjp0cnVlLCJjb250ZW50IjoicG9zdF9saW5rX3VybF9wYWdlIiwic2V0dGluZ3MiOnsicG9zdF9pZCI6IjExNDYifX0=@&#8221; button_text=&#8221;VOIR LE PRODUITS&#8221; button_alignment=&#8221;center&#8221; _builder_version=&#8221;4.25.0&#8243; _dynamic_attributes=&#8221;button_url&#8221; transform_translate=&#8221;0px|41px&#8221; transform_translate_linked=&#8221;off&#8221; global_colors_info=&#8221;{}&#8221;][\/et_pb_button][\/et_pb_column][et_pb_column type=&#8221;1_5&#8243; _builder_version=&#8221;4.16&#8243; global_colors_info=&#8221;{}&#8221;][et_pb_image src=&#8221;https:\/\/www.centsys.co.za\/img\/products\/sdo4\/CENTURION-SDO4-SMART.jpg&#8221; title_text=&#8221;Vantageimage&#8221; _builder_version=&#8221;4.25.0&#8243; _module_preset=&#8221;default&#8221; global_colors_info=&#8221;{}&#8221;][\/et_pb_image][et_pb_blurb title=&#8221;MOTEURS DE PORTES DE GARAGE&#8221; admin_label=&#8221;GARAGE DOOR OPERATORS&#8221; _builder_version=&#8221;4.25.0&#8243; header_text_align=&#8221;center&#8221; header_font_size=&#8221;25px&#8221; global_colors_info=&#8221;{}&#8221;][\/et_pb_blurb][et_pb_button button_url=&#8221;@ET-DC@eyJkeW5hbWljIjp0cnVlLCJjb250ZW50IjoicG9zdF9saW5rX3VybF9wYWdlIiwic2V0dGluZ3MiOnsicG9zdF9pZCI6IjExNTkifX0=@&#8221; button_text=&#8221;VOIR LE PRODUITS&#8221; button_alignment=&#8221;center&#8221; _builder_version=&#8221;4.25.0&#8243; _dynamic_attributes=&#8221;button_url&#8221; transform_translate=&#8221;0px|22px&#8221; transform_translate_linked=&#8221;off&#8221; global_colors_info=&#8221;{}&#8221;][\/et_pb_button][\/et_pb_column][et_pb_column type=&#8221;1_5&#8243; _builder_version=&#8221;4.16&#8243; global_colors_info=&#8221;{}&#8221;][et_pb_image src=&#8221;https:\/\/www.centsys.com\/demo002\/wp-content\/uploads\/2020\/03\/Industrial-Roller-Shutter-300&#215;300-1.png&#8221; title_text=&#8221;Vantageimage&#8221; _builder_version=&#8221;4.25.0&#8243; _module_preset=&#8221;default&#8221; global_colors_info=&#8221;{}&#8221;][\/et_pb_image][et_pb_blurb title=&#8221;VOLET ROULANT INDUSTRIEL&#8221; admin_label=&#8221;ROLLER SHUTTER&#8221; _builder_version=&#8221;4.25.0&#8243; header_text_align=&#8221;center&#8221; header_font_size=&#8221;25px&#8221; custom_padding=&#8221;||18px|||&#8221; global_colors_info=&#8221;{}&#8221;][\/et_pb_blurb][et_pb_button button_url=&#8221;@ET-DC@eyJkeW5hbWljIjp0cnVlLCJjb250ZW50IjoicG9zdF9saW5rX3VybF9wYWdlIiwic2V0dGluZ3MiOnsicG9zdF9pZCI6IjExNzEifX0=@&#8221; button_text=&#8221;VOIR LE PRODUITS&#8221; button_alignment=&#8221;center&#8221; _builder_version=&#8221;4.25.0&#8243; _dynamic_attributes=&#8221;button_url&#8221; transform_translate=&#8221;0px|5px&#8221; transform_translate_linked=&#8221;off&#8221; global_colors_info=&#8221;{}&#8221;][\/et_pb_button][\/et_pb_column][\/et_pb_row][et_pb_row _builder_version=&#8221;4.16&#8243; global_colors_info=&#8221;{}&#8221;][et_pb_column type=&#8221;4_4&#8243; _builder_version=&#8221;4.16&#8243; global_colors_info=&#8221;{}&#8221;][et_pb_text _builder_version=&#8221;4.25.0&#8243; _module_preset=&#8221;default&#8221; global_colors_info=&#8221;{}&#8221;]<\/p>\n<h1>Notre Gamme de Produits Prim\u00e9s dans le Domaine de l&#8217;Automatisation des Acc\u00e8s<\/h1>\n<p>Notre engagement en faveur de l&#8217;innovation se traduit par des fonctionnalit\u00e9s r\u00e9volutionnaires, con\u00e7ues pour transformer l&#8217;exp\u00e9rience de l&#8217;utilisateur. En tant que leader dans le domaine de <strong>l&#8217;automatisation des acc\u00e8s<\/strong>, nous sommes fiers de notre <a href=\"https:\/\/www.centsys.com\/demo002\/innovation\/\">gamme prim\u00e9e<\/a> qui comprend des moteurs pour portails <a href=\"https:\/\/www.centsys.com\/demo002\/moteurs-pour-portail-battant\/\">battants<\/a> et <a href=\"https:\/\/www.centsys.com\/demo002\/moteurs-pour-portail-coulissant\/\">coulissants<\/a>, des <a href=\"https:\/\/www.centsys.com\/demo002\/moteur-de-porte-de-garage\/\">moteurs pour portes de garage<\/a> et des <a href=\"https:\/\/www.centsys.com\/demo002\/barrieres-levantes-et-accessoires\/\">barri\u00e8res levante<\/a>. Chaque produit est m\u00e9ticuleusement con\u00e7u pour offrir non seulement fiabilit\u00e9 et performance, mais aussi un niveau de s\u00e9curit\u00e9 in\u00e9gal\u00e9.<\/p>\n<p>Pr\u00e9sent dans <a href=\"https:\/\/www.centsys.com\/demo002\/empreinte-mondiale\/\">plus de 70 pays<\/a>, Centurion Systems est un symbole d&#8217;excellence dans le domaine de <strong>l&#8217;automatisation des acc\u00e8s<\/strong>. Qu&#8217;il s&#8217;agisse de s\u00e9curiser une r\u00e9sidence priv\u00e9e, de g\u00e9rer l&#8217;acc\u00e8s d&#8217;un espace commercial ou de surveiller des environnements industriels, nos solutions haut de gamme r\u00e9pondent \u00e0 diff\u00e9rents besoins.<\/p>\n<p>Ce qui nous distingue, c&#8217;est notre technologie \u00e9prouv\u00e9e \u00e0 base de batteries, qui garantit une fonctionnalit\u00e9 et une long\u00e9vit\u00e9 ininterrompues. Chaque produit est soumis \u00e0 des tests rigoureux pour r\u00e9pondre \u00e0 nos <a href=\"https:\/\/www.centsys.com\/demo002\/normes-et-sante-securite\/\">normes de qualit\u00e9<\/a> sans compromis, garantissant une int\u00e9gration parfaite dans votre vie quotidienne ou vos activit\u00e9s professionnelles.<\/p>\n<p>Chez <a href=\"https:\/\/www.centsys.com\/demo002\">Centurion Systems<\/a>, nous ne nous contentons pas seulement de fournir des solutions d&#8217;acc\u00e8s, nous cr\u00e9ons la tranquillit\u00e9 d&#8217;esprit. Rejoignez les rangs de ceux qui ont choisi la fiabilit\u00e9, l&#8217;innovation et l&#8217;excellence qui d\u00e9finissent notre marque. Faites l&#8217;exp\u00e9rience de l&#8217;automatisation des acc\u00e8s comme jamais auparavant &#8211; l\u00e0 o\u00f9 la tradition rencontre la technologie, et la s\u00e9curit\u00e9 la sophistication.<\/p>\n<p><a href=\"https:\/\/www.centsys.com\/demo002\">Choisissez Centurion Systems<\/a> pour une <strong>automatisation des acc\u00e8s<\/strong> qui va au-del\u00e0 de vos attentes, en \u00e9tablissant la r\u00e9f\u00e9rence pour l&#8217;industrie depuis 1986.<\/p>\n<p>[\/et_pb_text][\/et_pb_column][\/et_pb_row][\/et_pb_section][et_pb_section fb_built=&#8221;1&#8243; fullwidth=&#8221;on&#8221; admin_label=&#8221;THIS IS THE MID SECTION BANNER SITE WIDE&#8221; _builder_version=&#8221;4.24.0&#8243; _module_preset=&#8221;default&#8221; global_module=&#8221;25449&#8243; global_colors_info=&#8221;{}&#8221;][et_pb_fullwidth_image src=&#8221;https:\/\/www.centsys.com\/demo002\/img\/home%20page\/CENTURION)Passez%20%C3%A0%20MyCentsys%20Remote%20pour%20un%20acc%C3%A8s%20continu_BANNER.jpg&#8221; url=&#8221;https:\/\/www.centsys.com\/demo002\/g-remote-ne-fonctionnera-plus-apres-le-31-aout\/&#8221; url_new_window=&#8221;on&#8221; admin_label=&#8221;FOOTER_SITE WIDE&#8221; _builder_version=&#8221;4.25.2&#8243; _module_preset=&#8221;default&#8221; global_colors_info=&#8221;{}&#8221;][\/et_pb_fullwidth_image][et_pb_fullwidth_header button_one_text=&#8221;Contactez-nous&#8221; button_one_url=&#8221;https:\/\/www.centsys.com\/demo002\/coordonnees\/&#8221; button_two_text=&#8221;Support Technique&#8221; button_two_url=&#8221;https:\/\/www.centsys.com\/demo002\/support-technique\/&#8221; _builder_version=&#8221;4.25.0&#8243; _module_preset=&#8221;default&#8221; background_color=&#8221;#c1c1c1&#8243; custom_button_one=&#8221;on&#8221; button_one_text_color=&#8221;#FFFFFF&#8221; button_one_bg_color=&#8221;#999999&#8243; button_one_border_color=&#8221;#999999&#8243; custom_button_two=&#8221;on&#8221; button_two_text_color=&#8221;#FFFFFF&#8221; button_two_bg_color=&#8221;#999999&#8243; button_two_border_color=&#8221;#999999&#8243; custom_margin=&#8221;||-4px|||&#8221; custom_padding=&#8221;6px||17px|||&#8221; button_two_bg_color_tablet=&#8221;#999999&#8243; button_two_bg_color_phone=&#8221;#999999&#8243; button_two_bg_color_last_edited=&#8221;on|desktop&#8221; global_colors_info=&#8221;{}&#8221; button_one_bg_color__hover_enabled=&#8221;on|desktop&#8221; button_one_bg_color__hover=&#8221;#81c341&#8243; button_one_bg_enable_color__hover=&#8221;on&#8221; button_one_border_color__hover_enabled=&#8221;on|hover&#8221; button_one_border_color__hover=&#8221;#81c341&#8243; button_two_bg_color__hover_enabled=&#8221;on|hover&#8221; button_two_bg_color__hover=&#8221;#81c341&#8243; button_two_bg_enable_color__hover=&#8221;on&#8221; button_two_border_color__hover_enabled=&#8221;on|hover&#8221; button_two_border_color__hover=&#8221;#81c341&#8243;][\/et_pb_fullwidth_header][\/et_pb_section]<\/p>\n","protected":false},"excerpt":{"rendered":"<p>Automatisation d&#8217;acc\u00e8s | Interphones | Contr\u00f4le d&#8217;acc\u00e8s | Dispositifs de S\u00e9curit\u00e9 |\u00a0Accessoires<span><span><a href=\"https:\/\/www.centsys.com\/demo002\/\">ACCUEIL<\/a><\/span><\/span>Automatisation des Acc\u00e8s par Centurion Systems Leaders en Mati\u00e8re d&#8217;Automatisation des Acc\u00e8s Depuis 1986 Bienvenue \u00e0 la pointe de l&#8217;Automatisation des Acc\u00e8s avec Centurion Systems &#8211; pionniers de l&#8217;industrie depuis 1986. Avec plus de trois d\u00e9cennies d&#8217;expertise, nous continuons \u00e0 red\u00e9finir le contr\u00f4le des [&hellip;]<\/p>\n","protected":false},"author":1,"featured_media":0,"parent":0,"menu_order":0,"comment_status":"closed","ping_status":"closed","template":"","meta":{"_et_pb_use_builder":"on","_et_pb_old_content":"","_et_gb_content_width":"","_joinchat":[],"footnotes":""},"class_list":["post-583","page","type-page","status-publish","hentry"],"yoast_head":"<!-- This site is optimized with the Yoast SEO Premium plugin v27.3 (Yoast SEO v27.4) - https:\/\/yoast.com\/product\/yoast-seo-premium-wordpress\/ -->\r\n<title>Automatisation d\u2019acc\u00e8s - Centurion Systems<\/title>\r\n<meta name=\"description\" content=\"C\u2019est avec l\u2019automatisation d\u2019acc\u00e8s que tout a commenc\u00e9 pour CENTURION, il n\u2019est donc pas surprenant que la gamme de solutions toujours plus \u00e9tendue de notre soci\u00e9t\u00e9 qui inclut nos moteurs de portail in\u00e9gal\u00e9s soit \u00e0 la la pointe absolue de la technologie.\" \/>\r\n<meta name=\"robots\" content=\"index, follow, max-snippet:-1, max-image-preview:large, max-video-preview:-1\" \/>\r\n<link rel=\"canonical\" href=\"https:\/\/www.centsys.com\/demo002\/automatisation-dacces\/\" \/>\r\n<meta property=\"og:locale\" content=\"en_US\" \/>\r\n<meta property=\"og:type\" content=\"article\" \/>\r\n<meta property=\"og:title\" content=\"Automatisation d\u2019acc\u00e8s\" \/>\r\n<meta property=\"og:description\" content=\"C\u2019est avec l\u2019automatisation d\u2019acc\u00e8s que tout a commenc\u00e9 pour CENTURION, il n\u2019est donc pas surprenant que la gamme de solutions toujours plus \u00e9tendue de notre soci\u00e9t\u00e9 qui inclut nos moteurs de portail in\u00e9gal\u00e9s soit \u00e0 la la pointe absolue de la technologie.\" \/>\r\n<meta property=\"og:url\" content=\"https:\/\/www.centsys.com\/demo002\/automatisation-dacces\/\" \/>\r\n<meta property=\"og:site_name\" content=\"Centurion Systems French\" \/>\r\n<meta property=\"article:modified_time\" content=\"2024-07-18T11:41:08+00:00\" \/>\r\n<meta name=\"twitter:card\" content=\"summary_large_image\" \/>\r\n<meta name=\"twitter:label1\" content=\"Est. reading time\" \/>\n\t<meta name=\"twitter:data1\" content=\"3 minutes\" \/>\r\n<script type=\"application\/ld+json\" class=\"yoast-schema-graph\">{\"@context\":\"https:\\\/\\\/schema.org\",\"@graph\":[{\"@type\":\"WebPage\",\"@id\":\"https:\\\/\\\/www.centsys.com\\\/demo002\\\/automatisation-dacces\\\/\",\"url\":\"https:\\\/\\\/www.centsys.com\\\/demo002\\\/automatisation-dacces\\\/\",\"name\":\"Automatisation d\u2019acc\u00e8s - Centurion Systems\",\"isPartOf\":{\"@id\":\"https:\\\/\\\/www.centsys.com\\\/demo002\\\/#website\"},\"datePublished\":\"2020-03-05T10:20:29+00:00\",\"dateModified\":\"2024-07-18T11:41:08+00:00\",\"description\":\"C\u2019est avec l\u2019automatisation d\u2019acc\u00e8s que tout a commenc\u00e9 pour CENTURION, il n\u2019est donc pas surprenant que la gamme de solutions toujours plus \u00e9tendue de notre soci\u00e9t\u00e9 qui inclut nos moteurs de portail in\u00e9gal\u00e9s soit \u00e0 la la pointe absolue de la technologie.\",\"breadcrumb\":{\"@id\":\"https:\\\/\\\/www.centsys.com\\\/demo002\\\/automatisation-dacces\\\/#breadcrumb\"},\"inLanguage\":\"en-ZA\",\"potentialAction\":[{\"@type\":\"ReadAction\",\"target\":[\"https:\\\/\\\/www.centsys.com\\\/demo002\\\/automatisation-dacces\\\/\"]}]},{\"@type\":\"BreadcrumbList\",\"@id\":\"https:\\\/\\\/www.centsys.com\\\/demo002\\\/automatisation-dacces\\\/#breadcrumb\",\"itemListElement\":[{\"@type\":\"ListItem\",\"position\":1,\"name\":\"ACCUEIL\",\"item\":\"https:\\\/\\\/www.centsys.com\\\/demo002\\\/\"},{\"@type\":\"ListItem\",\"position\":2,\"name\":\"Automatisation d\u2019acc\u00e8s\"}]},{\"@type\":\"WebSite\",\"@id\":\"https:\\\/\\\/www.centsys.com\\\/demo002\\\/#website\",\"url\":\"https:\\\/\\\/www.centsys.com\\\/demo002\\\/\",\"name\":\"Centurion Systems French\",\"description\":\"Produits D\u2019automatisation D\u2019acc\u00e8s\",\"potentialAction\":[{\"@type\":\"SearchAction\",\"target\":{\"@type\":\"EntryPoint\",\"urlTemplate\":\"https:\\\/\\\/www.centsys.com\\\/demo002\\\/?s={search_term_string}\"},\"query-input\":{\"@type\":\"PropertyValueSpecification\",\"valueRequired\":true,\"valueName\":\"search_term_string\"}}],\"inLanguage\":\"en-ZA\"}]}<\/script>\r\n<!-- \/ Yoast SEO Premium plugin. -->","yoast_head_json":{"title":"Automatisation d\u2019acc\u00e8s - Centurion Systems","description":"C\u2019est avec l\u2019automatisation d\u2019acc\u00e8s que tout a commenc\u00e9 pour CENTURION, il n\u2019est donc pas surprenant que la gamme de solutions toujours plus \u00e9tendue de notre soci\u00e9t\u00e9 qui inclut nos moteurs de portail in\u00e9gal\u00e9s soit \u00e0 la la pointe absolue de la technologie.","robots":{"index":"index","follow":"follow","max-snippet":"max-snippet:-1","max-image-preview":"max-image-preview:large","max-video-preview":"max-video-preview:-1"},"canonical":"https:\/\/www.centsys.com\/demo002\/automatisation-dacces\/","og_locale":"en_US","og_type":"article","og_title":"Automatisation d\u2019acc\u00e8s","og_description":"C\u2019est avec l\u2019automatisation d\u2019acc\u00e8s que tout a commenc\u00e9 pour CENTURION, il n\u2019est donc pas surprenant que la gamme de solutions toujours plus \u00e9tendue de notre soci\u00e9t\u00e9 qui inclut nos moteurs de portail in\u00e9gal\u00e9s soit \u00e0 la la pointe absolue de la technologie.","og_url":"https:\/\/www.centsys.com\/demo002\/automatisation-dacces\/","og_site_name":"Centurion Systems French","article_modified_time":"2024-07-18T11:41:08+00:00","twitter_card":"summary_large_image","twitter_misc":{"Est. reading time":"3 minutes"},"schema":{"@context":"https:\/\/schema.org","@graph":[{"@type":"WebPage","@id":"https:\/\/www.centsys.com\/demo002\/automatisation-dacces\/","url":"https:\/\/www.centsys.com\/demo002\/automatisation-dacces\/","name":"Automatisation d\u2019acc\u00e8s - Centurion Systems","isPartOf":{"@id":"https:\/\/www.centsys.com\/demo002\/#website"},"datePublished":"2020-03-05T10:20:29+00:00","dateModified":"2024-07-18T11:41:08+00:00","description":"C\u2019est avec l\u2019automatisation d\u2019acc\u00e8s que tout a commenc\u00e9 pour CENTURION, il n\u2019est donc pas surprenant que la gamme de solutions toujours plus \u00e9tendue de notre soci\u00e9t\u00e9 qui inclut nos moteurs de portail in\u00e9gal\u00e9s soit \u00e0 la la pointe absolue de la technologie.","breadcrumb":{"@id":"https:\/\/www.centsys.com\/demo002\/automatisation-dacces\/#breadcrumb"},"inLanguage":"en-ZA","potentialAction":[{"@type":"ReadAction","target":["https:\/\/www.centsys.com\/demo002\/automatisation-dacces\/"]}]},{"@type":"BreadcrumbList","@id":"https:\/\/www.centsys.com\/demo002\/automatisation-dacces\/#breadcrumb","itemListElement":[{"@type":"ListItem","position":1,"name":"ACCUEIL","item":"https:\/\/www.centsys.com\/demo002\/"},{"@type":"ListItem","position":2,"name":"Automatisation d\u2019acc\u00e8s"}]},{"@type":"WebSite","@id":"https:\/\/www.centsys.com\/demo002\/#website","url":"https:\/\/www.centsys.com\/demo002\/","name":"Centurion Systems French","description":"Produits D\u2019automatisation D\u2019acc\u00e8s","potentialAction":[{"@type":"SearchAction","target":{"@type":"EntryPoint","urlTemplate":"https:\/\/www.centsys.com\/demo002\/?s={search_term_string}"},"query-input":{"@type":"PropertyValueSpecification","valueRequired":true,"valueName":"search_term_string"}}],"inLanguage":"en-ZA"}]}},"_links":{"self":[{"href":"https:\/\/www.centsys.com\/demo002\/wp-json\/wp\/v2\/pages\/583","targetHints":{"allow":["GET"]}}],"collection":[{"href":"https:\/\/www.centsys.com\/demo002\/wp-json\/wp\/v2\/pages"}],"about":[{"href":"https:\/\/www.centsys.com\/demo002\/wp-json\/wp\/v2\/types\/page"}],"author":[{"embeddable":true,"href":"https:\/\/www.centsys.com\/demo002\/wp-json\/wp\/v2\/users\/1"}],"replies":[{"embeddable":true,"href":"https:\/\/www.centsys.com\/demo002\/wp-json\/wp\/v2\/comments?post=583"}],"version-history":[{"count":0,"href":"https:\/\/www.centsys.com\/demo002\/wp-json\/wp\/v2\/pages\/583\/revisions"}],"wp:attachment":[{"href":"https:\/\/www.centsys.com\/demo002\/wp-json\/wp\/v2\/media?parent=583"}],"curies":[{"name":"wp","href":"https:\/\/api.w.org\/{rel}","templated":true}]}}