{"id":670,"date":"2020-03-05T11:43:41","date_gmt":"2020-03-05T11:43:41","guid":{"rendered":"https:\/\/www.centsys.co.za\/fr\/?page_id=670"},"modified":"2024-05-09T12:09:20","modified_gmt":"2024-05-09T10:09:20","slug":"garanties-et-exclusions-des-produits","status":"publish","type":"page","link":"https:\/\/www.centsys.com\/demo002\/garanties-et-exclusions-des-produits\/","title":{"rendered":"Garanties et Exclusions des Produits"},"content":{"rendered":"<p>[et_pb_section fb_built=&#8221;1&#8243; fullwidth=&#8221;on&#8221; _builder_version=&#8221;4.16&#8243; height=&#8221;400px&#8221; max_height=&#8221;400px&#8221; global_colors_info=&#8221;{}&#8221;][et_pb_fullwidth_image src=&#8221;https:\/\/www.centsys.com\/demo002\/img\/Garanties sur les nouveaux produits CENTURION\/Centurion Systems &#8211; Leaders en automatisation d&#8217;acc\u00e8s.jpg&#8221; _builder_version=&#8221;4.16&#8243; global_colors_info=&#8221;{}&#8221;][\/et_pb_fullwidth_image][\/et_pb_section][et_pb_section fb_built=&#8221;1&#8243; fullwidth=&#8221;on&#8221; _builder_version=&#8221;4.20.4&#8243; background_color=&#8221;#e5e5e5&#8243; use_background_color_gradient=&#8221;on&#8221; background_color_gradient_stops=&#8221;#e5e5e5 0%|#e5e5e5 100%&#8221; background_color_gradient_start=&#8221;#e5e5e5&#8243; background_color_gradient_end=&#8221;#e5e5e5&#8243; transform_translate=&#8221;-13px|269px&#8221; background_color_gradient_stops_tablet=&#8221;#e5e5e5 0%|#e5e5e5 100%&#8221; background_color_gradient_stops_phone=&#8221;#e5e5e5 0%|#e5e5e5 100%&#8221; global_module=&#8221;5513&#8243; global_colors_info=&#8221;{}&#8221;][et_pb_fullwidth_code _builder_version=&#8221;4.20.4&#8243; _module_preset=&#8221;default&#8221; global_colors_info=&#8221;{}&#8221;]<span><span><a href=\"https:\/\/www.centsys.com\/demo002\/\">ACCUEIL<\/a><\/span><\/span>[\/et_pb_fullwidth_code][\/et_pb_section][et_pb_section fb_built=&#8221;1&#8243; _builder_version=&#8221;4.16&#8243; global_colors_info=&#8221;{}&#8221;][et_pb_row _builder_version=&#8221;4.16&#8243; custom_padding=&#8221;||0px|||&#8221; global_colors_info=&#8221;{}&#8221;][et_pb_column type=&#8221;4_4&#8243; _builder_version=&#8221;4.16&#8243; global_colors_info=&#8221;{}&#8221;][et_pb_image src=&#8221;https:\/\/www.centsys.com\/demo002\/img\/Garanties sur les nouveaux produits CENTURION\/Garanties sur les nouveaux produits CENTURION.jpg&#8221; align=&#8221;center&#8221; _builder_version=&#8221;4.16&#8243; global_colors_info=&#8221;{}&#8221;][\/et_pb_image][\/et_pb_column][\/et_pb_row][et_pb_row _builder_version=&#8221;4.16&#8243; global_colors_info=&#8221;{}&#8221;][et_pb_column type=&#8221;4_4&#8243; _builder_version=&#8221;4.16&#8243; global_colors_info=&#8221;{}&#8221;][et_pb_text _builder_version=&#8221;4.16&#8243; header_5_font=&#8221;|||on|||||&#8221; global_colors_info=&#8221;{}&#8221;]<\/p>\n<h1 style=\"text-align: center;\">GARANTIES SUR LES NOUVEAUX PRODUITS<\/h1>\n<p>&nbsp;<\/p>\n<p>Tous les produits CENTURION sont fabriqu\u00e9s avec le plus grand soin, minutieusement inspect\u00e9s et test\u00e9s.<\/p>\n<p>Les marchandises livr\u00e9es par CENTURION sont soumises aux dispositions des articles 55 \u00e0 57 de la loi relative \u00e0 la protection du consommateur (68\/2008), sauf si les dispositions de la garantie figurant dans la documentation du produit CENTURION sont plus favorables pour l\u2019acheteur. Sous r\u00e9serve de la garantie contenue dans la documentation du produit CENTURION, le cas \u00e9ch\u00e9ant, les produits CENTURION sont garantis pour une p\u00e9riode de vingt-quatre mois apr\u00e8s la livraison. Toutefois, il est explicitement indiqu\u00e9 que les batteries sont garanties six mois en raison de la nature de ces produits, qui peuvent faire l\u2019objet d\u2019une mauvaise utilisation. Les garanties seront honor\u00e9es sur la base d\u2019un retour en atelier ; en d\u2019autres termes, le produit en question doit \u00eatre ramen\u00e9 dans l\u2019une des filiales de CENTURION, ou chez le revendeur agr\u00e9\u00e9 CENTURION aupr\u00e8s duquel le produit a \u00e9t\u00e9 achet\u00e9, pour v\u00e9rification et, si n\u00e9cessaire, r\u00e9paration. Pour les \u00e9quipements qui ne sont pas fabriqu\u00e9s par CENTURION, la garantie fournie par le fabricant d\u2019origine s\u2019appliquera si cette garantie est plus favorable \u00e0 l\u2019acheteur que les dispositions pertinentes de la loi relative \u00e0 la protection du consommateur (68\/2008). Une telle garantie n\u2019est valable qu\u2019apr\u00e8s r\u00e9ception du paiement complet de la marchandise.<\/p>\n<p>&nbsp;<\/p>\n<h5><strong>TOUTE GARANTIE PEUT \u00caTRE ANNUL\u00c9E SUR TOUT \u00c9QUIPEMENT QUI :<\/strong><\/h5>\n<p><span style=\"font-size: 14px;\">i)\u00a0 \u00a0N\u2019a pas \u00e9t\u00e9 install\u00e9 conform\u00e9ment aux instructions d\u2019installation fournies.\u00a0 \u00a0 \u00a0 \u00a0 \u00a0 \u00a0 \u00a0 \u00a0 \u00a0 \u00a0 \u00a0 \u00a0 \u00a0 \u00a0 \u00a0 \u00a0 \u00a0 \u00a0 \u00a0 \u00a0 \u00a0 \u00a0 \u00a0 \u00a0 \u00a0 \u00a0 \u00a0 \u00a0 \u00a0 \u00a0 \u00a0 \u00a0 \u00a0 \u00a0 \u00a0 \u00a0 \u00a0 \u00a0 \u00a0 \u00a0 \u00a0 \u00a0 \u00a0 \u00a0 \u00a0 \u00a0 \u00a0 \u00a0 \u00a0 \u00a0 \u00a0 \u00a0 \u00a0 \u00a0 \u00a0 \u00a0 \u00a0 \u00a0 \u00a0 \u00a0 \u00a0 \u00a0 \u00a0 \u00a0 \u00a0 \u00a0 \u00a0 \u00a0 \u00a0 \u00a0 \u00a0 \u00a0 \u00a0 \u00a0 \u00a0 \u00a0 \u00a0 \u00a0 \u00a0 \u00a0 ii)\u00a0 <\/span>A fait l\u2019objet d\u2019une mauvaise utilisation ou a \u00e9t\u00e9 utilis\u00e9 \u00e0 des fins autres que celles pour lesquelles il a \u00e9t\u00e9 con\u00e7u par les fabricants.<br \/>iii) A subi des dommages caus\u00e9s par la manipulation pendant le transport, les conditions atmosph\u00e9riques (y compris la foudre), la corrosion des pi\u00e8ces m\u00e9talliques,\u00a0 \u00a0 \u00a0 \u00a0 \u00a0les infestations d\u2019insectes, les surtensions ou d\u2019autres forces ind\u00e9pendantes de la volont\u00e9 de CENTURION.<br \/>iv) A \u00e9t\u00e9 r\u00e9par\u00e9 par un atelier et\/ou une personne NON autoris\u00e9e pr\u00e9alablement par CENTURION.<br \/>v)\u00a0 A \u00e9t\u00e9 r\u00e9par\u00e9 avec des composants qui n\u2019ont pas \u00e9t\u00e9 pr\u00e9c\u00e9demment test\u00e9s, approuv\u00e9s ou autoris\u00e9s par CENTURION.<\/p>\n<p><strong>\u00a0<\/strong><\/p>\n<h5><strong>NOUS NE SERONS PAS RESPONSABLES EN VERTU DE CE CONTRAT POUR TOUTE PERTE OU DOMMAGE CAUS\u00c9S PAR NOUS OU NOS EMPLOY\u00c9S OU AGENTS DANS DES CIRCONSTANCES O\u00d9 :<\/strong><\/h5>\n<p><span style=\"font-size: 14px;\">i)\u00a0 Le produit n\u2019a pas \u00e9t\u00e9 install\u00e9 conform\u00e9ment aux instructions d\u2019installation fournies par CENTURION, ou\u00a0 \u00a0 \u00a0 \u00a0 \u00a0 \u00a0 \u00a0 \u00a0 \u00a0 \u00a0 \u00a0 \u00a0 \u00a0 \u00a0 \u00a0 \u00a0 \u00a0 \u00a0 \u00a0 \u00a0 \u00a0 \u00a0 \u00a0 \u00a0 \u00a0 \u00a0 \u00a0 \u00a0 \u00a0 \u00a0 \u00a0 \u00a0 \u00a0 \u00a0 \u00a0 \u00a0 \u00a0 \u00a0 \u00a0 \u00a0 \u00a0 \u00a0 \u00a0 \u00a0 \u00a0 \u00a0 \u00a0 \u00a0 \u00a0 \u00a0 \u00a0 \u00a0 \u00a0<\/span>ii) Le non-respect des consignes de s\u00e9curit\u00e9 fournies par CENTURION, ou<br \/>iii) Il n\u2019y a aucun manquement \u00e0 une obligation l\u00e9gale de diligence envers vous par nous ou par l\u2019un de nos employ\u00e9s ou agents, ou<br \/>iv) Une telle perte ou un tel dommage n\u2019est pas un r\u00e9sultat raisonnablement pr\u00e9visible d\u2019une telle violation, et toute augmentation des pertes ou dommages\u00a0 \u00a0 \u00a0 \u00a0 \u00a0 \u00a0 \u00a0 \u00a0 \u00a0 \u00a0 \u00a0 \u00a0r\u00e9sultant d\u2019un manquement de votre part \u00e0 l\u2019une quelconque des dispositions du pr\u00e9sent contrat.<\/p>\n<p><strong>\u00a0<\/strong><\/p>\n<h5><strong>R\u00c9PARATIONS ET ENTRETIEN \u2013 CONDITIONS G\u00c9N\u00c9RALES<\/strong><\/h5>\n<p>Tous les produits de CENTURION qui sont ramen\u00e9s sont r\u00e9par\u00e9s avec le plus grand soin, inspect\u00e9s et test\u00e9s de mani\u00e8re approfondie.<\/p>\n<p>Toutes les r\u00e9parations sont soumises aux dispositions pertinentes de la loi relative \u00e0 la protection du consommateur (68\/2008) et sont garanties contre les d\u00e9fauts de mat\u00e9riaux et de fabrication pour une p\u00e9riode de trois mois \u00e0 compter de la date de facturation de la r\u00e9paration. Les r\u00e9parations effectu\u00e9es sur les marchandises pendant la p\u00e9riode de garantie normale de deux ans sont garanties pour la partie non expir\u00e9e de la garantie originale du produit, sinon, une garantie de trois mois \u00e0 compter de la date des r\u00e9parations, la p\u00e9riode la plus longue et la plus avantageuse pour le client s\u2019applique.<\/p>\n<p>Selon nos conditions g\u00e9n\u00e9rales de vente, toutes les autres conditions de notre garantie sur l\u2019achat d\u2019un nouvel article, s\u2019appliquent, c\u2019est-\u00e0-dire qu\u2019une r\u00e9paration n\u2019influence pas la garantie d\u2019origine.<\/p>\n<p>Les produits pr\u00e9sentant des d\u00e9fauts m\u00e9caniques seront r\u00e9par\u00e9s et\/ou feront l\u2019objet d\u2019une r\u00e9vision au centre technique de Centurion Systems, ou dans un centre technique pr\u00e9-autoris\u00e9 d\u00e9sign\u00e9 par Centurion Systems. Toutes les r\u00e9parations ou prestations sur les motorisations m\u00e9caniques feront l\u2019objet d\u2019un devis qui devra \u00eatre approuv\u00e9 et autoris\u00e9 par le client avant le commencement de la r\u00e9paration.<\/p>\n<p>Les cartes de circuit imprim\u00e9 ou les dispositifs \u00e9lectroniques seront g\u00e9n\u00e9ralement \u00e9chang\u00e9s avec des articles de remplacement de service. Ces articles seront factur\u00e9s \u00e0 un prix d\u2019\u00e9change lorsque les articles d\u00e9fectueux seront retourn\u00e9s et devront \u00eatre dans un \u00e9tat r\u00e9parable.<\/p>\n<p>Les produits dont la r\u00e9paration s\u2019av\u00e8re trop on\u00e9reuse devront \u00eatre remplac\u00e9s par de nouveaux articles une fois que le devis aura \u00e9t\u00e9 approuv\u00e9 par le client.<\/p>\n<p>Si le devis n\u2019est pas accept\u00e9, une taxe de d\u00e9cote de 75,00 ZAR hors TVA[*] sera pr\u00e9lev\u00e9e.<\/p>\n<p>Toute carte de circuit imprim\u00e9 ou toute motorisation qui n\u2019a \u00e9t\u00e9 que test\u00e9e, et non r\u00e9par\u00e9e, ne donnera PAS lieu \u00e0 une prolongation de la p\u00e9riode de garantie, le cas \u00e9ch\u00e9ant.<\/p>\n<p>&nbsp;<\/p>\n<h5><strong>LES GARANTIES SUR TOUTE R\u00c9PARATION NE S\u2019APPLIQUERONT PAS \u00c0 TOUT PRODUIT QUI :<\/strong><\/h5>\n<p>i)\u00a0 \u00a0Fait l\u2019objet d\u2019une mauvaise utilisation ou a \u00e9t\u00e9 utilis\u00e9 \u00e0 des fins autres que celles pour lesquelles il a \u00e9t\u00e9 con\u00e7u par Centurion Systems;<br \/>ii)\u00a0 N\u2019a pas \u00e9t\u00e9 install\u00e9 conform\u00e9ment aux instructions d\u2019installation fournies;<br \/>iii) A \u00e9t\u00e9 endommag\u00e9 par suite d\u2019une manipulation pendant le transport, de conditions atmosph\u00e9riques, d\u2019une infestation d\u2019insectes, de surtensions, d\u2019un cas de\u00a0 \u00a0 \u00a0 \u00a0 \u00a0 \u00a0 \u00a0 \u00a0force majeure ou d\u2019autres forces \u00e9chappant au contr\u00f4le de Centurion Systems;<br \/>iv) A \u00e9t\u00e9 r\u00e9par\u00e9 par une personne et\/ou un atelier NON autoris\u00e9 par Centurion Systems;<br \/>v)\u00a0 A \u00e9t\u00e9 r\u00e9par\u00e9 avec des composants qui n\u2019ont pas \u00e9t\u00e9 test\u00e9s, approuv\u00e9s ou autoris\u00e9s par Centurion Systems.<\/p>\n<p><span style=\"font-size: 14px;\">Il incombe au client de s\u2019assurer que TOUS les articles remis \u00e0 Centurion Systems pour r\u00e9paration sont correctement sp\u00e9cifi\u00e9s sur l\u2019avis de service ou le bon de r\u00e9ception de marchandises, selon le cas.<\/span><\/p>\n<p>Les articles non collect\u00e9s dans un d\u00e9lai de trois mois seront vendus pour couvrir les frais. Ceci s\u2019applique \u00e0 tous les articles qui ont \u00e9t\u00e9 r\u00e9par\u00e9s et qui sont pr\u00eats \u00e0 \u00eatre collect\u00e9s, aux articles en attente d\u2019approbation de devis et aux articles dont le devis a \u00e9t\u00e9 rejet\u00e9.<\/p>\n<p>Pour confirmer la propri\u00e9t\u00e9, les clients doivent pr\u00e9senter l\u2019original de l\u2019avis de service ou du bon de r\u00e9ception\u00a0<span style=\"font-size: 14px;\">des marchandises lors de la collecte de leurs r\u00e9parations.<\/span><\/p>\n<p>&nbsp;<\/p>\n<p>[*]Les frais de d\u00e9cote ne s\u2019appliquent qu\u2019aux march\u00e9s sud-africains.<\/p>\n<p>[\/et_pb_text][\/et_pb_column][\/et_pb_row][\/et_pb_section][et_pb_section fb_built=&#8221;1&#8243; fullwidth=&#8221;on&#8221; admin_label=&#8221;THIS IS THE MID SECTION BANNER SITE WIDE&#8221; _builder_version=&#8221;4.24.0&#8243; _module_preset=&#8221;default&#8221; global_colors_info=&#8221;{}&#8221; global_module=&#8221;25449&#8243; theme_builder_area=&#8221;post_content&#8221;][et_pb_fullwidth_image src=&#8221;https:\/\/www.centsys.com\/demo002\/img\/blog\/D%C3%A9couvrez%20le%20SMART%20ECOSYSTEM%20avec%20MyCentsys%20Remote.jpg&#8221; url=&#8221;https:\/\/www.centsys.com\/demo002\/application-mobile-mycentsys-remote\/&#8221; url_new_window=&#8221;on&#8221; admin_label=&#8221;FOOTER_SITE WIDE&#8221; _builder_version=&#8221;4.25.0&#8243; _module_preset=&#8221;default&#8221; global_colors_info=&#8221;{}&#8221; theme_builder_area=&#8221;post_content&#8221;][\/et_pb_fullwidth_image][et_pb_fullwidth_header button_one_text=&#8221;Contactez-nous&#8221; button_one_url=&#8221;https:\/\/www.centsys.com\/demo002\/coordonnees\/&#8221; button_two_text=&#8221;Support Technique&#8221; button_two_url=&#8221;https:\/\/www.centsys.com\/demo002\/support-technique\/&#8221; _builder_version=&#8221;4.25.0&#8243; _module_preset=&#8221;default&#8221; background_color=&#8221;#c1c1c1&#8243; custom_button_one=&#8221;on&#8221; button_one_text_color=&#8221;#FFFFFF&#8221; button_one_bg_color=&#8221;#999999&#8243; button_one_border_color=&#8221;#999999&#8243; custom_button_two=&#8221;on&#8221; button_two_text_color=&#8221;#FFFFFF&#8221; button_two_bg_color=&#8221;#999999&#8243; button_two_border_color=&#8221;#999999&#8243; custom_margin=&#8221;||-4px|||&#8221; custom_padding=&#8221;6px||17px|||&#8221; button_two_bg_color_tablet=&#8221;#999999&#8243; button_two_bg_color_phone=&#8221;#999999&#8243; button_two_bg_color_last_edited=&#8221;on|desktop&#8221; global_colors_info=&#8221;{}&#8221; button_one_bg_color__hover_enabled=&#8221;on|desktop&#8221; button_one_bg_color__hover=&#8221;#81c341&#8243; button_one_bg_enable_color__hover=&#8221;on&#8221; button_one_border_color__hover_enabled=&#8221;on|hover&#8221; button_one_border_color__hover=&#8221;#81c341&#8243; button_two_bg_color__hover_enabled=&#8221;on|hover&#8221; button_two_bg_color__hover=&#8221;#81c341&#8243; button_two_bg_enable_color__hover=&#8221;on&#8221; button_two_border_color__hover_enabled=&#8221;on|hover&#8221; button_two_border_color__hover=&#8221;#81c341&#8243; theme_builder_area=&#8221;post_content&#8221;][\/et_pb_fullwidth_header][\/et_pb_section]<\/p>\n","protected":false},"excerpt":{"rendered":"<p><span><span><a href=\"https:\/\/www.centsys.com\/demo002\/\">ACCUEIL<\/a><\/span><\/span>GARANTIES SUR LES NOUVEAUX PRODUITS &nbsp; Tous les produits CENTURION sont fabriqu\u00e9s avec le plus grand soin, minutieusement inspect\u00e9s et test\u00e9s. Les marchandises livr\u00e9es par CENTURION sont soumises aux dispositions des articles 55 \u00e0 57 de la loi relative \u00e0 la protection du consommateur (68\/2008), sauf si les dispositions de la garantie figurant dans la [&hellip;]<\/p>\n","protected":false},"author":1,"featured_media":0,"parent":0,"menu_order":0,"comment_status":"closed","ping_status":"closed","template":"","meta":{"_et_pb_use_builder":"on","_et_pb_old_content":"","_et_gb_content_width":"","_joinchat":[],"footnotes":""},"class_list":["post-670","page","type-page","status-publish","hentry"],"yoast_head":"<!-- This site is optimized with the Yoast SEO Premium plugin v27.3 (Yoast SEO v27.4) - https:\/\/yoast.com\/product\/yoast-seo-premium-wordpress\/ -->\r\n<title>Garanties et Exclusions des Produits - Centurion Systems<\/title>\r\n<meta name=\"description\" content=\"Tous les produits CENTURION pour r\u00e9paration sont entretenus, inspect\u00e9s et test\u00e9s. V\u00e9rifiez les garanties de votre produit CENTURION ici.\" \/>\r\n<meta name=\"robots\" content=\"index, follow, max-snippet:-1, max-image-preview:large, max-video-preview:-1\" \/>\r\n<link rel=\"canonical\" href=\"https:\/\/www.centsys.com\/demo002\/garanties-et-exclusions-des-produits\/\" \/>\r\n<meta property=\"og:locale\" content=\"en_US\" \/>\r\n<meta property=\"og:type\" content=\"article\" \/>\r\n<meta property=\"og:title\" content=\"Garanties et Exclusions des Produits\" \/>\r\n<meta property=\"og:description\" content=\"Tous les produits CENTURION pour r\u00e9paration sont entretenus, inspect\u00e9s et test\u00e9s. V\u00e9rifiez les garanties de votre produit CENTURION ici.\" \/>\r\n<meta property=\"og:url\" content=\"https:\/\/www.centsys.com\/demo002\/garanties-et-exclusions-des-produits\/\" \/>\r\n<meta property=\"og:site_name\" content=\"Centurion Systems French\" \/>\r\n<meta property=\"article:modified_time\" content=\"2024-05-09T10:09:20+00:00\" \/>\r\n<meta name=\"twitter:card\" content=\"summary_large_image\" \/>\r\n<meta name=\"twitter:label1\" content=\"Est. reading time\" \/>\n\t<meta name=\"twitter:data1\" content=\"6 minutes\" \/>\r\n<script type=\"application\/ld+json\" class=\"yoast-schema-graph\">{\"@context\":\"https:\\\/\\\/schema.org\",\"@graph\":[{\"@type\":\"WebPage\",\"@id\":\"https:\\\/\\\/www.centsys.com\\\/demo002\\\/garanties-et-exclusions-des-produits\\\/\",\"url\":\"https:\\\/\\\/www.centsys.com\\\/demo002\\\/garanties-et-exclusions-des-produits\\\/\",\"name\":\"Garanties et Exclusions des Produits - Centurion Systems\",\"isPartOf\":{\"@id\":\"https:\\\/\\\/www.centsys.com\\\/demo002\\\/#website\"},\"datePublished\":\"2020-03-05T11:43:41+00:00\",\"dateModified\":\"2024-05-09T10:09:20+00:00\",\"description\":\"Tous les produits CENTURION pour r\u00e9paration sont entretenus, inspect\u00e9s et test\u00e9s. V\u00e9rifiez les garanties de votre produit CENTURION ici.\",\"breadcrumb\":{\"@id\":\"https:\\\/\\\/www.centsys.com\\\/demo002\\\/garanties-et-exclusions-des-produits\\\/#breadcrumb\"},\"inLanguage\":\"en-ZA\",\"potentialAction\":[{\"@type\":\"ReadAction\",\"target\":[\"https:\\\/\\\/www.centsys.com\\\/demo002\\\/garanties-et-exclusions-des-produits\\\/\"]}]},{\"@type\":\"BreadcrumbList\",\"@id\":\"https:\\\/\\\/www.centsys.com\\\/demo002\\\/garanties-et-exclusions-des-produits\\\/#breadcrumb\",\"itemListElement\":[{\"@type\":\"ListItem\",\"position\":1,\"name\":\"ACCUEIL\",\"item\":\"https:\\\/\\\/www.centsys.com\\\/demo002\\\/\"},{\"@type\":\"ListItem\",\"position\":2,\"name\":\"Garanties et Exclusions des Produits\"}]},{\"@type\":\"WebSite\",\"@id\":\"https:\\\/\\\/www.centsys.com\\\/demo002\\\/#website\",\"url\":\"https:\\\/\\\/www.centsys.com\\\/demo002\\\/\",\"name\":\"Centurion Systems French\",\"description\":\"Produits D\u2019automatisation D\u2019acc\u00e8s\",\"potentialAction\":[{\"@type\":\"SearchAction\",\"target\":{\"@type\":\"EntryPoint\",\"urlTemplate\":\"https:\\\/\\\/www.centsys.com\\\/demo002\\\/?s={search_term_string}\"},\"query-input\":{\"@type\":\"PropertyValueSpecification\",\"valueRequired\":true,\"valueName\":\"search_term_string\"}}],\"inLanguage\":\"en-ZA\"}]}<\/script>\r\n<!-- \/ Yoast SEO Premium plugin. -->","yoast_head_json":{"title":"Garanties et Exclusions des Produits - Centurion Systems","description":"Tous les produits CENTURION pour r\u00e9paration sont entretenus, inspect\u00e9s et test\u00e9s. V\u00e9rifiez les garanties de votre produit CENTURION ici.","robots":{"index":"index","follow":"follow","max-snippet":"max-snippet:-1","max-image-preview":"max-image-preview:large","max-video-preview":"max-video-preview:-1"},"canonical":"https:\/\/www.centsys.com\/demo002\/garanties-et-exclusions-des-produits\/","og_locale":"en_US","og_type":"article","og_title":"Garanties et Exclusions des Produits","og_description":"Tous les produits CENTURION pour r\u00e9paration sont entretenus, inspect\u00e9s et test\u00e9s. V\u00e9rifiez les garanties de votre produit CENTURION ici.","og_url":"https:\/\/www.centsys.com\/demo002\/garanties-et-exclusions-des-produits\/","og_site_name":"Centurion Systems French","article_modified_time":"2024-05-09T10:09:20+00:00","twitter_card":"summary_large_image","twitter_misc":{"Est. reading time":"6 minutes"},"schema":{"@context":"https:\/\/schema.org","@graph":[{"@type":"WebPage","@id":"https:\/\/www.centsys.com\/demo002\/garanties-et-exclusions-des-produits\/","url":"https:\/\/www.centsys.com\/demo002\/garanties-et-exclusions-des-produits\/","name":"Garanties et Exclusions des Produits - Centurion Systems","isPartOf":{"@id":"https:\/\/www.centsys.com\/demo002\/#website"},"datePublished":"2020-03-05T11:43:41+00:00","dateModified":"2024-05-09T10:09:20+00:00","description":"Tous les produits CENTURION pour r\u00e9paration sont entretenus, inspect\u00e9s et test\u00e9s. V\u00e9rifiez les garanties de votre produit CENTURION ici.","breadcrumb":{"@id":"https:\/\/www.centsys.com\/demo002\/garanties-et-exclusions-des-produits\/#breadcrumb"},"inLanguage":"en-ZA","potentialAction":[{"@type":"ReadAction","target":["https:\/\/www.centsys.com\/demo002\/garanties-et-exclusions-des-produits\/"]}]},{"@type":"BreadcrumbList","@id":"https:\/\/www.centsys.com\/demo002\/garanties-et-exclusions-des-produits\/#breadcrumb","itemListElement":[{"@type":"ListItem","position":1,"name":"ACCUEIL","item":"https:\/\/www.centsys.com\/demo002\/"},{"@type":"ListItem","position":2,"name":"Garanties et Exclusions des Produits"}]},{"@type":"WebSite","@id":"https:\/\/www.centsys.com\/demo002\/#website","url":"https:\/\/www.centsys.com\/demo002\/","name":"Centurion Systems French","description":"Produits D\u2019automatisation D\u2019acc\u00e8s","potentialAction":[{"@type":"SearchAction","target":{"@type":"EntryPoint","urlTemplate":"https:\/\/www.centsys.com\/demo002\/?s={search_term_string}"},"query-input":{"@type":"PropertyValueSpecification","valueRequired":true,"valueName":"search_term_string"}}],"inLanguage":"en-ZA"}]}},"_links":{"self":[{"href":"https:\/\/www.centsys.com\/demo002\/wp-json\/wp\/v2\/pages\/670","targetHints":{"allow":["GET"]}}],"collection":[{"href":"https:\/\/www.centsys.com\/demo002\/wp-json\/wp\/v2\/pages"}],"about":[{"href":"https:\/\/www.centsys.com\/demo002\/wp-json\/wp\/v2\/types\/page"}],"author":[{"embeddable":true,"href":"https:\/\/www.centsys.com\/demo002\/wp-json\/wp\/v2\/users\/1"}],"replies":[{"embeddable":true,"href":"https:\/\/www.centsys.com\/demo002\/wp-json\/wp\/v2\/comments?post=670"}],"version-history":[{"count":0,"href":"https:\/\/www.centsys.com\/demo002\/wp-json\/wp\/v2\/pages\/670\/revisions"}],"wp:attachment":[{"href":"https:\/\/www.centsys.com\/demo002\/wp-json\/wp\/v2\/media?parent=670"}],"curies":[{"name":"wp","href":"https:\/\/api.w.org\/{rel}","templated":true}]}}