{"id":684,"date":"2020-03-05T12:13:22","date_gmt":"2020-03-05T12:13:22","guid":{"rendered":"https:\/\/www.centsys.co.za\/fr\/?page_id=684"},"modified":"2024-05-23T16:35:55","modified_gmt":"2024-05-23T14:35:55","slug":"les-serrures-electriques","status":"publish","type":"page","link":"https:\/\/www.centsys.com\/demo002\/les-serrures-electriques\/","title":{"rendered":"Serrures \u00e9lectriques"},"content":{"rendered":"<p>[et_pb_section fb_built=&#8221;1&#8243; fullwidth=&#8221;on&#8221; _builder_version=&#8221;4.16&#8243; background_enable_image=&#8221;off&#8221; locked=&#8221;off&#8221; global_colors_info=&#8221;{}&#8221;][et_pb_fullwidth_header title=&#8221;AJOUTEZ UNE S\u00c9CURIT\u00c9 SUPPL\u00c9MENTAIRE \u00c0 VOTRE PORTAIL BATTANT OU COULISSANT&#8221; header_fullscreen=&#8221;on&#8221; _builder_version=&#8221;4.25.0&#8243; title_font=&#8221;Verdana|700||on|||||&#8221; title_text_align=&#8221;left&#8221; title_text_color=&#8221;#81c341&#8243; title_font_size=&#8221;46px&#8221; content_font=&#8221;Verdana||||||||&#8221; content_text_align=&#8221;left&#8221; content_text_color=&#8221;#6d6e71&#8243; content_font_size=&#8221;18px&#8221; background_enable_color=&#8221;off&#8221; background_image=&#8221;https:\/\/www.centsys.com\/demo002\/wp-content\/uploads\/2020\/03\/GateShox.jpg&#8221; background_layout=&#8221;light&#8221; custom_margin=&#8221;||||false|false&#8221; custom_padding=&#8221;8{b275702fb50eb40ce127199ba0c14ed5c48ee57d6f0451ec33debc284b28b4f4}|20{b275702fb50eb40ce127199ba0c14ed5c48ee57d6f0451ec33debc284b28b4f4}|8{b275702fb50eb40ce127199ba0c14ed5c48ee57d6f0451ec33debc284b28b4f4}||true|false&#8221; custom_padding_tablet=&#8221;|10{b275702fb50eb40ce127199ba0c14ed5c48ee57d6f0451ec33debc284b28b4f4}|||true|false&#8221; custom_padding_phone=&#8221;8{b275702fb50eb40ce127199ba0c14ed5c48ee57d6f0451ec33debc284b28b4f4}|0{b275702fb50eb40ce127199ba0c14ed5c48ee57d6f0451ec33debc284b28b4f4}|8{b275702fb50eb40ce127199ba0c14ed5c48ee57d6f0451ec33debc284b28b4f4}||true|false&#8221; custom_padding_last_edited=&#8221;on|tablet&#8221; hover_enabled=&#8221;0&#8243; title_font_size_tablet=&#8221;&#8221; title_font_size_phone=&#8221;30px&#8221; title_font_size_last_edited=&#8221;on|phone&#8221; content_font_size_tablet=&#8221;&#8221; content_font_size_phone=&#8221;14px&#8221; content_font_size_last_edited=&#8221;on|phone&#8221; global_colors_info=&#8221;{}&#8221; title_text=&#8221;GateShox&#8221; sticky_enabled=&#8221;0&#8243;]<\/p>\n<p>Les serrures \u00e9lectriques<\/p>\n<p>[\/et_pb_fullwidth_header][\/et_pb_section][et_pb_section fb_built=&#8221;1&#8243; fullwidth=&#8221;on&#8221; _builder_version=&#8221;4.20.4&#8243; background_color=&#8221;#e5e5e5&#8243; use_background_color_gradient=&#8221;on&#8221; background_color_gradient_stops=&#8221;#e5e5e5 0%|#e5e5e5 100%&#8221; background_color_gradient_start=&#8221;#e5e5e5&#8243; background_color_gradient_end=&#8221;#e5e5e5&#8243; transform_translate=&#8221;-13px|269px&#8221; background_color_gradient_stops_tablet=&#8221;#e5e5e5 0%|#e5e5e5 100%&#8221; background_color_gradient_stops_phone=&#8221;#e5e5e5 0%|#e5e5e5 100%&#8221; global_module=&#8221;5513&#8243; global_colors_info=&#8221;{}&#8221;][et_pb_fullwidth_code _builder_version=&#8221;4.20.4&#8243; _module_preset=&#8221;default&#8221; global_colors_info=&#8221;{}&#8221;]<span><span><a href=\"https:\/\/www.centsys.com\/demo002\/\">ACCUEIL<\/a><\/span><\/span>[\/et_pb_fullwidth_code][\/et_pb_section][et_pb_section fb_built=&#8221;1&#8243; _builder_version=&#8221;4.16&#8243; global_colors_info=&#8221;{}&#8221;][et_pb_row _builder_version=&#8221;4.16&#8243; locked=&#8221;off&#8221; global_colors_info=&#8221;{}&#8221;][et_pb_column type=&#8221;4_4&#8243; _builder_version=&#8221;4.16&#8243; global_colors_info=&#8221;{}&#8221;][et_pb_text _builder_version=&#8221;4.16&#8243; global_colors_info=&#8221;{}&#8221;]<\/p>\n<h1 style=\"text-align: center;\">LES SERRURES \u00c9LECTRIQUES<\/h1>\n<p>Nos serrures \u00e9lectriques sont fabriqu\u00e9s en acier inoxydable robuste et r\u00e9sistant aux intemp\u00e9ries, ce qui les rend id\u00e9aux pour une utilisation \u00e0 l\u2019ext\u00e9rieur, et ils am\u00e9liorent consid\u00e9rablement la s\u00e9curit\u00e9 des points d\u2019acc\u00e8s gr\u00e2ce \u00e0 un verrouillage s\u00e9curis\u00e9 par une plaque d\u2019armature. De plus, le syst\u00e8me de surveillance des portails natives avertira \u00e9lectroniquement les \u00e9quipements de contr\u00f4le d\u2019acc\u00e8s co-install\u00e9s sur les conditions de d\u00e9tresse telles qu\u2019un portail forc\u00e9 et un portail laiss\u00e9 ouvert, ce qui renforcera encore la s\u00e9curit\u00e9. Des mod\u00e8les sont disponibles pour les portails s\u2019ouvrant vers l\u2019int\u00e9rieur et vers l\u2019ext\u00e9rieur avec des forces de maintien de 180kg et 600kg.<\/p>\n<p>&nbsp;<\/p>\n<h5>CARACT\u00c9RISTIQUES PRINCIPALES:<\/h5>\n<p><span style=\"font-size: 14px;\">\u00a0<\/span><\/p>\n<ul>\n<li class=\"p1\"><strong>Les intemp\u00e9ries? Qu\u2019elles viennent<br \/><\/strong>Nos verrous magn\u00e9tiques extr\u00eamement r\u00e9sistants sont tr\u00e8s bien \u00e0 l\u2019aise dans les fresques et conservent non seulement leur \u00e9clat m\u00e9tallique attrayant, mais restent structurellement solides, m\u00eame dans les conditions atmosph\u00e9riques les plus dures. M\u00eame lorsqu\u2019ils sont install\u00e9s sur la c\u00f4te, avec l\u2019air salin et piquant de l\u2019oc\u00e9an qui souffle en permanence dessus, vous ne verrez pas nos verrous magn\u00e9tiques succomber \u00e0 la corrosion.<\/li>\n<\/ul>\n<ul>\n<li class=\"p1\"><strong>La force au-del\u00e0 de la force<br \/><\/strong>Selon le mod\u00e8le, votre verrou magn\u00e9tique CENTURION est capable de r\u00e9sister \u00e0 une force appliqu\u00e9e pouvant atteindre 600 kg, et le moteur de votre portail forme une barri\u00e8re blind\u00e9e contre les intrusions criminelles.<\/li>\n<\/ul>\n<ul>\n<li class=\"p1\"><strong>Facile \u00e0 installer<br \/><\/strong>Le verrou magn\u00e9tique de CENTURION est livr\u00e9 avec du mat\u00e9riel de montage robuste et des instructions faciles \u00e0 suivre, fin que vous puissiez vous aussi b\u00e9n\u00e9ficier du plus haut niveau de s\u00e9curit\u00e9 sans avoir \u00e0 attendre que les plan\u00e8tes s\u2019alignent ou avoir un doctorat en ing\u00e9nierie. La tranquillit\u00e9 d\u2019esprit est \u00e0 votre port\u00e9e !<\/li>\n<\/ul>\n<ul>\n<li class=\"p1\"><strong>Un contr\u00f4le de portail et un retour d\u2019information fiables<br \/><\/strong>Le dispositif de contr\u00f4le de portail originel (capteur de porte) fournit des contacts normalement ouverts, normalement ferm\u00e9s et communs, et transmet l\u2019\u00e9tat du portail \u00e0 un dispositif externe tel qu\u2019un syst\u00e8me de contr\u00f4le d\u2019acc\u00e8s, un statut LED, un module GSM ou une alarme. Si la connexion normalement ouverte est utilis\u00e9e, les contacts de sortie cr\u00e9ent un court-circuit lorsque le portail est en position ferm\u00e9e, et produisent un signal de sortie si le circuit est interrompu, c\u2019est-\u00e0-dire le portail ouvert. R\u00e9ciproquement, si la connexion normalement ferm\u00e9e est utilis\u00e9e, un court-circuit se produit lors de l\u2019ouverture du portail. Ceci est incroyablement utile du point de vue de la s\u00e9curit\u00e9, car cela permet d\u2019avertir les utilisateurs des conditions de d\u00e9tresse telles qu\u2019un portail qui a \u00e9t\u00e9 forc\u00e9 ou laiss\u00e9 ouvert.<\/li>\n<\/ul>\n<ul>\n<li class=\"p1\"><strong>Une solution polyvalente<br \/><\/strong>Des mod\u00e8les sont disponibles pour portails \u00e0 battants et coulissants en configuration droite et gauche.<\/li>\n<\/ul>\n<p>[\/et_pb_text][et_pb_image src=&#8221;https:\/\/www.centsys.com\/demo002\/img\/admin\/Abonnez-vous %C3%A0 notre bulletin CENTURION.jpg&#8221; url=&#8221;@ET-DC@eyJkeW5hbWljIjp0cnVlLCJjb250ZW50IjoicG9zdF9saW5rX3VybF9wYWdlIiwic2V0dGluZ3MiOnsicG9zdF9pZCI6IjM1MiJ9fQ==@&#8221; align=&#8221;center&#8221; _builder_version=&#8221;4.23.1&#8243; _dynamic_attributes=&#8221;url&#8221; saved_tabs=&#8221;all&#8221; global_colors_info=&#8221;{}&#8221;][\/et_pb_image][\/et_pb_column][\/et_pb_row][\/et_pb_section][et_pb_section fb_built=&#8221;1&#8243; fullwidth=&#8221;on&#8221; admin_label=&#8221;THIS IS THE MID SECTION BANNER SITE WIDE&#8221; _builder_version=&#8221;4.24.0&#8243; _module_preset=&#8221;default&#8221; global_colors_info=&#8221;{}&#8221; global_module=&#8221;25449&#8243; theme_builder_area=&#8221;post_content&#8221;][et_pb_fullwidth_image src=&#8221;https:\/\/www.centsys.com\/demo002\/img\/Home%20Page\/Motorisations%20pour%20portails%20CENTURION%20SMART%20S%C3%A9rie%20D_Mid.jpg&#8221; url=&#8221;https:\/\/www.centsys.com\/demo002&#8243; url_new_window=&#8221;on&#8221; admin_label=&#8221;FOOTER_SITE WIDE&#8221; _builder_version=&#8221;4.25.0&#8243; _module_preset=&#8221;default&#8221; global_colors_info=&#8221;{}&#8221; theme_builder_area=&#8221;post_content&#8221;][\/et_pb_fullwidth_image][et_pb_fullwidth_header button_one_text=&#8221;Contactez-nous&#8221; button_one_url=&#8221;https:\/\/www.centsys.com\/demo002\/coordonnees\/&#8221; button_two_text=&#8221;Support Technique&#8221; button_two_url=&#8221;https:\/\/www.centsys.com\/demo002\/support-technique\/&#8221; _builder_version=&#8221;4.25.0&#8243; _module_preset=&#8221;default&#8221; background_color=&#8221;#c1c1c1&#8243; custom_button_one=&#8221;on&#8221; button_one_text_color=&#8221;#FFFFFF&#8221; button_one_bg_color=&#8221;#999999&#8243; button_one_border_color=&#8221;#999999&#8243; custom_button_two=&#8221;on&#8221; button_two_text_color=&#8221;#FFFFFF&#8221; button_two_bg_color=&#8221;#999999&#8243; button_two_border_color=&#8221;#999999&#8243; custom_margin=&#8221;||-4px|||&#8221; custom_padding=&#8221;6px||17px|||&#8221; button_two_bg_color_tablet=&#8221;#999999&#8243; button_two_bg_color_phone=&#8221;#999999&#8243; button_two_bg_color_last_edited=&#8221;on|desktop&#8221; global_colors_info=&#8221;{}&#8221; button_one_bg_color__hover_enabled=&#8221;on|desktop&#8221; button_one_bg_color__hover=&#8221;#81c341&#8243; button_one_bg_enable_color__hover=&#8221;on&#8221; button_one_border_color__hover_enabled=&#8221;on|hover&#8221; button_one_border_color__hover=&#8221;#81c341&#8243; button_two_bg_color__hover_enabled=&#8221;on|hover&#8221; button_two_bg_color__hover=&#8221;#81c341&#8243; button_two_bg_enable_color__hover=&#8221;on&#8221; button_two_border_color__hover_enabled=&#8221;on|hover&#8221; button_two_border_color__hover=&#8221;#81c341&#8243; theme_builder_area=&#8221;post_content&#8221;][\/et_pb_fullwidth_header][\/et_pb_section]<\/p>\n","protected":false},"excerpt":{"rendered":"<p>Les serrures \u00e9lectriques<span><span><a href=\"https:\/\/www.centsys.com\/demo002\/\">ACCUEIL<\/a><\/span><\/span>LES SERRURES \u00c9LECTRIQUES Nos serrures \u00e9lectriques sont fabriqu\u00e9s en acier inoxydable robuste et r\u00e9sistant aux intemp\u00e9ries, ce qui les rend id\u00e9aux pour une utilisation \u00e0 l\u2019ext\u00e9rieur, et ils am\u00e9liorent consid\u00e9rablement la s\u00e9curit\u00e9 des points d\u2019acc\u00e8s gr\u00e2ce \u00e0 un verrouillage s\u00e9curis\u00e9 par une plaque d\u2019armature. De plus, le syst\u00e8me de surveillance des portails natives [&hellip;]<\/p>\n","protected":false},"author":1,"featured_media":0,"parent":0,"menu_order":0,"comment_status":"closed","ping_status":"closed","template":"","meta":{"_et_pb_use_builder":"on","_et_pb_old_content":"","_et_gb_content_width":"","_joinchat":[],"footnotes":""},"class_list":["post-684","page","type-page","status-publish","hentry"],"yoast_head":"<!-- This site is optimized with the Yoast SEO Premium plugin v27.3 (Yoast SEO v27.4) - https:\/\/yoast.com\/product\/yoast-seo-premium-wordpress\/ -->\r\n<title>Les Serrures \u00c9lectriques - Centurion Systems<\/title>\r\n<meta name=\"description\" content=\"Ayez une s\u00e9curit\u00e9 suppl\u00e9mentaire avec les serrures \u00e9lectriques CENTURION. Appelez aujourd&#039;hui: +27 11 699 2400 \/ exports@centsys.com.\" \/>\r\n<meta name=\"robots\" content=\"index, follow, max-snippet:-1, max-image-preview:large, max-video-preview:-1\" \/>\r\n<link rel=\"canonical\" href=\"https:\/\/www.centsys.com\/demo002\/les-serrures-electriques\/\" \/>\r\n<meta property=\"og:locale\" content=\"en_US\" \/>\r\n<meta property=\"og:type\" content=\"article\" \/>\r\n<meta property=\"og:title\" content=\"Serrures \u00e9lectriques\" \/>\r\n<meta property=\"og:description\" content=\"Ayez une s\u00e9curit\u00e9 suppl\u00e9mentaire avec les serrures \u00e9lectriques CENTURION. Appelez aujourd&#039;hui: +27 11 699 2400 \/ exports@centsys.com.\" \/>\r\n<meta property=\"og:url\" content=\"https:\/\/www.centsys.com\/demo002\/les-serrures-electriques\/\" \/>\r\n<meta property=\"og:site_name\" content=\"Centurion Systems French\" \/>\r\n<meta property=\"article:modified_time\" content=\"2024-05-23T14:35:55+00:00\" \/>\r\n<meta name=\"twitter:card\" content=\"summary_large_image\" \/>\r\n<meta name=\"twitter:label1\" content=\"Est. reading time\" \/>\n\t<meta name=\"twitter:data1\" content=\"3 minutes\" \/>\r\n<script type=\"application\/ld+json\" class=\"yoast-schema-graph\">{\"@context\":\"https:\\\/\\\/schema.org\",\"@graph\":[{\"@type\":\"WebPage\",\"@id\":\"https:\\\/\\\/www.centsys.com\\\/demo002\\\/les-serrures-electriques\\\/\",\"url\":\"https:\\\/\\\/www.centsys.com\\\/demo002\\\/les-serrures-electriques\\\/\",\"name\":\"Les Serrures \u00c9lectriques - Centurion Systems\",\"isPartOf\":{\"@id\":\"https:\\\/\\\/www.centsys.com\\\/demo002\\\/#website\"},\"datePublished\":\"2020-03-05T12:13:22+00:00\",\"dateModified\":\"2024-05-23T14:35:55+00:00\",\"description\":\"Ayez une s\u00e9curit\u00e9 suppl\u00e9mentaire avec les serrures \u00e9lectriques CENTURION. Appelez aujourd'hui: +27 11 699 2400 \\\/ exports@centsys.com.\",\"breadcrumb\":{\"@id\":\"https:\\\/\\\/www.centsys.com\\\/demo002\\\/les-serrures-electriques\\\/#breadcrumb\"},\"inLanguage\":\"en-ZA\",\"potentialAction\":[{\"@type\":\"ReadAction\",\"target\":[\"https:\\\/\\\/www.centsys.com\\\/demo002\\\/les-serrures-electriques\\\/\"]}]},{\"@type\":\"BreadcrumbList\",\"@id\":\"https:\\\/\\\/www.centsys.com\\\/demo002\\\/les-serrures-electriques\\\/#breadcrumb\",\"itemListElement\":[{\"@type\":\"ListItem\",\"position\":1,\"name\":\"ACCUEIL\",\"item\":\"https:\\\/\\\/www.centsys.com\\\/demo002\\\/\"},{\"@type\":\"ListItem\",\"position\":2,\"name\":\"Serrures \u00e9lectriques\"}]},{\"@type\":\"WebSite\",\"@id\":\"https:\\\/\\\/www.centsys.com\\\/demo002\\\/#website\",\"url\":\"https:\\\/\\\/www.centsys.com\\\/demo002\\\/\",\"name\":\"Centurion Systems French\",\"description\":\"Produits D\u2019automatisation D\u2019acc\u00e8s\",\"potentialAction\":[{\"@type\":\"SearchAction\",\"target\":{\"@type\":\"EntryPoint\",\"urlTemplate\":\"https:\\\/\\\/www.centsys.com\\\/demo002\\\/?s={search_term_string}\"},\"query-input\":{\"@type\":\"PropertyValueSpecification\",\"valueRequired\":true,\"valueName\":\"search_term_string\"}}],\"inLanguage\":\"en-ZA\"}]}<\/script>\r\n<!-- \/ Yoast SEO Premium plugin. -->","yoast_head_json":{"title":"Les Serrures \u00c9lectriques - Centurion Systems","description":"Ayez une s\u00e9curit\u00e9 suppl\u00e9mentaire avec les serrures \u00e9lectriques CENTURION. Appelez aujourd'hui: +27 11 699 2400 \/ exports@centsys.com.","robots":{"index":"index","follow":"follow","max-snippet":"max-snippet:-1","max-image-preview":"max-image-preview:large","max-video-preview":"max-video-preview:-1"},"canonical":"https:\/\/www.centsys.com\/demo002\/les-serrures-electriques\/","og_locale":"en_US","og_type":"article","og_title":"Serrures \u00e9lectriques","og_description":"Ayez une s\u00e9curit\u00e9 suppl\u00e9mentaire avec les serrures \u00e9lectriques CENTURION. Appelez aujourd'hui: +27 11 699 2400 \/ exports@centsys.com.","og_url":"https:\/\/www.centsys.com\/demo002\/les-serrures-electriques\/","og_site_name":"Centurion Systems French","article_modified_time":"2024-05-23T14:35:55+00:00","twitter_card":"summary_large_image","twitter_misc":{"Est. reading time":"3 minutes"},"schema":{"@context":"https:\/\/schema.org","@graph":[{"@type":"WebPage","@id":"https:\/\/www.centsys.com\/demo002\/les-serrures-electriques\/","url":"https:\/\/www.centsys.com\/demo002\/les-serrures-electriques\/","name":"Les Serrures \u00c9lectriques - Centurion Systems","isPartOf":{"@id":"https:\/\/www.centsys.com\/demo002\/#website"},"datePublished":"2020-03-05T12:13:22+00:00","dateModified":"2024-05-23T14:35:55+00:00","description":"Ayez une s\u00e9curit\u00e9 suppl\u00e9mentaire avec les serrures \u00e9lectriques CENTURION. Appelez aujourd'hui: +27 11 699 2400 \/ exports@centsys.com.","breadcrumb":{"@id":"https:\/\/www.centsys.com\/demo002\/les-serrures-electriques\/#breadcrumb"},"inLanguage":"en-ZA","potentialAction":[{"@type":"ReadAction","target":["https:\/\/www.centsys.com\/demo002\/les-serrures-electriques\/"]}]},{"@type":"BreadcrumbList","@id":"https:\/\/www.centsys.com\/demo002\/les-serrures-electriques\/#breadcrumb","itemListElement":[{"@type":"ListItem","position":1,"name":"ACCUEIL","item":"https:\/\/www.centsys.com\/demo002\/"},{"@type":"ListItem","position":2,"name":"Serrures \u00e9lectriques"}]},{"@type":"WebSite","@id":"https:\/\/www.centsys.com\/demo002\/#website","url":"https:\/\/www.centsys.com\/demo002\/","name":"Centurion Systems French","description":"Produits D\u2019automatisation D\u2019acc\u00e8s","potentialAction":[{"@type":"SearchAction","target":{"@type":"EntryPoint","urlTemplate":"https:\/\/www.centsys.com\/demo002\/?s={search_term_string}"},"query-input":{"@type":"PropertyValueSpecification","valueRequired":true,"valueName":"search_term_string"}}],"inLanguage":"en-ZA"}]}},"_links":{"self":[{"href":"https:\/\/www.centsys.com\/demo002\/wp-json\/wp\/v2\/pages\/684","targetHints":{"allow":["GET"]}}],"collection":[{"href":"https:\/\/www.centsys.com\/demo002\/wp-json\/wp\/v2\/pages"}],"about":[{"href":"https:\/\/www.centsys.com\/demo002\/wp-json\/wp\/v2\/types\/page"}],"author":[{"embeddable":true,"href":"https:\/\/www.centsys.com\/demo002\/wp-json\/wp\/v2\/users\/1"}],"replies":[{"embeddable":true,"href":"https:\/\/www.centsys.com\/demo002\/wp-json\/wp\/v2\/comments?post=684"}],"version-history":[{"count":0,"href":"https:\/\/www.centsys.com\/demo002\/wp-json\/wp\/v2\/pages\/684\/revisions"}],"wp:attachment":[{"href":"https:\/\/www.centsys.com\/demo002\/wp-json\/wp\/v2\/media?parent=684"}],"curies":[{"name":"wp","href":"https:\/\/api.w.org\/{rel}","templated":true}]}}