{"id":694,"date":"2020-03-05T12:20:41","date_gmt":"2020-03-05T12:20:41","guid":{"rendered":"https:\/\/www.centsys.co.za\/fr\/?page_id=694"},"modified":"2024-05-23T16:36:46","modified_gmt":"2024-05-23T14:36:46","slug":"gateshox","status":"publish","type":"page","link":"https:\/\/www.centsys.com\/demo002\/gateshox\/","title":{"rendered":"GateShox"},"content":{"rendered":"<p>[et_pb_section fb_built=&#8221;1&#8243; fullwidth=&#8221;on&#8221; _builder_version=&#8221;4.16&#8243; background_enable_image=&#8221;off&#8221; locked=&#8221;off&#8221; global_colors_info=&#8221;{}&#8221;][et_pb_fullwidth_header title=&#8221;UNE OUVERTURE  PLUS DOUX POUR VOTRE MOTEUR DU PORTAIL COULISSANT&#8221; header_fullscreen=&#8221;on&#8221; _builder_version=&#8221;4.16&#8243; title_font=&#8221;Verdana|700||on|||||&#8221; title_text_align=&#8221;right&#8221; title_text_color=&#8221;#81c341&#8243; title_font_size=&#8221;46px&#8221; content_font=&#8221;Verdana||||||||&#8221; content_text_align=&#8221;right&#8221; content_text_color=&#8221;#6d6e71&#8243; content_font_size=&#8221;18px&#8221; background_enable_color=&#8221;off&#8221; background_image=&#8221;https:\/\/www.centsys.com\/demo002\/wp-content\/uploads\/2020\/03\/GateShox.jpg&#8221; background_layout=&#8221;light&#8221; width=&#8221;100{b9f1a820be3d81834e54a7fd91d7ea557d10675802c96376b4de0df52dd4704d}&#8221; max_width=&#8221;100{b9f1a820be3d81834e54a7fd91d7ea557d10675802c96376b4de0df52dd4704d}&#8221; custom_margin=&#8221;||||false|false&#8221; custom_padding=&#8221;8{b275702fb50eb40ce127199ba0c14ed5c48ee57d6f0451ec33debc284b28b4f4}||8{b275702fb50eb40ce127199ba0c14ed5c48ee57d6f0451ec33debc284b28b4f4}|20{b275702fb50eb40ce127199ba0c14ed5c48ee57d6f0451ec33debc284b28b4f4}|true|false&#8221; custom_padding_tablet=&#8221;|||10{b275702fb50eb40ce127199ba0c14ed5c48ee57d6f0451ec33debc284b28b4f4}|true|false&#8221; custom_padding_phone=&#8221;8{b275702fb50eb40ce127199ba0c14ed5c48ee57d6f0451ec33debc284b28b4f4}||8{b275702fb50eb40ce127199ba0c14ed5c48ee57d6f0451ec33debc284b28b4f4}|0{b275702fb50eb40ce127199ba0c14ed5c48ee57d6f0451ec33debc284b28b4f4}|true|false&#8221; custom_padding_last_edited=&#8221;on|tablet&#8221; title_font_size_tablet=&#8221;&#8221; title_font_size_phone=&#8221;36px&#8221; title_font_size_last_edited=&#8221;on|phone&#8221; content_font_size_tablet=&#8221;&#8221; content_font_size_phone=&#8221;14px&#8221; content_font_size_last_edited=&#8221;on|phone&#8221; global_colors_info=&#8221;{}&#8221;]<\/p>\n<p>GateShox, syst\u00e8me de suspension \u00e0 roues<\/p>\n<p>[\/et_pb_fullwidth_header][\/et_pb_section][et_pb_section fb_built=&#8221;1&#8243; fullwidth=&#8221;on&#8221; _builder_version=&#8221;4.20.4&#8243; background_color=&#8221;#e5e5e5&#8243; use_background_color_gradient=&#8221;on&#8221; background_color_gradient_stops=&#8221;#e5e5e5 0%|#e5e5e5 100%&#8221; background_color_gradient_start=&#8221;#e5e5e5&#8243; background_color_gradient_end=&#8221;#e5e5e5&#8243; transform_translate=&#8221;-13px|269px&#8221; background_color_gradient_stops_tablet=&#8221;#e5e5e5 0%|#e5e5e5 100%&#8221; background_color_gradient_stops_phone=&#8221;#e5e5e5 0%|#e5e5e5 100%&#8221; global_module=&#8221;5513&#8243; global_colors_info=&#8221;{}&#8221;][et_pb_fullwidth_code _builder_version=&#8221;4.20.4&#8243; _module_preset=&#8221;default&#8221; global_colors_info=&#8221;{}&#8221;]<span><span><a href=\"https:\/\/www.centsys.com\/demo002\/\">ACCUEIL<\/a><\/span><\/span>[\/et_pb_fullwidth_code][\/et_pb_section][et_pb_section fb_built=&#8221;1&#8243; _builder_version=&#8221;4.16&#8243; global_colors_info=&#8221;{}&#8221;][et_pb_row _builder_version=&#8221;4.16&#8243; locked=&#8221;off&#8221; global_colors_info=&#8221;{}&#8221;][et_pb_column type=&#8221;4_4&#8243; _builder_version=&#8221;4.16&#8243; global_colors_info=&#8221;{}&#8221;][et_pb_text _builder_version=&#8221;4.16&#8243; global_colors_info=&#8221;{}&#8221;]<\/p>\n<h1 class=\"p1\" style=\"text-align: center;\">GateShoX &#8211; SYST\u00c8ME DE SUSPENSION POUR PORTAILS COULISSANTS<\/h1>\n<p style=\"text-align: center;\">Le syst\u00e8me innovant <strong>GateShoX<\/strong> garantit un fonctionnement souple et silencieux de votre portail coulissant.\u00a0 Non seulement <strong>GateShoX<\/strong> r\u00e9duit consid\u00e9rablement le bruit des portails coulissants, mais minimise \u00e9galement l\u2019usure et l\u2019ondulation des rails, ce qui permet un fonctionnement fiable et durable. Le syst\u00e8me de suspension brevet\u00e9 est id\u00e9al pour les portails \u00e0 grande vitesse, il convient aux rails angulaires ou ronds et les roues sont incroyablement faciles \u00e0 changer gr\u00e2ce \u00e0 leur conception d\u2019embo\u00eetement\/d\u00e9bo\u00eetement.<\/p>\n<p>[\/et_pb_text][\/et_pb_column][\/et_pb_row][et_pb_row column_structure=&#8221;1_2,1_2&#8243; _builder_version=&#8221;4.16&#8243; locked=&#8221;off&#8221; global_colors_info=&#8221;{}&#8221;][et_pb_column type=&#8221;1_2&#8243; _builder_version=&#8221;4.16&#8243; global_colors_info=&#8221;{}&#8221;][et_pb_text _builder_version=&#8221;4.16&#8243; global_colors_info=&#8221;{}&#8221;]<\/p>\n<h5 class=\"p1\">CARACT\u00c9RISTIQUES PRINCIPALES:<\/h5>\n<ul>\n<li class=\"p1\"><strong>Un syst\u00e8me de roues brevet\u00e9<br \/><\/strong>Fonctionnant sur le m\u00eame principe que les amortisseurs de v\u00e9hicules, <strong>GateShoX<\/strong> aide \u00e0 absorber la charge du portail pour un roulement plus doux qui non seulement r\u00e9duit le bruit mais minimise consid\u00e9rablement l\u2019usure normale associ\u00e9e aux portails coulissants. Le syst\u00e8me de roues brevet\u00e9 convient aussi bien aux rails angulaires qu\u2019aux rails ronds et garantit que votre portail continuera \u00e0 coulisser avec bonheur et presque sans bruit pendant de nombreuses ann\u00e9es.<\/li>\n<\/ul>\n<ul>\n<li class=\"p1\"><strong>R\u00e9duit consid\u00e9rablement le bruit des portails coulissants<br \/><\/strong>Il y a quelque chose d\u2019un peu m\u00e9di\u00e9val dans un portail bruyant, n\u2019est-ce pas? Avan\u00e7ant lourdement et tristement sur son rail, faisant semblant d\u2019appr\u00e9cier le voyage autant qu\u2019une personne appr\u00e9cierait un canal impromptu \u2013 un portail bruyant est une chose triste et d\u00e9testable \u00e0 observer. Cela \u00e9voque des images de ch\u00e2teaux sombres et inqui\u00e9tants, avec de vastes couloirs et \u00a0des cachots, et peut-\u00eatre habit\u00e9s par Vincent Price. Avec <strong>GateShoX<\/strong>, les cliquetis, les grincements et les bruits angoissants en g\u00e9n\u00e9ral appartiennent au pass\u00e9!<\/li>\n<\/ul>\n<ul>\n<li class=\"p1\"><strong>Un support de roue de haute qualit\u00e9<br \/><\/strong>Le support de roue a \u00e9t\u00e9 d\u00e9coup\u00e9 au laser, pli\u00e9 par CNC et galvanis\u00e9 pour une robustesse et une long\u00e9vit\u00e9 optimale.<\/li>\n<\/ul>\n<ul>\n<li class=\"p1\"><strong>Facile \u00e0 changer<br \/><\/strong>Remplacer le <strong>GateShoX<\/strong> est un v\u00e9ritable jeu d\u2019enfant gr\u00e2ce \u00e0 sa conception \u00e0 embo\u00eetement\/d\u00e9bo\u00eetement innovante.<\/li>\n<\/ul>\n<p>[\/et_pb_text][\/et_pb_column][et_pb_column type=&#8221;1_2&#8243; _builder_version=&#8221;4.16&#8243; global_colors_info=&#8221;{}&#8221;][et_pb_text _builder_version=&#8221;4.16&#8243; global_colors_info=&#8221;{}&#8221;]<\/p>\n<p>&nbsp;<\/p>\n<ul>\n<li class=\"p1\"><strong>Un<\/strong> <strong>syst\u00e8me de suspension brevet\u00e9 r\u00e9glable en fonction du poids du portail\u00a0 \u00a0 \u00a0 \u00a0 \u00a0 \u00a0 \u00a0 \u00a0 \u00a0 \u00a0 \u00a0 \u00a0 \u00a0 \u00a0 \u00a0 \u00a0 \u00a0 \u00a0 \u00a0 \u00a0 \u00a0 \u00a0 \u00a0 \u00a0 \u00a0 \u00a0 \u00a0 \u00a0 \u00a0 \u00a0 \u00a0 \u00a0 \u00a0 \u00a0 \u00a0 \u00a0 \u00a0 \u00a0 \u00a0 \u00a0 \u00a0 \u00a0 \u00a0 \u00a0 \u00a0 \u00a0 \u00a0 \u00a0 \u00a0 \u00a0 \u00a0 \u00a0 <\/strong>L\u2019ondulation par usure des rails fait partie du cycle de vie naturel de tout syst\u00e8me de portail coulissant, et pas seulement ceux qui sont particuli\u00e8rement bruyants. L\u2019ondulation des rails est un ph\u00e9nom\u00e8ne d\u2019usure fr\u00e9quent qui r\u00e9sulte directement de l\u2019interaction entre les roues du portail et la voie ferr\u00e9e, en termes tr\u00e8s scientifiques. En termes simples, il s\u2019agit essentiellement de la d\u00e9formation de la voie en fer caus\u00e9e par le mouvement r\u00e9p\u00e9t\u00e9 du portail. Quelle que soit la fa\u00e7on dont vous l\u2019exprimez, le r\u00e9sultat final est g\u00e9n\u00e9ralement un bruit qui brise la sant\u00e9 mentale et une usure excessive. <strong>GateShoX<\/strong> peut \u00eatre ajust\u00e9 en fonction du poids du portail (jusqu\u2019\u00e0 400kg) et maintiendra votre rail en parfait \u00e9tat.<\/li>\n<\/ul>\n<ul>\n<li class=\"p1\"><strong>Id\u00e9al pour des portails \u00e0 grande vitesse<br \/><\/strong>Vous avez automatis\u00e9 votre portail avec un D10 Turbo ou D2 Turbo CENTURION. Vous b\u00e9n\u00e9ficiez d\u00e9sormais de la s\u00e9curit\u00e9 et du confort d\u2019une ouverture et d\u2019une fermeture rapides comme l\u2019\u00e9clair. Choisissez un gagnant pour d\u00e9placer votre portail coulissant lorsqu\u2019il d\u00e9vale la piste. Choisissez <strong>GateShoX<\/strong>.<\/li>\n<\/ul>\n<ul>\n<li class=\"p1\"><strong>Roue en acier avec moyeu en polym\u00e8re<br \/><\/strong>Absorbe les chocs et prolonge la dur\u00e9e de vie des roulements.<\/li>\n<\/ul>\n<p>[\/et_pb_text][\/et_pb_column][\/et_pb_row][et_pb_row column_structure=&#8221;1_4,1_2,1_4&#8243; _builder_version=&#8221;4.16&#8243; locked=&#8221;off&#8221; global_colors_info=&#8221;{}&#8221;][et_pb_column type=&#8221;1_4&#8243; _builder_version=&#8221;4.16&#8243; global_colors_info=&#8221;{}&#8221;][\/et_pb_column][et_pb_column type=&#8221;1_2&#8243; _builder_version=&#8221;4.16&#8243; global_colors_info=&#8221;{}&#8221;][et_pb_image src=&#8221;https:\/\/www.centsys.co.za\/\/wp-content\/uploads\/2016\/12\/GateShox1.png&#8221; align=&#8221;center&#8221; _builder_version=&#8221;4.21.0&#8243; width=&#8221;82{b275702fb50eb40ce127199ba0c14ed5c48ee57d6f0451ec33debc284b28b4f4}&#8221; custom_padding=&#8221;||||false|false&#8221; global_colors_info=&#8221;{}&#8221;][\/et_pb_image][\/et_pb_column][et_pb_column type=&#8221;1_4&#8243; _builder_version=&#8221;4.16&#8243; global_colors_info=&#8221;{}&#8221;][\/et_pb_column][\/et_pb_row][\/et_pb_section][et_pb_section fb_built=&#8221;1&#8243; fullwidth=&#8221;on&#8221; admin_label=&#8221;THIS IS THE MID SECTION BANNER SITE WIDE&#8221; _builder_version=&#8221;4.24.0&#8243; _module_preset=&#8221;default&#8221; global_colors_info=&#8221;{}&#8221; global_module=&#8221;25449&#8243; theme_builder_area=&#8221;post_content&#8221;][et_pb_fullwidth_image src=&#8221;https:\/\/www.centsys.com\/demo002\/img\/Home%20Page\/Motorisations%20pour%20portails%20CENTURION%20SMART%20S%C3%A9rie%20D_Mid.jpg&#8221; url=&#8221;https:\/\/www.centsys.com\/demo002&#8243; url_new_window=&#8221;on&#8221; admin_label=&#8221;FOOTER_SITE WIDE&#8221; _builder_version=&#8221;4.25.0&#8243; _module_preset=&#8221;default&#8221; global_colors_info=&#8221;{}&#8221; theme_builder_area=&#8221;post_content&#8221;][\/et_pb_fullwidth_image][et_pb_fullwidth_header button_one_text=&#8221;Contactez-nous&#8221; button_one_url=&#8221;https:\/\/www.centsys.com\/demo002\/coordonnees\/&#8221; button_two_text=&#8221;Support Technique&#8221; button_two_url=&#8221;https:\/\/www.centsys.com\/demo002\/support-technique\/&#8221; _builder_version=&#8221;4.25.0&#8243; _module_preset=&#8221;default&#8221; background_color=&#8221;#c1c1c1&#8243; custom_button_one=&#8221;on&#8221; button_one_text_color=&#8221;#FFFFFF&#8221; button_one_bg_color=&#8221;#999999&#8243; button_one_border_color=&#8221;#999999&#8243; custom_button_two=&#8221;on&#8221; button_two_text_color=&#8221;#FFFFFF&#8221; button_two_bg_color=&#8221;#999999&#8243; button_two_border_color=&#8221;#999999&#8243; custom_margin=&#8221;||-4px|||&#8221; custom_padding=&#8221;6px||17px|||&#8221; button_two_bg_color_tablet=&#8221;#999999&#8243; button_two_bg_color_phone=&#8221;#999999&#8243; button_two_bg_color_last_edited=&#8221;on|desktop&#8221; global_colors_info=&#8221;{}&#8221; button_one_bg_color__hover_enabled=&#8221;on|desktop&#8221; button_one_bg_color__hover=&#8221;#81c341&#8243; button_one_bg_enable_color__hover=&#8221;on&#8221; button_one_border_color__hover_enabled=&#8221;on|hover&#8221; button_one_border_color__hover=&#8221;#81c341&#8243; button_two_bg_color__hover_enabled=&#8221;on|hover&#8221; button_two_bg_color__hover=&#8221;#81c341&#8243; button_two_bg_enable_color__hover=&#8221;on&#8221; button_two_border_color__hover_enabled=&#8221;on|hover&#8221; button_two_border_color__hover=&#8221;#81c341&#8243; theme_builder_area=&#8221;post_content&#8221;][\/et_pb_fullwidth_header][\/et_pb_section]<\/p>\n","protected":false},"excerpt":{"rendered":"<p>GateShox, syst\u00e8me de suspension \u00e0 roues<span><span><a href=\"https:\/\/www.centsys.com\/demo002\/\">ACCUEIL<\/a><\/span><\/span>GateShoX &#8211; SYST\u00c8ME DE SUSPENSION POUR PORTAILS COULISSANTS Le syst\u00e8me innovant GateShoX garantit un fonctionnement souple et silencieux de votre portail coulissant.\u00a0 Non seulement GateShoX r\u00e9duit consid\u00e9rablement le bruit des portails coulissants, mais minimise \u00e9galement l\u2019usure et l\u2019ondulation des rails, ce qui permet un fonctionnement fiable et durable. Le syst\u00e8me [&hellip;]<\/p>\n","protected":false},"author":1,"featured_media":0,"parent":0,"menu_order":0,"comment_status":"closed","ping_status":"closed","template":"","meta":{"_et_pb_use_builder":"on","_et_pb_old_content":"","_et_gb_content_width":"","_joinchat":[],"footnotes":""},"class_list":["post-694","page","type-page","status-publish","hentry"],"yoast_head":"<!-- This site is optimized with the Yoast SEO Premium plugin v27.3 (Yoast SEO v27.4) - https:\/\/yoast.com\/product\/yoast-seo-premium-wordpress\/ -->\r\n<title>Roues pour portails coulissants GateShox - Centurion Systems<\/title>\r\n<meta name=\"description\" content=\"Cet amortisseur de portail assure un roulement doux et silencieux pour votre portail coulissant. Appelez aujourd&#039;hui: +27 11 699 2400.\" \/>\r\n<meta name=\"robots\" content=\"index, follow, max-snippet:-1, max-image-preview:large, max-video-preview:-1\" \/>\r\n<link rel=\"canonical\" href=\"https:\/\/www.centsys.com\/demo002\/gateshox\/\" \/>\r\n<meta property=\"og:locale\" content=\"en_US\" \/>\r\n<meta property=\"og:type\" content=\"article\" \/>\r\n<meta property=\"og:title\" content=\"GateShox\" \/>\r\n<meta property=\"og:description\" content=\"Cet amortisseur de portail assure un roulement doux et silencieux pour votre portail coulissant. Appelez aujourd&#039;hui: +27 11 699 2400.\" \/>\r\n<meta property=\"og:url\" content=\"https:\/\/www.centsys.com\/demo002\/gateshox\/\" \/>\r\n<meta property=\"og:site_name\" content=\"Centurion Systems French\" \/>\r\n<meta property=\"article:modified_time\" content=\"2024-05-23T14:36:46+00:00\" \/>\r\n<meta name=\"twitter:card\" content=\"summary_large_image\" \/>\r\n<meta name=\"twitter:label1\" content=\"Est. reading time\" \/>\n\t<meta name=\"twitter:data1\" content=\"3 minutes\" \/>\r\n<script type=\"application\/ld+json\" class=\"yoast-schema-graph\">{\"@context\":\"https:\\\/\\\/schema.org\",\"@graph\":[{\"@type\":\"WebPage\",\"@id\":\"https:\\\/\\\/www.centsys.com\\\/demo002\\\/gateshox\\\/\",\"url\":\"https:\\\/\\\/www.centsys.com\\\/demo002\\\/gateshox\\\/\",\"name\":\"Roues pour portails coulissants GateShox - Centurion Systems\",\"isPartOf\":{\"@id\":\"https:\\\/\\\/www.centsys.com\\\/demo002\\\/#website\"},\"datePublished\":\"2020-03-05T12:20:41+00:00\",\"dateModified\":\"2024-05-23T14:36:46+00:00\",\"description\":\"Cet amortisseur de portail assure un roulement doux et silencieux pour votre portail coulissant. Appelez aujourd'hui: +27 11 699 2400.\",\"breadcrumb\":{\"@id\":\"https:\\\/\\\/www.centsys.com\\\/demo002\\\/gateshox\\\/#breadcrumb\"},\"inLanguage\":\"en-ZA\",\"potentialAction\":[{\"@type\":\"ReadAction\",\"target\":[\"https:\\\/\\\/www.centsys.com\\\/demo002\\\/gateshox\\\/\"]}]},{\"@type\":\"BreadcrumbList\",\"@id\":\"https:\\\/\\\/www.centsys.com\\\/demo002\\\/gateshox\\\/#breadcrumb\",\"itemListElement\":[{\"@type\":\"ListItem\",\"position\":1,\"name\":\"ACCUEIL\",\"item\":\"https:\\\/\\\/www.centsys.com\\\/demo002\\\/\"},{\"@type\":\"ListItem\",\"position\":2,\"name\":\"GateShox\"}]},{\"@type\":\"WebSite\",\"@id\":\"https:\\\/\\\/www.centsys.com\\\/demo002\\\/#website\",\"url\":\"https:\\\/\\\/www.centsys.com\\\/demo002\\\/\",\"name\":\"Centurion Systems French\",\"description\":\"Produits D\u2019automatisation D\u2019acc\u00e8s\",\"potentialAction\":[{\"@type\":\"SearchAction\",\"target\":{\"@type\":\"EntryPoint\",\"urlTemplate\":\"https:\\\/\\\/www.centsys.com\\\/demo002\\\/?s={search_term_string}\"},\"query-input\":{\"@type\":\"PropertyValueSpecification\",\"valueRequired\":true,\"valueName\":\"search_term_string\"}}],\"inLanguage\":\"en-ZA\"}]}<\/script>\r\n<!-- \/ Yoast SEO Premium plugin. -->","yoast_head_json":{"title":"Roues pour portails coulissants GateShox - Centurion Systems","description":"Cet amortisseur de portail assure un roulement doux et silencieux pour votre portail coulissant. Appelez aujourd'hui: +27 11 699 2400.","robots":{"index":"index","follow":"follow","max-snippet":"max-snippet:-1","max-image-preview":"max-image-preview:large","max-video-preview":"max-video-preview:-1"},"canonical":"https:\/\/www.centsys.com\/demo002\/gateshox\/","og_locale":"en_US","og_type":"article","og_title":"GateShox","og_description":"Cet amortisseur de portail assure un roulement doux et silencieux pour votre portail coulissant. Appelez aujourd'hui: +27 11 699 2400.","og_url":"https:\/\/www.centsys.com\/demo002\/gateshox\/","og_site_name":"Centurion Systems French","article_modified_time":"2024-05-23T14:36:46+00:00","twitter_card":"summary_large_image","twitter_misc":{"Est. reading time":"3 minutes"},"schema":{"@context":"https:\/\/schema.org","@graph":[{"@type":"WebPage","@id":"https:\/\/www.centsys.com\/demo002\/gateshox\/","url":"https:\/\/www.centsys.com\/demo002\/gateshox\/","name":"Roues pour portails coulissants GateShox - Centurion Systems","isPartOf":{"@id":"https:\/\/www.centsys.com\/demo002\/#website"},"datePublished":"2020-03-05T12:20:41+00:00","dateModified":"2024-05-23T14:36:46+00:00","description":"Cet amortisseur de portail assure un roulement doux et silencieux pour votre portail coulissant. Appelez aujourd'hui: +27 11 699 2400.","breadcrumb":{"@id":"https:\/\/www.centsys.com\/demo002\/gateshox\/#breadcrumb"},"inLanguage":"en-ZA","potentialAction":[{"@type":"ReadAction","target":["https:\/\/www.centsys.com\/demo002\/gateshox\/"]}]},{"@type":"BreadcrumbList","@id":"https:\/\/www.centsys.com\/demo002\/gateshox\/#breadcrumb","itemListElement":[{"@type":"ListItem","position":1,"name":"ACCUEIL","item":"https:\/\/www.centsys.com\/demo002\/"},{"@type":"ListItem","position":2,"name":"GateShox"}]},{"@type":"WebSite","@id":"https:\/\/www.centsys.com\/demo002\/#website","url":"https:\/\/www.centsys.com\/demo002\/","name":"Centurion Systems French","description":"Produits D\u2019automatisation D\u2019acc\u00e8s","potentialAction":[{"@type":"SearchAction","target":{"@type":"EntryPoint","urlTemplate":"https:\/\/www.centsys.com\/demo002\/?s={search_term_string}"},"query-input":{"@type":"PropertyValueSpecification","valueRequired":true,"valueName":"search_term_string"}}],"inLanguage":"en-ZA"}]}},"_links":{"self":[{"href":"https:\/\/www.centsys.com\/demo002\/wp-json\/wp\/v2\/pages\/694","targetHints":{"allow":["GET"]}}],"collection":[{"href":"https:\/\/www.centsys.com\/demo002\/wp-json\/wp\/v2\/pages"}],"about":[{"href":"https:\/\/www.centsys.com\/demo002\/wp-json\/wp\/v2\/types\/page"}],"author":[{"embeddable":true,"href":"https:\/\/www.centsys.com\/demo002\/wp-json\/wp\/v2\/users\/1"}],"replies":[{"embeddable":true,"href":"https:\/\/www.centsys.com\/demo002\/wp-json\/wp\/v2\/comments?post=694"}],"version-history":[{"count":0,"href":"https:\/\/www.centsys.com\/demo002\/wp-json\/wp\/v2\/pages\/694\/revisions"}],"wp:attachment":[{"href":"https:\/\/www.centsys.com\/demo002\/wp-json\/wp\/v2\/media?parent=694"}],"curies":[{"name":"wp","href":"https:\/\/api.w.org\/{rel}","templated":true}]}}