{"id":703,"date":"2020-03-06T08:19:47","date_gmt":"2020-03-06T08:19:47","guid":{"rendered":"https:\/\/www.centsys.co.za\/fr\/?page_id=703"},"modified":"2024-05-23T16:37:03","modified_gmt":"2024-05-23T14:37:03","slug":"parafoudre-pour-moteurs-de-portail","status":"publish","type":"page","link":"https:\/\/www.centsys.com\/demo002\/parafoudre-pour-moteurs-de-portail\/","title":{"rendered":"Parafoudre pour moteurs de portail CENTURION"},"content":{"rendered":"<p>[et_pb_section fb_built=&#8221;1&#8243; fullwidth=&#8221;on&#8221; _builder_version=&#8221;4.16&#8243; global_colors_info=&#8221;{}&#8221;][et_pb_fullwidth_image src=&#8221;https:\/\/www.centsys.com\/demo002\/img\/Parafoudre%20plug%20%E2%80%98n%20play%20pour%20moteurs%20de%20portail%20CENTURION\/Brancher%20et%20utiliser%20-%20Parafoudre%20plug%20%E2%80%98n%20play%20pour%20moteurs%20de%20portail%20CENTURION.jpg&#8221; _builder_version=&#8221;4.16&#8243; global_colors_info=&#8221;{}&#8221;][\/et_pb_fullwidth_image][\/et_pb_section][et_pb_section fb_built=&#8221;1&#8243; fullwidth=&#8221;on&#8221; _builder_version=&#8221;4.20.4&#8243; background_color=&#8221;#e5e5e5&#8243; use_background_color_gradient=&#8221;on&#8221; background_color_gradient_stops=&#8221;#e5e5e5 0%|#e5e5e5 100%&#8221; background_color_gradient_start=&#8221;#e5e5e5&#8243; background_color_gradient_end=&#8221;#e5e5e5&#8243; transform_translate=&#8221;-13px|269px&#8221; background_color_gradient_stops_tablet=&#8221;#e5e5e5 0%|#e5e5e5 100%&#8221; background_color_gradient_stops_phone=&#8221;#e5e5e5 0%|#e5e5e5 100%&#8221; global_module=&#8221;5513&#8243; global_colors_info=&#8221;{}&#8221;][et_pb_fullwidth_code _builder_version=&#8221;4.20.4&#8243; _module_preset=&#8221;default&#8221; global_colors_info=&#8221;{}&#8221;]<span><span><a href=\"https:\/\/www.centsys.com\/demo002\/\">ACCUEIL<\/a><\/span><\/span>[\/et_pb_fullwidth_code][\/et_pb_section][et_pb_section fb_built=&#8221;1&#8243; _builder_version=&#8221;4.16&#8243; global_colors_info=&#8221;{}&#8221;][et_pb_row _builder_version=&#8221;4.16&#8243; global_colors_info=&#8221;{}&#8221;][et_pb_column type=&#8221;4_4&#8243; _builder_version=&#8221;4.16&#8243; global_colors_info=&#8221;{}&#8221;][et_pb_text _builder_version=&#8221;4.16&#8243; global_colors_info=&#8221;{}&#8221;]<\/p>\n<h1 class=\"p1\" style=\"text-align: center;\">PARAFOUDRE PLUG &#8216;N PLAY<br \/>POUR MOTEURS DE PORTAIL CENTURION<\/h1>\n<div data-canvas-width=\"825.4812130592156\">\n<div id=\"pageContainer1\" class=\"page\" data-page-number=\"1\" data-loaded=\"true\">\n<div class=\"textLayer\">\n<div data-canvas-width=\"524.4232367747579\">\n<div data-canvas-width=\"524.4232367747579\">\n<div data-canvas-width=\"193.25561975808\">\n<p style=\"text-align: center;\">Outre les inconv\u00e9nients \u00e9vidents des pannes de courant (et le cauchemar de la circulation qui en d\u00e9coule !), la pointe de tension qui survient lorsque le courant revient peut endommager irr\u00e9m\u00e9diablement les \u00e9quipements \u00e9lectroniques, y compris les automates de moteur de portail.<\/p>\n<p style=\"text-align: center;\"><strong>Pr\u00e9sentation de notre toute nouvelle protecteur de surtensions enfichable pour les moteurs de portails.<\/strong><\/p>\n<p style=\"text-align: center;\">Ce dispositif incroyablement intelligent se branche simplement sur votre prise secteur et <strong>fournit une protection fiable contre la foudre, les pics de tension et les fluctuations<\/strong> de puissance entrante gr\u00e2ce \u00e0 une int\u00e9gration parfaite avec les moteurs de portail CENTURION, notamment les D5-Evo, D10 et D10 Turbo. Notre protection contre les surtensions pour les moteurs de portail vous simplifie la vie en vous faisant gagner du temps d\u2019installation avec pratiquement aucun c\u00e2blage n\u00e9cessaire, et constitue la premi\u00e8re ligne de d\u00e9fense de votre moteur de portail contre les surtensions potentiellement destructrices.<\/p>\n<p style=\"text-align: center;\"><strong>La protection contre les surtensions de CENTURION pour moteurs de portail<\/strong> est munie d\u2019un fusible thermique interne qui coupe l\u2019alimentation de l\u2019appareil en cas de surcharge ou de d\u00e9faillance, garantissant ainsi le bo\u00eetier en plastique de ne pas prendre feu. Cette technologie constitue une solution de suppression d\u2019\u00e9nergie particuli\u00e8rement s\u00fbre. Le syst\u00e8me fonctionne en d\u00e9viant l\u2019\u00e9nergie de surtension vers la terre avant qu\u2019elle n\u2019atteigne le portail.<\/p>\n<\/div>\n<\/div>\n<\/div>\n<\/div>\n<\/div>\n<\/div>\n<p>[\/et_pb_text][et_pb_image src=&#8221;https:\/\/www.centsys.com\/demo002\/img\/Parafoudre plug \u2018n play pour moteurs de portail CENTURION\/Obtenez un guide d&#8217;installation du parasurtenseur CENTURION ici.png&#8221; url=&#8221;https:\/\/www.centsys.com\/demo002\/pdf\/CENTURION%20Surge%20Protector%20Brochure%20FR.pdf&#8221; url_new_window=&#8221;on&#8221; _builder_version=&#8221;4.16&#8243; _module_preset=&#8221;default&#8221; global_colors_info=&#8221;{}&#8221;][\/et_pb_image][\/et_pb_column][\/et_pb_row][et_pb_row _builder_version=&#8221;4.16&#8243; global_colors_info=&#8221;{}&#8221;][et_pb_column type=&#8221;4_4&#8243; _builder_version=&#8221;4.16&#8243; global_colors_info=&#8221;{}&#8221;][et_pb_video src=&#8221;https:\/\/youtu.be\/q-iadIxCydU&#8221; thumbnail_overlay_color=&#8221;rgba(0,0,0,0.6)&#8221; _builder_version=&#8221;4.16&#8243; module_alignment=&#8221;center&#8221; global_colors_info=&#8221;{}&#8221;][\/et_pb_video][\/et_pb_column][\/et_pb_row][\/et_pb_section][et_pb_section fb_built=&#8221;1&#8243; fullwidth=&#8221;on&#8221; admin_label=&#8221;THIS IS THE MID SECTION BANNER SITE WIDE&#8221; _builder_version=&#8221;4.24.0&#8243; _module_preset=&#8221;default&#8221; global_colors_info=&#8221;{}&#8221; global_module=&#8221;25449&#8243; theme_builder_area=&#8221;post_content&#8221;][et_pb_fullwidth_image src=&#8221;https:\/\/www.centsys.com\/demo002\/img\/Home%20Page\/Motorisations%20pour%20portails%20CENTURION%20SMART%20S%C3%A9rie%20D_Mid.jpg&#8221; url=&#8221;https:\/\/www.centsys.com\/demo002&#8243; url_new_window=&#8221;on&#8221; admin_label=&#8221;FOOTER_SITE WIDE&#8221; _builder_version=&#8221;4.25.0&#8243; _module_preset=&#8221;default&#8221; global_colors_info=&#8221;{}&#8221; theme_builder_area=&#8221;post_content&#8221;][\/et_pb_fullwidth_image][et_pb_fullwidth_header button_one_text=&#8221;Contactez-nous&#8221; button_one_url=&#8221;https:\/\/www.centsys.com\/demo002\/coordonnees\/&#8221; button_two_text=&#8221;Support Technique&#8221; button_two_url=&#8221;https:\/\/www.centsys.com\/demo002\/support-technique\/&#8221; _builder_version=&#8221;4.25.0&#8243; _module_preset=&#8221;default&#8221; background_color=&#8221;#c1c1c1&#8243; custom_button_one=&#8221;on&#8221; button_one_text_color=&#8221;#FFFFFF&#8221; button_one_bg_color=&#8221;#999999&#8243; button_one_border_color=&#8221;#999999&#8243; custom_button_two=&#8221;on&#8221; button_two_text_color=&#8221;#FFFFFF&#8221; button_two_bg_color=&#8221;#999999&#8243; button_two_border_color=&#8221;#999999&#8243; custom_margin=&#8221;||-4px|||&#8221; custom_padding=&#8221;6px||17px|||&#8221; button_two_bg_color_tablet=&#8221;#999999&#8243; button_two_bg_color_phone=&#8221;#999999&#8243; button_two_bg_color_last_edited=&#8221;on|desktop&#8221; global_colors_info=&#8221;{}&#8221; button_one_bg_color__hover_enabled=&#8221;on|desktop&#8221; button_one_bg_color__hover=&#8221;#81c341&#8243; button_one_bg_enable_color__hover=&#8221;on&#8221; button_one_border_color__hover_enabled=&#8221;on|hover&#8221; button_one_border_color__hover=&#8221;#81c341&#8243; button_two_bg_color__hover_enabled=&#8221;on|hover&#8221; button_two_bg_color__hover=&#8221;#81c341&#8243; button_two_bg_enable_color__hover=&#8221;on&#8221; button_two_border_color__hover_enabled=&#8221;on|hover&#8221; button_two_border_color__hover=&#8221;#81c341&#8243; theme_builder_area=&#8221;post_content&#8221;][\/et_pb_fullwidth_header][\/et_pb_section]<\/p>\n","protected":false},"excerpt":{"rendered":"<p><span><span><a href=\"https:\/\/www.centsys.com\/demo002\/\">ACCUEIL<\/a><\/span><\/span>PARAFOUDRE PLUG &#8216;N PLAYPOUR MOTEURS DE PORTAIL CENTURION Outre les inconv\u00e9nients \u00e9vidents des pannes de courant (et le cauchemar de la circulation qui en d\u00e9coule !), la pointe de tension qui survient lorsque le courant revient peut endommager irr\u00e9m\u00e9diablement les \u00e9quipements \u00e9lectroniques, y compris les automates de moteur de portail. Pr\u00e9sentation de notre toute nouvelle [&hellip;]<\/p>\n","protected":false},"author":1,"featured_media":0,"parent":0,"menu_order":0,"comment_status":"closed","ping_status":"closed","template":"","meta":{"_et_pb_use_builder":"on","_et_pb_old_content":"","_et_gb_content_width":"","_joinchat":[],"footnotes":""},"class_list":["post-703","page","type-page","status-publish","hentry"],"yoast_head":"<!-- This site is optimized with the Yoast SEO Premium plugin v27.3 (Yoast SEO v27.4) - https:\/\/yoast.com\/product\/yoast-seo-premium-wordpress\/ -->\r\n<title>Parafoudre pour moteurs de portail CENTURION - Centurion Systems<\/title>\r\n<meta name=\"description\" content=\"LE PARAFOUDRE PLUG &#039;N PLAY DE CENTURION - Il prot\u00e8ge vos moteurs de portail contre une alimentation instable. Appelez aujourd&#039;hui: +27 11 699 2400.\" \/>\r\n<meta name=\"robots\" content=\"index, follow, max-snippet:-1, max-image-preview:large, max-video-preview:-1\" \/>\r\n<link rel=\"canonical\" href=\"https:\/\/www.centsys.com\/demo002\/parafoudre-pour-moteurs-de-portail\/\" \/>\r\n<meta property=\"og:locale\" content=\"en_US\" \/>\r\n<meta property=\"og:type\" content=\"article\" \/>\r\n<meta property=\"og:title\" content=\"Parafoudre pour moteurs de portail CENTURION\" \/>\r\n<meta property=\"og:description\" content=\"LE PARAFOUDRE PLUG &#039;N PLAY DE CENTURION - Il prot\u00e8ge vos moteurs de portail contre une alimentation instable. Appelez aujourd&#039;hui: +27 11 699 2400.\" \/>\r\n<meta property=\"og:url\" content=\"https:\/\/www.centsys.com\/demo002\/parafoudre-pour-moteurs-de-portail\/\" \/>\r\n<meta property=\"og:site_name\" content=\"Centurion Systems French\" \/>\r\n<meta property=\"article:modified_time\" content=\"2024-05-23T14:37:03+00:00\" \/>\r\n<meta name=\"twitter:card\" content=\"summary_large_image\" \/>\r\n<meta name=\"twitter:label1\" content=\"Est. reading time\" \/>\n\t<meta name=\"twitter:data1\" content=\"2 minutes\" \/>\r\n<script type=\"application\/ld+json\" class=\"yoast-schema-graph\">{\"@context\":\"https:\\\/\\\/schema.org\",\"@graph\":[{\"@type\":\"WebPage\",\"@id\":\"https:\\\/\\\/www.centsys.com\\\/demo002\\\/parafoudre-pour-moteurs-de-portail\\\/\",\"url\":\"https:\\\/\\\/www.centsys.com\\\/demo002\\\/parafoudre-pour-moteurs-de-portail\\\/\",\"name\":\"Parafoudre pour moteurs de portail CENTURION - Centurion Systems\",\"isPartOf\":{\"@id\":\"https:\\\/\\\/www.centsys.com\\\/demo002\\\/#website\"},\"datePublished\":\"2020-03-06T08:19:47+00:00\",\"dateModified\":\"2024-05-23T14:37:03+00:00\",\"description\":\"LE PARAFOUDRE PLUG 'N PLAY DE CENTURION - Il prot\u00e8ge vos moteurs de portail contre une alimentation instable. Appelez aujourd'hui: +27 11 699 2400.\",\"breadcrumb\":{\"@id\":\"https:\\\/\\\/www.centsys.com\\\/demo002\\\/parafoudre-pour-moteurs-de-portail\\\/#breadcrumb\"},\"inLanguage\":\"en-ZA\",\"potentialAction\":[{\"@type\":\"ReadAction\",\"target\":[\"https:\\\/\\\/www.centsys.com\\\/demo002\\\/parafoudre-pour-moteurs-de-portail\\\/\"]}]},{\"@type\":\"BreadcrumbList\",\"@id\":\"https:\\\/\\\/www.centsys.com\\\/demo002\\\/parafoudre-pour-moteurs-de-portail\\\/#breadcrumb\",\"itemListElement\":[{\"@type\":\"ListItem\",\"position\":1,\"name\":\"ACCUEIL\",\"item\":\"https:\\\/\\\/www.centsys.com\\\/demo002\\\/\"},{\"@type\":\"ListItem\",\"position\":2,\"name\":\"Parafoudre pour moteurs de portail CENTURION\"}]},{\"@type\":\"WebSite\",\"@id\":\"https:\\\/\\\/www.centsys.com\\\/demo002\\\/#website\",\"url\":\"https:\\\/\\\/www.centsys.com\\\/demo002\\\/\",\"name\":\"Centurion Systems French\",\"description\":\"Produits D\u2019automatisation D\u2019acc\u00e8s\",\"potentialAction\":[{\"@type\":\"SearchAction\",\"target\":{\"@type\":\"EntryPoint\",\"urlTemplate\":\"https:\\\/\\\/www.centsys.com\\\/demo002\\\/?s={search_term_string}\"},\"query-input\":{\"@type\":\"PropertyValueSpecification\",\"valueRequired\":true,\"valueName\":\"search_term_string\"}}],\"inLanguage\":\"en-ZA\"}]}<\/script>\r\n<!-- \/ Yoast SEO Premium plugin. -->","yoast_head_json":{"title":"Parafoudre pour moteurs de portail CENTURION - Centurion Systems","description":"LE PARAFOUDRE PLUG 'N PLAY DE CENTURION - Il prot\u00e8ge vos moteurs de portail contre une alimentation instable. Appelez aujourd'hui: +27 11 699 2400.","robots":{"index":"index","follow":"follow","max-snippet":"max-snippet:-1","max-image-preview":"max-image-preview:large","max-video-preview":"max-video-preview:-1"},"canonical":"https:\/\/www.centsys.com\/demo002\/parafoudre-pour-moteurs-de-portail\/","og_locale":"en_US","og_type":"article","og_title":"Parafoudre pour moteurs de portail CENTURION","og_description":"LE PARAFOUDRE PLUG 'N PLAY DE CENTURION - Il prot\u00e8ge vos moteurs de portail contre une alimentation instable. Appelez aujourd'hui: +27 11 699 2400.","og_url":"https:\/\/www.centsys.com\/demo002\/parafoudre-pour-moteurs-de-portail\/","og_site_name":"Centurion Systems French","article_modified_time":"2024-05-23T14:37:03+00:00","twitter_card":"summary_large_image","twitter_misc":{"Est. reading time":"2 minutes"},"schema":{"@context":"https:\/\/schema.org","@graph":[{"@type":"WebPage","@id":"https:\/\/www.centsys.com\/demo002\/parafoudre-pour-moteurs-de-portail\/","url":"https:\/\/www.centsys.com\/demo002\/parafoudre-pour-moteurs-de-portail\/","name":"Parafoudre pour moteurs de portail CENTURION - Centurion Systems","isPartOf":{"@id":"https:\/\/www.centsys.com\/demo002\/#website"},"datePublished":"2020-03-06T08:19:47+00:00","dateModified":"2024-05-23T14:37:03+00:00","description":"LE PARAFOUDRE PLUG 'N PLAY DE CENTURION - Il prot\u00e8ge vos moteurs de portail contre une alimentation instable. Appelez aujourd'hui: +27 11 699 2400.","breadcrumb":{"@id":"https:\/\/www.centsys.com\/demo002\/parafoudre-pour-moteurs-de-portail\/#breadcrumb"},"inLanguage":"en-ZA","potentialAction":[{"@type":"ReadAction","target":["https:\/\/www.centsys.com\/demo002\/parafoudre-pour-moteurs-de-portail\/"]}]},{"@type":"BreadcrumbList","@id":"https:\/\/www.centsys.com\/demo002\/parafoudre-pour-moteurs-de-portail\/#breadcrumb","itemListElement":[{"@type":"ListItem","position":1,"name":"ACCUEIL","item":"https:\/\/www.centsys.com\/demo002\/"},{"@type":"ListItem","position":2,"name":"Parafoudre pour moteurs de portail CENTURION"}]},{"@type":"WebSite","@id":"https:\/\/www.centsys.com\/demo002\/#website","url":"https:\/\/www.centsys.com\/demo002\/","name":"Centurion Systems French","description":"Produits D\u2019automatisation D\u2019acc\u00e8s","potentialAction":[{"@type":"SearchAction","target":{"@type":"EntryPoint","urlTemplate":"https:\/\/www.centsys.com\/demo002\/?s={search_term_string}"},"query-input":{"@type":"PropertyValueSpecification","valueRequired":true,"valueName":"search_term_string"}}],"inLanguage":"en-ZA"}]}},"_links":{"self":[{"href":"https:\/\/www.centsys.com\/demo002\/wp-json\/wp\/v2\/pages\/703","targetHints":{"allow":["GET"]}}],"collection":[{"href":"https:\/\/www.centsys.com\/demo002\/wp-json\/wp\/v2\/pages"}],"about":[{"href":"https:\/\/www.centsys.com\/demo002\/wp-json\/wp\/v2\/types\/page"}],"author":[{"embeddable":true,"href":"https:\/\/www.centsys.com\/demo002\/wp-json\/wp\/v2\/users\/1"}],"replies":[{"embeddable":true,"href":"https:\/\/www.centsys.com\/demo002\/wp-json\/wp\/v2\/comments?post=703"}],"version-history":[{"count":0,"href":"https:\/\/www.centsys.com\/demo002\/wp-json\/wp\/v2\/pages\/703\/revisions"}],"wp:attachment":[{"href":"https:\/\/www.centsys.com\/demo002\/wp-json\/wp\/v2\/media?parent=703"}],"curies":[{"name":"wp","href":"https:\/\/api.w.org\/{rel}","templated":true}]}}