{"id":712,"date":"2020-03-06T08:24:17","date_gmt":"2020-03-06T08:24:17","guid":{"rendered":"https:\/\/www.centsys.co.za\/fr\/?page_id=712"},"modified":"2024-05-23T16:22:12","modified_gmt":"2024-05-23T14:22:12","slug":"cellules-de-securite-infrarouges-i5","status":"publish","type":"page","link":"https:\/\/www.centsys.com\/demo002\/cellules-de-securite-infrarouges-i5\/","title":{"rendered":"i5"},"content":{"rendered":"<p>[et_pb_section fb_built=&#8221;1&#8243; fullwidth=&#8221;on&#8221; _builder_version=&#8221;4.16&#8243; background_enable_image=&#8221;off&#8221; locked=&#8221;off&#8221; global_colors_info=&#8221;{}&#8221;][et_pb_fullwidth_header title=&#8221;D\u00c9TECTION RENTABLE POUR PORTAILS AUTOMATIQUES&#8221; header_fullscreen=&#8221;on&#8221; _builder_version=&#8221;4.16&#8243; title_font=&#8221;Verdana|700||on|||||&#8221; title_text_align=&#8221;right&#8221; title_text_color=&#8221;#81c341&#8243; title_font_size=&#8221;46px&#8221; content_font=&#8221;Verdana||||||||&#8221; content_text_align=&#8221;right&#8221; content_text_color=&#8221;#6d6e71&#8243; content_font_size=&#8221;18px&#8221; background_enable_color=&#8221;off&#8221; background_image=&#8221;https:\/\/www.centsys.com\/demo002\/wp-content\/uploads\/2020\/03\/i5.jpg&#8221; background_size=&#8221;contain&#8221; background_position=&#8221;center_right&#8221; background_layout=&#8221;light&#8221; custom_margin=&#8221;||||false|false&#8221; custom_padding=&#8221;9{b275702fb50eb40ce127199ba0c14ed5c48ee57d6f0451ec33debc284b28b4f4}||9{b275702fb50eb40ce127199ba0c14ed5c48ee57d6f0451ec33debc284b28b4f4}|20{b275702fb50eb40ce127199ba0c14ed5c48ee57d6f0451ec33debc284b28b4f4}|true|false&#8221; custom_padding_tablet=&#8221;0px||0px|10{b275702fb50eb40ce127199ba0c14ed5c48ee57d6f0451ec33debc284b28b4f4}|true|false&#8221; custom_padding_phone=&#8221;9{b275702fb50eb40ce127199ba0c14ed5c48ee57d6f0451ec33debc284b28b4f4}||9{b275702fb50eb40ce127199ba0c14ed5c48ee57d6f0451ec33debc284b28b4f4}|0{b275702fb50eb40ce127199ba0c14ed5c48ee57d6f0451ec33debc284b28b4f4}|true|false&#8221; custom_padding_last_edited=&#8221;on|tablet&#8221; title_font_size_tablet=&#8221;&#8221; title_font_size_phone=&#8221;33px&#8221; title_font_size_last_edited=&#8221;on|phone&#8221; content_font_size_tablet=&#8221;&#8221; content_font_size_phone=&#8221;14px&#8221; content_font_size_last_edited=&#8221;on|phone&#8221; global_colors_info=&#8221;{}&#8221;]<\/p>\n<p>Les faisceaux de s\u00e9curit\u00e9 de portail infrarouges i5<\/p>\n<p>[\/et_pb_fullwidth_header][\/et_pb_section][et_pb_section fb_built=&#8221;1&#8243; fullwidth=&#8221;on&#8221; _builder_version=&#8221;4.20.4&#8243; background_color=&#8221;#e5e5e5&#8243; use_background_color_gradient=&#8221;on&#8221; background_color_gradient_stops=&#8221;#e5e5e5 0%|#e5e5e5 100%&#8221; background_color_gradient_start=&#8221;#e5e5e5&#8243; background_color_gradient_end=&#8221;#e5e5e5&#8243; transform_translate=&#8221;-13px|269px&#8221; background_color_gradient_stops_tablet=&#8221;#e5e5e5 0%|#e5e5e5 100%&#8221; background_color_gradient_stops_phone=&#8221;#e5e5e5 0%|#e5e5e5 100%&#8221; global_module=&#8221;5513&#8243; global_colors_info=&#8221;{}&#8221;][et_pb_fullwidth_code _builder_version=&#8221;4.20.4&#8243; _module_preset=&#8221;default&#8221; global_colors_info=&#8221;{}&#8221;]<span><span><a href=\"https:\/\/www.centsys.com\/demo002\/\">ACCUEIL<\/a><\/span><\/span>[\/et_pb_fullwidth_code][\/et_pb_section][et_pb_section fb_built=&#8221;1&#8243; _builder_version=&#8221;4.16&#8243; locked=&#8221;off&#8221; global_colors_info=&#8221;{}&#8221;][et_pb_row _builder_version=&#8221;4.16&#8243; global_colors_info=&#8221;{}&#8221;][et_pb_column type=&#8221;4_4&#8243; _builder_version=&#8221;4.16&#8243; global_colors_info=&#8221;{}&#8221;][et_pb_text _builder_version=&#8221;4.16&#8243; global_colors_info=&#8221;{}&#8221;]<\/p>\n<h1 class=\"p1\" style=\"text-align: center;\">LE I5 \u2013\u00a0CELLULES DE S\u00c9CURIT\u00c9 INFRAROUGE<\/h1>\n<p class=\"p1\" style=\"text-align: center;\">Les faisceaux de s\u00e9curit\u00e9 infrarouges i5 de CENTURION sont simples \u00e0 aligner, extr\u00eamement fiables et ont une port\u00e9e de d\u00e9tection allant jusqu\u2019\u00e0 \u00e0 40m. Il peut \u00eatre utilis\u00e9 sur des portails, des portes de garage et m\u00eame pour une simple protection de p\u00e9rim\u00e8tre.<\/p>\n<p>[\/et_pb_text][\/et_pb_column][\/et_pb_row][et_pb_row _builder_version=&#8221;4.16&#8243; custom_padding=&#8221;||0px|||&#8221; global_colors_info=&#8221;{}&#8221;][et_pb_column type=&#8221;4_4&#8243; _builder_version=&#8221;4.16&#8243; global_colors_info=&#8221;{}&#8221;][et_pb_image src=&#8221;https:\/\/www.centsys.com\/demo002\/img\/i5\/Cellule de securite portail automatique Centurion Systems i5.jpg&#8221; align=&#8221;center&#8221; _builder_version=&#8221;4.16&#8243; global_colors_info=&#8221;{}&#8221;][\/et_pb_image][\/et_pb_column][\/et_pb_row][et_pb_row column_structure=&#8221;2_3,1_3&#8243; _builder_version=&#8221;4.16&#8243; locked=&#8221;off&#8221; global_colors_info=&#8221;{}&#8221;][et_pb_column type=&#8221;2_3&#8243; _builder_version=&#8221;4.16&#8243; global_colors_info=&#8221;{}&#8221;][et_pb_text _builder_version=&#8221;4.16&#8243; global_colors_info=&#8221;{}&#8221;]<\/p>\n<h5>CARACT\u00c9RISTIQUES PRINCIPALES\u00a0:<\/h5>\n<p class=\"p1\">\u2022 Large faisceau infrarouge permet un alignement facile<br \/>\u2022 Il est tr\u00e8s rentable<br \/>\u2022 Mise en service facile gr\u00e2ce \u00e0 des indicateurs LED<br \/>\u2022 Il a une port\u00e9e de 40 m\u00e8tres<br \/>\u2022 Compatible avec les alarmes (une invention unique a CENTURION)<br \/>\u2022 Il dispose d\u2019une large plage de tension d\u2019entr\u00e9e<\/p>\n<p>[\/et_pb_text][\/et_pb_column][et_pb_column type=&#8221;1_3&#8243; _builder_version=&#8221;4.16&#8243; global_colors_info=&#8221;{}&#8221;][et_pb_image src=&#8221;https:\/\/www.centsys.com\/demo002\/img\/i5\/Logo &#8211; Cellule de securite portail automatique Centurion Systems i5.png&#8221; _builder_version=&#8221;4.16&#8243; custom_padding=&#8221;||||false|false&#8221; global_colors_info=&#8221;{}&#8221;][\/et_pb_image][et_pb_button button_url=&#8221;https:\/\/www.centsys.com\/demo002\/pdf\/i5\/1059.D.01.0003%20i5%20user%20guide%20insert%20FRENCH_21042023_MT_Web.pdf&#8221; url_new_window=&#8221;on&#8221; button_text=&#8221;GUIDE D&#8217;INSTALLATION&#8221; button_alignment=&#8221;center&#8221; admin_label=&#8221;GUIDE D&#8217;INSTALLATION&#8221; _builder_version=&#8221;4.20.4&#8243; _module_preset=&#8221;default&#8221; global_colors_info=&#8221;{}&#8221;][\/et_pb_button][\/et_pb_column][\/et_pb_row][et_pb_row _builder_version=&#8221;4.16&#8243; global_colors_info=&#8221;{}&#8221;][et_pb_column type=&#8221;4_4&#8243; _builder_version=&#8221;4.16&#8243; global_colors_info=&#8221;{}&#8221;][et_pb_text _builder_version=&#8221;4.16&#8243; global_colors_info=&#8221;{}&#8221;]<\/p>\n<h5 class=\"p1\">CARACT\u00c9RISTIQUES TECHNIQUES DU CELLULES DE S\u00c9CURIT\u00c9 INFRAROUGE I5:<\/h5>\n<div id=\"footable_parent_2937\"\n         class=\" footable_parent ninja_table_wrapper loading_ninja_table wp_table_data_press_parent semantic_ui \">\n                <table data-ninja_table_instance=\"ninja_table_instance_0\" data-footable_id=\"2937\" data-filter-delay=\"1000\" aria-label=\"i5\"            id=\"footable_2937\"\n           data-unique_identifier=\"ninja_table_unique_id_2777209823_2937\"\n           class=\" foo-table ninja_footable foo_table_2937 ninja_table_unique_id_2777209823_2937 ui table  nt_type_ajax_table selectable striped vertical_centered  footable-paging-right\">\n                <colgroup>\n                            <col class=\"ninja_column_0 \">\n                            <col class=\"ninja_column_1 \">\n                    <\/colgroup>\n            <\/table>\n    \n    \n    \n<\/div>\n\n<p>[1] Zone circulaire \u2013 en supposant une surface parall\u00e8le<\/p>\n<p>[\/et_pb_text][\/et_pb_column][\/et_pb_row][et_pb_row column_structure=&#8221;1_3,1_3,1_3&#8243; _builder_version=&#8221;4.16&#8243; global_colors_info=&#8221;{}&#8221;][et_pb_column type=&#8221;1_3&#8243; _builder_version=&#8221;4.16&#8243; global_colors_info=&#8221;{}&#8221;][et_pb_image src=&#8221;https:\/\/www.centsys.com\/demo002\/img\/i5\/Cellule de s\u00e9curit\u00e9 pour portail automatique CENTURION i5 mont\u00e9e sur mur.png&#8221; show_in_lightbox=&#8221;on&#8221; align=&#8221;center&#8221; _builder_version=&#8221;4.16&#8243; global_colors_info=&#8221;{}&#8221;][\/et_pb_image][\/et_pb_column][et_pb_column type=&#8221;1_3&#8243; _builder_version=&#8221;4.16&#8243; global_colors_info=&#8221;{}&#8221;][et_pb_image src=&#8221;https:\/\/www.centsys.com\/demo002\/img\/i5\/Cellule de securite portail automatique CENTURION i5.png&#8221; show_in_lightbox=&#8221;on&#8221; align=&#8221;center&#8221; _builder_version=&#8221;4.16&#8243; global_colors_info=&#8221;{}&#8221;][\/et_pb_image][\/et_pb_column][et_pb_column type=&#8221;1_3&#8243; _builder_version=&#8221;4.16&#8243; global_colors_info=&#8221;{}&#8221;][et_pb_image src=&#8221;https:\/\/www.centsys.com\/demo002\/img\/i5\/Cellule de s\u00e9curit\u00e9 pour portail automatique CENTURION i5 et moteur pour portail coulissant CENTURION D2 Turbo.png&#8221; show_in_lightbox=&#8221;on&#8221; align=&#8221;center&#8221; _builder_version=&#8221;4.16&#8243; global_colors_info=&#8221;{}&#8221;][\/et_pb_image][\/et_pb_column][\/et_pb_row][\/et_pb_section][et_pb_section fb_built=&#8221;1&#8243; fullwidth=&#8221;on&#8221; admin_label=&#8221;THIS IS THE MID SECTION BANNER SITE WIDE&#8221; _builder_version=&#8221;4.24.0&#8243; _module_preset=&#8221;default&#8221; global_colors_info=&#8221;{}&#8221; global_module=&#8221;25449&#8243; theme_builder_area=&#8221;post_content&#8221;][et_pb_fullwidth_image src=&#8221;https:\/\/www.centsys.com\/demo002\/img\/Home%20Page\/Motorisations%20pour%20portails%20CENTURION%20SMART%20S%C3%A9rie%20D_Mid.jpg&#8221; url=&#8221;https:\/\/www.centsys.com\/demo002&#8243; url_new_window=&#8221;on&#8221; admin_label=&#8221;FOOTER_SITE WIDE&#8221; _builder_version=&#8221;4.25.0&#8243; _module_preset=&#8221;default&#8221; global_colors_info=&#8221;{}&#8221; theme_builder_area=&#8221;post_content&#8221;][\/et_pb_fullwidth_image][et_pb_fullwidth_header button_one_text=&#8221;Contactez-nous&#8221; button_one_url=&#8221;https:\/\/www.centsys.com\/demo002\/coordonnees\/&#8221; button_two_text=&#8221;Support Technique&#8221; button_two_url=&#8221;https:\/\/www.centsys.com\/demo002\/support-technique\/&#8221; _builder_version=&#8221;4.25.0&#8243; _module_preset=&#8221;default&#8221; background_color=&#8221;#c1c1c1&#8243; custom_button_one=&#8221;on&#8221; button_one_text_color=&#8221;#FFFFFF&#8221; button_one_bg_color=&#8221;#999999&#8243; button_one_border_color=&#8221;#999999&#8243; custom_button_two=&#8221;on&#8221; button_two_text_color=&#8221;#FFFFFF&#8221; button_two_bg_color=&#8221;#999999&#8243; button_two_border_color=&#8221;#999999&#8243; custom_margin=&#8221;||-4px|||&#8221; custom_padding=&#8221;6px||17px|||&#8221; button_two_bg_color_tablet=&#8221;#999999&#8243; button_two_bg_color_phone=&#8221;#999999&#8243; button_two_bg_color_last_edited=&#8221;on|desktop&#8221; global_colors_info=&#8221;{}&#8221; button_one_bg_color__hover_enabled=&#8221;on|desktop&#8221; button_one_bg_color__hover=&#8221;#81c341&#8243; button_one_bg_enable_color__hover=&#8221;on&#8221; button_one_border_color__hover_enabled=&#8221;on|hover&#8221; button_one_border_color__hover=&#8221;#81c341&#8243; button_two_bg_color__hover_enabled=&#8221;on|hover&#8221; button_two_bg_color__hover=&#8221;#81c341&#8243; button_two_bg_enable_color__hover=&#8221;on&#8221; button_two_border_color__hover_enabled=&#8221;on|hover&#8221; button_two_border_color__hover=&#8221;#81c341&#8243; theme_builder_area=&#8221;post_content&#8221;][\/et_pb_fullwidth_header][\/et_pb_section]<\/p>\n","protected":false},"excerpt":{"rendered":"<p>Les faisceaux de s\u00e9curit\u00e9 de portail infrarouges i5<span><span><a href=\"https:\/\/www.centsys.com\/demo002\/\">ACCUEIL<\/a><\/span><\/span>LE I5 \u2013\u00a0CELLULES DE S\u00c9CURIT\u00c9 INFRAROUGE Les faisceaux de s\u00e9curit\u00e9 infrarouges i5 de CENTURION sont simples \u00e0 aligner, extr\u00eamement fiables et ont une port\u00e9e de d\u00e9tection allant jusqu\u2019\u00e0 \u00e0 40m. Il peut \u00eatre utilis\u00e9 sur des portails, des portes de garage et m\u00eame pour une simple protection de [&hellip;]<\/p>\n","protected":false},"author":1,"featured_media":0,"parent":0,"menu_order":0,"comment_status":"closed","ping_status":"closed","template":"","meta":{"_et_pb_use_builder":"on","_et_pb_old_content":"","_et_gb_content_width":"","_joinchat":[],"footnotes":""},"class_list":["post-712","page","type-page","status-publish","hentry"],"yoast_head":"<!-- This site is optimized with the Yoast SEO Premium plugin v27.3 (Yoast SEO v27.4) - https:\/\/yoast.com\/product\/yoast-seo-premium-wordpress\/ -->\r\n<title>Cellules de s\u00e9curit\u00e9 infrarouge i5 de Centurion Systems<\/title>\r\n<meta name=\"description\" content=\"Une cellule infrarouge \u00e0 un prix abordable, le CENTURION i5 a une port\u00e9e de d\u00e9tection allant jusqu\u2019\u00e0 \u00e0 40m, s\u2019aligne automatiquement et n\u2019est pas affect\u00e9e par les rayons solaires.\" \/>\r\n<meta name=\"robots\" content=\"index, follow, max-snippet:-1, max-image-preview:large, max-video-preview:-1\" \/>\r\n<link rel=\"canonical\" href=\"https:\/\/www.centsys.com\/demo002\/cellules-de-securite-infrarouges-i5\/\" \/>\r\n<meta property=\"og:locale\" content=\"en_US\" \/>\r\n<meta property=\"og:type\" content=\"article\" \/>\r\n<meta property=\"og:title\" content=\"i5\" \/>\r\n<meta property=\"og:description\" content=\"Une cellule infrarouge \u00e0 un prix abordable, le CENTURION i5 a une port\u00e9e de d\u00e9tection allant jusqu\u2019\u00e0 \u00e0 40m, s\u2019aligne automatiquement et n\u2019est pas affect\u00e9e par les rayons solaires.\" \/>\r\n<meta property=\"og:url\" content=\"https:\/\/www.centsys.com\/demo002\/cellules-de-securite-infrarouges-i5\/\" \/>\r\n<meta property=\"og:site_name\" content=\"Centurion Systems French\" \/>\r\n<meta property=\"article:modified_time\" content=\"2024-05-23T14:22:12+00:00\" \/>\r\n<meta name=\"twitter:card\" content=\"summary_large_image\" \/>\r\n<meta name=\"twitter:label1\" content=\"Est. reading time\" \/>\n\t<meta name=\"twitter:data1\" content=\"2 minutes\" \/>\r\n<script type=\"application\/ld+json\" class=\"yoast-schema-graph\">{\"@context\":\"https:\\\/\\\/schema.org\",\"@graph\":[{\"@type\":\"WebPage\",\"@id\":\"https:\\\/\\\/www.centsys.com\\\/demo002\\\/cellules-de-securite-infrarouges-i5\\\/\",\"url\":\"https:\\\/\\\/www.centsys.com\\\/demo002\\\/cellules-de-securite-infrarouges-i5\\\/\",\"name\":\"Cellules de s\u00e9curit\u00e9 infrarouge i5 de Centurion Systems\",\"isPartOf\":{\"@id\":\"https:\\\/\\\/www.centsys.com\\\/demo002\\\/#website\"},\"datePublished\":\"2020-03-06T08:24:17+00:00\",\"dateModified\":\"2024-05-23T14:22:12+00:00\",\"description\":\"Une cellule infrarouge \u00e0 un prix abordable, le CENTURION i5 a une port\u00e9e de d\u00e9tection allant jusqu\u2019\u00e0 \u00e0 40m, s\u2019aligne automatiquement et n\u2019est pas affect\u00e9e par les rayons solaires.\",\"breadcrumb\":{\"@id\":\"https:\\\/\\\/www.centsys.com\\\/demo002\\\/cellules-de-securite-infrarouges-i5\\\/#breadcrumb\"},\"inLanguage\":\"en-ZA\",\"potentialAction\":[{\"@type\":\"ReadAction\",\"target\":[\"https:\\\/\\\/www.centsys.com\\\/demo002\\\/cellules-de-securite-infrarouges-i5\\\/\"]}]},{\"@type\":\"BreadcrumbList\",\"@id\":\"https:\\\/\\\/www.centsys.com\\\/demo002\\\/cellules-de-securite-infrarouges-i5\\\/#breadcrumb\",\"itemListElement\":[{\"@type\":\"ListItem\",\"position\":1,\"name\":\"ACCUEIL\",\"item\":\"https:\\\/\\\/www.centsys.com\\\/demo002\\\/\"},{\"@type\":\"ListItem\",\"position\":2,\"name\":\"i5\"}]},{\"@type\":\"WebSite\",\"@id\":\"https:\\\/\\\/www.centsys.com\\\/demo002\\\/#website\",\"url\":\"https:\\\/\\\/www.centsys.com\\\/demo002\\\/\",\"name\":\"Centurion Systems French\",\"description\":\"Produits D\u2019automatisation D\u2019acc\u00e8s\",\"potentialAction\":[{\"@type\":\"SearchAction\",\"target\":{\"@type\":\"EntryPoint\",\"urlTemplate\":\"https:\\\/\\\/www.centsys.com\\\/demo002\\\/?s={search_term_string}\"},\"query-input\":{\"@type\":\"PropertyValueSpecification\",\"valueRequired\":true,\"valueName\":\"search_term_string\"}}],\"inLanguage\":\"en-ZA\"}]}<\/script>\r\n<!-- \/ Yoast SEO Premium plugin. -->","yoast_head_json":{"title":"Cellules de s\u00e9curit\u00e9 infrarouge i5 de Centurion Systems","description":"Une cellule infrarouge \u00e0 un prix abordable, le CENTURION i5 a une port\u00e9e de d\u00e9tection allant jusqu\u2019\u00e0 \u00e0 40m, s\u2019aligne automatiquement et n\u2019est pas affect\u00e9e par les rayons solaires.","robots":{"index":"index","follow":"follow","max-snippet":"max-snippet:-1","max-image-preview":"max-image-preview:large","max-video-preview":"max-video-preview:-1"},"canonical":"https:\/\/www.centsys.com\/demo002\/cellules-de-securite-infrarouges-i5\/","og_locale":"en_US","og_type":"article","og_title":"i5","og_description":"Une cellule infrarouge \u00e0 un prix abordable, le CENTURION i5 a une port\u00e9e de d\u00e9tection allant jusqu\u2019\u00e0 \u00e0 40m, s\u2019aligne automatiquement et n\u2019est pas affect\u00e9e par les rayons solaires.","og_url":"https:\/\/www.centsys.com\/demo002\/cellules-de-securite-infrarouges-i5\/","og_site_name":"Centurion Systems French","article_modified_time":"2024-05-23T14:22:12+00:00","twitter_card":"summary_large_image","twitter_misc":{"Est. reading time":"2 minutes"},"schema":{"@context":"https:\/\/schema.org","@graph":[{"@type":"WebPage","@id":"https:\/\/www.centsys.com\/demo002\/cellules-de-securite-infrarouges-i5\/","url":"https:\/\/www.centsys.com\/demo002\/cellules-de-securite-infrarouges-i5\/","name":"Cellules de s\u00e9curit\u00e9 infrarouge i5 de Centurion Systems","isPartOf":{"@id":"https:\/\/www.centsys.com\/demo002\/#website"},"datePublished":"2020-03-06T08:24:17+00:00","dateModified":"2024-05-23T14:22:12+00:00","description":"Une cellule infrarouge \u00e0 un prix abordable, le CENTURION i5 a une port\u00e9e de d\u00e9tection allant jusqu\u2019\u00e0 \u00e0 40m, s\u2019aligne automatiquement et n\u2019est pas affect\u00e9e par les rayons solaires.","breadcrumb":{"@id":"https:\/\/www.centsys.com\/demo002\/cellules-de-securite-infrarouges-i5\/#breadcrumb"},"inLanguage":"en-ZA","potentialAction":[{"@type":"ReadAction","target":["https:\/\/www.centsys.com\/demo002\/cellules-de-securite-infrarouges-i5\/"]}]},{"@type":"BreadcrumbList","@id":"https:\/\/www.centsys.com\/demo002\/cellules-de-securite-infrarouges-i5\/#breadcrumb","itemListElement":[{"@type":"ListItem","position":1,"name":"ACCUEIL","item":"https:\/\/www.centsys.com\/demo002\/"},{"@type":"ListItem","position":2,"name":"i5"}]},{"@type":"WebSite","@id":"https:\/\/www.centsys.com\/demo002\/#website","url":"https:\/\/www.centsys.com\/demo002\/","name":"Centurion Systems French","description":"Produits D\u2019automatisation D\u2019acc\u00e8s","potentialAction":[{"@type":"SearchAction","target":{"@type":"EntryPoint","urlTemplate":"https:\/\/www.centsys.com\/demo002\/?s={search_term_string}"},"query-input":{"@type":"PropertyValueSpecification","valueRequired":true,"valueName":"search_term_string"}}],"inLanguage":"en-ZA"}]}},"_links":{"self":[{"href":"https:\/\/www.centsys.com\/demo002\/wp-json\/wp\/v2\/pages\/712","targetHints":{"allow":["GET"]}}],"collection":[{"href":"https:\/\/www.centsys.com\/demo002\/wp-json\/wp\/v2\/pages"}],"about":[{"href":"https:\/\/www.centsys.com\/demo002\/wp-json\/wp\/v2\/types\/page"}],"author":[{"embeddable":true,"href":"https:\/\/www.centsys.com\/demo002\/wp-json\/wp\/v2\/users\/1"}],"replies":[{"embeddable":true,"href":"https:\/\/www.centsys.com\/demo002\/wp-json\/wp\/v2\/comments?post=712"}],"version-history":[{"count":0,"href":"https:\/\/www.centsys.com\/demo002\/wp-json\/wp\/v2\/pages\/712\/revisions"}],"wp:attachment":[{"href":"https:\/\/www.centsys.com\/demo002\/wp-json\/wp\/v2\/media?parent=712"}],"curies":[{"name":"wp","href":"https:\/\/api.w.org\/{rel}","templated":true}]}}