{"id":726,"date":"2020-03-06T08:34:37","date_gmt":"2020-03-06T08:34:37","guid":{"rendered":"https:\/\/www.centsys.co.za\/fr\/?page_id=726"},"modified":"2024-05-23T16:21:48","modified_gmt":"2024-05-23T14:21:48","slug":"cellules-de-securite-infrarouges-sans-fil-photon-ii","status":"publish","type":"page","link":"https:\/\/www.centsys.com\/demo002\/cellules-de-securite-infrarouges-sans-fil-photon-ii\/","title":{"rendered":"Photon II"},"content":{"rendered":"<p>[et_pb_section fb_built=&#8221;1&#8243; fullwidth=&#8221;on&#8221; _builder_version=&#8221;4.16&#8243; background_enable_image=&#8221;off&#8221; locked=&#8221;off&#8221; global_colors_info=&#8221;{}&#8221;][et_pb_fullwidth_header title=&#8221;ALIGNEZ, FIXEZ ET C\u2019EST PARTI&#8221; header_fullscreen=&#8221;on&#8221; _builder_version=&#8221;4.16&#8243; title_font=&#8221;Verdana|700||on|||||&#8221; title_text_align=&#8221;right&#8221; title_text_color=&#8221;#81c341&#8243; title_font_size=&#8221;46px&#8221; content_font=&#8221;Verdana||||||||&#8221; content_text_align=&#8221;right&#8221; content_text_color=&#8221;#6d6e71&#8243; content_font_size=&#8221;18px&#8221; background_enable_color=&#8221;off&#8221; background_image=&#8221;https:\/\/www.centsys.com\/demo002\/img\/Photon%20II\/Cellule%20de%20s%C3%A9curit%C3%A9%20portail%20automatique%20sans%20fil%20CENTURION%20PHOTON.jpg&#8221; background_position=&#8221;center_right&#8221; background_layout=&#8221;light&#8221; width=&#8221;100{b9f1a820be3d81834e54a7fd91d7ea557d10675802c96376b4de0df52dd4704d}&#8221; max_width=&#8221;100{b9f1a820be3d81834e54a7fd91d7ea557d10675802c96376b4de0df52dd4704d}&#8221; custom_margin=&#8221;||||false|false&#8221; custom_padding=&#8221;11{b275702fb50eb40ce127199ba0c14ed5c48ee57d6f0451ec33debc284b28b4f4}||11{b275702fb50eb40ce127199ba0c14ed5c48ee57d6f0451ec33debc284b28b4f4}|20{b275702fb50eb40ce127199ba0c14ed5c48ee57d6f0451ec33debc284b28b4f4}|true|false&#8221; custom_padding_tablet=&#8221;|||10{b275702fb50eb40ce127199ba0c14ed5c48ee57d6f0451ec33debc284b28b4f4}|true|false&#8221; custom_padding_phone=&#8221;11{b275702fb50eb40ce127199ba0c14ed5c48ee57d6f0451ec33debc284b28b4f4}||11{b275702fb50eb40ce127199ba0c14ed5c48ee57d6f0451ec33debc284b28b4f4}|0{b275702fb50eb40ce127199ba0c14ed5c48ee57d6f0451ec33debc284b28b4f4}|true|false&#8221; custom_padding_last_edited=&#8221;on|tablet&#8221; title_font_size_tablet=&#8221;&#8221; title_font_size_phone=&#8221;36px&#8221; title_font_size_last_edited=&#8221;on|phone&#8221; content_font_size_tablet=&#8221;&#8221; content_font_size_phone=&#8221;14px&#8221; content_font_size_last_edited=&#8221;on|phone&#8221; global_colors_info=&#8221;{}&#8221;]<\/p>\n<p>Photon, faisceaux de s\u00e9curit\u00e9 \u00e0 infrarouge avec technologie sans fil<\/p>\n<p>[\/et_pb_fullwidth_header][\/et_pb_section][et_pb_section fb_built=&#8221;1&#8243; fullwidth=&#8221;on&#8221; _builder_version=&#8221;4.20.4&#8243; background_color=&#8221;#e5e5e5&#8243; use_background_color_gradient=&#8221;on&#8221; background_color_gradient_stops=&#8221;#e5e5e5 0%|#e5e5e5 100%&#8221; background_color_gradient_start=&#8221;#e5e5e5&#8243; background_color_gradient_end=&#8221;#e5e5e5&#8243; transform_translate=&#8221;-13px|269px&#8221; background_color_gradient_stops_tablet=&#8221;#e5e5e5 0%|#e5e5e5 100%&#8221; background_color_gradient_stops_phone=&#8221;#e5e5e5 0%|#e5e5e5 100%&#8221; global_module=&#8221;5513&#8243; global_colors_info=&#8221;{}&#8221;][et_pb_fullwidth_code _builder_version=&#8221;4.20.4&#8243; _module_preset=&#8221;default&#8221; global_colors_info=&#8221;{}&#8221;]<span><span><a href=\"https:\/\/www.centsys.com\/demo002\/\">ACCUEIL<\/a><\/span><\/span>[\/et_pb_fullwidth_code][\/et_pb_section][et_pb_section fb_built=&#8221;1&#8243; _builder_version=&#8221;4.16&#8243; locked=&#8221;off&#8221; global_colors_info=&#8221;{}&#8221;][et_pb_row _builder_version=&#8221;4.16&#8243; global_colors_info=&#8221;{}&#8221;][et_pb_column type=&#8221;4_4&#8243; _builder_version=&#8221;4.16&#8243; global_colors_info=&#8221;{}&#8221;][et_pb_text _builder_version=&#8221;4.16&#8243; global_colors_info=&#8221;{}&#8221;]<\/p>\n<h1 class=\"p1\" style=\"text-align: center;\">PHOTON II \u2013 CELLULES DE S\u00c9CURIT\u00c9 INFRAROUGE SANS FIL<\/h1>\n<p class=\"p1\" style=\"text-align: center;\">La s\u00e9curit\u00e9 n\u2019a jamais \u00e9t\u00e9 aussi rapide et facile \u2013 gr\u00e2ce \u00e0 la technologie sans fil! Voici le faisceau de s\u00e9curit\u00e9 infrarouge <strong>Photon II<\/strong> de CENTURION avec \u00e9metteur sans fil. Le Photon II simplifie la mise en place d\u2019un syst\u00e8me automatis\u00e9 compris pour les installations les plus exigeantes. Avec un \u00e9metteur sans fil, il n\u2019est pas n\u00e9cessaire de creuser une canalisation sous la voie d\u2019acc\u00e8s. C\u2019est simple, alignez, attachez et c\u2019est parti !<\/p>\n<p>[\/et_pb_text][\/et_pb_column][\/et_pb_row][et_pb_row _builder_version=&#8221;4.16&#8243; custom_padding=&#8221;||0px|||&#8221; global_colors_info=&#8221;{}&#8221;][et_pb_column type=&#8221;4_4&#8243; _builder_version=&#8221;4.16&#8243; global_colors_info=&#8221;{}&#8221;][et_pb_image src=&#8221;https:\/\/www.centsys.com\/demo002\/img\/Photon II\/Cellule de s\u00e9curit\u00e9 portail automatique sans fil CENTURION PHOTON II.jpg&#8221; align=&#8221;center&#8221; _builder_version=&#8221;4.16&#8243; global_colors_info=&#8221;{}&#8221;][\/et_pb_image][\/et_pb_column][\/et_pb_row][et_pb_row column_structure=&#8221;2_3,1_3&#8243; _builder_version=&#8221;4.16&#8243; locked=&#8221;off&#8221; global_colors_info=&#8221;{}&#8221;][et_pb_column type=&#8221;2_3&#8243; _builder_version=&#8221;4.16&#8243; global_colors_info=&#8221;{}&#8221;][et_pb_text _builder_version=&#8221;4.16&#8243; global_colors_info=&#8221;{}&#8221;]<\/p>\n<h5 class=\"p1\">CARACT\u00c9RISTIQUES PRINCIPALES:<\/h5>\n<ul>\n<li class=\"p1\">Utilise un \u00e9metteur sans fil qui vous permet d\u2019\u00e9conomiseren temps et argent<\/li>\n<li class=\"p1\">Seulement deux piles AA compris dans le kit &#8211; pour garantir deux ann\u00e9es de fonctionnement<\/li>\n<li class=\"p1\">A \u00e9t\u00e9 con\u00e7u avec une limite de 10m. Le PHOTON est une solution id\u00e9ale pour les portails<\/li>\n<li class=\"p1\">Bo\u00eetier totalement r\u00e9sistant aux intemp\u00e9ries <\/li>\n<li class=\"p1\">L\u2019\u00e9metteur \u00e9met un signal sonore pour une installation facile et indication de batterie faible<\/li>\n<li class=\"p1\">Faible consommation d\u2019\u00e9nergie dans tout le syst\u00e8me pour plusd\u2019efficacit\u00e9<\/li>\n<li class=\"p1\">Avec le mode Installateur &#8211; la sonore permet un alignement facile<\/li>\n<li class=\"p1\">Mesurant que 50mm de large, a une apparence attirante ainsiqu\u2019agr\u00e9able<\/li>\n<li class=\"p1\">Compatible avec les alarmes (une invention unique a CENTURION)<\/li>\n<\/ul>\n<p>[\/et_pb_text][\/et_pb_column][et_pb_column type=&#8221;1_3&#8243; _builder_version=&#8221;4.16&#8243; global_colors_info=&#8221;{}&#8221;][et_pb_image src=&#8221;https:\/\/www.centsys.com\/demo002\/img\/Photon II\/Logo &#8211; Cellule de s\u00e9curit\u00e9 portail automatique sans fil CENTURION PHOTON.jpg&#8221; _builder_version=&#8221;4.16&#8243; custom_padding=&#8221;||||false|false&#8221; global_colors_info=&#8221;{}&#8221;][\/et_pb_image][et_pb_button button_url=&#8221;https:\/\/www.centsys.com\/demo002\/pdf\/Centurion%20Systems%20PHOTON%20Brochure_FR.pdf&#8221; url_new_window=&#8221;on&#8221; button_text=&#8221;PHOTON BROCHURE&#8221; button_alignment=&#8221;center&#8221; _builder_version=&#8221;4.16&#8243; global_colors_info=&#8221;{}&#8221;][\/et_pb_button][et_pb_button button_url=&#8221;https:\/\/www.centsys.com\/demo002\/pdf\/photon\/1227.D.01.0002%20Photon%20(30m)%20infrared%20beams%20manual%20insert%20FRENCH%2011042018BM.pdf&#8221; url_new_window=&#8221;on&#8221; button_text=&#8221;GUIDE D&#8217;INSTALLATION DE POCHE&#8221; button_alignment=&#8221;center&#8221; _builder_version=&#8221;4.19.1&#8243; global_colors_info=&#8221;{}&#8221;][\/et_pb_button][\/et_pb_column][\/et_pb_row][et_pb_row _builder_version=&#8221;4.16&#8243; global_colors_info=&#8221;{}&#8221;][et_pb_column type=&#8221;4_4&#8243; _builder_version=&#8221;4.16&#8243; global_colors_info=&#8221;{}&#8221;][et_pb_text _builder_version=&#8221;4.16&#8243; global_colors_info=&#8221;{}&#8221;]<\/p>\n<h5 class=\"p1\">CARACT\u00c9RISTIQUES TECHNIQUES:<\/h5>\n<div id=\"footable_parent_2631\"\n         class=\" footable_parent ninja_table_wrapper loading_ninja_table wp_table_data_press_parent semantic_ui \">\n                <table data-ninja_table_instance=\"ninja_table_instance_0\" data-footable_id=\"2631\" data-filter-delay=\"1000\" aria-label=\"PHOTON II\"            id=\"footable_2631\"\n           data-unique_identifier=\"ninja_table_unique_id_393202964_2631\"\n           class=\" foo-table ninja_footable foo_table_2631 ninja_table_unique_id_393202964_2631 ui table  nt_type_ajax_table selectable striped vertical_centered  footable-paging-right\">\n                <colgroup>\n                            <col class=\"ninja_column_0 \">\n                            <col class=\"ninja_column_1 \">\n                    <\/colgroup>\n            <\/table>\n    \n    \n    \n<\/div>\n\n<p>[1] Zone circulaire &#8211; en supposant une surface parall\u00e8le<\/p>\n<p>[\/et_pb_text][\/et_pb_column][\/et_pb_row][et_pb_row column_structure=&#8221;1_3,1_3,1_3&#8243; _builder_version=&#8221;4.16&#8243; global_colors_info=&#8221;{}&#8221;][et_pb_column type=&#8221;1_3&#8243; _builder_version=&#8221;4.16&#8243; global_colors_info=&#8221;{}&#8221;][et_pb_image src=&#8221;https:\/\/www.centsys.com\/demo002\/img\/Photon%20II\/Cellule%20de%20s%C3%A9curit%C3%A9%20portail%20automatique%20sans%20fil%20Centurion%20Systems%20PHOTON.png&#8221; show_in_lightbox=&#8221;on&#8221; align=&#8221;center&#8221; _builder_version=&#8221;4.16&#8243; global_colors_info=&#8221;{}&#8221;][\/et_pb_image][\/et_pb_column][et_pb_column type=&#8221;1_3&#8243; _builder_version=&#8221;4.16&#8243; global_colors_info=&#8221;{}&#8221;][et_pb_image src=&#8221;https:\/\/www.centsys.com\/demo002\/img\/Photon II\/Cellule de s\u00e9curit\u00e9 portail automatique sans fil CENTURION PHOTON &#8211; install\u00e9e sur le mur.png&#8221; show_in_lightbox=&#8221;on&#8221; align=&#8221;center&#8221; _builder_version=&#8221;4.16&#8243; global_colors_info=&#8221;{}&#8221;][\/et_pb_image][\/et_pb_column][et_pb_column type=&#8221;1_3&#8243; _builder_version=&#8221;4.16&#8243; global_colors_info=&#8221;{}&#8221;][et_pb_image src=&#8221;https:\/\/www.centsys.com\/demo002\/img\/Photon%20II\/Cellule%20de%20s%C3%A9curit%C3%A9%20portail%20automatique%20sans%20fil%20CENTURION%20PHOTON%20-%20%C3%A0%20l&#8217;int%C3%A9rieur.png&#8221; show_in_lightbox=&#8221;on&#8221; align=&#8221;center&#8221; _builder_version=&#8221;4.16&#8243; global_colors_info=&#8221;{}&#8221;][\/et_pb_image][\/et_pb_column][\/et_pb_row][\/et_pb_section][et_pb_section fb_built=&#8221;1&#8243; fullwidth=&#8221;on&#8221; admin_label=&#8221;THIS IS THE MID SECTION BANNER SITE WIDE&#8221; _builder_version=&#8221;4.24.0&#8243; _module_preset=&#8221;default&#8221; global_colors_info=&#8221;{}&#8221; global_module=&#8221;25449&#8243; theme_builder_area=&#8221;post_content&#8221;][et_pb_fullwidth_image src=&#8221;https:\/\/www.centsys.com\/demo002\/img\/Home%20Page\/Motorisations%20pour%20portails%20CENTURION%20SMART%20S%C3%A9rie%20D_Mid.jpg&#8221; url=&#8221;https:\/\/www.centsys.com\/demo002&#8243; url_new_window=&#8221;on&#8221; admin_label=&#8221;FOOTER_SITE WIDE&#8221; _builder_version=&#8221;4.25.0&#8243; _module_preset=&#8221;default&#8221; global_colors_info=&#8221;{}&#8221; theme_builder_area=&#8221;post_content&#8221;][\/et_pb_fullwidth_image][et_pb_fullwidth_header button_one_text=&#8221;Contactez-nous&#8221; button_one_url=&#8221;https:\/\/www.centsys.com\/demo002\/coordonnees\/&#8221; button_two_text=&#8221;Support Technique&#8221; button_two_url=&#8221;https:\/\/www.centsys.com\/demo002\/support-technique\/&#8221; _builder_version=&#8221;4.25.0&#8243; _module_preset=&#8221;default&#8221; background_color=&#8221;#c1c1c1&#8243; custom_button_one=&#8221;on&#8221; button_one_text_color=&#8221;#FFFFFF&#8221; button_one_bg_color=&#8221;#999999&#8243; button_one_border_color=&#8221;#999999&#8243; custom_button_two=&#8221;on&#8221; button_two_text_color=&#8221;#FFFFFF&#8221; button_two_bg_color=&#8221;#999999&#8243; button_two_border_color=&#8221;#999999&#8243; custom_margin=&#8221;||-4px|||&#8221; custom_padding=&#8221;6px||17px|||&#8221; button_two_bg_color_tablet=&#8221;#999999&#8243; button_two_bg_color_phone=&#8221;#999999&#8243; button_two_bg_color_last_edited=&#8221;on|desktop&#8221; global_colors_info=&#8221;{}&#8221; button_one_bg_color__hover_enabled=&#8221;on|desktop&#8221; button_one_bg_color__hover=&#8221;#81c341&#8243; button_one_bg_enable_color__hover=&#8221;on&#8221; button_one_border_color__hover_enabled=&#8221;on|hover&#8221; button_one_border_color__hover=&#8221;#81c341&#8243; button_two_bg_color__hover_enabled=&#8221;on|hover&#8221; button_two_bg_color__hover=&#8221;#81c341&#8243; button_two_bg_enable_color__hover=&#8221;on&#8221; button_two_border_color__hover_enabled=&#8221;on|hover&#8221; button_two_border_color__hover=&#8221;#81c341&#8243; theme_builder_area=&#8221;post_content&#8221;][\/et_pb_fullwidth_header][\/et_pb_section]<\/p>\n","protected":false},"excerpt":{"rendered":"<p>Photon, faisceaux de s\u00e9curit\u00e9 \u00e0 infrarouge avec technologie sans fil<span><span><a href=\"https:\/\/www.centsys.com\/demo002\/\">ACCUEIL<\/a><\/span><\/span>PHOTON II \u2013 CELLULES DE S\u00c9CURIT\u00c9 INFRAROUGE SANS FIL La s\u00e9curit\u00e9 n\u2019a jamais \u00e9t\u00e9 aussi rapide et facile \u2013 gr\u00e2ce \u00e0 la technologie sans fil! Voici le faisceau de s\u00e9curit\u00e9 infrarouge Photon II de CENTURION avec \u00e9metteur sans fil. Le Photon II simplifie la mise en [&hellip;]<\/p>\n","protected":false},"author":1,"featured_media":0,"parent":0,"menu_order":0,"comment_status":"closed","ping_status":"closed","template":"","meta":{"_et_pb_use_builder":"on","_et_pb_old_content":"","_et_gb_content_width":"","_joinchat":[],"footnotes":""},"class_list":["post-726","page","type-page","status-publish","hentry"],"yoast_head":"<!-- This site is optimized with the Yoast SEO Premium plugin v27.3 (Yoast SEO v27.4) - https:\/\/yoast.com\/product\/yoast-seo-premium-wordpress\/ -->\r\n<title>Cellules de s\u00e9curit\u00e9 infrarouge sans fil PHOTON II de Centurion Systems<\/title>\r\n<meta name=\"description\" content=\"La s\u00e9curit\u00e9 n\u2019a jamais \u00e9t\u00e9 aussi rapide et facile \u2013 gr\u00e2ce \u00e0 la technologie sans fil! Voici le faisceau de s\u00e9curit\u00e9 infrarouge Photon II de CENTURION avec \u00e9metteur sans fil.\" \/>\r\n<meta name=\"robots\" content=\"index, follow, max-snippet:-1, max-image-preview:large, max-video-preview:-1\" \/>\r\n<link rel=\"canonical\" href=\"https:\/\/www.centsys.com\/demo002\/cellules-de-securite-infrarouges-sans-fil-photon-ii\/\" \/>\r\n<meta property=\"og:locale\" content=\"en_US\" \/>\r\n<meta property=\"og:type\" content=\"article\" \/>\r\n<meta property=\"og:title\" content=\"Photon II\" \/>\r\n<meta property=\"og:description\" content=\"La s\u00e9curit\u00e9 n\u2019a jamais \u00e9t\u00e9 aussi rapide et facile \u2013 gr\u00e2ce \u00e0 la technologie sans fil! Voici le faisceau de s\u00e9curit\u00e9 infrarouge Photon II de CENTURION avec \u00e9metteur sans fil.\" \/>\r\n<meta property=\"og:url\" content=\"https:\/\/www.centsys.com\/demo002\/cellules-de-securite-infrarouges-sans-fil-photon-ii\/\" \/>\r\n<meta property=\"og:site_name\" content=\"Centurion Systems French\" \/>\r\n<meta property=\"article:modified_time\" content=\"2024-05-23T14:21:48+00:00\" \/>\r\n<meta name=\"twitter:card\" content=\"summary_large_image\" \/>\r\n<meta name=\"twitter:label1\" content=\"Est. reading time\" \/>\n\t<meta name=\"twitter:data1\" content=\"3 minutes\" \/>\r\n<script type=\"application\/ld+json\" class=\"yoast-schema-graph\">{\"@context\":\"https:\\\/\\\/schema.org\",\"@graph\":[{\"@type\":\"WebPage\",\"@id\":\"https:\\\/\\\/www.centsys.com\\\/demo002\\\/cellules-de-securite-infrarouges-sans-fil-photon-ii\\\/\",\"url\":\"https:\\\/\\\/www.centsys.com\\\/demo002\\\/cellules-de-securite-infrarouges-sans-fil-photon-ii\\\/\",\"name\":\"Cellules de s\u00e9curit\u00e9 infrarouge sans fil PHOTON II de Centurion Systems\",\"isPartOf\":{\"@id\":\"https:\\\/\\\/www.centsys.com\\\/demo002\\\/#website\"},\"datePublished\":\"2020-03-06T08:34:37+00:00\",\"dateModified\":\"2024-05-23T14:21:48+00:00\",\"description\":\"La s\u00e9curit\u00e9 n\u2019a jamais \u00e9t\u00e9 aussi rapide et facile \u2013 gr\u00e2ce \u00e0 la technologie sans fil! Voici le faisceau de s\u00e9curit\u00e9 infrarouge Photon II de CENTURION avec \u00e9metteur sans fil.\",\"breadcrumb\":{\"@id\":\"https:\\\/\\\/www.centsys.com\\\/demo002\\\/cellules-de-securite-infrarouges-sans-fil-photon-ii\\\/#breadcrumb\"},\"inLanguage\":\"en-ZA\",\"potentialAction\":[{\"@type\":\"ReadAction\",\"target\":[\"https:\\\/\\\/www.centsys.com\\\/demo002\\\/cellules-de-securite-infrarouges-sans-fil-photon-ii\\\/\"]}]},{\"@type\":\"BreadcrumbList\",\"@id\":\"https:\\\/\\\/www.centsys.com\\\/demo002\\\/cellules-de-securite-infrarouges-sans-fil-photon-ii\\\/#breadcrumb\",\"itemListElement\":[{\"@type\":\"ListItem\",\"position\":1,\"name\":\"ACCUEIL\",\"item\":\"https:\\\/\\\/www.centsys.com\\\/demo002\\\/\"},{\"@type\":\"ListItem\",\"position\":2,\"name\":\"Photon II\"}]},{\"@type\":\"WebSite\",\"@id\":\"https:\\\/\\\/www.centsys.com\\\/demo002\\\/#website\",\"url\":\"https:\\\/\\\/www.centsys.com\\\/demo002\\\/\",\"name\":\"Centurion Systems French\",\"description\":\"Produits D\u2019automatisation D\u2019acc\u00e8s\",\"potentialAction\":[{\"@type\":\"SearchAction\",\"target\":{\"@type\":\"EntryPoint\",\"urlTemplate\":\"https:\\\/\\\/www.centsys.com\\\/demo002\\\/?s={search_term_string}\"},\"query-input\":{\"@type\":\"PropertyValueSpecification\",\"valueRequired\":true,\"valueName\":\"search_term_string\"}}],\"inLanguage\":\"en-ZA\"}]}<\/script>\r\n<!-- \/ Yoast SEO Premium plugin. -->","yoast_head_json":{"title":"Cellules de s\u00e9curit\u00e9 infrarouge sans fil PHOTON II de Centurion Systems","description":"La s\u00e9curit\u00e9 n\u2019a jamais \u00e9t\u00e9 aussi rapide et facile \u2013 gr\u00e2ce \u00e0 la technologie sans fil! Voici le faisceau de s\u00e9curit\u00e9 infrarouge Photon II de CENTURION avec \u00e9metteur sans fil.","robots":{"index":"index","follow":"follow","max-snippet":"max-snippet:-1","max-image-preview":"max-image-preview:large","max-video-preview":"max-video-preview:-1"},"canonical":"https:\/\/www.centsys.com\/demo002\/cellules-de-securite-infrarouges-sans-fil-photon-ii\/","og_locale":"en_US","og_type":"article","og_title":"Photon II","og_description":"La s\u00e9curit\u00e9 n\u2019a jamais \u00e9t\u00e9 aussi rapide et facile \u2013 gr\u00e2ce \u00e0 la technologie sans fil! Voici le faisceau de s\u00e9curit\u00e9 infrarouge Photon II de CENTURION avec \u00e9metteur sans fil.","og_url":"https:\/\/www.centsys.com\/demo002\/cellules-de-securite-infrarouges-sans-fil-photon-ii\/","og_site_name":"Centurion Systems French","article_modified_time":"2024-05-23T14:21:48+00:00","twitter_card":"summary_large_image","twitter_misc":{"Est. reading time":"3 minutes"},"schema":{"@context":"https:\/\/schema.org","@graph":[{"@type":"WebPage","@id":"https:\/\/www.centsys.com\/demo002\/cellules-de-securite-infrarouges-sans-fil-photon-ii\/","url":"https:\/\/www.centsys.com\/demo002\/cellules-de-securite-infrarouges-sans-fil-photon-ii\/","name":"Cellules de s\u00e9curit\u00e9 infrarouge sans fil PHOTON II de Centurion Systems","isPartOf":{"@id":"https:\/\/www.centsys.com\/demo002\/#website"},"datePublished":"2020-03-06T08:34:37+00:00","dateModified":"2024-05-23T14:21:48+00:00","description":"La s\u00e9curit\u00e9 n\u2019a jamais \u00e9t\u00e9 aussi rapide et facile \u2013 gr\u00e2ce \u00e0 la technologie sans fil! Voici le faisceau de s\u00e9curit\u00e9 infrarouge Photon II de CENTURION avec \u00e9metteur sans fil.","breadcrumb":{"@id":"https:\/\/www.centsys.com\/demo002\/cellules-de-securite-infrarouges-sans-fil-photon-ii\/#breadcrumb"},"inLanguage":"en-ZA","potentialAction":[{"@type":"ReadAction","target":["https:\/\/www.centsys.com\/demo002\/cellules-de-securite-infrarouges-sans-fil-photon-ii\/"]}]},{"@type":"BreadcrumbList","@id":"https:\/\/www.centsys.com\/demo002\/cellules-de-securite-infrarouges-sans-fil-photon-ii\/#breadcrumb","itemListElement":[{"@type":"ListItem","position":1,"name":"ACCUEIL","item":"https:\/\/www.centsys.com\/demo002\/"},{"@type":"ListItem","position":2,"name":"Photon II"}]},{"@type":"WebSite","@id":"https:\/\/www.centsys.com\/demo002\/#website","url":"https:\/\/www.centsys.com\/demo002\/","name":"Centurion Systems French","description":"Produits D\u2019automatisation D\u2019acc\u00e8s","potentialAction":[{"@type":"SearchAction","target":{"@type":"EntryPoint","urlTemplate":"https:\/\/www.centsys.com\/demo002\/?s={search_term_string}"},"query-input":{"@type":"PropertyValueSpecification","valueRequired":true,"valueName":"search_term_string"}}],"inLanguage":"en-ZA"}]}},"_links":{"self":[{"href":"https:\/\/www.centsys.com\/demo002\/wp-json\/wp\/v2\/pages\/726","targetHints":{"allow":["GET"]}}],"collection":[{"href":"https:\/\/www.centsys.com\/demo002\/wp-json\/wp\/v2\/pages"}],"about":[{"href":"https:\/\/www.centsys.com\/demo002\/wp-json\/wp\/v2\/types\/page"}],"author":[{"embeddable":true,"href":"https:\/\/www.centsys.com\/demo002\/wp-json\/wp\/v2\/users\/1"}],"replies":[{"embeddable":true,"href":"https:\/\/www.centsys.com\/demo002\/wp-json\/wp\/v2\/comments?post=726"}],"version-history":[{"count":0,"href":"https:\/\/www.centsys.com\/demo002\/wp-json\/wp\/v2\/pages\/726\/revisions"}],"wp:attachment":[{"href":"https:\/\/www.centsys.com\/demo002\/wp-json\/wp\/v2\/media?parent=726"}],"curies":[{"name":"wp","href":"https:\/\/api.w.org\/{rel}","templated":true}]}}