{"id":758,"date":"2020-03-06T08:55:32","date_gmt":"2020-03-06T08:55:32","guid":{"rendered":"https:\/\/www.centsys.co.za\/fr\/?page_id=758"},"modified":"2024-05-23T14:42:32","modified_gmt":"2024-05-23T12:42:32","slug":"centurion-950n2","status":"publish","type":"page","link":"https:\/\/www.centsys.com\/demo002\/centurion-950n2\/","title":{"rendered":"CENTURION 950N2"},"content":{"rendered":"<p>[et_pb_section fb_built=&#8221;1&#8243; fullwidth=&#8221;on&#8221; _builder_version=&#8221;4.16&#8243; global_colors_info=&#8221;{}&#8221;][et_pb_fullwidth_image src=&#8221;https:\/\/www.centsys.com\/demo002\/img\/CENTURION 950N\/Automatismes pour portes battantes 950N de CENTURION.jpg&#8221; title_text=&#8221;FAAC-950N-BANNER&#8221; admin_label=&#8221;Fullwidth Image&#8221; _builder_version=&#8221;4.16&#8243; global_colors_info=&#8221;{}&#8221;][\/et_pb_fullwidth_image][\/et_pb_section][et_pb_section fb_built=&#8221;1&#8243; fullwidth=&#8221;on&#8221; _builder_version=&#8221;4.20.4&#8243; background_color=&#8221;#e5e5e5&#8243; use_background_color_gradient=&#8221;on&#8221; background_color_gradient_stops=&#8221;#e5e5e5 0%|#e5e5e5 100%&#8221; background_color_gradient_start=&#8221;#e5e5e5&#8243; background_color_gradient_end=&#8221;#e5e5e5&#8243; transform_translate=&#8221;-13px|269px&#8221; background_color_gradient_stops_tablet=&#8221;#e5e5e5 0%|#e5e5e5 100%&#8221; background_color_gradient_stops_phone=&#8221;#e5e5e5 0%|#e5e5e5 100%&#8221; global_module=&#8221;5513&#8243; global_colors_info=&#8221;{}&#8221;][et_pb_fullwidth_code _builder_version=&#8221;4.20.4&#8243; _module_preset=&#8221;default&#8221; global_colors_info=&#8221;{}&#8221;]<span><span><a href=\"https:\/\/www.centsys.com\/demo002\/\">ACCUEIL<\/a><\/span><\/span>[\/et_pb_fullwidth_code][\/et_pb_section][et_pb_section fb_built=&#8221;1&#8243; _builder_version=&#8221;4.16&#8243; global_colors_info=&#8221;{}&#8221;][et_pb_row _builder_version=&#8221;4.16&#8243; custom_padding=&#8221;||0px|||&#8221; global_colors_info=&#8221;{}&#8221;][et_pb_column type=&#8221;4_4&#8243; _builder_version=&#8221;4.16&#8243; global_colors_info=&#8221;{}&#8221;][et_pb_image src=&#8221;https:\/\/www.centsys.co.za\/img\/asd\/950N2_SECONDARY-BANNER.jpg&#8221; align=&#8221;center&#8221; _builder_version=&#8221;4.23.1&#8243; global_colors_info=&#8221;{}&#8221;][\/et_pb_image][et_pb_text _builder_version=&#8221;4.23.1&#8243; global_colors_info=&#8221;{}&#8221;]<\/p>\n<h1 class=\"p1\">OUVRIR ET FERMER DANS LE SILENCE ABSOLU<\/h1>\n<p>[\/et_pb_text][et_pb_text _builder_version=&#8221;4.23.1&#8243; header_5_font=&#8221;|||on|||||&#8221; global_colors_info=&#8221;{}&#8221;]<\/p>\n<p><strong>POLYVALENT ET \u00c9L\u00c9GANT<\/strong><br \/>Les automatismes FAAC 950N2 (avec syst\u00e8me de fermeture \u00e0 ressort) peuvent \u00eatre install\u00e9s soit sur le linteau, soit directement sur la structure de la porte.<br \/>Les automatismes 950N2 peuvent \u00e9galement automatiser des entr\u00e9es constitu\u00e9es par un double battant en interfa\u00e7ant les 2 unit\u00e9s dans la configuration master\/slave et le double battant sera comme actionn\u00e9 par un seul automatisme.<\/p>\n<p><strong>S\u00dbR ET INTELLIGENT<\/strong><br \/>L\u2019automatisme est muni de deux cartes \u00e9lectroniques 950N2 MPS (carte de contr\u00f4le) et 950N2 E\/S (entr\u00e9es \/ sorties). Un microprocesseur contr\u00f4le en temps r\u00e9el toutes les activit\u00e9s de la porte et un codeur magn\u00e9tique en rel\u00e8ve \u00e0 tout moment la position angulaire. En outre, moyennant un s\u00e9lecteur int\u00e9gr\u00e9, on peut choisir la logique de fonctionnement (automatique, manuel, nuit, ouvert).<\/p>\n<p>R\u00e9alis\u00e9 conform\u00e9ment aux nouvelles Normes Europ\u00e9ennes, la vitesse et la force sont programm\u00e9es en fonction des dimensions de la porte. En cas de d\u00e9tection d&#8217;un obstacle, la porte se rouvre imm\u00e9diatement et, en fermeture, elle v\u00e9rifie, \u00e0 une vitesse r\u00e9duite, le d\u00e9sengagement de l&#8217;obstacle<\/p>\n<p><strong>PUISSANT ET FIABLE<\/strong><br \/>Gr\u00e2ce au choix minutieux des composants m\u00e9caniques et \u00e9lectroniques, notre automatisme 950N2 est en mesure d&#8217;actionner des vantaux d&#8217;un<br \/>poids sup\u00e9rieur \u00e0 360 Kg en service continu dans une s\u00e9curit\u00e9 absolue.<\/p>\n<p>[\/et_pb_text][\/et_pb_column][\/et_pb_row][et_pb_row column_structure=&#8221;2_3,1_3&#8243; _builder_version=&#8221;4.16&#8243; locked=&#8221;off&#8221; global_colors_info=&#8221;{}&#8221;][et_pb_column type=&#8221;2_3&#8243; _builder_version=&#8221;4.16&#8243; global_colors_info=&#8221;{}&#8221;][et_pb_text _builder_version=&#8221;4.23.1&#8243; _module_preset=&#8221;default&#8221; global_colors_info=&#8221;{}&#8221;]<\/p>\n<h3>FONCTIONS D&#8217;ORIGINE<\/h3>\n<p>\u2022 Logiques de fonctionnement : AUTOMATIQUE, OUVERT, MANUEL \/ NUIT<br \/>\u2022 Auto-apprentissage des positions ouverte et ferm\u00e9e et mesure du poids de la porte<br \/>\u2022 S\u00e9curit\u00e9 anti-\u00e9crasement active en ouverture et en fermeture<br \/>\u2022 Fonction \u00ab PUSH and GO \u00bb s\u00e9lectionnable (commande l&#8217;ouverture d&#8217;une simple pouss\u00e9e contre la porte)<br \/>\u2022 Fonction \u00ab ANTIVENT \u00bb s\u00e9lectionnable (assure le maintien la fermeture de la porte m\u00eame en pr\u00e9sence\u00a0d&#8217;un vent fort)<br \/>\u2022 Coup en fermeture pour garantir la fermeture de la porte m\u00eame en cas de vent violent<br \/>\u2022 Fonction AVS (Anti Vandal System) dispositif de protection du moteur en cas de for\u00e7age du mouvement du vantail<br \/>\u2022 Fonctionnement manuel en l&#8217;absence de courant<br \/>\u2022 Trimmer de r\u00e9glage de la vitesse d&#8217;ouverture, de la vitesse de fermeture et du temps de pause<br \/>\u2022 Disposition pour : radar \u00e0 micro-ondes, capteur infrarouge, capteurs laser, boutons de commande, cellules photo\u00e9lectriques, serrures \u00e9lectriques, verrou,<br \/>unit\u00e9 de programmation KP EVO, radiocommandes FAAC.<\/p>\n<p>&nbsp;<\/p>\n<p>[\/et_pb_text][\/et_pb_column][et_pb_column type=&#8221;1_3&#8243; _builder_version=&#8221;4.16&#8243; global_colors_info=&#8221;{}&#8221;][et_pb_image src=&#8221;https:\/\/www.centsys.co.za\/img\/asd\/950N2LOGO-WIDTH.jpg&#8221; title_text=&#8221;CENTURION-A951-SWING-DOOR&#8221; url=&#8221;@ET-DC@eyJkeW5hbWljIjp0cnVlLCJjb250ZW50IjoicG9zdF9saW5rX3VybF9wYWdlIiwic2V0dGluZ3MiOnsicG9zdF9pZCI6Ijc3MiJ9fQ==@&#8221; _builder_version=&#8221;4.23.1&#8243; _dynamic_attributes=&#8221;url&#8221; custom_padding=&#8221;||||false|false&#8221; global_colors_info=&#8221;{}&#8221;][\/et_pb_image][et_pb_image src=&#8221;https:\/\/www.centsys.co.za\/img\/asd\/950N2_PRODUCT-PICTURE.jpg&#8221; title_text=&#8221;CENTURION-A1000-SLIDING-DOOR&#8221; url=&#8221;@ET-DC@eyJkeW5hbWljIjp0cnVlLCJjb250ZW50IjoicG9zdF9saW5rX3VybF9wYWdlIiwic2V0dGluZ3MiOnsicG9zdF9pZCI6Ijc4MiJ9fQ==@&#8221; _builder_version=&#8221;4.23.1&#8243; _dynamic_attributes=&#8221;url&#8221; custom_padding=&#8221;||||false|false&#8221; global_colors_info=&#8221;{}&#8221;][\/et_pb_image][\/et_pb_column][\/et_pb_row][et_pb_row _builder_version=&#8221;4.16&#8243; global_colors_info=&#8221;{}&#8221;][et_pb_column type=&#8221;4_4&#8243; _builder_version=&#8221;4.16&#8243; global_colors_info=&#8221;{}&#8221;][et_pb_text _builder_version=&#8221;4.23.1&#8243; global_colors_info=&#8221;{}&#8221;]<\/p>\n<h5 class=\"p1\">CARACT\u00c9RISTIQUES TECHNIQUES DU CENTURION 950N2:<\/h5>\n<div id=\"footable_parent_25263\"\n         class=\" footable_parent ninja_table_wrapper loading_ninja_table wp_table_data_press_parent semantic_ui \">\n                <table data-ninja_table_instance=\"ninja_table_instance_0\" data-footable_id=\"25263\" data-filter-delay=\"1000\" aria-label=\"950N2\"            id=\"footable_25263\"\n           data-unique_identifier=\"ninja_table_unique_id_3827580651_25263\"\n           class=\" foo-table ninja_footable foo_table_25263 ninja_table_unique_id_3827580651_25263 ui table  nt_type_ajax_table selectable striped vertical_centered  footable-paging-right ninja_table_search_disabled\">\n                <colgroup>\n                            <col class=\"ninja_column_0 \">\n                            <col class=\"ninja_column_1 \">\n                    <\/colgroup>\n            <\/table>\n    \n    \n    \n<\/div>\n\n<p>[\/et_pb_text][\/et_pb_column][\/et_pb_row][\/et_pb_section][et_pb_section fb_built=&#8221;1&#8243; fullwidth=&#8221;on&#8221; admin_label=&#8221;THIS IS THE MID SECTION BANNER SITE WIDE&#8221; _builder_version=&#8221;4.24.0&#8243; _module_preset=&#8221;default&#8221; global_colors_info=&#8221;{}&#8221; global_module=&#8221;25449&#8243; theme_builder_area=&#8221;post_content&#8221;][et_pb_fullwidth_image src=&#8221;https:\/\/www.centsys.com\/demo002\/img\/Home%20Page\/Motorisations%20pour%20portails%20CENTURION%20SMART%20S%C3%A9rie%20D_Mid.jpg&#8221; url=&#8221;https:\/\/www.centsys.com\/demo002&#8243; url_new_window=&#8221;on&#8221; admin_label=&#8221;FOOTER_SITE WIDE&#8221; _builder_version=&#8221;4.25.0&#8243; _module_preset=&#8221;default&#8221; global_colors_info=&#8221;{}&#8221; theme_builder_area=&#8221;post_content&#8221;][\/et_pb_fullwidth_image][et_pb_fullwidth_header button_one_text=&#8221;Contactez-nous&#8221; button_one_url=&#8221;https:\/\/www.centsys.com\/demo002\/coordonnees\/&#8221; button_two_text=&#8221;Support Technique&#8221; button_two_url=&#8221;https:\/\/www.centsys.com\/demo002\/support-technique\/&#8221; _builder_version=&#8221;4.25.0&#8243; _module_preset=&#8221;default&#8221; background_color=&#8221;#c1c1c1&#8243; custom_button_one=&#8221;on&#8221; button_one_text_color=&#8221;#FFFFFF&#8221; button_one_bg_color=&#8221;#999999&#8243; button_one_border_color=&#8221;#999999&#8243; custom_button_two=&#8221;on&#8221; button_two_text_color=&#8221;#FFFFFF&#8221; button_two_bg_color=&#8221;#999999&#8243; button_two_border_color=&#8221;#999999&#8243; custom_margin=&#8221;||-4px|||&#8221; custom_padding=&#8221;6px||17px|||&#8221; button_two_bg_color_tablet=&#8221;#999999&#8243; button_two_bg_color_phone=&#8221;#999999&#8243; button_two_bg_color_last_edited=&#8221;on|desktop&#8221; global_colors_info=&#8221;{}&#8221; button_one_bg_color__hover_enabled=&#8221;on|desktop&#8221; button_one_bg_color__hover=&#8221;#81c341&#8243; button_one_bg_enable_color__hover=&#8221;on&#8221; button_one_border_color__hover_enabled=&#8221;on|hover&#8221; button_one_border_color__hover=&#8221;#81c341&#8243; button_two_bg_color__hover_enabled=&#8221;on|hover&#8221; button_two_bg_color__hover=&#8221;#81c341&#8243; button_two_bg_enable_color__hover=&#8221;on&#8221; button_two_border_color__hover_enabled=&#8221;on|hover&#8221; button_two_border_color__hover=&#8221;#81c341&#8243; theme_builder_area=&#8221;post_content&#8221;][\/et_pb_fullwidth_header][\/et_pb_section]<\/p>\n","protected":false},"excerpt":{"rendered":"<p><span><span><a href=\"https:\/\/www.centsys.com\/demo002\/\">ACCUEIL<\/a><\/span><\/span>OUVRIR ET FERMER DANS LE SILENCE ABSOLUPOLYVALENT ET \u00c9L\u00c9GANTLes automatismes FAAC 950N2 (avec syst\u00e8me de fermeture \u00e0 ressort) peuvent \u00eatre install\u00e9s soit sur le linteau, soit directement sur la structure de la porte.Les automatismes 950N2 peuvent \u00e9galement automatiser des entr\u00e9es constitu\u00e9es par un double battant en interfa\u00e7ant les 2 unit\u00e9s dans la configuration master\/slave et [&hellip;]<\/p>\n","protected":false},"author":1,"featured_media":0,"parent":0,"menu_order":0,"comment_status":"closed","ping_status":"closed","template":"","meta":{"_et_pb_use_builder":"on","_et_pb_old_content":"","_et_gb_content_width":"","_joinchat":[],"footnotes":""},"class_list":["post-758","page","type-page","status-publish","hentry"],"yoast_head":"<!-- This site is optimized with the Yoast SEO Premium plugin v27.3 (Yoast SEO v27.4) - https:\/\/yoast.com\/product\/yoast-seo-premium-wordpress\/ -->\r\n<title>Automatisation pour portes pi\u00e9tonnes battantes CENTURION 950N2<\/title>\r\n<meta name=\"description\" content=\"La possibilit\u00e9 d\u2019ouvrir la porte tant vers l\u2019ext\u00e9rieur que vers l\u2019int\u00e9rieur et les nombreuses fonctions de r\u00e9glage font du mod\u00e8le 950N2 l\u2019automatisme id\u00e9al pour toutes les portes battantes\" \/>\r\n<meta name=\"robots\" content=\"index, follow, max-snippet:-1, max-image-preview:large, max-video-preview:-1\" \/>\r\n<link rel=\"canonical\" href=\"https:\/\/www.centsys.com\/demo002\/centurion-950n2\/\" \/>\r\n<meta property=\"og:locale\" content=\"en_US\" \/>\r\n<meta property=\"og:type\" content=\"article\" \/>\r\n<meta property=\"og:title\" content=\"CENTURION 950N2\" \/>\r\n<meta property=\"og:description\" content=\"La possibilit\u00e9 d\u2019ouvrir la porte tant vers l\u2019ext\u00e9rieur que vers l\u2019int\u00e9rieur et les nombreuses fonctions de r\u00e9glage font du mod\u00e8le 950N2 l\u2019automatisme id\u00e9al pour toutes les portes battantes\" \/>\r\n<meta property=\"og:url\" content=\"https:\/\/www.centsys.com\/demo002\/centurion-950n2\/\" \/>\r\n<meta property=\"og:site_name\" content=\"Centurion Systems French\" \/>\r\n<meta property=\"article:modified_time\" content=\"2024-05-23T12:42:32+00:00\" \/>\r\n<meta name=\"twitter:card\" content=\"summary_large_image\" \/>\r\n<meta name=\"twitter:label1\" content=\"Est. reading time\" \/>\n\t<meta name=\"twitter:data1\" content=\"3 minutes\" \/>\r\n<script type=\"application\/ld+json\" class=\"yoast-schema-graph\">{\"@context\":\"https:\\\/\\\/schema.org\",\"@graph\":[{\"@type\":\"WebPage\",\"@id\":\"https:\\\/\\\/www.centsys.com\\\/demo002\\\/centurion-950n2\\\/\",\"url\":\"https:\\\/\\\/www.centsys.com\\\/demo002\\\/centurion-950n2\\\/\",\"name\":\"Automatisation pour portes pi\u00e9tonnes battantes CENTURION 950N2\",\"isPartOf\":{\"@id\":\"https:\\\/\\\/www.centsys.com\\\/demo002\\\/#website\"},\"datePublished\":\"2020-03-06T08:55:32+00:00\",\"dateModified\":\"2024-05-23T12:42:32+00:00\",\"description\":\"La possibilit\u00e9 d\u2019ouvrir la porte tant vers l\u2019ext\u00e9rieur que vers l\u2019int\u00e9rieur et les nombreuses fonctions de r\u00e9glage font du mod\u00e8le 950N2 l\u2019automatisme id\u00e9al pour toutes les portes battantes\",\"breadcrumb\":{\"@id\":\"https:\\\/\\\/www.centsys.com\\\/demo002\\\/centurion-950n2\\\/#breadcrumb\"},\"inLanguage\":\"en-ZA\",\"potentialAction\":[{\"@type\":\"ReadAction\",\"target\":[\"https:\\\/\\\/www.centsys.com\\\/demo002\\\/centurion-950n2\\\/\"]}]},{\"@type\":\"BreadcrumbList\",\"@id\":\"https:\\\/\\\/www.centsys.com\\\/demo002\\\/centurion-950n2\\\/#breadcrumb\",\"itemListElement\":[{\"@type\":\"ListItem\",\"position\":1,\"name\":\"ACCUEIL\",\"item\":\"https:\\\/\\\/www.centsys.com\\\/demo002\\\/\"},{\"@type\":\"ListItem\",\"position\":2,\"name\":\"CENTURION 950N2\"}]},{\"@type\":\"WebSite\",\"@id\":\"https:\\\/\\\/www.centsys.com\\\/demo002\\\/#website\",\"url\":\"https:\\\/\\\/www.centsys.com\\\/demo002\\\/\",\"name\":\"Centurion Systems French\",\"description\":\"Produits D\u2019automatisation D\u2019acc\u00e8s\",\"potentialAction\":[{\"@type\":\"SearchAction\",\"target\":{\"@type\":\"EntryPoint\",\"urlTemplate\":\"https:\\\/\\\/www.centsys.com\\\/demo002\\\/?s={search_term_string}\"},\"query-input\":{\"@type\":\"PropertyValueSpecification\",\"valueRequired\":true,\"valueName\":\"search_term_string\"}}],\"inLanguage\":\"en-ZA\"}]}<\/script>\r\n<!-- \/ Yoast SEO Premium plugin. -->","yoast_head_json":{"title":"Automatisation pour portes pi\u00e9tonnes battantes CENTURION 950N2","description":"La possibilit\u00e9 d\u2019ouvrir la porte tant vers l\u2019ext\u00e9rieur que vers l\u2019int\u00e9rieur et les nombreuses fonctions de r\u00e9glage font du mod\u00e8le 950N2 l\u2019automatisme id\u00e9al pour toutes les portes battantes","robots":{"index":"index","follow":"follow","max-snippet":"max-snippet:-1","max-image-preview":"max-image-preview:large","max-video-preview":"max-video-preview:-1"},"canonical":"https:\/\/www.centsys.com\/demo002\/centurion-950n2\/","og_locale":"en_US","og_type":"article","og_title":"CENTURION 950N2","og_description":"La possibilit\u00e9 d\u2019ouvrir la porte tant vers l\u2019ext\u00e9rieur que vers l\u2019int\u00e9rieur et les nombreuses fonctions de r\u00e9glage font du mod\u00e8le 950N2 l\u2019automatisme id\u00e9al pour toutes les portes battantes","og_url":"https:\/\/www.centsys.com\/demo002\/centurion-950n2\/","og_site_name":"Centurion Systems French","article_modified_time":"2024-05-23T12:42:32+00:00","twitter_card":"summary_large_image","twitter_misc":{"Est. reading time":"3 minutes"},"schema":{"@context":"https:\/\/schema.org","@graph":[{"@type":"WebPage","@id":"https:\/\/www.centsys.com\/demo002\/centurion-950n2\/","url":"https:\/\/www.centsys.com\/demo002\/centurion-950n2\/","name":"Automatisation pour portes pi\u00e9tonnes battantes CENTURION 950N2","isPartOf":{"@id":"https:\/\/www.centsys.com\/demo002\/#website"},"datePublished":"2020-03-06T08:55:32+00:00","dateModified":"2024-05-23T12:42:32+00:00","description":"La possibilit\u00e9 d\u2019ouvrir la porte tant vers l\u2019ext\u00e9rieur que vers l\u2019int\u00e9rieur et les nombreuses fonctions de r\u00e9glage font du mod\u00e8le 950N2 l\u2019automatisme id\u00e9al pour toutes les portes battantes","breadcrumb":{"@id":"https:\/\/www.centsys.com\/demo002\/centurion-950n2\/#breadcrumb"},"inLanguage":"en-ZA","potentialAction":[{"@type":"ReadAction","target":["https:\/\/www.centsys.com\/demo002\/centurion-950n2\/"]}]},{"@type":"BreadcrumbList","@id":"https:\/\/www.centsys.com\/demo002\/centurion-950n2\/#breadcrumb","itemListElement":[{"@type":"ListItem","position":1,"name":"ACCUEIL","item":"https:\/\/www.centsys.com\/demo002\/"},{"@type":"ListItem","position":2,"name":"CENTURION 950N2"}]},{"@type":"WebSite","@id":"https:\/\/www.centsys.com\/demo002\/#website","url":"https:\/\/www.centsys.com\/demo002\/","name":"Centurion Systems French","description":"Produits D\u2019automatisation D\u2019acc\u00e8s","potentialAction":[{"@type":"SearchAction","target":{"@type":"EntryPoint","urlTemplate":"https:\/\/www.centsys.com\/demo002\/?s={search_term_string}"},"query-input":{"@type":"PropertyValueSpecification","valueRequired":true,"valueName":"search_term_string"}}],"inLanguage":"en-ZA"}]}},"_links":{"self":[{"href":"https:\/\/www.centsys.com\/demo002\/wp-json\/wp\/v2\/pages\/758","targetHints":{"allow":["GET"]}}],"collection":[{"href":"https:\/\/www.centsys.com\/demo002\/wp-json\/wp\/v2\/pages"}],"about":[{"href":"https:\/\/www.centsys.com\/demo002\/wp-json\/wp\/v2\/types\/page"}],"author":[{"embeddable":true,"href":"https:\/\/www.centsys.com\/demo002\/wp-json\/wp\/v2\/users\/1"}],"replies":[{"embeddable":true,"href":"https:\/\/www.centsys.com\/demo002\/wp-json\/wp\/v2\/comments?post=758"}],"version-history":[{"count":0,"href":"https:\/\/www.centsys.com\/demo002\/wp-json\/wp\/v2\/pages\/758\/revisions"}],"wp:attachment":[{"href":"https:\/\/www.centsys.com\/demo002\/wp-json\/wp\/v2\/media?parent=758"}],"curies":[{"name":"wp","href":"https:\/\/api.w.org\/{rel}","templated":true}]}}