{"id":772,"date":"2020-03-06T09:00:56","date_gmt":"2020-03-06T09:00:56","guid":{"rendered":"https:\/\/www.centsys.co.za\/fr\/?page_id=772"},"modified":"2024-05-23T14:42:45","modified_gmt":"2024-05-23T12:42:45","slug":"centurion-a951","status":"publish","type":"page","link":"https:\/\/www.centsys.com\/demo002\/centurion-a951\/","title":{"rendered":"CENTURION A951"},"content":{"rendered":"<p>[et_pb_section fb_built=&#8221;1&#8243; fullwidth=&#8221;on&#8221; _builder_version=&#8221;4.16&#8243; global_colors_info=&#8221;{}&#8221;][et_pb_fullwidth_image src=&#8221;https:\/\/www.centsys.com\/demo002\/img\/CENTURION A951 M.jpg&#8221; _builder_version=&#8221;4.16&#8243; global_colors_info=&#8221;{}&#8221;][\/et_pb_fullwidth_image][\/et_pb_section][et_pb_section fb_built=&#8221;1&#8243; fullwidth=&#8221;on&#8221; _builder_version=&#8221;4.20.4&#8243; background_color=&#8221;#e5e5e5&#8243; use_background_color_gradient=&#8221;on&#8221; background_color_gradient_stops=&#8221;#e5e5e5 0%|#e5e5e5 100%&#8221; background_color_gradient_start=&#8221;#e5e5e5&#8243; background_color_gradient_end=&#8221;#e5e5e5&#8243; transform_translate=&#8221;-13px|269px&#8221; background_color_gradient_stops_tablet=&#8221;#e5e5e5 0%|#e5e5e5 100%&#8221; background_color_gradient_stops_phone=&#8221;#e5e5e5 0%|#e5e5e5 100%&#8221; global_module=&#8221;5513&#8243; global_colors_info=&#8221;{}&#8221;][et_pb_fullwidth_code _builder_version=&#8221;4.20.4&#8243; _module_preset=&#8221;default&#8221; global_colors_info=&#8221;{}&#8221;]<span><span><a href=\"https:\/\/www.centsys.com\/demo002\/\">ACCUEIL<\/a><\/span><\/span>[\/et_pb_fullwidth_code][\/et_pb_section][et_pb_section fb_built=&#8221;1&#8243; _builder_version=&#8221;4.16&#8243; global_colors_info=&#8221;{}&#8221;][et_pb_row _builder_version=&#8221;4.16&#8243; custom_padding=&#8221;||0px|||&#8221; global_colors_info=&#8221;{}&#8221;][et_pb_column type=&#8221;4_4&#8243; _builder_version=&#8221;4.16&#8243; global_colors_info=&#8221;{}&#8221;][et_pb_image src=&#8221;https:\/\/www.centsys.com\/demo002\/img\/CENTURION A951\/Porte Automatique Battante CENTURION A951..jpg&#8221; align=&#8221;center&#8221; _builder_version=&#8221;4.16&#8243; global_colors_info=&#8221;{}&#8221;][\/et_pb_image][et_pb_text _builder_version=&#8221;4.16&#8243; global_colors_info=&#8221;{}&#8221;]<\/p>\n<h1 class=\"p1\">AUTOMATISMES POUR PORTES BATTANTES A951 DE CENTURION<\/h1>\n<p>[\/et_pb_text][\/et_pb_column][\/et_pb_row][et_pb_row column_structure=&#8221;2_3,1_3&#8243; _builder_version=&#8221;4.16&#8243; locked=&#8221;off&#8221; global_colors_info=&#8221;{}&#8221;][et_pb_column type=&#8221;2_3&#8243; _builder_version=&#8221;4.16&#8243; global_colors_info=&#8221;{}&#8221;][et_pb_text _builder_version=&#8221;4.16&#8243; global_colors_info=&#8221;{}&#8221;]<\/p>\n<p class=\"p1\"><strong>Ouvrir et fermer dans le plus grand confort\u00a0 \u00a0 <\/strong><\/p>\n<p class=\"p1\"><strong style=\"font-size: 14px;\">Le syst\u00e8me d\u2019automatisation de portail A951 de CENTURION<\/strong><span style=\"font-size: 14px;\"> on peut ouvrir les portes simplement par l\u2019interm\u00e9diaire d\u2019un bouton, d\u2019un capteur ou d\u2019une radiocommande. Gr\u00e2ce \u00e0 la fonction PUSH &amp; GO, il suffit d\u2019effleurer la porte pour qu\u2019elle s\u2019ouvre automatiquement.<\/span><\/p>\n<p class=\"p1\">\n<p class=\"p1\"><strong>Polyvalent et \u00e9l\u00e9gant en un espace de 7 cm seulement<\/strong><\/p>\n<p class=\"p1\"><strong>L\u2019op\u00e9rateur A951<\/strong> peut \u00eatre install\u00e9 sur le linteau de la porte en garantissant la plus grande flexibilit\u00e9 d\u2019utilisation et simplicit\u00e9 d\u2019installation gr\u00e2ce \u00e0 la plaque de fixation et au poids r\u00e9duit. Le carter de protection est r\u00e9alis\u00e9 en aluminium extrud\u00e9 anodis\u00e9 qui met en valeur l\u2019aspect esth\u00e9tique.<\/p>\n<p class=\"p1\"><strong>A951<\/strong> peut automatiser \u00e9galement les entr\u00e9es constitu\u00e9es par un double battant en interfa\u00e7ant les 2 unit\u00e9s en configuration master\/slave et le double battant sera actionn\u00e9 par une seule automatisation en assurant la plus grande synchronisation entre les vantaux, gr\u00e2ce \u00e0 une communication CAN BUS.<\/p>\n<p class=\"p1\">\n<p class=\"p1\"><strong>S\u00fbr et intelligent<\/strong><\/p>\n<p class=\"p1\"><strong>A951<\/strong> est \u00e9quip\u00e9 d\u2019un microprocesseur qui contr\u00f4le en temps r\u00e9el toutes les activit\u00e9s de la porte et un encodeur en r\u00e9v\u00e8le constamment la position angulaire. En outre, moyennant un s\u00e9lecteur lat\u00e9ral, on peut choisir la logique de fonctionnement (automatique, manuel, nuit, ouvert).<\/p>\n<p>R\u00e9alis\u00e9 conform\u00e9ment aux nouvelles normes europ\u00e9ennes de s\u00e9curit\u00e9 EN16005, l\u2019automatisme <strong>A951<\/strong> peut fonctionner en low energy ou g\u00e9rer les capteurs suivis EN16005, comme le nouveau<br \/>capteur laser XPB-SCAN.<\/p>\n<p><strong style=\"font-size: 14px;\"><\/strong><\/p>\n<p><strong style=\"font-size: 14px;\">Silencieux, fiable et \u00e9conome en \u00e9nergie<\/strong><\/p>\n<p class=\"p1\">Gr\u00e2ce au choix minutieux des composants m\u00e9caniques et \u00e9lectroniques, notre automatisme <strong>A951<\/strong> est en mesure d\u2019actionner dans le plus grand silence des vantaux d\u2019un poids de 100 kg et\u00a0d\u2019une largeur de 1100mm en service continu, permettant des \u00e9conomies consid\u00e9rables d\u2019\u00e9nergie durant le standby et le fonctionnement.<\/p>\n<p>[\/et_pb_text][\/et_pb_column][et_pb_column type=&#8221;1_3&#8243; _builder_version=&#8221;4.16&#8243; global_colors_info=&#8221;{}&#8221;][et_pb_image src=&#8221;https:\/\/www.centsys.com\/demo002\/img\/CENTURION A951\/Automatismes pour portes battantes 950N de CENTURION (545 x 182).jpg&#8221; title_text=&#8221;CENTURION-950N-SWING-DOOR&#8221; url=&#8221;@ET-DC@eyJkeW5hbWljIjp0cnVlLCJjb250ZW50IjoicG9zdF9saW5rX3VybF9wYWdlIiwic2V0dGluZ3MiOnsicG9zdF9pZCI6Ijc1OCJ9fQ==@&#8221; _builder_version=&#8221;4.16&#8243; _dynamic_attributes=&#8221;url&#8221; custom_padding=&#8221;||||false|false&#8221; global_colors_info=&#8221;{}&#8221;][\/et_pb_image][et_pb_image src=&#8221;https:\/\/www.centsys.com\/demo002\/img\/CENTURION A951\/Automatisme pour portes coulissantes A1000 de CENTURION (545 x 182).png&#8221; title_text=&#8221;CENTURION-A1000-SLIDING-DOOR&#8221; url=&#8221;@ET-DC@eyJkeW5hbWljIjp0cnVlLCJjb250ZW50IjoicG9zdF9saW5rX3VybF9wYWdlIiwic2V0dGluZ3MiOnsicG9zdF9pZCI6Ijc4MiJ9fQ==@&#8221; _builder_version=&#8221;4.16&#8243; _dynamic_attributes=&#8221;url&#8221; custom_padding=&#8221;||||false|false&#8221; global_colors_info=&#8221;{}&#8221;][\/et_pb_image][et_pb_image src=&#8221;https:\/\/www.centsys.com\/demo002\/img\/CENTURION A951\/Automatisme pour portes coulissantes A1400 de CENTURION (545 x 182).png&#8221; title_text=&#8221;CENTURION-A1400-SLIDING-DOOR&#8221; url=&#8221;@ET-DC@eyJkeW5hbWljIjp0cnVlLCJjb250ZW50IjoicG9zdF9saW5rX3VybF9wYWdlIiwic2V0dGluZ3MiOnsicG9zdF9pZCI6Ijc5MiJ9fQ==@&#8221; _builder_version=&#8221;4.16&#8243; _dynamic_attributes=&#8221;url&#8221; custom_padding=&#8221;||||false|false&#8221; global_colors_info=&#8221;{}&#8221;][\/et_pb_image][\/et_pb_column][\/et_pb_row][et_pb_row _builder_version=&#8221;4.16&#8243; global_colors_info=&#8221;{}&#8221;][et_pb_column type=&#8221;4_4&#8243; _builder_version=&#8221;4.16&#8243; global_colors_info=&#8221;{}&#8221;][et_pb_text _builder_version=&#8221;4.16&#8243; global_colors_info=&#8221;{}&#8221;]<\/p>\n<h5 class=\"p1\">CARACT\u00c9RISTIQUES TECHNIQUES DU CENTURION A951:<\/h5>\n<div id=\"footable_parent_2903\"\n         class=\" footable_parent ninja_table_wrapper loading_ninja_table wp_table_data_press_parent semantic_ui \">\n                <table data-ninja_table_instance=\"ninja_table_instance_0\" data-footable_id=\"2903\" data-filter-delay=\"1000\" aria-label=\"CENTURION A951\"            id=\"footable_2903\"\n           data-unique_identifier=\"ninja_table_unique_id_826042070_2903\"\n           class=\" foo-table ninja_footable foo_table_2903 ninja_table_unique_id_826042070_2903 ui table  nt_type_ajax_table selectable striped vertical_centered  footable-paging-right\">\n                <colgroup>\n                            <col class=\"ninja_column_0 \">\n                            <col class=\"ninja_column_1 \">\n                    <\/colgroup>\n            <\/table>\n    \n    \n    \n<\/div>\n\n<p>[\/et_pb_text][\/et_pb_column][\/et_pb_row][\/et_pb_section][et_pb_section fb_built=&#8221;1&#8243; fullwidth=&#8221;on&#8221; admin_label=&#8221;THIS IS THE MID SECTION BANNER SITE WIDE&#8221; _builder_version=&#8221;4.24.0&#8243; _module_preset=&#8221;default&#8221; global_colors_info=&#8221;{}&#8221; global_module=&#8221;25449&#8243; theme_builder_area=&#8221;post_content&#8221;][et_pb_fullwidth_image src=&#8221;https:\/\/www.centsys.com\/demo002\/img\/Home%20Page\/Motorisations%20pour%20portails%20CENTURION%20SMART%20S%C3%A9rie%20D_Mid.jpg&#8221; url=&#8221;https:\/\/www.centsys.com\/demo002&#8243; url_new_window=&#8221;on&#8221; admin_label=&#8221;FOOTER_SITE WIDE&#8221; _builder_version=&#8221;4.25.0&#8243; _module_preset=&#8221;default&#8221; global_colors_info=&#8221;{}&#8221; theme_builder_area=&#8221;post_content&#8221;][\/et_pb_fullwidth_image][et_pb_fullwidth_header button_one_text=&#8221;Contactez-nous&#8221; button_one_url=&#8221;https:\/\/www.centsys.com\/demo002\/coordonnees\/&#8221; button_two_text=&#8221;Support Technique&#8221; button_two_url=&#8221;https:\/\/www.centsys.com\/demo002\/support-technique\/&#8221; _builder_version=&#8221;4.25.0&#8243; _module_preset=&#8221;default&#8221; background_color=&#8221;#c1c1c1&#8243; custom_button_one=&#8221;on&#8221; button_one_text_color=&#8221;#FFFFFF&#8221; button_one_bg_color=&#8221;#999999&#8243; button_one_border_color=&#8221;#999999&#8243; custom_button_two=&#8221;on&#8221; button_two_text_color=&#8221;#FFFFFF&#8221; button_two_bg_color=&#8221;#999999&#8243; button_two_border_color=&#8221;#999999&#8243; custom_margin=&#8221;||-4px|||&#8221; custom_padding=&#8221;6px||17px|||&#8221; button_two_bg_color_tablet=&#8221;#999999&#8243; button_two_bg_color_phone=&#8221;#999999&#8243; button_two_bg_color_last_edited=&#8221;on|desktop&#8221; global_colors_info=&#8221;{}&#8221; button_one_bg_color__hover_enabled=&#8221;on|desktop&#8221; button_one_bg_color__hover=&#8221;#81c341&#8243; button_one_bg_enable_color__hover=&#8221;on&#8221; button_one_border_color__hover_enabled=&#8221;on|hover&#8221; button_one_border_color__hover=&#8221;#81c341&#8243; button_two_bg_color__hover_enabled=&#8221;on|hover&#8221; button_two_bg_color__hover=&#8221;#81c341&#8243; button_two_bg_enable_color__hover=&#8221;on&#8221; button_two_border_color__hover_enabled=&#8221;on|hover&#8221; button_two_border_color__hover=&#8221;#81c341&#8243; theme_builder_area=&#8221;post_content&#8221;][\/et_pb_fullwidth_header][\/et_pb_section]<\/p>\n","protected":false},"excerpt":{"rendered":"<p><span><span><a href=\"https:\/\/www.centsys.com\/demo002\/\">ACCUEIL<\/a><\/span><\/span>AUTOMATISMES POUR PORTES BATTANTES A951 DE CENTURIONOuvrir et fermer dans le plus grand confort\u00a0 \u00a0 Le syst\u00e8me d\u2019automatisation de portail A951 de CENTURION on peut ouvrir les portes simplement par l\u2019interm\u00e9diaire d\u2019un bouton, d\u2019un capteur ou d\u2019une radiocommande. Gr\u00e2ce \u00e0 la fonction PUSH &amp; GO, il suffit d\u2019effleurer la porte pour qu\u2019elle s\u2019ouvre automatiquement. Polyvalent [&hellip;]<\/p>\n","protected":false},"author":1,"featured_media":0,"parent":0,"menu_order":0,"comment_status":"closed","ping_status":"closed","template":"","meta":{"_et_pb_use_builder":"on","_et_pb_old_content":"","_et_gb_content_width":"","_joinchat":[],"footnotes":""},"class_list":["post-772","page","type-page","status-publish","hentry"],"yoast_head":"<!-- This site is optimized with the Yoast SEO Premium plugin v27.3 (Yoast SEO v27.4) - https:\/\/yoast.com\/product\/yoast-seo-premium-wordpress\/ -->\r\n<title>Automatisation pour portes pi\u00e9tonnes battantes CENTURION A951<\/title>\r\n<meta name=\"description\" content=\"A951 s&#039;ouvre et ferme la porte en silence. Vouspouvez automatiser les portes en utilisant laconfiguration ma\u00eetre \/ esclave.\" \/>\r\n<meta name=\"robots\" content=\"index, follow, max-snippet:-1, max-image-preview:large, max-video-preview:-1\" \/>\r\n<link rel=\"canonical\" href=\"https:\/\/www.centsys.com\/demo002\/centurion-a951\/\" \/>\r\n<meta property=\"og:locale\" content=\"en_US\" \/>\r\n<meta property=\"og:type\" content=\"article\" \/>\r\n<meta property=\"og:title\" content=\"CENTURION A951\" \/>\r\n<meta property=\"og:description\" content=\"A951 s&#039;ouvre et ferme la porte en silence. Vouspouvez automatiser les portes en utilisant laconfiguration ma\u00eetre \/ esclave.\" \/>\r\n<meta property=\"og:url\" content=\"https:\/\/www.centsys.com\/demo002\/centurion-a951\/\" \/>\r\n<meta property=\"og:site_name\" content=\"Centurion Systems French\" \/>\r\n<meta property=\"article:modified_time\" content=\"2024-05-23T12:42:45+00:00\" \/>\r\n<meta name=\"twitter:card\" content=\"summary_large_image\" \/>\r\n<meta name=\"twitter:label1\" content=\"Est. reading time\" \/>\n\t<meta name=\"twitter:data1\" content=\"3 minutes\" \/>\r\n<script type=\"application\/ld+json\" class=\"yoast-schema-graph\">{\"@context\":\"https:\\\/\\\/schema.org\",\"@graph\":[{\"@type\":\"WebPage\",\"@id\":\"https:\\\/\\\/www.centsys.com\\\/demo002\\\/centurion-a951\\\/\",\"url\":\"https:\\\/\\\/www.centsys.com\\\/demo002\\\/centurion-a951\\\/\",\"name\":\"Automatisation pour portes pi\u00e9tonnes battantes CENTURION A951\",\"isPartOf\":{\"@id\":\"https:\\\/\\\/www.centsys.com\\\/demo002\\\/#website\"},\"datePublished\":\"2020-03-06T09:00:56+00:00\",\"dateModified\":\"2024-05-23T12:42:45+00:00\",\"description\":\"A951 s'ouvre et ferme la porte en silence. Vouspouvez automatiser les portes en utilisant laconfiguration ma\u00eetre \\\/ esclave.\",\"breadcrumb\":{\"@id\":\"https:\\\/\\\/www.centsys.com\\\/demo002\\\/centurion-a951\\\/#breadcrumb\"},\"inLanguage\":\"en-ZA\",\"potentialAction\":[{\"@type\":\"ReadAction\",\"target\":[\"https:\\\/\\\/www.centsys.com\\\/demo002\\\/centurion-a951\\\/\"]}]},{\"@type\":\"BreadcrumbList\",\"@id\":\"https:\\\/\\\/www.centsys.com\\\/demo002\\\/centurion-a951\\\/#breadcrumb\",\"itemListElement\":[{\"@type\":\"ListItem\",\"position\":1,\"name\":\"ACCUEIL\",\"item\":\"https:\\\/\\\/www.centsys.com\\\/demo002\\\/\"},{\"@type\":\"ListItem\",\"position\":2,\"name\":\"CENTURION A951\"}]},{\"@type\":\"WebSite\",\"@id\":\"https:\\\/\\\/www.centsys.com\\\/demo002\\\/#website\",\"url\":\"https:\\\/\\\/www.centsys.com\\\/demo002\\\/\",\"name\":\"Centurion Systems French\",\"description\":\"Produits D\u2019automatisation D\u2019acc\u00e8s\",\"potentialAction\":[{\"@type\":\"SearchAction\",\"target\":{\"@type\":\"EntryPoint\",\"urlTemplate\":\"https:\\\/\\\/www.centsys.com\\\/demo002\\\/?s={search_term_string}\"},\"query-input\":{\"@type\":\"PropertyValueSpecification\",\"valueRequired\":true,\"valueName\":\"search_term_string\"}}],\"inLanguage\":\"en-ZA\"}]}<\/script>\r\n<!-- \/ Yoast SEO Premium plugin. -->","yoast_head_json":{"title":"Automatisation pour portes pi\u00e9tonnes battantes CENTURION A951","description":"A951 s'ouvre et ferme la porte en silence. Vouspouvez automatiser les portes en utilisant laconfiguration ma\u00eetre \/ esclave.","robots":{"index":"index","follow":"follow","max-snippet":"max-snippet:-1","max-image-preview":"max-image-preview:large","max-video-preview":"max-video-preview:-1"},"canonical":"https:\/\/www.centsys.com\/demo002\/centurion-a951\/","og_locale":"en_US","og_type":"article","og_title":"CENTURION A951","og_description":"A951 s'ouvre et ferme la porte en silence. Vouspouvez automatiser les portes en utilisant laconfiguration ma\u00eetre \/ esclave.","og_url":"https:\/\/www.centsys.com\/demo002\/centurion-a951\/","og_site_name":"Centurion Systems French","article_modified_time":"2024-05-23T12:42:45+00:00","twitter_card":"summary_large_image","twitter_misc":{"Est. reading time":"3 minutes"},"schema":{"@context":"https:\/\/schema.org","@graph":[{"@type":"WebPage","@id":"https:\/\/www.centsys.com\/demo002\/centurion-a951\/","url":"https:\/\/www.centsys.com\/demo002\/centurion-a951\/","name":"Automatisation pour portes pi\u00e9tonnes battantes CENTURION A951","isPartOf":{"@id":"https:\/\/www.centsys.com\/demo002\/#website"},"datePublished":"2020-03-06T09:00:56+00:00","dateModified":"2024-05-23T12:42:45+00:00","description":"A951 s'ouvre et ferme la porte en silence. Vouspouvez automatiser les portes en utilisant laconfiguration ma\u00eetre \/ esclave.","breadcrumb":{"@id":"https:\/\/www.centsys.com\/demo002\/centurion-a951\/#breadcrumb"},"inLanguage":"en-ZA","potentialAction":[{"@type":"ReadAction","target":["https:\/\/www.centsys.com\/demo002\/centurion-a951\/"]}]},{"@type":"BreadcrumbList","@id":"https:\/\/www.centsys.com\/demo002\/centurion-a951\/#breadcrumb","itemListElement":[{"@type":"ListItem","position":1,"name":"ACCUEIL","item":"https:\/\/www.centsys.com\/demo002\/"},{"@type":"ListItem","position":2,"name":"CENTURION A951"}]},{"@type":"WebSite","@id":"https:\/\/www.centsys.com\/demo002\/#website","url":"https:\/\/www.centsys.com\/demo002\/","name":"Centurion Systems French","description":"Produits D\u2019automatisation D\u2019acc\u00e8s","potentialAction":[{"@type":"SearchAction","target":{"@type":"EntryPoint","urlTemplate":"https:\/\/www.centsys.com\/demo002\/?s={search_term_string}"},"query-input":{"@type":"PropertyValueSpecification","valueRequired":true,"valueName":"search_term_string"}}],"inLanguage":"en-ZA"}]}},"_links":{"self":[{"href":"https:\/\/www.centsys.com\/demo002\/wp-json\/wp\/v2\/pages\/772","targetHints":{"allow":["GET"]}}],"collection":[{"href":"https:\/\/www.centsys.com\/demo002\/wp-json\/wp\/v2\/pages"}],"about":[{"href":"https:\/\/www.centsys.com\/demo002\/wp-json\/wp\/v2\/types\/page"}],"author":[{"embeddable":true,"href":"https:\/\/www.centsys.com\/demo002\/wp-json\/wp\/v2\/users\/1"}],"replies":[{"embeddable":true,"href":"https:\/\/www.centsys.com\/demo002\/wp-json\/wp\/v2\/comments?post=772"}],"version-history":[{"count":0,"href":"https:\/\/www.centsys.com\/demo002\/wp-json\/wp\/v2\/pages\/772\/revisions"}],"wp:attachment":[{"href":"https:\/\/www.centsys.com\/demo002\/wp-json\/wp\/v2\/media?parent=772"}],"curies":[{"name":"wp","href":"https:\/\/api.w.org\/{rel}","templated":true}]}}