{"id":869,"date":"2020-03-06T10:14:33","date_gmt":"2020-03-06T10:14:33","guid":{"rendered":"https:\/\/www.centsys.co.za\/fr\/?page_id=869"},"modified":"2024-05-09T11:54:08","modified_gmt":"2024-05-09T09:54:08","slug":"telecommandes-et-recepteurs-centurion","status":"publish","type":"page","link":"https:\/\/www.centsys.com\/demo002\/telecommandes-et-recepteurs-centurion\/","title":{"rendered":"T\u00e9l\u00e9commandes et r\u00e9cepteurs"},"content":{"rendered":"<p>[et_pb_section fb_built=&#8221;1&#8243; fullwidth=&#8221;on&#8221; _builder_version=&#8221;4.16&#8243; background_enable_image=&#8221;off&#8221; locked=&#8221;off&#8221; global_colors_info=&#8221;{}&#8221;][et_pb_fullwidth_header title=&#8221;UN CONTR\u00d4LE TOTAL AU BOUT DE VOS DOIGTS&#8221; _builder_version=&#8221;4.16&#8243; title_font=&#8221;Verdana|700||on|||||&#8221; title_text_align=&#8221;left&#8221; title_text_color=&#8221;#81c341&#8243; title_font_size=&#8221;46px&#8221; content_font=&#8221;Verdana||||||||&#8221; content_text_align=&#8221;left&#8221; content_text_color=&#8221;#6d6e71&#8243; content_font_size=&#8221;18px&#8221; background_enable_color=&#8221;off&#8221; background_image=&#8221;https:\/\/www.centsys.com\/demo002\/img\/T%C3%A9l%C3%A9commandes%20et%20R%C3%A9cepteurs\/T%C3%A9l%C3%A9commandes%20et%20r%C3%A9cepteurs%20Centurion%20Systems.jpg&#8221; background_position=&#8221;center_left&#8221; background_layout=&#8221;light&#8221; width=&#8221;100{b9f1a820be3d81834e54a7fd91d7ea557d10675802c96376b4de0df52dd4704d}&#8221; max_width=&#8221;100{b9f1a820be3d81834e54a7fd91d7ea557d10675802c96376b4de0df52dd4704d}&#8221; custom_margin=&#8221;||||false|false&#8221; custom_padding=&#8221;9{b275702fb50eb40ce127199ba0c14ed5c48ee57d6f0451ec33debc284b28b4f4}|20{b275702fb50eb40ce127199ba0c14ed5c48ee57d6f0451ec33debc284b28b4f4}|9{b275702fb50eb40ce127199ba0c14ed5c48ee57d6f0451ec33debc284b28b4f4}||true|false&#8221; custom_padding_tablet=&#8221;|10{b275702fb50eb40ce127199ba0c14ed5c48ee57d6f0451ec33debc284b28b4f4}|||true|false&#8221; custom_padding_phone=&#8221;9{b275702fb50eb40ce127199ba0c14ed5c48ee57d6f0451ec33debc284b28b4f4}|0{b275702fb50eb40ce127199ba0c14ed5c48ee57d6f0451ec33debc284b28b4f4}|9{b275702fb50eb40ce127199ba0c14ed5c48ee57d6f0451ec33debc284b28b4f4}||true|false&#8221; custom_padding_last_edited=&#8221;on|tablet&#8221; title_font_size_tablet=&#8221;&#8221; title_font_size_phone=&#8221;36px&#8221; title_font_size_last_edited=&#8221;on|phone&#8221; content_font_size_tablet=&#8221;&#8221; content_font_size_phone=&#8221;14px&#8221; content_font_size_last_edited=&#8221;on|phone&#8221; global_colors_info=&#8221;{}&#8221;]<\/p>\n<p>Automatisation d&#8217;acc\u00e8s | Interphones | Contr\u00f4le d&#8217;acc\u00e8s | Dispositifs de S\u00e9curit\u00e9 | Accessoires<\/p>\n<p>[\/et_pb_fullwidth_header][\/et_pb_section][et_pb_section fb_built=&#8221;1&#8243; fullwidth=&#8221;on&#8221; _builder_version=&#8221;4.20.4&#8243; background_color=&#8221;#e5e5e5&#8243; use_background_color_gradient=&#8221;on&#8221; background_color_gradient_stops=&#8221;#e5e5e5 0%|#e5e5e5 100%&#8221; background_color_gradient_start=&#8221;#e5e5e5&#8243; background_color_gradient_end=&#8221;#e5e5e5&#8243; transform_translate=&#8221;-13px|269px&#8221; background_color_gradient_stops_tablet=&#8221;#e5e5e5 0%|#e5e5e5 100%&#8221; background_color_gradient_stops_phone=&#8221;#e5e5e5 0%|#e5e5e5 100%&#8221; global_module=&#8221;5513&#8243; global_colors_info=&#8221;{}&#8221;][et_pb_fullwidth_code _builder_version=&#8221;4.20.4&#8243; _module_preset=&#8221;default&#8221; global_colors_info=&#8221;{}&#8221;]<span><span><a href=\"https:\/\/www.centsys.com\/demo002\/\">ACCUEIL<\/a><\/span><\/span>[\/et_pb_fullwidth_code][\/et_pb_section][et_pb_section fb_built=&#8221;1&#8243; _builder_version=&#8221;4.16&#8243; global_colors_info=&#8221;{}&#8221;][et_pb_row _builder_version=&#8221;4.16&#8243; locked=&#8221;off&#8221; global_colors_info=&#8221;{}&#8221;][et_pb_column type=&#8221;4_4&#8243; _builder_version=&#8221;4.16&#8243; global_colors_info=&#8221;{}&#8221;][et_pb_text _builder_version=&#8221;4.16&#8243; global_colors_info=&#8221;{}&#8221;]<\/p>\n<h1 style=\"text-align: center;\">T\u00c9L\u00c9COMMANDES ET R\u00c9CEPTEURS<\/h1>\n<div data-canvas-width=\"825.4812130592156\">\n<div id=\"pageContainer1\" class=\"page\" data-page-number=\"1\" data-loaded=\"true\">\n<div class=\"textLayer\">\n<div data-canvas-width=\"524.4232367747579\">\n<div data-canvas-width=\"524.4232367747579\">\n<p id=\"tw-target-text\" class=\"tw-data-text tw-text-large tw-ta\" dir=\"ltr\" style=\"text-align: center;\" data-placeholder=\"Translation\">Le Contr\u00f4le total \u00e0 port\u00e9e de main.<\/p>\n<\/div>\n<\/div>\n<\/div>\n<\/div>\n<\/div>\n<p>[\/et_pb_text][\/et_pb_column][\/et_pb_row][et_pb_row column_structure=&#8221;1_3,1_3,1_3&#8243; _builder_version=&#8221;4.16&#8243; global_colors_info=&#8221;{}&#8221;][et_pb_column type=&#8221;1_3&#8243; _builder_version=&#8221;4.16&#8243; global_colors_info=&#8221;{}&#8221;][et_pb_blurb title=&#8221;NOVA&#8221; image=&#8221;https:\/\/www.centsys.com\/demo002\/img\/T%C3%A9l%C3%A9commandes%20et%20R%C3%A9cepteurs\/T%C3%A9l%C3%A9commande%20de%20portail%20CENTURION%20NOVA.png&#8221; _builder_version=&#8221;4.16&#8243; header_text_align=&#8221;center&#8221; header_font_size=&#8221;25px&#8221; global_colors_info=&#8221;{}&#8221;][\/et_pb_blurb][et_pb_button button_url=&#8221;@ET-DC@eyJkeW5hbWljIjp0cnVlLCJjb250ZW50IjoicG9zdF9saW5rX3VybF9wYWdlIiwic2V0dGluZ3MiOnsicG9zdF9pZCI6IjEwMzUifX0=@&#8221; button_text=&#8221;VOIR LE PRODUIT&#8221; button_alignment=&#8221;center&#8221; _builder_version=&#8221;4.16&#8243; _dynamic_attributes=&#8221;button_url&#8221; global_colors_info=&#8221;{}&#8221;][\/et_pb_button][\/et_pb_column][et_pb_column type=&#8221;1_3&#8243; _builder_version=&#8221;4.16&#8243; global_colors_info=&#8221;{}&#8221;][\/et_pb_column][et_pb_column type=&#8221;1_3&#8243; _builder_version=&#8221;4.16&#8243; global_colors_info=&#8221;{}&#8221;][et_pb_blurb title=&#8221;NOVA Helix&#8221; image=&#8221;https:\/\/www.centsys.com\/demo002\/img\/T%C3%A9l%C3%A9commandes%20et%20R%C3%A9cepteurs\/R%C3%A9cepteur%20de%20t%C3%A9l%C3%A9commande%20Centurion%20Systems%20NovaHelix.png&#8221; _builder_version=&#8221;4.16&#8243; header_text_align=&#8221;center&#8221; header_font_size=&#8221;25px&#8221; global_colors_info=&#8221;{}&#8221;][\/et_pb_blurb][et_pb_button button_url=&#8221;@ET-DC@eyJkeW5hbWljIjp0cnVlLCJjb250ZW50IjoicG9zdF9saW5rX3VybF9wYWdlIiwic2V0dGluZ3MiOnsicG9zdF9pZCI6IjEwNDcifX0=@&#8221; button_text=&#8221;VOIR LE PRODUIT&#8221; button_alignment=&#8221;center&#8221; _builder_version=&#8221;4.16&#8243; _dynamic_attributes=&#8221;button_url&#8221; global_colors_info=&#8221;{}&#8221;][\/et_pb_button][\/et_pb_column][\/et_pb_row][\/et_pb_section][et_pb_section fb_built=&#8221;1&#8243; fullwidth=&#8221;on&#8221; admin_label=&#8221;THIS IS THE MID SECTION BANNER SITE WIDE&#8221; _builder_version=&#8221;4.24.0&#8243; _module_preset=&#8221;default&#8221; global_colors_info=&#8221;{}&#8221; global_module=&#8221;25449&#8243; theme_builder_area=&#8221;post_content&#8221;][et_pb_fullwidth_image src=&#8221;https:\/\/www.centsys.com\/demo002\/img\/blog\/D%C3%A9couvrez%20le%20SMART%20ECOSYSTEM%20avec%20MyCentsys%20Remote.jpg&#8221; url=&#8221;https:\/\/www.centsys.com\/demo002\/application-mobile-mycentsys-remote\/&#8221; url_new_window=&#8221;on&#8221; admin_label=&#8221;FOOTER_SITE WIDE&#8221; _builder_version=&#8221;4.25.0&#8243; _module_preset=&#8221;default&#8221; global_colors_info=&#8221;{}&#8221; theme_builder_area=&#8221;post_content&#8221;][\/et_pb_fullwidth_image][et_pb_fullwidth_header button_one_text=&#8221;Contactez-nous&#8221; button_one_url=&#8221;https:\/\/www.centsys.com\/demo002\/coordonnees\/&#8221; button_two_text=&#8221;Support Technique&#8221; button_two_url=&#8221;https:\/\/www.centsys.com\/demo002\/support-technique\/&#8221; _builder_version=&#8221;4.25.0&#8243; _module_preset=&#8221;default&#8221; background_color=&#8221;#c1c1c1&#8243; custom_button_one=&#8221;on&#8221; button_one_text_color=&#8221;#FFFFFF&#8221; button_one_bg_color=&#8221;#999999&#8243; button_one_border_color=&#8221;#999999&#8243; custom_button_two=&#8221;on&#8221; button_two_text_color=&#8221;#FFFFFF&#8221; button_two_bg_color=&#8221;#999999&#8243; button_two_border_color=&#8221;#999999&#8243; custom_margin=&#8221;||-4px|||&#8221; custom_padding=&#8221;6px||17px|||&#8221; button_two_bg_color_tablet=&#8221;#999999&#8243; button_two_bg_color_phone=&#8221;#999999&#8243; button_two_bg_color_last_edited=&#8221;on|desktop&#8221; global_colors_info=&#8221;{}&#8221; button_one_bg_color__hover_enabled=&#8221;on|desktop&#8221; button_one_bg_color__hover=&#8221;#81c341&#8243; button_one_bg_enable_color__hover=&#8221;on&#8221; button_one_border_color__hover_enabled=&#8221;on|hover&#8221; button_one_border_color__hover=&#8221;#81c341&#8243; button_two_bg_color__hover_enabled=&#8221;on|hover&#8221; button_two_bg_color__hover=&#8221;#81c341&#8243; button_two_bg_enable_color__hover=&#8221;on&#8221; button_two_border_color__hover_enabled=&#8221;on|hover&#8221; button_two_border_color__hover=&#8221;#81c341&#8243; theme_builder_area=&#8221;post_content&#8221;][\/et_pb_fullwidth_header][\/et_pb_section]<\/p>\n","protected":false},"excerpt":{"rendered":"<p>Automatisation d&#8217;acc\u00e8s | Interphones | Contr\u00f4le d&#8217;acc\u00e8s | Dispositifs de S\u00e9curit\u00e9 | Accessoires<span><span><a href=\"https:\/\/www.centsys.com\/demo002\/\">ACCUEIL<\/a><\/span><\/span>T\u00c9L\u00c9COMMANDES ET R\u00c9CEPTEURS Le Contr\u00f4le total \u00e0 port\u00e9e de main.<\/p>\n","protected":false},"author":1,"featured_media":0,"parent":0,"menu_order":0,"comment_status":"closed","ping_status":"closed","template":"","meta":{"_et_pb_use_builder":"on","_et_pb_old_content":"","_et_gb_content_width":"","_joinchat":[],"footnotes":""},"class_list":["post-869","page","type-page","status-publish","hentry"],"yoast_head":"<!-- This site is optimized with the Yoast SEO Premium plugin v27.3 (Yoast SEO v27.4) - https:\/\/yoast.com\/product\/yoast-seo-premium-wordpress\/ -->\r\n<title>T\u00e9l\u00e9commandes et R\u00e9cepteurs - Centurion Systems<\/title>\r\n<meta name=\"description\" content=\"Centurion Systems dispose d&#039;une gamme de r\u00e9cepteurs et d&#039;\u00e9metteurs pour une utilisation simple ou avanc\u00e9e. Appelez aujourd&#039;hui: +27 11 699 2400.\" \/>\r\n<meta name=\"robots\" content=\"index, follow, max-snippet:-1, max-image-preview:large, max-video-preview:-1\" \/>\r\n<link rel=\"canonical\" href=\"https:\/\/www.centsys.com\/demo002\/telecommandes-et-recepteurs-centurion\/\" \/>\r\n<meta property=\"og:locale\" content=\"en_US\" \/>\r\n<meta property=\"og:type\" content=\"article\" \/>\r\n<meta property=\"og:title\" content=\"T\u00e9l\u00e9commandes et r\u00e9cepteurs\" \/>\r\n<meta property=\"og:description\" content=\"Centurion Systems dispose d&#039;une gamme de r\u00e9cepteurs et d&#039;\u00e9metteurs pour une utilisation simple ou avanc\u00e9e. Appelez aujourd&#039;hui: +27 11 699 2400.\" \/>\r\n<meta property=\"og:url\" content=\"https:\/\/www.centsys.com\/demo002\/telecommandes-et-recepteurs-centurion\/\" \/>\r\n<meta property=\"og:site_name\" content=\"Centurion Systems French\" \/>\r\n<meta property=\"article:modified_time\" content=\"2024-05-09T09:54:08+00:00\" \/>\r\n<meta name=\"twitter:card\" content=\"summary_large_image\" \/>\r\n<meta name=\"twitter:label1\" content=\"Est. reading time\" \/>\n\t<meta name=\"twitter:data1\" content=\"1 minute\" \/>\r\n<script type=\"application\/ld+json\" class=\"yoast-schema-graph\">{\"@context\":\"https:\\\/\\\/schema.org\",\"@graph\":[{\"@type\":\"WebPage\",\"@id\":\"https:\\\/\\\/www.centsys.com\\\/demo002\\\/telecommandes-et-recepteurs-centurion\\\/\",\"url\":\"https:\\\/\\\/www.centsys.com\\\/demo002\\\/telecommandes-et-recepteurs-centurion\\\/\",\"name\":\"T\u00e9l\u00e9commandes et R\u00e9cepteurs - Centurion Systems\",\"isPartOf\":{\"@id\":\"https:\\\/\\\/www.centsys.com\\\/demo002\\\/#website\"},\"datePublished\":\"2020-03-06T10:14:33+00:00\",\"dateModified\":\"2024-05-09T09:54:08+00:00\",\"description\":\"Centurion Systems dispose d'une gamme de r\u00e9cepteurs et d'\u00e9metteurs pour une utilisation simple ou avanc\u00e9e. Appelez aujourd'hui: +27 11 699 2400.\",\"breadcrumb\":{\"@id\":\"https:\\\/\\\/www.centsys.com\\\/demo002\\\/telecommandes-et-recepteurs-centurion\\\/#breadcrumb\"},\"inLanguage\":\"en-ZA\",\"potentialAction\":[{\"@type\":\"ReadAction\",\"target\":[\"https:\\\/\\\/www.centsys.com\\\/demo002\\\/telecommandes-et-recepteurs-centurion\\\/\"]}]},{\"@type\":\"BreadcrumbList\",\"@id\":\"https:\\\/\\\/www.centsys.com\\\/demo002\\\/telecommandes-et-recepteurs-centurion\\\/#breadcrumb\",\"itemListElement\":[{\"@type\":\"ListItem\",\"position\":1,\"name\":\"ACCUEIL\",\"item\":\"https:\\\/\\\/www.centsys.com\\\/demo002\\\/\"},{\"@type\":\"ListItem\",\"position\":2,\"name\":\"T\u00e9l\u00e9commandes et r\u00e9cepteurs\"}]},{\"@type\":\"WebSite\",\"@id\":\"https:\\\/\\\/www.centsys.com\\\/demo002\\\/#website\",\"url\":\"https:\\\/\\\/www.centsys.com\\\/demo002\\\/\",\"name\":\"Centurion Systems French\",\"description\":\"Produits D\u2019automatisation D\u2019acc\u00e8s\",\"potentialAction\":[{\"@type\":\"SearchAction\",\"target\":{\"@type\":\"EntryPoint\",\"urlTemplate\":\"https:\\\/\\\/www.centsys.com\\\/demo002\\\/?s={search_term_string}\"},\"query-input\":{\"@type\":\"PropertyValueSpecification\",\"valueRequired\":true,\"valueName\":\"search_term_string\"}}],\"inLanguage\":\"en-ZA\"}]}<\/script>\r\n<!-- \/ Yoast SEO Premium plugin. -->","yoast_head_json":{"title":"T\u00e9l\u00e9commandes et R\u00e9cepteurs - Centurion Systems","description":"Centurion Systems dispose d'une gamme de r\u00e9cepteurs et d'\u00e9metteurs pour une utilisation simple ou avanc\u00e9e. Appelez aujourd'hui: +27 11 699 2400.","robots":{"index":"index","follow":"follow","max-snippet":"max-snippet:-1","max-image-preview":"max-image-preview:large","max-video-preview":"max-video-preview:-1"},"canonical":"https:\/\/www.centsys.com\/demo002\/telecommandes-et-recepteurs-centurion\/","og_locale":"en_US","og_type":"article","og_title":"T\u00e9l\u00e9commandes et r\u00e9cepteurs","og_description":"Centurion Systems dispose d'une gamme de r\u00e9cepteurs et d'\u00e9metteurs pour une utilisation simple ou avanc\u00e9e. Appelez aujourd'hui: +27 11 699 2400.","og_url":"https:\/\/www.centsys.com\/demo002\/telecommandes-et-recepteurs-centurion\/","og_site_name":"Centurion Systems French","article_modified_time":"2024-05-09T09:54:08+00:00","twitter_card":"summary_large_image","twitter_misc":{"Est. reading time":"1 minute"},"schema":{"@context":"https:\/\/schema.org","@graph":[{"@type":"WebPage","@id":"https:\/\/www.centsys.com\/demo002\/telecommandes-et-recepteurs-centurion\/","url":"https:\/\/www.centsys.com\/demo002\/telecommandes-et-recepteurs-centurion\/","name":"T\u00e9l\u00e9commandes et R\u00e9cepteurs - Centurion Systems","isPartOf":{"@id":"https:\/\/www.centsys.com\/demo002\/#website"},"datePublished":"2020-03-06T10:14:33+00:00","dateModified":"2024-05-09T09:54:08+00:00","description":"Centurion Systems dispose d'une gamme de r\u00e9cepteurs et d'\u00e9metteurs pour une utilisation simple ou avanc\u00e9e. Appelez aujourd'hui: +27 11 699 2400.","breadcrumb":{"@id":"https:\/\/www.centsys.com\/demo002\/telecommandes-et-recepteurs-centurion\/#breadcrumb"},"inLanguage":"en-ZA","potentialAction":[{"@type":"ReadAction","target":["https:\/\/www.centsys.com\/demo002\/telecommandes-et-recepteurs-centurion\/"]}]},{"@type":"BreadcrumbList","@id":"https:\/\/www.centsys.com\/demo002\/telecommandes-et-recepteurs-centurion\/#breadcrumb","itemListElement":[{"@type":"ListItem","position":1,"name":"ACCUEIL","item":"https:\/\/www.centsys.com\/demo002\/"},{"@type":"ListItem","position":2,"name":"T\u00e9l\u00e9commandes et r\u00e9cepteurs"}]},{"@type":"WebSite","@id":"https:\/\/www.centsys.com\/demo002\/#website","url":"https:\/\/www.centsys.com\/demo002\/","name":"Centurion Systems French","description":"Produits D\u2019automatisation D\u2019acc\u00e8s","potentialAction":[{"@type":"SearchAction","target":{"@type":"EntryPoint","urlTemplate":"https:\/\/www.centsys.com\/demo002\/?s={search_term_string}"},"query-input":{"@type":"PropertyValueSpecification","valueRequired":true,"valueName":"search_term_string"}}],"inLanguage":"en-ZA"}]}},"_links":{"self":[{"href":"https:\/\/www.centsys.com\/demo002\/wp-json\/wp\/v2\/pages\/869","targetHints":{"allow":["GET"]}}],"collection":[{"href":"https:\/\/www.centsys.com\/demo002\/wp-json\/wp\/v2\/pages"}],"about":[{"href":"https:\/\/www.centsys.com\/demo002\/wp-json\/wp\/v2\/types\/page"}],"author":[{"embeddable":true,"href":"https:\/\/www.centsys.com\/demo002\/wp-json\/wp\/v2\/users\/1"}],"replies":[{"embeddable":true,"href":"https:\/\/www.centsys.com\/demo002\/wp-json\/wp\/v2\/comments?post=869"}],"version-history":[{"count":0,"href":"https:\/\/www.centsys.com\/demo002\/wp-json\/wp\/v2\/pages\/869\/revisions"}],"wp:attachment":[{"href":"https:\/\/www.centsys.com\/demo002\/wp-json\/wp\/v2\/media?parent=869"}],"curies":[{"name":"wp","href":"https:\/\/api.w.org\/{rel}","templated":true}]}}