{"id":1194,"date":"2024-10-21T12:08:02","date_gmt":"2024-10-21T10:08:02","guid":{"rendered":"https:\/\/www.centsys.co.za\/demo\/?page_id=1194"},"modified":"2026-03-12T15:11:08","modified_gmt":"2026-03-12T13:11:08","slug":"centurion-systems-support-technique","status":"publish","type":"page","link":"https:\/\/www.centsys.com\/fr\/centurion-systems-support-technique\/","title":{"rendered":"Support technique"},"content":{"rendered":"<p>[et_pb_section fb_built=&#8221;1&#8243; custom_padding_last_edited=&#8221;on|desktop&#8221; admin_label=&#8221;Header&#8221; _builder_version=&#8221;4.27.4&#8243; background_color=&#8221;RGBA(255,255,255,0)&#8221; max_width=&#8221;90%&#8221; max_width_tablet=&#8221;&#8221; max_width_phone=&#8221;&#8221; max_width_last_edited=&#8221;on|desktop&#8221; module_alignment=&#8221;center&#8221; custom_margin=&#8221;-0.2%|||4px||&#8221; custom_margin_tablet=&#8221;&#8221; custom_margin_phone=&#8221;||&#8221; custom_margin_last_edited=&#8221;on|desktop&#8221; custom_padding=&#8221;0.8%||0.4%||false|false&#8221; custom_padding_tablet=&#8221;&#8221; custom_padding_phone=&#8221;&#8221; global_colors_info=&#8221;{}&#8221;][et_pb_row _builder_version=&#8221;4.16&#8243; custom_padding=&#8221;0px||1px|||false&#8221; custom_width_px__hover=&#8221;1080px&#8221; custom_width_px__hover_enabled=&#8221;1080px&#8221; custom_width_percent__hover=&#8221;80%&#8221; custom_width_percent__hover_enabled=&#8221;80%&#8221; global_colors_info=&#8221;{}&#8221; parallax_1__hover=&#8221;off&#8221; parallax_1__hover_enabled=&#8221;off&#8221; parallax_2__hover=&#8221;off&#8221; parallax_2__hover_enabled=&#8221;off&#8221; parallax_3__hover=&#8221;off&#8221; parallax_3__hover_enabled=&#8221;off&#8221; parallax_4__hover=&#8221;off&#8221; parallax_4__hover_enabled=&#8221;off&#8221; parallax_5__hover=&#8221;off&#8221; parallax_5__hover_enabled=&#8221;off&#8221; parallax_6__hover=&#8221;off&#8221; parallax_6__hover_enabled=&#8221;off&#8221; parallax_method_1__hover=&#8221;on&#8221; parallax_method_1__hover_enabled=&#8221;on&#8221; parallax_method_2__hover=&#8221;on&#8221; parallax_method_2__hover_enabled=&#8221;on&#8221; parallax_method_3__hover=&#8221;on&#8221; parallax_method_3__hover_enabled=&#8221;on&#8221; parallax_method_4__hover=&#8221;on&#8221; parallax_method_4__hover_enabled=&#8221;on&#8221; parallax_method_5__hover=&#8221;on&#8221; parallax_method_5__hover_enabled=&#8221;on&#8221; parallax_method_6__hover=&#8221;on&#8221; parallax_method_6__hover_enabled=&#8221;on&#8221; use_background_color_gradient__hover=&#8221;off&#8221; use_background_color_gradient__hover_enabled=&#8221;off&#8221; background_color_gradient_start__hover=&#8221;#2b87da&#8221; background_color_gradient_start__hover_enabled=&#8221;#2b87da&#8221; background_color_gradient_end__hover=&#8221;#29c4a9&#8243; background_color_gradient_end__hover_enabled=&#8221;#29c4a9&#8243; background_color_gradient_type__hover=&#8221;linear&#8221; background_color_gradient_type__hover_enabled=&#8221;linear&#8221; background_color_gradient_direction__hover=&#8221;180deg&#8221; background_color_gradient_direction__hover_enabled=&#8221;180deg&#8221; background_color_gradient_direction_radial__hover=&#8221;center&#8221; background_color_gradient_direction_radial__hover_enabled=&#8221;center&#8221; background_color_gradient_start_position__hover=&#8221;0%&#8221; background_color_gradient_start_position__hover_enabled=&#8221;0%&#8221; background_color_gradient_end_position__hover=&#8221;100%&#8221; background_color_gradient_end_position__hover_enabled=&#8221;100%&#8221; background_color_gradient_overlays_image__hover=&#8221;off&#8221; background_color_gradient_overlays_image__hover_enabled=&#8221;off&#8221; parallax__hover=&#8221;off&#8221; parallax__hover_enabled=&#8221;off&#8221; parallax_method__hover=&#8221;on&#8221; parallax_method__hover_enabled=&#8221;on&#8221; background_size__hover=&#8221;cover&#8221; background_size__hover_enabled=&#8221;cover&#8221; background_position__hover=&#8221;center&#8221; background_position__hover_enabled=&#8221;center&#8221; background_repeat__hover=&#8221;no-repeat&#8221; background_repeat__hover_enabled=&#8221;no-repeat&#8221; background_blend__hover=&#8221;normal&#8221; background_blend__hover_enabled=&#8221;normal&#8221; allow_player_pause__hover=&#8221;off&#8221; allow_player_pause__hover_enabled=&#8221;off&#8221; background_video_pause_outside_viewport__hover=&#8221;on&#8221; background_video_pause_outside_viewport__hover_enabled=&#8221;on&#8221; make_fullwidth__hover=&#8221;off&#8221; make_fullwidth__hover_enabled=&#8221;off&#8221; use_custom_width__hover=&#8221;off&#8221; use_custom_width__hover_enabled=&#8221;off&#8221; width_unit__hover=&#8221;on&#8221; width_unit__hover_enabled=&#8221;on&#8221; use_custom_gutter__hover=&#8221;off&#8221; use_custom_gutter__hover_enabled=&#8221;off&#8221; gutter_width__hover=&#8221;3&#8243; gutter_width__hover_enabled=&#8221;3&#8243; make_equal__hover=&#8221;off&#8221; make_equal__hover_enabled=&#8221;off&#8221; border_radii__hover=&#8221;on||||&#8221; border_radii__hover_enabled=&#8221;on||||&#8221; box_shadow_style__hover=&#8221;none&#8221; box_shadow_style__hover_enabled=&#8221;none&#8221; box_shadow_color__hover=&#8221;rgba(0,0,0,0.3)&#8221; box_shadow_color__hover_enabled=&#8221;rgba(0,0,0,0.3)&#8221; filter_hue_rotate__hover=&#8221;0deg&#8221; filter_hue_rotate__hover_enabled=&#8221;0deg&#8221; filter_saturate__hover=&#8221;100%&#8221; filter_saturate__hover_enabled=&#8221;100%&#8221; filter_brightness__hover=&#8221;100%&#8221; filter_brightness__hover_enabled=&#8221;100%&#8221; filter_contrast__hover=&#8221;100%&#8221; filter_contrast__hover_enabled=&#8221;100%&#8221; filter_invert__hover=&#8221;0%&#8221; filter_invert__hover_enabled=&#8221;0%&#8221; filter_sepia__hover=&#8221;0%&#8221; filter_sepia__hover_enabled=&#8221;0%&#8221; filter_opacity__hover=&#8221;100%&#8221; filter_opacity__hover_enabled=&#8221;100%&#8221; filter_blur__hover=&#8221;0px&#8221; filter_blur__hover_enabled=&#8221;0px&#8221; mix_blend_mode__hover=&#8221;normal&#8221; mix_blend_mode__hover_enabled=&#8221;normal&#8221; animation_style__hover=&#8221;none&#8221; animation_style__hover_enabled=&#8221;none&#8221; animation_repeat__hover=&#8221;once&#8221; animation_repeat__hover_enabled=&#8221;once&#8221; animation_direction__hover=&#8221;center&#8221; animation_direction__hover_enabled=&#8221;center&#8221; animation_duration__hover=&#8221;1000ms&#8221; animation_duration__hover_enabled=&#8221;1000ms&#8221; animation_delay__hover=&#8221;0ms&#8221; animation_delay__hover_enabled=&#8221;0ms&#8221; animation_intensity_slide__hover=&#8221;50%&#8221; animation_intensity_slide__hover_enabled=&#8221;50%&#8221; animation_intensity_zoom__hover=&#8221;50%&#8221; animation_intensity_zoom__hover_enabled=&#8221;50%&#8221; animation_intensity_flip__hover=&#8221;50%&#8221; animation_intensity_flip__hover_enabled=&#8221;50%&#8221; animation_intensity_fold__hover=&#8221;50%&#8221; animation_intensity_fold__hover_enabled=&#8221;50%&#8221; animation_intensity_roll__hover=&#8221;50%&#8221; animation_intensity_roll__hover_enabled=&#8221;50%&#8221; animation_starting_opacity__hover=&#8221;0%&#8221; animation_starting_opacity__hover_enabled=&#8221;0%&#8221; animation_speed_curve__hover=&#8221;ease-in-out&#8221; animation_speed_curve__hover_enabled=&#8221;ease-in-out&#8221; hover_transition_duration__hover=&#8221;300ms&#8221; hover_transition_duration__hover_enabled=&#8221;300ms&#8221; hover_transition_delay__hover=&#8221;0ms&#8221; hover_transition_delay__hover_enabled=&#8221;0ms&#8221; hover_transition_speed_curve__hover=&#8221;ease&#8221; hover_transition_speed_curve__hover_enabled=&#8221;ease&#8221; background_color_gradient_stops__hover=&#8221;#2b87da 0%|#29c4a9 100%&#8221;][et_pb_column type=&#8221;4_4&#8243; _builder_version=&#8221;4.16&#8243; custom_padding=&#8221;|||&#8221; global_colors_info=&#8221;{}&#8221; custom_padding__hover=&#8221;|||&#8221;][et_pb_text _builder_version=&#8221;4.27.4&#8243; text_font=&#8221;||||||||&#8221; ul_font=&#8221;||||||||&#8221; ol_font=&#8221;||||||||&#8221; header_font=&#8221;Roboto|900|||||||&#8221; header_font_size=&#8221;5vw&#8221; header_line_height=&#8221;1.4em&#8221; header_2_font=&#8221;||||||||&#8221; header_3_font=&#8221;||||||||&#8221; header_4_font=&#8221;||||||||&#8221; header_5_font=&#8221;||||||||&#8221; header_6_font=&#8221;||||||||&#8221; module_alignment=&#8221;center&#8221; custom_margin=&#8221;||-1px|||false&#8221; header_font_size_tablet=&#8221;55px&#8221; header_font_size_phone=&#8221;35px&#8221; header_font_size_last_edited=&#8221;on|phone&#8221; global_colors_info=&#8221;{}&#8221; header_4_font_size__hover=&#8221;18px&#8221; header_4_font_size__hover_enabled=&#8221;18px&#8221; header_4_letter_spacing__hover=&#8221;0px&#8221; header_4_letter_spacing__hover_enabled=&#8221;0px&#8221; header_4_line_height__hover=&#8221;1em&#8221; header_4_line_height__hover_enabled=&#8221;1em&#8221; header_4_text_shadow_style__hover=&#8221;none&#8221; header_4_text_shadow_style__hover_enabled=&#8221;none&#8221; header_4_text_shadow_color__hover=&#8221;rgba(0,0,0,0.4)&#8221; header_4_text_shadow_color__hover_enabled=&#8221;rgba(0,0,0,0.4)&#8221;]<\/p>\n<h1 style=\"text-align: left;\"><strong style=\"font-size: 30pt; color: #fff;\"><span style=\"color: #808080;\">OBTENEZ<\/span> <span style=\"color: #82c341;\">LE <\/span><span style=\"color: #808080;\">SOUTIEN DONT <\/span><span style=\"color: #82c341;\">VOUS AVEZ BESOIN\u00a0<\/span><\/strong><\/h1>\n<p>[\/et_pb_text][et_pb_divider color=&#8221;#82C341&#8243; divider_weight=&#8221;5px&#8221; _builder_version=&#8221;4.27.2&#8243; max_width=&#8221;150px&#8221; module_alignment=&#8221;left&#8221; height=&#8221;5px&#8221; global_colors_info=&#8221;{}&#8221;][\/et_pb_divider][\/et_pb_column][\/et_pb_row][et_pb_row column_structure=&#8221;3_5,2_5&#8243; _builder_version=&#8221;4.27.2&#8243; _module_preset=&#8221;default&#8221; custom_padding=&#8221;7px||0px|||&#8221; global_colors_info=&#8221;{}&#8221;][et_pb_column type=&#8221;3_5&#8243; _builder_version=&#8221;4.27.2&#8243; _module_preset=&#8221;default&#8221; global_colors_info=&#8221;{}&#8221;][et_pb_text _builder_version=&#8221;4.27.4&#8243; _module_preset=&#8221;default&#8221; custom_margin=&#8221;17px|||||&#8221; global_colors_info=&#8221;{}&#8221;]<\/p>\n<p>Chez <strong>CENTURION Systems<\/strong>, nous sommes engag\u00e9s \u00e0 fournir un <strong>support technique exceptionnel<\/strong> pour vous aider \u00e0 tirer le meilleur parti de vos <strong>solutions d&#8217;automatisation d&#8217;acc\u00e8s.<\/strong><\/p>\n<p><strong>Nous sommes Ouverts :<\/strong><\/p>\n<p>lundi \u00e0 vendredi<br \/><strong>08 :00 \u2013 16 :30 <span>(GMT +2, Heure d\u2019Afrique du Sud)<\/span><\/strong><\/p>\n<p>Samedis<br \/><strong>08 :00 \u2013 14 :00 <span>(GMT +2, Heure d\u2019Afrique du Sud)<\/span><\/strong><\/p>\n<p>Sauf les jours f\u00e9ri\u00e9s.<\/p>\n<p>[\/et_pb_text][et_pb_text _builder_version=&#8221;4.27.4&#8243; text_font=&#8221;||||||||&#8221; text_letter_spacing=&#8221;3px&#8221; ul_font=&#8221;||||||||&#8221; ol_font=&#8221;||||||||&#8221; header_font=&#8221;Roboto|900|||||||&#8221; header_font_size=&#8221;5vw&#8221; header_line_height=&#8221;1.4em&#8221; header_2_font=&#8221;||||||||&#8221; header_2_font_size=&#8221;35px&#8221; header_2_letter_spacing=&#8221;1px&#8221; header_3_font=&#8221;||||||||&#8221; header_4_font=&#8221;||||||||&#8221; header_5_font=&#8221;||||||||&#8221; header_6_font=&#8221;||||||||&#8221; module_alignment=&#8221;center&#8221; custom_margin=&#8221;||0px||false|false&#8221; custom_padding=&#8221;0px|10px|0px||false|false&#8221; header_font_size_tablet=&#8221;55px&#8221; header_font_size_phone=&#8221;35px&#8221; header_font_size_last_edited=&#8221;on|phone&#8221; global_colors_info=&#8221;{}&#8221; header_4_font_size__hover=&#8221;18px&#8221; header_4_font_size__hover_enabled=&#8221;18px&#8221; header_4_letter_spacing__hover=&#8221;0px&#8221; header_4_letter_spacing__hover_enabled=&#8221;0px&#8221; header_4_line_height__hover=&#8221;1em&#8221; header_4_line_height__hover_enabled=&#8221;1em&#8221; header_4_text_shadow_style__hover=&#8221;none&#8221; header_4_text_shadow_style__hover_enabled=&#8221;none&#8221; header_4_text_shadow_color__hover=&#8221;rgba(0,0,0,0.4)&#8221; header_4_text_shadow_color__hover_enabled=&#8221;rgba(0,0,0,0.4)&#8221;]<\/p>\n<h2 style=\"text-align: left;\"><strong style=\"font-size: 35pt; color: #fff;\"><span style=\"color: #808080;\"><strong>COMMENT<\/strong> <\/span><span style=\"color: #82c341;\">POUVONS-NOUS VOUS <\/span><span style=\"color: #808080;\">AIDER ?<\/span><\/strong><\/h2>\n<p>&nbsp;<\/p>\n<p>[\/et_pb_text][\/et_pb_column][et_pb_column type=&#8221;2_5&#8243; _builder_version=&#8221;4.27.2&#8243; _module_preset=&#8221;default&#8221; global_colors_info=&#8221;{}&#8221;][et_pb_image src=&#8221;\/demo\/img\/support\/Tech-Support-Team.jpg&#8221; _builder_version=&#8221;4.27.2&#8243; _module_preset=&#8221;default&#8221; custom_margin=&#8221;43px||7px|||&#8221; custom_padding=&#8221;||5px|||&#8221; border_width_bottom=&#8221;2px&#8221; border_color_bottom=&#8221;#82C341&#8243; global_colors_info=&#8221;{}&#8221;][\/et_pb_image][\/et_pb_column][\/et_pb_row][et_pb_row column_structure=&#8221;1_2,1_2&#8243; _builder_version=&#8221;4.27.4&#8243; _module_preset=&#8221;default&#8221; global_colors_info=&#8221;{}&#8221;][et_pb_column type=&#8221;1_2&#8243; _builder_version=&#8221;4.27.4&#8243; _module_preset=&#8221;default&#8221; global_colors_info=&#8221;{}&#8221;][et_pb_button button_url=&#8221;mailto:support@centurionsystems.co.za&#8221; url_new_window=&#8221;on&#8221; button_text=&#8221;Adresse e-mail&#8221; button_alignment=&#8221;center&#8221; _builder_version=&#8221;4.27.4&#8243; _module_preset=&#8221;default&#8221; custom_button=&#8221;on&#8221; button_text_size=&#8221;14px&#8221; button_text_color=&#8221;#FFFFFF&#8221; button_bg_color=&#8221;#82C341&#8243; button_border_radius=&#8221;5px&#8221; custom_css_main_element=&#8221;width:100%;&#8221; global_colors_info=&#8221;{}&#8221;][\/et_pb_button][\/et_pb_column][et_pb_column type=&#8221;1_2&#8243; _builder_version=&#8221;4.27.4&#8243; _module_preset=&#8221;default&#8221; global_colors_info=&#8221;{}&#8221;][et_pb_button button_url=&#8221;http:\/\/www.centsys.com\/fr\/documentation-sur-les-produits-centurion\/&#8221; url_new_window=&#8221;on&#8221; button_text=&#8221;Documents sur les Produits&#8221; button_alignment=&#8221;center&#8221; _builder_version=&#8221;4.27.5&#8243; _module_preset=&#8221;default&#8221; custom_button=&#8221;on&#8221; button_text_size=&#8221;14px&#8221; button_text_color=&#8221;#FFFFFF&#8221; button_bg_color=&#8221;#82C341&#8243; button_border_radius=&#8221;5px&#8221; custom_css_main_element=&#8221;width:100%;&#8221; global_colors_info=&#8221;{}&#8221;][\/et_pb_button][\/et_pb_column][\/et_pb_row][\/et_pb_section][et_pb_section fb_built=&#8221;1&#8243; _builder_version=&#8221;4.27.4&#8243; _module_preset=&#8221;default&#8221; custom_padding=&#8221;0px||4px|||&#8221; global_colors_info=&#8221;{}&#8221;][et_pb_row _builder_version=&#8221;4.27.4&#8243; _module_preset=&#8221;default&#8221; global_colors_info=&#8221;{}&#8221;][et_pb_column type=&#8221;4_4&#8243; _builder_version=&#8221;4.27.4&#8243; _module_preset=&#8221;default&#8221; global_colors_info=&#8221;{}&#8221;][et_pb_text _builder_version=&#8221;4.27.4&#8243; _module_preset=&#8221;default&#8221; global_colors_info=&#8221;{}&#8221;]<\/p>\n<h1><strong>Nous sommes L\u00e0 pour vous Aider !<\/strong><\/h1>\n<p>O\u00f9 que vous soyez et quel que soit le d\u00e9fi auquel vous \u00eates confront\u00e9, <strong>l&#8217;\u00e9quipe d&#8217;Assistance Technique de CENTURION<\/strong> est d\u00e9termin\u00e9e \u00e0 faire en sorte que votre syst\u00e8me d&#8217;automatisation des acc\u00e8s fonctionne de mani\u00e8re <strong>fluide et fiable<\/strong>.<\/p>\n<p>[\/et_pb_text][\/et_pb_column][\/et_pb_row][\/et_pb_section][et_pb_section fb_built=&#8221;1&#8243; disabled_on=&#8221;on|on|on&#8221; _builder_version=&#8221;4.27.4&#8243; _module_preset=&#8221;default&#8221; background_color=&#8221;#e0e0e0&#8243; custom_padding=&#8221;0px||0px|||&#8221; disabled=&#8221;on&#8221; global_module=&#8221;2722&#8243; saved_tabs=&#8221;all&#8221; global_colors_info=&#8221;{}&#8221;][et_pb_row column_structure=&#8221;1_2,1_2&#8243; _builder_version=&#8221;4.27.4&#8243; _module_preset=&#8221;default&#8221; background_color=&#8221;#e0e0e0&#8243; width=&#8221;88%&#8221; max_width=&#8221;1596px&#8221; custom_margin=&#8221;|auto|-1px|auto|false|false&#8221; custom_padding=&#8221;32px||0px||false|false&#8221; global_colors_info=&#8221;{%22gcid-d116008b-ce49-46ea-9433-049c9562a0bc%22:%91%22background_color%22%93}&#8221;][et_pb_column type=&#8221;1_2&#8243; _builder_version=&#8221;4.27.4&#8243; _module_preset=&#8221;default&#8221; global_colors_info=&#8221;{}&#8221;][et_pb_image src=&#8221;\/demo\/img\/ctsi\/CENTURION-SYSTEMS-Certified-Trained-Installer-Finder.jpg&#8221; title_text=&#8221;camera-47&#8243; _builder_version=&#8221;4.27.4&#8243; _module_preset=&#8221;default&#8221; border_radii=&#8221;on|15px|15px|15px|15px&#8221; global_colors_info=&#8221;{}&#8221;][\/et_pb_image][\/et_pb_column][et_pb_column type=&#8221;1_2&#8243; _builder_version=&#8221;4.16&#8243; _module_preset=&#8221;default&#8221; custom_padding=&#8221;|70px|70px||false|false&#8221; custom_padding_tablet=&#8221;|30px|30px|30px|false|true&#8221; custom_padding_phone=&#8221;0px|20px||20px|false|true&#8221; custom_padding_last_edited=&#8221;on|tablet&#8221; global_colors_info=&#8221;{}&#8221;][et_pb_text _builder_version=&#8221;4.27.4&#8243; _module_preset=&#8221;32021f09-dd67-47fb-8f9a-832b72a38baf&#8221; header_font=&#8221;|&#8211;et_global_heading_font_weight|||||||&#8221; header_text_color=&#8221;#82C341&#8243; header_2_font=&#8221;&#8211;et_global_heading_font|&#8211;et_global_heading_font_weight|||||||&#8221; header_2_text_color=&#8221;#82C341&#8243; header_2_font_size=&#8221;50px&#8221; header_2_line_height=&#8221;1.2em&#8221; custom_margin=&#8221;||0px||false|false&#8221; header_2_font_size_tablet=&#8221;32px&#8221; header_2_font_size_phone=&#8221;18px&#8221; header_2_font_size_last_edited=&#8221;on|tablet&#8221; locked=&#8221;off&#8221; global_colors_info=&#8221;{}&#8221;]<\/p>\n<h2>Find a Trusted Professional near you.<\/h2>\n<p>[\/et_pb_text][et_pb_text _builder_version=&#8221;4.27.4&#8243; _module_preset=&#8221;aec0be99-8a53-4f75-abf2-64f29a8b4cc2&#8243; text_font=&#8221;&#8211;et_global_body_font||||||||&#8221; text_font_size_tablet=&#8221;16px&#8221; text_font_size_phone=&#8221;13px&#8221; text_font_size_last_edited=&#8221;on|tablet&#8221; global_colors_info=&#8221;{}&#8221;]<\/p>\n<p>Specially trained and certified to provide maintenance, installations and repairs of all Centurion Systems SM\u0394RT Motors.<\/p>\n<p>[\/et_pb_text][et_pb_button button_url=&#8221;https:\/\/smart.centsys.co.za\/Pages\/ClientSearch\/ClientSearch&#8221; button_text=&#8221;LOCATE AN INSTALLER NEAR YOU&#8221; button_alignment=&#8221;center&#8221; _builder_version=&#8221;4.27.4&#8243; _module_preset=&#8221;a93bd5f4-85ca-4af8-aab9-5954042d5969&#8243; custom_button=&#8221;on&#8221; button_text_size=&#8221;16px&#8221; button_text_color=&#8221;#FFFFFF&#8221; button_bg_color=&#8221;#82C341&#8243; button_border_width=&#8221;0px&#8221; button_border_radius=&#8221;5px&#8221; button_letter_spacing=&#8221;2px&#8221; button_font=&#8221;Open Sans|600||on|||||&#8221; custom_padding=&#8221;15px|30px|15px|30px|true|true&#8221; custom_padding_tablet=&#8221;13px|25px|13px|25px|true|true&#8221; custom_padding_phone=&#8221;10px|20px|10px|20px|true|true&#8221; custom_padding_last_edited=&#8221;on|phone&#8221; button_text_size_tablet=&#8221;15px&#8221; button_text_size_phone=&#8221;14px&#8221; button_text_size_last_edited=&#8221;on|phone&#8221; custom_css_main_element=&#8221;width:100%;&#8221; locked=&#8221;off&#8221; global_colors_info=&#8221;{}&#8221; button_bg_color__hover_enabled=&#8221;on|hover&#8221; button_bg_color__hover=&#8221;#82C341&#8243; button_bg_enable_color__hover=&#8221;on&#8221;][\/et_pb_button][\/et_pb_column][\/et_pb_row][\/et_pb_section]<\/p>\n","protected":false},"excerpt":{"rendered":"<p>Chez CENTURION, nous nous engageons \u00e0 offrir une assistance technique de qualit\u00e9 pour vous aider \u00e0 tirer le meilleur parti de vos solutions d\u2019automatisation des acc\u00e8s.<\/p>\n","protected":false},"author":1,"featured_media":0,"parent":0,"menu_order":0,"comment_status":"closed","ping_status":"closed","template":"","meta":{"_et_pb_use_builder":"on","_et_pb_old_content":"","_et_gb_content_width":"","_joinchat":[],"footnotes":""},"class_list":["post-1194","page","type-page","status-publish","hentry"],"yoast_head":"<!-- This site is optimized with the Yoast SEO plugin v27.3 - https:\/\/yoast.com\/product\/yoast-seo-wordpress\/ -->\r\n<title>Support technique - Centurion Systems<\/title>\r\n<meta name=\"description\" content=\"Chez CENTURION, nous nous engageons \u00e0 offrir une assistance technique de qualit\u00e9 pour vous aider \u00e0 tirer le meilleur parti de vos solutions d\u2019automatisation des acc\u00e8s.\" \/>\r\n<meta name=\"robots\" content=\"index, follow, max-snippet:-1, max-image-preview:large, max-video-preview:-1\" \/>\r\n<link rel=\"canonical\" href=\"https:\/\/www.centsys.com\/fr\/centurion-systems-support-technique\/\" \/>\r\n<meta property=\"og:locale\" content=\"en_US\" \/>\r\n<meta property=\"og:type\" content=\"article\" \/>\r\n<meta property=\"og:title\" content=\"Support technique - Centurion Systems\" \/>\r\n<meta property=\"og:description\" content=\"Chez CENTURION, nous nous engageons \u00e0 offrir une assistance technique de qualit\u00e9 pour vous aider \u00e0 tirer le meilleur parti de vos solutions d\u2019automatisation des acc\u00e8s.\" \/>\r\n<meta property=\"og:url\" content=\"https:\/\/www.centsys.com\/fr\/centurion-systems-support-technique\/\" \/>\r\n<meta property=\"og:site_name\" content=\"Centurion Systems French\" \/>\r\n<meta property=\"article:modified_time\" content=\"2026-03-12T13:11:08+00:00\" \/>\r\n<meta name=\"twitter:card\" content=\"summary_large_image\" \/>\r\n<meta name=\"twitter:label1\" content=\"Est. reading time\" \/>\n\t<meta name=\"twitter:data1\" content=\"1 minute\" \/>\r\n<script type=\"application\/ld+json\" class=\"yoast-schema-graph\">{\"@context\":\"https:\\\/\\\/schema.org\",\"@graph\":[{\"@type\":\"WebPage\",\"@id\":\"https:\\\/\\\/www.centsys.com\\\/fr\\\/centurion-systems-support-technique\\\/\",\"url\":\"https:\\\/\\\/www.centsys.com\\\/fr\\\/centurion-systems-support-technique\\\/\",\"name\":\"Support technique - Centurion Systems\",\"isPartOf\":{\"@id\":\"https:\\\/\\\/www.centsys.com\\\/fr\\\/#website\"},\"datePublished\":\"2024-10-21T10:08:02+00:00\",\"dateModified\":\"2026-03-12T13:11:08+00:00\",\"description\":\"Chez CENTURION, nous nous engageons \u00e0 offrir une assistance technique de qualit\u00e9 pour vous aider \u00e0 tirer le meilleur parti de vos solutions d\u2019automatisation des acc\u00e8s.\",\"breadcrumb\":{\"@id\":\"https:\\\/\\\/www.centsys.com\\\/fr\\\/centurion-systems-support-technique\\\/#breadcrumb\"},\"inLanguage\":\"en-ZA\",\"potentialAction\":[{\"@type\":\"ReadAction\",\"target\":[\"https:\\\/\\\/www.centsys.com\\\/fr\\\/centurion-systems-support-technique\\\/\"]}]},{\"@type\":\"BreadcrumbList\",\"@id\":\"https:\\\/\\\/www.centsys.com\\\/fr\\\/centurion-systems-support-technique\\\/#breadcrumb\",\"itemListElement\":[{\"@type\":\"ListItem\",\"position\":1,\"name\":\"Home\",\"item\":\"https:\\\/\\\/www.centsys.com\\\/fr\\\/\"},{\"@type\":\"ListItem\",\"position\":2,\"name\":\"Support technique\"}]},{\"@type\":\"WebSite\",\"@id\":\"https:\\\/\\\/www.centsys.com\\\/fr\\\/#website\",\"url\":\"https:\\\/\\\/www.centsys.com\\\/fr\\\/\",\"name\":\"Centurion Systems French\",\"description\":\"\",\"potentialAction\":[{\"@type\":\"SearchAction\",\"target\":{\"@type\":\"EntryPoint\",\"urlTemplate\":\"https:\\\/\\\/www.centsys.com\\\/fr\\\/?s={search_term_string}\"},\"query-input\":{\"@type\":\"PropertyValueSpecification\",\"valueRequired\":true,\"valueName\":\"search_term_string\"}}],\"inLanguage\":\"en-ZA\"}]}<\/script>\r\n<!-- \/ Yoast SEO plugin. -->","yoast_head_json":{"title":"Support technique - Centurion Systems","description":"Chez CENTURION, nous nous engageons \u00e0 offrir une assistance technique de qualit\u00e9 pour vous aider \u00e0 tirer le meilleur parti de vos solutions d\u2019automatisation des acc\u00e8s.","robots":{"index":"index","follow":"follow","max-snippet":"max-snippet:-1","max-image-preview":"max-image-preview:large","max-video-preview":"max-video-preview:-1"},"canonical":"https:\/\/www.centsys.com\/fr\/centurion-systems-support-technique\/","og_locale":"en_US","og_type":"article","og_title":"Support technique - Centurion Systems","og_description":"Chez CENTURION, nous nous engageons \u00e0 offrir une assistance technique de qualit\u00e9 pour vous aider \u00e0 tirer le meilleur parti de vos solutions d\u2019automatisation des acc\u00e8s.","og_url":"https:\/\/www.centsys.com\/fr\/centurion-systems-support-technique\/","og_site_name":"Centurion Systems French","article_modified_time":"2026-03-12T13:11:08+00:00","twitter_card":"summary_large_image","twitter_misc":{"Est. reading time":"1 minute"},"schema":{"@context":"https:\/\/schema.org","@graph":[{"@type":"WebPage","@id":"https:\/\/www.centsys.com\/fr\/centurion-systems-support-technique\/","url":"https:\/\/www.centsys.com\/fr\/centurion-systems-support-technique\/","name":"Support technique - Centurion Systems","isPartOf":{"@id":"https:\/\/www.centsys.com\/fr\/#website"},"datePublished":"2024-10-21T10:08:02+00:00","dateModified":"2026-03-12T13:11:08+00:00","description":"Chez CENTURION, nous nous engageons \u00e0 offrir une assistance technique de qualit\u00e9 pour vous aider \u00e0 tirer le meilleur parti de vos solutions d\u2019automatisation des acc\u00e8s.","breadcrumb":{"@id":"https:\/\/www.centsys.com\/fr\/centurion-systems-support-technique\/#breadcrumb"},"inLanguage":"en-ZA","potentialAction":[{"@type":"ReadAction","target":["https:\/\/www.centsys.com\/fr\/centurion-systems-support-technique\/"]}]},{"@type":"BreadcrumbList","@id":"https:\/\/www.centsys.com\/fr\/centurion-systems-support-technique\/#breadcrumb","itemListElement":[{"@type":"ListItem","position":1,"name":"Home","item":"https:\/\/www.centsys.com\/fr\/"},{"@type":"ListItem","position":2,"name":"Support technique"}]},{"@type":"WebSite","@id":"https:\/\/www.centsys.com\/fr\/#website","url":"https:\/\/www.centsys.com\/fr\/","name":"Centurion Systems French","description":"","potentialAction":[{"@type":"SearchAction","target":{"@type":"EntryPoint","urlTemplate":"https:\/\/www.centsys.com\/fr\/?s={search_term_string}"},"query-input":{"@type":"PropertyValueSpecification","valueRequired":true,"valueName":"search_term_string"}}],"inLanguage":"en-ZA"}]}},"_links":{"self":[{"href":"https:\/\/www.centsys.com\/fr\/wp-json\/wp\/v2\/pages\/1194","targetHints":{"allow":["GET"]}}],"collection":[{"href":"https:\/\/www.centsys.com\/fr\/wp-json\/wp\/v2\/pages"}],"about":[{"href":"https:\/\/www.centsys.com\/fr\/wp-json\/wp\/v2\/types\/page"}],"author":[{"embeddable":true,"href":"https:\/\/www.centsys.com\/fr\/wp-json\/wp\/v2\/users\/1"}],"replies":[{"embeddable":true,"href":"https:\/\/www.centsys.com\/fr\/wp-json\/wp\/v2\/comments?post=1194"}],"version-history":[{"count":6,"href":"https:\/\/www.centsys.com\/fr\/wp-json\/wp\/v2\/pages\/1194\/revisions"}],"predecessor-version":[{"id":32273,"href":"https:\/\/www.centsys.com\/fr\/wp-json\/wp\/v2\/pages\/1194\/revisions\/32273"}],"wp:attachment":[{"href":"https:\/\/www.centsys.com\/fr\/wp-json\/wp\/v2\/media?parent=1194"}],"curies":[{"name":"wp","href":"https:\/\/api.w.org\/{rel}","templated":true}]}}