{"id":1252,"date":"2024-10-25T08:02:36","date_gmt":"2024-10-25T06:02:36","guid":{"rendered":"https:\/\/www.centsys.co.za\/demo\/?page_id=1252"},"modified":"2026-03-13T15:41:02","modified_gmt":"2026-03-13T13:41:02","slug":"centurion-portes-de-garage-enroulables-installateurs","status":"publish","type":"page","link":"https:\/\/www.centsys.com\/fr\/centurion-portes-de-garage-enroulables-installateurs\/","title":{"rendered":"Op\u00e9rateurs pour portes de garage enroulables CENTURION"},"content":{"rendered":"<p>[et_pb_section fb_built=&#8221;1&#8243; _builder_version=&#8221;4.27.0&#8243; _module_preset=&#8221;default&#8221; background_color=&#8221;RGBA(255,255,255,0)&#8221; custom_margin=&#8221;-13px|||||&#8221; custom_padding=&#8221;50px||7px|||&#8221; top_divider_color=&#8221;#00A99D&#8221; top_divider_height=&#8221;35px&#8221; top_divider_flip=&#8221;vertical&#8221; bottom_divider_height=&#8221;29px&#8221; bottom_divider_flip=&#8221;vertical&#8221; global_colors_info=&#8221;{}&#8221;][et_pb_row _builder_version=&#8221;4.27.0&#8243; _module_preset=&#8221;default&#8221; global_colors_info=&#8221;{}&#8221;][et_pb_column type=&#8221;4_4&#8243; _builder_version=&#8221;4.27.0&#8243; _module_preset=&#8221;default&#8221; global_colors_info=&#8221;{}&#8221;][et_pb_text _builder_version=&#8221;4.27.4&#8243; _module_preset=&#8221;default&#8221; custom_margin=&#8221;||16px||false|false&#8221; custom_css_main_element=&#8221;@media (max-width: 768px) {||  .break-on-mobile::before {||    content: %22%92A%22;||    white-space: pre;||  }||}&#8221; global_colors_info=&#8221;{}&#8221;]<\/p>\n<p>&nbsp;<\/p>\n<h1 style=\"text-align: left;\"><strong style=\"font-size: 30pt; color: #fff;\"><span style=\"color: #808080;\">INSTALLATION DES MOTEURS <span class=\"break-on-mobile\"><span style=\"color: #82c341;\">DE PORTES DE GARAGE <\/span><span class=\"break-on-mobile\"><span style=\"color: #82c341;\">ENROULABLES <\/span><\/span><\/span><\/span><\/strong><\/h1>\n<p>&nbsp;<\/p>\n<p>[\/et_pb_text][et_pb_text _builder_version=&#8221;4.27.4&#8243; _module_preset=&#8221;default&#8221; global_colors_info=&#8221;{}&#8221;]<\/p>\n<p>Les moteurs de portes de garage enroulables <strong>CENTURION<\/strong> sont optimis\u00e9s pour une installation rapide et pr\u00e9cise. Ils sont dot\u00e9s de r\u00e9glages num\u00e9riques et de composants robustes pour garantir des performances fiables dans tous les environnements.<\/p>\n<p>[\/et_pb_text][\/et_pb_column][\/et_pb_row][et_pb_row column_structure=&#8221;1_4,1_4,1_4,1_4&#8243; use_custom_gutter=&#8221;on&#8221; gutter_width=&#8221;2&#8243; make_equal=&#8221;on&#8221; _builder_version=&#8221;4.27.4&#8243; _module_preset=&#8221;default&#8221; background_color=&#8221;#ffffff&#8221; custom_margin=&#8221;40px|auto||auto||&#8221; custom_padding=&#8221;2px||31px|||&#8221; global_colors_info=&#8221;{}&#8221;][et_pb_column type=&#8221;1_4&#8243; _builder_version=&#8221;4.27.0&#8243; _module_preset=&#8221;default&#8221; global_colors_info=&#8221;{}&#8221;][et_pb_image src=&#8221;http:\/\/www.centsys.com\/fr\/img\/GDO-Selecteur_RDOdigital_fr.jpg&#8221; url=&#8221;http:\/\/www.centsys.com\/fr\/centurion-moteur-porte-de-garage-enroulable-rdo-digital-installateurs\/&#8221; _builder_version=&#8221;4.27.5&#8243; _module_preset=&#8221;default&#8221; custom_margin=&#8221;||||false|false&#8221; custom_padding=&#8221;||||false|false&#8221; hover_enabled=&#8221;0&#8243; global_colors_info=&#8221;{}&#8221; sticky_enabled=&#8221;0&#8243;][\/et_pb_image][et_pb_text _builder_version=&#8221;4.27.4&#8243; _module_preset=&#8221;default&#8221; text_orientation=&#8221;center&#8221; custom_margin=&#8221;15px|||||&#8221; global_colors_info=&#8221;{}&#8221;]<\/p>\n<h4><strong>RDO DIGITAL<br \/><\/strong><\/h4>\n<p>[\/et_pb_text][et_pb_code _builder_version=&#8221;4.27.4&#8243; _module_preset=&#8221;default&#8221; global_colors_info=&#8221;{}&#8221;]<\/p>\n<table width=\"70%\" border\"0\" style=\"padding: none; margin:none;\"><!-- [et_pb_line_break_holder] -->  <\/p>\n<tbody style=\"padding: none; margin:none;\"><!-- [et_pb_line_break_holder] -->    <\/p>\n<tr style=\"padding: none; margin:none;\"><!-- [et_pb_line_break_holder] -->      <\/p>\n<td style=\"font-size: 7px; font-weight: 800; vertical-align:middle; width: 50%;\">VITESSE DE LEVAGE (mm\/Sec)<\/td>\n<p><!-- [et_pb_line_break_holder] -->      <\/p>\n<td style=\"font-size: 13px; font-weight: 800;\">100<\/td>\n<p><!-- [et_pb_line_break_holder] -->    <\/tr>\n<p><!-- [et_pb_line_break_holder] -->    <\/p>\n<tr style=\"padding: none; margin:none;\"><!-- [et_pb_line_break_holder] -->      <\/p>\n<td style=\"font-size: 7px; font-weight: 800; vertical-align:middle;width: 50%;\">CYCLES QUOTIDIENS<\/td>\n<p><!-- [et_pb_line_break_holder] -->      <\/p>\n<td style=\"font-size: 13px; font-weight: 800;\">50<\/td>\n<p><!-- [et_pb_line_break_holder] -->    <\/tr>\n<p><!-- [et_pb_line_break_holder] -->    <\/p>\n<tr style=\"padding: none; margin:none;\"><!-- [et_pb_line_break_holder] -->      <\/p>\n<td style=\"font-size: 7px; font-weight: 800; vertical-align:middle; width: 50%;\">TENSION DU MOTEUR<\/td>\n<p><!-- [et_pb_line_break_holder] -->      <\/p>\n<td style=\"font-size: 13px; font-weight: 800;\">24V<\/td>\n<p><!-- [et_pb_line_break_holder] -->    <\/tr>\n<p><!-- [et_pb_line_break_holder] -->\t  <\/p>\n<tr style=\"padding: none; margin:none;\"><!-- [et_pb_line_break_holder] -->      <\/p>\n<td style=\"font-size: 7px; font-weight: 800; vertical-align:middle;width: 50%;\">STOCKAGE DES UTILISATEURS<\/td>\n<p><!-- [et_pb_line_break_holder] -->      <\/p>\n<td style=\"font-size: 13px; font-weight: 800;\">22<\/td>\n<p><!-- [et_pb_line_break_holder] -->    <\/tr>\n<p><!-- [et_pb_line_break_holder] -->  <\/tbody>\n<p><!-- [et_pb_line_break_holder] --><\/table>\n<p><!-- [et_pb_line_break_holder] --><!-- [et_pb_line_break_holder] -->[\/et_pb_code][et_pb_button button_url=&#8221;http:\/\/www.centsys.com\/fr\/centurion-moteur-porte-de-garage-enroulable-rdo-digital-installateurs\/&#8221; button_text=&#8221;PLUS D\u2019INFORMATIONS&#8221; button_alignment=&#8221;center&#8221; _builder_version=&#8221;4.27.5&#8243; _module_preset=&#8221;default&#8221; custom_button=&#8221;on&#8221; button_text_size=&#8221;14px&#8221; button_text_color=&#8221;#FFFFFF&#8221; button_bg_color=&#8221;#82C341&#8243; button_border_color=&#8221;RGBA(255,255,255,0)&#8221; button_icon=&#8221;&#x35;||divi||400&#8243; button_icon_color=&#8221;#FFFFFF&#8221; button_on_hover=&#8221;off&#8221; hover_enabled=&#8221;0&#8243; custom_css_main_element=&#8221;width: 100%&#8221; global_colors_info=&#8221;{}&#8221; sticky_enabled=&#8221;0&#8243;][\/et_pb_button][\/et_pb_column][et_pb_column type=&#8221;1_4&#8243; _builder_version=&#8221;4.27.0&#8243; _module_preset=&#8221;default&#8221; global_colors_info=&#8221;{}&#8221;][\/et_pb_column][et_pb_column type=&#8221;1_4&#8243; _builder_version=&#8221;4.27.0&#8243; _module_preset=&#8221;default&#8221; global_colors_info=&#8221;{}&#8221;][\/et_pb_column][et_pb_column type=&#8221;1_4&#8243; _builder_version=&#8221;4.27.0&#8243; _module_preset=&#8221;default&#8221; global_colors_info=&#8221;{}&#8221;][\/et_pb_column][\/et_pb_row][\/et_pb_section][et_pb_section fb_built=&#8221;1&#8243; disabled_on=&#8221;on|on|on&#8221; module_id=&#8221;smartcert&#8221; module_class=&#8221;smartcert&#8221; _builder_version=&#8221;4.27.4&#8243; _module_preset=&#8221;default&#8221; background_color=&#8221;#e0e0e0&#8243; custom_padding=&#8221;0px||0px|||&#8221; disabled=&#8221;on&#8221; global_module=&#8221;2858&#8243; saved_tabs=&#8221;all&#8221; global_colors_info=&#8221;{}&#8221;][et_pb_row column_structure=&#8221;1_2,1_2&#8243; _builder_version=&#8221;4.27.4&#8243; _module_preset=&#8221;default&#8221; background_color=&#8221;#e0e0e0&#8243; width=&#8221;88%&#8221; max_width=&#8221;1596px&#8221; custom_margin=&#8221;|auto|-1px|auto|false|false&#8221; custom_padding=&#8221;32px||0px||false|false&#8221; global_colors_info=&#8221;{%22gcid-d116008b-ce49-46ea-9433-049c9562a0bc%22:%91%22background_color%22%93}&#8221;][et_pb_column type=&#8221;1_2&#8243; _builder_version=&#8221;4.16&#8243; _module_preset=&#8221;default&#8221; global_colors_info=&#8221;{}&#8221;][et_pb_image src=&#8221;\/demo\/img\/ctsi\/Centurion-Smart-Certified-Installer-program-visual.jpg&#8221; title_text=&#8221;camera-47&#8243; _builder_version=&#8221;4.27.4&#8243; _module_preset=&#8221;default&#8221; border_radii=&#8221;on|15px|15px|15px|15px&#8221; global_colors_info=&#8221;{}&#8221;][\/et_pb_image][\/et_pb_column][et_pb_column type=&#8221;1_2&#8243; _builder_version=&#8221;4.16&#8243; _module_preset=&#8221;default&#8221; custom_padding=&#8221;|70px|70px||false|false&#8221; custom_padding_tablet=&#8221;|30px|30px|30px|false|true&#8221; custom_padding_phone=&#8221;0px|20px||20px|false|true&#8221; custom_padding_last_edited=&#8221;on|tablet&#8221; global_colors_info=&#8221;{}&#8221;][et_pb_text _builder_version=&#8221;4.27.4&#8243; _module_preset=&#8221;32021f09-dd67-47fb-8f9a-832b72a38baf&#8221; text_text_color=&#8221;#82C341&#8243; header_text_color=&#8221;#82C341&#8243; header_2_font=&#8221;&#8211;et_global_heading_font|700|||||||&#8221; header_2_text_color=&#8221;#82C341&#8243; header_2_font_size=&#8221;50px&#8221; header_2_line_height=&#8221;1.2em&#8221; custom_margin=&#8221;||0px||false|false&#8221; custom_padding=&#8221;13px|||||&#8221; text_text_color_last_edited=&#8221;off|desktop&#8221; header_font_size_last_edited=&#8221;off|phone&#8221; header_2_font_size_tablet=&#8221;32px&#8221; header_2_font_size_phone=&#8221;18px&#8221; header_2_font_size_last_edited=&#8221;on|tablet&#8221; locked=&#8221;off&#8221; global_colors_info=&#8221;{}&#8221;]<\/p>\n<h2>Become a Trusted Professional<\/h2>\n<p>[\/et_pb_text][et_pb_text _builder_version=&#8221;4.27.4&#8243; _module_preset=&#8221;aec0be99-8a53-4f75-abf2-64f29a8b4cc2&#8243; text_font=&#8221;&#8211;et_global_body_font|&#8211;et_global_body_font_weight|||||||&#8221; text_font_size=&#8221;20px&#8221; custom_margin=&#8221;||24px|||&#8221; text_font_size_tablet=&#8221;16px&#8221; text_font_size_phone=&#8221;13px&#8221; text_font_size_last_edited=&#8221;on|tablet&#8221; global_colors_info=&#8221;{}&#8221;]<\/p>\n<p>With specialised, in depth training in servicing, maintaining, installing and repairs of all SM\u0394RT Centurion Systems Motors.<\/p>\n<p>[\/et_pb_text][et_pb_button button_url=&#8221;https:\/\/www.centsys.co.za\/demo\/centurion-systems-certified-trained-smart-installers-training\/&#8221; button_text=&#8221;LEARN MORE&#8221; button_alignment=&#8221;center&#8221; _builder_version=&#8221;4.27.4&#8243; _module_preset=&#8221;a93bd5f4-85ca-4af8-aab9-5954042d5969&#8243; custom_button=&#8221;on&#8221; button_text_size=&#8221;16px&#8221; button_text_color=&#8221;#FFFFFF&#8221; button_bg_color=&#8221;#82C341&#8243; button_border_width=&#8221;0px&#8221; button_border_radius=&#8221;5px&#8221; button_letter_spacing=&#8221;2px&#8221; button_font=&#8221;Open Sans|600||on|||||&#8221; custom_padding=&#8221;15px|30px|15px|30px|true|true&#8221; custom_padding_tablet=&#8221;13px|25px|13px|25px|true|true&#8221; custom_padding_phone=&#8221;10px|20px|10px|20px|true|true&#8221; custom_padding_last_edited=&#8221;on|phone&#8221; button_text_size_tablet=&#8221;15px&#8221; button_text_size_phone=&#8221;14px&#8221; button_text_size_last_edited=&#8221;on|phone&#8221; custom_css_main_element=&#8221;width:100%;&#8221; locked=&#8221;off&#8221; global_colors_info=&#8221;{}&#8221; button_bg_color__hover_enabled=&#8221;on|hover&#8221; button_bg_color__hover=&#8221;#82C341&#8243; button_bg_enable_color__hover=&#8221;on&#8221;][\/et_pb_button][\/et_pb_column][\/et_pb_row][\/et_pb_section][et_pb_section fb_built=&#8221;1&#8243; fullwidth=&#8221;on&#8221; disabled_on=&#8221;on|off|off&#8221; _builder_version=&#8221;4.27.4&#8243; _module_preset=&#8221;default&#8221; global_colors_info=&#8221;{}&#8221;][et_pb_fullwidth_image src=&#8221;\/demo\/img\/prod\/gdo\/CENTURION-SYSTEMS-ROLL-UP-Garage-Doors.jpg&#8221; _builder_version=&#8221;4.27.0&#8243; _module_preset=&#8221;default&#8221; global_colors_info=&#8221;{}&#8221;][\/et_pb_fullwidth_image][\/et_pb_section]<\/p>\n","protected":false},"excerpt":{"rendered":"<p>Les op\u00e9rateurs pour portes de garage enroulables CENTURION offrent une mise en service rapide, des fins de course num\u00e9riques et des composants robustes pour des performances fiables, quel que soit l\u2019environnement.<\/p>\n","protected":false},"author":1,"featured_media":30375,"parent":0,"menu_order":0,"comment_status":"closed","ping_status":"closed","template":"","meta":{"_et_pb_use_builder":"on","_et_pb_old_content":"","_et_gb_content_width":"","_joinchat":[],"footnotes":""},"class_list":["post-1252","page","type-page","status-publish","has-post-thumbnail","hentry"],"yoast_head":"<!-- This site is optimized with the Yoast SEO plugin v27.3 - https:\/\/yoast.com\/product\/yoast-seo-wordpress\/ -->\r\n<title>Op\u00e9rateurs pour portes de garage enroulables CENTURION<\/title>\r\n<meta name=\"description\" content=\"Les op\u00e9rateurs pour portes de garage enroulables CENTURION offrent une mise en service rapide, des fins de course num\u00e9riques et des composants robustes pour des performances fiables, quel que soit l\u2019environnement.\" \/>\r\n<meta name=\"robots\" content=\"index, follow, max-snippet:-1, max-image-preview:large, max-video-preview:-1\" \/>\r\n<link rel=\"canonical\" href=\"https:\/\/www.centsys.com\/fr\/centurion-portes-de-garage-enroulables-installateurs\/\" \/>\r\n<meta property=\"og:locale\" content=\"en_US\" \/>\r\n<meta property=\"og:type\" content=\"article\" \/>\r\n<meta property=\"og:title\" content=\"Op\u00e9rateurs pour portes de garage enroulables CENTURION\" \/>\r\n<meta property=\"og:description\" content=\"CENTURION&#039;s roll-up garage door operators offer fast setup, digital limits and tough components for reliable performance in any environment.\" \/>\r\n<meta property=\"og:url\" content=\"https:\/\/www.centsys.com\/fr\/centurion-portes-de-garage-enroulables-installateurs\/\" \/>\r\n<meta property=\"og:site_name\" content=\"Centurion Systems French\" \/>\r\n<meta property=\"article:modified_time\" content=\"2026-03-13T13:41:02+00:00\" \/>\r\n<meta property=\"og:image\" content=\"https:\/\/www.centsys.com\/fr\/wp-content\/uploads\/2025\/06\/CENTURION-RDO-DIGITAL-Main-Graphic-1.jpg\" \/>\r\n\t<meta property=\"og:image:width\" content=\"697\" \/>\r\n\t<meta property=\"og:image:height\" content=\"832\" \/>\r\n\t<meta property=\"og:image:type\" content=\"image\/jpeg\" \/>\r\n<meta name=\"twitter:card\" content=\"summary_large_image\" \/>\r\n<meta name=\"twitter:description\" content=\"CENTURION&#039;s roll-up garage door operators offer fast setup, digital limits and tough components for reliable performance in any environment.\" \/>\r\n<meta name=\"twitter:label1\" content=\"Est. reading time\" \/>\n\t<meta name=\"twitter:data1\" content=\"1 minute\" \/>\r\n<script type=\"application\/ld+json\" class=\"yoast-schema-graph\">{\"@context\":\"https:\\\/\\\/schema.org\",\"@graph\":[{\"@type\":[\"WebPage\",\"CollectionPage\"],\"@id\":\"https:\\\/\\\/www.centsys.com\\\/fr\\\/centurion-portes-de-garage-enroulables-installateurs\\\/\",\"url\":\"https:\\\/\\\/www.centsys.com\\\/fr\\\/centurion-portes-de-garage-enroulables-installateurs\\\/\",\"name\":\"Op\u00e9rateurs pour portes de garage enroulables CENTURION\",\"isPartOf\":{\"@id\":\"https:\\\/\\\/www.centsys.com\\\/fr\\\/#website\"},\"primaryImageOfPage\":{\"@id\":\"https:\\\/\\\/www.centsys.com\\\/fr\\\/centurion-portes-de-garage-enroulables-installateurs\\\/#primaryimage\"},\"image\":{\"@id\":\"https:\\\/\\\/www.centsys.com\\\/fr\\\/centurion-portes-de-garage-enroulables-installateurs\\\/#primaryimage\"},\"thumbnailUrl\":\"https:\\\/\\\/www.centsys.com\\\/fr\\\/wp-content\\\/uploads\\\/2025\\\/06\\\/CENTURION-RDO-DIGITAL-Main-Graphic-1.jpg\",\"datePublished\":\"2024-10-25T06:02:36+00:00\",\"dateModified\":\"2026-03-13T13:41:02+00:00\",\"description\":\"Les op\u00e9rateurs pour portes de garage enroulables CENTURION offrent une mise en service rapide, des fins de course num\u00e9riques et des composants robustes pour des performances fiables, quel que soit l\u2019environnement.\",\"breadcrumb\":{\"@id\":\"https:\\\/\\\/www.centsys.com\\\/fr\\\/centurion-portes-de-garage-enroulables-installateurs\\\/#breadcrumb\"},\"inLanguage\":\"en-ZA\"},{\"@type\":\"ImageObject\",\"inLanguage\":\"en-ZA\",\"@id\":\"https:\\\/\\\/www.centsys.com\\\/fr\\\/centurion-portes-de-garage-enroulables-installateurs\\\/#primaryimage\",\"url\":\"https:\\\/\\\/www.centsys.com\\\/fr\\\/wp-content\\\/uploads\\\/2025\\\/06\\\/CENTURION-RDO-DIGITAL-Main-Graphic-1.jpg\",\"contentUrl\":\"https:\\\/\\\/www.centsys.com\\\/fr\\\/wp-content\\\/uploads\\\/2025\\\/06\\\/CENTURION-RDO-DIGITAL-Main-Graphic-1.jpg\",\"width\":697,\"height\":832,\"caption\":\"Centurion Systems RDO DIGITAL Roll-Up Garage Door Operator\"},{\"@type\":\"BreadcrumbList\",\"@id\":\"https:\\\/\\\/www.centsys.com\\\/fr\\\/centurion-portes-de-garage-enroulables-installateurs\\\/#breadcrumb\",\"itemListElement\":[{\"@type\":\"ListItem\",\"position\":1,\"name\":\"Home\",\"item\":\"https:\\\/\\\/www.centsys.com\\\/fr\\\/\"},{\"@type\":\"ListItem\",\"position\":2,\"name\":\"Op\u00e9rateurs pour portes de garage enroulables CENTURION\"}]},{\"@type\":\"WebSite\",\"@id\":\"https:\\\/\\\/www.centsys.com\\\/fr\\\/#website\",\"url\":\"https:\\\/\\\/www.centsys.com\\\/fr\\\/\",\"name\":\"Centurion Systems French\",\"description\":\"\",\"potentialAction\":[{\"@type\":\"SearchAction\",\"target\":{\"@type\":\"EntryPoint\",\"urlTemplate\":\"https:\\\/\\\/www.centsys.com\\\/fr\\\/?s={search_term_string}\"},\"query-input\":{\"@type\":\"PropertyValueSpecification\",\"valueRequired\":true,\"valueName\":\"search_term_string\"}}],\"inLanguage\":\"en-ZA\"}]}<\/script>\r\n<!-- \/ Yoast SEO plugin. -->","yoast_head_json":{"title":"Op\u00e9rateurs pour portes de garage enroulables CENTURION","description":"Les op\u00e9rateurs pour portes de garage enroulables CENTURION offrent une mise en service rapide, des fins de course num\u00e9riques et des composants robustes pour des performances fiables, quel que soit l\u2019environnement.","robots":{"index":"index","follow":"follow","max-snippet":"max-snippet:-1","max-image-preview":"max-image-preview:large","max-video-preview":"max-video-preview:-1"},"canonical":"https:\/\/www.centsys.com\/fr\/centurion-portes-de-garage-enroulables-installateurs\/","og_locale":"en_US","og_type":"article","og_title":"Op\u00e9rateurs pour portes de garage enroulables CENTURION","og_description":"CENTURION's roll-up garage door operators offer fast setup, digital limits and tough components for reliable performance in any environment.","og_url":"https:\/\/www.centsys.com\/fr\/centurion-portes-de-garage-enroulables-installateurs\/","og_site_name":"Centurion Systems French","article_modified_time":"2026-03-13T13:41:02+00:00","og_image":[{"width":697,"height":832,"url":"https:\/\/www.centsys.com\/fr\/wp-content\/uploads\/2025\/06\/CENTURION-RDO-DIGITAL-Main-Graphic-1.jpg","type":"image\/jpeg"}],"twitter_card":"summary_large_image","twitter_description":"CENTURION's roll-up garage door operators offer fast setup, digital limits and tough components for reliable performance in any environment.","twitter_misc":{"Est. reading time":"1 minute"},"schema":{"@context":"https:\/\/schema.org","@graph":[{"@type":["WebPage","CollectionPage"],"@id":"https:\/\/www.centsys.com\/fr\/centurion-portes-de-garage-enroulables-installateurs\/","url":"https:\/\/www.centsys.com\/fr\/centurion-portes-de-garage-enroulables-installateurs\/","name":"Op\u00e9rateurs pour portes de garage enroulables CENTURION","isPartOf":{"@id":"https:\/\/www.centsys.com\/fr\/#website"},"primaryImageOfPage":{"@id":"https:\/\/www.centsys.com\/fr\/centurion-portes-de-garage-enroulables-installateurs\/#primaryimage"},"image":{"@id":"https:\/\/www.centsys.com\/fr\/centurion-portes-de-garage-enroulables-installateurs\/#primaryimage"},"thumbnailUrl":"https:\/\/www.centsys.com\/fr\/wp-content\/uploads\/2025\/06\/CENTURION-RDO-DIGITAL-Main-Graphic-1.jpg","datePublished":"2024-10-25T06:02:36+00:00","dateModified":"2026-03-13T13:41:02+00:00","description":"Les op\u00e9rateurs pour portes de garage enroulables CENTURION offrent une mise en service rapide, des fins de course num\u00e9riques et des composants robustes pour des performances fiables, quel que soit l\u2019environnement.","breadcrumb":{"@id":"https:\/\/www.centsys.com\/fr\/centurion-portes-de-garage-enroulables-installateurs\/#breadcrumb"},"inLanguage":"en-ZA"},{"@type":"ImageObject","inLanguage":"en-ZA","@id":"https:\/\/www.centsys.com\/fr\/centurion-portes-de-garage-enroulables-installateurs\/#primaryimage","url":"https:\/\/www.centsys.com\/fr\/wp-content\/uploads\/2025\/06\/CENTURION-RDO-DIGITAL-Main-Graphic-1.jpg","contentUrl":"https:\/\/www.centsys.com\/fr\/wp-content\/uploads\/2025\/06\/CENTURION-RDO-DIGITAL-Main-Graphic-1.jpg","width":697,"height":832,"caption":"Centurion Systems RDO DIGITAL Roll-Up Garage Door Operator"},{"@type":"BreadcrumbList","@id":"https:\/\/www.centsys.com\/fr\/centurion-portes-de-garage-enroulables-installateurs\/#breadcrumb","itemListElement":[{"@type":"ListItem","position":1,"name":"Home","item":"https:\/\/www.centsys.com\/fr\/"},{"@type":"ListItem","position":2,"name":"Op\u00e9rateurs pour portes de garage enroulables CENTURION"}]},{"@type":"WebSite","@id":"https:\/\/www.centsys.com\/fr\/#website","url":"https:\/\/www.centsys.com\/fr\/","name":"Centurion Systems French","description":"","potentialAction":[{"@type":"SearchAction","target":{"@type":"EntryPoint","urlTemplate":"https:\/\/www.centsys.com\/fr\/?s={search_term_string}"},"query-input":{"@type":"PropertyValueSpecification","valueRequired":true,"valueName":"search_term_string"}}],"inLanguage":"en-ZA"}]}},"_links":{"self":[{"href":"https:\/\/www.centsys.com\/fr\/wp-json\/wp\/v2\/pages\/1252","targetHints":{"allow":["GET"]}}],"collection":[{"href":"https:\/\/www.centsys.com\/fr\/wp-json\/wp\/v2\/pages"}],"about":[{"href":"https:\/\/www.centsys.com\/fr\/wp-json\/wp\/v2\/types\/page"}],"author":[{"embeddable":true,"href":"https:\/\/www.centsys.com\/fr\/wp-json\/wp\/v2\/users\/1"}],"replies":[{"embeddable":true,"href":"https:\/\/www.centsys.com\/fr\/wp-json\/wp\/v2\/comments?post=1252"}],"version-history":[{"count":5,"href":"https:\/\/www.centsys.com\/fr\/wp-json\/wp\/v2\/pages\/1252\/revisions"}],"predecessor-version":[{"id":32313,"href":"https:\/\/www.centsys.com\/fr\/wp-json\/wp\/v2\/pages\/1252\/revisions\/32313"}],"wp:featuredmedia":[{"embeddable":true,"href":"https:\/\/www.centsys.com\/fr\/wp-json\/wp\/v2\/media\/30375"}],"wp:attachment":[{"href":"https:\/\/www.centsys.com\/fr\/wp-json\/wp\/v2\/media?parent=1252"}],"curies":[{"name":"wp","href":"https:\/\/api.w.org\/{rel}","templated":true}]}}