{"id":1265,"date":"2024-10-25T09:05:13","date_gmt":"2024-10-25T07:05:13","guid":{"rendered":"https:\/\/www.centsys.co.za\/demo\/?page_id=1265"},"modified":"2026-03-16T13:58:39","modified_gmt":"2026-03-16T11:58:39","slug":"centurion-barrieres-levantes-installateurs","status":"publish","type":"page","link":"https:\/\/www.centsys.com\/fr\/centurion-barrieres-levantes-installateurs\/","title":{"rendered":"Barri\u00e8res levantes CENTURION"},"content":{"rendered":"<p>[et_pb_section fb_built=&#8221;1&#8243; _builder_version=&#8221;4.27.0&#8243; _module_preset=&#8221;default&#8221; background_color=&#8221;RGBA(255,255,255,0)&#8221; custom_margin=&#8221;-13px|||||&#8221; custom_padding=&#8221;50px||7px|||&#8221; top_divider_color=&#8221;#00A99D&#8221; top_divider_height=&#8221;35px&#8221; top_divider_flip=&#8221;vertical&#8221; bottom_divider_height=&#8221;29px&#8221; bottom_divider_flip=&#8221;vertical&#8221; global_colors_info=&#8221;{}&#8221;][et_pb_row _builder_version=&#8221;4.27.0&#8243; _module_preset=&#8221;default&#8221; global_colors_info=&#8221;{}&#8221;][et_pb_column type=&#8221;4_4&#8243; _builder_version=&#8221;4.27.0&#8243; _module_preset=&#8221;default&#8221; global_colors_info=&#8221;{}&#8221;][et_pb_text _builder_version=&#8221;4.27.5&#8243; _module_preset=&#8221;default&#8221; custom_margin=&#8221;||16px||false|false&#8221; hover_enabled=&#8221;0&#8243; global_colors_info=&#8221;{}&#8221; header_font_size=&#8221;38px&#8221; sticky_enabled=&#8221;0&#8243;]<\/p>\n<h1 style=\"text-align: left;\"><strong style=\"font-size: 30pt; color: #fff;\"><span style=\"color: #808080;\">INSTALLATION DE SYST\u00c8MES DE <span style=\"color: #82c341;\">BARRI\u00c8RES DE CIRCULATION<\/span> <\/span><\/strong><\/h1>\n<p>[\/et_pb_text][et_pb_text _builder_version=&#8221;4.27.4&#8243; _module_preset=&#8221;default&#8221; global_colors_info=&#8221;{}&#8221;]<\/p>\n<div class=\"flex flex-col text-sm pb-25\">\n<article class=\"text-token-text-primary w-full focus:outline-none [--shadow-height:45px] has-data-writing-block:pointer-events-none has-data-writing-block:-mt-(--shadow-height) has-data-writing-block:pt-(--shadow-height) [&amp;:has([data-writing-block])&gt;*]:pointer-events-auto [content-visibility:auto] supports-[content-visibility:auto]:[contain-intrinsic-size:auto_100lvh] scroll-mt-[calc(var(--header-height)+min(200px,max(70px,20svh)))]\" dir=\"auto\" data-turn-id=\"a0c272a0-32fb-4fd9-a9de-49f771576d09\" data-testid=\"conversation-turn-2\" data-scroll-anchor=\"true\" data-turn=\"assistant\" tabindex=\"-1\">\n<div class=\"text-base my-auto mx-auto pb-10 [--thread-content-margin:--spacing(4)] @w-sm\/main:[--thread-content-margin:--spacing(6)] @w-lg\/main:[--thread-content-margin:--spacing(16)] px-(--thread-content-margin)\">\n<div class=\"[--thread-content-max-width:40rem] @w-lg\/main:[--thread-content-max-width:48rem] mx-auto max-w-(--thread-content-max-width) flex-1 group\/turn-messages focus-visible:outline-hidden relative flex w-full min-w-0 flex-col agent-turn\" tabindex=\"-1\">\n<div class=\"flex max-w-full flex-col grow\">\n<div data-message-author-role=\"assistant\" data-message-id=\"cf4c9e5d-8628-4073-aae0-7acb5c0bf40d\" dir=\"auto\" class=\"min-h-8 text-message relative flex w-full flex-col items-end gap-2 text-start break-words whitespace-normal [.text-message+&amp;]:mt-1\" data-message-model-slug=\"gpt-5-2-thinking\">\n<div class=\"flex w-full flex-col gap-1 empty:hidden first:pt-[1px]\">\n<div class=\"markdown prose dark:prose-invert w-full break-words light markdown-new-styling\">\n<p>Les barri\u00e8res de circulation <strong>CENTURION<\/strong> sont con\u00e7ues pour une installation rapide, avec une programmation avanc\u00e9e et des composants modulaires. Ces syst\u00e8mes garantissent un contr\u00f4le fiable pour une vari\u00e9t\u00e9 d&#8217;exigences sp\u00e9cifiques \u00e0 chaque site.<\/p>\n<\/div>\n<\/div>\n<\/div>\n<\/div>\n<\/div>\n<\/div>\n<\/article>\n<\/div>\n<p>[\/et_pb_text][\/et_pb_column][\/et_pb_row][et_pb_row column_structure=&#8221;1_4,1_4,1_4,1_4&#8243; use_custom_gutter=&#8221;on&#8221; gutter_width=&#8221;2&#8243; make_equal=&#8221;on&#8221; _builder_version=&#8221;4.27.4&#8243; _module_preset=&#8221;default&#8221; background_color=&#8221;#ffffff&#8221; custom_margin=&#8221;40px|auto||auto||&#8221; custom_padding=&#8221;2px||31px|||&#8221; global_colors_info=&#8221;{}&#8221;][et_pb_column type=&#8221;1_4&#8243; _builder_version=&#8221;4.27.0&#8243; _module_preset=&#8221;default&#8221; global_colors_info=&#8221;{}&#8221;][et_pb_image src=&#8221;http:\/\/www.centsys.com\/fr\/img\/Barri\u00e8re levante CENTURION SECTOR II_selecteur_fr.jpg&#8221; url=&#8221;http:\/\/www.centsys.com\/fr\/centurion-barriere-levante-sector-ii-installateurs\/&#8221; _builder_version=&#8221;4.27.5&#8243; _module_preset=&#8221;default&#8221; custom_margin=&#8221;||||false|false&#8221; custom_padding=&#8221;||||false|false&#8221; global_colors_info=&#8221;{}&#8221;][\/et_pb_image][et_pb_text _builder_version=&#8221;4.27.4&#8243; _module_preset=&#8221;default&#8221; text_orientation=&#8221;center&#8221; custom_margin=&#8221;15px|||||&#8221; global_colors_info=&#8221;{}&#8221;]<\/p>\n<h4><strong>BARRI\u00c8RE SECTOR II<\/strong><\/h4>\n<h4><strong>\u00a0<\/strong><\/h4>\n<p>[\/et_pb_text][et_pb_code _builder_version=&#8221;4.27.4&#8243; _module_preset=&#8221;default&#8221; global_colors_info=&#8221;{}&#8221;]<\/p>\n<table width=\"70%\" border\"0\" style=\"padding: none; margin:none;\"><!-- [et_pb_line_break_holder] -->  <\/p>\n<tbody style=\"padding: none; margin:none;\"><!-- [et_pb_line_break_holder] -->    <\/p>\n<tr style=\"padding: none; margin:none;\"><!-- [et_pb_line_break_holder] -->      <\/p>\n<td style=\"font-size: 7px; font-weight: 800; vertical-align:middle; width: 50%;\">TENSION DU MOTEUR<\/td>\n<p><!-- [et_pb_line_break_holder] -->      <\/p>\n<td style=\"font-size: 13px; font-weight: 800;\">12V<\/td>\n<p><!-- [et_pb_line_break_holder] -->    <\/tr>\n<p><!-- [et_pb_line_break_holder] -->    <\/p>\n<tr style=\"padding: none; margin:none;\"><!-- [et_pb_line_break_holder] -->      <\/p>\n<td style=\"font-size: 7px; font-weight: 800; vertical-align:middle;width: 50%;\">LONGUEUR DE LA LISSE<\/td>\n<p><!-- [et_pb_line_break_holder] -->      <\/p>\n<td style=\"font-size: 13px; font-weight: 800;\">3, 4 &#038; 6M<\/td>\n<p><!-- [et_pb_line_break_holder] -->    <\/tr>\n<p><!-- [et_pb_line_break_holder] -->    <\/p>\n<tr style=\"padding: none; margin:none;\"><!-- [et_pb_line_break_holder] -->      <\/p>\n<td style=\"font-size: 7px; font-weight: 800; vertical-align:middle; width: 50%;\">OP\u00c9RATIONS QUOTIDIENNES MAX<\/td>\n<p><!-- [et_pb_line_break_holder] -->      <\/p>\n<td style=\"font-size: 13px; font-weight: 800;\">3000<\/td>\n<p><!-- [et_pb_line_break_holder] -->    <\/tr>\n<p><!-- [et_pb_line_break_holder] -->\t  <\/p>\n<tr style=\"padding: none; margin:none;\"><!-- [et_pb_line_break_holder] -->      <\/p>\n<td style=\"font-size: 7px; font-weight: 800; vertical-align:middle;width: 50%;\">M\u00c9MOIRE UTILISATEUR<\/td>\n<p><!-- [et_pb_line_break_holder] -->      <\/p>\n<td style=\"font-size: 13px; font-weight: 800;\">500<\/td>\n<p><!-- [et_pb_line_break_holder] -->    <\/tr>\n<p><!-- [et_pb_line_break_holder] -->  <\/tbody>\n<p><!-- [et_pb_line_break_holder] --><\/table>\n<p><!-- [et_pb_line_break_holder] --><!-- [et_pb_line_break_holder] -->[\/et_pb_code][et_pb_button button_url=&#8221;http:\/\/www.centsys.com\/fr\/centurion-barriere-levante-sector-ii-installateurs\/&#8221; button_text=&#8221;PLUS D\u2019INFORMATIONS&#8221; button_alignment=&#8221;center&#8221; _builder_version=&#8221;4.27.5&#8243; _module_preset=&#8221;default&#8221; custom_button=&#8221;on&#8221; button_text_size=&#8221;14px&#8221; button_text_color=&#8221;#FFFFFF&#8221; button_bg_color=&#8221;#82C341&#8243; button_border_color=&#8221;RGBA(255,255,255,0)&#8221; button_icon=&#8221;&#x35;||divi||400&#8243; button_icon_color=&#8221;#FFFFFF&#8221; button_on_hover=&#8221;off&#8221; custom_css_main_element=&#8221;width:100%;&#8221; global_colors_info=&#8221;{}&#8221;][\/et_pb_button][\/et_pb_column][et_pb_column type=&#8221;1_4&#8243; _builder_version=&#8221;4.27.0&#8243; _module_preset=&#8221;default&#8221; global_colors_info=&#8221;{}&#8221;][\/et_pb_column][et_pb_column type=&#8221;1_4&#8243; _builder_version=&#8221;4.27.0&#8243; _module_preset=&#8221;default&#8221; global_colors_info=&#8221;{}&#8221;][et_pb_image src=&#8221;http:\/\/www.centsys.com\/fr\/img\/Barri\u00e8re levante manuel CENTURION CENTINEL_selecteur_fr.jpg&#8221; url=&#8221;http:\/\/www.centsys.com\/fr\/centurion-barriere-levante-centinel-installateurs\/&#8221; _builder_version=&#8221;4.27.5&#8243; _module_preset=&#8221;default&#8221; custom_margin=&#8221;||||false|false&#8221; custom_padding=&#8221;||||false|false&#8221; global_colors_info=&#8221;{}&#8221;][\/et_pb_image][et_pb_text _builder_version=&#8221;4.27.4&#8243; _module_preset=&#8221;default&#8221; text_orientation=&#8221;center&#8221; custom_margin=&#8221;15px|||||&#8221; global_colors_info=&#8221;{}&#8221;]<\/p>\n<h4><strong>BARRI\u00c8RE CENTINEL<\/strong><\/h4>\n<p>[\/et_pb_text][et_pb_code _builder_version=&#8221;4.27.4&#8243; _module_preset=&#8221;default&#8221; global_colors_info=&#8221;{}&#8221;]<\/p>\n<table width=\"70%\" border\"0\" style=\"padding: none; margin:none;\"><!-- [et_pb_line_break_holder] -->  <\/p>\n<tbody style=\"padding: none; margin:none;\"><!-- [et_pb_line_break_holder] -->    <\/p>\n<tr style=\"padding: none; margin:none;\"><!-- [et_pb_line_break_holder] -->      <\/p>\n<td style=\"font-size: 7px; font-weight: 800; vertical-align:middle; width: 50%;\">LONGUEUR DE LA LISSE<\/td>\n<p><!-- [et_pb_line_break_holder] -->      <\/p>\n<td style=\"font-size: 13px; font-weight: 800;\">3, 4 &#038; 6M<\/td>\n<p><!-- [et_pb_line_break_holder] -->    <\/tr>\n<p><!-- [et_pb_line_break_holder] -->    <\/p>\n<tr style=\"padding: none; margin:none;\"><!-- [et_pb_line_break_holder] -->      <\/p>\n<td style=\"font-size: 7px; font-weight: 800; vertical-align:middle;width: 50%;\">CONTREPOIDS<\/td>\n<p><!-- [et_pb_line_break_holder] -->      <\/p>\n<td style=\"font-size: 13px; font-weight: 800;\">RESSORT<\/td>\n<p><!-- [et_pb_line_break_holder] -->    <\/tr>\n<p><!-- [et_pb_line_break_holder] -->   <!-- [et_pb_line_break_holder] -->  <\/tbody>\n<p><!-- [et_pb_line_break_holder] --><\/table>\n<p><!-- [et_pb_line_break_holder] --><!-- [et_pb_line_break_holder] -->[\/et_pb_code][et_pb_button button_url=&#8221;http:\/\/www.centsys.com\/fr\/centurion-barriere-levante-centinel-installateurs\/&#8221; button_text=&#8221;PLUS D\u2019INFORMATIONS&#8221; button_alignment=&#8221;center&#8221; _builder_version=&#8221;4.27.5&#8243; _module_preset=&#8221;default&#8221; custom_button=&#8221;on&#8221; button_text_size=&#8221;14px&#8221; button_text_color=&#8221;#FFFFFF&#8221; button_bg_color=&#8221;#82C341&#8243; button_border_color=&#8221;RGBA(255,255,255,0)&#8221; button_icon=&#8221;&#x35;||divi||400&#8243; button_icon_color=&#8221;#FFFFFF&#8221; button_on_hover=&#8221;off&#8221; custom_css_main_element=&#8221;width:100%;&#8221; global_colors_info=&#8221;{}&#8221;][\/et_pb_button][\/et_pb_column][et_pb_column type=&#8221;1_4&#8243; _builder_version=&#8221;4.27.0&#8243; _module_preset=&#8221;default&#8221; global_colors_info=&#8221;{}&#8221;][\/et_pb_column][\/et_pb_row][\/et_pb_section][et_pb_section fb_built=&#8221;1&#8243; disabled_on=&#8221;on|on|on&#8221; module_id=&#8221;smartcert&#8221; module_class=&#8221;smartcert&#8221; _builder_version=&#8221;4.27.4&#8243; _module_preset=&#8221;default&#8221; background_color=&#8221;#e0e0e0&#8243; custom_padding=&#8221;0px||0px|||&#8221; disabled=&#8221;on&#8221; global_module=&#8221;2858&#8243; saved_tabs=&#8221;all&#8221; global_colors_info=&#8221;{}&#8221;][et_pb_row column_structure=&#8221;1_2,1_2&#8243; _builder_version=&#8221;4.27.4&#8243; _module_preset=&#8221;default&#8221; background_color=&#8221;#e0e0e0&#8243; width=&#8221;88%&#8221; max_width=&#8221;1596px&#8221; custom_margin=&#8221;|auto|-1px|auto|false|false&#8221; custom_padding=&#8221;32px||0px||false|false&#8221; global_colors_info=&#8221;{%22gcid-d116008b-ce49-46ea-9433-049c9562a0bc%22:%91%22background_color%22%93}&#8221;][et_pb_column type=&#8221;1_2&#8243; _builder_version=&#8221;4.16&#8243; _module_preset=&#8221;default&#8221; global_colors_info=&#8221;{}&#8221;][et_pb_image src=&#8221;\/demo\/img\/ctsi\/Centurion-Smart-Certified-Installer-program-visual.jpg&#8221; title_text=&#8221;camera-47&#8243; _builder_version=&#8221;4.27.4&#8243; _module_preset=&#8221;default&#8221; border_radii=&#8221;on|15px|15px|15px|15px&#8221; global_colors_info=&#8221;{}&#8221;][\/et_pb_image][\/et_pb_column][et_pb_column type=&#8221;1_2&#8243; _builder_version=&#8221;4.16&#8243; _module_preset=&#8221;default&#8221; custom_padding=&#8221;|70px|70px||false|false&#8221; custom_padding_tablet=&#8221;|30px|30px|30px|false|true&#8221; custom_padding_phone=&#8221;0px|20px||20px|false|true&#8221; custom_padding_last_edited=&#8221;on|tablet&#8221; global_colors_info=&#8221;{}&#8221;][et_pb_text _builder_version=&#8221;4.27.4&#8243; _module_preset=&#8221;32021f09-dd67-47fb-8f9a-832b72a38baf&#8221; text_text_color=&#8221;#82C341&#8243; header_text_color=&#8221;#82C341&#8243; header_2_font=&#8221;&#8211;et_global_heading_font|700|||||||&#8221; header_2_text_color=&#8221;#82C341&#8243; header_2_font_size=&#8221;50px&#8221; header_2_line_height=&#8221;1.2em&#8221; custom_margin=&#8221;||0px||false|false&#8221; custom_padding=&#8221;13px|||||&#8221; text_text_color_last_edited=&#8221;off|desktop&#8221; header_font_size_last_edited=&#8221;off|phone&#8221; header_2_font_size_tablet=&#8221;32px&#8221; header_2_font_size_phone=&#8221;18px&#8221; header_2_font_size_last_edited=&#8221;on|tablet&#8221; locked=&#8221;off&#8221; global_colors_info=&#8221;{}&#8221;]<\/p>\n<h2>Become a Trusted Professional<\/h2>\n<p>[\/et_pb_text][et_pb_text _builder_version=&#8221;4.27.4&#8243; _module_preset=&#8221;aec0be99-8a53-4f75-abf2-64f29a8b4cc2&#8243; text_font=&#8221;&#8211;et_global_body_font|&#8211;et_global_body_font_weight|||||||&#8221; text_font_size=&#8221;20px&#8221; custom_margin=&#8221;||24px|||&#8221; text_font_size_tablet=&#8221;16px&#8221; text_font_size_phone=&#8221;13px&#8221; text_font_size_last_edited=&#8221;on|tablet&#8221; global_colors_info=&#8221;{}&#8221;]<\/p>\n<p>With specialised, in depth training in servicing, maintaining, installing and repairs of all SM\u0394RT Centurion Systems Motors.<\/p>\n<p>[\/et_pb_text][et_pb_button button_url=&#8221;https:\/\/www.centsys.co.za\/demo\/centurion-systems-certified-trained-smart-installers-training\/&#8221; button_text=&#8221;LEARN MORE&#8221; button_alignment=&#8221;center&#8221; _builder_version=&#8221;4.27.4&#8243; _module_preset=&#8221;a93bd5f4-85ca-4af8-aab9-5954042d5969&#8243; custom_button=&#8221;on&#8221; button_text_size=&#8221;16px&#8221; button_text_color=&#8221;#FFFFFF&#8221; button_bg_color=&#8221;#82C341&#8243; button_border_width=&#8221;0px&#8221; button_border_radius=&#8221;5px&#8221; button_letter_spacing=&#8221;2px&#8221; button_font=&#8221;Open Sans|600||on|||||&#8221; custom_padding=&#8221;15px|30px|15px|30px|true|true&#8221; custom_padding_tablet=&#8221;13px|25px|13px|25px|true|true&#8221; custom_padding_phone=&#8221;10px|20px|10px|20px|true|true&#8221; custom_padding_last_edited=&#8221;on|phone&#8221; button_text_size_tablet=&#8221;15px&#8221; button_text_size_phone=&#8221;14px&#8221; button_text_size_last_edited=&#8221;on|phone&#8221; custom_css_main_element=&#8221;width:100%;&#8221; locked=&#8221;off&#8221; global_colors_info=&#8221;{}&#8221; button_bg_color__hover_enabled=&#8221;on|hover&#8221; button_bg_color__hover=&#8221;#82C341&#8243; button_bg_enable_color__hover=&#8221;on&#8221;][\/et_pb_button][\/et_pb_column][\/et_pb_row][\/et_pb_section][et_pb_section fb_built=&#8221;1&#8243; fullwidth=&#8221;on&#8221; disabled_on=&#8221;on|off|off&#8221; _builder_version=&#8221;4.27.4&#8243; _module_preset=&#8221;default&#8221; global_colors_info=&#8221;{}&#8221;][et_pb_fullwidth_image src=&#8221;\/demo\/img\/prod\/barriers\/CENTURION-SYSTEMS-TRAFFIC-BARRIER-Slider-banner-002.jpg&#8221; _builder_version=&#8221;4.27.0&#8243; _module_preset=&#8221;default&#8221; global_colors_info=&#8221;{}&#8221;][\/et_pb_fullwidth_image][\/et_pb_section]<\/p>\n","protected":false},"excerpt":{"rendered":"<p>Les barri\u00e8res levantes CENTURION sont con\u00e7ues pour une installation rapide, avec une programmation avanc\u00e9e et des composants modulaires.<\/p>\n","protected":false},"author":1,"featured_media":0,"parent":0,"menu_order":0,"comment_status":"closed","ping_status":"closed","template":"","meta":{"_et_pb_use_builder":"on","_et_pb_old_content":"","_et_gb_content_width":"","_joinchat":[],"footnotes":""},"class_list":["post-1265","page","type-page","status-publish","hentry"],"yoast_head":"<!-- This site is optimized with the Yoast SEO plugin v27.3 - https:\/\/yoast.com\/product\/yoast-seo-wordpress\/ -->\r\n<title>Barri\u00e8res levantes CENTURION - Centurion Systems<\/title>\r\n<meta name=\"description\" content=\"Les barri\u00e8res levantes CENTURION sont con\u00e7ues pour une installation rapide, avec une programmation avanc\u00e9e et des composants modulaires.\" \/>\r\n<meta name=\"robots\" content=\"index, follow, max-snippet:-1, max-image-preview:large, max-video-preview:-1\" \/>\r\n<link rel=\"canonical\" href=\"https:\/\/www.centsys.com\/fr\/centurion-barrieres-levantes-installateurs\/\" \/>\r\n<meta property=\"og:locale\" content=\"en_US\" \/>\r\n<meta property=\"og:type\" content=\"article\" \/>\r\n<meta property=\"og:title\" content=\"Barri\u00e8res levantes CENTURION - Centurion Systems\" \/>\r\n<meta property=\"og:description\" content=\"Les barri\u00e8res levantes CENTURION sont con\u00e7ues pour une installation rapide, avec une programmation avanc\u00e9e et des composants modulaires.\" \/>\r\n<meta property=\"og:url\" content=\"https:\/\/www.centsys.com\/fr\/centurion-barrieres-levantes-installateurs\/\" \/>\r\n<meta property=\"og:site_name\" content=\"Centurion Systems French\" \/>\r\n<meta property=\"article:modified_time\" content=\"2026-03-16T11:58:39+00:00\" \/>\r\n<meta name=\"twitter:card\" content=\"summary_large_image\" \/>\r\n<meta name=\"twitter:label1\" content=\"Est. reading time\" \/>\n\t<meta name=\"twitter:data1\" content=\"1 minute\" \/>\r\n<script type=\"application\/ld+json\" class=\"yoast-schema-graph\">{\"@context\":\"https:\\\/\\\/schema.org\",\"@graph\":[{\"@type\":\"WebPage\",\"@id\":\"https:\\\/\\\/www.centsys.com\\\/fr\\\/centurion-barrieres-levantes-installateurs\\\/\",\"url\":\"https:\\\/\\\/www.centsys.com\\\/fr\\\/centurion-barrieres-levantes-installateurs\\\/\",\"name\":\"Barri\u00e8res levantes CENTURION - Centurion Systems\",\"isPartOf\":{\"@id\":\"https:\\\/\\\/www.centsys.com\\\/fr\\\/#website\"},\"datePublished\":\"2024-10-25T07:05:13+00:00\",\"dateModified\":\"2026-03-16T11:58:39+00:00\",\"description\":\"Les barri\u00e8res levantes CENTURION sont con\u00e7ues pour une installation rapide, avec une programmation avanc\u00e9e et des composants modulaires.\",\"breadcrumb\":{\"@id\":\"https:\\\/\\\/www.centsys.com\\\/fr\\\/centurion-barrieres-levantes-installateurs\\\/#breadcrumb\"},\"inLanguage\":\"en-ZA\",\"potentialAction\":[{\"@type\":\"ReadAction\",\"target\":[\"https:\\\/\\\/www.centsys.com\\\/fr\\\/centurion-barrieres-levantes-installateurs\\\/\"]}]},{\"@type\":\"BreadcrumbList\",\"@id\":\"https:\\\/\\\/www.centsys.com\\\/fr\\\/centurion-barrieres-levantes-installateurs\\\/#breadcrumb\",\"itemListElement\":[{\"@type\":\"ListItem\",\"position\":1,\"name\":\"Home\",\"item\":\"https:\\\/\\\/www.centsys.com\\\/fr\\\/\"},{\"@type\":\"ListItem\",\"position\":2,\"name\":\"Barri\u00e8res levantes CENTURION\"}]},{\"@type\":\"WebSite\",\"@id\":\"https:\\\/\\\/www.centsys.com\\\/fr\\\/#website\",\"url\":\"https:\\\/\\\/www.centsys.com\\\/fr\\\/\",\"name\":\"Centurion Systems French\",\"description\":\"\",\"potentialAction\":[{\"@type\":\"SearchAction\",\"target\":{\"@type\":\"EntryPoint\",\"urlTemplate\":\"https:\\\/\\\/www.centsys.com\\\/fr\\\/?s={search_term_string}\"},\"query-input\":{\"@type\":\"PropertyValueSpecification\",\"valueRequired\":true,\"valueName\":\"search_term_string\"}}],\"inLanguage\":\"en-ZA\"}]}<\/script>\r\n<!-- \/ Yoast SEO plugin. -->","yoast_head_json":{"title":"Barri\u00e8res levantes CENTURION - Centurion Systems","description":"Les barri\u00e8res levantes CENTURION sont con\u00e7ues pour une installation rapide, avec une programmation avanc\u00e9e et des composants modulaires.","robots":{"index":"index","follow":"follow","max-snippet":"max-snippet:-1","max-image-preview":"max-image-preview:large","max-video-preview":"max-video-preview:-1"},"canonical":"https:\/\/www.centsys.com\/fr\/centurion-barrieres-levantes-installateurs\/","og_locale":"en_US","og_type":"article","og_title":"Barri\u00e8res levantes CENTURION - Centurion Systems","og_description":"Les barri\u00e8res levantes CENTURION sont con\u00e7ues pour une installation rapide, avec une programmation avanc\u00e9e et des composants modulaires.","og_url":"https:\/\/www.centsys.com\/fr\/centurion-barrieres-levantes-installateurs\/","og_site_name":"Centurion Systems French","article_modified_time":"2026-03-16T11:58:39+00:00","twitter_card":"summary_large_image","twitter_misc":{"Est. reading time":"1 minute"},"schema":{"@context":"https:\/\/schema.org","@graph":[{"@type":"WebPage","@id":"https:\/\/www.centsys.com\/fr\/centurion-barrieres-levantes-installateurs\/","url":"https:\/\/www.centsys.com\/fr\/centurion-barrieres-levantes-installateurs\/","name":"Barri\u00e8res levantes CENTURION - Centurion Systems","isPartOf":{"@id":"https:\/\/www.centsys.com\/fr\/#website"},"datePublished":"2024-10-25T07:05:13+00:00","dateModified":"2026-03-16T11:58:39+00:00","description":"Les barri\u00e8res levantes CENTURION sont con\u00e7ues pour une installation rapide, avec une programmation avanc\u00e9e et des composants modulaires.","breadcrumb":{"@id":"https:\/\/www.centsys.com\/fr\/centurion-barrieres-levantes-installateurs\/#breadcrumb"},"inLanguage":"en-ZA","potentialAction":[{"@type":"ReadAction","target":["https:\/\/www.centsys.com\/fr\/centurion-barrieres-levantes-installateurs\/"]}]},{"@type":"BreadcrumbList","@id":"https:\/\/www.centsys.com\/fr\/centurion-barrieres-levantes-installateurs\/#breadcrumb","itemListElement":[{"@type":"ListItem","position":1,"name":"Home","item":"https:\/\/www.centsys.com\/fr\/"},{"@type":"ListItem","position":2,"name":"Barri\u00e8res levantes CENTURION"}]},{"@type":"WebSite","@id":"https:\/\/www.centsys.com\/fr\/#website","url":"https:\/\/www.centsys.com\/fr\/","name":"Centurion Systems French","description":"","potentialAction":[{"@type":"SearchAction","target":{"@type":"EntryPoint","urlTemplate":"https:\/\/www.centsys.com\/fr\/?s={search_term_string}"},"query-input":{"@type":"PropertyValueSpecification","valueRequired":true,"valueName":"search_term_string"}}],"inLanguage":"en-ZA"}]}},"_links":{"self":[{"href":"https:\/\/www.centsys.com\/fr\/wp-json\/wp\/v2\/pages\/1265","targetHints":{"allow":["GET"]}}],"collection":[{"href":"https:\/\/www.centsys.com\/fr\/wp-json\/wp\/v2\/pages"}],"about":[{"href":"https:\/\/www.centsys.com\/fr\/wp-json\/wp\/v2\/types\/page"}],"author":[{"embeddable":true,"href":"https:\/\/www.centsys.com\/fr\/wp-json\/wp\/v2\/users\/1"}],"replies":[{"embeddable":true,"href":"https:\/\/www.centsys.com\/fr\/wp-json\/wp\/v2\/comments?post=1265"}],"version-history":[{"count":7,"href":"https:\/\/www.centsys.com\/fr\/wp-json\/wp\/v2\/pages\/1265\/revisions"}],"predecessor-version":[{"id":32318,"href":"https:\/\/www.centsys.com\/fr\/wp-json\/wp\/v2\/pages\/1265\/revisions\/32318"}],"wp:attachment":[{"href":"https:\/\/www.centsys.com\/fr\/wp-json\/wp\/v2\/media?parent=1265"}],"curies":[{"name":"wp","href":"https:\/\/api.w.org\/{rel}","templated":true}]}}