{"id":1891,"date":"2024-10-30T23:59:10","date_gmt":"2024-10-30T21:59:10","guid":{"rendered":"https:\/\/www.centsys.co.za\/demo\/?page_id=1891"},"modified":"2026-03-02T23:12:18","modified_gmt":"2026-03-02T21:12:18","slug":"centurion-systems-barriere-levante-centinel","status":"publish","type":"page","link":"https:\/\/www.centsys.com\/fr\/centurion-systems-barriere-levante-centinel\/","title":{"rendered":"Barri\u00e8re levante CENTINEL de Centurion Systems"},"content":{"rendered":"<p>[et_pb_section fb_built=&#8221;1&#8243; admin_label=&#8221;Header&#8221; _builder_version=&#8221;4.16&#8243; _module_preset=&#8221;default&#8221; overflow-x=&#8221;hidden&#8221; overflow-y=&#8221;hidden&#8221; custom_padding=&#8221;||8px|||&#8221; global_colors_info=&#8221;{}&#8221;][et_pb_row column_structure=&#8221;3_5,2_5&#8243; make_equal=&#8221;on&#8221; _builder_version=&#8221;4.16&#8243; _module_preset=&#8221;default&#8221; global_colors_info=&#8221;{}&#8221;][et_pb_column type=&#8221;3_5&#8243; _builder_version=&#8221;4.16&#8243; _module_preset=&#8221;default&#8221; global_colors_info=&#8221;{}&#8221;][et_pb_text _builder_version=&#8221;4.27.4&#8243; _module_preset=&#8221;d72c0383-6487-4f2c-ac5c-7d48a6376757&#8243; header_font=&#8221;Open Sans|700|||||||&#8221; header_text_color=&#8221;#000000&#8243; header_font_size=&#8221;100px&#8221; header_line_height=&#8221;1.1em&#8221; header_font_size_tablet=&#8221;50px&#8221; header_font_size_phone=&#8221;30px&#8221; header_font_size_last_edited=&#8221;on|tablet&#8221; global_colors_info=&#8221;{}&#8221;]<\/p>\n<h1><span style=\"color: #82c341;\">CENTINEL<br \/>\n<\/span><\/h1>\n<p>[\/et_pb_text][et_pb_image src=&#8221;\/demo\/img\/prod\/barriers\/centinel\/CENTURION-CENTINEL-First-Product-Image.png&#8221; title_text=&#8221;camera-44&#8243; _builder_version=&#8221;4.27.4&#8243; _module_preset=&#8221;default&#8221; max_width_phone=&#8221;150px&#8221; max_width_last_edited=&#8221;off|desktop&#8221; global_colors_info=&#8221;{}&#8221;][\/et_pb_image][\/et_pb_column][et_pb_column type=&#8221;2_5&#8243; _builder_version=&#8221;4.16&#8243; _module_preset=&#8221;default&#8221; global_colors_info=&#8221;{}&#8221;][et_pb_image src=&#8221;https:\/\/www.centsys.co.za\/demo\/img\/prod\/barriers\/centinel\/CENTURION-CENTINEL-Manual-Traffic-Management-barrier.jpg&#8221; _builder_version=&#8221;4.27.4&#8243; _module_preset=&#8221;default&#8221; global_colors_info=&#8221;{}&#8221;][\/et_pb_image][\/et_pb_column][\/et_pb_row][et_pb_row _builder_version=&#8221;4.27.2&#8243; _module_preset=&#8221;default&#8221; global_colors_info=&#8221;{}&#8221;][et_pb_column type=&#8221;4_4&#8243; _builder_version=&#8221;4.27.2&#8243; _module_preset=&#8221;default&#8221; global_colors_info=&#8221;{}&#8221;][et_pb_text _builder_version=&#8221;4.27.4&#8243; _module_preset=&#8221;default&#8221; custom_css_main_element=&#8221;<\/p>\n<style>||  .mobile-break {||    display: none;||  }||||  @media (max-width: 768px) { \/* Adjust breakpoint as needed *\/||    .mobile-break {||      display: block;||    }||  }||<\/style>\n<p>&#8221; global_colors_info=&#8221;{}&#8221;]<\/p>\n<h1><strong>Barri\u00e8re de Circulation Manuelle CENTINEL : Contr\u00f4le Fiable pour Votre Propri\u00e9t\u00e9<\/strong><\/h1>\n<p>La <strong>Barri\u00e8re de Circulation Manuelle CENTINEL<\/strong> est une solution fiable et robuste pour g\u00e9rer l&#8217;acc\u00e8s des v\u00e9hicules \u00e0 un large \u00e9ventail de propri\u00e9t\u00e9s. Alliant simplicit\u00e9 et durabilit\u00e9, elle constitue une option efficace de contr\u00f4le manuel du trafic pour les applications r\u00e9sidentielles, commerciales et industrielles, garantissant une facilit\u00e9 d&#8217;utilisation et des performances durables.<\/p>\n<p><strong>Applications Polyvalentes<\/strong><\/p>\n<p>La Barri\u00e8re<strong> CENTINEL <\/strong>est con\u00e7ue pour r\u00e9pondre \u00e0 un grand nombre de besoins en mati\u00e8re de contr\u00f4le d&#8217;acc\u00e8s, notamment :<\/p>\n<ul class=\"spaced-list\">\n<li><strong>Les Entr\u00e9es des Parkings<\/strong><\/li>\n<li><strong>Les Domaines R\u00e9sidentiels Priv\u00e9s et les Communaut\u00e9s Prot\u00e9g\u00e9es par des Portails<\/strong><\/li>\n<li><strong>Les Points d&#8217;Acc\u00e8s des Immeubles de Bureaux<\/strong><\/li>\n<li><strong>Les Chantiers de Construction<\/strong><\/li>\n<li><strong>Les Entr\u00e9es d&#8217;Entrep\u00f4ts et les Terrains d&#8217;Usine<\/strong><\/li>\n<li><strong>Les Zones o\u00f9 les Exigences en mati\u00e8re de S\u00e9curit\u00e9 sont Faibles ou Moyennes<\/strong><\/li>\n<\/ul>\n<p>&nbsp;<\/p>\n<p>[\/et_pb_text][\/et_pb_column][\/et_pb_row][\/et_pb_section][et_pb_section fb_built=&#8221;1&#8243; _builder_version=&#8221;4.27.4&#8243; _module_preset=&#8221;default&#8221; background_color=&#8221;rgba(12,4,7,0.09)&#8221; custom_padding=&#8221;5px||0px|||&#8221; global_colors_info=&#8221;{}&#8221;][et_pb_row _builder_version=&#8221;4.27.4&#8243; _module_preset=&#8221;default&#8221; custom_padding=&#8221;15px||4px|||&#8221; global_colors_info=&#8221;{}&#8221;][et_pb_column type=&#8221;4_4&#8243; _builder_version=&#8221;4.27.4&#8243; _module_preset=&#8221;default&#8221; global_colors_info=&#8221;{}&#8221;][et_pb_text _builder_version=&#8221;4.27.4&#8243; _module_preset=&#8221;default&#8221; global_colors_info=&#8221;{}&#8221;]<\/p>\n<h1><strong>Pourquoi Choisir la Barri\u00e8re de Circulation Manuelle CENTINEL ?<\/strong><\/h1>\n<p>[\/et_pb_text][\/et_pb_column][\/et_pb_row][\/et_pb_section][et_pb_section fb_built=&#8221;1&#8243; admin_label=&#8221;Features&#8221; _builder_version=&#8221;4.16&#8243; _module_preset=&#8221;default&#8221; custom_padding=&#8221;5px|||||&#8221; locked=&#8221;off&#8221; global_colors_info=&#8221;{}&#8221;][et_pb_row column_structure=&#8221;1_3,1_3,1_3&#8243; _builder_version=&#8221;4.27.2&#8243; _module_preset=&#8221;default&#8221; global_colors_info=&#8221;{}&#8221;][et_pb_column type=&#8221;1_3&#8243; _builder_version=&#8221;4.16&#8243; _module_preset=&#8221;default&#8221; global_colors_info=&#8221;{}&#8221;][et_pb_blurb title=&#8221;Conception Durable et R\u00e9sistante aux Intemp\u00e9ries&#8221; use_icon=&#8221;on&#8221; font_icon=&#8221;&#xf75f;||fa||900&#8243; icon_color=&#8221;#000000&#8243; image_icon_width=&#8221;40px&#8221; icon_alignment=&#8221;left&#8221; content_max_width=&#8221;100%&#8221; _builder_version=&#8221;4.27.4&#8243; _module_preset=&#8221;6e712727-0993-4f47-a922-0032e4c3d8f6&#8243; header_font=&#8221;Open Sans|700|||||||&#8221; header_font_size=&#8221;20px&#8221; header_line_height=&#8221;1.2em&#8221; body_font=&#8221;Open Sans||||||||&#8221; animation=&#8221;off&#8221; header_font_size_tablet=&#8221;18px&#8221; header_font_size_phone=&#8221;16px&#8221; header_font_size_last_edited=&#8221;on|phone&#8221; body_font_size_tablet=&#8221;&#8221; body_font_size_phone=&#8221;13px&#8221; body_font_size_last_edited=&#8221;on|phone&#8221; locked=&#8221;off&#8221; global_colors_info=&#8221;{}&#8221;]<\/p>\n<p>Con\u00e7ue pour r\u00e9sister \u00e0 une utilisation quotidienne et \u00e0 des conditions environnementales difficiles, la Barri\u00e8re <strong>CENTINEL<\/strong> pr\u00e9sente les fonctionnalit\u00e9s suivantes :<\/p>\n<ul>\n<li><strong>Bo\u00eetier en Acier Doux Rev\u00eatu d&#8217;\u00c9poxy ou en Acier Inoxydable 3CR12<\/strong> : Offre une durabilit\u00e9 et une r\u00e9sistance exceptionnelles \u00e0 l&#8217;usure, \u00e0 la corrosion et aux \u00e9l\u00e9ments climatiques.<\/li>\n<\/ul>\n<p>[\/et_pb_blurb][\/et_pb_column][et_pb_column type=&#8221;1_3&#8243; _builder_version=&#8221;4.16&#8243; _module_preset=&#8221;default&#8221; global_colors_info=&#8221;{}&#8221;][et_pb_blurb title=&#8221;Entretien Minimal pour une Fiabilit\u00e9 \u00e0 Long Terme&#8221; use_icon=&#8221;on&#8221; font_icon=&#8221;&#xf7d9;||fa||900&#8243; icon_color=&#8221;#000000&#8243; image_icon_width=&#8221;40px&#8221; icon_alignment=&#8221;left&#8221; content_max_width=&#8221;100%&#8221; _builder_version=&#8221;4.27.4&#8243; _module_preset=&#8221;6e712727-0993-4f47-a922-0032e4c3d8f6&#8243; header_font=&#8221;Open Sans|700|||||||&#8221; header_font_size=&#8221;20px&#8221; header_line_height=&#8221;1.2em&#8221; body_font=&#8221;Open Sans||||||||&#8221; animation=&#8221;off&#8221; header_font_size_tablet=&#8221;18px&#8221; header_font_size_phone=&#8221;16px&#8221; header_font_size_last_edited=&#8221;on|phone&#8221; body_font_size_tablet=&#8221;&#8221; body_font_size_phone=&#8221;13px&#8221; body_font_size_last_edited=&#8221;on|phone&#8221; locked=&#8221;off&#8221; global_colors_info=&#8221;{}&#8221;]<\/p>\n<p>Con\u00e7ue avec des composants de haute qualit\u00e9, la Barri\u00e8re <strong>CENTINEL<\/strong> ne n\u00e9cessite pratiquement pas d&#8217;entretien, ce qui garantit un fonctionnement constant dans le temps et r\u00e9duit les difficult\u00e9s pour les utilisateurs.<\/p>\n<p>[\/et_pb_blurb][\/et_pb_column][et_pb_column type=&#8221;1_3&#8243; _builder_version=&#8221;4.16&#8243; _module_preset=&#8221;default&#8221; global_colors_info=&#8221;{}&#8221;][\/et_pb_column][\/et_pb_row][et_pb_row _builder_version=&#8221;4.27.4&#8243; _module_preset=&#8221;default&#8221; border_color_all=&#8221;#FFFFFF&#8221; border_width_bottom=&#8221;4px&#8221; global_colors_info=&#8221;{}&#8221;][et_pb_column type=&#8221;4_4&#8243; _builder_version=&#8221;4.16&#8243; _module_preset=&#8221;default&#8221; global_colors_info=&#8221;{}&#8221;][et_pb_text _builder_version=&#8221;4.27.4&#8243; _module_preset=&#8221;default&#8221; global_colors_info=&#8221;{}&#8221;]<\/p>\n<h1><strong>Contr\u00f4le Simple et Efficace de la Circulation<\/strong><\/h1>\n<p>La <strong>Barri\u00e8re de Circulation Manuelle CENTINEL<\/strong> combine une fonctionnalit\u00e9 simple avec une qualit\u00e9 de fabrication exceptionnelle pour fournir un contr\u00f4le d&#8217;acc\u00e8s fiable pour n&#8217;importe quelle propri\u00e9t\u00e9. Qu&#8217;il s&#8217;agisse de g\u00e9rer l&#8217;entr\u00e9e d&#8217;un parking, de contr\u00f4ler la circulation dans une communaut\u00e9 dot\u00e9e d&#8217;un portail ou de s\u00e9curiser l&#8217;acc\u00e8s \u00e0 un site industriel, la Barri\u00e8re <strong>CENTINEL<\/strong> offre des performances fiables sur lesquelles vous pouvez compter.<\/p>\n<p>Am\u00e9liorez votre propri\u00e9t\u00e9 avec la <strong>Barri\u00e8re de Circulation Manuelle CENTINEL<\/strong> aujourd&#8217;hui et profitez de l&#8217;\u00e9quilibre parfait entre la facilit\u00e9, la fiabilit\u00e9 et la durabilit\u00e9.<\/p>\n<p>[\/et_pb_text][et_pb_button button_url=&#8221;http:\/\/www.centsys.com\/fr\/centurion-barriere-levante-centinel-installateurs\/&#8221; button_text=&#8221;EN SAVOIR PLUS&#8221; button_alignment=&#8221;center&#8221; _builder_version=&#8221;4.27.5&#8243; _module_preset=&#8221;a93bd5f4-85ca-4af8-aab9-5954042d5969&#8243; custom_button=&#8221;on&#8221; button_text_size=&#8221;16px&#8221; button_text_color=&#8221;#FFFFFF&#8221; button_bg_color=&#8221;#82C341&#8243; button_border_width=&#8221;0px&#8221; button_border_radius=&#8221;0px&#8221; button_letter_spacing=&#8221;2px&#8221; button_font=&#8221;Open Sans|600||on|||||&#8221; custom_padding=&#8221;15px|30px|15px|30px|true|true&#8221; custom_padding_tablet=&#8221;13px|25px|13px|25px|true|true&#8221; custom_padding_phone=&#8221;10px|20px|10px|20px|true|true&#8221; custom_padding_last_edited=&#8221;on|phone&#8221; hover_enabled=&#8221;0&#8243; button_text_size_tablet=&#8221;15px&#8221; button_text_size_phone=&#8221;14px&#8221; button_text_size_last_edited=&#8221;on|phone&#8221; custom_css_main_element=&#8221;width: 100%&#8221; locked=&#8221;off&#8221; global_colors_info=&#8221;{}&#8221; button_bg_color__hover_enabled=&#8221;on|hover&#8221; button_bg_color__hover=&#8221;#383838&#8243; button_bg_enable_color__hover=&#8221;on&#8221; sticky_enabled=&#8221;0&#8243;][\/et_pb_button][\/et_pb_column][\/et_pb_row][\/et_pb_section][et_pb_section fb_built=&#8221;1&#8243; disabled_on=&#8221;on|on|on&#8221; _builder_version=&#8221;4.27.4&#8243; _module_preset=&#8221;default&#8221; background_color=&#8221;#e0e0e0&#8243; custom_padding=&#8221;0px||0px|||&#8221; disabled=&#8221;on&#8221; global_module=&#8221;2722&#8243; saved_tabs=&#8221;all&#8221; global_colors_info=&#8221;{}&#8221;][et_pb_row column_structure=&#8221;1_2,1_2&#8243; _builder_version=&#8221;4.27.4&#8243; _module_preset=&#8221;default&#8221; background_color=&#8221;#e0e0e0&#8243; width=&#8221;88%&#8221; max_width=&#8221;1596px&#8221; custom_margin=&#8221;|auto|-1px|auto|false|false&#8221; custom_padding=&#8221;32px||0px||false|false&#8221; global_colors_info=&#8221;{%22gcid-d116008b-ce49-46ea-9433-049c9562a0bc%22:%91%22background_color%22%93}&#8221;][et_pb_column type=&#8221;1_2&#8243; _builder_version=&#8221;4.27.4&#8243; _module_preset=&#8221;default&#8221; global_colors_info=&#8221;{}&#8221;][et_pb_image src=&#8221;\/demo\/img\/ctsi\/CENTURION-SYSTEMS-Certified-Trained-Installer-Finder.jpg&#8221; title_text=&#8221;camera-47&#8243; _builder_version=&#8221;4.27.4&#8243; _module_preset=&#8221;default&#8221; border_radii=&#8221;on|15px|15px|15px|15px&#8221; global_colors_info=&#8221;{}&#8221;][\/et_pb_image][\/et_pb_column][et_pb_column type=&#8221;1_2&#8243; _builder_version=&#8221;4.16&#8243; _module_preset=&#8221;default&#8221; custom_padding=&#8221;|70px|70px||false|false&#8221; custom_padding_tablet=&#8221;|30px|30px|30px|false|true&#8221; custom_padding_phone=&#8221;0px|20px||20px|false|true&#8221; custom_padding_last_edited=&#8221;on|tablet&#8221; global_colors_info=&#8221;{}&#8221;][et_pb_text _builder_version=&#8221;4.27.4&#8243; _module_preset=&#8221;32021f09-dd67-47fb-8f9a-832b72a38baf&#8221; header_font=&#8221;|&#8211;et_global_heading_font_weight|||||||&#8221; header_text_color=&#8221;#82C341&#8243; header_2_font=&#8221;&#8211;et_global_heading_font|&#8211;et_global_heading_font_weight|||||||&#8221; header_2_text_color=&#8221;#82C341&#8243; header_2_font_size=&#8221;50px&#8221; header_2_line_height=&#8221;1.2em&#8221; custom_margin=&#8221;||0px||false|false&#8221; header_2_font_size_tablet=&#8221;32px&#8221; header_2_font_size_phone=&#8221;18px&#8221; header_2_font_size_last_edited=&#8221;on|tablet&#8221; locked=&#8221;off&#8221; global_colors_info=&#8221;{}&#8221;]<\/p>\n<h2>Find a Trusted Professional near you.<\/h2>\n<p>[\/et_pb_text][et_pb_text _builder_version=&#8221;4.27.4&#8243; _module_preset=&#8221;aec0be99-8a53-4f75-abf2-64f29a8b4cc2&#8243; text_font=&#8221;&#8211;et_global_body_font||||||||&#8221; text_font_size_tablet=&#8221;16px&#8221; text_font_size_phone=&#8221;13px&#8221; text_font_size_last_edited=&#8221;on|tablet&#8221; global_colors_info=&#8221;{}&#8221;]<\/p>\n<p>Specially trained and certified to provide maintenance, installations and repairs of all Centurion Systems SM\u0394RT Motors.<\/p>\n<p>[\/et_pb_text][et_pb_button button_url=&#8221;https:\/\/smart.centsys.co.za\/Pages\/ClientSearch\/ClientSearch&#8221; button_text=&#8221;LOCATE AN INSTALLER NEAR YOU&#8221; button_alignment=&#8221;center&#8221; _builder_version=&#8221;4.27.4&#8243; _module_preset=&#8221;a93bd5f4-85ca-4af8-aab9-5954042d5969&#8243; custom_button=&#8221;on&#8221; button_text_size=&#8221;16px&#8221; button_text_color=&#8221;#FFFFFF&#8221; button_bg_color=&#8221;#82C341&#8243; button_border_width=&#8221;0px&#8221; button_border_radius=&#8221;5px&#8221; button_letter_spacing=&#8221;2px&#8221; button_font=&#8221;Open Sans|600||on|||||&#8221; custom_padding=&#8221;15px|30px|15px|30px|true|true&#8221; custom_padding_tablet=&#8221;13px|25px|13px|25px|true|true&#8221; custom_padding_phone=&#8221;10px|20px|10px|20px|true|true&#8221; custom_padding_last_edited=&#8221;on|phone&#8221; button_text_size_tablet=&#8221;15px&#8221; button_text_size_phone=&#8221;14px&#8221; button_text_size_last_edited=&#8221;on|phone&#8221; custom_css_main_element=&#8221;width:100%;&#8221; locked=&#8221;off&#8221; global_colors_info=&#8221;{}&#8221; button_bg_color__hover_enabled=&#8221;on|hover&#8221; button_bg_color__hover=&#8221;#82C341&#8243; button_bg_enable_color__hover=&#8221;on&#8221;][\/et_pb_button][\/et_pb_column][\/et_pb_row][\/et_pb_section]<\/p>\n","protected":false},"excerpt":{"rendered":"<p>La barri\u00e8re levante manuelle CENTINEL est une solution fiable et robuste pour g\u00e9rer l\u2019acc\u00e8s des v\u00e9hicules sur une large gamme de sites.<\/p>\n","protected":false},"author":1,"featured_media":0,"parent":0,"menu_order":0,"comment_status":"closed","ping_status":"closed","template":"","meta":{"_et_pb_use_builder":"on","_et_pb_old_content":"","_et_gb_content_width":"","_joinchat":[],"footnotes":""},"class_list":["post-1891","page","type-page","status-publish","hentry"],"yoast_head":"<!-- This site is optimized with the Yoast SEO plugin v27.3 - https:\/\/yoast.com\/product\/yoast-seo-wordpress\/ -->\r\n<title>Barri\u00e8re levante CENTINEL de Centurion Systems - Centurion Systems<\/title>\r\n<meta name=\"description\" content=\"La barri\u00e8re levante manuelle CENTINEL est une solution fiable et robuste pour g\u00e9rer l\u2019acc\u00e8s des v\u00e9hicules sur une large gamme de sites.\" \/>\r\n<meta name=\"robots\" content=\"index, follow, max-snippet:-1, max-image-preview:large, max-video-preview:-1\" \/>\r\n<link rel=\"canonical\" href=\"https:\/\/www.centsys.com\/fr\/centurion-systems-barriere-levante-centinel\/\" \/>\r\n<meta property=\"og:locale\" content=\"en_US\" \/>\r\n<meta property=\"og:type\" content=\"article\" \/>\r\n<meta property=\"og:title\" content=\"Barri\u00e8re levante CENTINEL de Centurion Systems - Centurion Systems\" \/>\r\n<meta property=\"og:description\" content=\"La barri\u00e8re levante manuelle CENTINEL est une solution fiable et robuste pour g\u00e9rer l\u2019acc\u00e8s des v\u00e9hicules sur une large gamme de sites.\" \/>\r\n<meta property=\"og:url\" content=\"https:\/\/www.centsys.com\/fr\/centurion-systems-barriere-levante-centinel\/\" \/>\r\n<meta property=\"og:site_name\" content=\"Centurion Systems French\" \/>\r\n<meta property=\"article:modified_time\" content=\"2026-03-02T21:12:18+00:00\" \/>\r\n<meta name=\"twitter:card\" content=\"summary_large_image\" \/>\r\n<meta name=\"twitter:label1\" content=\"Est. reading time\" \/>\n\t<meta name=\"twitter:data1\" content=\"2 minutes\" \/>\r\n<script type=\"application\/ld+json\" class=\"yoast-schema-graph\">{\"@context\":\"https:\\\/\\\/schema.org\",\"@graph\":[{\"@type\":\"WebPage\",\"@id\":\"https:\\\/\\\/www.centsys.com\\\/fr\\\/centurion-systems-barriere-levante-centinel\\\/\",\"url\":\"https:\\\/\\\/www.centsys.com\\\/fr\\\/centurion-systems-barriere-levante-centinel\\\/\",\"name\":\"Barri\u00e8re levante CENTINEL de Centurion Systems - Centurion Systems\",\"isPartOf\":{\"@id\":\"https:\\\/\\\/www.centsys.com\\\/fr\\\/#website\"},\"datePublished\":\"2024-10-30T21:59:10+00:00\",\"dateModified\":\"2026-03-02T21:12:18+00:00\",\"description\":\"La barri\u00e8re levante manuelle CENTINEL est une solution fiable et robuste pour g\u00e9rer l\u2019acc\u00e8s des v\u00e9hicules sur une large gamme de sites.\",\"breadcrumb\":{\"@id\":\"https:\\\/\\\/www.centsys.com\\\/fr\\\/centurion-systems-barriere-levante-centinel\\\/#breadcrumb\"},\"inLanguage\":\"en-ZA\",\"potentialAction\":[{\"@type\":\"ReadAction\",\"target\":[\"https:\\\/\\\/www.centsys.com\\\/fr\\\/centurion-systems-barriere-levante-centinel\\\/\"]}]},{\"@type\":\"BreadcrumbList\",\"@id\":\"https:\\\/\\\/www.centsys.com\\\/fr\\\/centurion-systems-barriere-levante-centinel\\\/#breadcrumb\",\"itemListElement\":[{\"@type\":\"ListItem\",\"position\":1,\"name\":\"Home\",\"item\":\"https:\\\/\\\/www.centsys.com\\\/fr\\\/\"},{\"@type\":\"ListItem\",\"position\":2,\"name\":\"Barri\u00e8re levante CENTINEL de Centurion Systems\"}]},{\"@type\":\"WebSite\",\"@id\":\"https:\\\/\\\/www.centsys.com\\\/fr\\\/#website\",\"url\":\"https:\\\/\\\/www.centsys.com\\\/fr\\\/\",\"name\":\"Centurion Systems French\",\"description\":\"\",\"potentialAction\":[{\"@type\":\"SearchAction\",\"target\":{\"@type\":\"EntryPoint\",\"urlTemplate\":\"https:\\\/\\\/www.centsys.com\\\/fr\\\/?s={search_term_string}\"},\"query-input\":{\"@type\":\"PropertyValueSpecification\",\"valueRequired\":true,\"valueName\":\"search_term_string\"}}],\"inLanguage\":\"en-ZA\"}]}<\/script>\r\n<!-- \/ Yoast SEO plugin. -->","yoast_head_json":{"title":"Barri\u00e8re levante CENTINEL de Centurion Systems - Centurion Systems","description":"La barri\u00e8re levante manuelle CENTINEL est une solution fiable et robuste pour g\u00e9rer l\u2019acc\u00e8s des v\u00e9hicules sur une large gamme de sites.","robots":{"index":"index","follow":"follow","max-snippet":"max-snippet:-1","max-image-preview":"max-image-preview:large","max-video-preview":"max-video-preview:-1"},"canonical":"https:\/\/www.centsys.com\/fr\/centurion-systems-barriere-levante-centinel\/","og_locale":"en_US","og_type":"article","og_title":"Barri\u00e8re levante CENTINEL de Centurion Systems - Centurion Systems","og_description":"La barri\u00e8re levante manuelle CENTINEL est une solution fiable et robuste pour g\u00e9rer l\u2019acc\u00e8s des v\u00e9hicules sur une large gamme de sites.","og_url":"https:\/\/www.centsys.com\/fr\/centurion-systems-barriere-levante-centinel\/","og_site_name":"Centurion Systems French","article_modified_time":"2026-03-02T21:12:18+00:00","twitter_card":"summary_large_image","twitter_misc":{"Est. reading time":"2 minutes"},"schema":{"@context":"https:\/\/schema.org","@graph":[{"@type":"WebPage","@id":"https:\/\/www.centsys.com\/fr\/centurion-systems-barriere-levante-centinel\/","url":"https:\/\/www.centsys.com\/fr\/centurion-systems-barriere-levante-centinel\/","name":"Barri\u00e8re levante CENTINEL de Centurion Systems - Centurion Systems","isPartOf":{"@id":"https:\/\/www.centsys.com\/fr\/#website"},"datePublished":"2024-10-30T21:59:10+00:00","dateModified":"2026-03-02T21:12:18+00:00","description":"La barri\u00e8re levante manuelle CENTINEL est une solution fiable et robuste pour g\u00e9rer l\u2019acc\u00e8s des v\u00e9hicules sur une large gamme de sites.","breadcrumb":{"@id":"https:\/\/www.centsys.com\/fr\/centurion-systems-barriere-levante-centinel\/#breadcrumb"},"inLanguage":"en-ZA","potentialAction":[{"@type":"ReadAction","target":["https:\/\/www.centsys.com\/fr\/centurion-systems-barriere-levante-centinel\/"]}]},{"@type":"BreadcrumbList","@id":"https:\/\/www.centsys.com\/fr\/centurion-systems-barriere-levante-centinel\/#breadcrumb","itemListElement":[{"@type":"ListItem","position":1,"name":"Home","item":"https:\/\/www.centsys.com\/fr\/"},{"@type":"ListItem","position":2,"name":"Barri\u00e8re levante CENTINEL de Centurion Systems"}]},{"@type":"WebSite","@id":"https:\/\/www.centsys.com\/fr\/#website","url":"https:\/\/www.centsys.com\/fr\/","name":"Centurion Systems French","description":"","potentialAction":[{"@type":"SearchAction","target":{"@type":"EntryPoint","urlTemplate":"https:\/\/www.centsys.com\/fr\/?s={search_term_string}"},"query-input":{"@type":"PropertyValueSpecification","valueRequired":true,"valueName":"search_term_string"}}],"inLanguage":"en-ZA"}]}},"_links":{"self":[{"href":"https:\/\/www.centsys.com\/fr\/wp-json\/wp\/v2\/pages\/1891","targetHints":{"allow":["GET"]}}],"collection":[{"href":"https:\/\/www.centsys.com\/fr\/wp-json\/wp\/v2\/pages"}],"about":[{"href":"https:\/\/www.centsys.com\/fr\/wp-json\/wp\/v2\/types\/page"}],"author":[{"embeddable":true,"href":"https:\/\/www.centsys.com\/fr\/wp-json\/wp\/v2\/users\/1"}],"replies":[{"embeddable":true,"href":"https:\/\/www.centsys.com\/fr\/wp-json\/wp\/v2\/comments?post=1891"}],"version-history":[{"count":4,"href":"https:\/\/www.centsys.com\/fr\/wp-json\/wp\/v2\/pages\/1891\/revisions"}],"predecessor-version":[{"id":32175,"href":"https:\/\/www.centsys.com\/fr\/wp-json\/wp\/v2\/pages\/1891\/revisions\/32175"}],"wp:attachment":[{"href":"https:\/\/www.centsys.com\/fr\/wp-json\/wp\/v2\/media?parent=1891"}],"curies":[{"name":"wp","href":"https:\/\/api.w.org\/{rel}","templated":true}]}}