{"id":2082,"date":"2024-11-04T14:16:15","date_gmt":"2024-11-04T12:16:15","guid":{"rendered":"https:\/\/www.centsys.co.za\/demo\/?page_id=2082"},"modified":"2026-03-04T11:17:54","modified_gmt":"2026-03-04T09:17:54","slug":"centurion-systems-bord-sensible-passif","status":"publish","type":"page","link":"https:\/\/www.centsys.com\/fr\/centurion-systems-bord-sensible-passif\/","title":{"rendered":"Bord sensible passif de Centurion Systems"},"content":{"rendered":"<p>[et_pb_section fb_built=&#8221;1&#8243; admin_label=&#8221;Header&#8221; _builder_version=&#8221;4.16&#8243; _module_preset=&#8221;default&#8221; overflow-x=&#8221;hidden&#8221; overflow-y=&#8221;hidden&#8221; custom_padding=&#8221;||8px|||&#8221; global_colors_info=&#8221;{}&#8221;][et_pb_row column_structure=&#8221;3_5,2_5&#8243; make_equal=&#8221;on&#8221; _builder_version=&#8221;4.16&#8243; _module_preset=&#8221;default&#8221; global_colors_info=&#8221;{}&#8221;][et_pb_column type=&#8221;3_5&#8243; _builder_version=&#8221;4.16&#8243; _module_preset=&#8221;default&#8221; global_colors_info=&#8221;{}&#8221;][et_pb_text _builder_version=&#8221;4.27.4&#8243; _module_preset=&#8221;d72c0383-6487-4f2c-ac5c-7d48a6376757&#8243; header_font=&#8221;Open Sans|700|||||||&#8221; header_text_color=&#8221;#000000&#8243; header_font_size=&#8221;100px&#8221; header_line_height=&#8221;1.1em&#8221; header_font_size_tablet=&#8221;50px&#8221; header_font_size_phone=&#8221;30px&#8221; header_font_size_last_edited=&#8221;on|tablet&#8221; global_colors_info=&#8221;{}&#8221;]<\/p>\n<h1><span style=\"color: #82c341;\">BORD SENSIBLE PASSIF\u00a0<\/span><\/h1>\n<p>[\/et_pb_text][et_pb_image src=&#8221;\/demo\/img\/prod\/accessories\/edge\/Centurion-Systems-Passive-Edge.jpg&#8221; title_text=&#8221;camera-44&#8243; _builder_version=&#8221;4.27.4&#8243; _module_preset=&#8221;default&#8221; max_width_phone=&#8221;150px&#8221; max_width_last_edited=&#8221;off|desktop&#8221; global_colors_info=&#8221;{}&#8221;][\/et_pb_image][\/et_pb_column][et_pb_column type=&#8221;2_5&#8243; _builder_version=&#8221;4.16&#8243; _module_preset=&#8221;default&#8221; global_colors_info=&#8221;{}&#8221;][et_pb_image src=&#8221;https:\/\/www.centsys.co.za\/demo\/img\/prod\/accessories\/edge\/CENTURION-SENSITIVE-EDGE-In-Action.jpg&#8221; _builder_version=&#8221;4.27.4&#8243; _module_preset=&#8221;default&#8221; border_radii=&#8221;on|5px|5px|5px|5px&#8221; global_colors_info=&#8221;{}&#8221;][\/et_pb_image][\/et_pb_column][\/et_pb_row][et_pb_row _builder_version=&#8221;4.27.2&#8243; _module_preset=&#8221;default&#8221; global_colors_info=&#8221;{}&#8221;][et_pb_column type=&#8221;4_4&#8243; _builder_version=&#8221;4.27.2&#8243; _module_preset=&#8221;default&#8221; global_colors_info=&#8221;{}&#8221;][et_pb_text _builder_version=&#8221;4.27.5&#8243; _module_preset=&#8221;default&#8221; hover_enabled=&#8221;0&#8243; global_colors_info=&#8221;{}&#8221; header_font_size=&#8221;29px&#8221; sticky_enabled=&#8221;0&#8243;]<\/p>\n<h1><strong>Bord sensible passif : S\u00e9curit\u00e9 Suppl\u00e9mentaire pour votre Portail Automatis\u00e9<\/strong><\/h1>\n<p>Le <strong>Bord Sensible Passif<\/strong> est une solution de s\u00e9curit\u00e9 simple mais tr\u00e8s efficace pour les <strong>portails coulissants automatis\u00e9s<\/strong>. Il fournit un <strong>tampon en mousse souple<\/strong> qui prot\u00e8ge contre <strong>le frottement, le tra\u00eenage et le cisaillement<\/strong>. Con\u00e7u pour une <strong>installation sans effort<\/strong> <strong>et une fiabilit\u00e9 \u00e0 long terme<\/strong>, il am\u00e9liore la s\u00e9curit\u00e9 des <strong>habitations<\/strong>, des <strong>entreprises<\/strong> et des <strong>sites industriels<\/strong> sans n\u00e9cessiter de c\u00e2blage complexe ni d&#8217;entretien permanent.<\/p>\n<p><strong>Applications<\/strong><\/p>\n<p>Le <strong>Bord Sensible Passif<\/strong> est id\u00e9al pour :<\/p>\n<ul>\n<li><strong>Les Portails Coulissants R\u00e9sidentiels<\/strong> \u2013 Assurez la s\u00e9curit\u00e9 de votre famille, de vos animaux de compagnie et de votre propri\u00e9t\u00e9.<\/li>\n<li><strong>Les Entr\u00e9es Commerciales<\/strong> \u2013 Prot\u00e9gezez les employ\u00e9s, les clients et les v\u00e9hicules de tout contact accidentel.<\/li>\n<li><strong>Les Portails Industriels<\/strong> \u2013 \u00c9vitez que les \u00e9quipements ne soient endommag\u00e9s et am\u00e9liorez la s\u00e9curit\u00e9 sur le lieu de travail.<\/li>\n<\/ul>\n<ul><\/ul>\n<p>[\/et_pb_text][\/et_pb_column][\/et_pb_row][\/et_pb_section][et_pb_section fb_built=&#8221;1&#8243; _builder_version=&#8221;4.27.4&#8243; _module_preset=&#8221;default&#8221; background_color=&#8221;rgba(12,4,7,0.09)&#8221; custom_padding=&#8221;5px||0px|||&#8221; global_colors_info=&#8221;{}&#8221;][et_pb_row _builder_version=&#8221;4.27.4&#8243; _module_preset=&#8221;default&#8221; custom_padding=&#8221;15px||4px|||&#8221; global_colors_info=&#8221;{}&#8221;][et_pb_column type=&#8221;4_4&#8243; _builder_version=&#8221;4.27.4&#8243; _module_preset=&#8221;default&#8221; global_colors_info=&#8221;{}&#8221;][et_pb_text _builder_version=&#8221;4.27.4&#8243; _module_preset=&#8221;default&#8221; global_colors_info=&#8221;{}&#8221;]<\/p>\n<h1><strong>Pourquoi Choisir le Bord Sensible Passif ?<\/strong><\/h1>\n<p>[\/et_pb_text][\/et_pb_column][\/et_pb_row][\/et_pb_section][et_pb_section fb_built=&#8221;1&#8243; admin_label=&#8221;Features&#8221; _builder_version=&#8221;4.16&#8243; _module_preset=&#8221;default&#8221; custom_padding=&#8221;5px|||||&#8221; locked=&#8221;off&#8221; global_colors_info=&#8221;{}&#8221;][et_pb_row column_structure=&#8221;1_3,1_3,1_3&#8243; _builder_version=&#8221;4.27.2&#8243; _module_preset=&#8221;default&#8221; global_colors_info=&#8221;{}&#8221;][et_pb_column type=&#8221;1_3&#8243; _builder_version=&#8221;4.16&#8243; _module_preset=&#8221;default&#8221; global_colors_info=&#8221;{}&#8221;][et_pb_blurb title=&#8221;S\u00e9curit\u00e9 Renforc\u00e9e du Portail&#8221; use_icon=&#8221;on&#8221; font_icon=&#8221;&#xf505;||fa||900&#8243; icon_color=&#8221;#000000&#8243; image_icon_width=&#8221;40px&#8221; icon_alignment=&#8221;left&#8221; content_max_width=&#8221;100%&#8221; _builder_version=&#8221;4.27.4&#8243; _module_preset=&#8221;6e712727-0993-4f47-a922-0032e4c3d8f6&#8243; header_font=&#8221;Open Sans|700|||||||&#8221; header_font_size=&#8221;20px&#8221; header_line_height=&#8221;1.2em&#8221; body_font=&#8221;Open Sans||||||||&#8221; animation=&#8221;off&#8221; header_font_size_tablet=&#8221;18px&#8221; header_font_size_phone=&#8221;16px&#8221; header_font_size_last_edited=&#8221;on|phone&#8221; body_font_size_tablet=&#8221;&#8221; body_font_size_phone=&#8221;13px&#8221; body_font_size_last_edited=&#8221;on|phone&#8221; locked=&#8221;off&#8221; global_colors_info=&#8221;{}&#8221;]<\/p>\n<p>Il sert de <strong>tampon protecteur<\/strong>, r\u00e9duisant le risque de blessures ou de dommages en absorbant les chocs pendant le fonctionnement du portail.<\/p>\n<p>[\/et_pb_blurb][\/et_pb_column][et_pb_column type=&#8221;1_3&#8243; _builder_version=&#8221;4.16&#8243; _module_preset=&#8221;default&#8221; global_colors_info=&#8221;{}&#8221;][et_pb_blurb title=&#8221;Pas de C\u00e2blage N\u00e9cessaire&#8221; use_icon=&#8221;on&#8221; font_icon=&#8221;&#x60;||divi||400&#8243; icon_color=&#8221;#000000&#8243; image_icon_width=&#8221;40px&#8221; icon_alignment=&#8221;left&#8221; content_max_width=&#8221;100%&#8221; _builder_version=&#8221;4.27.4&#8243; _module_preset=&#8221;6e712727-0993-4f47-a922-0032e4c3d8f6&#8243; header_font=&#8221;Open Sans|700|||||||&#8221; header_font_size=&#8221;20px&#8221; header_line_height=&#8221;1.2em&#8221; body_font=&#8221;Open Sans||||||||&#8221; animation=&#8221;off&#8221; header_font_size_tablet=&#8221;18px&#8221; header_font_size_phone=&#8221;16px&#8221; header_font_size_last_edited=&#8221;on|phone&#8221; body_font_size_tablet=&#8221;&#8221; body_font_size_phone=&#8221;13px&#8221; body_font_size_last_edited=&#8221;on|phone&#8221; locked=&#8221;off&#8221; global_colors_info=&#8221;{}&#8221;]<\/p>\n<p>Contrairement aux bords sensibles \u00e9lectroniques, ce syst\u00e8me passif <strong>ne n\u00e9cessite pas d&#8217;alimentation \u00e9lectrique ni de connexions c\u00e2bl\u00e9es<\/strong>, ce qui rend l&#8217;installation rapide et sans probl\u00e8me.<\/p>\n<p>[\/et_pb_blurb][\/et_pb_column][et_pb_column type=&#8221;1_3&#8243; _builder_version=&#8221;4.16&#8243; _module_preset=&#8221;default&#8221; global_colors_info=&#8221;{}&#8221;][et_pb_blurb title=&#8221;Compatibilit\u00e9 Universelle&#8221; use_icon=&#8221;on&#8221; font_icon=&#8221;&#x2b;||divi||400&#8243; icon_color=&#8221;#000000&#8243; image_icon_width=&#8221;40px&#8221; icon_alignment=&#8221;left&#8221; content_max_width=&#8221;100%&#8221; _builder_version=&#8221;4.27.4&#8243; _module_preset=&#8221;6e712727-0993-4f47-a922-0032e4c3d8f6&#8243; header_font=&#8221;Open Sans|700|||||||&#8221; header_font_size=&#8221;20px&#8221; header_line_height=&#8221;1.2em&#8221; body_font=&#8221;Open Sans||||||||&#8221; animation=&#8221;off&#8221; header_font_size_tablet=&#8221;18px&#8221; header_font_size_phone=&#8221;16px&#8221; header_font_size_last_edited=&#8221;on|phone&#8221; body_font_size_tablet=&#8221;&#8221; body_font_size_phone=&#8221;13px&#8221; body_font_size_last_edited=&#8221;on|phone&#8221; locked=&#8221;off&#8221; global_colors_info=&#8221;{}&#8221;]<\/p>\n<p>Il est con\u00e7u pour fonctionner avec une <strong>large gamme de portails coulissants automatis\u00e9s<\/strong>, qu&#8217;ils soient install\u00e9s dans une <strong>propri\u00e9t\u00e9 r\u00e9sidentielle, commerciale ou industrielle<\/strong>.<\/p>\n<p>&nbsp;<\/p>\n<p>[\/et_pb_blurb][\/et_pb_column][\/et_pb_row][et_pb_row column_structure=&#8221;1_3,1_3,1_3&#8243; _builder_version=&#8221;4.27.4&#8243; _module_preset=&#8221;default&#8221; custom_padding=&#8221;||5px|||&#8221; global_colors_info=&#8221;{}&#8221;][et_pb_column type=&#8221;1_3&#8243; _builder_version=&#8221;4.16&#8243; _module_preset=&#8221;default&#8221; global_colors_info=&#8221;{}&#8221;][et_pb_blurb title=&#8221;Pas Besoin d&#8217;Entretien&#8221; use_icon=&#8221;on&#8221; font_icon=&#8221;&#xf684;||fa||900&#8243; icon_color=&#8221;#000000&#8243; image_icon_width=&#8221;40px&#8221; icon_alignment=&#8221;left&#8221; content_max_width=&#8221;100%&#8221; _builder_version=&#8221;4.27.4&#8243; _module_preset=&#8221;6e712727-0993-4f47-a922-0032e4c3d8f6&#8243; header_font=&#8221;Open Sans|700|||||||&#8221; header_font_size=&#8221;20px&#8221; header_line_height=&#8221;1.2em&#8221; body_font=&#8221;Open Sans||||||||&#8221; animation=&#8221;off&#8221; header_font_size_tablet=&#8221;18px&#8221; header_font_size_phone=&#8221;16px&#8221; header_font_size_last_edited=&#8221;on|phone&#8221; body_font_size_tablet=&#8221;&#8221; body_font_size_phone=&#8221;13px&#8221; body_font_size_last_edited=&#8221;on|phone&#8221; locked=&#8221;off&#8221; global_colors_info=&#8221;{}&#8221;]<\/p>\n<p>Gr\u00e2ce \u00e0 sa <strong>conception non \u00e9lectronique<\/strong>, le Bord Sensible Passif ne n\u00e9cessite <strong>aucun entretien ou maintenance continue<\/strong>, ce qui garantit une <strong>protection durable<\/strong> sans co\u00fbts suppl\u00e9mentaires.<\/p>\n<p>[\/et_pb_blurb][\/et_pb_column][et_pb_column type=&#8221;1_3&#8243; _builder_version=&#8221;4.16&#8243; _module_preset=&#8221;default&#8221; global_colors_info=&#8221;{}&#8221;][\/et_pb_column][et_pb_column type=&#8221;1_3&#8243; _builder_version=&#8221;4.16&#8243; _module_preset=&#8221;default&#8221; global_colors_info=&#8221;{}&#8221;][\/et_pb_column][\/et_pb_row][\/et_pb_section][et_pb_section fb_built=&#8221;1&#8243; admin_label=&#8221;Call to Action&#8221; _builder_version=&#8221;4.16&#8243; _module_preset=&#8221;default&#8221; overflow-x=&#8221;hidden&#8221; overflow-y=&#8221;hidden&#8221; global_colors_info=&#8221;{}&#8221;][et_pb_row column_structure=&#8221;1_2,1_2&#8243; _builder_version=&#8221;4.27.4&#8243; _module_preset=&#8221;default&#8221; global_colors_info=&#8221;{}&#8221;][et_pb_column type=&#8221;1_2&#8243; _builder_version=&#8221;4.27.4&#8243; _module_preset=&#8221;default&#8221; z_index=&#8221;10&#8243; custom_padding=&#8221;||40px||false|false&#8221; border_color_all=&#8221;#000000&#8243; global_colors_info=&#8221;{}&#8221;][et_pb_text _builder_version=&#8221;4.27.4&#8243; _module_preset=&#8221;32021f09-dd67-47fb-8f9a-832b72a38baf&#8221; header_2_font=&#8221;Open Sans|700|||||||&#8221; header_2_text_color=&#8221;#000000&#8243; header_2_font_size=&#8221;50px&#8221; header_2_line_height=&#8221;1.2em&#8221; custom_margin=&#8221;||10px||false|false&#8221; header_2_font_size_tablet=&#8221;32px&#8221; header_2_font_size_phone=&#8221;18px&#8221; header_2_font_size_last_edited=&#8221;on|tablet&#8221; locked=&#8221;off&#8221; global_colors_info=&#8221;{}&#8221;]<\/p>\n<h2><strong>Une Solution de S\u00e9curit\u00e9 Simple et Fiable<\/strong><\/h2>\n<p>[\/et_pb_text][et_pb_text _builder_version=&#8221;4.27.4&#8243; _module_preset=&#8221;16a54059-cc81-4572-9c70-eda6a6c419bf&#8221; text_font=&#8221;Open Sans|500|||||||&#8221; text_text_color=&#8221;#000000&#8243; text_line_height=&#8221;1.8em&#8221; link_font=&#8221;||||on||||&#8221; link_text_color=&#8221;#000000&#8243; ul_line_height=&#8221;2em&#8221; text_font_size_tablet=&#8221;15px&#8221; text_font_size_phone=&#8221;13px&#8221; text_font_size_last_edited=&#8221;on|phone&#8221; header_font_size_tablet=&#8221;55px&#8221; header_font_size_last_edited=&#8221;off|desktop&#8221; locked=&#8221;off&#8221; global_colors_info=&#8221;{}&#8221;]<span style=\"color: #808080;\">Avec une <strong>installation rapide<\/strong>, <strong>sans c\u00e2blage et sans entretien<\/strong>, le <strong>Bord Sensible Passif<\/strong> est <strong>l&#8217;am\u00e9lioration parfaite de la s\u00e9curit\u00e9 de votre portail automatis\u00e9<\/strong>.<\/span><\/p>\n<p><span style=\"color: #808080;\"><strong>Am\u00e9liorez d\u00e8s aujourd&#8217;hui la s\u00e9curit\u00e9 de votre portail avec le Bord Sensible Passif !<\/strong><\/span>[\/et_pb_text][\/et_pb_column][et_pb_column type=&#8221;1_2&#8243; _builder_version=&#8221;4.16&#8243; _module_preset=&#8221;default&#8221; global_colors_info=&#8221;{}&#8221;][et_pb_image src=&#8221;https:\/\/www.centsys.co.za\/demo\/img\/prod\/accessories\/edge\/Centurion-Systems-Passive-Edge.jpg&#8221; _builder_version=&#8221;4.27.4&#8243; _module_preset=&#8221;default&#8221; global_colors_info=&#8221;{}&#8221;][\/et_pb_image][\/et_pb_column][\/et_pb_row][et_pb_row _builder_version=&#8221;4.27.4&#8243; _module_preset=&#8221;default&#8221; global_colors_info=&#8221;{}&#8221;][et_pb_column type=&#8221;4_4&#8243; _builder_version=&#8221;4.27.4&#8243; _module_preset=&#8221;default&#8221; global_colors_info=&#8221;{}&#8221;][et_pb_button button_url=&#8221;http:\/\/www.centsys.com\/fr\/centurion-bord-sensible-passif-installateurs\/&#8221; button_text=&#8221;ASPECTS TECHNIQUES DU BORD SENSIBLE PASSIF &#8221; button_alignment=&#8221;center&#8221; _builder_version=&#8221;4.27.5&#8243; _module_preset=&#8221;a93bd5f4-85ca-4af8-aab9-5954042d5969&#8243; custom_button=&#8221;on&#8221; button_text_size=&#8221;16px&#8221; button_text_color=&#8221;#FFFFFF&#8221; button_bg_color=&#8221;#82C341&#8243; button_border_width=&#8221;0px&#8221; button_border_radius=&#8221;5px&#8221; button_letter_spacing=&#8221;2px&#8221; button_font=&#8221;Open Sans|600||on|||||&#8221; custom_padding=&#8221;15px|30px|15px|30px|true|true&#8221; custom_padding_tablet=&#8221;13px|25px|13px|25px|true|true&#8221; custom_padding_phone=&#8221;10px|20px|10px|20px|true|true&#8221; custom_padding_last_edited=&#8221;on|phone&#8221; button_text_size_tablet=&#8221;15px&#8221; button_text_size_phone=&#8221;14px&#8221; button_text_size_last_edited=&#8221;on|phone&#8221; custom_css_main_element=&#8221;width: 100%&#8221; locked=&#8221;off&#8221; global_colors_info=&#8221;{}&#8221; button_bg_color__hover_enabled=&#8221;on|hover&#8221; button_bg_color__hover=&#8221;#82C341&#8243; button_bg_enable_color__hover=&#8221;on&#8221;][\/et_pb_button][\/et_pb_column][\/et_pb_row][\/et_pb_section][et_pb_section fb_built=&#8221;1&#8243; disabled_on=&#8221;on|on|on&#8221; _builder_version=&#8221;4.27.4&#8243; _module_preset=&#8221;default&#8221; background_color=&#8221;#e0e0e0&#8243; custom_padding=&#8221;0px||0px|||&#8221; disabled=&#8221;on&#8221; global_module=&#8221;2722&#8243; saved_tabs=&#8221;all&#8221; global_colors_info=&#8221;{}&#8221;][et_pb_row column_structure=&#8221;1_2,1_2&#8243; _builder_version=&#8221;4.27.4&#8243; _module_preset=&#8221;default&#8221; background_color=&#8221;#e0e0e0&#8243; width=&#8221;88%&#8221; max_width=&#8221;1596px&#8221; custom_margin=&#8221;|auto|-1px|auto|false|false&#8221; custom_padding=&#8221;32px||0px||false|false&#8221; global_colors_info=&#8221;{%22gcid-d116008b-ce49-46ea-9433-049c9562a0bc%22:%91%22background_color%22%93}&#8221;][et_pb_column type=&#8221;1_2&#8243; _builder_version=&#8221;4.27.4&#8243; _module_preset=&#8221;default&#8221; global_colors_info=&#8221;{}&#8221;][et_pb_image src=&#8221;\/demo\/img\/ctsi\/CENTURION-SYSTEMS-Certified-Trained-Installer-Finder.jpg&#8221; title_text=&#8221;camera-47&#8243; _builder_version=&#8221;4.27.4&#8243; _module_preset=&#8221;default&#8221; border_radii=&#8221;on|15px|15px|15px|15px&#8221; global_colors_info=&#8221;{}&#8221;][\/et_pb_image][\/et_pb_column][et_pb_column type=&#8221;1_2&#8243; _builder_version=&#8221;4.16&#8243; _module_preset=&#8221;default&#8221; custom_padding=&#8221;|70px|70px||false|false&#8221; custom_padding_tablet=&#8221;|30px|30px|30px|false|true&#8221; custom_padding_phone=&#8221;0px|20px||20px|false|true&#8221; custom_padding_last_edited=&#8221;on|tablet&#8221; global_colors_info=&#8221;{}&#8221;][et_pb_text _builder_version=&#8221;4.27.4&#8243; _module_preset=&#8221;32021f09-dd67-47fb-8f9a-832b72a38baf&#8221; header_font=&#8221;|&#8211;et_global_heading_font_weight|||||||&#8221; header_text_color=&#8221;#82C341&#8243; header_2_font=&#8221;&#8211;et_global_heading_font|&#8211;et_global_heading_font_weight|||||||&#8221; header_2_text_color=&#8221;#82C341&#8243; header_2_font_size=&#8221;50px&#8221; header_2_line_height=&#8221;1.2em&#8221; custom_margin=&#8221;||0px||false|false&#8221; header_2_font_size_tablet=&#8221;32px&#8221; header_2_font_size_phone=&#8221;18px&#8221; header_2_font_size_last_edited=&#8221;on|tablet&#8221; locked=&#8221;off&#8221; global_colors_info=&#8221;{}&#8221;]<\/p>\n<h2>Find a Trusted Professional near you.<\/h2>\n<p>[\/et_pb_text][et_pb_text _builder_version=&#8221;4.27.4&#8243; _module_preset=&#8221;aec0be99-8a53-4f75-abf2-64f29a8b4cc2&#8243; text_font=&#8221;&#8211;et_global_body_font||||||||&#8221; text_font_size_tablet=&#8221;16px&#8221; text_font_size_phone=&#8221;13px&#8221; text_font_size_last_edited=&#8221;on|tablet&#8221; global_colors_info=&#8221;{}&#8221;]<\/p>\n<p>Specially trained and certified to provide maintenance, installations and repairs of all Centurion Systems SM\u0394RT Motors.<\/p>\n<p>[\/et_pb_text][et_pb_button button_url=&#8221;https:\/\/smart.centsys.co.za\/Pages\/ClientSearch\/ClientSearch&#8221; button_text=&#8221;LOCATE AN INSTALLER NEAR YOU&#8221; button_alignment=&#8221;center&#8221; _builder_version=&#8221;4.27.4&#8243; _module_preset=&#8221;a93bd5f4-85ca-4af8-aab9-5954042d5969&#8243; custom_button=&#8221;on&#8221; button_text_size=&#8221;16px&#8221; button_text_color=&#8221;#FFFFFF&#8221; button_bg_color=&#8221;#82C341&#8243; button_border_width=&#8221;0px&#8221; button_border_radius=&#8221;5px&#8221; button_letter_spacing=&#8221;2px&#8221; button_font=&#8221;Open Sans|600||on|||||&#8221; custom_padding=&#8221;15px|30px|15px|30px|true|true&#8221; custom_padding_tablet=&#8221;13px|25px|13px|25px|true|true&#8221; custom_padding_phone=&#8221;10px|20px|10px|20px|true|true&#8221; custom_padding_last_edited=&#8221;on|phone&#8221; button_text_size_tablet=&#8221;15px&#8221; button_text_size_phone=&#8221;14px&#8221; button_text_size_last_edited=&#8221;on|phone&#8221; custom_css_main_element=&#8221;width:100%;&#8221; locked=&#8221;off&#8221; global_colors_info=&#8221;{}&#8221; button_bg_color__hover_enabled=&#8221;on|hover&#8221; button_bg_color__hover=&#8221;#82C341&#8243; button_bg_enable_color__hover=&#8221;on&#8221;][\/et_pb_button][\/et_pb_column][\/et_pb_row][\/et_pb_section]<\/p>\n","protected":false},"excerpt":{"rendered":"<p>Le bord sensible passif est une solution de s\u00e9curit\u00e9 simple et tr\u00e8s efficace pour les portails coulissants automatis\u00e9s.<\/p>\n","protected":false},"author":1,"featured_media":0,"parent":0,"menu_order":0,"comment_status":"closed","ping_status":"closed","template":"","meta":{"_et_pb_use_builder":"on","_et_pb_old_content":"","_et_gb_content_width":"","_joinchat":[],"footnotes":""},"class_list":["post-2082","page","type-page","status-publish","hentry"],"yoast_head":"<!-- This site is optimized with the Yoast SEO plugin v27.3 - https:\/\/yoast.com\/product\/yoast-seo-wordpress\/ -->\r\n<title>Bord sensible passif de Centurion Systems - Centurion Systems<\/title>\r\n<meta name=\"description\" content=\"Le bord sensible passif est une solution de s\u00e9curit\u00e9 simple et tr\u00e8s efficace pour les portails coulissants automatis\u00e9s.\" \/>\r\n<meta name=\"robots\" content=\"index, follow, max-snippet:-1, max-image-preview:large, max-video-preview:-1\" \/>\r\n<link rel=\"canonical\" href=\"https:\/\/www.centsys.com\/fr\/centurion-systems-bord-sensible-passif\/\" \/>\r\n<meta property=\"og:locale\" content=\"en_US\" \/>\r\n<meta property=\"og:type\" content=\"article\" \/>\r\n<meta property=\"og:title\" content=\"Bord sensible passif de Centurion Systems - Centurion Systems\" \/>\r\n<meta property=\"og:description\" content=\"Le bord sensible passif est une solution de s\u00e9curit\u00e9 simple et tr\u00e8s efficace pour les portails coulissants automatis\u00e9s.\" \/>\r\n<meta property=\"og:url\" content=\"https:\/\/www.centsys.com\/fr\/centurion-systems-bord-sensible-passif\/\" \/>\r\n<meta property=\"og:site_name\" content=\"Centurion Systems French\" \/>\r\n<meta property=\"article:modified_time\" content=\"2026-03-04T09:17:54+00:00\" \/>\r\n<meta name=\"twitter:card\" content=\"summary_large_image\" \/>\r\n<meta name=\"twitter:label1\" content=\"Est. reading time\" \/>\n\t<meta name=\"twitter:data1\" content=\"2 minutes\" \/>\r\n<script type=\"application\/ld+json\" class=\"yoast-schema-graph\">{\"@context\":\"https:\\\/\\\/schema.org\",\"@graph\":[{\"@type\":\"WebPage\",\"@id\":\"https:\\\/\\\/www.centsys.com\\\/fr\\\/centurion-systems-bord-sensible-passif\\\/\",\"url\":\"https:\\\/\\\/www.centsys.com\\\/fr\\\/centurion-systems-bord-sensible-passif\\\/\",\"name\":\"Bord sensible passif de Centurion Systems - Centurion Systems\",\"isPartOf\":{\"@id\":\"https:\\\/\\\/www.centsys.com\\\/fr\\\/#website\"},\"datePublished\":\"2024-11-04T12:16:15+00:00\",\"dateModified\":\"2026-03-04T09:17:54+00:00\",\"description\":\"Le bord sensible passif est une solution de s\u00e9curit\u00e9 simple et tr\u00e8s efficace pour les portails coulissants automatis\u00e9s.\",\"breadcrumb\":{\"@id\":\"https:\\\/\\\/www.centsys.com\\\/fr\\\/centurion-systems-bord-sensible-passif\\\/#breadcrumb\"},\"inLanguage\":\"en-ZA\",\"potentialAction\":[{\"@type\":\"ReadAction\",\"target\":[\"https:\\\/\\\/www.centsys.com\\\/fr\\\/centurion-systems-bord-sensible-passif\\\/\"]}]},{\"@type\":\"BreadcrumbList\",\"@id\":\"https:\\\/\\\/www.centsys.com\\\/fr\\\/centurion-systems-bord-sensible-passif\\\/#breadcrumb\",\"itemListElement\":[{\"@type\":\"ListItem\",\"position\":1,\"name\":\"Home\",\"item\":\"https:\\\/\\\/www.centsys.com\\\/fr\\\/\"},{\"@type\":\"ListItem\",\"position\":2,\"name\":\"Bord sensible passif de Centurion Systems\"}]},{\"@type\":\"WebSite\",\"@id\":\"https:\\\/\\\/www.centsys.com\\\/fr\\\/#website\",\"url\":\"https:\\\/\\\/www.centsys.com\\\/fr\\\/\",\"name\":\"Centurion Systems French\",\"description\":\"\",\"potentialAction\":[{\"@type\":\"SearchAction\",\"target\":{\"@type\":\"EntryPoint\",\"urlTemplate\":\"https:\\\/\\\/www.centsys.com\\\/fr\\\/?s={search_term_string}\"},\"query-input\":{\"@type\":\"PropertyValueSpecification\",\"valueRequired\":true,\"valueName\":\"search_term_string\"}}],\"inLanguage\":\"en-ZA\"}]}<\/script>\r\n<!-- \/ Yoast SEO plugin. -->","yoast_head_json":{"title":"Bord sensible passif de Centurion Systems - Centurion Systems","description":"Le bord sensible passif est une solution de s\u00e9curit\u00e9 simple et tr\u00e8s efficace pour les portails coulissants automatis\u00e9s.","robots":{"index":"index","follow":"follow","max-snippet":"max-snippet:-1","max-image-preview":"max-image-preview:large","max-video-preview":"max-video-preview:-1"},"canonical":"https:\/\/www.centsys.com\/fr\/centurion-systems-bord-sensible-passif\/","og_locale":"en_US","og_type":"article","og_title":"Bord sensible passif de Centurion Systems - Centurion Systems","og_description":"Le bord sensible passif est une solution de s\u00e9curit\u00e9 simple et tr\u00e8s efficace pour les portails coulissants automatis\u00e9s.","og_url":"https:\/\/www.centsys.com\/fr\/centurion-systems-bord-sensible-passif\/","og_site_name":"Centurion Systems French","article_modified_time":"2026-03-04T09:17:54+00:00","twitter_card":"summary_large_image","twitter_misc":{"Est. reading time":"2 minutes"},"schema":{"@context":"https:\/\/schema.org","@graph":[{"@type":"WebPage","@id":"https:\/\/www.centsys.com\/fr\/centurion-systems-bord-sensible-passif\/","url":"https:\/\/www.centsys.com\/fr\/centurion-systems-bord-sensible-passif\/","name":"Bord sensible passif de Centurion Systems - Centurion Systems","isPartOf":{"@id":"https:\/\/www.centsys.com\/fr\/#website"},"datePublished":"2024-11-04T12:16:15+00:00","dateModified":"2026-03-04T09:17:54+00:00","description":"Le bord sensible passif est une solution de s\u00e9curit\u00e9 simple et tr\u00e8s efficace pour les portails coulissants automatis\u00e9s.","breadcrumb":{"@id":"https:\/\/www.centsys.com\/fr\/centurion-systems-bord-sensible-passif\/#breadcrumb"},"inLanguage":"en-ZA","potentialAction":[{"@type":"ReadAction","target":["https:\/\/www.centsys.com\/fr\/centurion-systems-bord-sensible-passif\/"]}]},{"@type":"BreadcrumbList","@id":"https:\/\/www.centsys.com\/fr\/centurion-systems-bord-sensible-passif\/#breadcrumb","itemListElement":[{"@type":"ListItem","position":1,"name":"Home","item":"https:\/\/www.centsys.com\/fr\/"},{"@type":"ListItem","position":2,"name":"Bord sensible passif de Centurion Systems"}]},{"@type":"WebSite","@id":"https:\/\/www.centsys.com\/fr\/#website","url":"https:\/\/www.centsys.com\/fr\/","name":"Centurion Systems French","description":"","potentialAction":[{"@type":"SearchAction","target":{"@type":"EntryPoint","urlTemplate":"https:\/\/www.centsys.com\/fr\/?s={search_term_string}"},"query-input":{"@type":"PropertyValueSpecification","valueRequired":true,"valueName":"search_term_string"}}],"inLanguage":"en-ZA"}]}},"_links":{"self":[{"href":"https:\/\/www.centsys.com\/fr\/wp-json\/wp\/v2\/pages\/2082","targetHints":{"allow":["GET"]}}],"collection":[{"href":"https:\/\/www.centsys.com\/fr\/wp-json\/wp\/v2\/pages"}],"about":[{"href":"https:\/\/www.centsys.com\/fr\/wp-json\/wp\/v2\/types\/page"}],"author":[{"embeddable":true,"href":"https:\/\/www.centsys.com\/fr\/wp-json\/wp\/v2\/users\/1"}],"replies":[{"embeddable":true,"href":"https:\/\/www.centsys.com\/fr\/wp-json\/wp\/v2\/comments?post=2082"}],"version-history":[{"count":5,"href":"https:\/\/www.centsys.com\/fr\/wp-json\/wp\/v2\/pages\/2082\/revisions"}],"predecessor-version":[{"id":32213,"href":"https:\/\/www.centsys.com\/fr\/wp-json\/wp\/v2\/pages\/2082\/revisions\/32213"}],"wp:attachment":[{"href":"https:\/\/www.centsys.com\/fr\/wp-json\/wp\/v2\/media?parent=2082"}],"curies":[{"name":"wp","href":"https:\/\/api.w.org\/{rel}","templated":true}]}}