{"id":2363,"date":"2024-11-12T08:29:02","date_gmt":"2024-11-12T06:29:02","guid":{"rendered":"https:\/\/www.centsys.co.za\/demo\/?page_id=2363"},"modified":"2026-03-23T04:53:24","modified_gmt":"2026-03-23T02:53:24","slug":"centurion-bord-sensible-passif-installateurs","status":"publish","type":"page","link":"https:\/\/www.centsys.com\/fr\/centurion-bord-sensible-passif-installateurs\/","title":{"rendered":"Bord sensible passif de s\u00e9curit\u00e9 Centurion Systems"},"content":{"rendered":"<p>[et_pb_section fb_built=&#8221;1&#8243; admin_label=&#8221;Header&#8221; _builder_version=&#8221;4.16&#8243; _module_preset=&#8221;default&#8221; overflow-x=&#8221;hidden&#8221; overflow-y=&#8221;hidden&#8221; custom_padding=&#8221;||3px|||&#8221; global_colors_info=&#8221;{}&#8221;][et_pb_row column_structure=&#8221;3_5,2_5&#8243; make_equal=&#8221;on&#8221; _builder_version=&#8221;4.27.0&#8243; _module_preset=&#8221;default&#8221; global_colors_info=&#8221;{}&#8221;][et_pb_column type=&#8221;3_5&#8243; _builder_version=&#8221;4.16&#8243; _module_preset=&#8221;default&#8221; global_colors_info=&#8221;{}&#8221;][et_pb_text _builder_version=&#8221;4.27.4&#8243; _module_preset=&#8221;d72c0383-6487-4f2c-ac5c-7d48a6376757&#8243; header_font=&#8221;Open Sans|700|||||||&#8221; header_text_color=&#8221;#000000&#8243; header_font_size=&#8221;100px&#8221; header_line_height=&#8221;1.1em&#8221; header_font_size_tablet=&#8221;50px&#8221; header_font_size_phone=&#8221;30px&#8221; header_font_size_last_edited=&#8221;on|tablet&#8221; global_colors_info=&#8221;{}&#8221;]<\/p>\n<h1><span style=\"color: #82c341;\">BORD SENSIBLE PASSIF DE CENTURION<\/span><\/h1>\n<p>[\/et_pb_text][\/et_pb_column][et_pb_column type=&#8221;2_5&#8243; _builder_version=&#8221;4.16&#8243; _module_preset=&#8221;default&#8221; global_colors_info=&#8221;{}&#8221;][et_pb_image src=&#8221;https:\/\/www.centsys.co.za\/demo\/img\/prod\/accessories\/edge\/Centurion-Systems-Passive-Edge.jpg&#8221; _builder_version=&#8221;4.27.4&#8243; _module_preset=&#8221;default&#8221; global_colors_info=&#8221;{}&#8221;][\/et_pb_image][\/et_pb_column][\/et_pb_row][et_pb_row _builder_version=&#8221;4.27.2&#8243; _module_preset=&#8221;default&#8221; custom_padding=&#8221;7px|||||&#8221; border_width_top=&#8221;2px&#8221; border_color_top=&#8221;#82C341&#8243; global_colors_info=&#8221;{}&#8221;][et_pb_column type=&#8221;4_4&#8243; _builder_version=&#8221;4.27.0&#8243; _module_preset=&#8221;default&#8221; global_colors_info=&#8221;{}&#8221;][et_pb_text _builder_version=&#8221;4.27.4&#8243; _module_preset=&#8221;default&#8221; custom_margin=&#8221;12px|||||&#8221; global_colors_info=&#8221;{}&#8221;]<\/p>\n<h1><strong>Bord Sensible Passif de CENTURION<\/strong><\/h1>\n<p>Pour les installateurs qui cherchent \u00e0 renforcer la s\u00e9curit\u00e9 des portails avec un minimum d&#8217;effort, le <strong>Bord Sensible Passif<\/strong> offre une solution simplifi\u00e9e. Con\u00e7u pour une installation rapide et une int\u00e9gration sans souci, il optimise les syst\u00e8mes d&#8217;automatisation des portails gr\u00e2ce \u00e0 des fonctionnalit\u00e9s de s\u00e9curit\u00e9 fiables et sans entretien qui offrent \u00e0 la fois tranquillit\u00e9 d&#8217;esprit et plus de facilit\u00e9 d&#8217;utilisation.<\/p>\n<p><strong>Application : <\/strong>S\u00e9curit\u00e9 optimis\u00e9e pour les portails coulissants domestiques, commerciaux et industriels, fournissant un tampon en mousse pour prot\u00e9ger contre l&#8217;\u00e9crasement, le tra\u00eenage et le cisaillement.<\/p>\n<p>[\/et_pb_text][\/et_pb_column][\/et_pb_row][\/et_pb_section][et_pb_section fb_built=&#8221;1&#8243; admin_label=&#8221;Features&#8221; _builder_version=&#8221;4.16&#8243; _module_preset=&#8221;default&#8221; custom_padding=&#8221;8px||0px|||&#8221; locked=&#8221;off&#8221; global_colors_info=&#8221;{}&#8221;][et_pb_row column_structure=&#8221;1_3,1_3,1_3&#8243; _builder_version=&#8221;4.27.2&#8243; _module_preset=&#8221;default&#8221; global_colors_info=&#8221;{}&#8221;][et_pb_column type=&#8221;1_3&#8243; _builder_version=&#8221;4.16&#8243; _module_preset=&#8221;default&#8221; global_colors_info=&#8221;{}&#8221;][et_pb_blurb title=&#8221;Installation Facile&#8221; use_icon=&#8221;on&#8221; font_icon=&#8221;&#xe0dd;||divi||400&#8243; icon_color=&#8221;#000000&#8243; image_icon_width=&#8221;40px&#8221; icon_alignment=&#8221;left&#8221; content_max_width=&#8221;100%&#8221; _builder_version=&#8221;4.27.4&#8243; _module_preset=&#8221;6e712727-0993-4f47-a922-0032e4c3d8f6&#8243; header_font=&#8221;Open Sans|700|||||||&#8221; header_font_size=&#8221;20px&#8221; header_line_height=&#8221;1.2em&#8221; body_font=&#8221;Open Sans||||||||&#8221; animation=&#8221;off&#8221; header_font_size_tablet=&#8221;18px&#8221; header_font_size_phone=&#8221;16px&#8221; header_font_size_last_edited=&#8221;on|phone&#8221; body_font_size_tablet=&#8221;&#8221; body_font_size_phone=&#8221;13px&#8221; body_font_size_last_edited=&#8221;on|phone&#8221; locked=&#8221;off&#8221; global_colors_info=&#8221;{}&#8221;]<\/p>\n<p>Le <strong>Bord Sensible Passif<\/strong> est con\u00e7u pour une installation simple et sans souci. Il offre aux installateurs une solution rapide pour optimiser la s\u00e9curit\u00e9 des syst\u00e8mes de portails automatis\u00e9s. Etant donn\u00e9 qu&#8217;il s&#8217;agit d&#8217;un dispositif passif, il ne n\u00e9cessite aucune connexion c\u00e2bl\u00e9e.<\/p>\n<p>[\/et_pb_blurb][\/et_pb_column][et_pb_column type=&#8221;1_3&#8243; _builder_version=&#8221;4.16&#8243; _module_preset=&#8221;default&#8221; global_colors_info=&#8221;{}&#8221;][et_pb_blurb title=&#8221;Compatibilit\u00e9 Universelle&#8221; use_icon=&#8221;on&#8221; font_icon=&#8221;&#x31;||divi||400&#8243; icon_color=&#8221;#000000&#8243; image_icon_width=&#8221;40px&#8221; icon_alignment=&#8221;left&#8221; content_max_width=&#8221;100%&#8221; _builder_version=&#8221;4.27.4&#8243; _module_preset=&#8221;6e712727-0993-4f47-a922-0032e4c3d8f6&#8243; header_font=&#8221;Open Sans|700|||||||&#8221; header_font_size=&#8221;20px&#8221; header_line_height=&#8221;1.2em&#8221; body_font=&#8221;Open Sans||||||||&#8221; animation=&#8221;off&#8221; header_font_size_tablet=&#8221;18px&#8221; header_font_size_phone=&#8221;16px&#8221; header_font_size_last_edited=&#8221;on|phone&#8221; body_font_size_tablet=&#8221;&#8221; body_font_size_phone=&#8221;13px&#8221; body_font_size_last_edited=&#8221;on|phone&#8221; locked=&#8221;off&#8221; global_colors_info=&#8221;{}&#8221;]<\/p>\n<p>Le <strong>Bord Sensible Passif<\/strong> est compatible avec une large gamme de syst\u00e8mes d&#8217;automatisation de portails, ce qui permet aux installateurs d&#8217;int\u00e9grer facilement le dispositif dans des installations existantes ou nouvelles sans configuration complexe.<\/p>\n<p>[\/et_pb_blurb][\/et_pb_column][et_pb_column type=&#8221;1_3&#8243; _builder_version=&#8221;4.16&#8243; _module_preset=&#8221;default&#8221; global_colors_info=&#8221;{}&#8221;][et_pb_blurb title=&#8221;Pas d&#8217;Entretien&#8221; use_icon=&#8221;on&#8221; font_icon=&#8221;&#xf4da;||fa||400&#8243; icon_color=&#8221;#000000&#8243; image_icon_width=&#8221;40px&#8221; icon_alignment=&#8221;left&#8221; content_max_width=&#8221;100%&#8221; _builder_version=&#8221;4.27.4&#8243; _module_preset=&#8221;6e712727-0993-4f47-a922-0032e4c3d8f6&#8243; header_font=&#8221;Open Sans|700|||||||&#8221; header_font_size=&#8221;20px&#8221; header_line_height=&#8221;1.2em&#8221; body_font=&#8221;Open Sans||||||||&#8221; animation=&#8221;off&#8221; header_font_size_tablet=&#8221;18px&#8221; header_font_size_phone=&#8221;16px&#8221; header_font_size_last_edited=&#8221;on|phone&#8221; body_font_size_tablet=&#8221;&#8221; body_font_size_phone=&#8221;13px&#8221; body_font_size_last_edited=&#8221;on|phone&#8221; locked=&#8221;off&#8221; global_colors_info=&#8221;{}&#8221;]<\/p>\n<p>Gr\u00e2ce \u00e0 son design passif et non \u00e9lectronique, ce bord sensible ne n\u00e9cessite aucune source d&#8217;alimentation suppl\u00e9mentaire ni aucun c\u00e2blage complexe, ce qui r\u00e9duit les besoins d&#8217;entretien au fil du temps et augmente sa long\u00e9vit\u00e9.<\/p>\n<p>[\/et_pb_blurb][\/et_pb_column][\/et_pb_row][\/et_pb_section][et_pb_section fb_built=&#8221;1&#8243; disabled_on=&#8221;on|on|on&#8221; module_id=&#8221;smartcert&#8221; module_class=&#8221;smartcert&#8221; _builder_version=&#8221;4.27.4&#8243; _module_preset=&#8221;default&#8221; background_color=&#8221;#e0e0e0&#8243; custom_padding=&#8221;0px||0px|||&#8221; disabled=&#8221;on&#8221; global_module=&#8221;2858&#8243; saved_tabs=&#8221;all&#8221; global_colors_info=&#8221;{}&#8221;][et_pb_row column_structure=&#8221;1_2,1_2&#8243; _builder_version=&#8221;4.27.4&#8243; _module_preset=&#8221;default&#8221; background_color=&#8221;#e0e0e0&#8243; width=&#8221;88%&#8221; max_width=&#8221;1596px&#8221; custom_margin=&#8221;|auto|-1px|auto|false|false&#8221; custom_padding=&#8221;32px||0px||false|false&#8221; global_colors_info=&#8221;{%22gcid-d116008b-ce49-46ea-9433-049c9562a0bc%22:%91%22background_color%22%93}&#8221;][et_pb_column type=&#8221;1_2&#8243; _builder_version=&#8221;4.16&#8243; _module_preset=&#8221;default&#8221; global_colors_info=&#8221;{}&#8221;][et_pb_image src=&#8221;\/demo\/img\/ctsi\/Centurion-Smart-Certified-Installer-program-visual.jpg&#8221; title_text=&#8221;camera-47&#8243; _builder_version=&#8221;4.27.4&#8243; _module_preset=&#8221;default&#8221; border_radii=&#8221;on|15px|15px|15px|15px&#8221; global_colors_info=&#8221;{}&#8221;][\/et_pb_image][\/et_pb_column][et_pb_column type=&#8221;1_2&#8243; _builder_version=&#8221;4.16&#8243; _module_preset=&#8221;default&#8221; custom_padding=&#8221;|70px|70px||false|false&#8221; custom_padding_tablet=&#8221;|30px|30px|30px|false|true&#8221; custom_padding_phone=&#8221;0px|20px||20px|false|true&#8221; custom_padding_last_edited=&#8221;on|tablet&#8221; global_colors_info=&#8221;{}&#8221;][et_pb_text _builder_version=&#8221;4.27.4&#8243; _module_preset=&#8221;32021f09-dd67-47fb-8f9a-832b72a38baf&#8221; text_text_color=&#8221;#82C341&#8243; header_text_color=&#8221;#82C341&#8243; header_2_font=&#8221;&#8211;et_global_heading_font|700|||||||&#8221; header_2_text_color=&#8221;#82C341&#8243; header_2_font_size=&#8221;50px&#8221; header_2_line_height=&#8221;1.2em&#8221; custom_margin=&#8221;||0px||false|false&#8221; custom_padding=&#8221;13px|||||&#8221; text_text_color_last_edited=&#8221;off|desktop&#8221; header_font_size_last_edited=&#8221;off|phone&#8221; header_2_font_size_tablet=&#8221;32px&#8221; header_2_font_size_phone=&#8221;18px&#8221; header_2_font_size_last_edited=&#8221;on|tablet&#8221; locked=&#8221;off&#8221; global_colors_info=&#8221;{}&#8221;]<\/p>\n<h2>Become a Trusted Professional<\/h2>\n<p>[\/et_pb_text][et_pb_text _builder_version=&#8221;4.27.4&#8243; _module_preset=&#8221;aec0be99-8a53-4f75-abf2-64f29a8b4cc2&#8243; text_font=&#8221;&#8211;et_global_body_font|&#8211;et_global_body_font_weight|||||||&#8221; text_font_size=&#8221;20px&#8221; custom_margin=&#8221;||24px|||&#8221; text_font_size_tablet=&#8221;16px&#8221; text_font_size_phone=&#8221;13px&#8221; text_font_size_last_edited=&#8221;on|tablet&#8221; global_colors_info=&#8221;{}&#8221;]<\/p>\n<p>With specialised, in depth training in servicing, maintaining, installing and repairs of all SM\u0394RT Centurion Systems Motors.<\/p>\n<p>[\/et_pb_text][et_pb_button button_url=&#8221;https:\/\/www.centsys.co.za\/demo\/centurion-systems-certified-trained-smart-installers-training\/&#8221; button_text=&#8221;LEARN MORE&#8221; button_alignment=&#8221;center&#8221; _builder_version=&#8221;4.27.4&#8243; _module_preset=&#8221;a93bd5f4-85ca-4af8-aab9-5954042d5969&#8243; custom_button=&#8221;on&#8221; button_text_size=&#8221;16px&#8221; button_text_color=&#8221;#FFFFFF&#8221; button_bg_color=&#8221;#82C341&#8243; button_border_width=&#8221;0px&#8221; button_border_radius=&#8221;5px&#8221; button_letter_spacing=&#8221;2px&#8221; button_font=&#8221;Open Sans|600||on|||||&#8221; custom_padding=&#8221;15px|30px|15px|30px|true|true&#8221; custom_padding_tablet=&#8221;13px|25px|13px|25px|true|true&#8221; custom_padding_phone=&#8221;10px|20px|10px|20px|true|true&#8221; custom_padding_last_edited=&#8221;on|phone&#8221; button_text_size_tablet=&#8221;15px&#8221; button_text_size_phone=&#8221;14px&#8221; button_text_size_last_edited=&#8221;on|phone&#8221; custom_css_main_element=&#8221;width:100%;&#8221; locked=&#8221;off&#8221; global_colors_info=&#8221;{}&#8221; button_bg_color__hover_enabled=&#8221;on|hover&#8221; button_bg_color__hover=&#8221;#82C341&#8243; button_bg_enable_color__hover=&#8221;on&#8221;][\/et_pb_button][\/et_pb_column][\/et_pb_row][\/et_pb_section][et_pb_section fb_built=&#8221;1&#8243; _builder_version=&#8221;4.27.0&#8243; _module_preset=&#8221;default&#8221; custom_padding=&#8221;18px|||||&#8221; global_module=&#8221;3752&#8243; global_colors_info=&#8221;{}&#8221;][et_pb_row _builder_version=&#8221;4.27.5&#8243; _module_preset=&#8221;default&#8221; hover_enabled=&#8221;0&#8243; global_colors_info=&#8221;{}&#8221; sticky_enabled=&#8221;0&#8243;][et_pb_column type=&#8221;4_4&#8243; _builder_version=&#8221;4.27.0&#8243; _module_preset=&#8221;default&#8221; global_colors_info=&#8221;{}&#8221;][et_pb_text _builder_version=&#8221;4.27.5&#8243; _module_preset=&#8221;default&#8221; hover_enabled=&#8221;0&#8243; global_colors_info=&#8221;{}&#8221; header_font_size=&#8221;38px&#8221; sticky_enabled=&#8221;0&#8243; width=&#8221;100%&#8221; max_width=&#8221;100%&#8221;]<\/p>\n<h1 style=\"text-align: left;\"><strong style=\"font-size: 29pt; color: #fff;\"><span style=\"color: #808080;\">PERFECTIONNEZ VOTRE SYST\u00c8ME <\/span> <span style=\"color: #82c341;\">SM\u0394RT<\/span><\/strong><\/h1>\n<p>[\/et_pb_text][\/et_pb_column][\/et_pb_row][et_pb_row column_structure=&#8221;1_4,1_4,1_4,1_4&#8243; _builder_version=&#8221;4.27.0&#8243; _module_preset=&#8221;default&#8221; global_colors_info=&#8221;{}&#8221;][et_pb_column type=&#8221;1_4&#8243; _builder_version=&#8221;4.27.0&#8243; _module_preset=&#8221;default&#8221; global_colors_info=&#8221;{}&#8221;][et_pb_image src=&#8221;http:\/\/www.centsys.com\/fr\/img\/D5-EVO-SMART-Selecteur_fr.jpg&#8221; url=&#8221;http:\/\/www.centsys.com\/fr\/centurion-moteur-pour-portail-coulissant-d5-evo-smart-installateurs\/&#8221; _builder_version=&#8221;4.27.5&#8243; _module_preset=&#8221;default&#8221; global_colors_info=&#8221;{}&#8221;][\/et_pb_image][et_pb_text _builder_version=&#8221;4.27.4&#8243; _module_preset=&#8221;default&#8221; global_colors_info=&#8221;{}&#8221;]<\/p>\n<h3 style=\"text-align: center;\"><strong>D5 Evo SM\u0394RT<\/strong><\/h3>\n<p>[\/et_pb_text][et_pb_button button_url=&#8221;http:\/\/www.centsys.com\/fr\/centurion-moteur-pour-portail-coulissant-d5-evo-smart-installateurs\/&#8221; button_text=&#8221;Cliquez ici&#8221; button_alignment=&#8221;center&#8221; _builder_version=&#8221;4.27.5&#8243; _module_preset=&#8221;default&#8221; custom_button=&#8221;on&#8221; button_text_size=&#8221;16px&#8221; button_text_color=&#8221;#FFFFFF&#8221; button_bg_color=&#8221;#82C341&#8243; button_border_width=&#8221;0px&#8221; button_border_radius=&#8221;5px&#8221; custom_css_main_element=&#8221;width:100%;&#8221; global_colors_info=&#8221;{}&#8221;][\/et_pb_button][\/et_pb_column][et_pb_column type=&#8221;1_4&#8243; _builder_version=&#8221;4.27.0&#8243; _module_preset=&#8221;default&#8221; global_colors_info=&#8221;{}&#8221;][et_pb_image src=&#8221;http:\/\/www.centsys.com\/fr\/img\/D6-SMART-Selecteur_fr.jpg&#8221; url=&#8221;http:\/\/www.centsys.com\/fr\/centurion-moteur-pour-portail-coulissant-d6-smart-installateurs\/&#8221; _builder_version=&#8221;4.27.5&#8243; _module_preset=&#8221;default&#8221; global_colors_info=&#8221;{}&#8221;][\/et_pb_image][et_pb_text _builder_version=&#8221;4.27.4&#8243; _module_preset=&#8221;default&#8221; global_colors_info=&#8221;{}&#8221;]<\/p>\n<h3 style=\"text-align: center;\"><strong>D6 SM\u0394RT<\/strong><\/h3>\n<p>[\/et_pb_text][et_pb_button button_url=&#8221;http:\/\/www.centsys.com\/fr\/centurion-moteur-pour-portail-coulissant-d6-smart-installateurs\/&#8221; button_text=&#8221;Cliquez ici&#8221; button_alignment=&#8221;center&#8221; _builder_version=&#8221;4.27.5&#8243; _module_preset=&#8221;default&#8221; custom_button=&#8221;on&#8221; button_text_size=&#8221;16px&#8221; button_text_color=&#8221;#FFFFFF&#8221; button_bg_color=&#8221;#82C341&#8243; button_border_width=&#8221;0px&#8221; button_border_radius=&#8221;5px&#8221; custom_css_main_element=&#8221;width:100%;&#8221; global_colors_info=&#8221;{}&#8221;][\/et_pb_button][\/et_pb_column][et_pb_column type=&#8221;1_4&#8243; _builder_version=&#8221;4.27.0&#8243; _module_preset=&#8221;default&#8221; global_colors_info=&#8221;{}&#8221;][et_pb_image src=&#8221;http:\/\/www.centsys.com\/fr\/img\/D10-SMART-Selecteur_fr.jpg&#8221; url=&#8221;http:\/\/www.centsys.com\/fr\/centurion-moteur-pour-portail-coulissant-d10-smart-installateurs\/&#8221; _builder_version=&#8221;4.27.5&#8243; _module_preset=&#8221;default&#8221; global_colors_info=&#8221;{}&#8221;][\/et_pb_image][et_pb_text _builder_version=&#8221;4.27.4&#8243; _module_preset=&#8221;default&#8221; global_colors_info=&#8221;{}&#8221;]<\/p>\n<h3 style=\"text-align: center;\"><strong>D10 SM\u0394RT<\/strong><\/h3>\n<p>[\/et_pb_text][et_pb_button button_url=&#8221;http:\/\/www.centsys.com\/fr\/centurion-moteur-pour-portail-coulissant-d10-smart-installateurs\/&#8221; button_text=&#8221;Cliquez ici&#8221; button_alignment=&#8221;center&#8221; _builder_version=&#8221;4.27.5&#8243; _module_preset=&#8221;default&#8221; custom_button=&#8221;on&#8221; button_text_size=&#8221;16px&#8221; button_text_color=&#8221;#FFFFFF&#8221; button_bg_color=&#8221;#82C341&#8243; button_border_width=&#8221;0px&#8221; button_border_radius=&#8221;5px&#8221; custom_css_main_element=&#8221;width:100%;&#8221; global_colors_info=&#8221;{}&#8221;][\/et_pb_button][\/et_pb_column][et_pb_column type=&#8221;1_4&#8243; _builder_version=&#8221;4.27.0&#8243; _module_preset=&#8221;default&#8221; global_colors_info=&#8221;{}&#8221;][et_pb_image src=&#8221;http:\/\/www.centsys.com\/fr\/img\/D20-SMART-Selecteur_fr.jpg&#8221; url=&#8221;http:\/\/www.centsys.com\/fr\/centurion-moteur-pour-portail-coulissant-d20-smart-installateurs\/&#8221; _builder_version=&#8221;4.27.5&#8243; _module_preset=&#8221;default&#8221; global_colors_info=&#8221;{}&#8221;][\/et_pb_image][et_pb_text _builder_version=&#8221;4.27.4&#8243; _module_preset=&#8221;default&#8221; global_colors_info=&#8221;{}&#8221;]<\/p>\n<h3 style=\"text-align: center;\"><strong>D20 SM\u0394RT<\/strong><\/h3>\n<p>[\/et_pb_text][et_pb_button button_url=&#8221;http:\/\/www.centsys.com\/fr\/centurion-moteur-pour-portail-coulissant-d20-smart-installateurs\/&#8221; button_text=&#8221;Cliquez ici&#8221; button_alignment=&#8221;center&#8221; _builder_version=&#8221;4.27.5&#8243; _module_preset=&#8221;default&#8221; custom_button=&#8221;on&#8221; button_text_size=&#8221;16px&#8221; button_text_color=&#8221;#FFFFFF&#8221; button_bg_color=&#8221;#82C341&#8243; button_border_width=&#8221;0px&#8221; button_border_radius=&#8221;5px&#8221; custom_css_main_element=&#8221;width:100%;&#8221; global_colors_info=&#8221;{}&#8221;][\/et_pb_button][\/et_pb_column][\/et_pb_row][\/et_pb_section]<\/p>\n","protected":false},"excerpt":{"rendered":"<p>Le bord sensible passif de s\u00e9curit\u00e9 est une solution simple, mais tr\u00e8s efficace, pour s\u00e9curiser les portails coulissants automatis\u00e9s.<\/p>\n","protected":false},"author":1,"featured_media":0,"parent":0,"menu_order":0,"comment_status":"closed","ping_status":"closed","template":"","meta":{"_et_pb_use_builder":"on","_et_pb_old_content":"","_et_gb_content_width":"","_joinchat":[],"footnotes":""},"class_list":["post-2363","page","type-page","status-publish","hentry"],"yoast_head":"<!-- This site is optimized with the Yoast SEO plugin v27.3 - https:\/\/yoast.com\/product\/yoast-seo-wordpress\/ -->\r\n<title>Bord sensible passif de s\u00e9curit\u00e9 Centurion Systems<\/title>\r\n<meta name=\"description\" content=\"Le bord sensible passif de s\u00e9curit\u00e9 est une solution simple, mais tr\u00e8s efficace, pour s\u00e9curiser les portails coulissants automatis\u00e9s.\" \/>\r\n<meta name=\"robots\" content=\"index, follow, max-snippet:-1, max-image-preview:large, max-video-preview:-1\" \/>\r\n<link rel=\"canonical\" href=\"https:\/\/www.centsys.com\/fr\/centurion-bord-sensible-passif-installateurs\/\" \/>\r\n<meta property=\"og:locale\" content=\"en_US\" \/>\r\n<meta property=\"og:type\" content=\"article\" \/>\r\n<meta property=\"og:title\" content=\"Bord sensible passif de s\u00e9curit\u00e9 Centurion Systems\" \/>\r\n<meta property=\"og:description\" content=\"Le bord sensible passif de s\u00e9curit\u00e9 est une solution simple, mais tr\u00e8s efficace, pour s\u00e9curiser les portails coulissants automatis\u00e9s.\" \/>\r\n<meta property=\"og:url\" content=\"https:\/\/www.centsys.com\/fr\/centurion-bord-sensible-passif-installateurs\/\" \/>\r\n<meta property=\"og:site_name\" content=\"Centurion Systems French\" \/>\r\n<meta property=\"article:modified_time\" content=\"2026-03-23T02:53:24+00:00\" \/>\r\n<meta name=\"twitter:card\" content=\"summary_large_image\" \/>\r\n<meta name=\"twitter:label1\" content=\"Est. reading time\" \/>\n\t<meta name=\"twitter:data1\" content=\"3 minutes\" \/>\r\n<script type=\"application\/ld+json\" class=\"yoast-schema-graph\">{\"@context\":\"https:\\\/\\\/schema.org\",\"@graph\":[{\"@type\":\"WebPage\",\"@id\":\"https:\\\/\\\/www.centsys.com\\\/fr\\\/centurion-bord-sensible-passif-installateurs\\\/\",\"url\":\"https:\\\/\\\/www.centsys.com\\\/fr\\\/centurion-bord-sensible-passif-installateurs\\\/\",\"name\":\"Bord sensible passif de s\u00e9curit\u00e9 Centurion Systems\",\"isPartOf\":{\"@id\":\"https:\\\/\\\/www.centsys.com\\\/fr\\\/#website\"},\"datePublished\":\"2024-11-12T06:29:02+00:00\",\"dateModified\":\"2026-03-23T02:53:24+00:00\",\"description\":\"Le bord sensible passif de s\u00e9curit\u00e9 est une solution simple, mais tr\u00e8s efficace, pour s\u00e9curiser les portails coulissants automatis\u00e9s.\",\"breadcrumb\":{\"@id\":\"https:\\\/\\\/www.centsys.com\\\/fr\\\/centurion-bord-sensible-passif-installateurs\\\/#breadcrumb\"},\"inLanguage\":\"en-ZA\",\"potentialAction\":[{\"@type\":\"ReadAction\",\"target\":[\"https:\\\/\\\/www.centsys.com\\\/fr\\\/centurion-bord-sensible-passif-installateurs\\\/\"]}]},{\"@type\":\"BreadcrumbList\",\"@id\":\"https:\\\/\\\/www.centsys.com\\\/fr\\\/centurion-bord-sensible-passif-installateurs\\\/#breadcrumb\",\"itemListElement\":[{\"@type\":\"ListItem\",\"position\":1,\"name\":\"Home\",\"item\":\"https:\\\/\\\/www.centsys.com\\\/fr\\\/\"},{\"@type\":\"ListItem\",\"position\":2,\"name\":\"Bord sensible passif de s\u00e9curit\u00e9 Centurion Systems\"}]},{\"@type\":\"WebSite\",\"@id\":\"https:\\\/\\\/www.centsys.com\\\/fr\\\/#website\",\"url\":\"https:\\\/\\\/www.centsys.com\\\/fr\\\/\",\"name\":\"Centurion Systems French\",\"description\":\"\",\"potentialAction\":[{\"@type\":\"SearchAction\",\"target\":{\"@type\":\"EntryPoint\",\"urlTemplate\":\"https:\\\/\\\/www.centsys.com\\\/fr\\\/?s={search_term_string}\"},\"query-input\":{\"@type\":\"PropertyValueSpecification\",\"valueRequired\":true,\"valueName\":\"search_term_string\"}}],\"inLanguage\":\"en-ZA\"}]}<\/script>\r\n<!-- \/ Yoast SEO plugin. -->","yoast_head_json":{"title":"Bord sensible passif de s\u00e9curit\u00e9 Centurion Systems","description":"Le bord sensible passif de s\u00e9curit\u00e9 est une solution simple, mais tr\u00e8s efficace, pour s\u00e9curiser les portails coulissants automatis\u00e9s.","robots":{"index":"index","follow":"follow","max-snippet":"max-snippet:-1","max-image-preview":"max-image-preview:large","max-video-preview":"max-video-preview:-1"},"canonical":"https:\/\/www.centsys.com\/fr\/centurion-bord-sensible-passif-installateurs\/","og_locale":"en_US","og_type":"article","og_title":"Bord sensible passif de s\u00e9curit\u00e9 Centurion Systems","og_description":"Le bord sensible passif de s\u00e9curit\u00e9 est une solution simple, mais tr\u00e8s efficace, pour s\u00e9curiser les portails coulissants automatis\u00e9s.","og_url":"https:\/\/www.centsys.com\/fr\/centurion-bord-sensible-passif-installateurs\/","og_site_name":"Centurion Systems French","article_modified_time":"2026-03-23T02:53:24+00:00","twitter_card":"summary_large_image","twitter_misc":{"Est. reading time":"3 minutes"},"schema":{"@context":"https:\/\/schema.org","@graph":[{"@type":"WebPage","@id":"https:\/\/www.centsys.com\/fr\/centurion-bord-sensible-passif-installateurs\/","url":"https:\/\/www.centsys.com\/fr\/centurion-bord-sensible-passif-installateurs\/","name":"Bord sensible passif de s\u00e9curit\u00e9 Centurion Systems","isPartOf":{"@id":"https:\/\/www.centsys.com\/fr\/#website"},"datePublished":"2024-11-12T06:29:02+00:00","dateModified":"2026-03-23T02:53:24+00:00","description":"Le bord sensible passif de s\u00e9curit\u00e9 est une solution simple, mais tr\u00e8s efficace, pour s\u00e9curiser les portails coulissants automatis\u00e9s.","breadcrumb":{"@id":"https:\/\/www.centsys.com\/fr\/centurion-bord-sensible-passif-installateurs\/#breadcrumb"},"inLanguage":"en-ZA","potentialAction":[{"@type":"ReadAction","target":["https:\/\/www.centsys.com\/fr\/centurion-bord-sensible-passif-installateurs\/"]}]},{"@type":"BreadcrumbList","@id":"https:\/\/www.centsys.com\/fr\/centurion-bord-sensible-passif-installateurs\/#breadcrumb","itemListElement":[{"@type":"ListItem","position":1,"name":"Home","item":"https:\/\/www.centsys.com\/fr\/"},{"@type":"ListItem","position":2,"name":"Bord sensible passif de s\u00e9curit\u00e9 Centurion Systems"}]},{"@type":"WebSite","@id":"https:\/\/www.centsys.com\/fr\/#website","url":"https:\/\/www.centsys.com\/fr\/","name":"Centurion Systems French","description":"","potentialAction":[{"@type":"SearchAction","target":{"@type":"EntryPoint","urlTemplate":"https:\/\/www.centsys.com\/fr\/?s={search_term_string}"},"query-input":{"@type":"PropertyValueSpecification","valueRequired":true,"valueName":"search_term_string"}}],"inLanguage":"en-ZA"}]}},"_links":{"self":[{"href":"https:\/\/www.centsys.com\/fr\/wp-json\/wp\/v2\/pages\/2363","targetHints":{"allow":["GET"]}}],"collection":[{"href":"https:\/\/www.centsys.com\/fr\/wp-json\/wp\/v2\/pages"}],"about":[{"href":"https:\/\/www.centsys.com\/fr\/wp-json\/wp\/v2\/types\/page"}],"author":[{"embeddable":true,"href":"https:\/\/www.centsys.com\/fr\/wp-json\/wp\/v2\/users\/1"}],"replies":[{"embeddable":true,"href":"https:\/\/www.centsys.com\/fr\/wp-json\/wp\/v2\/comments?post=2363"}],"version-history":[{"count":4,"href":"https:\/\/www.centsys.com\/fr\/wp-json\/wp\/v2\/pages\/2363\/revisions"}],"predecessor-version":[{"id":32352,"href":"https:\/\/www.centsys.com\/fr\/wp-json\/wp\/v2\/pages\/2363\/revisions\/32352"}],"wp:attachment":[{"href":"https:\/\/www.centsys.com\/fr\/wp-json\/wp\/v2\/media?parent=2363"}],"curies":[{"name":"wp","href":"https:\/\/api.w.org\/{rel}","templated":true}]}}