{"id":3716,"date":"2025-02-03T14:01:39","date_gmt":"2025-02-03T12:01:39","guid":{"rendered":"https:\/\/www.centsys.co.za\/demo\/?page_id=3716"},"modified":"2026-03-13T10:12:58","modified_gmt":"2026-03-13T08:12:58","slug":"centurion-systems-exportations","status":"publish","type":"page","link":"https:\/\/www.centsys.com\/fr\/centurion-systems-exportations\/","title":{"rendered":"Exportations de Centurion Systems"},"content":{"rendered":"<p>[et_pb_section fb_built=&#8221;1&#8243; custom_padding_last_edited=&#8221;off|desktop&#8221; admin_label=&#8221;Header&#8221; _builder_version=&#8221;4.27.2&#8243; _module_preset=&#8221;default&#8221; background_enable_color=&#8221;off&#8221; background_color_gradient_direction=&#8221;60deg&#8221; background_color_gradient_start=&#8221;#efe8ff&#8221; background_color_gradient_end=&#8221;#bac7ff&#8221; background_enable_image=&#8221;off&#8221; background_size=&#8221;contain&#8221; background_position=&#8221;bottom_left&#8221; custom_padding=&#8221;0vw||4px||false|false&#8221; custom_padding_tablet=&#8221;80px||||false|false&#8221; custom_padding_phone=&#8221;60px||||false|false&#8221; background_last_edited=&#8221;off|desktop&#8221; use_background_color_gradient_tablet=&#8221;on&#8221; background_color_gradient_stops_tablet=&#8221;rgba(255,255,255,0.5) 0%|rgba(255,255,255,0.5) 100%&#8221; background_color_gradient_start_tablet=&#8221;rgba(255,255,255,0.5)&#8221; background_color_gradient_end_tablet=&#8221;rgba(255,255,255,0.5)&#8221; global_colors_info=&#8221;{}&#8221;][et_pb_row _builder_version=&#8221;4.16&#8243; _module_preset=&#8221;default&#8221; custom_padding=&#8221;||6px|||&#8221; locked=&#8221;off&#8221; global_colors_info=&#8221;{}&#8221;][et_pb_column type=&#8221;4_4&#8243; _builder_version=&#8221;4.16&#8243; _module_preset=&#8221;default&#8221; z_index=&#8221;10&#8243; global_colors_info=&#8221;{}&#8221;][et_pb_text _builder_version=&#8221;4.27.5&#8243; _module_preset=&#8221;c2849e14-f298-4e85-93bb-b7eb6ec6b099&#8243; header_font=&#8221;Open Sans|700|||||||&#8221; header_text_color=&#8221;#000000&#8243; header_font_size=&#8221;80px&#8221; header_line_height=&#8221;1.35em&#8221; header_font_size_tablet=&#8221;40px&#8221; header_font_size_phone=&#8221;28px&#8221; header_font_size_last_edited=&#8221;on|phone&#8221; global_colors_info=&#8221;{}&#8221;]<\/p>\n<h1><span style=\"color: #808080;\">VENTES \u00c0 <\/span> <span style=\"color: #99cc00;\">L&#8217;EXPORTATION<\/span><\/h1>\n<p>[\/et_pb_text][\/et_pb_column][\/et_pb_row][et_pb_row column_structure=&#8221;1_2,1_2&#8243; _builder_version=&#8221;4.27.4&#8243; _module_preset=&#8221;default&#8221; custom_padding=&#8221;||6px|||&#8221; locked=&#8221;off&#8221; global_colors_info=&#8221;{}&#8221;][et_pb_column type=&#8221;1_2&#8243; _builder_version=&#8221;4.16&#8243; _module_preset=&#8221;default&#8221; z_index=&#8221;10&#8243; global_colors_info=&#8221;{}&#8221;][et_pb_text _builder_version=&#8221;4.27.5&#8243; _module_preset=&#8221;3a5fa9a7-7987-4564-89a5-37b87a5b6ad8&#8243; header_font=&#8221;||||||||&#8221; header_3_font=&#8221;Open Sans|700|||||||&#8221; header_3_text_color=&#8221;#000000&#8243; header_3_font_size=&#8221;30px&#8221; header_3_line_height=&#8221;1.4em&#8221; header_3_font_size_tablet=&#8221;20px&#8221; header_3_font_size_phone=&#8221;16px&#8221; header_3_font_size_last_edited=&#8221;on|phone&#8221; global_colors_info=&#8221;{}&#8221;]<\/p>\n<h3><span style=\"color: #808080;\">March\u00e9s Internationaux\u200b<br \/><a href=\"mailto:Exports@centsys.co.za\">Exports@CentSys.co.za<\/a><\/span><\/h3>\n<h3><span style=\"color: #808080;\">Num\u00e9ro de t\u00e9l\u00e9phone : +27 11 699 2400<\/span><\/h3>\n<p>[\/et_pb_text][\/et_pb_column][et_pb_column type=&#8221;1_2&#8243; _builder_version=&#8221;4.16&#8243; _module_preset=&#8221;default&#8221; z_index=&#8221;10&#8243; global_colors_info=&#8221;{}&#8221;][et_pb_image src=&#8221;\/demo\/img\/maps\/CENTURION SYSTEMS Head-Office.jpg&#8221; url=&#8221;https:\/\/www.google.com\/maps\/place\/Centurion+Systems+Corporate+Head+Office\/@-26.0329189,27.9510252,17z\/data=!3m1!4b1!4m5!3m4!1s0x1e95766df40f0ebd:0xf31aa8384811c7a1!8m2!3d-26.0329189!4d27.9532139&#8243; align=&#8221;center&#8221; _builder_version=&#8221;4.27.5&#8243; _module_preset=&#8221;default&#8221; width=&#8221;70%&#8221; global_colors_info=&#8221;{}&#8221;][\/et_pb_image][\/et_pb_column][\/et_pb_row][\/et_pb_section][et_pb_section fb_built=&#8221;1&#8243; admin_label=&#8221;Call to Action&#8221; _builder_version=&#8221;4.16&#8243; _module_preset=&#8221;default&#8221; custom_padding=&#8221;0px||||false|false&#8221; global_colors_info=&#8221;{}&#8221;][et_pb_row column_structure=&#8221;2_5,3_5&#8243; _builder_version=&#8221;4.27.2&#8243; _module_preset=&#8221;default&#8221; background_color=&#8221;#666666&#8243; custom_padding=&#8221;0px||0px||false|false&#8221; global_colors_info=&#8221;{}&#8221;][et_pb_column type=&#8221;2_5&#8243; _builder_version=&#8221;4.16&#8243; _module_preset=&#8221;default&#8221; custom_padding=&#8221;80px||40px|60px|false|false&#8221; custom_padding_tablet=&#8221;40px|40px|40px|40px|true|true&#8221; custom_padding_phone=&#8221;20px|20px|20px|20px|true|true&#8221; custom_padding_last_edited=&#8221;on|desktop&#8221; global_colors_info=&#8221;{}&#8221;][et_pb_text _builder_version=&#8221;4.27.5&#8243; _module_preset=&#8221;1d866de3-b108-4c5f-bed3-2da9506a6915&#8243; header_font=&#8221;||||||||&#8221; header_4_font=&#8221;Open Sans|700|||||||&#8221; header_4_text_color=&#8221;#FFFFFF&#8221; header_4_font_size=&#8221;22px&#8221; header_4_line_height=&#8221;1.5em&#8221; custom_margin=&#8221;||10px||false|false&#8221; header_4_font_size_tablet=&#8221;20px&#8221; header_4_font_size_phone=&#8221;13px&#8221; header_4_font_size_last_edited=&#8221;on|phone&#8221; locked=&#8221;off&#8221; global_colors_info=&#8221;{}&#8221;]<\/p>\n<h4>Contactez notre \u00c9quipe de Vente \u00e0 l&#8217;Exportation d\u00e8s Aujourd&#8217;hui<\/h4>\n<p>[\/et_pb_text][et_pb_text _builder_version=&#8221;4.27.5&#8243; _module_preset=&#8221;16a54059-cc81-4572-9c70-eda6a6c419bf&#8221; text_font=&#8221;Open Sans|500|||||||&#8221; text_text_color=&#8221;#FFFFFF&#8221; text_line_height=&#8221;1.8em&#8221; link_font=&#8221;||||on||||&#8221; link_text_color=&#8221;#000000&#8243; ul_line_height=&#8221;2em&#8221; text_font_size_tablet=&#8221;15px&#8221; text_font_size_phone=&#8221;13px&#8221; text_font_size_last_edited=&#8221;on|phone&#8221; header_font_size_tablet=&#8221;55px&#8221; header_font_size_last_edited=&#8221;off|desktop&#8221; global_colors_info=&#8221;{}&#8221;]<\/p>\n<p>Bienvenue chez <strong>CENTURION Systems &#8211; EXPORTATIONS<\/strong>, votre fournisseur de confiance en mati\u00e8re <strong>d&#8217;automatisation d&#8217;acc\u00e8s<\/strong>. Que vous cherchiez \u00e0 acheter un nouveau moteur de portail, que vous ayez besoin de r\u00e9parations expertes ou que vous ayez besoin de conseils sur les produits, notre \u00e9quipe bien inform\u00e9e est l\u00e0 pour vous aider.<\/p>\n<p>[\/et_pb_text][et_pb_button button_url=&#8221;mailto:Exports@CentSys.co.za&#8221; button_text=&#8221;Envoyer un e-mail &#8221; button_alignment=&#8221;center&#8221; _builder_version=&#8221;4.27.5&#8243; _module_preset=&#8221;a93bd5f4-85ca-4af8-aab9-5954042d5969&#8243; custom_button=&#8221;on&#8221; button_text_size=&#8221;14px&#8221; button_text_color=&#8221;#FFFFFF&#8221; button_bg_color=&#8221;#82C341&#8243; button_border_width=&#8221;0px&#8221; button_border_radius=&#8221;5px&#8221; button_letter_spacing=&#8221;2px&#8221; button_font=&#8221;Open Sans|600||on|||||&#8221; custom_margin=&#8221;40px||||false|false&#8221; custom_padding=&#8221;15px|30px|15px|30px|true|true&#8221; custom_padding_tablet=&#8221;13px|25px|13px|25px|true|true&#8221; custom_padding_phone=&#8221;10px|20px|10px|20px|true|true&#8221; custom_padding_last_edited=&#8221;on|phone&#8221; button_text_size_tablet=&#8221;15px&#8221; button_text_size_phone=&#8221;14px&#8221; button_text_size_last_edited=&#8221;on|phone&#8221; custom_css_main_element=&#8221;width:100%;&#8221; locked=&#8221;off&#8221; global_colors_info=&#8221;{}&#8221; button_bg_color__hover_enabled=&#8221;off|hover&#8221; button_bg_color__hover=&#8221;#383838&#8243; button_bg_enable_color__hover=&#8221;on&#8221;][\/et_pb_button][\/et_pb_column][et_pb_column type=&#8221;3_5&#8243; _builder_version=&#8221;4.16&#8243; _module_preset=&#8221;default&#8221; global_colors_info=&#8221;{}&#8221;][et_pb_image src=&#8221;\/demo\/img\/offices\/CENTURION-SYSTEMS-IM-OFFICE.jpg&#8221; title_text=&#8221;camera-08&#8243; _builder_version=&#8221;4.27.5&#8243; _module_preset=&#8221;default&#8221; global_colors_info=&#8221;{}&#8221;][\/et_pb_image][\/et_pb_column][\/et_pb_row][\/et_pb_section][et_pb_section fb_built=&#8221;1&#8243; admin_label=&#8221;Features&#8221; _builder_version=&#8221;4.16&#8243; _module_preset=&#8221;default&#8221; custom_padding=&#8221;||0px|||&#8221; global_module=&#8221;3671&#8243; saved_tabs=&#8221;all&#8221; locked=&#8221;off&#8221; global_colors_info=&#8221;{}&#8221;][et_pb_row column_structure=&#8221;1_3,1_3,1_3&#8243; _builder_version=&#8221;4.27.4&#8243; _module_preset=&#8221;default&#8221; border_color_all=&#8221;#82C341&#8243; border_width_bottom=&#8221;4px&#8221; global_colors_info=&#8221;{}&#8221;][et_pb_column type=&#8221;1_3&#8243; _builder_version=&#8221;4.16&#8243; _module_preset=&#8221;default&#8221; global_colors_info=&#8221;{}&#8221;][et_pb_blurb title=&#8221;Ventes&#8221; use_icon=&#8221;on&#8221; font_icon=&#8221;&#xf4c4;||fa||900&#8243; icon_color=&#8221;#000000&#8243; image_icon_width=&#8221;40px&#8221; content_max_width=&#8221;100%&#8221; _builder_version=&#8221;4.27.5&#8243; _module_preset=&#8221;6e712727-0993-4f47-a922-0032e4c3d8f6&#8243; header_font=&#8221;Open Sans|700|||||||&#8221; header_font_size=&#8221;20px&#8221; header_line_height=&#8221;1.2em&#8221; body_font=&#8221;Open Sans||||||||&#8221; animation=&#8221;off&#8221; header_font_size_tablet=&#8221;18px&#8221; header_font_size_phone=&#8221;16px&#8221; header_font_size_last_edited=&#8221;on|phone&#8221; body_font_size_tablet=&#8221;&#8221; body_font_size_phone=&#8221;13px&#8221; body_font_size_last_edited=&#8221;on|phone&#8221; locked=&#8221;off&#8221; global_colors_info=&#8221;{}&#8221;]<\/p>\n<p>Vous recherchez le dernier cri en <strong>mati\u00e8re d&#8217;automatisation de portail et de porte de garage, de barri\u00e8res de circulation et de contr\u00f4le d&#8217;acc\u00e8s<\/strong>? Notre <strong>\u00e9quipe de vente chaleureuse<\/strong> est pr\u00eate \u00e0 vous aider \u00e0 trouver la solution parfaite pour votre maison ou votre entreprise.<\/p>\n<ul>\n<li>Des conseils d&#8217;experts pour choisir le produit le mieux adapt\u00e9 \u00e0 vos besoins.<\/li>\n<li style=\"text-align: left;\">Une gamme compl\u00e8te de <strong><a href=\"http:\/\/www.centsys.com\/fr\/moteurs-pour-portails-coulissants-centurion\/\" target=\"_blank\" rel=\"noopener\"><u>moteurs de portails<\/u><\/a>, de <a href=\"http:\/\/www.centsys.com\/fr\/centurion-systems-moteurs-pour-portes-de-garage\/\" target=\"_blank\" rel=\"noopener\">moteurs de portes de garage<\/a>, <a href=\"http:\/\/www.centsys.com\/fr\/centurion-systems-telecommandes-et-recepteurs\/\" target=\"_blank\" rel=\"noopener\">t\u00e9l\u00e9commandes<\/a>,\u00a0<\/strong><a href=\"http:\/\/www.centsys.com\/fr\/centurion-systems-accessoires-dautomatisation-dacces\/\" target=\"_blank\" rel=\"noopener\"><strong>d&#8217;interphones<\/strong><\/a><strong> CENTURION <\/strong>et bien plus.<\/li>\n<\/ul>\n<p>[\/et_pb_blurb][\/et_pb_column][et_pb_column type=&#8221;1_3&#8243; _builder_version=&#8221;4.16&#8243; _module_preset=&#8221;default&#8221; global_colors_info=&#8221;{}&#8221;][et_pb_blurb title=&#8221;R\u00e9parations&#8221; use_icon=&#8221;on&#8221; font_icon=&#8221;&#xf7d9;||fa||900&#8243; icon_color=&#8221;#000000&#8243; image_icon_width=&#8221;40px&#8221; content_max_width=&#8221;100%&#8221; _builder_version=&#8221;4.27.5&#8243; _module_preset=&#8221;6e712727-0993-4f47-a922-0032e4c3d8f6&#8243; header_font=&#8221;Open Sans|700|||||||&#8221; header_font_size=&#8221;20px&#8221; header_line_height=&#8221;1.2em&#8221; body_font=&#8221;Open Sans||||||||&#8221; animation=&#8221;off&#8221; header_font_size_tablet=&#8221;18px&#8221; header_font_size_phone=&#8221;16px&#8221; header_font_size_last_edited=&#8221;on|phone&#8221; body_font_size_tablet=&#8221;&#8221; body_font_size_phone=&#8221;13px&#8221; body_font_size_last_edited=&#8221;on|phone&#8221; locked=&#8221;off&#8221; global_colors_info=&#8221;{}&#8221;]<\/p>\n<p>Si votre <a href=\"http:\/\/www.centsys.com\/fr\/accueil\" target=\"_blank\" rel=\"noopener\"><strong>moteur de portail ou votre syst\u00e8me d&#8217;automatisation d&#8217;acc\u00e8s CENTURION<\/strong><\/a> a besoin d&#8217;\u00eatre entretenu ou r\u00e9par\u00e9, nous sommes l\u00e0 pour vous aider . Nos <strong>sp\u00e9cialistes en r\u00e9paration<\/strong> fournissent:<\/p>\n<ul>\n<li><strong>Des diagnostics et des entretiens<\/strong> rapides et fiables.<\/li>\n<li>Des r\u00e9parations utilisant des <strong>pi\u00e8ces d&#8217;origine CENTURION<\/strong>.<\/li>\n<li>Un d\u00e9pannage expert pour remettre votre syst\u00e8me en marche.<\/li>\n<\/ul>\n<p>Contactez <strong>CENTURION Systems<\/strong>, ou contactez-nous pour obtenir une <a href=\"http:\/\/www.centsys.com\/fr\/centurion-systems-support-technique\/\" target=\"_blank\" rel=\"noopener\">assistance<\/a>.<\/p>\n<p>[\/et_pb_blurb][\/et_pb_column][et_pb_column type=&#8221;1_3&#8243; _builder_version=&#8221;4.16&#8243; _module_preset=&#8221;default&#8221; global_colors_info=&#8221;{}&#8221;][et_pb_blurb title=&#8221;Sp\u00e9cialistes de Produits&#8221; use_icon=&#8221;on&#8221; font_icon=&#8221;&#xf82f;||fa||900&#8243; icon_color=&#8221;#000000&#8243; image_icon_width=&#8221;40px&#8221; content_max_width=&#8221;100%&#8221; _builder_version=&#8221;4.27.5&#8243; _module_preset=&#8221;6e712727-0993-4f47-a922-0032e4c3d8f6&#8243; header_font=&#8221;Open Sans|700|||||||&#8221; header_font_size=&#8221;20px&#8221; header_line_height=&#8221;1.2em&#8221; body_font=&#8221;Open Sans||||||||&#8221; animation=&#8221;off&#8221; header_font_size_tablet=&#8221;18px&#8221; header_font_size_phone=&#8221;16px&#8221; header_font_size_last_edited=&#8221;on|phone&#8221; body_font_size_tablet=&#8221;&#8221; body_font_size_phone=&#8221;13px&#8221; body_font_size_last_edited=&#8221;on|phone&#8221; locked=&#8221;off&#8221; global_colors_info=&#8221;{}&#8221;]<\/p>\n<p>Besoin d&#8217;aide pour une <strong>installation, une s\u00e9lection de produits ou une int\u00e9gration de syst\u00e8mes <\/strong>?<\/p>\n<p>Nos <strong>sp\u00e9cialistes de produits<\/strong> fournissent :<\/p>\n<ul>\n<li>Des conseils professionnels sur <strong>l&#8217;installation et la configuration des produits CENTURION<\/strong>.<\/li>\n<li>Des formations et une assistance technique aux <strong>installateurs et aux professionnels de l&#8217;automatisation<\/strong><\/li>\n<\/ul>\n<p>Nous sommes l\u00e0 pour vous aider \u00e0 tirer le meilleur parti de votre <strong>syst\u00e8me d&#8217;automatisation des acc\u00e8s CENTURION<\/strong>.<\/p>\n<p>[\/et_pb_blurb][\/et_pb_column][\/et_pb_row][et_pb_row column_structure=&#8221;1_2,1_4,1_4&#8243; _builder_version=&#8221;4.27.4&#8243; _module_preset=&#8221;default&#8221; custom_padding=&#8221;13px||14px|||&#8221; global_colors_info=&#8221;{}&#8221;][et_pb_column type=&#8221;1_2&#8243; _builder_version=&#8221;4.27.4&#8243; _module_preset=&#8221;default&#8221; global_colors_info=&#8221;{}&#8221;][et_pb_text _builder_version=&#8221;4.27.5&#8243; _module_preset=&#8221;default&#8221; hover_enabled=&#8221;0&#8243; global_colors_info=&#8221;{}&#8221; sticky_enabled=&#8221;0&#8243;]<\/p>\n<p><strong>Nous sommes Ouverts :<br \/><\/strong><\/p>\n<table style=\"border-collapse: collapse; width: 100%;\" border=\"1\">\n<tbody>\n<tr>\n<td style=\"width: 25%;\">Lundi \u00e0 Jeudi<\/td>\n<td style=\"width: 25%;\">Vendredi<\/td>\n<\/tr>\n<tr>\n<td style=\"width: 25%;\"><strong>08:00 \u2013 16:30<\/strong><\/td>\n<td style=\"width: 25%;\"><strong>08:00 \u2013 16:00\u00a0<\/strong><\/td>\n<\/tr>\n<\/tbody>\n<\/table>\n<p>Sauf les jours f\u00e9ri\u00e9s d&#8217;Afrique du Sud.<\/p>\n<p>Veuillez noter que toutes les heures sont exprim\u00e9es en Heure Locale d&#8217;Afrique du Sud (SAST).<\/p>\n<p>[\/et_pb_text][\/et_pb_column][et_pb_column type=&#8221;1_4&#8243; _builder_version=&#8221;4.27.4&#8243; _module_preset=&#8221;default&#8221; global_colors_info=&#8221;{}&#8221;][et_pb_button button_url=&#8221;http:\/\/www.centsys.com\/fr\/centurion-systems-support-technique\/&#8221; url_new_window=&#8221;on&#8221; button_text=&#8221;SUPPORT CLIENT&#8221; button_alignment=&#8221;center&#8221; _builder_version=&#8221;4.27.5&#8243; _module_preset=&#8221;default&#8221; custom_button=&#8221;on&#8221; button_text_size=&#8221;14px&#8221; button_text_color=&#8221;#FFFFFF&#8221; button_bg_color=&#8221;#82C341&#8243; button_border_radius=&#8221;5px&#8221; custom_margin=&#8221;32px|||||&#8221; custom_css_main_element=&#8221;width:100%;&#8221; global_colors_info=&#8221;{}&#8221;][\/et_pb_button][\/et_pb_column][et_pb_column type=&#8221;1_4&#8243; _builder_version=&#8221;4.27.4&#8243; _module_preset=&#8221;default&#8221; global_colors_info=&#8221;{}&#8221;][et_pb_button button_url=&#8221;https:\/\/support.centsys.co.za\/portal\/en\/kb\/centsys-technical-support&#8221; url_new_window=&#8221;on&#8221; button_text=&#8221;Knowledge Base&#8221; button_alignment=&#8221;center&#8221; disabled_on=&#8221;on|on|on&#8221; _builder_version=&#8221;4.27.5&#8243; _module_preset=&#8221;default&#8221; custom_button=&#8221;on&#8221; button_text_size=&#8221;14px&#8221; button_text_color=&#8221;#FFFFFF&#8221; button_bg_color=&#8221;#82C341&#8243; button_border_radius=&#8221;5px&#8221; custom_margin=&#8221;32px|||||&#8221; custom_css_main_element=&#8221;width:100%;&#8221; disabled=&#8221;on&#8221; global_colors_info=&#8221;{}&#8221;][\/et_pb_button][\/et_pb_column][\/et_pb_row][\/et_pb_section]<\/p>\n","protected":false},"excerpt":{"rendered":"<p>Bienvenue chez Centurion Systems Exports, votre partenaire de confiance pour l\u2019automatisation des acc\u00e8s, leader du secteur, partout dans le monde.<\/p>\n","protected":false},"author":1,"featured_media":0,"parent":0,"menu_order":0,"comment_status":"closed","ping_status":"closed","template":"","meta":{"_et_pb_use_builder":"on","_et_pb_old_content":"","_et_gb_content_width":"","_joinchat":[],"footnotes":""},"class_list":["post-3716","page","type-page","status-publish","hentry"],"yoast_head":"<!-- This site is optimized with the Yoast SEO plugin v27.3 - https:\/\/yoast.com\/product\/yoast-seo-wordpress\/ -->\r\n<title>Exportations de Centurion Systems - Centurion Systems<\/title>\r\n<meta name=\"description\" content=\"Bienvenue chez Centurion Systems Exports, votre partenaire de confiance pour l\u2019automatisation des acc\u00e8s, leader du secteur, partout dans le monde.\" \/>\r\n<meta name=\"robots\" content=\"index, follow, max-snippet:-1, max-image-preview:large, max-video-preview:-1\" \/>\r\n<link rel=\"canonical\" href=\"https:\/\/www.centsys.com\/fr\/centurion-systems-exportations\/\" \/>\r\n<meta property=\"og:locale\" content=\"en_US\" \/>\r\n<meta property=\"og:type\" content=\"article\" \/>\r\n<meta property=\"og:title\" content=\"Exportations de Centurion Systems - Centurion Systems\" \/>\r\n<meta property=\"og:description\" content=\"Bienvenue chez Centurion Systems Exports, votre partenaire de confiance pour l\u2019automatisation des acc\u00e8s, leader du secteur, partout dans le monde.\" \/>\r\n<meta property=\"og:url\" content=\"https:\/\/www.centsys.com\/fr\/centurion-systems-exportations\/\" \/>\r\n<meta property=\"og:site_name\" content=\"Centurion Systems French\" \/>\r\n<meta property=\"article:modified_time\" content=\"2026-03-13T08:12:58+00:00\" \/>\r\n<meta name=\"twitter:card\" content=\"summary_large_image\" \/>\r\n<meta name=\"twitter:label1\" content=\"Est. reading time\" \/>\n\t<meta name=\"twitter:data1\" content=\"2 minutes\" \/>\r\n<script type=\"application\/ld+json\" class=\"yoast-schema-graph\">{\"@context\":\"https:\\\/\\\/schema.org\",\"@graph\":[{\"@type\":\"WebPage\",\"@id\":\"https:\\\/\\\/www.centsys.com\\\/fr\\\/centurion-systems-exportations\\\/\",\"url\":\"https:\\\/\\\/www.centsys.com\\\/fr\\\/centurion-systems-exportations\\\/\",\"name\":\"Exportations de Centurion Systems - Centurion Systems\",\"isPartOf\":{\"@id\":\"https:\\\/\\\/www.centsys.com\\\/fr\\\/#website\"},\"datePublished\":\"2025-02-03T12:01:39+00:00\",\"dateModified\":\"2026-03-13T08:12:58+00:00\",\"description\":\"Bienvenue chez Centurion Systems Exports, votre partenaire de confiance pour l\u2019automatisation des acc\u00e8s, leader du secteur, partout dans le monde.\",\"breadcrumb\":{\"@id\":\"https:\\\/\\\/www.centsys.com\\\/fr\\\/centurion-systems-exportations\\\/#breadcrumb\"},\"inLanguage\":\"en-ZA\",\"potentialAction\":[{\"@type\":\"ReadAction\",\"target\":[\"https:\\\/\\\/www.centsys.com\\\/fr\\\/centurion-systems-exportations\\\/\"]}]},{\"@type\":\"BreadcrumbList\",\"@id\":\"https:\\\/\\\/www.centsys.com\\\/fr\\\/centurion-systems-exportations\\\/#breadcrumb\",\"itemListElement\":[{\"@type\":\"ListItem\",\"position\":1,\"name\":\"Home\",\"item\":\"https:\\\/\\\/www.centsys.com\\\/fr\\\/\"},{\"@type\":\"ListItem\",\"position\":2,\"name\":\"Exportations de Centurion Systems\"}]},{\"@type\":\"WebSite\",\"@id\":\"https:\\\/\\\/www.centsys.com\\\/fr\\\/#website\",\"url\":\"https:\\\/\\\/www.centsys.com\\\/fr\\\/\",\"name\":\"Centurion Systems French\",\"description\":\"\",\"potentialAction\":[{\"@type\":\"SearchAction\",\"target\":{\"@type\":\"EntryPoint\",\"urlTemplate\":\"https:\\\/\\\/www.centsys.com\\\/fr\\\/?s={search_term_string}\"},\"query-input\":{\"@type\":\"PropertyValueSpecification\",\"valueRequired\":true,\"valueName\":\"search_term_string\"}}],\"inLanguage\":\"en-ZA\"}]}<\/script>\r\n<!-- \/ Yoast SEO plugin. -->","yoast_head_json":{"title":"Exportations de Centurion Systems - Centurion Systems","description":"Bienvenue chez Centurion Systems Exports, votre partenaire de confiance pour l\u2019automatisation des acc\u00e8s, leader du secteur, partout dans le monde.","robots":{"index":"index","follow":"follow","max-snippet":"max-snippet:-1","max-image-preview":"max-image-preview:large","max-video-preview":"max-video-preview:-1"},"canonical":"https:\/\/www.centsys.com\/fr\/centurion-systems-exportations\/","og_locale":"en_US","og_type":"article","og_title":"Exportations de Centurion Systems - Centurion Systems","og_description":"Bienvenue chez Centurion Systems Exports, votre partenaire de confiance pour l\u2019automatisation des acc\u00e8s, leader du secteur, partout dans le monde.","og_url":"https:\/\/www.centsys.com\/fr\/centurion-systems-exportations\/","og_site_name":"Centurion Systems French","article_modified_time":"2026-03-13T08:12:58+00:00","twitter_card":"summary_large_image","twitter_misc":{"Est. reading time":"2 minutes"},"schema":{"@context":"https:\/\/schema.org","@graph":[{"@type":"WebPage","@id":"https:\/\/www.centsys.com\/fr\/centurion-systems-exportations\/","url":"https:\/\/www.centsys.com\/fr\/centurion-systems-exportations\/","name":"Exportations de Centurion Systems - Centurion Systems","isPartOf":{"@id":"https:\/\/www.centsys.com\/fr\/#website"},"datePublished":"2025-02-03T12:01:39+00:00","dateModified":"2026-03-13T08:12:58+00:00","description":"Bienvenue chez Centurion Systems Exports, votre partenaire de confiance pour l\u2019automatisation des acc\u00e8s, leader du secteur, partout dans le monde.","breadcrumb":{"@id":"https:\/\/www.centsys.com\/fr\/centurion-systems-exportations\/#breadcrumb"},"inLanguage":"en-ZA","potentialAction":[{"@type":"ReadAction","target":["https:\/\/www.centsys.com\/fr\/centurion-systems-exportations\/"]}]},{"@type":"BreadcrumbList","@id":"https:\/\/www.centsys.com\/fr\/centurion-systems-exportations\/#breadcrumb","itemListElement":[{"@type":"ListItem","position":1,"name":"Home","item":"https:\/\/www.centsys.com\/fr\/"},{"@type":"ListItem","position":2,"name":"Exportations de Centurion Systems"}]},{"@type":"WebSite","@id":"https:\/\/www.centsys.com\/fr\/#website","url":"https:\/\/www.centsys.com\/fr\/","name":"Centurion Systems French","description":"","potentialAction":[{"@type":"SearchAction","target":{"@type":"EntryPoint","urlTemplate":"https:\/\/www.centsys.com\/fr\/?s={search_term_string}"},"query-input":{"@type":"PropertyValueSpecification","valueRequired":true,"valueName":"search_term_string"}}],"inLanguage":"en-ZA"}]}},"_links":{"self":[{"href":"https:\/\/www.centsys.com\/fr\/wp-json\/wp\/v2\/pages\/3716","targetHints":{"allow":["GET"]}}],"collection":[{"href":"https:\/\/www.centsys.com\/fr\/wp-json\/wp\/v2\/pages"}],"about":[{"href":"https:\/\/www.centsys.com\/fr\/wp-json\/wp\/v2\/types\/page"}],"author":[{"embeddable":true,"href":"https:\/\/www.centsys.com\/fr\/wp-json\/wp\/v2\/users\/1"}],"replies":[{"embeddable":true,"href":"https:\/\/www.centsys.com\/fr\/wp-json\/wp\/v2\/comments?post=3716"}],"version-history":[{"count":5,"href":"https:\/\/www.centsys.com\/fr\/wp-json\/wp\/v2\/pages\/3716\/revisions"}],"predecessor-version":[{"id":32284,"href":"https:\/\/www.centsys.com\/fr\/wp-json\/wp\/v2\/pages\/3716\/revisions\/32284"}],"wp:attachment":[{"href":"https:\/\/www.centsys.com\/fr\/wp-json\/wp\/v2\/media?parent=3716"}],"curies":[{"name":"wp","href":"https:\/\/api.w.org\/{rel}","templated":true}]}}