{"id":700,"date":"2024-09-03T12:43:38","date_gmt":"2024-09-03T10:43:38","guid":{"rendered":"https:\/\/www.centsys.co.za\/demo\/?page_id=700"},"modified":"2026-02-22T15:59:44","modified_gmt":"2026-02-22T13:59:44","slug":"contactez-nous","status":"publish","type":"page","link":"https:\/\/www.centsys.com\/fr\/contactez-nous\/","title":{"rendered":"Contactez-nous"},"content":{"rendered":"<p>[et_pb_section fb_built=&#8221;1&#8243; _builder_version=&#8221;4.27.0&#8243; _module_preset=&#8221;default&#8221; custom_padding=&#8221;4px||9px|||&#8221; global_colors_info=&#8221;{}&#8221;][et_pb_row _builder_version=&#8221;4.27.4&#8243; _module_preset=&#8221;default&#8221; global_colors_info=&#8221;{}&#8221;][et_pb_column type=&#8221;4_4&#8243; _builder_version=&#8221;4.27.0&#8243; _module_preset=&#8221;default&#8221; global_colors_info=&#8221;{}&#8221;][et_pb_text _builder_version=&#8221;4.27.5&#8243; _module_preset=&#8221;default&#8221; global_colors_info=&#8221;{}&#8221;]<\/p>\n<div class=\"et_pb_module et_pb_text et_pb_text_0  et_pb_text_align_left et_pb_bg_layout_light\">\n<div class=\"et_pb_text_inner\">\n<h1 style=\"text-align: left;\"><strong style=\"font-size: 30pt; color: #fff;\"><span style=\"color: #82c341;\">COORDONN\u00c9ES<\/span> <\/strong><\/h1>\n<\/div>\n<\/div>\n<p>[\/et_pb_text][\/et_pb_column][\/et_pb_row][et_pb_row disabled_on=&#8221;on|on|on&#8221; _builder_version=&#8221;4.27.5&#8243; _module_preset=&#8221;default&#8221; disabled=&#8221;on&#8221; global_colors_info=&#8221;{}&#8221;][et_pb_column type=&#8221;4_4&#8243; _builder_version=&#8221;4.27.0&#8243; _module_preset=&#8221;default&#8221; global_colors_info=&#8221;{}&#8221;][et_pb_text _builder_version=&#8221;4.27.5&#8243; _module_preset=&#8221;default&#8221; global_colors_info=&#8221;{}&#8221;]<\/p>\n<p>Use the drop down menu&#8217;s below to find your nearest <a style=\"text-decoration: none;\" href=\"https:\/\/www.centsys.co.za\/demo\/\">Centurion Systems<\/a> branch.<\/p>\n<p>If you are struggling to find your nearest branch start a chat on our <strong>live chat<\/strong> system or <a style=\"text-decoration: none;\" href=\"https:\/\/wa.me\/270836504010\">WhatsApp.<\/a><\/p>\n<p>[\/et_pb_text][\/et_pb_column][\/et_pb_row][\/et_pb_section][et_pb_section fb_built=&#8221;1&#8243; disabled_on=&#8221;on|on|on&#8221; _builder_version=&#8221;4.27.5&#8243; _module_preset=&#8221;default&#8221; custom_padding=&#8221;9px||15px|||&#8221; disabled=&#8221;on&#8221; global_colors_info=&#8221;{}&#8221;][et_pb_row column_structure=&#8221;1_3,1_3,1_3&#8243; _builder_version=&#8221;4.27.4&#8243; _module_preset=&#8221;default&#8221; custom_padding=&#8221;9px||16px|||&#8221; border_radii=&#8221;on|5px|5px|5px|5px&#8221; border_width_all=&#8221;0px&#8221; border_color_all=&#8221;#82C341&#8243; global_module=&#8221;3615&#8243; saved_tabs=&#8221;all&#8221; global_colors_info=&#8221;{}&#8221;][et_pb_column type=&#8221;1_3&#8243; _builder_version=&#8221;4.27.0&#8243; _module_preset=&#8221;default&#8221; global_colors_info=&#8221;{}&#8221;][\/et_pb_column][et_pb_column type=&#8221;1_3&#8243; _builder_version=&#8221;4.27.0&#8243; _module_preset=&#8221;default&#8221; global_colors_info=&#8221;{}&#8221;][et_pb_text _builder_version=&#8221;4.27.4&#8243; _module_preset=&#8221;default&#8221; global_colors_info=&#8221;{}&#8221;]<\/p>\n<p style=\"text-align: center;\"><strong>BRANCHES<\/strong><\/p>\n<p>[\/et_pb_text][et_pb_menu menu_id=&#8221;13&#8243; menu_style=&#8221;centered&#8221; disabled_on=&#8221;on|on|off&#8221; module_id=&#8221;locate&#8221; module_class=&#8221;locate&#8221; _builder_version=&#8221;4.27.4&#8243; _module_preset=&#8221;default&#8221; menu_font_size=&#8221;18px&#8221; custom_margin=&#8221;13px|||||&#8221; custom_padding=&#8221;10px||10px||false|false&#8221; border_radii=&#8221;on|15px|15px|15px|15px&#8221; border_width_all=&#8221;5px&#8221; border_color_all=&#8221;#82C341&#8243; global_colors_info=&#8221;{}&#8221;][\/et_pb_menu][et_pb_toggle title=&#8221;GAUTENG&#8221; disabled_on=&#8221;off|off|on&#8221; _builder_version=&#8221;4.27.4&#8243; _module_preset=&#8221;default&#8221; global_colors_info=&#8221;{}&#8221;]<\/p>\n<p><a href=\"https:\/\/www.centsys.co.za\/demo\/centurion-systems-kya-sands-branch-2\/\">KYA SANDS<\/a><br \/><a href=\"https:\/\/www.centsys.co.za\/demo\/centurion-systems-east-rand\/\">EAST RAND<\/a><br \/><a href=\"https:\/\/www.centsys.co.za\/demo\/centurion-systems-soweto-branch\/\">SOWETO<\/a><br \/><a href=\"https:\/\/www.centsys.co.za\/demo\/centurion-systems-pretoria\/\">PRETORIA<\/a><\/p>\n<p>[\/et_pb_toggle][et_pb_toggle title=&#8221;EASTERN CAPE&#8221; disabled_on=&#8221;off|off|on&#8221; _builder_version=&#8221;4.27.4&#8243; _module_preset=&#8221;default&#8221; global_colors_info=&#8221;{}&#8221;]<\/p>\n<p><a href=\"https:\/\/www.centsys.co.za\/demo\/centurion-systems-gqeberha\/\">GQEBERHA<\/a><\/p>\n<p>[\/et_pb_toggle][et_pb_toggle title=&#8221;WESTERN CAPE&#8221; disabled_on=&#8221;off|off|on&#8221; _builder_version=&#8221;4.27.4&#8243; _module_preset=&#8221;default&#8221; global_colors_info=&#8221;{}&#8221;]<\/p>\n<p><a href=\"https:\/\/www.centsys.co.za\/demo\/centurion-systems-cape-town\/\">CAPE TOWN<\/a><br \/><a href=\"https:\/\/www.centsys.co.za\/demo\/centurion-systems-george\/\">GEORGE<\/a><\/p>\n<p>[\/et_pb_toggle][et_pb_toggle title=&#8221;KWAZULU-NATAL&#8221; disabled_on=&#8221;off|off|on&#8221; _builder_version=&#8221;4.27.4&#8243; _module_preset=&#8221;default&#8221; global_colors_info=&#8221;{}&#8221;]<\/p>\n<p><a href=\"https:\/\/www.centsys.co.za\/demo\/centurion-systems-kwazulu-natal\/\">PINETOWN<\/a><\/p>\n<p>[\/et_pb_toggle][et_pb_toggle title=&#8221;FREE STATE&#8221; disabled_on=&#8221;off|off|on&#8221; _builder_version=&#8221;4.27.4&#8243; _module_preset=&#8221;default&#8221; global_colors_info=&#8221;{}&#8221;]<\/p>\n<p><a href=\"https:\/\/www.centsys.co.za\/demo\/centurion-systems-bloemfontein\/\">BLOEMFONTEIN<\/a><\/p>\n<p>[\/et_pb_toggle][et_pb_toggle title=&#8221;MPUMALANGA&#8221; disabled_on=&#8221;off|off|on&#8221; _builder_version=&#8221;4.27.4&#8243; _module_preset=&#8221;default&#8221; global_colors_info=&#8221;{}&#8221;]<\/p>\n<p><a href=\"https:\/\/www.centsys.co.za\/demo\/centurion-systems-mbombela\/\">MBOMBELA &#8211; NELSPRUIT<\/a><\/p>\n<p>[\/et_pb_toggle][et_pb_button button_url=&#8221;https:\/\/www.centsys.co.za\/demo\/centurion-systems-exports\/&#8221; button_text=&#8221;Exports Sales&#8221; button_alignment=&#8221;center&#8221; _builder_version=&#8221;4.27.4&#8243; _module_preset=&#8221;default&#8221; custom_button=&#8221;on&#8221; button_text_color=&#8221;#757575&#8243; button_border_width=&#8221;5px&#8221; button_border_color=&#8221;#82C341&#8243; button_border_radius=&#8221;15px&#8221; custom_margin=&#8221;12px|||||&#8221; custom_padding=&#8221;|40px||40px|false|false&#8221; custom_css_main_element=&#8221;width:100%;&#8221; global_colors_info=&#8221;{}&#8221;][\/et_pb_button][\/et_pb_column][et_pb_column type=&#8221;1_3&#8243; _builder_version=&#8221;4.27.0&#8243; _module_preset=&#8221;default&#8221; global_colors_info=&#8221;{}&#8221;][\/et_pb_column][\/et_pb_row][\/et_pb_section][et_pb_section fb_built=&#8221;1&#8243; fullwidth=&#8221;on&#8221; disabled_on=&#8221;on|off|off&#8221; _builder_version=&#8221;4.27.4&#8243; _module_preset=&#8221;default&#8221; global_colors_info=&#8221;{}&#8221;][et_pb_fullwidth_image src=&#8221;https:\/\/www.centsys.com\/fr\/img\/Coordonn%C3%A9es\/Nous%20Contacter%20Centurion%20Systems.jpg&#8221; _builder_version=&#8221;4.27.5&#8243; _module_preset=&#8221;default&#8221; global_colors_info=&#8221;{}&#8221;][\/et_pb_fullwidth_image][\/et_pb_section][et_pb_section fb_built=&#8221;1&#8243; _builder_version=&#8221;4.27.2&#8243; _module_preset=&#8221;default&#8221; custom_padding=&#8221;5px||10px|||&#8221; global_colors_info=&#8221;{}&#8221;][et_pb_row _builder_version=&#8221;4.27.2&#8243; _module_preset=&#8221;default&#8221; global_colors_info=&#8221;{}&#8221;][et_pb_column type=&#8221;4_4&#8243; _builder_version=&#8221;4.27.2&#8243; _module_preset=&#8221;default&#8221; global_colors_info=&#8221;{}&#8221;][et_pb_image src=&#8221;https:\/\/www.centsys.com\/fr\/img\/Coordonn%C3%A9es\/Si%C3%A8ge%20social%20Centurion%20Systems%20-%20Avant.jpg&#8221; _builder_version=&#8221;4.27.5&#8243; _module_preset=&#8221;default&#8221; border_radii=&#8221;on|15px|15px|15px|15px&#8221; global_colors_info=&#8221;{}&#8221;][\/et_pb_image][\/et_pb_column][\/et_pb_row][et_pb_row column_structure=&#8221;1_3,1_3,1_3&#8243; _builder_version=&#8221;4.27.2&#8243; _module_preset=&#8221;default&#8221; global_colors_info=&#8221;{}&#8221;][et_pb_column type=&#8221;1_3&#8243; _builder_version=&#8221;4.27.2&#8243; _module_preset=&#8221;default&#8221; global_colors_info=&#8221;{}&#8221;][et_pb_text _builder_version=&#8221;4.27.5&#8243; _module_preset=&#8221;default&#8221; hover_enabled=&#8221;0&#8243; global_colors_info=&#8221;{}&#8221; sticky_enabled=&#8221;0&#8243;]<\/p>\n<h3><span style=\"color: #99cc00;\"><strong>SI\u00c8GE SOCIAL :<\/strong><\/span><\/h3>\n<p><strong>Adresse physique:<br \/><\/strong>Unit 13 Northlands Production Park<br \/>Intersection \u00a0Epsom Avenue &amp; Newmarket Road<br \/>North Riding<br \/>Johannesburg<br \/>2162<br \/>Afrique du Sud<\/p>\n<p><strong>Horaires :<\/strong><br \/>De 08h00 \u00e0 16h30<br \/>(du lundi au jeudi, hormis jours f\u00e9ri\u00e9s)<\/p>\n<p>De 08h00 \u00e0 16h00<br \/>(le vendredi, hormis jours f\u00e9ri\u00e9s)<\/p>\n<p>[\/et_pb_text][\/et_pb_column][et_pb_column type=&#8221;1_3&#8243; _builder_version=&#8221;4.27.2&#8243; _module_preset=&#8221;default&#8221; global_colors_info=&#8221;{}&#8221;][et_pb_text _builder_version=&#8221;4.27.5&#8243; _module_preset=&#8221;default&#8221; hover_enabled=&#8221;0&#8243; global_colors_info=&#8221;{}&#8221; sticky_enabled=&#8221;0&#8243;]<\/p>\n<p><strong>Centre d\u2019Appel d\u2019Assistance technique :<\/strong><br \/><span class=\"ui-provider a b c d e f g h i j k l m n o p q r s t u v w x y z ab ac ae af ag ah ai aj ak\" dir=\"ltr\"><strong>CENTURION WhatsApp :<br \/><\/strong>+27 83 650 4244<\/span><br \/><strong><br \/>E-Mail<\/strong>: <a href=\"mailto:support@centsys.co.za\">Support@centsys.co.za<\/a><\/p>\n<p>De <strong>08h00 \u00e0 16h30<\/strong> (GMT+2) du lundi au vendredi<br \/>et de <strong>08h00 \u00e0 14h00<\/strong> le samedi.<\/p>\n<p>[\/et_pb_text][et_pb_image src=&#8221;https:\/\/www.centsys.com\/fr\/img\/wa\/CENTURION_Discutez%20avec%20nous_WhatsApp.png&#8221; url=&#8221;https:\/\/wa.me\/270836504244&#8243; _builder_version=&#8221;4.27.5&#8243; _module_preset=&#8221;default&#8221; width=&#8221;80%&#8221; hover_enabled=&#8221;0&#8243; global_colors_info=&#8221;{}&#8221; sticky_enabled=&#8221;0&#8243;][\/et_pb_image][\/et_pb_column][et_pb_column type=&#8221;1_3&#8243; _builder_version=&#8221;4.27.2&#8243; _module_preset=&#8221;default&#8221; global_colors_info=&#8221;{}&#8221;][et_pb_text _builder_version=&#8221;4.27.5&#8243; _module_preset=&#8221;default&#8221; hover_enabled=&#8221;0&#8243; global_colors_info=&#8221;{}&#8221; sticky_enabled=&#8221;0&#8243;]<\/p>\n<p><span class=\"skype_c2c_print_container notranslate\"><strong>T\u00e9l\u00e9phone et courriel :<\/strong><strong><br \/><\/strong>Centrale t\u00e9l\u00e9phonique : +27 11 699 2400<br \/>March\u00e9s internationaux : <a href=\"mailto:exports@centsys.co.za\">Exports@centsys.co.za<\/a><\/span><\/p>\n<p><strong>Num\u00e9ro de t\u00e9l\u00e9copie :<\/strong><strong><br \/><\/strong>Administration et March\u00e9s Internationaux : +27 11 704 3412<\/p>\n<p><strong>Service deformation :<\/strong><br \/>+27 11 699 2508 <a href=\"mailto:Training@CenturionSystems.co.za\">Training@CenturionSystems.co.za<\/a><\/p>\n<p>[\/et_pb_text][\/et_pb_column][\/et_pb_row][\/et_pb_section][et_pb_section fb_built=&#8221;1&#8243; disabled_on=&#8221;on|on|on&#8221; _builder_version=&#8221;4.27.4&#8243; _module_preset=&#8221;default&#8221; background_color=&#8221;#e0e0e0&#8243; custom_padding=&#8221;0px||0px|||&#8221; disabled=&#8221;on&#8221; global_module=&#8221;2722&#8243; saved_tabs=&#8221;all&#8221; global_colors_info=&#8221;{}&#8221;][et_pb_row column_structure=&#8221;1_2,1_2&#8243; _builder_version=&#8221;4.27.4&#8243; _module_preset=&#8221;default&#8221; background_color=&#8221;#e0e0e0&#8243; width=&#8221;88%&#8221; max_width=&#8221;1596px&#8221; custom_margin=&#8221;|auto|-1px|auto|false|false&#8221; custom_padding=&#8221;32px||0px||false|false&#8221; global_colors_info=&#8221;{%22gcid-d116008b-ce49-46ea-9433-049c9562a0bc%22:%91%22background_color%22%93}&#8221;][et_pb_column type=&#8221;1_2&#8243; _builder_version=&#8221;4.27.4&#8243; _module_preset=&#8221;default&#8221; global_colors_info=&#8221;{}&#8221;][et_pb_image src=&#8221;\/demo\/img\/ctsi\/CENTURION-SYSTEMS-Certified-Trained-Installer-Finder.jpg&#8221; title_text=&#8221;camera-47&#8243; _builder_version=&#8221;4.27.4&#8243; _module_preset=&#8221;default&#8221; border_radii=&#8221;on|15px|15px|15px|15px&#8221; global_colors_info=&#8221;{}&#8221;][\/et_pb_image][\/et_pb_column][et_pb_column type=&#8221;1_2&#8243; _builder_version=&#8221;4.16&#8243; _module_preset=&#8221;default&#8221; custom_padding=&#8221;|70px|70px||false|false&#8221; custom_padding_tablet=&#8221;|30px|30px|30px|false|true&#8221; custom_padding_phone=&#8221;0px|20px||20px|false|true&#8221; custom_padding_last_edited=&#8221;on|tablet&#8221; global_colors_info=&#8221;{}&#8221;][et_pb_text _builder_version=&#8221;4.27.4&#8243; _module_preset=&#8221;32021f09-dd67-47fb-8f9a-832b72a38baf&#8221; header_font=&#8221;|&#8211;et_global_heading_font_weight|||||||&#8221; header_text_color=&#8221;#82C341&#8243; header_2_font=&#8221;&#8211;et_global_heading_font|&#8211;et_global_heading_font_weight|||||||&#8221; header_2_text_color=&#8221;#82C341&#8243; header_2_font_size=&#8221;50px&#8221; header_2_line_height=&#8221;1.2em&#8221; custom_margin=&#8221;||0px||false|false&#8221; header_2_font_size_tablet=&#8221;32px&#8221; header_2_font_size_phone=&#8221;18px&#8221; header_2_font_size_last_edited=&#8221;on|tablet&#8221; locked=&#8221;off&#8221; global_colors_info=&#8221;{}&#8221;]<\/p>\n<h2>Find a Trusted Professional near you.<\/h2>\n<p>[\/et_pb_text][et_pb_text _builder_version=&#8221;4.27.4&#8243; _module_preset=&#8221;aec0be99-8a53-4f75-abf2-64f29a8b4cc2&#8243; text_font=&#8221;&#8211;et_global_body_font||||||||&#8221; text_font_size_tablet=&#8221;16px&#8221; text_font_size_phone=&#8221;13px&#8221; text_font_size_last_edited=&#8221;on|tablet&#8221; global_colors_info=&#8221;{}&#8221;]<\/p>\n<p>Specially trained and certified to provide maintenance, installations and repairs of all Centurion Systems SM\u0394RT Motors.<\/p>\n<p>[\/et_pb_text][et_pb_button button_url=&#8221;https:\/\/smart.centsys.co.za\/Pages\/ClientSearch\/ClientSearch&#8221; button_text=&#8221;LOCATE AN INSTALLER NEAR YOU&#8221; button_alignment=&#8221;center&#8221; _builder_version=&#8221;4.27.4&#8243; _module_preset=&#8221;a93bd5f4-85ca-4af8-aab9-5954042d5969&#8243; custom_button=&#8221;on&#8221; button_text_size=&#8221;16px&#8221; button_text_color=&#8221;#FFFFFF&#8221; button_bg_color=&#8221;#82C341&#8243; button_border_width=&#8221;0px&#8221; button_border_radius=&#8221;5px&#8221; button_letter_spacing=&#8221;2px&#8221; button_font=&#8221;Open Sans|600||on|||||&#8221; custom_padding=&#8221;15px|30px|15px|30px|true|true&#8221; custom_padding_tablet=&#8221;13px|25px|13px|25px|true|true&#8221; custom_padding_phone=&#8221;10px|20px|10px|20px|true|true&#8221; custom_padding_last_edited=&#8221;on|phone&#8221; button_text_size_tablet=&#8221;15px&#8221; button_text_size_phone=&#8221;14px&#8221; button_text_size_last_edited=&#8221;on|phone&#8221; custom_css_main_element=&#8221;width:100%;&#8221; locked=&#8221;off&#8221; global_colors_info=&#8221;{}&#8221; button_bg_color__hover_enabled=&#8221;on|hover&#8221; button_bg_color__hover=&#8221;#82C341&#8243; button_bg_enable_color__hover=&#8221;on&#8221;][\/et_pb_button][\/et_pb_column][\/et_pb_row][\/et_pb_section]<\/p>\n","protected":false},"excerpt":{"rendered":"<p>Bienvenue sur la page Contact de Centurion Systems. CENTURION, votre partenaire de confiance pour l\u2019automatisation d\u2019acc\u00e8s de r\u00e9f\u00e9rence.<\/p>\n","protected":false},"author":1,"featured_media":29503,"parent":0,"menu_order":0,"comment_status":"closed","ping_status":"closed","template":"","meta":{"_et_pb_use_builder":"on","_et_pb_old_content":"","_et_gb_content_width":"","_joinchat":[],"footnotes":""},"class_list":["post-700","page","type-page","status-publish","has-post-thumbnail","hentry"],"yoast_head":"<!-- This site is optimized with the Yoast SEO plugin v27.3 - https:\/\/yoast.com\/product\/yoast-seo-wordpress\/ -->\r\n<title>Contactez-nous - Centurion Systems<\/title>\r\n<meta name=\"description\" content=\"Bienvenue sur la page Contact de Centurion Systems. CENTURION, votre partenaire de confiance pour l\u2019automatisation d\u2019acc\u00e8s de r\u00e9f\u00e9rence.\" \/>\r\n<meta name=\"robots\" content=\"index, follow, max-snippet:-1, max-image-preview:large, max-video-preview:-1\" \/>\r\n<link rel=\"canonical\" href=\"https:\/\/www.centsys.com\/fr\/contactez-nous\/\" \/>\r\n<meta property=\"og:locale\" content=\"en_US\" \/>\r\n<meta property=\"og:type\" content=\"article\" \/>\r\n<meta property=\"og:title\" content=\"Contactez-nous | Centurion Systems\" \/>\r\n<meta property=\"og:description\" content=\"Welcome to Centurion Systems Contact Us Page. CENTURION your trusted provider of industry-leading access automation.\" \/>\r\n<meta property=\"og:url\" content=\"https:\/\/www.centsys.com\/fr\/contactez-nous\/\" \/>\r\n<meta property=\"og:site_name\" content=\"Centurion Systems French\" \/>\r\n<meta property=\"article:modified_time\" content=\"2026-02-22T13:59:44+00:00\" \/>\r\n<meta property=\"og:image\" content=\"https:\/\/www.centsys.com\/fr\/wp-content\/uploads\/2025\/04\/Contact-CENTURION-SYSTEMS-Now.jpg\" \/>\r\n\t<meta property=\"og:image:width\" content=\"1080\" \/>\r\n\t<meta property=\"og:image:height\" content=\"1080\" \/>\r\n\t<meta property=\"og:image:type\" content=\"image\/jpeg\" \/>\r\n<meta name=\"twitter:card\" content=\"summary_large_image\" \/>\r\n<meta name=\"twitter:title\" content=\"Contactez-nous | Centurion Systems\" \/>\r\n<meta name=\"twitter:description\" content=\"Welcome to Centurion Systems Contact Us Page. CENTURION your trusted provider of industry-leading access automation.\" \/>\r\n<meta name=\"twitter:label1\" content=\"Est. reading time\" \/>\n\t<meta name=\"twitter:data1\" content=\"2 minutes\" \/>\r\n<script type=\"application\/ld+json\" class=\"yoast-schema-graph\">{\"@context\":\"https:\\\/\\\/schema.org\",\"@graph\":[{\"@type\":[\"WebPage\",\"ContactPage\"],\"@id\":\"https:\\\/\\\/www.centsys.com\\\/fr\\\/contactez-nous\\\/\",\"url\":\"https:\\\/\\\/www.centsys.com\\\/fr\\\/contactez-nous\\\/\",\"name\":\"Contactez-nous - Centurion Systems\",\"isPartOf\":{\"@id\":\"https:\\\/\\\/www.centsys.com\\\/fr\\\/#website\"},\"primaryImageOfPage\":{\"@id\":\"https:\\\/\\\/www.centsys.com\\\/fr\\\/contactez-nous\\\/#primaryimage\"},\"image\":{\"@id\":\"https:\\\/\\\/www.centsys.com\\\/fr\\\/contactez-nous\\\/#primaryimage\"},\"thumbnailUrl\":\"https:\\\/\\\/www.centsys.com\\\/fr\\\/wp-content\\\/uploads\\\/2025\\\/04\\\/Contact-CENTURION-SYSTEMS-Now.jpg\",\"datePublished\":\"2024-09-03T10:43:38+00:00\",\"dateModified\":\"2026-02-22T13:59:44+00:00\",\"description\":\"Bienvenue sur la page Contact de Centurion Systems. CENTURION, votre partenaire de confiance pour l\u2019automatisation d\u2019acc\u00e8s de r\u00e9f\u00e9rence.\",\"breadcrumb\":{\"@id\":\"https:\\\/\\\/www.centsys.com\\\/fr\\\/contactez-nous\\\/#breadcrumb\"},\"inLanguage\":\"en-ZA\",\"potentialAction\":[{\"@type\":\"ReadAction\",\"target\":[\"https:\\\/\\\/www.centsys.com\\\/fr\\\/contactez-nous\\\/\"]}]},{\"@type\":\"ImageObject\",\"inLanguage\":\"en-ZA\",\"@id\":\"https:\\\/\\\/www.centsys.com\\\/fr\\\/contactez-nous\\\/#primaryimage\",\"url\":\"https:\\\/\\\/www.centsys.com\\\/fr\\\/wp-content\\\/uploads\\\/2025\\\/04\\\/Contact-CENTURION-SYSTEMS-Now.jpg\",\"contentUrl\":\"https:\\\/\\\/www.centsys.com\\\/fr\\\/wp-content\\\/uploads\\\/2025\\\/04\\\/Contact-CENTURION-SYSTEMS-Now.jpg\",\"width\":1080,\"height\":1080,\"caption\":\"Contact Centurion Systems Today\"},{\"@type\":\"BreadcrumbList\",\"@id\":\"https:\\\/\\\/www.centsys.com\\\/fr\\\/contactez-nous\\\/#breadcrumb\",\"itemListElement\":[{\"@type\":\"ListItem\",\"position\":1,\"name\":\"Home\",\"item\":\"https:\\\/\\\/www.centsys.com\\\/fr\\\/\"},{\"@type\":\"ListItem\",\"position\":2,\"name\":\"Contactez-nous\"}]},{\"@type\":\"WebSite\",\"@id\":\"https:\\\/\\\/www.centsys.com\\\/fr\\\/#website\",\"url\":\"https:\\\/\\\/www.centsys.com\\\/fr\\\/\",\"name\":\"Centurion Systems French\",\"description\":\"\",\"potentialAction\":[{\"@type\":\"SearchAction\",\"target\":{\"@type\":\"EntryPoint\",\"urlTemplate\":\"https:\\\/\\\/www.centsys.com\\\/fr\\\/?s={search_term_string}\"},\"query-input\":{\"@type\":\"PropertyValueSpecification\",\"valueRequired\":true,\"valueName\":\"search_term_string\"}}],\"inLanguage\":\"en-ZA\"}]}<\/script>\r\n<!-- \/ Yoast SEO plugin. -->","yoast_head_json":{"title":"Contactez-nous - Centurion Systems","description":"Bienvenue sur la page Contact de Centurion Systems. CENTURION, votre partenaire de confiance pour l\u2019automatisation d\u2019acc\u00e8s de r\u00e9f\u00e9rence.","robots":{"index":"index","follow":"follow","max-snippet":"max-snippet:-1","max-image-preview":"max-image-preview:large","max-video-preview":"max-video-preview:-1"},"canonical":"https:\/\/www.centsys.com\/fr\/contactez-nous\/","og_locale":"en_US","og_type":"article","og_title":"Contactez-nous | Centurion Systems","og_description":"Welcome to Centurion Systems Contact Us Page. CENTURION your trusted provider of industry-leading access automation.","og_url":"https:\/\/www.centsys.com\/fr\/contactez-nous\/","og_site_name":"Centurion Systems French","article_modified_time":"2026-02-22T13:59:44+00:00","og_image":[{"width":1080,"height":1080,"url":"https:\/\/www.centsys.com\/fr\/wp-content\/uploads\/2025\/04\/Contact-CENTURION-SYSTEMS-Now.jpg","type":"image\/jpeg"}],"twitter_card":"summary_large_image","twitter_title":"Contactez-nous | Centurion Systems","twitter_description":"Welcome to Centurion Systems Contact Us Page. CENTURION your trusted provider of industry-leading access automation.","twitter_misc":{"Est. reading time":"2 minutes"},"schema":{"@context":"https:\/\/schema.org","@graph":[{"@type":["WebPage","ContactPage"],"@id":"https:\/\/www.centsys.com\/fr\/contactez-nous\/","url":"https:\/\/www.centsys.com\/fr\/contactez-nous\/","name":"Contactez-nous - Centurion Systems","isPartOf":{"@id":"https:\/\/www.centsys.com\/fr\/#website"},"primaryImageOfPage":{"@id":"https:\/\/www.centsys.com\/fr\/contactez-nous\/#primaryimage"},"image":{"@id":"https:\/\/www.centsys.com\/fr\/contactez-nous\/#primaryimage"},"thumbnailUrl":"https:\/\/www.centsys.com\/fr\/wp-content\/uploads\/2025\/04\/Contact-CENTURION-SYSTEMS-Now.jpg","datePublished":"2024-09-03T10:43:38+00:00","dateModified":"2026-02-22T13:59:44+00:00","description":"Bienvenue sur la page Contact de Centurion Systems. CENTURION, votre partenaire de confiance pour l\u2019automatisation d\u2019acc\u00e8s de r\u00e9f\u00e9rence.","breadcrumb":{"@id":"https:\/\/www.centsys.com\/fr\/contactez-nous\/#breadcrumb"},"inLanguage":"en-ZA","potentialAction":[{"@type":"ReadAction","target":["https:\/\/www.centsys.com\/fr\/contactez-nous\/"]}]},{"@type":"ImageObject","inLanguage":"en-ZA","@id":"https:\/\/www.centsys.com\/fr\/contactez-nous\/#primaryimage","url":"https:\/\/www.centsys.com\/fr\/wp-content\/uploads\/2025\/04\/Contact-CENTURION-SYSTEMS-Now.jpg","contentUrl":"https:\/\/www.centsys.com\/fr\/wp-content\/uploads\/2025\/04\/Contact-CENTURION-SYSTEMS-Now.jpg","width":1080,"height":1080,"caption":"Contact Centurion Systems Today"},{"@type":"BreadcrumbList","@id":"https:\/\/www.centsys.com\/fr\/contactez-nous\/#breadcrumb","itemListElement":[{"@type":"ListItem","position":1,"name":"Home","item":"https:\/\/www.centsys.com\/fr\/"},{"@type":"ListItem","position":2,"name":"Contactez-nous"}]},{"@type":"WebSite","@id":"https:\/\/www.centsys.com\/fr\/#website","url":"https:\/\/www.centsys.com\/fr\/","name":"Centurion Systems French","description":"","potentialAction":[{"@type":"SearchAction","target":{"@type":"EntryPoint","urlTemplate":"https:\/\/www.centsys.com\/fr\/?s={search_term_string}"},"query-input":{"@type":"PropertyValueSpecification","valueRequired":true,"valueName":"search_term_string"}}],"inLanguage":"en-ZA"}]}},"_links":{"self":[{"href":"https:\/\/www.centsys.com\/fr\/wp-json\/wp\/v2\/pages\/700","targetHints":{"allow":["GET"]}}],"collection":[{"href":"https:\/\/www.centsys.com\/fr\/wp-json\/wp\/v2\/pages"}],"about":[{"href":"https:\/\/www.centsys.com\/fr\/wp-json\/wp\/v2\/types\/page"}],"author":[{"embeddable":true,"href":"https:\/\/www.centsys.com\/fr\/wp-json\/wp\/v2\/users\/1"}],"replies":[{"embeddable":true,"href":"https:\/\/www.centsys.com\/fr\/wp-json\/wp\/v2\/comments?post=700"}],"version-history":[{"count":4,"href":"https:\/\/www.centsys.com\/fr\/wp-json\/wp\/v2\/pages\/700\/revisions"}],"predecessor-version":[{"id":31670,"href":"https:\/\/www.centsys.com\/fr\/wp-json\/wp\/v2\/pages\/700\/revisions\/31670"}],"wp:featuredmedia":[{"embeddable":true,"href":"https:\/\/www.centsys.com\/fr\/wp-json\/wp\/v2\/media\/29503"}],"wp:attachment":[{"href":"https:\/\/www.centsys.com\/fr\/wp-json\/wp\/v2\/media?parent=700"}],"curies":[{"name":"wp","href":"https:\/\/api.w.org\/{rel}","templated":true}]}}