{"id":710,"date":"2024-09-10T12:18:48","date_gmt":"2024-09-10T10:18:48","guid":{"rendered":"https:\/\/www.centsys.co.za\/demo\/?page_id=710"},"modified":"2026-03-02T15:32:30","modified_gmt":"2026-03-02T13:32:30","slug":"moteurs-pour-portails-battants-centurion","status":"publish","type":"page","link":"https:\/\/www.centsys.com\/fr\/moteurs-pour-portails-battants-centurion\/","title":{"rendered":"Centurion Systems &#8211; Moteurs pour portails battants"},"content":{"rendered":"<p>[et_pb_section fb_built=&#8221;1&#8243; _builder_version=&#8221;4.27.0&#8243; _module_preset=&#8221;default&#8221; background_color=&#8221;RGBA(255,255,255,0)&#8221; custom_margin=&#8221;-13px|||||&#8221; custom_padding=&#8221;50px||7px|||&#8221; top_divider_color=&#8221;#00A99D&#8221; top_divider_height=&#8221;35px&#8221; top_divider_flip=&#8221;vertical&#8221; bottom_divider_height=&#8221;29px&#8221; bottom_divider_flip=&#8221;vertical&#8221; global_colors_info=&#8221;{}&#8221;][et_pb_row _builder_version=&#8221;4.27.0&#8243; _module_preset=&#8221;default&#8221; global_colors_info=&#8221;{}&#8221;][et_pb_column type=&#8221;4_4&#8243; _builder_version=&#8221;4.27.0&#8243; _module_preset=&#8221;default&#8221; global_colors_info=&#8221;{}&#8221;][et_pb_text _builder_version=&#8221;4.27.4&#8243; _module_preset=&#8221;default&#8221; custom_margin=&#8221;||16px||false|false&#8221; global_colors_info=&#8221;{}&#8221;]<\/p>\n<h1 style=\"text-align: left;\"><strong style=\"font-size: 30pt; color: #fff;\"><span style=\"color: #808080;\">MOTEURS <\/span><span style=\"color: #82c341;\">DE PORTAILS BATTANTS<\/span><\/strong><\/h1>\n<p>[\/et_pb_text][et_pb_text _builder_version=&#8221;4.27.4&#8243; _module_preset=&#8221;default&#8221; global_colors_info=&#8221;{}&#8221;]<\/p>\n<p>Les moteurs de portails battants <strong>CENTURION<\/strong> apportent style, performance et confort \u00e0 votre propri\u00e9t\u00e9, offrant un fonctionnement fluide et fiable avec une technologie d&#8217;automatisation moderne. Parfaits pour un usage r\u00e9sidentiel ou commercial, ces moteurs garantissent un acc\u00e8s facile et la tranquillit\u00e9 d&#8217;esprit.<\/p>\n<p>[\/et_pb_text][et_pb_image src=&#8221;http:\/\/www.centsys.com\/fr\/img\/CSSA-Phone-Tilt-Screen-banner.gif&#8221; disabled_on=&#8221;off|on|on&#8221; _builder_version=&#8221;4.27.5&#8243; _module_preset=&#8221;default&#8221; global_colors_info=&#8221;{}&#8221;][\/et_pb_image][\/et_pb_column][\/et_pb_row][et_pb_row column_structure=&#8221;1_4,1_4,1_4,1_4&#8243; use_custom_gutter=&#8221;on&#8221; gutter_width=&#8221;2&#8243; make_equal=&#8221;on&#8221; _builder_version=&#8221;4.27.4&#8243; _module_preset=&#8221;default&#8221; background_color=&#8221;#ffffff&#8221; width=&#8221;100%&#8221; module_alignment=&#8221;center&#8221; custom_margin=&#8221;-1px|auto||auto||&#8221; custom_padding=&#8221;2px||31px|||&#8221; global_colors_info=&#8221;{}&#8221;][et_pb_column type=&#8221;1_4&#8243; _builder_version=&#8221;4.27.0&#8243; _module_preset=&#8221;default&#8221; global_colors_info=&#8221;{}&#8221;][et_pb_image src=&#8221;http:\/\/www.centsys.com\/fr\/img\/SWINGS-Selecteur-RESIDENTIAL_COMMERCIAL_fr.jpg&#8221; url=&#8221;http:\/\/www.centsys.com\/fr\/centurion-systems-moteur-pour-portail-battant-vantage-smart&#8221; _builder_version=&#8221;4.27.5&#8243; _module_preset=&#8221;default&#8221; custom_margin=&#8221;||||false|false&#8221; custom_padding=&#8221;||||false|false&#8221; global_colors_info=&#8221;{}&#8221;][\/et_pb_image][et_pb_text _builder_version=&#8221;4.27.5&#8243; _module_preset=&#8221;default&#8221; text_orientation=&#8221;center&#8221; custom_margin=&#8221;15px||-2px|||&#8221; hover_enabled=&#8221;0&#8243; global_colors_info=&#8221;{}&#8221; sticky_enabled=&#8221;0&#8243;]<\/p>\n<h4><strong>VANTAGE SM\u0394RT<br \/><\/strong><\/h4>\n<p>[\/et_pb_text][et_pb_code _builder_version=&#8221;4.27.5&#8243; _module_preset=&#8221;default&#8221; transform_translate_linked=&#8221;off&#8221; hover_enabled=&#8221;0&#8243; global_colors_info=&#8221;{}&#8221; sticky_enabled=&#8221;0&#8243;]<\/p>\n<table width=\"70%\" border\"0\" style=\"padding: none; margin:none;\"><!-- [et_pb_line_break_holder] -->  <\/p>\n<tbody style=\"padding: none; margin:none;\"><!-- [et_pb_line_break_holder] -->    <\/p>\n<tr style=\"padding: none; margin:none;\"><!-- [et_pb_line_break_holder] -->      <\/p>\n<td style=\"font-size: 7px; font-weight: 800; vertical-align:middle; width: 50%;\">VITESSE D&#8217;OUVERTURE<\/td>\n<p><!-- [et_pb_line_break_holder] -->      <\/p>\n<td style=\"font-size: 13px; font-weight: 800;\">14.3s<\/td>\n<p><!-- [et_pb_line_break_holder] -->    <\/tr>\n<p><!-- [et_pb_line_break_holder] -->    <\/p>\n<tr style=\"padding: none; margin:none;\"><!-- [et_pb_line_break_holder] -->      <\/p>\n<td style=\"font-size: 7px; font-weight: 800; vertical-align:middle;width: 50%;\">POIDS DU PORTAIL<\/td>\n<p><!-- [et_pb_line_break_holder] -->      <\/p>\n<td style=\"font-size: 13px; font-weight: 800;\">500KG<\/td>\n<p><!-- [et_pb_line_break_holder] -->    <\/tr>\n<p><!-- [et_pb_line_break_holder] -->    <\/p>\n<tr style=\"padding: none; margin:none;\"><!-- [et_pb_line_break_holder] -->      <\/p>\n<td style=\"font-size: 7px; font-weight: 800; vertical-align:middle; width: 50%;\">TENSION DU MOTEUR<\/td>\n<p><!-- [et_pb_line_break_holder] -->      <\/p>\n<td style=\"font-size: 13px; font-weight: 800;\">12V<\/td>\n<p><!-- [et_pb_line_break_holder] -->    <\/tr>\n<p><!-- [et_pb_line_break_holder] -->\t  <!-- [et_pb_line_break_holder] -->  <\/tbody>\n<p><!-- [et_pb_line_break_holder] --><\/table>\n<p><!-- [et_pb_line_break_holder] --><!-- [et_pb_line_break_holder] -->[\/et_pb_code][et_pb_button button_url=&#8221;http:\/\/www.centsys.com\/fr\/centurion-systems-moteur-pour-portail-battant-vantage-smart&#8221; button_text=&#8221;PLUS D&#8217;INFORMATIONS&#8221; button_alignment=&#8221;center&#8221; _builder_version=&#8221;4.27.5&#8243; _module_preset=&#8221;default&#8221; custom_button=&#8221;on&#8221; button_text_size=&#8221;14px&#8221; button_text_color=&#8221;#FFFFFF&#8221; button_bg_color=&#8221;#82C341&#8243; button_border_color=&#8221;RGBA(255,255,255,0)&#8221; button_icon=&#8221;&#x35;||divi||400&#8243; button_icon_color=&#8221;#FFFFFF&#8221; button_on_hover=&#8221;off&#8221; transform_translate_linked=&#8221;off&#8221; hover_enabled=&#8221;0&#8243; custom_css_main_element=&#8221;width:100%;&#8221; global_colors_info=&#8221;{}&#8221; sticky_enabled=&#8221;0&#8243;][\/et_pb_button][\/et_pb_column][et_pb_column type=&#8221;1_4&#8243; _builder_version=&#8221;4.27.0&#8243; _module_preset=&#8221;default&#8221; global_colors_info=&#8221;{}&#8221;][et_pb_image src=&#8221;http:\/\/www.centsys.com\/fr\/img\/SWINGS-Selecteur-RESIDENTIAL_INDUSTRIAL_fr.jpg&#8221; url=&#8221;http:\/\/www.centsys.com\/fr\/centurion-systems-moteur-pour-portail-battant-r6\/&#8221; _builder_version=&#8221;4.27.5&#8243; _module_preset=&#8221;default&#8221; custom_margin=&#8221;||||false|false&#8221; custom_padding=&#8221;||||false|false&#8221; global_colors_info=&#8221;{}&#8221;][\/et_pb_image][et_pb_text _builder_version=&#8221;4.27.5&#8243; _module_preset=&#8221;default&#8221; text_orientation=&#8221;center&#8221; custom_margin=&#8221;15px||-1px|||&#8221; hover_enabled=&#8221;0&#8243; global_colors_info=&#8221;{}&#8221; sticky_enabled=&#8221;0&#8243;]<\/p>\n<h4><strong>MOTEUR DE PORTAIL R6<\/strong><\/h4>\n<p>[\/et_pb_text][et_pb_code _builder_version=&#8221;4.27.5&#8243; _module_preset=&#8221;default&#8221; hover_enabled=&#8221;0&#8243; global_colors_info=&#8221;{}&#8221; sticky_enabled=&#8221;0&#8243;]<\/p>\n<table width=\"70%\" border\"0\" style=\"padding: none; margin:none;\"><!-- [et_pb_line_break_holder] -->  <\/p>\n<tbody style=\"padding: none; margin:none;\"><!-- [et_pb_line_break_holder] -->    <\/p>\n<tr style=\"padding: none; margin:none;\"><!-- [et_pb_line_break_holder] -->      <\/p>\n<td style=\"font-size: 7px; font-weight: 800; vertical-align:middle; width: 50%;\">VITESSE D&#8217;OUVERTURE<\/td>\n<p><!-- [et_pb_line_break_holder] -->      <\/p>\n<td style=\"font-size: 13px; font-weight: 800;\">15s<\/td>\n<p><!-- [et_pb_line_break_holder] -->    <\/tr>\n<p><!-- [et_pb_line_break_holder] -->    <\/p>\n<tr style=\"padding: none; margin:none;\"><!-- [et_pb_line_break_holder] -->      <\/p>\n<td style=\"font-size: 7px; font-weight: 800; vertical-align:middle;width: 50%;\">POIDS DU PORTAIL<\/td>\n<p><!-- [et_pb_line_break_holder] -->      <\/p>\n<td style=\"font-size: 13px; font-weight: 800;\">750KG<\/td>\n<p><!-- [et_pb_line_break_holder] -->    <\/tr>\n<p><!-- [et_pb_line_break_holder] -->    <\/p>\n<tr style=\"padding: none; margin:none;\"><!-- [et_pb_line_break_holder] -->      <\/p>\n<td style=\"font-size: 7px; font-weight: 800; vertical-align:middle; width: 50%;\">TENSION DU MOTEUR<\/td>\n<p><!-- [et_pb_line_break_holder] -->      <\/p>\n<td style=\"font-size: 13px; font-weight: 800;\">12V<\/td>\n<p><!-- [et_pb_line_break_holder] -->    <\/tr>\n<p><!-- [et_pb_line_break_holder] -->\t <!-- [et_pb_line_break_holder] -->  <\/tbody>\n<p><!-- [et_pb_line_break_holder] --><\/table>\n<p><!-- [et_pb_line_break_holder] --><!-- [et_pb_line_break_holder] -->[\/et_pb_code][et_pb_button button_url=&#8221;http:\/\/www.centsys.com\/fr\/centurion-systems-moteur-pour-portail-battant-r6\/&#8221; button_text=&#8221;PLUS D&#8217;INFORMATIONS &#8221; button_alignment=&#8221;center&#8221; _builder_version=&#8221;4.27.5&#8243; _module_preset=&#8221;default&#8221; custom_button=&#8221;on&#8221; button_text_size=&#8221;14px&#8221; button_text_color=&#8221;#FFFFFF&#8221; button_bg_color=&#8221;#82C341&#8243; button_border_color=&#8221;RGBA(255,255,255,0)&#8221; button_icon=&#8221;&#x35;||divi||400&#8243; button_icon_color=&#8221;#FFFFFF&#8221; button_on_hover=&#8221;off&#8221; custom_css_main_element=&#8221;width:100%;&#8221; global_colors_info=&#8221;{}&#8221;][\/et_pb_button][\/et_pb_column][et_pb_column type=&#8221;1_4&#8243; _builder_version=&#8221;4.27.0&#8243; _module_preset=&#8221;default&#8221; global_colors_info=&#8221;{}&#8221;][\/et_pb_column][et_pb_column type=&#8221;1_4&#8243; _builder_version=&#8221;4.27.0&#8243; _module_preset=&#8221;default&#8221; global_colors_info=&#8221;{}&#8221;][\/et_pb_column][\/et_pb_row][\/et_pb_section][et_pb_section fb_built=&#8221;1&#8243; disabled_on=&#8221;on|on|on&#8221; _builder_version=&#8221;4.27.4&#8243; _module_preset=&#8221;default&#8221; background_color=&#8221;#e0e0e0&#8243; custom_padding=&#8221;0px||0px|||&#8221; disabled=&#8221;on&#8221; global_module=&#8221;2722&#8243; saved_tabs=&#8221;all&#8221; global_colors_info=&#8221;{}&#8221;][et_pb_row column_structure=&#8221;1_2,1_2&#8243; _builder_version=&#8221;4.27.4&#8243; _module_preset=&#8221;default&#8221; background_color=&#8221;#e0e0e0&#8243; width=&#8221;88%&#8221; max_width=&#8221;1596px&#8221; custom_margin=&#8221;|auto|-1px|auto|false|false&#8221; custom_padding=&#8221;32px||0px||false|false&#8221; global_colors_info=&#8221;{%22gcid-d116008b-ce49-46ea-9433-049c9562a0bc%22:%91%22background_color%22%93}&#8221;][et_pb_column type=&#8221;1_2&#8243; _builder_version=&#8221;4.27.4&#8243; _module_preset=&#8221;default&#8221; global_colors_info=&#8221;{}&#8221;][et_pb_image src=&#8221;\/demo\/img\/ctsi\/CENTURION-SYSTEMS-Certified-Trained-Installer-Finder.jpg&#8221; title_text=&#8221;camera-47&#8243; _builder_version=&#8221;4.27.4&#8243; _module_preset=&#8221;default&#8221; border_radii=&#8221;on|15px|15px|15px|15px&#8221; global_colors_info=&#8221;{}&#8221;][\/et_pb_image][\/et_pb_column][et_pb_column type=&#8221;1_2&#8243; _builder_version=&#8221;4.16&#8243; _module_preset=&#8221;default&#8221; custom_padding=&#8221;|70px|70px||false|false&#8221; custom_padding_tablet=&#8221;|30px|30px|30px|false|true&#8221; custom_padding_phone=&#8221;0px|20px||20px|false|true&#8221; custom_padding_last_edited=&#8221;on|tablet&#8221; global_colors_info=&#8221;{}&#8221;][et_pb_text _builder_version=&#8221;4.27.4&#8243; _module_preset=&#8221;32021f09-dd67-47fb-8f9a-832b72a38baf&#8221; header_font=&#8221;|&#8211;et_global_heading_font_weight|||||||&#8221; header_text_color=&#8221;#82C341&#8243; header_2_font=&#8221;&#8211;et_global_heading_font|&#8211;et_global_heading_font_weight|||||||&#8221; header_2_text_color=&#8221;#82C341&#8243; header_2_font_size=&#8221;50px&#8221; header_2_line_height=&#8221;1.2em&#8221; custom_margin=&#8221;||0px||false|false&#8221; header_2_font_size_tablet=&#8221;32px&#8221; header_2_font_size_phone=&#8221;18px&#8221; header_2_font_size_last_edited=&#8221;on|tablet&#8221; locked=&#8221;off&#8221; global_colors_info=&#8221;{}&#8221;]<\/p>\n<h2>Find a Trusted Professional near you.<\/h2>\n<p>[\/et_pb_text][et_pb_text _builder_version=&#8221;4.27.4&#8243; _module_preset=&#8221;aec0be99-8a53-4f75-abf2-64f29a8b4cc2&#8243; text_font=&#8221;&#8211;et_global_body_font||||||||&#8221; text_font_size_tablet=&#8221;16px&#8221; text_font_size_phone=&#8221;13px&#8221; text_font_size_last_edited=&#8221;on|tablet&#8221; global_colors_info=&#8221;{}&#8221;]<\/p>\n<p>Specially trained and certified to provide maintenance, installations and repairs of all Centurion Systems SM\u0394RT Motors.<\/p>\n<p>[\/et_pb_text][et_pb_button button_url=&#8221;https:\/\/smart.centsys.co.za\/Pages\/ClientSearch\/ClientSearch&#8221; button_text=&#8221;LOCATE AN INSTALLER NEAR YOU&#8221; button_alignment=&#8221;center&#8221; _builder_version=&#8221;4.27.4&#8243; _module_preset=&#8221;a93bd5f4-85ca-4af8-aab9-5954042d5969&#8243; custom_button=&#8221;on&#8221; button_text_size=&#8221;16px&#8221; button_text_color=&#8221;#FFFFFF&#8221; button_bg_color=&#8221;#82C341&#8243; button_border_width=&#8221;0px&#8221; button_border_radius=&#8221;5px&#8221; button_letter_spacing=&#8221;2px&#8221; button_font=&#8221;Open Sans|600||on|||||&#8221; custom_padding=&#8221;15px|30px|15px|30px|true|true&#8221; custom_padding_tablet=&#8221;13px|25px|13px|25px|true|true&#8221; custom_padding_phone=&#8221;10px|20px|10px|20px|true|true&#8221; custom_padding_last_edited=&#8221;on|phone&#8221; button_text_size_tablet=&#8221;15px&#8221; button_text_size_phone=&#8221;14px&#8221; button_text_size_last_edited=&#8221;on|phone&#8221; custom_css_main_element=&#8221;width:100%;&#8221; locked=&#8221;off&#8221; global_colors_info=&#8221;{}&#8221; button_bg_color__hover_enabled=&#8221;on|hover&#8221; button_bg_color__hover=&#8221;#82C341&#8243; button_bg_enable_color__hover=&#8221;on&#8221;][\/et_pb_button][\/et_pb_column][\/et_pb_row][\/et_pb_section][et_pb_section fb_built=&#8221;1&#8243; fullwidth=&#8221;on&#8221; disabled_on=&#8221;on|off|off&#8221; _builder_version=&#8221;4.27.4&#8243; _module_preset=&#8221;default&#8221; global_colors_info=&#8221;{}&#8221;][et_pb_fullwidth_image src=&#8221;\/demo\/img\/prod\/swings\/Centurion-Systems-Swing-banner2.jpg&#8221; _builder_version=&#8221;4.27.0&#8243; _module_preset=&#8221;default&#8221; global_colors_info=&#8221;{}&#8221;][\/et_pb_fullwidth_image][\/et_pb_section]<\/p>\n","protected":false},"excerpt":{"rendered":"<p>MOTEURS DE PORTAILS BATTANTSLes moteurs de portails battants CENTURION apportent style, performance et confort \u00e0 votre propri\u00e9t\u00e9, offrant un fonctionnement fluide et fiable avec une technologie d&#8217;automatisation moderne. Parfaits pour un usage r\u00e9sidentiel ou commercial, ces moteurs garantissent un acc\u00e8s facile et la tranquillit\u00e9 d&#8217;esprit.VANTAGE SM\u0394RTMOTEUR DE PORTAIL R6Find a Trusted Professional near you.Specially trained [&hellip;]<\/p>\n","protected":false},"author":1,"featured_media":30254,"parent":0,"menu_order":0,"comment_status":"closed","ping_status":"closed","template":"","meta":{"_et_pb_use_builder":"on","_et_pb_old_content":"","_et_gb_content_width":"","_joinchat":[],"footnotes":""},"class_list":["post-710","page","type-page","status-publish","has-post-thumbnail","hentry"],"yoast_head":"<!-- This site is optimized with the Yoast SEO plugin v27.3 - https:\/\/yoast.com\/product\/yoast-seo-wordpress\/ -->\r\n<title>Centurion Systems - Moteurs pour portails battants<\/title>\r\n<meta name=\"description\" content=\"D\u00e9couvrez les moteurs pour portails battants CENTURION, con\u00e7us pour une automatisation fluide, s\u00fbre et fiable.\" \/>\r\n<meta name=\"robots\" content=\"index, follow, max-snippet:-1, max-image-preview:large, max-video-preview:-1\" \/>\r\n<link rel=\"canonical\" href=\"https:\/\/www.centsys.com\/fr\/moteurs-pour-portails-battants-centurion\/\" \/>\r\n<meta property=\"og:locale\" content=\"en_US\" \/>\r\n<meta property=\"og:type\" content=\"article\" \/>\r\n<meta property=\"og:title\" content=\"Centurion Systems - Moteurs pour portails battants\" \/>\r\n<meta property=\"og:description\" content=\"D\u00e9couvrez les moteurs pour portails battants CENTURION, con\u00e7us pour une automatisation fluide, s\u00fbre et fiable.\" \/>\r\n<meta property=\"og:url\" content=\"https:\/\/www.centsys.com\/fr\/moteurs-pour-portails-battants-centurion\/\" \/>\r\n<meta property=\"og:site_name\" content=\"Centurion Systems French\" \/>\r\n<meta property=\"article:modified_time\" content=\"2026-03-02T13:32:30+00:00\" \/>\r\n<meta property=\"og:image\" content=\"https:\/\/www.centsys.com\/fr\/wp-content\/uploads\/2025\/05\/CENTURION-logo-clear-01-2.png\" \/>\r\n\t<meta property=\"og:image:width\" content=\"200\" \/>\r\n\t<meta property=\"og:image:height\" content=\"158\" \/>\r\n\t<meta property=\"og:image:type\" content=\"image\/png\" \/>\r\n<meta name=\"twitter:card\" content=\"summary_large_image\" \/>\r\n<meta name=\"twitter:label1\" content=\"Est. reading time\" \/>\n\t<meta name=\"twitter:data1\" content=\"2 minutes\" \/>\r\n<script type=\"application\/ld+json\" class=\"yoast-schema-graph\">{\"@context\":\"https:\\\/\\\/schema.org\",\"@graph\":[{\"@type\":\"WebPage\",\"@id\":\"https:\\\/\\\/www.centsys.com\\\/fr\\\/moteurs-pour-portails-battants-centurion\\\/\",\"url\":\"https:\\\/\\\/www.centsys.com\\\/fr\\\/moteurs-pour-portails-battants-centurion\\\/\",\"name\":\"Centurion Systems - Moteurs pour portails battants\",\"isPartOf\":{\"@id\":\"https:\\\/\\\/www.centsys.com\\\/fr\\\/#website\"},\"primaryImageOfPage\":{\"@id\":\"https:\\\/\\\/www.centsys.com\\\/fr\\\/moteurs-pour-portails-battants-centurion\\\/#primaryimage\"},\"image\":{\"@id\":\"https:\\\/\\\/www.centsys.com\\\/fr\\\/moteurs-pour-portails-battants-centurion\\\/#primaryimage\"},\"thumbnailUrl\":\"https:\\\/\\\/www.centsys.com\\\/fr\\\/wp-content\\\/uploads\\\/2025\\\/05\\\/CENTURION-logo-clear-01-2.png\",\"datePublished\":\"2024-09-10T10:18:48+00:00\",\"dateModified\":\"2026-03-02T13:32:30+00:00\",\"description\":\"D\u00e9couvrez les moteurs pour portails battants CENTURION, con\u00e7us pour une automatisation fluide, s\u00fbre et fiable.\",\"breadcrumb\":{\"@id\":\"https:\\\/\\\/www.centsys.com\\\/fr\\\/moteurs-pour-portails-battants-centurion\\\/#breadcrumb\"},\"inLanguage\":\"en-ZA\",\"potentialAction\":[{\"@type\":\"ReadAction\",\"target\":[\"https:\\\/\\\/www.centsys.com\\\/fr\\\/moteurs-pour-portails-battants-centurion\\\/\"]}]},{\"@type\":\"ImageObject\",\"inLanguage\":\"en-ZA\",\"@id\":\"https:\\\/\\\/www.centsys.com\\\/fr\\\/moteurs-pour-portails-battants-centurion\\\/#primaryimage\",\"url\":\"https:\\\/\\\/www.centsys.com\\\/fr\\\/wp-content\\\/uploads\\\/2025\\\/05\\\/CENTURION-logo-clear-01-2.png\",\"contentUrl\":\"https:\\\/\\\/www.centsys.com\\\/fr\\\/wp-content\\\/uploads\\\/2025\\\/05\\\/CENTURION-logo-clear-01-2.png\",\"width\":200,\"height\":158,\"caption\":\"Centurion Systems Logo\"},{\"@type\":\"BreadcrumbList\",\"@id\":\"https:\\\/\\\/www.centsys.com\\\/fr\\\/moteurs-pour-portails-battants-centurion\\\/#breadcrumb\",\"itemListElement\":[{\"@type\":\"ListItem\",\"position\":1,\"name\":\"Home\",\"item\":\"https:\\\/\\\/www.centsys.com\\\/fr\\\/\"},{\"@type\":\"ListItem\",\"position\":2,\"name\":\"Centurion Systems &#8211; Moteurs pour portails battants\"}]},{\"@type\":\"WebSite\",\"@id\":\"https:\\\/\\\/www.centsys.com\\\/fr\\\/#website\",\"url\":\"https:\\\/\\\/www.centsys.com\\\/fr\\\/\",\"name\":\"Centurion Systems French\",\"description\":\"\",\"potentialAction\":[{\"@type\":\"SearchAction\",\"target\":{\"@type\":\"EntryPoint\",\"urlTemplate\":\"https:\\\/\\\/www.centsys.com\\\/fr\\\/?s={search_term_string}\"},\"query-input\":{\"@type\":\"PropertyValueSpecification\",\"valueRequired\":true,\"valueName\":\"search_term_string\"}}],\"inLanguage\":\"en-ZA\"}]}<\/script>\r\n<!-- \/ Yoast SEO plugin. -->","yoast_head_json":{"title":"Centurion Systems - Moteurs pour portails battants","description":"D\u00e9couvrez les moteurs pour portails battants CENTURION, con\u00e7us pour une automatisation fluide, s\u00fbre et fiable.","robots":{"index":"index","follow":"follow","max-snippet":"max-snippet:-1","max-image-preview":"max-image-preview:large","max-video-preview":"max-video-preview:-1"},"canonical":"https:\/\/www.centsys.com\/fr\/moteurs-pour-portails-battants-centurion\/","og_locale":"en_US","og_type":"article","og_title":"Centurion Systems - Moteurs pour portails battants","og_description":"D\u00e9couvrez les moteurs pour portails battants CENTURION, con\u00e7us pour une automatisation fluide, s\u00fbre et fiable.","og_url":"https:\/\/www.centsys.com\/fr\/moteurs-pour-portails-battants-centurion\/","og_site_name":"Centurion Systems French","article_modified_time":"2026-03-02T13:32:30+00:00","og_image":[{"width":200,"height":158,"url":"https:\/\/www.centsys.com\/fr\/wp-content\/uploads\/2025\/05\/CENTURION-logo-clear-01-2.png","type":"image\/png"}],"twitter_card":"summary_large_image","twitter_misc":{"Est. reading time":"2 minutes"},"schema":{"@context":"https:\/\/schema.org","@graph":[{"@type":"WebPage","@id":"https:\/\/www.centsys.com\/fr\/moteurs-pour-portails-battants-centurion\/","url":"https:\/\/www.centsys.com\/fr\/moteurs-pour-portails-battants-centurion\/","name":"Centurion Systems - Moteurs pour portails battants","isPartOf":{"@id":"https:\/\/www.centsys.com\/fr\/#website"},"primaryImageOfPage":{"@id":"https:\/\/www.centsys.com\/fr\/moteurs-pour-portails-battants-centurion\/#primaryimage"},"image":{"@id":"https:\/\/www.centsys.com\/fr\/moteurs-pour-portails-battants-centurion\/#primaryimage"},"thumbnailUrl":"https:\/\/www.centsys.com\/fr\/wp-content\/uploads\/2025\/05\/CENTURION-logo-clear-01-2.png","datePublished":"2024-09-10T10:18:48+00:00","dateModified":"2026-03-02T13:32:30+00:00","description":"D\u00e9couvrez les moteurs pour portails battants CENTURION, con\u00e7us pour une automatisation fluide, s\u00fbre et fiable.","breadcrumb":{"@id":"https:\/\/www.centsys.com\/fr\/moteurs-pour-portails-battants-centurion\/#breadcrumb"},"inLanguage":"en-ZA","potentialAction":[{"@type":"ReadAction","target":["https:\/\/www.centsys.com\/fr\/moteurs-pour-portails-battants-centurion\/"]}]},{"@type":"ImageObject","inLanguage":"en-ZA","@id":"https:\/\/www.centsys.com\/fr\/moteurs-pour-portails-battants-centurion\/#primaryimage","url":"https:\/\/www.centsys.com\/fr\/wp-content\/uploads\/2025\/05\/CENTURION-logo-clear-01-2.png","contentUrl":"https:\/\/www.centsys.com\/fr\/wp-content\/uploads\/2025\/05\/CENTURION-logo-clear-01-2.png","width":200,"height":158,"caption":"Centurion Systems Logo"},{"@type":"BreadcrumbList","@id":"https:\/\/www.centsys.com\/fr\/moteurs-pour-portails-battants-centurion\/#breadcrumb","itemListElement":[{"@type":"ListItem","position":1,"name":"Home","item":"https:\/\/www.centsys.com\/fr\/"},{"@type":"ListItem","position":2,"name":"Centurion Systems &#8211; Moteurs pour portails battants"}]},{"@type":"WebSite","@id":"https:\/\/www.centsys.com\/fr\/#website","url":"https:\/\/www.centsys.com\/fr\/","name":"Centurion Systems French","description":"","potentialAction":[{"@type":"SearchAction","target":{"@type":"EntryPoint","urlTemplate":"https:\/\/www.centsys.com\/fr\/?s={search_term_string}"},"query-input":{"@type":"PropertyValueSpecification","valueRequired":true,"valueName":"search_term_string"}}],"inLanguage":"en-ZA"}]}},"_links":{"self":[{"href":"https:\/\/www.centsys.com\/fr\/wp-json\/wp\/v2\/pages\/710","targetHints":{"allow":["GET"]}}],"collection":[{"href":"https:\/\/www.centsys.com\/fr\/wp-json\/wp\/v2\/pages"}],"about":[{"href":"https:\/\/www.centsys.com\/fr\/wp-json\/wp\/v2\/types\/page"}],"author":[{"embeddable":true,"href":"https:\/\/www.centsys.com\/fr\/wp-json\/wp\/v2\/users\/1"}],"replies":[{"embeddable":true,"href":"https:\/\/www.centsys.com\/fr\/wp-json\/wp\/v2\/comments?post=710"}],"version-history":[{"count":7,"href":"https:\/\/www.centsys.com\/fr\/wp-json\/wp\/v2\/pages\/710\/revisions"}],"predecessor-version":[{"id":32147,"href":"https:\/\/www.centsys.com\/fr\/wp-json\/wp\/v2\/pages\/710\/revisions\/32147"}],"wp:featuredmedia":[{"embeddable":true,"href":"https:\/\/www.centsys.com\/fr\/wp-json\/wp\/v2\/media\/30254"}],"wp:attachment":[{"href":"https:\/\/www.centsys.com\/fr\/wp-json\/wp\/v2\/media?parent=710"}],"curies":[{"name":"wp","href":"https:\/\/api.w.org\/{rel}","templated":true}]}}