{"id":769,"date":"2024-09-10T13:46:54","date_gmt":"2024-09-10T11:46:54","guid":{"rendered":"https:\/\/www.centsys.co.za\/demo\/?page_id=769"},"modified":"2026-03-02T21:50:45","modified_gmt":"2026-03-02T19:50:45","slug":"centurion-systems-moteurs-pour-portes-de-garage","status":"publish","type":"page","link":"https:\/\/www.centsys.com\/fr\/centurion-systems-moteurs-pour-portes-de-garage\/","title":{"rendered":"Moteurs pour portes de garage CENTURION"},"content":{"rendered":"<p>[et_pb_section fb_built=&#8221;1&#8243; _builder_version=&#8221;4.27.0&#8243; _module_preset=&#8221;default&#8221; background_color=&#8221;RGBA(255,255,255,0)&#8221; custom_margin=&#8221;-13px|||||&#8221; custom_padding=&#8221;50px||7px|||&#8221; top_divider_color=&#8221;#00A99D&#8221; top_divider_height=&#8221;35px&#8221; top_divider_flip=&#8221;vertical&#8221; bottom_divider_height=&#8221;29px&#8221; bottom_divider_flip=&#8221;vertical&#8221; global_colors_info=&#8221;{}&#8221;][et_pb_row _builder_version=&#8221;4.27.0&#8243; _module_preset=&#8221;default&#8221; global_colors_info=&#8221;{}&#8221;][et_pb_column type=&#8221;4_4&#8243; _builder_version=&#8221;4.27.0&#8243; _module_preset=&#8221;default&#8221; global_colors_info=&#8221;{}&#8221;][et_pb_text _builder_version=&#8221;4.27.4&#8243; _module_preset=&#8221;default&#8221; custom_margin=&#8221;||16px||false|false&#8221; global_colors_info=&#8221;{}&#8221;]<\/p>\n<h1 style=\"text-align: left;\"><strong style=\"font-size: 30pt; color: #fff;\"><span style=\"color: #808080;\">MOTEURS DE <\/span> <span style=\"color: #82c341;\">PORTES DE GARAGE<\/span><\/strong><\/h1>\n<p>[\/et_pb_text][et_pb_text _builder_version=&#8221;4.27.4&#8243; _module_preset=&#8221;default&#8221; text_line_height=&#8221;1.5em&#8221; global_colors_info=&#8221;{}&#8221;]<\/p>\n<p>Facilitez-vous la vie avec les moteurs de porte de garage <strong>CENTURION<\/strong>, qui offrent un fonctionnement fluide et silencieux et une s\u00e9curit\u00e9 renforc\u00e9e. Avec des fonctionnalit\u00e9s avanc\u00e9es et un contr\u00f4le sans effort, ces moteurs sont la solution parfaite pour la vie moderne.<\/p>\n<p>[\/et_pb_text][\/et_pb_column][\/et_pb_row][et_pb_row column_structure=&#8221;1_3,1_3,1_3&#8243; use_custom_gutter=&#8221;on&#8221; gutter_width=&#8221;2&#8243; make_equal=&#8221;on&#8221; _builder_version=&#8221;4.27.4&#8243; _module_preset=&#8221;default&#8221; background_color=&#8221;#ffffff&#8221; custom_margin=&#8221;40px|auto||auto|false|false&#8221; custom_padding=&#8221;2px||||false|false&#8221; global_colors_info=&#8221;{}&#8221;][et_pb_column type=&#8221;1_3&#8243; _builder_version=&#8221;4.27.0&#8243; _module_preset=&#8221;default&#8221; global_colors_info=&#8221;{}&#8221;][et_pb_image src=&#8221;http:\/\/www.centsys.com\/fr\/img\/GDO_Categorie_Section_fr.jpg&#8221; url=&#8221;http:\/\/www.centsys.com\/fr\/centurion-systems-portes-de-garage-sectionnelles-et-basculantes\/&#8221; _builder_version=&#8221;4.27.5&#8243; _module_preset=&#8221;default&#8221; custom_margin=&#8221;||||false|false&#8221; custom_padding=&#8221;||||false|false&#8221; custom_css_before=&#8221;content:&#8217;Moteurs de Garage Sectionnels\/Basculants&#8217;;||color:#fff;||  background:#81c240;||  padding:15px 10px;||  position:absolute;||  top:5%;||  left:2%;||  width:86%;||  z-index:50;||  font-size:14px;||  text-align:center;||  pointer-events:none;||  border-radius:5px;||||||||    font-size:13px;||    line-height:1.2;||||    white-space:normal;||    height:auto;||||    padding:12px 10px;||  ||&#8221; border_radii=&#8221;on|5px|5px|5px|5px&#8221; global_colors_info=&#8221;{}&#8221; src__hover_enabled=&#8221;on|desktop&#8221; src__hover=&#8221;&#8221;][\/et_pb_image][et_pb_button button_url=&#8221;https:\/\/www.centsys.co.za\/demo\/centurion-sectional-tip-up-garage-doors\/&#8221; button_text=&#8221;Moteurs de Garage Sectionnels\/Basculants&#8221; button_alignment=&#8221;center&#8221; disabled_on=&#8221;on|on|on&#8221; _builder_version=&#8221;4.27.4&#8243; _module_preset=&#8221;default&#8221; custom_button=&#8221;on&#8221; button_text_size=&#8221;15px&#8221; button_text_color=&#8221;#FFFFFF&#8221; button_bg_color=&#8221;#82C341&#8243; button_border_radius=&#8221;5px&#8221; custom_css_main_element=&#8221;width:100%;&#8221; disabled=&#8221;on&#8221; global_colors_info=&#8221;{}&#8221;][\/et_pb_button][\/et_pb_column][et_pb_column type=&#8221;1_3&#8243; _builder_version=&#8221;4.27.0&#8243; _module_preset=&#8221;default&#8221; global_colors_info=&#8221;{}&#8221;][et_pb_image src=&#8221;http:\/\/www.centsys.com\/fr\/img\/GDO_Porte-Enroulable_Categorie_Section_fr.jpg&#8221; url=&#8221;http:\/\/www.centsys.com\/fr\/centurion-systems-portes-de-garage-enroulables\/&#8221; _builder_version=&#8221;4.27.5&#8243; _module_preset=&#8221;default&#8221; custom_margin=&#8221;||||false|false&#8221; custom_padding=&#8221;||||false|false&#8221; hover_enabled=&#8221;0&#8243; custom_css_before=&#8221;content:&#8217;Portes de Garage Enroulables&#8217;;||color:#fff;||background:#81c240;||padding:15px 10px;||position: absolute;||top:5%;||left:2%;||width:86%;||z-index:50;||font-size:14px;||text-align:center;||pointer-events:none;||border-radius:5px;||||    font-size:13px;||    line-height:1.2;||||    white-space:normal;||    height:auto;||||    padding:12px 10px;||  &#8221; border_radii=&#8221;on|5px|5px|5px|5px&#8221; global_colors_info=&#8221;{}&#8221; src__hover_enabled=&#8221;on|desktop&#8221; src__hover=&#8221;&#8221; sticky_enabled=&#8221;0&#8243;][\/et_pb_image][et_pb_button button_url=&#8221;https:\/\/www.centsys.co.za\/demo\/centurion-systems-roll-up-garage-doors\/&#8221; button_text=&#8221;Portes de Garage Enroulables&#8221; button_alignment=&#8221;center&#8221; disabled_on=&#8221;on|on|on&#8221; _builder_version=&#8221;4.27.4&#8243; _module_preset=&#8221;default&#8221; custom_button=&#8221;on&#8221; button_text_size=&#8221;15px&#8221; button_text_color=&#8221;#FFFFFF&#8221; button_bg_color=&#8221;#82C341&#8243; button_border_radius=&#8221;5px&#8221; custom_css_main_element=&#8221;width:100%;&#8221; disabled=&#8221;on&#8221; global_colors_info=&#8221;{}&#8221;][\/et_pb_button][\/et_pb_column][et_pb_column type=&#8221;1_3&#8243; _builder_version=&#8221;4.27.0&#8243; _module_preset=&#8221;default&#8221; global_colors_info=&#8221;{}&#8221;][et_pb_image src=&#8221;http:\/\/www.centsys.com\/fr\/img\/GDO_Volet-Roulant_Categorie_Section_fr.jpg&#8221; url=&#8221;http:\/\/www.centsys.com\/fr\/centurion-systems-moteurs-pour-volets-roulants\/&#8221; _builder_version=&#8221;4.27.5&#8243; _module_preset=&#8221;default&#8221; custom_margin=&#8221;||||false|false&#8221; custom_padding=&#8221;||||false|false&#8221; hover_enabled=&#8221;0&#8243; custom_css_before=&#8221;content:&#8217;Portes \u00e0 Volets Roulants&#8217;;||color:#fff;||background:#81c240;||padding:15px 10px;||position: absolute;||top:5%;||left:2%;||width:86%;||z-index:50;||font-size:14px;||text-align:center;||pointer-events:none;||border-radius:5px;||||    font-size:13px;||    line-height:1.2;||||    white-space:normal;||    height:auto;||||    padding:12px 10px;||  &#8221; border_radii=&#8221;on|5px|5px|5px|5px&#8221; global_colors_info=&#8221;{}&#8221; src__hover_enabled=&#8221;on|desktop&#8221; src__hover=&#8221;&#8221; sticky_enabled=&#8221;0&#8243;][\/et_pb_image][et_pb_button button_url=&#8221;https:\/\/www.centsys.co.za\/demo\/centurion-systems-roller-shutter-motors\/&#8221; button_text=&#8221;Portes \u00e0 Volets Roulants&#8221; button_alignment=&#8221;center&#8221; disabled_on=&#8221;on|on|on&#8221; _builder_version=&#8221;4.27.4&#8243; _module_preset=&#8221;default&#8221; custom_button=&#8221;on&#8221; button_text_size=&#8221;15px&#8221; button_text_color=&#8221;#FFFFFF&#8221; button_bg_color=&#8221;#82C341&#8243; button_border_radius=&#8221;5px&#8221; custom_css_main_element=&#8221;width:100%;&#8221; disabled=&#8221;on&#8221; global_colors_info=&#8221;{}&#8221;][\/et_pb_button][\/et_pb_column][\/et_pb_row][\/et_pb_section][et_pb_section fb_built=&#8221;1&#8243; disabled_on=&#8221;on|on|on&#8221; _builder_version=&#8221;4.27.4&#8243; _module_preset=&#8221;default&#8221; background_color=&#8221;#e0e0e0&#8243; custom_padding=&#8221;0px||0px|||&#8221; disabled=&#8221;on&#8221; global_module=&#8221;2722&#8243; saved_tabs=&#8221;all&#8221; global_colors_info=&#8221;{}&#8221;][et_pb_row column_structure=&#8221;1_2,1_2&#8243; _builder_version=&#8221;4.27.4&#8243; _module_preset=&#8221;default&#8221; background_color=&#8221;#e0e0e0&#8243; width=&#8221;88%&#8221; max_width=&#8221;1596px&#8221; custom_margin=&#8221;|auto|-1px|auto|false|false&#8221; custom_padding=&#8221;32px||0px||false|false&#8221; global_colors_info=&#8221;{%22gcid-d116008b-ce49-46ea-9433-049c9562a0bc%22:%91%22background_color%22%93}&#8221;][et_pb_column type=&#8221;1_2&#8243; _builder_version=&#8221;4.27.4&#8243; _module_preset=&#8221;default&#8221; global_colors_info=&#8221;{}&#8221;][et_pb_image src=&#8221;\/demo\/img\/ctsi\/CENTURION-SYSTEMS-Certified-Trained-Installer-Finder.jpg&#8221; title_text=&#8221;camera-47&#8243; _builder_version=&#8221;4.27.4&#8243; _module_preset=&#8221;default&#8221; border_radii=&#8221;on|15px|15px|15px|15px&#8221; global_colors_info=&#8221;{}&#8221;][\/et_pb_image][\/et_pb_column][et_pb_column type=&#8221;1_2&#8243; _builder_version=&#8221;4.16&#8243; _module_preset=&#8221;default&#8221; custom_padding=&#8221;|70px|70px||false|false&#8221; custom_padding_tablet=&#8221;|30px|30px|30px|false|true&#8221; custom_padding_phone=&#8221;0px|20px||20px|false|true&#8221; custom_padding_last_edited=&#8221;on|tablet&#8221; global_colors_info=&#8221;{}&#8221;][et_pb_text _builder_version=&#8221;4.27.4&#8243; _module_preset=&#8221;32021f09-dd67-47fb-8f9a-832b72a38baf&#8221; header_font=&#8221;|&#8211;et_global_heading_font_weight|||||||&#8221; header_text_color=&#8221;#82C341&#8243; header_2_font=&#8221;&#8211;et_global_heading_font|&#8211;et_global_heading_font_weight|||||||&#8221; header_2_text_color=&#8221;#82C341&#8243; header_2_font_size=&#8221;50px&#8221; header_2_line_height=&#8221;1.2em&#8221; custom_margin=&#8221;||0px||false|false&#8221; header_2_font_size_tablet=&#8221;32px&#8221; header_2_font_size_phone=&#8221;18px&#8221; header_2_font_size_last_edited=&#8221;on|tablet&#8221; locked=&#8221;off&#8221; global_colors_info=&#8221;{}&#8221;]<\/p>\n<h2>Find a Trusted Professional near you.<\/h2>\n<p>[\/et_pb_text][et_pb_text _builder_version=&#8221;4.27.4&#8243; _module_preset=&#8221;aec0be99-8a53-4f75-abf2-64f29a8b4cc2&#8243; text_font=&#8221;&#8211;et_global_body_font||||||||&#8221; text_font_size_tablet=&#8221;16px&#8221; text_font_size_phone=&#8221;13px&#8221; text_font_size_last_edited=&#8221;on|tablet&#8221; global_colors_info=&#8221;{}&#8221;]<\/p>\n<p>Specially trained and certified to provide maintenance, installations and repairs of all Centurion Systems SM\u0394RT Motors.<\/p>\n<p>[\/et_pb_text][et_pb_button button_url=&#8221;https:\/\/smart.centsys.co.za\/Pages\/ClientSearch\/ClientSearch&#8221; button_text=&#8221;LOCATE AN INSTALLER NEAR YOU&#8221; button_alignment=&#8221;center&#8221; _builder_version=&#8221;4.27.4&#8243; _module_preset=&#8221;a93bd5f4-85ca-4af8-aab9-5954042d5969&#8243; custom_button=&#8221;on&#8221; button_text_size=&#8221;16px&#8221; button_text_color=&#8221;#FFFFFF&#8221; button_bg_color=&#8221;#82C341&#8243; button_border_width=&#8221;0px&#8221; button_border_radius=&#8221;5px&#8221; button_letter_spacing=&#8221;2px&#8221; button_font=&#8221;Open Sans|600||on|||||&#8221; custom_padding=&#8221;15px|30px|15px|30px|true|true&#8221; custom_padding_tablet=&#8221;13px|25px|13px|25px|true|true&#8221; custom_padding_phone=&#8221;10px|20px|10px|20px|true|true&#8221; custom_padding_last_edited=&#8221;on|phone&#8221; button_text_size_tablet=&#8221;15px&#8221; button_text_size_phone=&#8221;14px&#8221; button_text_size_last_edited=&#8221;on|phone&#8221; custom_css_main_element=&#8221;width:100%;&#8221; locked=&#8221;off&#8221; global_colors_info=&#8221;{}&#8221; button_bg_color__hover_enabled=&#8221;on|hover&#8221; button_bg_color__hover=&#8221;#82C341&#8243; button_bg_enable_color__hover=&#8221;on&#8221;][\/et_pb_button][\/et_pb_column][\/et_pb_row][\/et_pb_section]<\/p>\n","protected":false},"excerpt":{"rendered":"<p>Simplifiez votre quotidien avec les moteurs de porte de garage CENTURION, offrant un fonctionnement fluide et silencieux, ainsi qu\u2019une s\u00e9curit\u00e9 renforc\u00e9e.<\/p>\n","protected":false},"author":1,"featured_media":30256,"parent":0,"menu_order":0,"comment_status":"closed","ping_status":"closed","template":"","meta":{"_et_pb_use_builder":"on","_et_pb_old_content":"","_et_gb_content_width":"","_joinchat":[],"footnotes":""},"class_list":["post-769","page","type-page","status-publish","has-post-thumbnail","hentry"],"yoast_head":"<!-- This site is optimized with the Yoast SEO plugin v27.3 - https:\/\/yoast.com\/product\/yoast-seo-wordpress\/ -->\r\n<title>Moteurs pour portes de garage CENTURION - Centurion Systems<\/title>\r\n<meta name=\"description\" content=\"Simplifiez votre quotidien avec les moteurs de porte de garage CENTURION, offrant un fonctionnement fluide et silencieux, ainsi qu\u2019une s\u00e9curit\u00e9 renforc\u00e9e.\" \/>\r\n<meta name=\"robots\" content=\"index, follow, max-snippet:-1, max-image-preview:large, max-video-preview:-1\" \/>\r\n<link rel=\"canonical\" href=\"https:\/\/www.centsys.com\/fr\/centurion-systems-moteurs-pour-portes-de-garage\/\" \/>\r\n<meta property=\"og:locale\" content=\"en_US\" \/>\r\n<meta property=\"og:type\" content=\"article\" \/>\r\n<meta property=\"og:title\" content=\"Moteurs pour portes de garage CENTURION - Centurion Systems\" \/>\r\n<meta property=\"og:description\" content=\"Simplifiez votre quotidien avec les moteurs de porte de garage CENTURION, offrant un fonctionnement fluide et silencieux, ainsi qu\u2019une s\u00e9curit\u00e9 renforc\u00e9e.\" \/>\r\n<meta property=\"og:url\" content=\"https:\/\/www.centsys.com\/fr\/centurion-systems-moteurs-pour-portes-de-garage\/\" \/>\r\n<meta property=\"og:site_name\" content=\"Centurion Systems French\" \/>\r\n<meta property=\"article:modified_time\" content=\"2026-03-02T19:50:45+00:00\" \/>\r\n<meta property=\"og:image\" content=\"https:\/\/www.centsys.com\/fr\/wp-content\/uploads\/2025\/05\/CENTURION-logo-clear-01-3.png\" \/>\r\n\t<meta property=\"og:image:width\" content=\"200\" \/>\r\n\t<meta property=\"og:image:height\" content=\"158\" \/>\r\n\t<meta property=\"og:image:type\" content=\"image\/png\" \/>\r\n<meta name=\"twitter:card\" content=\"summary_large_image\" \/>\r\n<meta name=\"twitter:label1\" content=\"Est. reading time\" \/>\n\t<meta name=\"twitter:data1\" content=\"2 minutes\" \/>\r\n<script type=\"application\/ld+json\" class=\"yoast-schema-graph\">{\"@context\":\"https:\\\/\\\/schema.org\",\"@graph\":[{\"@type\":\"WebPage\",\"@id\":\"https:\\\/\\\/www.centsys.com\\\/fr\\\/centurion-systems-moteurs-pour-portes-de-garage\\\/\",\"url\":\"https:\\\/\\\/www.centsys.com\\\/fr\\\/centurion-systems-moteurs-pour-portes-de-garage\\\/\",\"name\":\"Moteurs pour portes de garage CENTURION - Centurion Systems\",\"isPartOf\":{\"@id\":\"https:\\\/\\\/www.centsys.com\\\/fr\\\/#website\"},\"primaryImageOfPage\":{\"@id\":\"https:\\\/\\\/www.centsys.com\\\/fr\\\/centurion-systems-moteurs-pour-portes-de-garage\\\/#primaryimage\"},\"image\":{\"@id\":\"https:\\\/\\\/www.centsys.com\\\/fr\\\/centurion-systems-moteurs-pour-portes-de-garage\\\/#primaryimage\"},\"thumbnailUrl\":\"https:\\\/\\\/www.centsys.com\\\/fr\\\/wp-content\\\/uploads\\\/2025\\\/05\\\/CENTURION-logo-clear-01-3.png\",\"datePublished\":\"2024-09-10T11:46:54+00:00\",\"dateModified\":\"2026-03-02T19:50:45+00:00\",\"description\":\"Simplifiez votre quotidien avec les moteurs de porte de garage CENTURION, offrant un fonctionnement fluide et silencieux, ainsi qu\u2019une s\u00e9curit\u00e9 renforc\u00e9e.\",\"breadcrumb\":{\"@id\":\"https:\\\/\\\/www.centsys.com\\\/fr\\\/centurion-systems-moteurs-pour-portes-de-garage\\\/#breadcrumb\"},\"inLanguage\":\"en-ZA\",\"potentialAction\":[{\"@type\":\"ReadAction\",\"target\":[\"https:\\\/\\\/www.centsys.com\\\/fr\\\/centurion-systems-moteurs-pour-portes-de-garage\\\/\"]}]},{\"@type\":\"ImageObject\",\"inLanguage\":\"en-ZA\",\"@id\":\"https:\\\/\\\/www.centsys.com\\\/fr\\\/centurion-systems-moteurs-pour-portes-de-garage\\\/#primaryimage\",\"url\":\"https:\\\/\\\/www.centsys.com\\\/fr\\\/wp-content\\\/uploads\\\/2025\\\/05\\\/CENTURION-logo-clear-01-3.png\",\"contentUrl\":\"https:\\\/\\\/www.centsys.com\\\/fr\\\/wp-content\\\/uploads\\\/2025\\\/05\\\/CENTURION-logo-clear-01-3.png\",\"width\":200,\"height\":158,\"caption\":\"Centurion Systems Logo\"},{\"@type\":\"BreadcrumbList\",\"@id\":\"https:\\\/\\\/www.centsys.com\\\/fr\\\/centurion-systems-moteurs-pour-portes-de-garage\\\/#breadcrumb\",\"itemListElement\":[{\"@type\":\"ListItem\",\"position\":1,\"name\":\"Home\",\"item\":\"https:\\\/\\\/www.centsys.com\\\/fr\\\/\"},{\"@type\":\"ListItem\",\"position\":2,\"name\":\"Moteurs pour portes de garage CENTURION\"}]},{\"@type\":\"WebSite\",\"@id\":\"https:\\\/\\\/www.centsys.com\\\/fr\\\/#website\",\"url\":\"https:\\\/\\\/www.centsys.com\\\/fr\\\/\",\"name\":\"Centurion Systems French\",\"description\":\"\",\"potentialAction\":[{\"@type\":\"SearchAction\",\"target\":{\"@type\":\"EntryPoint\",\"urlTemplate\":\"https:\\\/\\\/www.centsys.com\\\/fr\\\/?s={search_term_string}\"},\"query-input\":{\"@type\":\"PropertyValueSpecification\",\"valueRequired\":true,\"valueName\":\"search_term_string\"}}],\"inLanguage\":\"en-ZA\"}]}<\/script>\r\n<!-- \/ Yoast SEO plugin. -->","yoast_head_json":{"title":"Moteurs pour portes de garage CENTURION - Centurion Systems","description":"Simplifiez votre quotidien avec les moteurs de porte de garage CENTURION, offrant un fonctionnement fluide et silencieux, ainsi qu\u2019une s\u00e9curit\u00e9 renforc\u00e9e.","robots":{"index":"index","follow":"follow","max-snippet":"max-snippet:-1","max-image-preview":"max-image-preview:large","max-video-preview":"max-video-preview:-1"},"canonical":"https:\/\/www.centsys.com\/fr\/centurion-systems-moteurs-pour-portes-de-garage\/","og_locale":"en_US","og_type":"article","og_title":"Moteurs pour portes de garage CENTURION - Centurion Systems","og_description":"Simplifiez votre quotidien avec les moteurs de porte de garage CENTURION, offrant un fonctionnement fluide et silencieux, ainsi qu\u2019une s\u00e9curit\u00e9 renforc\u00e9e.","og_url":"https:\/\/www.centsys.com\/fr\/centurion-systems-moteurs-pour-portes-de-garage\/","og_site_name":"Centurion Systems French","article_modified_time":"2026-03-02T19:50:45+00:00","og_image":[{"width":200,"height":158,"url":"https:\/\/www.centsys.com\/fr\/wp-content\/uploads\/2025\/05\/CENTURION-logo-clear-01-3.png","type":"image\/png"}],"twitter_card":"summary_large_image","twitter_misc":{"Est. reading time":"2 minutes"},"schema":{"@context":"https:\/\/schema.org","@graph":[{"@type":"WebPage","@id":"https:\/\/www.centsys.com\/fr\/centurion-systems-moteurs-pour-portes-de-garage\/","url":"https:\/\/www.centsys.com\/fr\/centurion-systems-moteurs-pour-portes-de-garage\/","name":"Moteurs pour portes de garage CENTURION - Centurion Systems","isPartOf":{"@id":"https:\/\/www.centsys.com\/fr\/#website"},"primaryImageOfPage":{"@id":"https:\/\/www.centsys.com\/fr\/centurion-systems-moteurs-pour-portes-de-garage\/#primaryimage"},"image":{"@id":"https:\/\/www.centsys.com\/fr\/centurion-systems-moteurs-pour-portes-de-garage\/#primaryimage"},"thumbnailUrl":"https:\/\/www.centsys.com\/fr\/wp-content\/uploads\/2025\/05\/CENTURION-logo-clear-01-3.png","datePublished":"2024-09-10T11:46:54+00:00","dateModified":"2026-03-02T19:50:45+00:00","description":"Simplifiez votre quotidien avec les moteurs de porte de garage CENTURION, offrant un fonctionnement fluide et silencieux, ainsi qu\u2019une s\u00e9curit\u00e9 renforc\u00e9e.","breadcrumb":{"@id":"https:\/\/www.centsys.com\/fr\/centurion-systems-moteurs-pour-portes-de-garage\/#breadcrumb"},"inLanguage":"en-ZA","potentialAction":[{"@type":"ReadAction","target":["https:\/\/www.centsys.com\/fr\/centurion-systems-moteurs-pour-portes-de-garage\/"]}]},{"@type":"ImageObject","inLanguage":"en-ZA","@id":"https:\/\/www.centsys.com\/fr\/centurion-systems-moteurs-pour-portes-de-garage\/#primaryimage","url":"https:\/\/www.centsys.com\/fr\/wp-content\/uploads\/2025\/05\/CENTURION-logo-clear-01-3.png","contentUrl":"https:\/\/www.centsys.com\/fr\/wp-content\/uploads\/2025\/05\/CENTURION-logo-clear-01-3.png","width":200,"height":158,"caption":"Centurion Systems Logo"},{"@type":"BreadcrumbList","@id":"https:\/\/www.centsys.com\/fr\/centurion-systems-moteurs-pour-portes-de-garage\/#breadcrumb","itemListElement":[{"@type":"ListItem","position":1,"name":"Home","item":"https:\/\/www.centsys.com\/fr\/"},{"@type":"ListItem","position":2,"name":"Moteurs pour portes de garage CENTURION"}]},{"@type":"WebSite","@id":"https:\/\/www.centsys.com\/fr\/#website","url":"https:\/\/www.centsys.com\/fr\/","name":"Centurion Systems French","description":"","potentialAction":[{"@type":"SearchAction","target":{"@type":"EntryPoint","urlTemplate":"https:\/\/www.centsys.com\/fr\/?s={search_term_string}"},"query-input":{"@type":"PropertyValueSpecification","valueRequired":true,"valueName":"search_term_string"}}],"inLanguage":"en-ZA"}]}},"_links":{"self":[{"href":"https:\/\/www.centsys.com\/fr\/wp-json\/wp\/v2\/pages\/769","targetHints":{"allow":["GET"]}}],"collection":[{"href":"https:\/\/www.centsys.com\/fr\/wp-json\/wp\/v2\/pages"}],"about":[{"href":"https:\/\/www.centsys.com\/fr\/wp-json\/wp\/v2\/types\/page"}],"author":[{"embeddable":true,"href":"https:\/\/www.centsys.com\/fr\/wp-json\/wp\/v2\/users\/1"}],"replies":[{"embeddable":true,"href":"https:\/\/www.centsys.com\/fr\/wp-json\/wp\/v2\/comments?post=769"}],"version-history":[{"count":10,"href":"https:\/\/www.centsys.com\/fr\/wp-json\/wp\/v2\/pages\/769\/revisions"}],"predecessor-version":[{"id":32154,"href":"https:\/\/www.centsys.com\/fr\/wp-json\/wp\/v2\/pages\/769\/revisions\/32154"}],"wp:featuredmedia":[{"embeddable":true,"href":"https:\/\/www.centsys.com\/fr\/wp-json\/wp\/v2\/media\/30256"}],"wp:attachment":[{"href":"https:\/\/www.centsys.com\/fr\/wp-json\/wp\/v2\/media?parent=769"}],"curies":[{"name":"wp","href":"https:\/\/api.w.org\/{rel}","templated":true}]}}