{"id":827,"date":"2024-09-11T15:22:37","date_gmt":"2024-09-11T13:22:37","guid":{"rendered":"https:\/\/www.centsys.co.za\/demo\/?page_id=827"},"modified":"2026-02-22T12:18:17","modified_gmt":"2026-02-22T10:18:17","slug":"formation-sur-les-produits-centurion","status":"publish","type":"page","link":"https:\/\/www.centsys.com\/fr\/formation-sur-les-produits-centurion\/","title":{"rendered":"Formation Centurion Systems"},"content":{"rendered":"<p>[et_pb_section fb_built=&#8221;1&#8243; _builder_version=&#8221;4.27.0&#8243; _module_preset=&#8221;default&#8221; custom_padding=&#8221;||5px|||&#8221; global_colors_info=&#8221;{}&#8221;][et_pb_row _builder_version=&#8221;4.27.0&#8243; _module_preset=&#8221;default&#8221; custom_padding=&#8221;||4px|||&#8221; global_colors_info=&#8221;{}&#8221;][et_pb_column type=&#8221;4_4&#8243; _builder_version=&#8221;4.27.0&#8243; _module_preset=&#8221;default&#8221; global_colors_info=&#8221;{}&#8221;][et_pb_text _builder_version=&#8221;4.27.5&#8243; _module_preset=&#8221;default&#8221; global_colors_info=&#8221;{}&#8221;]<\/p>\n<h1 style=\"text-align: left;\"><strong style=\"font-size: 30pt; color: #fff;\"> <span style=\"color: #808080;\"> FORMATION SUR LES PRODUITS <span style=\"color: #82c341;\">CENTURION<\/span><\/span><\/strong><\/h1>\n<p>[\/et_pb_text][\/et_pb_column][\/et_pb_row][\/et_pb_section][et_pb_section fb_built=&#8221;1&#8243; _builder_version=&#8221;4.27.4&#8243; _module_preset=&#8221;default&#8221; custom_padding=&#8221;8px||13px|||&#8221; global_colors_info=&#8221;{}&#8221;][et_pb_row _builder_version=&#8221;4.27.4&#8243; _module_preset=&#8221;default&#8221; custom_padding=&#8221;5px|||||&#8221; global_colors_info=&#8221;{}&#8221;][et_pb_column type=&#8221;4_4&#8243; _builder_version=&#8221;4.27.4&#8243; _module_preset=&#8221;default&#8221; global_colors_info=&#8221;{}&#8221;][et_pb_text _builder_version=&#8221;4.27.5&#8243; _module_preset=&#8221;default&#8221; global_colors_info=&#8221;{}&#8221;]<\/p>\n<p>Am\u00e9liorez vos comp\u00e9tences en mati\u00e8re d&#8217;installation avec Centurion Systems !<\/p>\n<p>[\/et_pb_text][et_pb_text _builder_version=&#8221;4.27.5&#8243; _module_preset=&#8221;default&#8221; hover_enabled=&#8221;0&#8243; global_colors_info=&#8221;{}&#8221; sticky_enabled=&#8221;0&#8243;]<\/p>\n<p>Centurion Systems est engag\u00e9e \u00e0 fournir aux installateurs les connaissances et le soutien dont ils ont besoin pour travailler en toute confiance et de mani\u00e8re efficace avec notre gamme \u00e9tendue de solutions.<\/p>\n<p>Nos experts techniques et nos repr\u00e9sentants commerciaux se rendent fr\u00e9quemment dans divers pays du monde pour offrir des formations et une assistance sur nos produits. Pour savoir quand ils se rendront dans votre r\u00e9gion et pour assister \u00e0 l&#8217;une de nos sessions de formation sur les produits, veuillez contacter notre <strong>Service Exportations<\/strong>.<\/p>\n<p>Vous pouvez \u00e9galement contacter <strong>CENTURION<\/strong> pour plus d\u2019informations.<\/p>\n<p>[\/et_pb_text][\/et_pb_column][\/et_pb_row][\/et_pb_section][et_pb_section fb_built=&#8221;1&#8243; disabled_on=&#8221;on|on|on&#8221; _builder_version=&#8221;4.27.5&#8243; _module_preset=&#8221;default&#8221; custom_padding=&#8221;6px||10px|||&#8221; disabled=&#8221;on&#8221; global_colors_info=&#8221;{}&#8221;][et_pb_row column_structure=&#8221;1_3,1_3,1_3&#8243; use_custom_gutter=&#8221;on&#8221; gutter_width=&#8221;2&#8243; _builder_version=&#8221;4.27.4&#8243; _module_preset=&#8221;default&#8221; module_alignment=&#8221;center&#8221; custom_padding=&#8221;3px|||||&#8221; global_colors_info=&#8221;{}&#8221;][et_pb_column type=&#8221;1_3&#8243; _builder_version=&#8221;4.27.0&#8243; _module_preset=&#8221;default&#8221; global_colors_info=&#8221;{}&#8221;][et_pb_image src=&#8221;\/demo\/img\/train\/CENTURION-CSTI-TRAINING.jpg&#8221; url=&#8221;https:\/\/www.centsys.co.za\/demo\/centurion-systems-certified-trained-smart-installers-training\/&#8221; _builder_version=&#8221;4.27.5&#8243; _dynamic_attributes=&#8221;url&#8221; _module_preset=&#8221;default&#8221; custom_margin=&#8221;||||false|false&#8221; custom_css_before=&#8221;content:&#8217;CTSI Training&#8217;;||color:#fff;||background:#81c240;||padding:15px 10px;||position: absolute;||top:5%;||left:2%;||width:86%;||z-index:50;||font-size:14px;||text-align:center;||pointer-events:none;||border-radius:5px;&#8221; border_radii=&#8221;on|5px|5px|5px|5px&#8221; global_colors_info=&#8221;{}&#8221; src__hover_enabled=&#8221;on|desktop&#8221; src__hover=&#8221;&#8221;][\/et_pb_image][et_pb_text _builder_version=&#8221;4.27.4&#8243; _module_preset=&#8221;default&#8221; global_colors_info=&#8221;{}&#8221;]<\/p>\n<h2 class=\"\" data-sourcepos=\"1:1-1:46\" style=\"text-align: center;\"><strong>Certified SM\u0394RT Installer Training<br \/><\/strong><\/h2>\n<p data-sourcepos=\"3:1-3:54\" style=\"text-align: center;\">Access a countrywide range of SM\u0394RT product specialisation, expert training, and ongoing support.<\/p>\n<p>[\/et_pb_text][\/et_pb_column][et_pb_column type=&#8221;1_3&#8243; _builder_version=&#8221;4.27.0&#8243; _module_preset=&#8221;default&#8221; global_colors_info=&#8221;{}&#8221;][et_pb_image src=&#8221;\/demo\/img\/train\/CENTURION-ONLINE-TRAINING.jpg&#8221; url=&#8221;https:\/\/www.centsys.co.za\/demo\/centurion-on-line-training\/&#8221; src_tablet=&#8221;\/demo\/img\/Centurion-Systems-Home-Owners-Website-Over.jpg&#8221; src_phone=&#8221;\/demo\/img\/Centurion-Systems-Home-Owners-Website-Over.jpg&#8221; src_last_edited=&#8221;off|desktop&#8221; _builder_version=&#8221;4.27.5&#8243; _module_preset=&#8221;default&#8221; custom_margin=&#8221;-2px|||||&#8221; custom_css_before=&#8221;content:&#8217;On-line Training&#8217;;||color:#fff;||background:#81c240;||padding:15px 10px;||position: absolute;||top:5%;||left:2%;||width:86%;||z-index:50;||font-size:14px;||text-align:center;||pointer-events:none;||border-radius:5px;&#8221; border_radii=&#8221;on|5px|5px|5px|5px&#8221; global_colors_info=&#8221;{}&#8221; src__hover_enabled=&#8221;on|desktop&#8221; src__hover=&#8221;&#8221;][\/et_pb_image][et_pb_text _builder_version=&#8221;4.27.4&#8243; _module_preset=&#8221;default&#8221; global_colors_info=&#8221;{}&#8221;]<\/p>\n<h2 class=\"\" data-sourcepos=\"1:1-1:46\" style=\"text-align: center;\"><strong>On-Line Product Training Options<br \/><\/strong><\/h2>\n<p data-sourcepos=\"3:1-3:54\" style=\"text-align: center;\">Find the perfect CENTURION product training solutions for your installer teams, DIY or yourself.<\/p>\n<p>[\/et_pb_text][\/et_pb_column][et_pb_column type=&#8221;1_3&#8243; _builder_version=&#8221;4.27.0&#8243; _module_preset=&#8221;default&#8221; global_colors_info=&#8221;{}&#8221;][et_pb_image src=&#8221;\/demo\/img\/train\/CENTURION-BRANCH-TRAINING.jpg&#8221; url=&#8221;@ET-DC@eyJkeW5hbWljIjp0cnVlLCJjb250ZW50IjoicG9zdF9saW5rX3VybF9wYWdlIiwic2V0dGluZ3MiOnsicG9zdF9pZCI6IjM2MTMifX0=@&#8221; _builder_version=&#8221;4.27.5&#8243; _dynamic_attributes=&#8221;url&#8221; _module_preset=&#8221;default&#8221; custom_margin=&#8221;-1px|||||&#8221; custom_css_before=&#8221;content:&#8217;In-Person Training&#8217;;||color:#fff;||background:#81c240;||padding:15px 10px;||position: absolute;||top:5%;||left:2%;||width:86%;||z-index:50;||font-size:14px;||text-align:center;||pointer-events:none;||border-radius:5px;&#8221; border_radii=&#8221;on|5px|5px|5px|5px&#8221; global_colors_info=&#8221;{}&#8221; src__hover_enabled=&#8221;on|desktop&#8221; src__hover=&#8221;&#8221;][\/et_pb_image][et_pb_text _builder_version=&#8221;4.27.4&#8243; _module_preset=&#8221;default&#8221; global_colors_info=&#8221;{}&#8221;]<\/p>\n<h2 class=\"\" data-sourcepos=\"1:1-1:46\" style=\"text-align: center;\"><strong>In-Person Branch Product Training<br \/><\/strong><\/h2>\n<p data-sourcepos=\"3:1-3:54\" style=\"text-align: center;\">More information on your local Centurion Systems branch in-person installer training and support.<\/p>\n<p>[\/et_pb_text][\/et_pb_column][\/et_pb_row][\/et_pb_section][et_pb_section fb_built=&#8221;1&#8243; disabled_on=&#8221;on|on|on&#8221; module_id=&#8221;smartcert&#8221; module_class=&#8221;smartcert&#8221; _builder_version=&#8221;4.27.4&#8243; _module_preset=&#8221;default&#8221; background_color=&#8221;#e0e0e0&#8243; custom_padding=&#8221;0px||0px|||&#8221; disabled=&#8221;on&#8221; global_module=&#8221;2858&#8243; saved_tabs=&#8221;all&#8221; global_colors_info=&#8221;{}&#8221;][et_pb_row column_structure=&#8221;1_2,1_2&#8243; _builder_version=&#8221;4.27.4&#8243; _module_preset=&#8221;default&#8221; background_color=&#8221;#e0e0e0&#8243; width=&#8221;88%&#8221; max_width=&#8221;1596px&#8221; custom_margin=&#8221;|auto|-1px|auto|false|false&#8221; custom_padding=&#8221;32px||0px||false|false&#8221; global_colors_info=&#8221;{%22gcid-d116008b-ce49-46ea-9433-049c9562a0bc%22:%91%22background_color%22%93}&#8221;][et_pb_column type=&#8221;1_2&#8243; _builder_version=&#8221;4.16&#8243; _module_preset=&#8221;default&#8221; global_colors_info=&#8221;{}&#8221;][et_pb_image src=&#8221;\/demo\/img\/ctsi\/Centurion-Smart-Certified-Installer-program-visual.jpg&#8221; title_text=&#8221;camera-47&#8243; _builder_version=&#8221;4.27.4&#8243; _module_preset=&#8221;default&#8221; border_radii=&#8221;on|15px|15px|15px|15px&#8221; global_colors_info=&#8221;{}&#8221;][\/et_pb_image][\/et_pb_column][et_pb_column type=&#8221;1_2&#8243; _builder_version=&#8221;4.16&#8243; _module_preset=&#8221;default&#8221; custom_padding=&#8221;|70px|70px||false|false&#8221; custom_padding_tablet=&#8221;|30px|30px|30px|false|true&#8221; custom_padding_phone=&#8221;0px|20px||20px|false|true&#8221; custom_padding_last_edited=&#8221;on|tablet&#8221; global_colors_info=&#8221;{}&#8221;][et_pb_text _builder_version=&#8221;4.27.4&#8243; _module_preset=&#8221;32021f09-dd67-47fb-8f9a-832b72a38baf&#8221; text_text_color=&#8221;#82C341&#8243; header_text_color=&#8221;#82C341&#8243; header_2_font=&#8221;&#8211;et_global_heading_font|700|||||||&#8221; header_2_text_color=&#8221;#82C341&#8243; header_2_font_size=&#8221;50px&#8221; header_2_line_height=&#8221;1.2em&#8221; custom_margin=&#8221;||0px||false|false&#8221; custom_padding=&#8221;13px|||||&#8221; text_text_color_last_edited=&#8221;off|desktop&#8221; header_font_size_last_edited=&#8221;off|phone&#8221; header_2_font_size_tablet=&#8221;32px&#8221; header_2_font_size_phone=&#8221;18px&#8221; header_2_font_size_last_edited=&#8221;on|tablet&#8221; locked=&#8221;off&#8221; global_colors_info=&#8221;{}&#8221;]<\/p>\n<h2>Become a Trusted Professional<\/h2>\n<p>[\/et_pb_text][et_pb_text _builder_version=&#8221;4.27.4&#8243; _module_preset=&#8221;aec0be99-8a53-4f75-abf2-64f29a8b4cc2&#8243; text_font=&#8221;&#8211;et_global_body_font|&#8211;et_global_body_font_weight|||||||&#8221; text_font_size=&#8221;20px&#8221; custom_margin=&#8221;||24px|||&#8221; text_font_size_tablet=&#8221;16px&#8221; text_font_size_phone=&#8221;13px&#8221; text_font_size_last_edited=&#8221;on|tablet&#8221; global_colors_info=&#8221;{}&#8221;]<\/p>\n<p>With specialised, in depth training in servicing, maintaining, installing and repairs of all SM\u0394RT Centurion Systems Motors.<\/p>\n<p>[\/et_pb_text][et_pb_button button_url=&#8221;https:\/\/www.centsys.co.za\/demo\/centurion-systems-certified-trained-smart-installers-training\/&#8221; button_text=&#8221;LEARN MORE&#8221; button_alignment=&#8221;center&#8221; _builder_version=&#8221;4.27.4&#8243; _module_preset=&#8221;a93bd5f4-85ca-4af8-aab9-5954042d5969&#8243; custom_button=&#8221;on&#8221; button_text_size=&#8221;16px&#8221; button_text_color=&#8221;#FFFFFF&#8221; button_bg_color=&#8221;#82C341&#8243; button_border_width=&#8221;0px&#8221; button_border_radius=&#8221;5px&#8221; button_letter_spacing=&#8221;2px&#8221; button_font=&#8221;Open Sans|600||on|||||&#8221; custom_padding=&#8221;15px|30px|15px|30px|true|true&#8221; custom_padding_tablet=&#8221;13px|25px|13px|25px|true|true&#8221; custom_padding_phone=&#8221;10px|20px|10px|20px|true|true&#8221; custom_padding_last_edited=&#8221;on|phone&#8221; button_text_size_tablet=&#8221;15px&#8221; button_text_size_phone=&#8221;14px&#8221; button_text_size_last_edited=&#8221;on|phone&#8221; custom_css_main_element=&#8221;width:100%;&#8221; locked=&#8221;off&#8221; global_colors_info=&#8221;{}&#8221; button_bg_color__hover_enabled=&#8221;on|hover&#8221; button_bg_color__hover=&#8221;#82C341&#8243; button_bg_enable_color__hover=&#8221;on&#8221;][\/et_pb_button][\/et_pb_column][\/et_pb_row][\/et_pb_section]<\/p>\n","protected":false},"excerpt":{"rendered":"<p>B\u00e9n\u00e9ficiez d\u2019une formation pratique sur les produits Centurion Systems et d\u00e9veloppez les comp\u00e9tences n\u00e9cessaires pour installer et accompagner nos solutions.<\/p>\n","protected":false},"author":1,"featured_media":30259,"parent":0,"menu_order":0,"comment_status":"closed","ping_status":"closed","template":"","meta":{"_et_pb_use_builder":"on","_et_pb_old_content":"","_et_gb_content_width":"","_joinchat":[],"footnotes":""},"class_list":["post-827","page","type-page","status-publish","has-post-thumbnail","hentry"],"yoast_head":"<!-- This site is optimized with the Yoast SEO Premium plugin v27.4 (Yoast SEO v27.5) - https:\/\/yoast.com\/product\/yoast-seo-premium-wordpress\/ -->\r\n<title>Formation Centurion Systems - Centurion Systems<\/title>\r\n<meta name=\"description\" content=\"B\u00e9n\u00e9ficiez d\u2019une formation pratique sur les produits Centurion Systems et d\u00e9veloppez les comp\u00e9tences n\u00e9cessaires pour installer et accompagner nos solutions.\" \/>\r\n<meta name=\"robots\" content=\"index, follow, max-snippet:-1, max-image-preview:large, max-video-preview:-1\" \/>\r\n<link rel=\"canonical\" href=\"https:\/\/www.centsys.com\/fr\/formation-sur-les-produits-centurion\/\" \/>\r\n<meta property=\"og:locale\" content=\"en_US\" \/>\r\n<meta property=\"og:type\" content=\"article\" \/>\r\n<meta property=\"og:title\" content=\"Formation Centurion Systems\" \/>\r\n<meta property=\"og:description\" content=\"B\u00e9n\u00e9ficiez d\u2019une formation pratique sur les produits Centurion Systems et d\u00e9veloppez les comp\u00e9tences n\u00e9cessaires pour installer et accompagner nos solutions.\" \/>\r\n<meta property=\"og:url\" content=\"https:\/\/www.centsys.com\/fr\/formation-sur-les-produits-centurion\/\" \/>\r\n<meta property=\"og:site_name\" content=\"Centurion Systems French\" \/>\r\n<meta property=\"article:modified_time\" content=\"2026-02-22T10:18:17+00:00\" \/>\r\n<meta property=\"og:image\" content=\"https:\/\/www.centsys.com\/fr\/wp-content\/uploads\/2025\/05\/CENTURION-logo-clear-01-4.png\" \/>\r\n\t<meta property=\"og:image:width\" content=\"200\" \/>\r\n\t<meta property=\"og:image:height\" content=\"158\" \/>\r\n\t<meta property=\"og:image:type\" content=\"image\/png\" \/>\r\n<meta name=\"twitter:card\" content=\"summary_large_image\" \/>\r\n<meta name=\"twitter:label1\" content=\"Est. reading time\" \/>\n\t<meta name=\"twitter:data1\" content=\"1 minute\" \/>\r\n<script type=\"application\/ld+json\" class=\"yoast-schema-graph\">{\"@context\":\"https:\\\/\\\/schema.org\",\"@graph\":[{\"@type\":\"WebPage\",\"@id\":\"https:\\\/\\\/www.centsys.com\\\/fr\\\/formation-sur-les-produits-centurion\\\/\",\"url\":\"https:\\\/\\\/www.centsys.com\\\/fr\\\/formation-sur-les-produits-centurion\\\/\",\"name\":\"Formation Centurion Systems - Centurion Systems\",\"isPartOf\":{\"@id\":\"https:\\\/\\\/www.centsys.com\\\/fr\\\/#website\"},\"primaryImageOfPage\":{\"@id\":\"https:\\\/\\\/www.centsys.com\\\/fr\\\/formation-sur-les-produits-centurion\\\/#primaryimage\"},\"image\":{\"@id\":\"https:\\\/\\\/www.centsys.com\\\/fr\\\/formation-sur-les-produits-centurion\\\/#primaryimage\"},\"thumbnailUrl\":\"https:\\\/\\\/www.centsys.com\\\/fr\\\/wp-content\\\/uploads\\\/2025\\\/05\\\/CENTURION-logo-clear-01-4.png\",\"datePublished\":\"2024-09-11T13:22:37+00:00\",\"dateModified\":\"2026-02-22T10:18:17+00:00\",\"description\":\"B\u00e9n\u00e9ficiez d\u2019une formation pratique sur les produits Centurion Systems et d\u00e9veloppez les comp\u00e9tences n\u00e9cessaires pour installer et accompagner nos solutions.\",\"breadcrumb\":{\"@id\":\"https:\\\/\\\/www.centsys.com\\\/fr\\\/formation-sur-les-produits-centurion\\\/#breadcrumb\"},\"inLanguage\":\"en-ZA\",\"potentialAction\":[{\"@type\":\"ReadAction\",\"target\":[\"https:\\\/\\\/www.centsys.com\\\/fr\\\/formation-sur-les-produits-centurion\\\/\"]}]},{\"@type\":\"ImageObject\",\"inLanguage\":\"en-ZA\",\"@id\":\"https:\\\/\\\/www.centsys.com\\\/fr\\\/formation-sur-les-produits-centurion\\\/#primaryimage\",\"url\":\"https:\\\/\\\/www.centsys.com\\\/fr\\\/wp-content\\\/uploads\\\/2025\\\/05\\\/CENTURION-logo-clear-01-4.png\",\"contentUrl\":\"https:\\\/\\\/www.centsys.com\\\/fr\\\/wp-content\\\/uploads\\\/2025\\\/05\\\/CENTURION-logo-clear-01-4.png\",\"width\":200,\"height\":158,\"caption\":\"Centurion Systems Logo\"},{\"@type\":\"BreadcrumbList\",\"@id\":\"https:\\\/\\\/www.centsys.com\\\/fr\\\/formation-sur-les-produits-centurion\\\/#breadcrumb\",\"itemListElement\":[{\"@type\":\"ListItem\",\"position\":1,\"name\":\"Home\",\"item\":\"https:\\\/\\\/www.centsys.com\\\/fr\\\/\"},{\"@type\":\"ListItem\",\"position\":2,\"name\":\"Formation Centurion Systems\"}]},{\"@type\":\"WebSite\",\"@id\":\"https:\\\/\\\/www.centsys.com\\\/fr\\\/#website\",\"url\":\"https:\\\/\\\/www.centsys.com\\\/fr\\\/\",\"name\":\"Centurion Systems French\",\"description\":\"\",\"potentialAction\":[{\"@type\":\"SearchAction\",\"target\":{\"@type\":\"EntryPoint\",\"urlTemplate\":\"https:\\\/\\\/www.centsys.com\\\/fr\\\/?s={search_term_string}\"},\"query-input\":{\"@type\":\"PropertyValueSpecification\",\"valueRequired\":true,\"valueName\":\"search_term_string\"}}],\"inLanguage\":\"en-ZA\"}]}<\/script>\r\n<!-- \/ Yoast SEO Premium plugin. -->","yoast_head_json":{"title":"Formation Centurion Systems - Centurion Systems","description":"B\u00e9n\u00e9ficiez d\u2019une formation pratique sur les produits Centurion Systems et d\u00e9veloppez les comp\u00e9tences n\u00e9cessaires pour installer et accompagner nos solutions.","robots":{"index":"index","follow":"follow","max-snippet":"max-snippet:-1","max-image-preview":"max-image-preview:large","max-video-preview":"max-video-preview:-1"},"canonical":"https:\/\/www.centsys.com\/fr\/formation-sur-les-produits-centurion\/","og_locale":"en_US","og_type":"article","og_title":"Formation Centurion Systems","og_description":"B\u00e9n\u00e9ficiez d\u2019une formation pratique sur les produits Centurion Systems et d\u00e9veloppez les comp\u00e9tences n\u00e9cessaires pour installer et accompagner nos solutions.","og_url":"https:\/\/www.centsys.com\/fr\/formation-sur-les-produits-centurion\/","og_site_name":"Centurion Systems French","article_modified_time":"2026-02-22T10:18:17+00:00","og_image":[{"width":200,"height":158,"url":"https:\/\/www.centsys.com\/fr\/wp-content\/uploads\/2025\/05\/CENTURION-logo-clear-01-4.png","type":"image\/png"}],"twitter_card":"summary_large_image","twitter_misc":{"Est. reading time":"1 minute"},"schema":{"@context":"https:\/\/schema.org","@graph":[{"@type":"WebPage","@id":"https:\/\/www.centsys.com\/fr\/formation-sur-les-produits-centurion\/","url":"https:\/\/www.centsys.com\/fr\/formation-sur-les-produits-centurion\/","name":"Formation Centurion Systems - Centurion Systems","isPartOf":{"@id":"https:\/\/www.centsys.com\/fr\/#website"},"primaryImageOfPage":{"@id":"https:\/\/www.centsys.com\/fr\/formation-sur-les-produits-centurion\/#primaryimage"},"image":{"@id":"https:\/\/www.centsys.com\/fr\/formation-sur-les-produits-centurion\/#primaryimage"},"thumbnailUrl":"https:\/\/www.centsys.com\/fr\/wp-content\/uploads\/2025\/05\/CENTURION-logo-clear-01-4.png","datePublished":"2024-09-11T13:22:37+00:00","dateModified":"2026-02-22T10:18:17+00:00","description":"B\u00e9n\u00e9ficiez d\u2019une formation pratique sur les produits Centurion Systems et d\u00e9veloppez les comp\u00e9tences n\u00e9cessaires pour installer et accompagner nos solutions.","breadcrumb":{"@id":"https:\/\/www.centsys.com\/fr\/formation-sur-les-produits-centurion\/#breadcrumb"},"inLanguage":"en-ZA","potentialAction":[{"@type":"ReadAction","target":["https:\/\/www.centsys.com\/fr\/formation-sur-les-produits-centurion\/"]}]},{"@type":"ImageObject","inLanguage":"en-ZA","@id":"https:\/\/www.centsys.com\/fr\/formation-sur-les-produits-centurion\/#primaryimage","url":"https:\/\/www.centsys.com\/fr\/wp-content\/uploads\/2025\/05\/CENTURION-logo-clear-01-4.png","contentUrl":"https:\/\/www.centsys.com\/fr\/wp-content\/uploads\/2025\/05\/CENTURION-logo-clear-01-4.png","width":200,"height":158,"caption":"Centurion Systems Logo"},{"@type":"BreadcrumbList","@id":"https:\/\/www.centsys.com\/fr\/formation-sur-les-produits-centurion\/#breadcrumb","itemListElement":[{"@type":"ListItem","position":1,"name":"Home","item":"https:\/\/www.centsys.com\/fr\/"},{"@type":"ListItem","position":2,"name":"Formation Centurion Systems"}]},{"@type":"WebSite","@id":"https:\/\/www.centsys.com\/fr\/#website","url":"https:\/\/www.centsys.com\/fr\/","name":"Centurion Systems French","description":"","potentialAction":[{"@type":"SearchAction","target":{"@type":"EntryPoint","urlTemplate":"https:\/\/www.centsys.com\/fr\/?s={search_term_string}"},"query-input":{"@type":"PropertyValueSpecification","valueRequired":true,"valueName":"search_term_string"}}],"inLanguage":"en-ZA"}]}},"_links":{"self":[{"href":"https:\/\/www.centsys.com\/fr\/wp-json\/wp\/v2\/pages\/827","targetHints":{"allow":["GET"]}}],"collection":[{"href":"https:\/\/www.centsys.com\/fr\/wp-json\/wp\/v2\/pages"}],"about":[{"href":"https:\/\/www.centsys.com\/fr\/wp-json\/wp\/v2\/types\/page"}],"author":[{"embeddable":true,"href":"https:\/\/www.centsys.com\/fr\/wp-json\/wp\/v2\/users\/1"}],"replies":[{"embeddable":true,"href":"https:\/\/www.centsys.com\/fr\/wp-json\/wp\/v2\/comments?post=827"}],"version-history":[{"count":6,"href":"https:\/\/www.centsys.com\/fr\/wp-json\/wp\/v2\/pages\/827\/revisions"}],"predecessor-version":[{"id":31648,"href":"https:\/\/www.centsys.com\/fr\/wp-json\/wp\/v2\/pages\/827\/revisions\/31648"}],"wp:featuredmedia":[{"embeddable":true,"href":"https:\/\/www.centsys.com\/fr\/wp-json\/wp\/v2\/media\/30259"}],"wp:attachment":[{"href":"https:\/\/www.centsys.com\/fr\/wp-json\/wp\/v2\/media?parent=827"}],"curies":[{"name":"wp","href":"https:\/\/api.w.org\/{rel}","templated":true}]}}