{"id":898,"date":"2024-09-16T11:22:36","date_gmt":"2024-09-16T09:22:36","guid":{"rendered":"https:\/\/www.centsys.co.za\/demo\/?page_id=898"},"modified":"2026-03-03T15:21:41","modified_gmt":"2026-03-03T13:21:41","slug":"centurion-systems-accessoires-dautomatisation-dacces","status":"publish","type":"page","link":"https:\/\/www.centsys.com\/fr\/centurion-systems-accessoires-dautomatisation-dacces\/","title":{"rendered":"Accessoires d\u2019automatisation des acc\u00e8s"},"content":{"rendered":"<p>[et_pb_section fb_built=&#8221;1&#8243; admin_label=&#8221;Section&#8221; _builder_version=&#8221;4.27.0&#8243; _module_preset=&#8221;default&#8221; background_color=&#8221;RGBA(255,255,255,0)&#8221; custom_margin=&#8221;-13px|||||&#8221; custom_padding=&#8221;50px||7px|||&#8221; top_divider_color=&#8221;#00A99D&#8221; top_divider_height=&#8221;35px&#8221; top_divider_flip=&#8221;vertical&#8221; bottom_divider_height=&#8221;29px&#8221; bottom_divider_flip=&#8221;vertical&#8221; global_colors_info=&#8221;{}&#8221;][et_pb_row _builder_version=&#8221;4.27.0&#8243; _module_preset=&#8221;default&#8221; global_colors_info=&#8221;{}&#8221;][et_pb_column type=&#8221;4_4&#8243; _builder_version=&#8221;4.27.0&#8243; _module_preset=&#8221;default&#8221; global_colors_info=&#8221;{}&#8221;][et_pb_text _builder_version=&#8221;4.27.5&#8243; _module_preset=&#8221;default&#8221; custom_margin=&#8221;||-12px|||&#8221; hover_enabled=&#8221;0&#8243; global_colors_info=&#8221;{}&#8221; content_last_edited=&#8221;on|tablet&#8221; sticky_enabled=&#8221;0&#8243; header_font_size=&#8221;40px&#8221; content_tablet=&#8221;<\/p>\n<h1 style=%22text-align: left;%22><strong style=%22font-size: 30pt; color: #fff;%22><span style=%22color: #808080;%22>AM\u00c9LIOREZ VOTRE SYST\u00c8ME AVEC <\/span> <span style=%22color: #82c341;%22>NOS <\/span><span style=%22color: #82c341;%22>ACCESSOIRES<\/span><\/strong><\/h1>\n<p>&#8221; content_phone=&#8221;<\/p>\n<h1 style=%22text-align: left;%22><strong style=%22font-size: 30pt; color: #fff;%22><span style=%22color: #808080;%22>AM\u00c9LIOREZ VOTRE SYST\u00c8ME AVEC <\/span> <span style=%22color: #82c341;%22>NOS <\/span><span style=%22color: #82c341;%22>ACCESSOIRES<\/span><\/strong><\/h1>\n<p>&#8220;]<\/p>\n<h1 style=\"text-align: left;\"><strong style=\"font-size: 30pt; color: #fff;\"><span style=\"color: #808080;\">AM\u00c9LIOREZ VOTRE SYST\u00c8ME AVEC <\/span> <span style=\"color: #82c341;\">NOS <\/span><span style=\"color: #82c341;\">ACCESSOIRES<\/span><\/strong><\/h1>\n<p>[\/et_pb_text][\/et_pb_column][\/et_pb_row][et_pb_row _builder_version=&#8221;4.27.4&#8243; _module_preset=&#8221;default&#8221; global_colors_info=&#8221;{}&#8221;][et_pb_column type=&#8221;4_4&#8243; _builder_version=&#8221;4.27.4&#8243; _module_preset=&#8221;default&#8221; global_colors_info=&#8221;{}&#8221;][et_pb_text _builder_version=&#8221;4.27.4&#8243; _module_preset=&#8221;default&#8221; global_colors_info=&#8221;{}&#8221;]<\/p>\n<p>Faites passer l&#8217;automatisation de vos acc\u00e8s au niveau sup\u00e9rieur gr\u00e2ce \u00e0 notre gamme d&#8217;accessoires haut de gamme, con\u00e7us pour vous apporter plus de confort, de s\u00e9curit\u00e9 et de tranquillit\u00e9 d&#8217;esprit. Qu&#8217;il s&#8217;agisse de faisceaux de s\u00e9curit\u00e9, de serrures de portail, de solutions d&#8217;alimentation solaire ou d&#8217;interphones, les accessoires <strong>CENTURION<\/strong> sont les compagnons parfaits de votre portail, de votre garage et de votre syst\u00e8me de contr\u00f4le d&#8217;acc\u00e8s, vous aidant \u00e0 tirer le meilleur parti de votre investissement.<\/p>\n<p>Que vous cherchiez \u00e0 renforcer la s\u00e9curit\u00e9, \u00e0 ajouter des fonctionnalit\u00e9s intelligentes ou \u00e0 garantir des performances fiables en cas de panne de courant, nous avons les accessoires n\u00e9cessaires pour personnaliser et am\u00e9liorer votre syst\u00e8me en fonction de votre style de vie.<\/p>\n<p>[\/et_pb_text][\/et_pb_column][\/et_pb_row][et_pb_row column_structure=&#8221;1_5,1_5,1_5,1_5,1_5&#8243; use_custom_gutter=&#8221;on&#8221; gutter_width=&#8221;2&#8243; make_equal=&#8221;on&#8221; _builder_version=&#8221;4.27.4&#8243; _module_preset=&#8221;default&#8221; max_width=&#8221;1500px&#8221; custom_margin=&#8221;18px|auto||auto||&#8221; custom_padding=&#8221;2px||36px|||&#8221; global_colors_info=&#8221;{}&#8221;][et_pb_column type=&#8221;1_5&#8243; _builder_version=&#8221;4.27.0&#8243; _module_preset=&#8221;default&#8221; global_colors_info=&#8221;{}&#8221;][et_pb_image src=&#8221;http:\/\/www.centsys.com\/fr\/img\/Accessoires-Portail-Garage_Categorie_Section_fr.jpg&#8221; url=&#8221;http:\/\/www.centsys.com\/fr\/centurion-systems-accessoires-pour-portails-et-portes-de-garage\/&#8221; _builder_version=&#8221;4.27.5&#8243; _module_preset=&#8221;default&#8221; custom_margin=&#8221;||||false|false&#8221; custom_padding=&#8221;||||false|false&#8221; custom_css_before=&#8221;content: &#8216;ACCESSOIRES POUR %92A PORTAILS &#038; GARAGES&#8217;;||  white-space: pre;       \/* respects the %92A line break *\/||  color: #fff;||  background: #81c240;||  padding: 5px 10px;     \/* extra padding for bigger bar *\/||  position: absolute;||  top: 5%;||  left: 2%;||  width: 86%;||  z-index: 50;||  font-size: 16px;||  text-align: center;||  pointer-events: none;||  border-radius: 5px;||  line-height: 1.4;       &#8221; border_radii=&#8221;on|5px|5px|5px|5px&#8221; global_colors_info=&#8221;{}&#8221; src__hover_enabled=&#8221;on|desktop&#8221; src__hover=&#8221;&#8221;][\/et_pb_image][\/et_pb_column][et_pb_column type=&#8221;1_5&#8243; _builder_version=&#8221;4.27.0&#8243; _module_preset=&#8221;default&#8221; global_colors_info=&#8221;{}&#8221;][et_pb_image src=&#8221;http:\/\/www.centsys.com\/fr\/img\/Interphones-d-Acces_Categorie_Section_fr.jpg&#8221; url=&#8221;http:\/\/www.centsys.com\/fr\/centurion-systems-accessoires-acces-et-interphonie\/&#8221; _builder_version=&#8221;4.27.5&#8243; _module_preset=&#8221;default&#8221; custom_margin=&#8221;||||false|false&#8221; custom_padding=&#8221;||||false|false&#8221; custom_css_before=&#8221;content:&#8217;ACC\u00c8S &#038; %92a INTERPHONES&#8217;;||  white-space: pre;       \/* respects the %92A line break *\/||  color: #fff;||  background: #81c240;||  padding: 5px 10px;     \/* extra padding for bigger bar *\/||  position: absolute;||  top: 5%;||  left: 2%;||  width: 86%;||  z-index: 50;||  font-size: 16px;||  text-align: center;||  pointer-events: none;||  border-radius: 5px;||  line-height: 1.4;    ||&#8221; border_radii=&#8221;on|5px|5px|5px|5px&#8221; global_colors_info=&#8221;{}&#8221; src__hover_enabled=&#8221;on|desktop&#8221; src__hover=&#8221;&#8221;][\/et_pb_image][\/et_pb_column][et_pb_column type=&#8221;1_5&#8243; _builder_version=&#8221;4.27.0&#8243; _module_preset=&#8221;default&#8221; global_colors_info=&#8221;{}&#8221;][et_pb_image src=&#8221;http:\/\/www.centsys.com\/fr\/img\/Telecommandes_Recepteurs_Categorie_Section_fr.jpg&#8221; url=&#8221;http:\/\/www.centsys.com\/fr\/centurion-systems-telecommandes-et-recepteurs\/&#8221; _builder_version=&#8221;4.27.5&#8243; _module_preset=&#8221;default&#8221; custom_margin=&#8221;||||false|false&#8221; custom_padding=&#8221;||||false|false&#8221; custom_css_before=&#8221;content: &#8216;T\u00c9L\u00c9COMMANDES %92A &#038; R\u00c9CEPTEURS&#8217;;||  white-space: pre;       \/* respects the %92A line break *\/||  color: #fff;||  background: #81c240;||  padding: 5px 10px;     \/* extra padding for bigger bar *\/||  position: absolute;||  top: 5%;||  left: 2%;||  width: 86%;||  z-index: 50;||  font-size: 16px;||  text-align: center;||  pointer-events: none;||  border-radius: 5px;||  line-height: 1.4;       &#8221; border_radii=&#8221;on|5px|5px|5px|5px&#8221; global_colors_info=&#8221;{}&#8221; src__hover_enabled=&#8221;on|desktop&#8221; src__hover=&#8221;&#8221;][\/et_pb_image][\/et_pb_column][et_pb_column type=&#8221;1_5&#8243; _builder_version=&#8221;4.27.0&#8243; _module_preset=&#8221;default&#8221; global_colors_info=&#8221;{}&#8221;][et_pb_image src=&#8221;http:\/\/www.centsys.com\/fr\/img\/Connexion-Mobile_Categorie_Section_fr.jpg&#8221; url=&#8221;http:\/\/www.centsys.com\/fr\/centurion-systems-dispositifs-de-connexion-mobile-gsm\/&#8221; _builder_version=&#8221;4.27.5&#8243; _module_preset=&#8221;default&#8221; custom_margin=&#8221;||||false|false&#8221; custom_css_before=&#8221;content:&#8217;APPAREILS MOBILES %92a (GSM)&#8217;;|| white-space: pre;       \/* respects the %92A line break *\/||  color: #fff;||  background: #81c240;||  padding: 5px 10px;     \/* extra padding for bigger bar *\/||  position: absolute;||  top: 5%;||  left: 2%;||  width: 86%;||  z-index: 50;||  font-size: 16px;||  text-align: center;||  pointer-events: none;||  border-radius: 5px;||  line-height: 1.4;    |||| &#8221; border_radii=&#8221;on|5px|5px|5px|5px&#8221; global_colors_info=&#8221;{}&#8221; src__hover_enabled=&#8221;on|desktop&#8221; src__hover=&#8221;&#8221;][\/et_pb_image][\/et_pb_column][et_pb_column type=&#8221;1_5&#8243; _builder_version=&#8221;4.27.0&#8243; _module_preset=&#8221;default&#8221; global_colors_info=&#8221;{}&#8221;][et_pb_image src=&#8221;http:\/\/www.centsys.com\/fr\/img\/Solaire_Categorie_Section_fr.jpg&#8221; url=&#8221;http:\/\/www.centsys.com\/fr\/centurion-systems-solutions-alimentation-solaire&#8221; _builder_version=&#8221;4.27.5&#8243; _module_preset=&#8221;default&#8221; custom_margin=&#8221;||||false|false&#8221; custom_css_before=&#8221;content:&#8217;SOLUTIONS %92a SOLAIRES&#8217;;||white-space: pre;       \/* respects the %92A line break *\/||  color: #fff;||  background: #81c240;||  padding: 5px 10px;     \/* extra padding for bigger bar *\/||  position: absolute;||  top: 5%;||  left: 2%;||  width: 86%;||  z-index: 50;||  font-size: 16px;||  text-align: center;||  pointer-events: none;||  border-radius: 5px;||  line-height: 1.4;    |||||| &#8221; border_radii=&#8221;on|5px|5px|5px|5px&#8221; global_colors_info=&#8221;{}&#8221; src__hover_enabled=&#8221;on|desktop&#8221; src__hover=&#8221;&#8221;][\/et_pb_image][\/et_pb_column][\/et_pb_row][et_pb_row _builder_version=&#8221;4.27.0&#8243; _module_preset=&#8221;default&#8221; global_colors_info=&#8221;{}&#8221;][et_pb_column type=&#8221;4_4&#8243; _builder_version=&#8221;4.27.0&#8243; _module_preset=&#8221;default&#8221; global_colors_info=&#8221;{}&#8221;][et_pb_text _builder_version=&#8221;4.27.4&#8243; _module_preset=&#8221;default&#8221; global_colors_info=&#8221;{}&#8221;]<\/p>\n<h3 style=\"text-align: center;\"><span style=\"color: #808080;\"><strong>D\u00e9couvrez comment <\/strong><\/span><span style=\"color: #808080;\"><strong><span style=\"color: #99cc00;\">Centurion Systems<\/span> peut vous aider \u00e0 am\u00e9liorer votre s\u00e9curit\u00e9 et votre tranquillit\u00e9 d&#8217;esprit. <\/strong><\/span><\/h3>\n<p>[\/et_pb_text][\/et_pb_column][\/et_pb_row][\/et_pb_section][et_pb_section fb_built=&#8221;1&#8243; disabled_on=&#8221;on|on|on&#8221; _builder_version=&#8221;4.27.4&#8243; _module_preset=&#8221;default&#8221; background_color=&#8221;#e0e0e0&#8243; custom_padding=&#8221;0px||0px|||&#8221; disabled=&#8221;on&#8221; global_module=&#8221;2722&#8243; saved_tabs=&#8221;all&#8221; global_colors_info=&#8221;{}&#8221;][et_pb_row column_structure=&#8221;1_2,1_2&#8243; _builder_version=&#8221;4.27.4&#8243; _module_preset=&#8221;default&#8221; background_color=&#8221;#e0e0e0&#8243; width=&#8221;88%&#8221; max_width=&#8221;1596px&#8221; custom_margin=&#8221;|auto|-1px|auto|false|false&#8221; custom_padding=&#8221;32px||0px||false|false&#8221; global_colors_info=&#8221;{%22gcid-d116008b-ce49-46ea-9433-049c9562a0bc%22:%91%22background_color%22%93}&#8221;][et_pb_column type=&#8221;1_2&#8243; _builder_version=&#8221;4.27.4&#8243; _module_preset=&#8221;default&#8221; global_colors_info=&#8221;{}&#8221;][et_pb_image src=&#8221;\/demo\/img\/ctsi\/CENTURION-SYSTEMS-Certified-Trained-Installer-Finder.jpg&#8221; title_text=&#8221;camera-47&#8243; _builder_version=&#8221;4.27.4&#8243; _module_preset=&#8221;default&#8221; border_radii=&#8221;on|15px|15px|15px|15px&#8221; global_colors_info=&#8221;{}&#8221;][\/et_pb_image][\/et_pb_column][et_pb_column type=&#8221;1_2&#8243; _builder_version=&#8221;4.16&#8243; _module_preset=&#8221;default&#8221; custom_padding=&#8221;|70px|70px||false|false&#8221; custom_padding_tablet=&#8221;|30px|30px|30px|false|true&#8221; custom_padding_phone=&#8221;0px|20px||20px|false|true&#8221; custom_padding_last_edited=&#8221;on|tablet&#8221; global_colors_info=&#8221;{}&#8221;][et_pb_text _builder_version=&#8221;4.27.4&#8243; _module_preset=&#8221;32021f09-dd67-47fb-8f9a-832b72a38baf&#8221; header_font=&#8221;|&#8211;et_global_heading_font_weight|||||||&#8221; header_text_color=&#8221;#82C341&#8243; header_2_font=&#8221;&#8211;et_global_heading_font|&#8211;et_global_heading_font_weight|||||||&#8221; header_2_text_color=&#8221;#82C341&#8243; header_2_font_size=&#8221;50px&#8221; header_2_line_height=&#8221;1.2em&#8221; custom_margin=&#8221;||0px||false|false&#8221; header_2_font_size_tablet=&#8221;32px&#8221; header_2_font_size_phone=&#8221;18px&#8221; header_2_font_size_last_edited=&#8221;on|tablet&#8221; locked=&#8221;off&#8221; global_colors_info=&#8221;{}&#8221;]<\/p>\n<h2>Find a Trusted Professional near you.<\/h2>\n<p>[\/et_pb_text][et_pb_text _builder_version=&#8221;4.27.4&#8243; _module_preset=&#8221;aec0be99-8a53-4f75-abf2-64f29a8b4cc2&#8243; text_font=&#8221;&#8211;et_global_body_font||||||||&#8221; text_font_size_tablet=&#8221;16px&#8221; text_font_size_phone=&#8221;13px&#8221; text_font_size_last_edited=&#8221;on|tablet&#8221; global_colors_info=&#8221;{}&#8221;]<\/p>\n<p>Specially trained and certified to provide maintenance, installations and repairs of all Centurion Systems SM\u0394RT Motors.<\/p>\n<p>[\/et_pb_text][et_pb_button button_url=&#8221;https:\/\/smart.centsys.co.za\/Pages\/ClientSearch\/ClientSearch&#8221; button_text=&#8221;LOCATE AN INSTALLER NEAR YOU&#8221; button_alignment=&#8221;center&#8221; _builder_version=&#8221;4.27.4&#8243; _module_preset=&#8221;a93bd5f4-85ca-4af8-aab9-5954042d5969&#8243; custom_button=&#8221;on&#8221; button_text_size=&#8221;16px&#8221; button_text_color=&#8221;#FFFFFF&#8221; button_bg_color=&#8221;#82C341&#8243; button_border_width=&#8221;0px&#8221; button_border_radius=&#8221;5px&#8221; button_letter_spacing=&#8221;2px&#8221; button_font=&#8221;Open Sans|600||on|||||&#8221; custom_padding=&#8221;15px|30px|15px|30px|true|true&#8221; custom_padding_tablet=&#8221;13px|25px|13px|25px|true|true&#8221; custom_padding_phone=&#8221;10px|20px|10px|20px|true|true&#8221; custom_padding_last_edited=&#8221;on|phone&#8221; button_text_size_tablet=&#8221;15px&#8221; button_text_size_phone=&#8221;14px&#8221; button_text_size_last_edited=&#8221;on|phone&#8221; custom_css_main_element=&#8221;width:100%;&#8221; locked=&#8221;off&#8221; global_colors_info=&#8221;{}&#8221; button_bg_color__hover_enabled=&#8221;on|hover&#8221; button_bg_color__hover=&#8221;#82C341&#8243; button_bg_enable_color__hover=&#8221;on&#8221;][\/et_pb_button][\/et_pb_column][\/et_pb_row][\/et_pb_section]<\/p>\n","protected":false},"excerpt":{"rendered":"<p>CENTURION fait passer votre automatisation des acc\u00e8s au niveau sup\u00e9rieur gr\u00e2ce \u00e0 une gamme d\u2019accessoires premium, con\u00e7us pour vous simplifier la vie.<\/p>\n","protected":false},"author":1,"featured_media":30262,"parent":0,"menu_order":0,"comment_status":"closed","ping_status":"closed","template":"","meta":{"_et_pb_use_builder":"on","_et_pb_old_content":"","_et_gb_content_width":"","_joinchat":[],"footnotes":""},"class_list":["post-898","page","type-page","status-publish","has-post-thumbnail","hentry"],"yoast_head":"<!-- This site is optimized with the Yoast SEO plugin v27.3 - https:\/\/yoast.com\/product\/yoast-seo-wordpress\/ -->\r\n<title>Accessoires d\u2019automatisation des acc\u00e8s - Centurion Systems<\/title>\r\n<meta name=\"description\" content=\"CENTURION fait passer votre automatisation des acc\u00e8s au niveau sup\u00e9rieur gr\u00e2ce \u00e0 une gamme d\u2019accessoires premium, con\u00e7us pour vous simplifier la vie.\" \/>\r\n<meta name=\"robots\" content=\"index, follow, max-snippet:-1, max-image-preview:large, max-video-preview:-1\" \/>\r\n<link rel=\"canonical\" href=\"https:\/\/www.centsys.com\/fr\/centurion-systems-accessoires-dautomatisation-dacces\/\" \/>\r\n<meta property=\"og:locale\" content=\"en_US\" \/>\r\n<meta property=\"og:type\" content=\"article\" \/>\r\n<meta property=\"og:title\" content=\"Accessoires d\u2019automatisation des acc\u00e8s - Centurion Systems\" \/>\r\n<meta property=\"og:description\" content=\"Take your Centurion Systems access automation to the next level with our range of premium accessories, designed to bring you more convenience, security, and peace of mind.\" \/>\r\n<meta property=\"og:url\" content=\"https:\/\/www.centsys.com\/fr\/centurion-systems-accessoires-dautomatisation-dacces\/\" \/>\r\n<meta property=\"og:site_name\" content=\"Centurion Systems French\" \/>\r\n<meta property=\"article:modified_time\" content=\"2026-03-03T13:21:41+00:00\" \/>\r\n<meta property=\"og:image\" content=\"https:\/\/www.centsys.com\/fr\/wp-content\/uploads\/2025\/05\/CENTURION-Gate-and-Garage-Accessories.jpg\" \/>\r\n\t<meta property=\"og:image:width\" content=\"750\" \/>\r\n\t<meta property=\"og:image:height\" content=\"750\" \/>\r\n\t<meta property=\"og:image:type\" content=\"image\/jpeg\" \/>\r\n<meta name=\"twitter:card\" content=\"summary_large_image\" \/>\r\n<meta name=\"twitter:description\" content=\"Take your Centurion Systems access automation to the next level with our range of premium accessories, designed to bring you more convenience, security, and peace of mind.\" \/>\r\n<meta name=\"twitter:label1\" content=\"Est. reading time\" \/>\n\t<meta name=\"twitter:data1\" content=\"2 minutes\" \/>\r\n<script type=\"application\/ld+json\" class=\"yoast-schema-graph\">{\"@context\":\"https:\\\/\\\/schema.org\",\"@graph\":[{\"@type\":[\"WebPage\",\"CollectionPage\"],\"@id\":\"https:\\\/\\\/www.centsys.com\\\/fr\\\/centurion-systems-accessoires-dautomatisation-dacces\\\/\",\"url\":\"https:\\\/\\\/www.centsys.com\\\/fr\\\/centurion-systems-accessoires-dautomatisation-dacces\\\/\",\"name\":\"Accessoires d\u2019automatisation des acc\u00e8s - Centurion Systems\",\"isPartOf\":{\"@id\":\"https:\\\/\\\/www.centsys.com\\\/fr\\\/#website\"},\"primaryImageOfPage\":{\"@id\":\"https:\\\/\\\/www.centsys.com\\\/fr\\\/centurion-systems-accessoires-dautomatisation-dacces\\\/#primaryimage\"},\"image\":{\"@id\":\"https:\\\/\\\/www.centsys.com\\\/fr\\\/centurion-systems-accessoires-dautomatisation-dacces\\\/#primaryimage\"},\"thumbnailUrl\":\"https:\\\/\\\/www.centsys.com\\\/fr\\\/wp-content\\\/uploads\\\/2025\\\/05\\\/CENTURION-Gate-and-Garage-Accessories.jpg\",\"datePublished\":\"2024-09-16T09:22:36+00:00\",\"dateModified\":\"2026-03-03T13:21:41+00:00\",\"description\":\"CENTURION fait passer votre automatisation des acc\u00e8s au niveau sup\u00e9rieur gr\u00e2ce \u00e0 une gamme d\u2019accessoires premium, con\u00e7us pour vous simplifier la vie.\",\"breadcrumb\":{\"@id\":\"https:\\\/\\\/www.centsys.com\\\/fr\\\/centurion-systems-accessoires-dautomatisation-dacces\\\/#breadcrumb\"},\"inLanguage\":\"en-ZA\"},{\"@type\":\"ImageObject\",\"inLanguage\":\"en-ZA\",\"@id\":\"https:\\\/\\\/www.centsys.com\\\/fr\\\/centurion-systems-accessoires-dautomatisation-dacces\\\/#primaryimage\",\"url\":\"https:\\\/\\\/www.centsys.com\\\/fr\\\/wp-content\\\/uploads\\\/2025\\\/05\\\/CENTURION-Gate-and-Garage-Accessories.jpg\",\"contentUrl\":\"https:\\\/\\\/www.centsys.com\\\/fr\\\/wp-content\\\/uploads\\\/2025\\\/05\\\/CENTURION-Gate-and-Garage-Accessories.jpg\",\"width\":750,\"height\":750},{\"@type\":\"BreadcrumbList\",\"@id\":\"https:\\\/\\\/www.centsys.com\\\/fr\\\/centurion-systems-accessoires-dautomatisation-dacces\\\/#breadcrumb\",\"itemListElement\":[{\"@type\":\"ListItem\",\"position\":1,\"name\":\"Home\",\"item\":\"https:\\\/\\\/www.centsys.com\\\/fr\\\/\"},{\"@type\":\"ListItem\",\"position\":2,\"name\":\"Accessoires d\u2019automatisation des acc\u00e8s\"}]},{\"@type\":\"WebSite\",\"@id\":\"https:\\\/\\\/www.centsys.com\\\/fr\\\/#website\",\"url\":\"https:\\\/\\\/www.centsys.com\\\/fr\\\/\",\"name\":\"Centurion Systems French\",\"description\":\"\",\"potentialAction\":[{\"@type\":\"SearchAction\",\"target\":{\"@type\":\"EntryPoint\",\"urlTemplate\":\"https:\\\/\\\/www.centsys.com\\\/fr\\\/?s={search_term_string}\"},\"query-input\":{\"@type\":\"PropertyValueSpecification\",\"valueRequired\":true,\"valueName\":\"search_term_string\"}}],\"inLanguage\":\"en-ZA\"}]}<\/script>\r\n<!-- \/ Yoast SEO plugin. -->","yoast_head_json":{"title":"Accessoires d\u2019automatisation des acc\u00e8s - Centurion Systems","description":"CENTURION fait passer votre automatisation des acc\u00e8s au niveau sup\u00e9rieur gr\u00e2ce \u00e0 une gamme d\u2019accessoires premium, con\u00e7us pour vous simplifier la vie.","robots":{"index":"index","follow":"follow","max-snippet":"max-snippet:-1","max-image-preview":"max-image-preview:large","max-video-preview":"max-video-preview:-1"},"canonical":"https:\/\/www.centsys.com\/fr\/centurion-systems-accessoires-dautomatisation-dacces\/","og_locale":"en_US","og_type":"article","og_title":"Accessoires d\u2019automatisation des acc\u00e8s - Centurion Systems","og_description":"Take your Centurion Systems access automation to the next level with our range of premium accessories, designed to bring you more convenience, security, and peace of mind.","og_url":"https:\/\/www.centsys.com\/fr\/centurion-systems-accessoires-dautomatisation-dacces\/","og_site_name":"Centurion Systems French","article_modified_time":"2026-03-03T13:21:41+00:00","og_image":[{"width":750,"height":750,"url":"https:\/\/www.centsys.com\/fr\/wp-content\/uploads\/2025\/05\/CENTURION-Gate-and-Garage-Accessories.jpg","type":"image\/jpeg"}],"twitter_card":"summary_large_image","twitter_description":"Take your Centurion Systems access automation to the next level with our range of premium accessories, designed to bring you more convenience, security, and peace of mind.","twitter_misc":{"Est. reading time":"2 minutes"},"schema":{"@context":"https:\/\/schema.org","@graph":[{"@type":["WebPage","CollectionPage"],"@id":"https:\/\/www.centsys.com\/fr\/centurion-systems-accessoires-dautomatisation-dacces\/","url":"https:\/\/www.centsys.com\/fr\/centurion-systems-accessoires-dautomatisation-dacces\/","name":"Accessoires d\u2019automatisation des acc\u00e8s - Centurion Systems","isPartOf":{"@id":"https:\/\/www.centsys.com\/fr\/#website"},"primaryImageOfPage":{"@id":"https:\/\/www.centsys.com\/fr\/centurion-systems-accessoires-dautomatisation-dacces\/#primaryimage"},"image":{"@id":"https:\/\/www.centsys.com\/fr\/centurion-systems-accessoires-dautomatisation-dacces\/#primaryimage"},"thumbnailUrl":"https:\/\/www.centsys.com\/fr\/wp-content\/uploads\/2025\/05\/CENTURION-Gate-and-Garage-Accessories.jpg","datePublished":"2024-09-16T09:22:36+00:00","dateModified":"2026-03-03T13:21:41+00:00","description":"CENTURION fait passer votre automatisation des acc\u00e8s au niveau sup\u00e9rieur gr\u00e2ce \u00e0 une gamme d\u2019accessoires premium, con\u00e7us pour vous simplifier la vie.","breadcrumb":{"@id":"https:\/\/www.centsys.com\/fr\/centurion-systems-accessoires-dautomatisation-dacces\/#breadcrumb"},"inLanguage":"en-ZA"},{"@type":"ImageObject","inLanguage":"en-ZA","@id":"https:\/\/www.centsys.com\/fr\/centurion-systems-accessoires-dautomatisation-dacces\/#primaryimage","url":"https:\/\/www.centsys.com\/fr\/wp-content\/uploads\/2025\/05\/CENTURION-Gate-and-Garage-Accessories.jpg","contentUrl":"https:\/\/www.centsys.com\/fr\/wp-content\/uploads\/2025\/05\/CENTURION-Gate-and-Garage-Accessories.jpg","width":750,"height":750},{"@type":"BreadcrumbList","@id":"https:\/\/www.centsys.com\/fr\/centurion-systems-accessoires-dautomatisation-dacces\/#breadcrumb","itemListElement":[{"@type":"ListItem","position":1,"name":"Home","item":"https:\/\/www.centsys.com\/fr\/"},{"@type":"ListItem","position":2,"name":"Accessoires d\u2019automatisation des acc\u00e8s"}]},{"@type":"WebSite","@id":"https:\/\/www.centsys.com\/fr\/#website","url":"https:\/\/www.centsys.com\/fr\/","name":"Centurion Systems French","description":"","potentialAction":[{"@type":"SearchAction","target":{"@type":"EntryPoint","urlTemplate":"https:\/\/www.centsys.com\/fr\/?s={search_term_string}"},"query-input":{"@type":"PropertyValueSpecification","valueRequired":true,"valueName":"search_term_string"}}],"inLanguage":"en-ZA"}]}},"_links":{"self":[{"href":"https:\/\/www.centsys.com\/fr\/wp-json\/wp\/v2\/pages\/898","targetHints":{"allow":["GET"]}}],"collection":[{"href":"https:\/\/www.centsys.com\/fr\/wp-json\/wp\/v2\/pages"}],"about":[{"href":"https:\/\/www.centsys.com\/fr\/wp-json\/wp\/v2\/types\/page"}],"author":[{"embeddable":true,"href":"https:\/\/www.centsys.com\/fr\/wp-json\/wp\/v2\/users\/1"}],"replies":[{"embeddable":true,"href":"https:\/\/www.centsys.com\/fr\/wp-json\/wp\/v2\/comments?post=898"}],"version-history":[{"count":8,"href":"https:\/\/www.centsys.com\/fr\/wp-json\/wp\/v2\/pages\/898\/revisions"}],"predecessor-version":[{"id":32202,"href":"https:\/\/www.centsys.com\/fr\/wp-json\/wp\/v2\/pages\/898\/revisions\/32202"}],"wp:featuredmedia":[{"embeddable":true,"href":"https:\/\/www.centsys.com\/fr\/wp-json\/wp\/v2\/media\/30262"}],"wp:attachment":[{"href":"https:\/\/www.centsys.com\/fr\/wp-json\/wp\/v2\/media?parent=898"}],"curies":[{"name":"wp","href":"https:\/\/api.w.org\/{rel}","templated":true}]}}