{"id":1080,"date":"2020-03-07T11:28:33","date_gmt":"2020-03-07T11:28:33","guid":{"rendered":"http:\/\/centsys.co.za\/lat\/?page_id=1080"},"modified":"2024-02-15T12:33:35","modified_gmt":"2024-02-15T10:33:35","slug":"smartguard-air-teclado-inalambrico","status":"publish","type":"page","link":"https:\/\/www.centsys.com\/lat\/smartguard-air-teclado-inalambrico\/","title":{"rendered":"SMARTGUARDair"},"content":{"rendered":"<p>[et_pb_section fb_built=&#8221;1&#8243; fullwidth=&#8221;on&#8221; _builder_version=&#8221;4.16&#8243; background_enable_image=&#8221;off&#8221; locked=&#8221;off&#8221; global_colors_info=&#8221;{}&#8221;][et_pb_fullwidth_header title=&#8221;SEGURIDAD SIN LLAVE, INAL\u00c1MBRICA, SIN ESFUERZO&#8221; _builder_version=&#8221;4.16&#8243; title_font=&#8221;Verdana|700||on|||||&#8221; title_text_align=&#8221;right&#8221; title_text_color=&#8221;#81c341&#8243; title_font_size=&#8221;46px&#8221; content_font=&#8221;Verdana||||||||&#8221; content_text_align=&#8221;right&#8221; content_text_color=&#8221;#6d6e71&#8243; content_font_size=&#8221;18px&#8221; background_enable_color=&#8221;off&#8221; background_image=&#8221;https:\/\/www.centsys.com\/lat\/img\/SMARTGUARD%20Air\/CENTURION%20SMARTGUARDair%20teclado%20de%20control%20de%20acceso%20num%C3%A9rico%20inal%C3%A1mbrico.jpg&#8221; background_layout=&#8221;light&#8221; width=&#8221;100{b9f1a820be3d81834e54a7fd91d7ea557d10675802c96376b4de0df52dd4704d}&#8221; max_width=&#8221;100{b9f1a820be3d81834e54a7fd91d7ea557d10675802c96376b4de0df52dd4704d}&#8221; custom_margin=&#8221;||||false|false&#8221; custom_padding=&#8221;9%||9%|20%|true|false&#8221; custom_padding_tablet=&#8221;|||10%|true|false&#8221; custom_padding_phone=&#8221;9%||9%|0%|true|false&#8221; custom_padding_last_edited=&#8221;on|tablet&#8221; title_font_size_tablet=&#8221;&#8221; title_font_size_phone=&#8221;36px&#8221; title_font_size_last_edited=&#8221;on|phone&#8221; content_font_size_tablet=&#8221;&#8221; content_font_size_phone=&#8221;14px&#8221; content_font_size_last_edited=&#8221;on|phone&#8221; global_colors_info=&#8221;{}&#8221;]<\/p>\n<p>Sistema de control de acceso con teclado inal\u00e1mbrico CENTURION SMARTGUARDair<\/p>\n<p>[\/et_pb_fullwidth_header][\/et_pb_section][et_pb_section fb_built=&#8221;1&#8243; fullwidth=&#8221;on&#8221; _builder_version=&#8221;4.9.2&#8243; global_module=&#8221;4804&#8243; global_colors_info=&#8221;{}&#8221;][et_pb_fullwidth_code admin_label=&#8221;SEO BREADCRUMBS&#8221; _builder_version=&#8221;4.16&#8243; _module_preset=&#8221;default&#8221; background_color=&#8221;#e5e5e5&#8243; custom_padding=&#8221;|||15%|false|false&#8221; global_colors_info=&#8221;{}&#8221;]<span><span><a href=\"https:\/\/www.centsys.com\/lat\/\">INICIO<\/a><\/span><\/span>[\/et_pb_fullwidth_code][\/et_pb_section][et_pb_section fb_built=&#8221;1&#8243; _builder_version=&#8221;4.16&#8243; locked=&#8221;off&#8221; global_colors_info=&#8221;{}&#8221;][et_pb_row _builder_version=&#8221;4.16&#8243; global_colors_info=&#8221;{}&#8221;][et_pb_column type=&#8221;4_4&#8243; _builder_version=&#8221;4.16&#8243; global_colors_info=&#8221;{}&#8221;][et_pb_text _builder_version=&#8221;4.16&#8243; global_colors_info=&#8221;{}&#8221;]<\/p>\n<h1 style=\"text-align: center;\">SMARTGUARDair \u2013 TECLADO PARA CONTROL DE ACCESO INAL\u00c1MBRICO\u200b<\/h1>\n<p>&nbsp;<\/p>\n<p style=\"text-align: center;\">SMARTGUARDair: Llevando el control de acceso del teclado SMARTGUARD al siguiente nivel al agregar conectividad inal\u00e1mbrica.<\/p>\n<p style=\"text-align: center;\">Para el control del acceso a la entrada de una propiedad, o de un edificio, <strong>SMARTGUARDair<\/strong>, el cual es una soluci\u00f3n econ\u00f3mica que ofrece funcionalidad y confiabilidad inigualable. El teclado inal\u00e1mbrico <strong>SMARTGUARDair<\/strong> puede almacenar hasta 1000 c\u00f3digos de acceso individuales con cualquier longitud definida por el usuario, desde uno hasta diez d\u00edgitos. Existen 15 salidas separadas, cada una emparejable con cualesquiera de los receptores <strong>CENTURION<\/strong> con salto de c\u00f3digo. Esta funcionalidad se adapta a diferentes escenarios, por ejemplo, una puerta de entrada motorizada puede abrirse completamente usando un c\u00f3digo, activar la entrada para transe\u00fantes usando otro, y activar la alarma de la casa usando un tercero. Los c\u00f3digos de usuario tambi\u00e9n pueden borrarse selectivamente sin afectar los otros c\u00f3digos almacenados en la memoria. El teclado tambi\u00e9n incluye un \u201ccontador regresivo\u201d que permite seleccionar c\u00f3digos que tendr\u00e1n un n\u00famero limitado de usos. Esto es ideal para conceder acceso en una \u00fanica oportunidad, por ejemplo a un equipo de respuesta armada, haciendo que ese c\u00f3digo se borre autom\u00e1ticamente despu\u00e9s de usarlo. El mismo m\u00f3dulo de memoria usado en el motor para puerta corrediza industrial D10 puede ser tambi\u00e9n usado en el <strong>SMARTGUARDair<\/strong>, permitiendo respaldar y restaurar en segundos todas las configuraciones y c\u00f3digos.<\/p>\n<p class=\"p1\" style=\"text-align: center;\">[\/et_pb_text][\/et_pb_column][\/et_pb_row][et_pb_row _builder_version=&#8221;4.16&#8243; custom_padding=&#8221;||0px|||&#8221; global_colors_info=&#8221;{}&#8221;][et_pb_column type=&#8221;4_4&#8243; _builder_version=&#8221;4.16&#8243; global_colors_info=&#8221;{}&#8221;][et_pb_image src=&#8221;https:\/\/www.centsys.com\/lat\/img\/SMARTGUARD%20Air\/CENTURION%20SMARTGUARDair%20teclado%20de%20control%20de%20acceso%20inal%C3%A1mbrico.jpg&#8221; align=&#8221;center&#8221; _builder_version=&#8221;4.16&#8243; global_colors_info=&#8221;{}&#8221;][\/et_pb_image][\/et_pb_column][\/et_pb_row][et_pb_row column_structure=&#8221;2_3,1_3&#8243; _builder_version=&#8221;4.16&#8243; locked=&#8221;off&#8221; global_colors_info=&#8221;{}&#8221;][et_pb_column type=&#8221;2_3&#8243; _builder_version=&#8221;4.16&#8243; global_colors_info=&#8221;{}&#8221;][et_pb_text _builder_version=&#8221;4.16&#8243; global_colors_info=&#8221;{}&#8221;]<\/p>\n<h5>CARACTER\u00cdSTICAS PRINCIPALES:<\/h5>\n<ul>\n<li>SMARTGUARDair para instalaciones sencillas e inal\u00e1mbricas.<\/li>\n<li>1000 c\u00f3digos \u00fanicos de uno a diez d\u00edgitos.<\/li>\n<li>15 canales de salida.<\/li>\n<li>Selectividad para a\u00f1adir y eliminar c\u00f3digos de usuario.<\/li>\n<li>M\u00f3dulo de respaldo de memoria.<\/li>\n<li>Contador limitador de usos.<\/li>\n<li>Completamente resistente a la intemperie con retroiluminaci\u00f3n del teclado.<\/li>\n<li>Funciona con 2 bater\u00edas alcalinas AA, o una fuente de poder separada de 12 V.<\/li>\n<li>Vida de la bater\u00eda de hasta 2 a\u00f1os con hasta 300 usos por d\u00eda.<\/li>\n<li>Rango de operaci\u00f3n de hasta 30 metros.<\/li>\n<li>Compatible con los receptores CENTURION con salto de c\u00f3digo.<\/li>\n<\/ul>\n<p>[\/et_pb_text][\/et_pb_column][et_pb_column type=&#8221;1_3&#8243; _builder_version=&#8221;4.16&#8243; global_colors_info=&#8221;{}&#8221;][et_pb_image src=&#8221;https:\/\/www.centsys.com\/lat\/img\/SMARTGUARD%20Air\/Logo%20-%20CENTURION%20SMARTGUARDair%20teclado%20de%20control%20de%20acceso%20inal%C3%A1mbrico.png&#8221; _builder_version=&#8221;4.16&#8243; transform_translate=&#8221;0px|-75px&#8221; custom_padding=&#8221;||||false|false&#8221; global_colors_info=&#8221;{}&#8221;][\/et_pb_image][et_pb_button button_url=&#8221;https:\/\/www.centsys.com\/lat\/pdf\/CENTURION%20CATALOGO%20SMARTGUARD.pdf&#8221; url_new_window=&#8221;on&#8221; button_text=&#8221;FOLLETO&#8221; button_alignment=&#8221;center&#8221; _builder_version=&#8221;4.16&#8243; _module_preset=&#8221;default&#8221; custom_margin=&#8221;-176px|||||&#8221; global_colors_info=&#8221;{}&#8221;][\/et_pb_button][\/et_pb_column][\/et_pb_row][et_pb_row column_structure=&#8221;1_3,1_3,1_3&#8243; _builder_version=&#8221;4.16&#8243; global_colors_info=&#8221;{}&#8221;][et_pb_column type=&#8221;1_3&#8243; _builder_version=&#8221;4.16&#8243; global_colors_info=&#8221;{}&#8221;][et_pb_image src=&#8221;https:\/\/www.centsys.com\/lat\/img\/SMARTGUARD%20Air\/Motor%20para%20puerta%20corrediza%20CENTURION%20D5-Evo%20con%20candado%20y%20jaula%20de%20acero%20antirrobo.png&#8221; show_in_lightbox=&#8221;on&#8221; align=&#8221;center&#8221; _builder_version=&#8221;4.16&#8243; width=&#8221;100{b9f1a820be3d81834e54a7fd91d7ea557d10675802c96376b4de0df52dd4704d}&#8221; global_colors_info=&#8221;{}&#8221;][\/et_pb_image][\/et_pb_column][et_pb_column type=&#8221;1_3&#8243; _builder_version=&#8221;4.16&#8243; global_colors_info=&#8221;{}&#8221;][et_pb_image src=&#8221;https:\/\/www.centsys.com\/lat\/img\/SMARTGUARD%20Air\/CENTURION%20SMARTGUARDair%20teclado%20de%20control%20de%20acceso%20inal%C3%A1mbrico.png&#8221; show_in_lightbox=&#8221;on&#8221; align=&#8221;center&#8221; _builder_version=&#8221;4.16&#8243; width=&#8221;100{b9f1a820be3d81834e54a7fd91d7ea557d10675802c96376b4de0df52dd4704d}&#8221; global_colors_info=&#8221;{}&#8221;][\/et_pb_image][\/et_pb_column][et_pb_column type=&#8221;1_3&#8243; _builder_version=&#8221;4.16&#8243; global_colors_info=&#8221;{}&#8221;][et_pb_image src=&#8221;https:\/\/www.centsys.com\/lat\/img\/SMARTGUARD%20Air\/CENTURION%20SMARTGUARDair%20teclado%20de%20control%20de%20acceso%20num%C3%A9rico%20inal%C3%A1mbrico.png&#8221; show_in_lightbox=&#8221;on&#8221; align=&#8221;center&#8221; _builder_version=&#8221;4.16&#8243; width=&#8221;100{b9f1a820be3d81834e54a7fd91d7ea557d10675802c96376b4de0df52dd4704d}&#8221; global_colors_info=&#8221;{}&#8221;][\/et_pb_image][\/et_pb_column][\/et_pb_row][\/et_pb_section][et_pb_section fb_built=&#8221;1&#8243; fullwidth=&#8221;on&#8221; admin_label=&#8221;THIS IS THE MID SECTION BANNER SITE WIDE&#8221; _builder_version=&#8221;4.23.1&#8243; _module_preset=&#8221;default&#8221; global_colors_info=&#8221;{}&#8221; global_module=&#8221;24415&#8243; theme_builder_area=&#8221;post_content&#8221;][et_pb_fullwidth_image src=&#8221;https:\/\/www.centsys.com\/mx\/img\/MY%20CENTSYS%20PRO%20Banners\/la%20aplicaci%C3%B3n%20m%C3%B3vil%20MyCentsys%20Pro_Web%20Footer.jpg&#8221; url=&#8221;https:\/\/www.centsys.com\/lat\/la-aplicacion-centurion-mycentsys-pro\/&#8221; admin_label=&#8221;FOOTER_SITE WIDE&#8221; _builder_version=&#8221;4.24.0&#8243; _module_preset=&#8221;default&#8221; global_colors_info=&#8221;{}&#8221; theme_builder_area=&#8221;post_content&#8221;][\/et_pb_fullwidth_image][et_pb_fullwidth_header button_one_text=&#8221;Cont\u00e1ctenos&#8221; button_one_url=&#8221;https:\/\/www.centsys.com\/lat\/detalles-de-contacto\/&#8221; button_two_text=&#8221;Soporte t\u00e9cnico&#8221; button_two_url=&#8221;https:\/\/www.centsys.com\/lat\/centro-de-llamadas\/&#8221; _builder_version=&#8221;4.23.1&#8243; _module_preset=&#8221;default&#8221; background_color=&#8221;#c1c1c1&#8243; custom_button_one=&#8221;on&#8221; button_one_text_color=&#8221;#FFFFFF&#8221; button_one_bg_color=&#8221;#999999&#8243; button_one_border_color=&#8221;#8e8e8e&#8221; custom_button_two=&#8221;on&#8221; button_two_text_color=&#8221;#FFFFFF&#8221; button_two_bg_color=&#8221;#999999&#8243; button_two_border_color=&#8221;#8e8e8e&#8221; custom_padding=&#8221;6px||17px|||&#8221; global_colors_info=&#8221;{}&#8221; theme_builder_area=&#8221;post_content&#8221;][\/et_pb_fullwidth_header][\/et_pb_section]<\/p>\n","protected":false},"excerpt":{"rendered":"<p>Sistema de control de acceso con teclado inal\u00e1mbrico CENTURION SMARTGUARDair<span><span><a href=\"https:\/\/www.centsys.com\/lat\/\">INICIO<\/a><\/span><\/span>SMARTGUARDair \u2013 TECLADO PARA CONTROL DE ACCESO INAL\u00c1MBRICO\u200b &nbsp; SMARTGUARDair: Llevando el control de acceso del teclado SMARTGUARD al siguiente nivel al agregar conectividad inal\u00e1mbrica. Para el control del acceso a la entrada de una propiedad, o de un edificio, SMARTGUARDair, el cual es una soluci\u00f3n [&hellip;]<\/p>\n","protected":false},"author":1,"featured_media":0,"parent":0,"menu_order":0,"comment_status":"closed","ping_status":"closed","template":"","meta":{"_et_pb_use_builder":"on","_et_pb_old_content":"","_et_gb_content_width":"","_joinchat":[],"footnotes":""},"class_list":["post-1080","page","type-page","status-publish","hentry"],"yoast_head":"<!-- This site is optimized with the Yoast SEO Premium plugin v26.6 (Yoast SEO v27.4) - https:\/\/yoast.com\/product\/yoast-seo-premium-wordpress\/ -->\r\n<title>SMARTGUARDair - Teclado de control de acceso inal\u00e1mbrico - Centurion Systems<\/title>\r\n<meta name=\"description\" content=\"La gama de teclados de control de acceso SMARTGUARDair est\u00e1 disponible tanto en modelo cableado como inal\u00e1mbrico y ofrece una comodidad y seguridad superiores.\" \/>\r\n<meta name=\"robots\" content=\"index, follow, max-snippet:-1, max-image-preview:large, max-video-preview:-1\" \/>\r\n<link rel=\"canonical\" href=\"https:\/\/www.centsys.com\/lat\/smartguard-air-teclado-inalambrico\/\" \/>\r\n<meta property=\"og:locale\" content=\"en_US\" \/>\r\n<meta property=\"og:type\" content=\"article\" \/>\r\n<meta property=\"og:title\" content=\"SMARTGUARDair\" \/>\r\n<meta property=\"og:description\" content=\"La gama de teclados de control de acceso SMARTGUARDair est\u00e1 disponible tanto en modelo cableado como inal\u00e1mbrico y ofrece una comodidad y seguridad superiores.\" \/>\r\n<meta property=\"og:url\" content=\"https:\/\/www.centsys.com\/lat\/smartguard-air-teclado-inalambrico\/\" \/>\r\n<meta property=\"og:site_name\" content=\"Centurion Systems Spanish\" \/>\r\n<meta property=\"article:modified_time\" content=\"2024-02-15T10:33:35+00:00\" \/>\r\n<meta name=\"twitter:card\" content=\"summary_large_image\" \/>\r\n<meta name=\"twitter:label1\" content=\"Est. reading time\" \/>\n\t<meta name=\"twitter:data1\" content=\"3 minutes\" \/>\r\n<script type=\"application\/ld+json\" class=\"yoast-schema-graph\">{\"@context\":\"https:\\\/\\\/schema.org\",\"@graph\":[{\"@type\":\"WebPage\",\"@id\":\"https:\\\/\\\/www.centsys.com\\\/lat\\\/smartguard-air-teclado-inalambrico\\\/\",\"url\":\"https:\\\/\\\/www.centsys.com\\\/lat\\\/smartguard-air-teclado-inalambrico\\\/\",\"name\":\"SMARTGUARDair - Teclado de control de acceso inal\u00e1mbrico - Centurion Systems\",\"isPartOf\":{\"@id\":\"https:\\\/\\\/www.centsys.com\\\/lat\\\/#website\"},\"datePublished\":\"2020-03-07T11:28:33+00:00\",\"dateModified\":\"2024-02-15T10:33:35+00:00\",\"description\":\"La gama de teclados de control de acceso SMARTGUARDair est\u00e1 disponible tanto en modelo cableado como inal\u00e1mbrico y ofrece una comodidad y seguridad superiores.\",\"breadcrumb\":{\"@id\":\"https:\\\/\\\/www.centsys.com\\\/lat\\\/smartguard-air-teclado-inalambrico\\\/#breadcrumb\"},\"inLanguage\":\"en-ZA\",\"potentialAction\":[{\"@type\":\"ReadAction\",\"target\":[\"https:\\\/\\\/www.centsys.com\\\/lat\\\/smartguard-air-teclado-inalambrico\\\/\"]}]},{\"@type\":\"BreadcrumbList\",\"@id\":\"https:\\\/\\\/www.centsys.com\\\/lat\\\/smartguard-air-teclado-inalambrico\\\/#breadcrumb\",\"itemListElement\":[{\"@type\":\"ListItem\",\"position\":1,\"name\":\"INICIO\",\"item\":\"https:\\\/\\\/www.centsys.com\\\/lat\\\/\"},{\"@type\":\"ListItem\",\"position\":2,\"name\":\"SMARTGUARDair\"}]},{\"@type\":\"WebSite\",\"@id\":\"https:\\\/\\\/www.centsys.com\\\/lat\\\/#website\",\"url\":\"https:\\\/\\\/www.centsys.com\\\/lat\\\/\",\"name\":\"Centurion Systems Spanish\",\"description\":\"Productos para Automatizaci\u00f3n de Acceso\",\"potentialAction\":[{\"@type\":\"SearchAction\",\"target\":{\"@type\":\"EntryPoint\",\"urlTemplate\":\"https:\\\/\\\/www.centsys.com\\\/lat\\\/?s={search_term_string}\"},\"query-input\":{\"@type\":\"PropertyValueSpecification\",\"valueRequired\":true,\"valueName\":\"search_term_string\"}}],\"inLanguage\":\"en-ZA\"}]}<\/script>\r\n<!-- \/ Yoast SEO Premium plugin. -->","yoast_head_json":{"title":"SMARTGUARDair - Teclado de control de acceso inal\u00e1mbrico - Centurion Systems","description":"La gama de teclados de control de acceso SMARTGUARDair est\u00e1 disponible tanto en modelo cableado como inal\u00e1mbrico y ofrece una comodidad y seguridad superiores.","robots":{"index":"index","follow":"follow","max-snippet":"max-snippet:-1","max-image-preview":"max-image-preview:large","max-video-preview":"max-video-preview:-1"},"canonical":"https:\/\/www.centsys.com\/lat\/smartguard-air-teclado-inalambrico\/","og_locale":"en_US","og_type":"article","og_title":"SMARTGUARDair","og_description":"La gama de teclados de control de acceso SMARTGUARDair est\u00e1 disponible tanto en modelo cableado como inal\u00e1mbrico y ofrece una comodidad y seguridad superiores.","og_url":"https:\/\/www.centsys.com\/lat\/smartguard-air-teclado-inalambrico\/","og_site_name":"Centurion Systems Spanish","article_modified_time":"2024-02-15T10:33:35+00:00","twitter_card":"summary_large_image","twitter_misc":{"Est. reading time":"3 minutes"},"schema":{"@context":"https:\/\/schema.org","@graph":[{"@type":"WebPage","@id":"https:\/\/www.centsys.com\/lat\/smartguard-air-teclado-inalambrico\/","url":"https:\/\/www.centsys.com\/lat\/smartguard-air-teclado-inalambrico\/","name":"SMARTGUARDair - Teclado de control de acceso inal\u00e1mbrico - Centurion Systems","isPartOf":{"@id":"https:\/\/www.centsys.com\/lat\/#website"},"datePublished":"2020-03-07T11:28:33+00:00","dateModified":"2024-02-15T10:33:35+00:00","description":"La gama de teclados de control de acceso SMARTGUARDair est\u00e1 disponible tanto en modelo cableado como inal\u00e1mbrico y ofrece una comodidad y seguridad superiores.","breadcrumb":{"@id":"https:\/\/www.centsys.com\/lat\/smartguard-air-teclado-inalambrico\/#breadcrumb"},"inLanguage":"en-ZA","potentialAction":[{"@type":"ReadAction","target":["https:\/\/www.centsys.com\/lat\/smartguard-air-teclado-inalambrico\/"]}]},{"@type":"BreadcrumbList","@id":"https:\/\/www.centsys.com\/lat\/smartguard-air-teclado-inalambrico\/#breadcrumb","itemListElement":[{"@type":"ListItem","position":1,"name":"INICIO","item":"https:\/\/www.centsys.com\/lat\/"},{"@type":"ListItem","position":2,"name":"SMARTGUARDair"}]},{"@type":"WebSite","@id":"https:\/\/www.centsys.com\/lat\/#website","url":"https:\/\/www.centsys.com\/lat\/","name":"Centurion Systems Spanish","description":"Productos para Automatizaci\u00f3n de Acceso","potentialAction":[{"@type":"SearchAction","target":{"@type":"EntryPoint","urlTemplate":"https:\/\/www.centsys.com\/lat\/?s={search_term_string}"},"query-input":{"@type":"PropertyValueSpecification","valueRequired":true,"valueName":"search_term_string"}}],"inLanguage":"en-ZA"}]}},"_links":{"self":[{"href":"https:\/\/www.centsys.com\/lat\/wp-json\/wp\/v2\/pages\/1080","targetHints":{"allow":["GET"]}}],"collection":[{"href":"https:\/\/www.centsys.com\/lat\/wp-json\/wp\/v2\/pages"}],"about":[{"href":"https:\/\/www.centsys.com\/lat\/wp-json\/wp\/v2\/types\/page"}],"author":[{"embeddable":true,"href":"https:\/\/www.centsys.com\/lat\/wp-json\/wp\/v2\/users\/1"}],"replies":[{"embeddable":true,"href":"https:\/\/www.centsys.com\/lat\/wp-json\/wp\/v2\/comments?post=1080"}],"version-history":[{"count":0,"href":"https:\/\/www.centsys.com\/lat\/wp-json\/wp\/v2\/pages\/1080\/revisions"}],"wp:attachment":[{"href":"https:\/\/www.centsys.com\/lat\/wp-json\/wp\/v2\/media?parent=1080"}],"curies":[{"name":"wp","href":"https:\/\/api.w.org\/{rel}","templated":true}]}}